{"id":1122,"date":"2021-12-30T16:06:37","date_gmt":"2021-12-30T15:06:37","guid":{"rendered":"https:\/\/www.posk.se\/motala\/?page_id=1122"},"modified":"2026-02-15T15:54:17","modified_gmt":"2026-02-15T14:54:17","slug":"blimedlem","status":"publish","type":"page","link":"https:\/\/www.posk.se\/motala\/omoss\/blimedlem\/","title":{"rendered":"Bli medlem"},"content":{"rendered":"<h3><strong>Bli medlem i POSK Motala<\/strong><\/h3>\n<p><img loading=\"lazy\" decoding=\"async\" class=\"alignright wp-image-971 size-thumbnail\" src=\"https:\/\/www.posk.se\/motala\/wp-content\/uploads\/sites\/74\/2021\/08\/for-en-fri-kyrka-signalement-300x300-1-150x150.png\" alt=\"\" width=\"150\" height=\"150\" srcset=\"https:\/\/www.posk.se\/motala\/wp-content\/uploads\/sites\/74\/2021\/08\/for-en-fri-kyrka-signalement-300x300-1-150x150.png 150w, https:\/\/www.posk.se\/motala\/wp-content\/uploads\/sites\/74\/2021\/08\/for-en-fri-kyrka-signalement-300x300-1.png 300w, https:\/\/www.posk.se\/motala\/wp-content\/uploads\/sites\/74\/2021\/08\/for-en-fri-kyrka-signalement-300x300-1-197x197.png 197w\" sizes=\"auto, (max-width: 150px) 100vw, 150px\" \/>Du blir enkelt medlem genom att mejla till oss p\u00e5 epost: <span style=\"color: #0000ff\">motala@posk.se<\/span><br \/>\nUppge ditt namn och kontaktuppgifter \u201d<em>e-post<strong><span style=\"color: #ff0000\">*<\/span><\/strong>, postadress, telefon<\/em>\u201d till dig\u00a0i ett epost meddelande till oss, samt\u00a0att \u00e4ven betala in medlemsavgiften.<\/p>\n<p>Medlemsavgiften f\u00f6r \u00e5r 2026 \u00e4r <strong>100<\/strong> kr\/person (\u00a0<strong>100<\/strong> kr\/person under \u00e5r 2027).<br \/>\n<em><strong><span style=\"color: #ff0000\">OBS<\/span>! <\/strong><\/em><em>Det \u00e4r extra mycket viktigt att ange <u>Motala<\/u> och <u>ditt namn<\/u> samt <u>medlemsavgift<\/u> i meddelandet f\u00f6r att din medlemsavgift ska komma fram r\u00e4tt.<\/em><\/p>\n<p>Betala in din medlemsavgift till\u2026 \u00a0(exempel: <em>Motala Anders Andersson Medlemsavgift<\/em> )<br \/>\nBankgiro: <strong>379-6265<\/strong> och uppge <u>alltid<\/u> d\u00e5 \u201d<strong><em>Motala + ditt namn + medlemsavgift<\/em><\/strong>\u201d som referens i meddelandet,<br \/>\nSwish:<strong> 123 210 24 24 <\/strong>och uppge d\u00e5 \u201d<em><strong>Motala + ditt namn + medlemsavgift<\/strong>\u201d i meddelandet.<br \/>\n<img loading=\"lazy\" decoding=\"async\" class=\"alignright wp-image-1570 size-medium\" src=\"https:\/\/www.posk.se\/motala\/wp-content\/uploads\/sites\/74\/2024\/09\/swish-qr-small-motmed-198x300.png\" alt=\"\" width=\"198\" height=\"300\" srcset=\"https:\/\/www.posk.se\/motala\/wp-content\/uploads\/sites\/74\/2024\/09\/swish-qr-small-motmed-198x300.png 198w, https:\/\/www.posk.se\/motala\/wp-content\/uploads\/sites\/74\/2024\/09\/swish-qr-small-motmed-330x500.png 330w, https:\/\/www.posk.se\/motala\/wp-content\/uploads\/sites\/74\/2024\/09\/swish-qr-small-motmed.png 625w\" sizes=\"auto, (max-width: 198px) 100vw, 198px\" \/><br \/>\n<\/em><\/p>\n<p><em><strong><span style=\"color: #ff0000\">OBS<\/span>!<\/strong> Vi har bytt till ett helt nytt Swish nummer fr\u00e5n och med 1 januari 2024,<br \/>\nV\u00e5rt gamla bankkonto och Swish nummer har upph\u00f6rt.<\/em><\/p>\n<p><a href=\"https:\/\/www.posk.se\/motala\/wp-content\/uploads\/sites\/74\/2025\/08\/swish-qr-large-farg.pdf\" target=\"_blank\" rel=\"noopener\">Bild<\/a> (pdf, Swish qr)<\/p>\n<p>&#8211; POSK Motala \u00e4r nu anslutna till riks-POSKs servicebyr\u00e5 sedan 2022.<\/p>\n<hr \/>\n<p><strong><span style=\"color: #ff0000\">*<\/span><\/strong>) <i>Din e-postadress \u00e4r viktig f\u00f6r att vi ska kunna enkelt och kostnadseffektivt h\u00e5lla dej informerad om vad som h\u00e4nder inom POSK-r\u00f6relsen.<\/i><\/p>\n<p>\u00a4 <a href=\"https:\/\/www.posk.se\/lokalt\/\" target=\"_blank\" rel=\"noopener\">Lokala POSK-grupper<\/a> <em>\u201dse under\u00a0Link\u00f6pings stift\u201d<\/em><br \/>\n\u00a4 <a href=\"https:\/\/www.posk.se\/bli-medlem\/\" target=\"_blank\" rel=\"noopener\">Bli medlem i POSK<\/a>\u00a0\u201d<em>Riks<\/em>\u201d<\/p>\n","protected":false},"excerpt":{"rendered":"<p>Bli medlem i POSK Motala Du blir enkelt medlem genom att mejla till oss p\u00e5 epost: motala@posk.se Uppge ditt namn och kontaktuppgifter \u201de-post*, postadress, telefon\u201d till dig\u00a0i ett epost meddelande till oss, samt\u00a0att \u00e4ven betala in medlemsavgiften. Medlemsavgiften f\u00f6r \u00e5r 2026 \u00e4r 100 kr\/person (\u00a0100 kr\/person under \u00e5r 2027). OBS! Det \u00e4r extra mycket viktigt [&hellip;]<\/p>\n","protected":false},"author":104,"featured_media":958,"parent":689,"menu_order":2,"comment_status":"closed","ping_status":"closed","template":"page-templates\/page-sidebar-left.php","meta":{"_acf_changed":false,"footnotes":""},"class_list":["post-1122","page","type-page","status-publish","has-post-thumbnail","hentry"],"acf":[],"yoast_head":"<!-- This site is optimized with the Yoast SEO plugin v24.9 - https:\/\/yoast.com\/wordpress\/plugins\/seo\/ -->\n<title>Bli medlem - Motala<\/title>\n<meta name=\"robots\" content=\"index, follow, max-snippet:-1, max-image-preview:large, max-video-preview:-1\" \/>\n<link rel=\"canonical\" href=\"https:\/\/www.posk.se\/motala\/omoss\/blimedlem\/\" \/>\n<meta property=\"og:locale\" content=\"sv_SE\" \/>\n<meta property=\"og:type\" content=\"article\" \/>\n<meta property=\"og:title\" content=\"Bli medlem - Motala\" \/>\n<meta property=\"og:description\" content=\"Bli medlem i POSK Motala Du blir enkelt medlem genom att mejla till oss p\u00e5 epost: motala@posk.se Uppge ditt namn och kontaktuppgifter \u201de-post*, postadress, telefon\u201d till dig\u00a0i ett epost meddelande till oss, samt\u00a0att \u00e4ven betala in medlemsavgiften. Medlemsavgiften f\u00f6r \u00e5r 2026 \u00e4r 100 kr\/person (\u00a0100 kr\/person under \u00e5r 2027). OBS! Det \u00e4r extra mycket viktigt [&hellip;]\" \/>\n<meta property=\"og:url\" content=\"https:\/\/www.posk.se\/motala\/omoss\/blimedlem\/\" \/>\n<meta property=\"og:site_name\" content=\"Motala\" \/>\n<meta property=\"article:modified_time\" content=\"2026-02-15T14:54:17+00:00\" \/>\n<meta property=\"og:image\" content=\"https:\/\/www.posk.se\/motala\/wp-content\/uploads\/sites\/74\/2021\/08\/daafc532-8439-4914-a3d2-b0bc597aaca4.jpeg\" \/>\n\t<meta property=\"og:image:width\" content=\"1719\" \/>\n\t<meta property=\"og:image:height\" content=\"924\" \/>\n\t<meta property=\"og:image:type\" content=\"image\/jpeg\" \/>\n<meta name=\"twitter:card\" content=\"summary_large_image\" \/>\n<meta name=\"twitter:label1\" content=\"Ber\u00e4knad l\u00e4stid\" \/>\n\t<meta name=\"twitter:data1\" content=\"2 minuter\" \/>\n<script type=\"application\/ld+json\" class=\"yoast-schema-graph\">{\"@context\":\"https:\/\/schema.org\",\"@graph\":[{\"@type\":\"WebPage\",\"@id\":\"https:\/\/www.posk.se\/motala\/omoss\/blimedlem\/\",\"url\":\"https:\/\/www.posk.se\/motala\/omoss\/blimedlem\/\",\"name\":\"Bli medlem - Motala\",\"isPartOf\":{\"@id\":\"https:\/\/www.posk.se\/motala\/#website\"},\"primaryImageOfPage\":{\"@id\":\"https:\/\/www.posk.se\/motala\/omoss\/blimedlem\/#primaryimage\"},\"image\":{\"@id\":\"https:\/\/www.posk.se\/motala\/omoss\/blimedlem\/#primaryimage\"},\"thumbnailUrl\":\"https:\/\/www.posk.se\/motala\/wp-content\/uploads\/sites\/74\/2021\/08\/daafc532-8439-4914-a3d2-b0bc597aaca4.jpeg\",\"datePublished\":\"2021-12-30T15:06:37+00:00\",\"dateModified\":\"2026-02-15T14:54:17+00:00\",\"breadcrumb\":{\"@id\":\"https:\/\/www.posk.se\/motala\/omoss\/blimedlem\/#breadcrumb\"},\"inLanguage\":\"sv-SE\",\"potentialAction\":[{\"@type\":\"ReadAction\",\"target\":[\"https:\/\/www.posk.se\/motala\/omoss\/blimedlem\/\"]}]},{\"@type\":\"ImageObject\",\"inLanguage\":\"sv-SE\",\"@id\":\"https:\/\/www.posk.se\/motala\/omoss\/blimedlem\/#primaryimage\",\"url\":\"https:\/\/www.posk.se\/motala\/wp-content\/uploads\/sites\/74\/2021\/08\/daafc532-8439-4914-a3d2-b0bc597aaca4.jpeg\",\"contentUrl\":\"https:\/\/www.posk.se\/motala\/wp-content\/uploads\/sites\/74\/2021\/08\/daafc532-8439-4914-a3d2-b0bc597aaca4.jpeg\",\"width\":1719,\"height\":924},{\"@type\":\"BreadcrumbList\",\"@id\":\"https:\/\/www.posk.se\/motala\/omoss\/blimedlem\/#breadcrumb\",\"itemListElement\":[{\"@type\":\"ListItem\",\"position\":1,\"name\":\"Hem\",\"item\":\"https:\/\/www.posk.se\/motala\/\"},{\"@type\":\"ListItem\",\"position\":2,\"name\":\"Om oss\",\"item\":\"https:\/\/www.posk.se\/motala\/omoss\/\"},{\"@type\":\"ListItem\",\"position\":3,\"name\":\"Bli medlem\"}]},{\"@type\":\"WebSite\",\"@id\":\"https:\/\/www.posk.se\/motala\/#website\",\"url\":\"https:\/\/www.posk.se\/motala\/\",\"name\":\"Motala\",\"description\":\"POSK-grupp i Link\u00f6pings stift\",\"potentialAction\":[{\"@type\":\"SearchAction\",\"target\":{\"@type\":\"EntryPoint\",\"urlTemplate\":\"https:\/\/www.posk.se\/motala\/?s={search_term_string}\"},\"query-input\":{\"@type\":\"PropertyValueSpecification\",\"valueRequired\":true,\"valueName\":\"search_term_string\"}}],\"inLanguage\":\"sv-SE\"}]}<\/script>\n<!-- \/ Yoast SEO plugin. -->","yoast_head_json":{"title":"Bli medlem - Motala","robots":{"index":"index","follow":"follow","max-snippet":"max-snippet:-1","max-image-preview":"max-image-preview:large","max-video-preview":"max-video-preview:-1"},"canonical":"https:\/\/www.posk.se\/motala\/omoss\/blimedlem\/","og_locale":"sv_SE","og_type":"article","og_title":"Bli medlem - Motala","og_description":"Bli medlem i POSK Motala Du blir enkelt medlem genom att mejla till oss p\u00e5 epost: motala@posk.se Uppge ditt namn och kontaktuppgifter \u201de-post*, postadress, telefon\u201d till dig\u00a0i ett epost meddelande till oss, samt\u00a0att \u00e4ven betala in medlemsavgiften. Medlemsavgiften f\u00f6r \u00e5r 2026 \u00e4r 100 kr\/person (\u00a0100 kr\/person under \u00e5r 2027). OBS! Det \u00e4r extra mycket viktigt [&hellip;]","og_url":"https:\/\/www.posk.se\/motala\/omoss\/blimedlem\/","og_site_name":"Motala","article_modified_time":"2026-02-15T14:54:17+00:00","og_image":[{"width":1719,"height":924,"url":"https:\/\/www.posk.se\/motala\/wp-content\/uploads\/sites\/74\/2021\/08\/daafc532-8439-4914-a3d2-b0bc597aaca4.jpeg","type":"image\/jpeg"}],"twitter_card":"summary_large_image","twitter_misc":{"Ber\u00e4knad l\u00e4stid":"2 minuter"},"schema":{"@context":"https:\/\/schema.org","@graph":[{"@type":"WebPage","@id":"https:\/\/www.posk.se\/motala\/omoss\/blimedlem\/","url":"https:\/\/www.posk.se\/motala\/omoss\/blimedlem\/","name":"Bli medlem - Motala","isPartOf":{"@id":"https:\/\/www.posk.se\/motala\/#website"},"primaryImageOfPage":{"@id":"https:\/\/www.posk.se\/motala\/omoss\/blimedlem\/#primaryimage"},"image":{"@id":"https:\/\/www.posk.se\/motala\/omoss\/blimedlem\/#primaryimage"},"thumbnailUrl":"https:\/\/www.posk.se\/motala\/wp-content\/uploads\/sites\/74\/2021\/08\/daafc532-8439-4914-a3d2-b0bc597aaca4.jpeg","datePublished":"2021-12-30T15:06:37+00:00","dateModified":"2026-02-15T14:54:17+00:00","breadcrumb":{"@id":"https:\/\/www.posk.se\/motala\/omoss\/blimedlem\/#breadcrumb"},"inLanguage":"sv-SE","potentialAction":[{"@type":"ReadAction","target":["https:\/\/www.posk.se\/motala\/omoss\/blimedlem\/"]}]},{"@type":"ImageObject","inLanguage":"sv-SE","@id":"https:\/\/www.posk.se\/motala\/omoss\/blimedlem\/#primaryimage","url":"https:\/\/www.posk.se\/motala\/wp-content\/uploads\/sites\/74\/2021\/08\/daafc532-8439-4914-a3d2-b0bc597aaca4.jpeg","contentUrl":"https:\/\/www.posk.se\/motala\/wp-content\/uploads\/sites\/74\/2021\/08\/daafc532-8439-4914-a3d2-b0bc597aaca4.jpeg","width":1719,"height":924},{"@type":"BreadcrumbList","@id":"https:\/\/www.posk.se\/motala\/omoss\/blimedlem\/#breadcrumb","itemListElement":[{"@type":"ListItem","position":1,"name":"Hem","item":"https:\/\/www.posk.se\/motala\/"},{"@type":"ListItem","position":2,"name":"Om oss","item":"https:\/\/www.posk.se\/motala\/omoss\/"},{"@type":"ListItem","position":3,"name":"Bli medlem"}]},{"@type":"WebSite","@id":"https:\/\/www.posk.se\/motala\/#website","url":"https:\/\/www.posk.se\/motala\/","name":"Motala","description":"POSK-grupp i Link\u00f6pings stift","potentialAction":[{"@type":"SearchAction","target":{"@type":"EntryPoint","urlTemplate":"https:\/\/www.posk.se\/motala\/?s={search_term_string}"},"query-input":{"@type":"PropertyValueSpecification","valueRequired":true,"valueName":"search_term_string"}}],"inLanguage":"sv-SE"}]}},"_links":{"self":[{"href":"https:\/\/www.posk.se\/motala\/wp-json\/wp\/v2\/pages\/1122","targetHints":{"allow":["GET"]}}],"collection":[{"href":"https:\/\/www.posk.se\/motala\/wp-json\/wp\/v2\/pages"}],"about":[{"href":"https:\/\/www.posk.se\/motala\/wp-json\/wp\/v2\/types\/page"}],"author":[{"embeddable":true,"href":"https:\/\/www.posk.se\/motala\/wp-json\/wp\/v2\/users\/104"}],"replies":[{"embeddable":true,"href":"https:\/\/www.posk.se\/motala\/wp-json\/wp\/v2\/comments?post=1122"}],"version-history":[{"count":47,"href":"https:\/\/www.posk.se\/motala\/wp-json\/wp\/v2\/pages\/1122\/revisions"}],"predecessor-version":[{"id":2135,"href":"https:\/\/www.posk.se\/motala\/wp-json\/wp\/v2\/pages\/1122\/revisions\/2135"}],"up":[{"embeddable":true,"href":"https:\/\/www.posk.se\/motala\/wp-json\/wp\/v2\/pages\/689"}],"wp:featuredmedia":[{"embeddable":true,"href":"https:\/\/www.posk.se\/motala\/wp-json\/wp\/v2\/media\/958"}],"wp:attachment":[{"href":"https:\/\/www.posk.se\/motala\/wp-json\/wp\/v2\/media?parent=1122"}],"curies":[{"name":"wp","href":"https:\/\/api.w.org\/{rel}","templated":true}]}}