{"id":621,"date":"2025-08-04T15:04:05","date_gmt":"2025-08-04T13:04:05","guid":{"rendered":"https:\/\/www.posk.se\/molndal\/?page_id=621"},"modified":"2026-03-13T12:20:53","modified_gmt":"2026-03-13T11:20:53","slug":"medlemsmoten","status":"publish","type":"page","link":"https:\/\/www.posk.se\/molndal\/medlemsmoten\/","title":{"rendered":"Medlemsm\u00f6ten"},"content":{"rendered":"<h3 class=\"p1\">N\u00e4sta medlemsm\u00f6te 21 april<\/h3>\n<p class=\"p1\"><b>Plats F\u00e5gelbergskyrkan\u00a0<\/b><br \/>\n<b>Tid<\/b> 18.00 &#8211; 21.00<br \/>\n18.00 Fika, 30 kr<br \/>\n18.30 F\u00f6redrag &#8221;Vi har blivit fler i kyrkan! Hur blev det s\u00e5?&#8221; Johannes Imberg, f\u00f6rsamlingsherde i F\u00e4ssberg f\u00f6rsamling<br \/>\n19.30 \u00c5resm\u00f6tesf\u00f6rhandlingar<\/p>\n<p><a href=\"https:\/\/www.posk.se\/molndal\/bli-medlem-i-posk\/\"><strong>Bli medlem l\u00e4s mer<\/strong><\/a><\/p>\n","protected":false},"excerpt":{"rendered":"<p>N\u00e4sta medlemsm\u00f6te 21 april Plats F\u00e5gelbergskyrkan\u00a0 Tid 18.00 &#8211; 21.00 18.00 Fika, 30 kr 18.30 F\u00f6redrag &#8221;Vi har blivit fler i kyrkan! Hur blev det s\u00e5?&#8221; Johannes Imberg, f\u00f6rsamlingsherde i F\u00e4ssberg f\u00f6rsamling 19.30 \u00c5resm\u00f6tesf\u00f6rhandlingar Bli medlem l\u00e4s mer<\/p>\n","protected":false},"author":1641,"featured_media":0,"parent":0,"menu_order":3,"comment_status":"closed","ping_status":"closed","template":"page-templates\/page-sidebar-left.php","meta":{"_acf_changed":false,"footnotes":""},"class_list":["post-621","page","type-page","status-publish","hentry"],"acf":[],"yoast_head":"<!-- This site is optimized with the Yoast SEO plugin v24.9 - https:\/\/yoast.com\/wordpress\/plugins\/seo\/ -->\n<title>Medlemsm\u00f6ten - M\u00f6lndal<\/title>\n<meta name=\"robots\" content=\"index, follow, max-snippet:-1, max-image-preview:large, max-video-preview:-1\" \/>\n<link rel=\"canonical\" href=\"https:\/\/www.posk.se\/molndal\/medlemsmoten\/\" \/>\n<meta property=\"og:locale\" content=\"sv_SE\" \/>\n<meta property=\"og:type\" content=\"article\" \/>\n<meta property=\"og:title\" content=\"Medlemsm\u00f6ten - M\u00f6lndal\" \/>\n<meta property=\"og:description\" content=\"N\u00e4sta medlemsm\u00f6te 21 april Plats F\u00e5gelbergskyrkan\u00a0 Tid 18.00 &#8211; 21.00 18.00 Fika, 30 kr 18.30 F\u00f6redrag &#8221;Vi har blivit fler i kyrkan! Hur blev det s\u00e5?&#8221; Johannes Imberg, f\u00f6rsamlingsherde i F\u00e4ssberg f\u00f6rsamling 19.30 \u00c5resm\u00f6tesf\u00f6rhandlingar Bli medlem l\u00e4s mer\" \/>\n<meta property=\"og:url\" content=\"https:\/\/www.posk.se\/molndal\/medlemsmoten\/\" \/>\n<meta property=\"og:site_name\" content=\"M\u00f6lndal\" \/>\n<meta property=\"article:modified_time\" content=\"2026-03-13T11:20:53+00:00\" \/>\n<meta name=\"twitter:card\" content=\"summary_large_image\" \/>\n<meta name=\"twitter:label1\" content=\"Ber\u00e4knad l\u00e4stid\" \/>\n\t<meta name=\"twitter:data1\" content=\"1 minut\" \/>\n<script type=\"application\/ld+json\" class=\"yoast-schema-graph\">{\"@context\":\"https:\/\/schema.org\",\"@graph\":[{\"@type\":\"WebPage\",\"@id\":\"https:\/\/www.posk.se\/molndal\/medlemsmoten\/\",\"url\":\"https:\/\/www.posk.se\/molndal\/medlemsmoten\/\",\"name\":\"Medlemsm\u00f6ten - M\u00f6lndal\",\"isPartOf\":{\"@id\":\"https:\/\/www.posk.se\/molndal\/#website\"},\"datePublished\":\"2025-08-04T13:04:05+00:00\",\"dateModified\":\"2026-03-13T11:20:53+00:00\",\"breadcrumb\":{\"@id\":\"https:\/\/www.posk.se\/molndal\/medlemsmoten\/#breadcrumb\"},\"inLanguage\":\"sv-SE\",\"potentialAction\":[{\"@type\":\"ReadAction\",\"target\":[\"https:\/\/www.posk.se\/molndal\/medlemsmoten\/\"]}]},{\"@type\":\"BreadcrumbList\",\"@id\":\"https:\/\/www.posk.se\/molndal\/medlemsmoten\/#breadcrumb\",\"itemListElement\":[{\"@type\":\"ListItem\",\"position\":1,\"name\":\"Hem\",\"item\":\"https:\/\/www.posk.se\/molndal\/\"},{\"@type\":\"ListItem\",\"position\":2,\"name\":\"Medlemsm\u00f6ten\"}]},{\"@type\":\"WebSite\",\"@id\":\"https:\/\/www.posk.se\/molndal\/#website\",\"url\":\"https:\/\/www.posk.se\/molndal\/\",\"name\":\"M\u00f6lndal\",\"description\":\"POSK-grupp i G\u00f6teborgs stift\",\"potentialAction\":[{\"@type\":\"SearchAction\",\"target\":{\"@type\":\"EntryPoint\",\"urlTemplate\":\"https:\/\/www.posk.se\/molndal\/?s={search_term_string}\"},\"query-input\":{\"@type\":\"PropertyValueSpecification\",\"valueRequired\":true,\"valueName\":\"search_term_string\"}}],\"inLanguage\":\"sv-SE\"}]}<\/script>\n<!-- \/ Yoast SEO plugin. -->","yoast_head_json":{"title":"Medlemsm\u00f6ten - M\u00f6lndal","robots":{"index":"index","follow":"follow","max-snippet":"max-snippet:-1","max-image-preview":"max-image-preview:large","max-video-preview":"max-video-preview:-1"},"canonical":"https:\/\/www.posk.se\/molndal\/medlemsmoten\/","og_locale":"sv_SE","og_type":"article","og_title":"Medlemsm\u00f6ten - M\u00f6lndal","og_description":"N\u00e4sta medlemsm\u00f6te 21 april Plats F\u00e5gelbergskyrkan\u00a0 Tid 18.00 &#8211; 21.00 18.00 Fika, 30 kr 18.30 F\u00f6redrag &#8221;Vi har blivit fler i kyrkan! Hur blev det s\u00e5?&#8221; Johannes Imberg, f\u00f6rsamlingsherde i F\u00e4ssberg f\u00f6rsamling 19.30 \u00c5resm\u00f6tesf\u00f6rhandlingar Bli medlem l\u00e4s mer","og_url":"https:\/\/www.posk.se\/molndal\/medlemsmoten\/","og_site_name":"M\u00f6lndal","article_modified_time":"2026-03-13T11:20:53+00:00","twitter_card":"summary_large_image","twitter_misc":{"Ber\u00e4knad l\u00e4stid":"1 minut"},"schema":{"@context":"https:\/\/schema.org","@graph":[{"@type":"WebPage","@id":"https:\/\/www.posk.se\/molndal\/medlemsmoten\/","url":"https:\/\/www.posk.se\/molndal\/medlemsmoten\/","name":"Medlemsm\u00f6ten - M\u00f6lndal","isPartOf":{"@id":"https:\/\/www.posk.se\/molndal\/#website"},"datePublished":"2025-08-04T13:04:05+00:00","dateModified":"2026-03-13T11:20:53+00:00","breadcrumb":{"@id":"https:\/\/www.posk.se\/molndal\/medlemsmoten\/#breadcrumb"},"inLanguage":"sv-SE","potentialAction":[{"@type":"ReadAction","target":["https:\/\/www.posk.se\/molndal\/medlemsmoten\/"]}]},{"@type":"BreadcrumbList","@id":"https:\/\/www.posk.se\/molndal\/medlemsmoten\/#breadcrumb","itemListElement":[{"@type":"ListItem","position":1,"name":"Hem","item":"https:\/\/www.posk.se\/molndal\/"},{"@type":"ListItem","position":2,"name":"Medlemsm\u00f6ten"}]},{"@type":"WebSite","@id":"https:\/\/www.posk.se\/molndal\/#website","url":"https:\/\/www.posk.se\/molndal\/","name":"M\u00f6lndal","description":"POSK-grupp i G\u00f6teborgs stift","potentialAction":[{"@type":"SearchAction","target":{"@type":"EntryPoint","urlTemplate":"https:\/\/www.posk.se\/molndal\/?s={search_term_string}"},"query-input":{"@type":"PropertyValueSpecification","valueRequired":true,"valueName":"search_term_string"}}],"inLanguage":"sv-SE"}]}},"_links":{"self":[{"href":"https:\/\/www.posk.se\/molndal\/wp-json\/wp\/v2\/pages\/621","targetHints":{"allow":["GET"]}}],"collection":[{"href":"https:\/\/www.posk.se\/molndal\/wp-json\/wp\/v2\/pages"}],"about":[{"href":"https:\/\/www.posk.se\/molndal\/wp-json\/wp\/v2\/types\/page"}],"author":[{"embeddable":true,"href":"https:\/\/www.posk.se\/molndal\/wp-json\/wp\/v2\/users\/1641"}],"replies":[{"embeddable":true,"href":"https:\/\/www.posk.se\/molndal\/wp-json\/wp\/v2\/comments?post=621"}],"version-history":[{"count":14,"href":"https:\/\/www.posk.se\/molndal\/wp-json\/wp\/v2\/pages\/621\/revisions"}],"predecessor-version":[{"id":733,"href":"https:\/\/www.posk.se\/molndal\/wp-json\/wp\/v2\/pages\/621\/revisions\/733"}],"wp:attachment":[{"href":"https:\/\/www.posk.se\/molndal\/wp-json\/wp\/v2\/media?parent=621"}],"curies":[{"name":"wp","href":"https:\/\/api.w.org\/{rel}","templated":true}]}}