{"id":165,"date":"2021-04-30T12:49:33","date_gmt":"2021-04-30T10:49:33","guid":{"rendered":"https:\/\/www.posk.se\/molndal\/?page_id=165"},"modified":"2025-12-19T10:20:30","modified_gmt":"2025-12-19T09:20:30","slug":"styrelsen-kyrkofullmaktige-och-forsamlingsraden","status":"publish","type":"page","link":"https:\/\/www.posk.se\/molndal\/styrelsen-kyrkofullmaktige-och-forsamlingsraden\/","title":{"rendered":"Styrelsen, kyrkofullm\u00e4ktige och f\u00f6rsamlingsr\u00e5den"},"content":{"rendered":"<h3>Styrelsen f\u00f6r POSK i M\u00f6lndal<\/h3>\n<ul>\n<li class=\"p1\">Anna Mattsson, ordf\u00f6rande<\/li>\n<li class=\"p2\">Eva Forssell-Aronsson, sekreterare<\/li>\n<li class=\"p2\">Dick Bergstr\u00f6m, kass\u00f6r<\/li>\n<li class=\"p2\">Stefan Caplan<\/li>\n<li class=\"p2\">Kerstin Efraimsson<\/li>\n<li class=\"p2\">Gunnar Lindskog<\/li>\n<li class=\"p2\">Lars Karlsson<\/li>\n<li class=\"p2\">Anne Olmarker<\/li>\n<li class=\"p2\">Eva \u00c5nhammar Karlsson<\/li>\n<\/ul>\n<h3><span style=\"color: #ff00ff\"><strong>Uppdatering p\u00e5g\u00e5r<\/strong><\/span><\/h3>\n<h3>POSKare som \u00e4r med i Kyrkofullm\u00e4ktige 2026-2029<\/h3>\n<ul>\n<li class=\"p1\">Stefan Caplan, ordf\u00f6rande<\/li>\n<li>Jacob Gawlitza<\/li>\n<li class=\"p1\">Eva Forssell-Aronsson<\/li>\n<li>Marie Rettenbacher<\/li>\n<li>Hedda Planting<\/li>\n<li class=\"p1\">Kerstin Efraimsson<\/li>\n<li class=\"p1\">Lars Ramboldt<\/li>\n<li class=\"p1\">Anna Mattsson<\/li>\n<li class=\"p1\">Mats Ohlson<\/li>\n<li class=\"p1\">Eva Ragnmar<\/li>\n<li>Mats Holstein<\/li>\n<li>Dick Bergstr\u00f6m<\/li>\n<li class=\"p1\">Helena S\u00f6rquist<\/li>\n<li class=\"p1\">Magnus Widfeldt, ers\u00e4ttare<\/li>\n<li>Lars-Erik Karlsson, ers\u00e4ttare<\/li>\n<li>Thomas Bossius, ers\u00e4ttare<\/li>\n<li>Anne Haglund Olmarker, ers\u00e4ttare<\/li>\n<li>Eva \u00c5nhammar Karlsson, ers\u00e4ttare<\/li>\n<li>Ann-Charlott (Lotta) Dahlbom Larsson, ers\u00e4ttare<\/li>\n<li class=\"p1\">Lars Karlsson, ers\u00e4ttare<\/li>\n<\/ul>\n<h3>POSKare som \u00e4r med i Kyrkor\u00e5det<\/h3>\n<ul>\n<li class=\"p1\">Eva Forssell-Aronsson, ordf\u00f6rande<\/li>\n<li class=\"p1\">Lars Ramboldt<\/li>\n<li class=\"p1\">Anna Mattsson<\/li>\n<li class=\"p1\">Kerstin Efraimsson<\/li>\n<li class=\"p1\">Lars-Erik Karlsson, ers\u00e4ttare<\/li>\n<li>Marie Rettenbacher, ers\u00e4ttare<\/li>\n<li>Hedda Planting, ers\u00e4ttare<\/li>\n<\/ul>\n<h3>POSK i F\u00e4ssbergs f\u00f6rsamlingsr\u00e5d<\/h3>\n<ul>\n<li>Mats Holstein, ordf\u00f6rande<\/li>\n<li>Eva \u00c5nhammar Karlsson<\/li>\n<li>Margareta Hedenrud<\/li>\n<li>Eva Rangmar<\/li>\n<li>Lars Karlsson<\/li>\n<li>Lola Johansson<\/li>\n<li>Thomas Bossius<\/li>\n<li>Hedda Planting, ers\u00e4ttare<\/li>\n<li>Alma Holgersson, ers\u00e4ttare<\/li>\n<\/ul>\n<h3>POSK i K\u00e5llereds f\u00f6rsamlingsr\u00e5d<\/h3>\n<ul>\n<li>Dick Bergstr\u00f6m<\/li>\n<li>Marie Rettenbacher<\/li>\n<li>Johan Anderberg, ers\u00e4ttare<\/li>\n<\/ul>\n<h3>POSK i Stensj\u00f6ns f\u00f6rsamlingsr\u00e5d<\/h3>\n<ul>\n<li class=\"p1\">Magnus Widfeldt, ordf\u00f6rande<\/li>\n<li class=\"p1\">Mats Ohlson<\/li>\n<li>Anne Olmarker<\/li>\n<li class=\"p1\">Lars Ramboldt<\/li>\n<li>Stefan Caplan, ers\u00e4ttare<\/li>\n<\/ul>\n<h4><a href=\"https:\/\/www.svenskakyrkan.se\/molndal\/sa-styrs-kyrkan\">L\u00e4s mer om S\u00e5 h\u00e4r styrs Svenska kyrkan i M\u00f6lndal<\/a><\/h4>\n","protected":false},"excerpt":{"rendered":"<p>Styrelsen f\u00f6r POSK i M\u00f6lndal Anna Mattsson, ordf\u00f6rande Eva Forssell-Aronsson, sekreterare Dick Bergstr\u00f6m, kass\u00f6r Stefan Caplan Kerstin Efraimsson Gunnar Lindskog Lars Karlsson Anne Olmarker Eva \u00c5nhammar Karlsson Uppdatering p\u00e5g\u00e5r POSKare som \u00e4r med i Kyrkofullm\u00e4ktige 2026-2029 Stefan Caplan, ordf\u00f6rande Jacob Gawlitza Eva Forssell-Aronsson Marie Rettenbacher Hedda Planting Kerstin Efraimsson Lars Ramboldt Anna Mattsson Mats Ohlson [&hellip;]<\/p>\n","protected":false},"author":1358,"featured_media":0,"parent":0,"menu_order":3,"comment_status":"closed","ping_status":"closed","template":"page-templates\/page-sidebar-left.php","meta":{"_acf_changed":false,"footnotes":""},"class_list":["post-165","page","type-page","status-publish","hentry"],"acf":[],"yoast_head":"<!-- This site is optimized with the Yoast SEO plugin v24.9 - https:\/\/yoast.com\/wordpress\/plugins\/seo\/ -->\n<title>Styrelsen, kyrkofullm\u00e4ktige och f\u00f6rsamlingsr\u00e5den - M\u00f6lndal<\/title>\n<meta name=\"robots\" content=\"index, follow, max-snippet:-1, max-image-preview:large, max-video-preview:-1\" \/>\n<link rel=\"canonical\" href=\"https:\/\/www.posk.se\/molndal\/styrelsen-kyrkofullmaktige-och-forsamlingsraden\/\" \/>\n<meta property=\"og:locale\" content=\"sv_SE\" \/>\n<meta property=\"og:type\" content=\"article\" \/>\n<meta property=\"og:title\" content=\"Styrelsen, kyrkofullm\u00e4ktige och f\u00f6rsamlingsr\u00e5den - M\u00f6lndal\" \/>\n<meta property=\"og:description\" content=\"Styrelsen f\u00f6r POSK i M\u00f6lndal Anna Mattsson, ordf\u00f6rande Eva Forssell-Aronsson, sekreterare Dick Bergstr\u00f6m, kass\u00f6r Stefan Caplan Kerstin Efraimsson Gunnar Lindskog Lars Karlsson Anne Olmarker Eva \u00c5nhammar Karlsson Uppdatering p\u00e5g\u00e5r POSKare som \u00e4r med i Kyrkofullm\u00e4ktige 2026-2029 Stefan Caplan, ordf\u00f6rande Jacob Gawlitza Eva Forssell-Aronsson Marie Rettenbacher Hedda Planting Kerstin Efraimsson Lars Ramboldt Anna Mattsson Mats Ohlson [&hellip;]\" \/>\n<meta property=\"og:url\" content=\"https:\/\/www.posk.se\/molndal\/styrelsen-kyrkofullmaktige-och-forsamlingsraden\/\" \/>\n<meta property=\"og:site_name\" content=\"M\u00f6lndal\" \/>\n<meta property=\"article:modified_time\" content=\"2025-12-19T09:20:30+00:00\" \/>\n<meta name=\"twitter:card\" content=\"summary_large_image\" \/>\n<meta name=\"twitter:label1\" content=\"Ber\u00e4knad l\u00e4stid\" \/>\n\t<meta name=\"twitter:data1\" content=\"1 minut\" \/>\n<script type=\"application\/ld+json\" class=\"yoast-schema-graph\">{\"@context\":\"https:\/\/schema.org\",\"@graph\":[{\"@type\":\"WebPage\",\"@id\":\"https:\/\/www.posk.se\/molndal\/styrelsen-kyrkofullmaktige-och-forsamlingsraden\/\",\"url\":\"https:\/\/www.posk.se\/molndal\/styrelsen-kyrkofullmaktige-och-forsamlingsraden\/\",\"name\":\"Styrelsen, kyrkofullm\u00e4ktige och f\u00f6rsamlingsr\u00e5den - M\u00f6lndal\",\"isPartOf\":{\"@id\":\"https:\/\/www.posk.se\/molndal\/#website\"},\"datePublished\":\"2021-04-30T10:49:33+00:00\",\"dateModified\":\"2025-12-19T09:20:30+00:00\",\"breadcrumb\":{\"@id\":\"https:\/\/www.posk.se\/molndal\/styrelsen-kyrkofullmaktige-och-forsamlingsraden\/#breadcrumb\"},\"inLanguage\":\"sv-SE\",\"potentialAction\":[{\"@type\":\"ReadAction\",\"target\":[\"https:\/\/www.posk.se\/molndal\/styrelsen-kyrkofullmaktige-och-forsamlingsraden\/\"]}]},{\"@type\":\"BreadcrumbList\",\"@id\":\"https:\/\/www.posk.se\/molndal\/styrelsen-kyrkofullmaktige-och-forsamlingsraden\/#breadcrumb\",\"itemListElement\":[{\"@type\":\"ListItem\",\"position\":1,\"name\":\"Hem\",\"item\":\"https:\/\/www.posk.se\/molndal\/\"},{\"@type\":\"ListItem\",\"position\":2,\"name\":\"Styrelsen, kyrkofullm\u00e4ktige och f\u00f6rsamlingsr\u00e5den\"}]},{\"@type\":\"WebSite\",\"@id\":\"https:\/\/www.posk.se\/molndal\/#website\",\"url\":\"https:\/\/www.posk.se\/molndal\/\",\"name\":\"M\u00f6lndal\",\"description\":\"POSK-grupp i G\u00f6teborgs stift\",\"potentialAction\":[{\"@type\":\"SearchAction\",\"target\":{\"@type\":\"EntryPoint\",\"urlTemplate\":\"https:\/\/www.posk.se\/molndal\/?s={search_term_string}\"},\"query-input\":{\"@type\":\"PropertyValueSpecification\",\"valueRequired\":true,\"valueName\":\"search_term_string\"}}],\"inLanguage\":\"sv-SE\"}]}<\/script>\n<!-- \/ Yoast SEO plugin. -->","yoast_head_json":{"title":"Styrelsen, kyrkofullm\u00e4ktige och f\u00f6rsamlingsr\u00e5den - M\u00f6lndal","robots":{"index":"index","follow":"follow","max-snippet":"max-snippet:-1","max-image-preview":"max-image-preview:large","max-video-preview":"max-video-preview:-1"},"canonical":"https:\/\/www.posk.se\/molndal\/styrelsen-kyrkofullmaktige-och-forsamlingsraden\/","og_locale":"sv_SE","og_type":"article","og_title":"Styrelsen, kyrkofullm\u00e4ktige och f\u00f6rsamlingsr\u00e5den - M\u00f6lndal","og_description":"Styrelsen f\u00f6r POSK i M\u00f6lndal Anna Mattsson, ordf\u00f6rande Eva Forssell-Aronsson, sekreterare Dick Bergstr\u00f6m, kass\u00f6r Stefan Caplan Kerstin Efraimsson Gunnar Lindskog Lars Karlsson Anne Olmarker Eva \u00c5nhammar Karlsson Uppdatering p\u00e5g\u00e5r POSKare som \u00e4r med i Kyrkofullm\u00e4ktige 2026-2029 Stefan Caplan, ordf\u00f6rande Jacob Gawlitza Eva Forssell-Aronsson Marie Rettenbacher Hedda Planting Kerstin Efraimsson Lars Ramboldt Anna Mattsson Mats Ohlson [&hellip;]","og_url":"https:\/\/www.posk.se\/molndal\/styrelsen-kyrkofullmaktige-och-forsamlingsraden\/","og_site_name":"M\u00f6lndal","article_modified_time":"2025-12-19T09:20:30+00:00","twitter_card":"summary_large_image","twitter_misc":{"Ber\u00e4knad l\u00e4stid":"1 minut"},"schema":{"@context":"https:\/\/schema.org","@graph":[{"@type":"WebPage","@id":"https:\/\/www.posk.se\/molndal\/styrelsen-kyrkofullmaktige-och-forsamlingsraden\/","url":"https:\/\/www.posk.se\/molndal\/styrelsen-kyrkofullmaktige-och-forsamlingsraden\/","name":"Styrelsen, kyrkofullm\u00e4ktige och f\u00f6rsamlingsr\u00e5den - M\u00f6lndal","isPartOf":{"@id":"https:\/\/www.posk.se\/molndal\/#website"},"datePublished":"2021-04-30T10:49:33+00:00","dateModified":"2025-12-19T09:20:30+00:00","breadcrumb":{"@id":"https:\/\/www.posk.se\/molndal\/styrelsen-kyrkofullmaktige-och-forsamlingsraden\/#breadcrumb"},"inLanguage":"sv-SE","potentialAction":[{"@type":"ReadAction","target":["https:\/\/www.posk.se\/molndal\/styrelsen-kyrkofullmaktige-och-forsamlingsraden\/"]}]},{"@type":"BreadcrumbList","@id":"https:\/\/www.posk.se\/molndal\/styrelsen-kyrkofullmaktige-och-forsamlingsraden\/#breadcrumb","itemListElement":[{"@type":"ListItem","position":1,"name":"Hem","item":"https:\/\/www.posk.se\/molndal\/"},{"@type":"ListItem","position":2,"name":"Styrelsen, kyrkofullm\u00e4ktige och f\u00f6rsamlingsr\u00e5den"}]},{"@type":"WebSite","@id":"https:\/\/www.posk.se\/molndal\/#website","url":"https:\/\/www.posk.se\/molndal\/","name":"M\u00f6lndal","description":"POSK-grupp i G\u00f6teborgs stift","potentialAction":[{"@type":"SearchAction","target":{"@type":"EntryPoint","urlTemplate":"https:\/\/www.posk.se\/molndal\/?s={search_term_string}"},"query-input":{"@type":"PropertyValueSpecification","valueRequired":true,"valueName":"search_term_string"}}],"inLanguage":"sv-SE"}]}},"_links":{"self":[{"href":"https:\/\/www.posk.se\/molndal\/wp-json\/wp\/v2\/pages\/165","targetHints":{"allow":["GET"]}}],"collection":[{"href":"https:\/\/www.posk.se\/molndal\/wp-json\/wp\/v2\/pages"}],"about":[{"href":"https:\/\/www.posk.se\/molndal\/wp-json\/wp\/v2\/types\/page"}],"author":[{"embeddable":true,"href":"https:\/\/www.posk.se\/molndal\/wp-json\/wp\/v2\/users\/1358"}],"replies":[{"embeddable":true,"href":"https:\/\/www.posk.se\/molndal\/wp-json\/wp\/v2\/comments?post=165"}],"version-history":[{"count":32,"href":"https:\/\/www.posk.se\/molndal\/wp-json\/wp\/v2\/pages\/165\/revisions"}],"predecessor-version":[{"id":725,"href":"https:\/\/www.posk.se\/molndal\/wp-json\/wp\/v2\/pages\/165\/revisions\/725"}],"wp:attachment":[{"href":"https:\/\/www.posk.se\/molndal\/wp-json\/wp\/v2\/media?parent=165"}],"curies":[{"name":"wp","href":"https:\/\/api.w.org\/{rel}","templated":true}]}}