{"id":54,"date":"2025-08-18T15:42:19","date_gmt":"2025-08-18T13:42:19","guid":{"rendered":"https:\/\/www.posk.se\/medelpads-sodra\/?page_id=54"},"modified":"2025-08-31T15:58:49","modified_gmt":"2025-08-31T13:58:49","slug":"det-har-vill-vi","status":"publish","type":"page","link":"https:\/\/www.posk.se\/medelpads-sodra\/det-har-vill-vi\/","title":{"rendered":"Det h\u00e4r vill vi"},"content":{"rendered":"<ul>\n<li>Att f\u00f6rsamlingarna i pastoratet tar ansvar f\u00f6r alla m\u00e4nniskors lika v\u00e4rde och r\u00e4ttigheter, f\u00f6r skapelsen och f\u00f6r v\u00e5r milj\u00f6.<\/li>\n<li>En kyrka d\u00e4r alla kan bidra och ta ansvar f\u00f6r kyrka, f\u00f6rsamling och pastorat, genom demokratiska val fria fr\u00e5n partipolitisk p\u00e5verkan.<\/li>\n<li>Fler m\u00f6tesplatser f\u00f6r samtal om tro och liv.<\/li>\n<li>Att st\u00e4rka kyrkans n\u00e4rvaro i fler sammanhang och p\u00e5 fler platser.<\/li>\n<li>Att gudstj\u00e4nster i kyrka och f\u00f6rsamlingshem kompletteras med ekumeniska gudstj\u00e4nster, friluftsgudstj\u00e4nster och pilgrimsvandringar.<\/li>\n<li>Att bibeh\u00e5lla och utveckla de lokala ungdomsverksamheterna, satsa p\u00e5 unga ledare, konfirmandarbetet samt barn- och ungdomsk\u00f6rer.<\/li>\n<li>Att etablera och utveckla kontakt med skola och ungdomsverksamheter i olika lokala f\u00f6reningar och medverka till trygghet och tillit i samh\u00e4llet.<\/li>\n<li>Att satsa p\u00e5 lokala vuxenverksamheter som exempelvis k\u00f6rverksamhet, sopplunch och diakonal verksamhet.<\/li>\n<li>Att varje f\u00f6rsamling i Medelpads s\u00f6dra pastorat f\u00e5r beh\u00e5lla sin s\u00e4rart. Det \u00e4r f\u00f6rsamlingarna som har ett pastorat och inte tv\u00e4rt om<\/li>\n<\/ul>\n<p>Genom i stort sett hela v\u00e5rt pastorat l\u00f6per pilgrimsleden. Med start i Sel\u00e5nger och Pilgrimscentret kan man sedan f\u00f6lja leden \u00e4nda tills man n\u00e5r Nidarosdomen i Trondhem. Vi vill v\u00e4rna och utveckla pilgrimsarbetet och naturligtvis Pilgrimscentret i Sel\u00e5nger. Fler och fler s\u00f6ker stunder av tystnad och kanske \u00e4ven vald ensamhet f\u00f6r att &#8221;rensa upp&#8221; bland alla intryck som vi \u00f6ver\u00f6ses av vart \u00e4n vi r\u00f6r oss. En kortare eller l\u00e4ngre pilgrimsvandring med stunder av tanke- och meditation kan vara en v\u00e4g till att n\u00e5 frid och harmoni.<\/p>\n<p>Medelpads s\u00f6dra pastorat har massor att erbjuda. Kyrkor och kapell i havsbandet, en vacker storstadskyrka i Sundsvall med allt vad det inneb\u00e4r till en vacker landsbygdskyrka i Haver\u00f6 och allt d\u00e4r emellan. Varje f\u00f6rsamling har sin s\u00e4rart och v\u00e4rnar om sin del av pastoratet men att ocks\u00e5 allt skall fungera i gemenskap. Naturligtvis skall du som medlem vara med och p\u00e5verka f\u00f6rsamlingarnas- och pastoratets framtid genom att r\u00f6sta. L\u00e4gger du din r\u00f6st p\u00e5 POSK (Partipolitiskt Obundna i Svenska kyrkan) s\u00e5 l\u00e4gger du din r\u00f6st p\u00e5 en nomineringsgrupp som arbetar f\u00f6r en fri kyrka utan inblandning av partipolitik.<\/p>\n<p>&#8211;<\/p>\n","protected":false},"excerpt":{"rendered":"<p>Att f\u00f6rsamlingarna i pastoratet tar ansvar f\u00f6r alla m\u00e4nniskors lika v\u00e4rde och r\u00e4ttigheter, f\u00f6r skapelsen och f\u00f6r v\u00e5r milj\u00f6. En kyrka d\u00e4r alla kan bidra och ta ansvar f\u00f6r kyrka, f\u00f6rsamling och pastorat, genom demokratiska val fria fr\u00e5n partipolitisk p\u00e5verkan. Fler m\u00f6tesplatser f\u00f6r samtal om tro och liv. Att st\u00e4rka kyrkans n\u00e4rvaro i fler sammanhang [&hellip;]<\/p>\n","protected":false},"author":1559,"featured_media":0,"parent":0,"menu_order":2,"comment_status":"closed","ping_status":"closed","template":"page-templates\/page-sidebar-left.php","meta":{"_acf_changed":false,"footnotes":""},"class_list":["post-54","page","type-page","status-publish","hentry"],"acf":[],"yoast_head":"<!-- This site is optimized with the Yoast SEO plugin v24.9 - https:\/\/yoast.com\/wordpress\/plugins\/seo\/ -->\n<title>Det h\u00e4r vill vi - Medelpads s\u00f6dra<\/title>\n<meta name=\"robots\" content=\"index, follow, max-snippet:-1, max-image-preview:large, max-video-preview:-1\" \/>\n<link rel=\"canonical\" href=\"https:\/\/www.posk.se\/medelpads-sodra\/det-har-vill-vi\/\" \/>\n<meta property=\"og:locale\" content=\"sv_SE\" \/>\n<meta property=\"og:type\" content=\"article\" \/>\n<meta property=\"og:title\" content=\"Det h\u00e4r vill vi - Medelpads s\u00f6dra\" \/>\n<meta property=\"og:description\" content=\"Att f\u00f6rsamlingarna i pastoratet tar ansvar f\u00f6r alla m\u00e4nniskors lika v\u00e4rde och r\u00e4ttigheter, f\u00f6r skapelsen och f\u00f6r v\u00e5r milj\u00f6. En kyrka d\u00e4r alla kan bidra och ta ansvar f\u00f6r kyrka, f\u00f6rsamling och pastorat, genom demokratiska val fria fr\u00e5n partipolitisk p\u00e5verkan. Fler m\u00f6tesplatser f\u00f6r samtal om tro och liv. Att st\u00e4rka kyrkans n\u00e4rvaro i fler sammanhang [&hellip;]\" \/>\n<meta property=\"og:url\" content=\"https:\/\/www.posk.se\/medelpads-sodra\/det-har-vill-vi\/\" \/>\n<meta property=\"og:site_name\" content=\"Medelpads s\u00f6dra\" \/>\n<meta property=\"article:modified_time\" content=\"2025-08-31T13:58:49+00:00\" \/>\n<meta name=\"twitter:card\" content=\"summary_large_image\" \/>\n<meta name=\"twitter:label1\" content=\"Ber\u00e4knad l\u00e4stid\" \/>\n\t<meta name=\"twitter:data1\" content=\"2 minuter\" \/>\n<script type=\"application\/ld+json\" class=\"yoast-schema-graph\">{\"@context\":\"https:\/\/schema.org\",\"@graph\":[{\"@type\":\"WebPage\",\"@id\":\"https:\/\/www.posk.se\/medelpads-sodra\/det-har-vill-vi\/\",\"url\":\"https:\/\/www.posk.se\/medelpads-sodra\/det-har-vill-vi\/\",\"name\":\"Det h\u00e4r vill vi - Medelpads s\u00f6dra\",\"isPartOf\":{\"@id\":\"https:\/\/www.posk.se\/medelpads-sodra\/#website\"},\"datePublished\":\"2025-08-18T13:42:19+00:00\",\"dateModified\":\"2025-08-31T13:58:49+00:00\",\"breadcrumb\":{\"@id\":\"https:\/\/www.posk.se\/medelpads-sodra\/det-har-vill-vi\/#breadcrumb\"},\"inLanguage\":\"sv-SE\",\"potentialAction\":[{\"@type\":\"ReadAction\",\"target\":[\"https:\/\/www.posk.se\/medelpads-sodra\/det-har-vill-vi\/\"]}]},{\"@type\":\"BreadcrumbList\",\"@id\":\"https:\/\/www.posk.se\/medelpads-sodra\/det-har-vill-vi\/#breadcrumb\",\"itemListElement\":[{\"@type\":\"ListItem\",\"position\":1,\"name\":\"Hem\",\"item\":\"https:\/\/www.posk.se\/medelpads-sodra\/\"},{\"@type\":\"ListItem\",\"position\":2,\"name\":\"Det h\u00e4r vill vi\"}]},{\"@type\":\"WebSite\",\"@id\":\"https:\/\/www.posk.se\/medelpads-sodra\/#website\",\"url\":\"https:\/\/www.posk.se\/medelpads-sodra\/\",\"name\":\"Medelpads s\u00f6dra\",\"description\":\"POSK-grupp i H\u00e4rn\u00f6sands stift\",\"potentialAction\":[{\"@type\":\"SearchAction\",\"target\":{\"@type\":\"EntryPoint\",\"urlTemplate\":\"https:\/\/www.posk.se\/medelpads-sodra\/?s={search_term_string}\"},\"query-input\":{\"@type\":\"PropertyValueSpecification\",\"valueRequired\":true,\"valueName\":\"search_term_string\"}}],\"inLanguage\":\"sv-SE\"}]}<\/script>\n<!-- \/ Yoast SEO plugin. -->","yoast_head_json":{"title":"Det h\u00e4r vill vi - Medelpads s\u00f6dra","robots":{"index":"index","follow":"follow","max-snippet":"max-snippet:-1","max-image-preview":"max-image-preview:large","max-video-preview":"max-video-preview:-1"},"canonical":"https:\/\/www.posk.se\/medelpads-sodra\/det-har-vill-vi\/","og_locale":"sv_SE","og_type":"article","og_title":"Det h\u00e4r vill vi - Medelpads s\u00f6dra","og_description":"Att f\u00f6rsamlingarna i pastoratet tar ansvar f\u00f6r alla m\u00e4nniskors lika v\u00e4rde och r\u00e4ttigheter, f\u00f6r skapelsen och f\u00f6r v\u00e5r milj\u00f6. En kyrka d\u00e4r alla kan bidra och ta ansvar f\u00f6r kyrka, f\u00f6rsamling och pastorat, genom demokratiska val fria fr\u00e5n partipolitisk p\u00e5verkan. Fler m\u00f6tesplatser f\u00f6r samtal om tro och liv. Att st\u00e4rka kyrkans n\u00e4rvaro i fler sammanhang [&hellip;]","og_url":"https:\/\/www.posk.se\/medelpads-sodra\/det-har-vill-vi\/","og_site_name":"Medelpads s\u00f6dra","article_modified_time":"2025-08-31T13:58:49+00:00","twitter_card":"summary_large_image","twitter_misc":{"Ber\u00e4knad l\u00e4stid":"2 minuter"},"schema":{"@context":"https:\/\/schema.org","@graph":[{"@type":"WebPage","@id":"https:\/\/www.posk.se\/medelpads-sodra\/det-har-vill-vi\/","url":"https:\/\/www.posk.se\/medelpads-sodra\/det-har-vill-vi\/","name":"Det h\u00e4r vill vi - Medelpads s\u00f6dra","isPartOf":{"@id":"https:\/\/www.posk.se\/medelpads-sodra\/#website"},"datePublished":"2025-08-18T13:42:19+00:00","dateModified":"2025-08-31T13:58:49+00:00","breadcrumb":{"@id":"https:\/\/www.posk.se\/medelpads-sodra\/det-har-vill-vi\/#breadcrumb"},"inLanguage":"sv-SE","potentialAction":[{"@type":"ReadAction","target":["https:\/\/www.posk.se\/medelpads-sodra\/det-har-vill-vi\/"]}]},{"@type":"BreadcrumbList","@id":"https:\/\/www.posk.se\/medelpads-sodra\/det-har-vill-vi\/#breadcrumb","itemListElement":[{"@type":"ListItem","position":1,"name":"Hem","item":"https:\/\/www.posk.se\/medelpads-sodra\/"},{"@type":"ListItem","position":2,"name":"Det h\u00e4r vill vi"}]},{"@type":"WebSite","@id":"https:\/\/www.posk.se\/medelpads-sodra\/#website","url":"https:\/\/www.posk.se\/medelpads-sodra\/","name":"Medelpads s\u00f6dra","description":"POSK-grupp i H\u00e4rn\u00f6sands stift","potentialAction":[{"@type":"SearchAction","target":{"@type":"EntryPoint","urlTemplate":"https:\/\/www.posk.se\/medelpads-sodra\/?s={search_term_string}"},"query-input":{"@type":"PropertyValueSpecification","valueRequired":true,"valueName":"search_term_string"}}],"inLanguage":"sv-SE"}]}},"_links":{"self":[{"href":"https:\/\/www.posk.se\/medelpads-sodra\/wp-json\/wp\/v2\/pages\/54","targetHints":{"allow":["GET"]}}],"collection":[{"href":"https:\/\/www.posk.se\/medelpads-sodra\/wp-json\/wp\/v2\/pages"}],"about":[{"href":"https:\/\/www.posk.se\/medelpads-sodra\/wp-json\/wp\/v2\/types\/page"}],"author":[{"embeddable":true,"href":"https:\/\/www.posk.se\/medelpads-sodra\/wp-json\/wp\/v2\/users\/1559"}],"replies":[{"embeddable":true,"href":"https:\/\/www.posk.se\/medelpads-sodra\/wp-json\/wp\/v2\/comments?post=54"}],"version-history":[{"count":4,"href":"https:\/\/www.posk.se\/medelpads-sodra\/wp-json\/wp\/v2\/pages\/54\/revisions"}],"predecessor-version":[{"id":64,"href":"https:\/\/www.posk.se\/medelpads-sodra\/wp-json\/wp\/v2\/pages\/54\/revisions\/64"}],"wp:attachment":[{"href":"https:\/\/www.posk.se\/medelpads-sodra\/wp-json\/wp\/v2\/media?parent=54"}],"curies":[{"name":"wp","href":"https:\/\/api.w.org\/{rel}","templated":true}]}}