{"id":34,"date":"2017-07-29T15:59:42","date_gmt":"2017-07-27T21:04:11","guid":{"rendered":"https:\/\/www.posk.se\/torp\/formular\/"},"modified":"2025-09-01T18:18:39","modified_gmt":"2025-09-01T16:18:39","slug":"formular","status":"publish","type":"page","link":"https:\/\/www.posk.se\/medelpads-sodra\/formular\/","title":{"rendered":"POSK i H\u00e4rn\u00f6sands stift"},"content":{"rendered":"","protected":false},"excerpt":{"rendered":"","protected":false},"author":1,"featured_media":0,"parent":0,"menu_order":3,"comment_status":"closed","ping_status":"closed","template":"page-templates\/page-sidebar-left-afcform.php","meta":{"_acf_changed":false,"footnotes":""},"class_list":["post-34","page","type-page","status-publish","hentry"],"acf":[],"yoast_head":"<!-- This site is optimized with the Yoast SEO plugin v24.9 - https:\/\/yoast.com\/wordpress\/plugins\/seo\/ -->\n<title>POSK i H\u00e4rn\u00f6sands stift - Medelpads s\u00f6dra<\/title>\n<meta name=\"robots\" content=\"index, follow, max-snippet:-1, max-image-preview:large, max-video-preview:-1\" \/>\n<link rel=\"canonical\" href=\"https:\/\/www.posk.se\/medelpads-sodra\/formular\/\" \/>\n<meta property=\"og:locale\" content=\"sv_SE\" \/>\n<meta property=\"og:type\" content=\"article\" \/>\n<meta property=\"og:title\" content=\"POSK i H\u00e4rn\u00f6sands stift - Medelpads s\u00f6dra\" \/>\n<meta property=\"og:url\" content=\"https:\/\/www.posk.se\/medelpads-sodra\/formular\/\" \/>\n<meta property=\"og:site_name\" content=\"Medelpads s\u00f6dra\" \/>\n<meta property=\"article:modified_time\" content=\"2025-09-01T16:18:39+00:00\" \/>\n<meta name=\"twitter:card\" content=\"summary_large_image\" \/>\n<script type=\"application\/ld+json\" class=\"yoast-schema-graph\">{\"@context\":\"https:\/\/schema.org\",\"@graph\":[{\"@type\":\"WebPage\",\"@id\":\"https:\/\/www.posk.se\/medelpads-sodra\/formular\/\",\"url\":\"https:\/\/www.posk.se\/medelpads-sodra\/formular\/\",\"name\":\"POSK i H\u00e4rn\u00f6sands stift - Medelpads s\u00f6dra\",\"isPartOf\":{\"@id\":\"https:\/\/www.posk.se\/medelpads-sodra\/#website\"},\"datePublished\":\"2017-07-27T21:04:11+00:00\",\"dateModified\":\"2025-09-01T16:18:39+00:00\",\"breadcrumb\":{\"@id\":\"https:\/\/www.posk.se\/medelpads-sodra\/formular\/#breadcrumb\"},\"inLanguage\":\"sv-SE\",\"potentialAction\":[{\"@type\":\"ReadAction\",\"target\":[\"https:\/\/www.posk.se\/medelpads-sodra\/formular\/\"]}]},{\"@type\":\"BreadcrumbList\",\"@id\":\"https:\/\/www.posk.se\/medelpads-sodra\/formular\/#breadcrumb\",\"itemListElement\":[{\"@type\":\"ListItem\",\"position\":1,\"name\":\"Hem\",\"item\":\"https:\/\/www.posk.se\/medelpads-sodra\/\"},{\"@type\":\"ListItem\",\"position\":2,\"name\":\"POSK i H\u00e4rn\u00f6sands stift\"}]},{\"@type\":\"WebSite\",\"@id\":\"https:\/\/www.posk.se\/medelpads-sodra\/#website\",\"url\":\"https:\/\/www.posk.se\/medelpads-sodra\/\",\"name\":\"Medelpads s\u00f6dra\",\"description\":\"POSK-grupp i H\u00e4rn\u00f6sands stift\",\"potentialAction\":[{\"@type\":\"SearchAction\",\"target\":{\"@type\":\"EntryPoint\",\"urlTemplate\":\"https:\/\/www.posk.se\/medelpads-sodra\/?s={search_term_string}\"},\"query-input\":{\"@type\":\"PropertyValueSpecification\",\"valueRequired\":true,\"valueName\":\"search_term_string\"}}],\"inLanguage\":\"sv-SE\"}]}<\/script>\n<!-- \/ Yoast SEO plugin. -->","yoast_head_json":{"title":"POSK i H\u00e4rn\u00f6sands stift - Medelpads s\u00f6dra","robots":{"index":"index","follow":"follow","max-snippet":"max-snippet:-1","max-image-preview":"max-image-preview:large","max-video-preview":"max-video-preview:-1"},"canonical":"https:\/\/www.posk.se\/medelpads-sodra\/formular\/","og_locale":"sv_SE","og_type":"article","og_title":"POSK i H\u00e4rn\u00f6sands stift - Medelpads s\u00f6dra","og_url":"https:\/\/www.posk.se\/medelpads-sodra\/formular\/","og_site_name":"Medelpads s\u00f6dra","article_modified_time":"2025-09-01T16:18:39+00:00","twitter_card":"summary_large_image","schema":{"@context":"https:\/\/schema.org","@graph":[{"@type":"WebPage","@id":"https:\/\/www.posk.se\/medelpads-sodra\/formular\/","url":"https:\/\/www.posk.se\/medelpads-sodra\/formular\/","name":"POSK i H\u00e4rn\u00f6sands stift - Medelpads s\u00f6dra","isPartOf":{"@id":"https:\/\/www.posk.se\/medelpads-sodra\/#website"},"datePublished":"2017-07-27T21:04:11+00:00","dateModified":"2025-09-01T16:18:39+00:00","breadcrumb":{"@id":"https:\/\/www.posk.se\/medelpads-sodra\/formular\/#breadcrumb"},"inLanguage":"sv-SE","potentialAction":[{"@type":"ReadAction","target":["https:\/\/www.posk.se\/medelpads-sodra\/formular\/"]}]},{"@type":"BreadcrumbList","@id":"https:\/\/www.posk.se\/medelpads-sodra\/formular\/#breadcrumb","itemListElement":[{"@type":"ListItem","position":1,"name":"Hem","item":"https:\/\/www.posk.se\/medelpads-sodra\/"},{"@type":"ListItem","position":2,"name":"POSK i H\u00e4rn\u00f6sands stift"}]},{"@type":"WebSite","@id":"https:\/\/www.posk.se\/medelpads-sodra\/#website","url":"https:\/\/www.posk.se\/medelpads-sodra\/","name":"Medelpads s\u00f6dra","description":"POSK-grupp i H\u00e4rn\u00f6sands stift","potentialAction":[{"@type":"SearchAction","target":{"@type":"EntryPoint","urlTemplate":"https:\/\/www.posk.se\/medelpads-sodra\/?s={search_term_string}"},"query-input":{"@type":"PropertyValueSpecification","valueRequired":true,"valueName":"search_term_string"}}],"inLanguage":"sv-SE"}]}},"_links":{"self":[{"href":"https:\/\/www.posk.se\/medelpads-sodra\/wp-json\/wp\/v2\/pages\/34","targetHints":{"allow":["GET"]}}],"collection":[{"href":"https:\/\/www.posk.se\/medelpads-sodra\/wp-json\/wp\/v2\/pages"}],"about":[{"href":"https:\/\/www.posk.se\/medelpads-sodra\/wp-json\/wp\/v2\/types\/page"}],"author":[{"embeddable":true,"href":"https:\/\/www.posk.se\/medelpads-sodra\/wp-json\/wp\/v2\/users\/1"}],"replies":[{"embeddable":true,"href":"https:\/\/www.posk.se\/medelpads-sodra\/wp-json\/wp\/v2\/comments?post=34"}],"version-history":[{"count":1,"href":"https:\/\/www.posk.se\/medelpads-sodra\/wp-json\/wp\/v2\/pages\/34\/revisions"}],"predecessor-version":[{"id":69,"href":"https:\/\/www.posk.se\/medelpads-sodra\/wp-json\/wp\/v2\/pages\/34\/revisions\/69"}],"wp:attachment":[{"href":"https:\/\/www.posk.se\/medelpads-sodra\/wp-json\/wp\/v2\/media?parent=34"}],"curies":[{"name":"wp","href":"https:\/\/api.w.org\/{rel}","templated":true}]}}