{"id":20,"date":"2016-07-19T18:19:52","date_gmt":"2016-07-19T16:19:52","guid":{"rendered":"https:\/\/www.posk.se\/marsta\/?page_id=20"},"modified":"2026-03-09T11:05:21","modified_gmt":"2026-03-09T10:05:21","slug":"startsidan-2","status":"publish","type":"page","link":"https:\/\/www.posk.se\/marsta\/","title":{"rendered":"POSK i M\u00e4rsta pastorat"},"content":{"rendered":"<div data-olk-copy-source=\"MessageBody\">\n<p><span style=\"color: #ee0000\"><span style=\"font-size: large\"><b>Ett varmt tack till alla som r\u00f6stade p\u00e5 POSK M\u00e4rsta pastorat!<\/b><\/span><\/span><\/p>\n<p><span style=\"font-size: large\">Under december 2025 fastst\u00e4lldes det goda valresultatet.<\/span><\/p>\n<p><span style=\"font-size: large\">Det inneb\u00e4r att POSK har egen majoritet, med f\u00f6ljande poster i pastoratets beslutande organ:<\/span><\/p>\n<p><span style=\"font-size: large\"><strong>Kyrkofullm\u00e4ktige<\/strong> med 16 ordinarie ledam\u00f6ter och 8 ers\u00e4ttare, med<\/span><\/p>\n<p><span style=\"font-size: large\"><strong>William Pyk, POSK<\/strong>, som ordf\u00f6rande.<\/span><\/p>\n<p><span style=\"font-size: large\">(Socialdemokraterna har 12 ledam\u00f6ter och 6 ers\u00e4ttare, <\/span><span style=\"font-size: large\">Sverigedemokraterna har 1 ordinarie ledamot.)<\/span><\/p>\n<p><span style=\"font-size: large\"><strong>Kyrkor\u00e5det<\/strong> 6 ordinarie ledam\u00f6ter och 3 ers\u00e4ttare, med<\/span><\/p>\n<p><span style=\"font-size: large\"><strong>Rune Holmberg, POSK<\/strong>, som ordf\u00f6rande.<\/span><\/p>\n<p><span style=\"font-size: large\">(Socialdemokraterna har 4 ledam\u00f6ter och 2 ers\u00e4ttare.)<\/span><\/p>\n<p><span style=\"font-size: large\">I <strong>arbetsutskottet<\/strong> \u00e4r <\/span><\/p>\n<p><span style=\"font-size: large\"><strong>Bj\u00f6rn S\u00f6derman, POSK<\/strong>, ordf\u00f6rande.<\/span><\/p>\n<p><span style=\"font-size: large\">Vid ett \u00f6ppet f\u00f6rsamlingsm\u00f6te f\u00f6resl\u00e5s personer till f\u00f6rsamlingsr\u00e5den.<\/span><\/p>\n<p><span style=\"font-size: large\">Dessa \u00f6verl\u00e4mnas till kyrkofullm\u00e4ktige f\u00f6r beslut.<\/span><\/p>\n<p><span style=\"font-size: large\">F\u00f6ljande personer \u00e4r valda som ordf\u00f6rande i respektive f\u00f6rsamling:<\/span><\/p>\n<p><span style=\"font-size: large\">Valsta f\u00f6rsamling: <strong>Krister H\u00f6gkvist<\/strong><strong>, POSK<\/strong><\/span><\/p>\n<p><span style=\"font-size: large\">Husby \u00c4rlinghundra f\u00f6rsamling: <strong>Ulf Lorandsson, POSK<\/strong><\/span><\/p>\n<p><span style=\"font-size: large\">Skepptuna f\u00f6rsamling: <strong>Ingegerd Ellenius, POSK<\/strong><\/span><\/p>\n<p><span style=\"font-size: large\">Norrsunda f\u00f6rsamling: <strong>Marianne Holmberg, POSK<\/strong><\/span><\/p>\n<p>&nbsp;<\/p>\n<p><img loading=\"lazy\" decoding=\"async\" class=\"alignnone size-medium wp-image-41\" style=\"font-size: 16px\" src=\"https:\/\/www.posk.se\/marsta\/wp-content\/uploads\/sites\/175\/2025\/04\/posk-mp-logo-300x136.png\" alt=\"\" width=\"300\" height=\"136\" srcset=\"https:\/\/www.posk.se\/marsta\/wp-content\/uploads\/sites\/175\/2025\/04\/posk-mp-logo-300x136.png 300w, https:\/\/www.posk.se\/marsta\/wp-content\/uploads\/sites\/175\/2025\/04\/posk-mp-logo-330x150.png 330w, https:\/\/www.posk.se\/marsta\/wp-content\/uploads\/sites\/175\/2025\/04\/posk-mp-logo.png 487w\" sizes=\"auto, (max-width: 300px) 100vw, 300px\" \/><\/p>\n<\/div>\n<div>\n<div dir=\"auto\"><\/div>\n<\/div>\n<div>\n<p><span style=\"color: #ee0000\"><span style=\"font-size: large\"><b>POSK M\u00e4rsta pastorat st\u00e5r f\u00f6r en kyrka n\u00e4ra dig <\/b><\/span><\/span><span style=\"color: #ee0000\"><span style=\"font-size: large\"><b>med<br \/>\nTRYGGHET, GEMENSKAP, TRADITIONER och GL\u00c4DJE<\/b><\/span><\/span><span style=\"color: #ee0000\"><span style=\"font-size: large\"><b>.<\/b><\/span><\/span><\/p>\n<p><span style=\"font-size: large\">Politisk obundna i Svenska kyrkan i M\u00e4rsta pastorat (POSK) best\u00e5r av medlemmar som \u00e4r engagerade, delaktiga och aktiva i Svenska kyrkan. <\/span><\/p>\n<p><span style=\"font-size: large\">Vi tycker inte att partipolitik och kyrkofr\u00e5gor ska blandas.<\/span><\/p>\n<p><span style=\"font-size: large\">Vi vill verka f\u00f6r ett rikt utbud av aktiviteter f\u00f6r alla \u00e5ldersgrupper b\u00e5de dagtid och kv\u00e4llstid i v\u00e5ra fyra f\u00f6rsamlingar Valsta (Valsta, Steninge, Steningeh\u00f6jden), Husby \u00c4rlinghundra (M\u00e4rsta, Odensala, Husby), Norrsunda (Rosersberg, Sk\u00e5nela) och Skepptuna (Skepptuna, Lunda, Vidbo).<\/span><\/p>\n<p><span style=\"font-size: large\">F\u00f6r en h\u00e5llbar kyrka \u00e4r det viktigt att barn, unga och vuxna k\u00e4nner sig hemma i kyrkans gemenskap och gl\u00e4dje. Verksamheter f\u00f6r barn och ungdomar ska vara kostnadsfria s\u00e5 att ingen beh\u00f6ver avst\u00e5 p\u00e5 grund av kostnad.<\/span><\/p>\n<p><span style=\"font-size: large\">P\u00e5 v\u00e5r valsedel hittar du personer fr\u00e5n alla fyra f\u00f6rsamlingarna som tycker att kyrkans budskap och arbete \u00e4r v\u00e4rdefullt. H\u00e4r hittar du kyrkv\u00e4rdar, s\u00e5ngare i n\u00e5gon av kyrkok\u00f6rerna och volont\u00e4rer som g\u00f6r m\u00e5nga olika insatser i v\u00e5ra f\u00f6rsamlingar, t.ex. sommar\u00f6ppna kyrkor, kyrkkaffe samt \u00e4r en brygga mellan hembygdsf\u00f6reningar och kyrkan.<\/span><\/p>\n<p><em><strong><br \/>\nL\u00e4nkar<\/strong>:<br \/>\n<\/em><a href=\"https:\/\/www.posk.se\/marsta\/\">Hem<\/a><br \/>\n<a href=\"https:\/\/www.posk.se\/marsta\/valprogram\/\">Valprogram<\/a><br \/>\n<a href=\"https:\/\/www.posk.se\/marsta\/valsedel\/\">V\u00e5ra kandidater<\/a><br \/>\n<a href=\"https:\/\/www.posk.se\/marsta\/fragor-svar\/\">Fr\u00e5gor &amp; Svar<\/a><br \/>\n<a href=\"https:\/\/www.posk.se\/marsta\/styrelse-posk-marsta-pastorat\/\">Styrelse<\/a><br \/>\n<a href=\"https:\/\/www.posk.se\/marsta\/kontakt\/\">Kontakt<\/a><br \/>\n<a href=\"https:\/\/www.posk.se\/uppsalastift\/\">POSK Uppsala Stift<\/a><br \/>\n<a href=\"https:\/\/www.posk.se\/\">POSK<\/a><br \/>\n<a href=\"https:\/\/www.svenskakyrkan.se\/marsta\">Svenska kyrkan M\u00e4rsta pastorat<\/a><br \/>\n<a href=\"https:\/\/www.svenskakyrkan.se\/marsta\/nyheter\/fortidsrostning\">Svenska kyrkan M\u00e4rsta pastorat &#8211; H\u00e4r r\u00f6star du i M\u00e4rsta pastorat<\/a><br \/>\n<a href=\"https:\/\/www.svenskakyrkan.se\/\">Svenska kyrkan<\/a><br \/>\n<a href=\"https:\/\/www.svenskakyrkan.se\/kyrkoval\/sa-rostar-du\">Svenska kyrkan &#8211; S\u00e5 r\u00f6star du<\/a><br \/>\n<a href=\"https:\/\/www.kyrkanstidning.se\/valkompass\">Valkompass &#8211; Kyrkans tidning<\/a><\/p>\n<p><a href=\"https:\/\/www.instagram.com\/poskmarstapastorat\/\"><img loading=\"lazy\" decoding=\"async\" class=\"alignnone size-full wp-image-123\" src=\"https:\/\/www.posk.se\/marsta\/wp-content\/uploads\/sites\/175\/2025\/09\/toppngcom-instagram-logo-vector-2018-782x591-1-e1758034064913.png\" alt=\"\" width=\"200\" height=\"151\" \/><\/a><br \/>\n<a href=\"https:\/\/www.instagram.com\/poskmarstapastorat\/\">F\u00f6lj oss p\u00e5 Instagram &#8211; poskmarstapastorat<\/a><\/p>\n<\/div>\n","protected":false},"excerpt":{"rendered":"<p>Ett varmt tack till alla som r\u00f6stade p\u00e5 POSK M\u00e4rsta pastorat! Under december 2025 fastst\u00e4lldes det goda valresultatet. Det inneb\u00e4r att POSK har egen majoritet, med f\u00f6ljande poster i pastoratets beslutande organ: Kyrkofullm\u00e4ktige med 16 ordinarie ledam\u00f6ter och 8 ers\u00e4ttare, med William Pyk, POSK, som ordf\u00f6rande. (Socialdemokraterna har 12 ledam\u00f6ter och 6 ers\u00e4ttare, Sverigedemokraterna har [&hellip;]<\/p>\n","protected":false},"author":1,"featured_media":0,"parent":0,"menu_order":0,"comment_status":"closed","ping_status":"closed","template":"page-templates\/page-sidebar-left.php","meta":{"_acf_changed":false,"footnotes":""},"class_list":["post-20","page","type-page","status-publish","hentry"],"acf":[],"yoast_head":"<!-- This site is optimized with the Yoast SEO plugin v24.9 - https:\/\/yoast.com\/wordpress\/plugins\/seo\/ -->\n<title>POSK i M\u00e4rsta pastorat - M\u00e4rsta<\/title>\n<meta name=\"robots\" content=\"index, follow, max-snippet:-1, max-image-preview:large, max-video-preview:-1\" \/>\n<link rel=\"canonical\" href=\"https:\/\/www.posk.se\/marsta\/\" \/>\n<meta property=\"og:locale\" content=\"sv_SE\" \/>\n<meta property=\"og:type\" content=\"article\" \/>\n<meta property=\"og:title\" content=\"POSK i M\u00e4rsta pastorat - M\u00e4rsta\" \/>\n<meta property=\"og:description\" content=\"Ett varmt tack till alla som r\u00f6stade p\u00e5 POSK M\u00e4rsta pastorat! Under december 2025 fastst\u00e4lldes det goda valresultatet. Det inneb\u00e4r att POSK har egen majoritet, med f\u00f6ljande poster i pastoratets beslutande organ: Kyrkofullm\u00e4ktige med 16 ordinarie ledam\u00f6ter och 8 ers\u00e4ttare, med William Pyk, POSK, som ordf\u00f6rande. (Socialdemokraterna har 12 ledam\u00f6ter och 6 ers\u00e4ttare, Sverigedemokraterna har [&hellip;]\" \/>\n<meta property=\"og:url\" content=\"https:\/\/www.posk.se\/marsta\/\" \/>\n<meta property=\"og:site_name\" content=\"M\u00e4rsta\" \/>\n<meta property=\"article:modified_time\" content=\"2026-03-09T10:05:21+00:00\" \/>\n<meta property=\"og:image\" content=\"https:\/\/www.posk.se\/marsta\/wp-content\/uploads\/sites\/175\/2025\/04\/posk-mp-logo.png\" \/>\n\t<meta property=\"og:image:width\" content=\"487\" \/>\n\t<meta property=\"og:image:height\" content=\"221\" \/>\n\t<meta property=\"og:image:type\" content=\"image\/png\" \/>\n<meta name=\"twitter:card\" content=\"summary_large_image\" \/>\n<meta name=\"twitter:label1\" content=\"Ber\u00e4knad l\u00e4stid\" \/>\n\t<meta name=\"twitter:data1\" content=\"3 minuter\" \/>\n<script type=\"application\/ld+json\" class=\"yoast-schema-graph\">{\"@context\":\"https:\/\/schema.org\",\"@graph\":[{\"@type\":\"WebPage\",\"@id\":\"https:\/\/www.posk.se\/marsta\/\",\"url\":\"https:\/\/www.posk.se\/marsta\/\",\"name\":\"POSK i M\u00e4rsta pastorat - M\u00e4rsta\",\"isPartOf\":{\"@id\":\"https:\/\/www.posk.se\/marsta\/#website\"},\"primaryImageOfPage\":{\"@id\":\"https:\/\/www.posk.se\/marsta\/#primaryimage\"},\"image\":{\"@id\":\"https:\/\/www.posk.se\/marsta\/#primaryimage\"},\"thumbnailUrl\":\"https:\/\/www.posk.se\/marsta\/wp-content\/uploads\/sites\/175\/2025\/04\/posk-mp-logo-300x136.png\",\"datePublished\":\"2016-07-19T16:19:52+00:00\",\"dateModified\":\"2026-03-09T10:05:21+00:00\",\"breadcrumb\":{\"@id\":\"https:\/\/www.posk.se\/marsta\/#breadcrumb\"},\"inLanguage\":\"sv-SE\",\"potentialAction\":[{\"@type\":\"ReadAction\",\"target\":[\"https:\/\/www.posk.se\/marsta\/\"]}]},{\"@type\":\"ImageObject\",\"inLanguage\":\"sv-SE\",\"@id\":\"https:\/\/www.posk.se\/marsta\/#primaryimage\",\"url\":\"https:\/\/www.posk.se\/marsta\/wp-content\/uploads\/sites\/175\/2025\/04\/posk-mp-logo.png\",\"contentUrl\":\"https:\/\/www.posk.se\/marsta\/wp-content\/uploads\/sites\/175\/2025\/04\/posk-mp-logo.png\",\"width\":487,\"height\":221},{\"@type\":\"BreadcrumbList\",\"@id\":\"https:\/\/www.posk.se\/marsta\/#breadcrumb\",\"itemListElement\":[{\"@type\":\"ListItem\",\"position\":1,\"name\":\"Hem\",\"item\":\"https:\/\/www.posk.se\/marsta\/\"},{\"@type\":\"ListItem\",\"position\":2,\"name\":\"POSK i M\u00e4rsta pastorat\"}]},{\"@type\":\"WebSite\",\"@id\":\"https:\/\/www.posk.se\/marsta\/#website\",\"url\":\"https:\/\/www.posk.se\/marsta\/\",\"name\":\"M\u00e4rsta\",\"description\":\"POSK-grupp i Uppsala stift\",\"potentialAction\":[{\"@type\":\"SearchAction\",\"target\":{\"@type\":\"EntryPoint\",\"urlTemplate\":\"https:\/\/www.posk.se\/marsta\/?s={search_term_string}\"},\"query-input\":{\"@type\":\"PropertyValueSpecification\",\"valueRequired\":true,\"valueName\":\"search_term_string\"}}],\"inLanguage\":\"sv-SE\"}]}<\/script>\n<!-- \/ Yoast SEO plugin. -->","yoast_head_json":{"title":"POSK i M\u00e4rsta pastorat - M\u00e4rsta","robots":{"index":"index","follow":"follow","max-snippet":"max-snippet:-1","max-image-preview":"max-image-preview:large","max-video-preview":"max-video-preview:-1"},"canonical":"https:\/\/www.posk.se\/marsta\/","og_locale":"sv_SE","og_type":"article","og_title":"POSK i M\u00e4rsta pastorat - M\u00e4rsta","og_description":"Ett varmt tack till alla som r\u00f6stade p\u00e5 POSK M\u00e4rsta pastorat! Under december 2025 fastst\u00e4lldes det goda valresultatet. Det inneb\u00e4r att POSK har egen majoritet, med f\u00f6ljande poster i pastoratets beslutande organ: Kyrkofullm\u00e4ktige med 16 ordinarie ledam\u00f6ter och 8 ers\u00e4ttare, med William Pyk, POSK, som ordf\u00f6rande. (Socialdemokraterna har 12 ledam\u00f6ter och 6 ers\u00e4ttare, Sverigedemokraterna har [&hellip;]","og_url":"https:\/\/www.posk.se\/marsta\/","og_site_name":"M\u00e4rsta","article_modified_time":"2026-03-09T10:05:21+00:00","og_image":[{"width":487,"height":221,"url":"https:\/\/www.posk.se\/marsta\/wp-content\/uploads\/sites\/175\/2025\/04\/posk-mp-logo.png","type":"image\/png"}],"twitter_card":"summary_large_image","twitter_misc":{"Ber\u00e4knad l\u00e4stid":"3 minuter"},"schema":{"@context":"https:\/\/schema.org","@graph":[{"@type":"WebPage","@id":"https:\/\/www.posk.se\/marsta\/","url":"https:\/\/www.posk.se\/marsta\/","name":"POSK i M\u00e4rsta pastorat - M\u00e4rsta","isPartOf":{"@id":"https:\/\/www.posk.se\/marsta\/#website"},"primaryImageOfPage":{"@id":"https:\/\/www.posk.se\/marsta\/#primaryimage"},"image":{"@id":"https:\/\/www.posk.se\/marsta\/#primaryimage"},"thumbnailUrl":"https:\/\/www.posk.se\/marsta\/wp-content\/uploads\/sites\/175\/2025\/04\/posk-mp-logo-300x136.png","datePublished":"2016-07-19T16:19:52+00:00","dateModified":"2026-03-09T10:05:21+00:00","breadcrumb":{"@id":"https:\/\/www.posk.se\/marsta\/#breadcrumb"},"inLanguage":"sv-SE","potentialAction":[{"@type":"ReadAction","target":["https:\/\/www.posk.se\/marsta\/"]}]},{"@type":"ImageObject","inLanguage":"sv-SE","@id":"https:\/\/www.posk.se\/marsta\/#primaryimage","url":"https:\/\/www.posk.se\/marsta\/wp-content\/uploads\/sites\/175\/2025\/04\/posk-mp-logo.png","contentUrl":"https:\/\/www.posk.se\/marsta\/wp-content\/uploads\/sites\/175\/2025\/04\/posk-mp-logo.png","width":487,"height":221},{"@type":"BreadcrumbList","@id":"https:\/\/www.posk.se\/marsta\/#breadcrumb","itemListElement":[{"@type":"ListItem","position":1,"name":"Hem","item":"https:\/\/www.posk.se\/marsta\/"},{"@type":"ListItem","position":2,"name":"POSK i M\u00e4rsta pastorat"}]},{"@type":"WebSite","@id":"https:\/\/www.posk.se\/marsta\/#website","url":"https:\/\/www.posk.se\/marsta\/","name":"M\u00e4rsta","description":"POSK-grupp i Uppsala stift","potentialAction":[{"@type":"SearchAction","target":{"@type":"EntryPoint","urlTemplate":"https:\/\/www.posk.se\/marsta\/?s={search_term_string}"},"query-input":{"@type":"PropertyValueSpecification","valueRequired":true,"valueName":"search_term_string"}}],"inLanguage":"sv-SE"}]}},"_links":{"self":[{"href":"https:\/\/www.posk.se\/marsta\/wp-json\/wp\/v2\/pages\/20","targetHints":{"allow":["GET"]}}],"collection":[{"href":"https:\/\/www.posk.se\/marsta\/wp-json\/wp\/v2\/pages"}],"about":[{"href":"https:\/\/www.posk.se\/marsta\/wp-json\/wp\/v2\/types\/page"}],"author":[{"embeddable":true,"href":"https:\/\/www.posk.se\/marsta\/wp-json\/wp\/v2\/users\/1"}],"replies":[{"embeddable":true,"href":"https:\/\/www.posk.se\/marsta\/wp-json\/wp\/v2\/comments?post=20"}],"version-history":[{"count":27,"href":"https:\/\/www.posk.se\/marsta\/wp-json\/wp\/v2\/pages\/20\/revisions"}],"predecessor-version":[{"id":155,"href":"https:\/\/www.posk.se\/marsta\/wp-json\/wp\/v2\/pages\/20\/revisions\/155"}],"wp:attachment":[{"href":"https:\/\/www.posk.se\/marsta\/wp-json\/wp\/v2\/media?parent=20"}],"curies":[{"name":"wp","href":"https:\/\/api.w.org\/{rel}","templated":true}]}}