{"id":148,"date":"2026-01-31T13:03:07","date_gmt":"2026-01-31T12:03:07","guid":{"rendered":"https:\/\/www.posk.se\/marsta\/?page_id=148"},"modified":"2026-01-31T13:03:27","modified_gmt":"2026-01-31T12:03:27","slug":"148-2","status":"publish","type":"page","link":"https:\/\/www.posk.se\/marsta\/148-2\/","title":{"rendered":"\u00c5rsm\u00f6te 2026"},"content":{"rendered":"<p>POSK M\u00e4rsta pastorat kallar gamla och nya medlemmar till \u00e5rsm\u00f6te<\/p>\n<p>2 februari 2026 kl. 19.00<\/p>\n<p>Plats: F\u00f6rsamlingsg\u00e5rden i Rosersberg.<\/p>\n<p>F\u00f6rt\u00e4ring: Kaffe\/te och sm\u00f6rg\u00e5st\u00e5rta.<\/p>\n<p>&nbsp;<\/p>\n<p>Medlemsavgift f\u00f6r 2026 betalas innan \u00e5rsm\u00f6tet p\u00e5<\/p>\n<p>plusgirot 478 26 40-9, 100 kr\/person<\/p>\n<p>(Viktigt! Skriv namn p\u00e5 inbetalningen).<\/p>\n<p>Medlemsavgiften g\u00e5r ocks\u00e5 bra att betala med kontanter p\u00e5 plats<\/p>\n<p>f\u00f6re \u00e5rsm\u00f6tets b\u00f6rjan.<\/p>\n<p><strong>Varmt v\u00e4lkomna!<\/strong><\/p>\n","protected":false},"excerpt":{"rendered":"<p>POSK M\u00e4rsta pastorat kallar gamla och nya medlemmar till \u00e5rsm\u00f6te 2 februari 2026 kl. 19.00 Plats: F\u00f6rsamlingsg\u00e5rden i Rosersberg. F\u00f6rt\u00e4ring: Kaffe\/te och sm\u00f6rg\u00e5st\u00e5rta. &nbsp; Medlemsavgift f\u00f6r 2026 betalas innan \u00e5rsm\u00f6tet p\u00e5 plusgirot 478 26 40-9, 100 kr\/person (Viktigt! Skriv namn p\u00e5 inbetalningen). Medlemsavgiften g\u00e5r ocks\u00e5 bra att betala med kontanter p\u00e5 plats f\u00f6re \u00e5rsm\u00f6tets b\u00f6rjan. [&hellip;]<\/p>\n","protected":false},"author":1933,"featured_media":0,"parent":0,"menu_order":2,"comment_status":"closed","ping_status":"closed","template":"page-templates\/page-sidebar-left.php","meta":{"_acf_changed":false,"footnotes":""},"class_list":["post-148","page","type-page","status-publish","hentry"],"acf":[],"yoast_head":"<!-- This site is optimized with the Yoast SEO plugin v24.9 - https:\/\/yoast.com\/wordpress\/plugins\/seo\/ -->\n<title>\u00c5rsm\u00f6te 2026 - M\u00e4rsta<\/title>\n<meta name=\"robots\" content=\"index, follow, max-snippet:-1, max-image-preview:large, max-video-preview:-1\" \/>\n<link rel=\"canonical\" href=\"https:\/\/www.posk.se\/marsta\/148-2\/\" \/>\n<meta property=\"og:locale\" content=\"sv_SE\" \/>\n<meta property=\"og:type\" content=\"article\" \/>\n<meta property=\"og:title\" content=\"\u00c5rsm\u00f6te 2026 - M\u00e4rsta\" \/>\n<meta property=\"og:description\" content=\"POSK M\u00e4rsta pastorat kallar gamla och nya medlemmar till \u00e5rsm\u00f6te 2 februari 2026 kl. 19.00 Plats: F\u00f6rsamlingsg\u00e5rden i Rosersberg. F\u00f6rt\u00e4ring: Kaffe\/te och sm\u00f6rg\u00e5st\u00e5rta. &nbsp; Medlemsavgift f\u00f6r 2026 betalas innan \u00e5rsm\u00f6tet p\u00e5 plusgirot 478 26 40-9, 100 kr\/person (Viktigt! Skriv namn p\u00e5 inbetalningen). Medlemsavgiften g\u00e5r ocks\u00e5 bra att betala med kontanter p\u00e5 plats f\u00f6re \u00e5rsm\u00f6tets b\u00f6rjan. [&hellip;]\" \/>\n<meta property=\"og:url\" content=\"https:\/\/www.posk.se\/marsta\/148-2\/\" \/>\n<meta property=\"og:site_name\" content=\"M\u00e4rsta\" \/>\n<meta property=\"article:modified_time\" content=\"2026-01-31T12:03:27+00:00\" \/>\n<meta name=\"twitter:card\" content=\"summary_large_image\" \/>\n<meta name=\"twitter:label1\" content=\"Ber\u00e4knad l\u00e4stid\" \/>\n\t<meta name=\"twitter:data1\" content=\"1 minut\" \/>\n<script type=\"application\/ld+json\" class=\"yoast-schema-graph\">{\"@context\":\"https:\/\/schema.org\",\"@graph\":[{\"@type\":\"WebPage\",\"@id\":\"https:\/\/www.posk.se\/marsta\/148-2\/\",\"url\":\"https:\/\/www.posk.se\/marsta\/148-2\/\",\"name\":\"\u00c5rsm\u00f6te 2026 - M\u00e4rsta\",\"isPartOf\":{\"@id\":\"https:\/\/www.posk.se\/marsta\/#website\"},\"datePublished\":\"2026-01-31T12:03:07+00:00\",\"dateModified\":\"2026-01-31T12:03:27+00:00\",\"breadcrumb\":{\"@id\":\"https:\/\/www.posk.se\/marsta\/148-2\/#breadcrumb\"},\"inLanguage\":\"sv-SE\",\"potentialAction\":[{\"@type\":\"ReadAction\",\"target\":[\"https:\/\/www.posk.se\/marsta\/148-2\/\"]}]},{\"@type\":\"BreadcrumbList\",\"@id\":\"https:\/\/www.posk.se\/marsta\/148-2\/#breadcrumb\",\"itemListElement\":[{\"@type\":\"ListItem\",\"position\":1,\"name\":\"Hem\",\"item\":\"https:\/\/www.posk.se\/marsta\/\"},{\"@type\":\"ListItem\",\"position\":2,\"name\":\"\u00c5rsm\u00f6te 2026\"}]},{\"@type\":\"WebSite\",\"@id\":\"https:\/\/www.posk.se\/marsta\/#website\",\"url\":\"https:\/\/www.posk.se\/marsta\/\",\"name\":\"M\u00e4rsta\",\"description\":\"POSK-grupp i Uppsala stift\",\"potentialAction\":[{\"@type\":\"SearchAction\",\"target\":{\"@type\":\"EntryPoint\",\"urlTemplate\":\"https:\/\/www.posk.se\/marsta\/?s={search_term_string}\"},\"query-input\":{\"@type\":\"PropertyValueSpecification\",\"valueRequired\":true,\"valueName\":\"search_term_string\"}}],\"inLanguage\":\"sv-SE\"}]}<\/script>\n<!-- \/ Yoast SEO plugin. -->","yoast_head_json":{"title":"\u00c5rsm\u00f6te 2026 - M\u00e4rsta","robots":{"index":"index","follow":"follow","max-snippet":"max-snippet:-1","max-image-preview":"max-image-preview:large","max-video-preview":"max-video-preview:-1"},"canonical":"https:\/\/www.posk.se\/marsta\/148-2\/","og_locale":"sv_SE","og_type":"article","og_title":"\u00c5rsm\u00f6te 2026 - M\u00e4rsta","og_description":"POSK M\u00e4rsta pastorat kallar gamla och nya medlemmar till \u00e5rsm\u00f6te 2 februari 2026 kl. 19.00 Plats: F\u00f6rsamlingsg\u00e5rden i Rosersberg. F\u00f6rt\u00e4ring: Kaffe\/te och sm\u00f6rg\u00e5st\u00e5rta. &nbsp; Medlemsavgift f\u00f6r 2026 betalas innan \u00e5rsm\u00f6tet p\u00e5 plusgirot 478 26 40-9, 100 kr\/person (Viktigt! Skriv namn p\u00e5 inbetalningen). Medlemsavgiften g\u00e5r ocks\u00e5 bra att betala med kontanter p\u00e5 plats f\u00f6re \u00e5rsm\u00f6tets b\u00f6rjan. [&hellip;]","og_url":"https:\/\/www.posk.se\/marsta\/148-2\/","og_site_name":"M\u00e4rsta","article_modified_time":"2026-01-31T12:03:27+00:00","twitter_card":"summary_large_image","twitter_misc":{"Ber\u00e4knad l\u00e4stid":"1 minut"},"schema":{"@context":"https:\/\/schema.org","@graph":[{"@type":"WebPage","@id":"https:\/\/www.posk.se\/marsta\/148-2\/","url":"https:\/\/www.posk.se\/marsta\/148-2\/","name":"\u00c5rsm\u00f6te 2026 - M\u00e4rsta","isPartOf":{"@id":"https:\/\/www.posk.se\/marsta\/#website"},"datePublished":"2026-01-31T12:03:07+00:00","dateModified":"2026-01-31T12:03:27+00:00","breadcrumb":{"@id":"https:\/\/www.posk.se\/marsta\/148-2\/#breadcrumb"},"inLanguage":"sv-SE","potentialAction":[{"@type":"ReadAction","target":["https:\/\/www.posk.se\/marsta\/148-2\/"]}]},{"@type":"BreadcrumbList","@id":"https:\/\/www.posk.se\/marsta\/148-2\/#breadcrumb","itemListElement":[{"@type":"ListItem","position":1,"name":"Hem","item":"https:\/\/www.posk.se\/marsta\/"},{"@type":"ListItem","position":2,"name":"\u00c5rsm\u00f6te 2026"}]},{"@type":"WebSite","@id":"https:\/\/www.posk.se\/marsta\/#website","url":"https:\/\/www.posk.se\/marsta\/","name":"M\u00e4rsta","description":"POSK-grupp i Uppsala stift","potentialAction":[{"@type":"SearchAction","target":{"@type":"EntryPoint","urlTemplate":"https:\/\/www.posk.se\/marsta\/?s={search_term_string}"},"query-input":{"@type":"PropertyValueSpecification","valueRequired":true,"valueName":"search_term_string"}}],"inLanguage":"sv-SE"}]}},"_links":{"self":[{"href":"https:\/\/www.posk.se\/marsta\/wp-json\/wp\/v2\/pages\/148","targetHints":{"allow":["GET"]}}],"collection":[{"href":"https:\/\/www.posk.se\/marsta\/wp-json\/wp\/v2\/pages"}],"about":[{"href":"https:\/\/www.posk.se\/marsta\/wp-json\/wp\/v2\/types\/page"}],"author":[{"embeddable":true,"href":"https:\/\/www.posk.se\/marsta\/wp-json\/wp\/v2\/users\/1933"}],"replies":[{"embeddable":true,"href":"https:\/\/www.posk.se\/marsta\/wp-json\/wp\/v2\/comments?post=148"}],"version-history":[{"count":5,"href":"https:\/\/www.posk.se\/marsta\/wp-json\/wp\/v2\/pages\/148\/revisions"}],"predecessor-version":[{"id":153,"href":"https:\/\/www.posk.se\/marsta\/wp-json\/wp\/v2\/pages\/148\/revisions\/153"}],"wp:attachment":[{"href":"https:\/\/www.posk.se\/marsta\/wp-json\/wp\/v2\/media?parent=148"}],"curies":[{"name":"wp","href":"https:\/\/api.w.org\/{rel}","templated":true}]}}