{"id":142,"date":"2026-01-31T12:31:58","date_gmt":"2026-01-31T11:31:58","guid":{"rendered":"https:\/\/www.posk.se\/marsta\/?page_id=142"},"modified":"2026-01-31T12:31:58","modified_gmt":"2026-01-31T11:31:58","slug":"kyrkoval-2025","status":"publish","type":"page","link":"https:\/\/www.posk.se\/marsta\/kyrkoval-2025\/","title":{"rendered":"Kyrkoval 2025"},"content":{"rendered":"<div data-olk-copy-source=\"MessageBody\">\n<p><span style=\"color: #ee0000\"><span style=\"font-size: large\"><b>Ett stort Tack till alla Er som r\u00f6stade p\u00e5 oss i kyrkovalet. Vi kommer att f\u00f6rvalta ert f\u00f6rnyade f\u00f6rtroende p\u00e5 b\u00e4sta s\u00e4tt.<\/b><\/span><\/span><\/p>\n<p><img loading=\"lazy\" decoding=\"async\" class=\"alignnone size-full wp-image-140\" src=\"https:\/\/www.posk.se\/marsta\/wp-content\/uploads\/sites\/175\/2025\/09\/tack.jpg\" alt=\"\" width=\"1229\" height=\"1536\" srcset=\"https:\/\/www.posk.se\/marsta\/wp-content\/uploads\/sites\/175\/2025\/09\/tack.jpg 1229w, https:\/\/www.posk.se\/marsta\/wp-content\/uploads\/sites\/175\/2025\/09\/tack-240x300.jpg 240w, https:\/\/www.posk.se\/marsta\/wp-content\/uploads\/sites\/175\/2025\/09\/tack-819x1024.jpg 819w, https:\/\/www.posk.se\/marsta\/wp-content\/uploads\/sites\/175\/2025\/09\/tack-768x960.jpg 768w, https:\/\/www.posk.se\/marsta\/wp-content\/uploads\/sites\/175\/2025\/09\/tack-330x412.jpg 330w\" sizes=\"auto, (max-width: 1229px) 100vw, 1229px\" \/><\/p>\n<p><img loading=\"lazy\" decoding=\"async\" class=\"alignnone size-medium wp-image-41\" style=\"font-size: 16px\" src=\"https:\/\/www.posk.se\/marsta\/wp-content\/uploads\/sites\/175\/2025\/04\/posk-mp-logo-300x136.png\" alt=\"\" width=\"300\" height=\"136\" srcset=\"https:\/\/www.posk.se\/marsta\/wp-content\/uploads\/sites\/175\/2025\/04\/posk-mp-logo-300x136.png 300w, https:\/\/www.posk.se\/marsta\/wp-content\/uploads\/sites\/175\/2025\/04\/posk-mp-logo-330x150.png 330w, https:\/\/www.posk.se\/marsta\/wp-content\/uploads\/sites\/175\/2025\/04\/posk-mp-logo.png 487w\" sizes=\"auto, (max-width: 300px) 100vw, 300px\" \/><\/p>\n<\/div>\n<div>\n<div dir=\"auto\"><\/div>\n<\/div>\n<div>\n<p><span style=\"color: #ee0000\"><span style=\"font-size: large\"><b>POSK M\u00e4rsta pastorat st\u00e5r f\u00f6r en kyrka n\u00e4ra dig <\/b><\/span><\/span><span style=\"color: #ee0000\"><span style=\"font-size: large\"><b>med<br \/>\nTRYGGHET, GEMENSKAP, TRADITIONER och GL\u00c4DJE<\/b><\/span><\/span><span style=\"color: #ee0000\"><span style=\"font-size: large\"><b>.<\/b><\/span><\/span><\/p>\n<p><span style=\"font-size: large\">Politisk obundna i Svenska kyrkan i M\u00e4rsta pastorat (POSK) best\u00e5r av medlemmar som \u00e4r engagerade, delaktiga och aktiva i Svenska kyrkan. <\/span><\/p>\n<p><span style=\"font-size: large\">Vi tycker inte att partipolitik och kyrkofr\u00e5gor ska blandas.<\/span><\/p>\n<p><span style=\"font-size: large\">Vi vill verka f\u00f6r ett rikt utbud av aktiviteter f\u00f6r alla \u00e5ldersgrupper b\u00e5de dagtid och kv\u00e4llstid i v\u00e5ra fyra f\u00f6rsamlingar Valsta (Valsta, Steninge, Steningeh\u00f6jden), Husby \u00c4rlinghundra (M\u00e4rsta, Odensala, Husby), Norrsunda (Rosersberg, Sk\u00e5nela) och Skepptuna (Skepptuna, Lunda, Vidbo).<\/span><\/p>\n<p><span style=\"font-size: large\">F\u00f6r en h\u00e5llbar kyrka \u00e4r det viktigt att barn, unga och vuxna k\u00e4nner sig hemma i kyrkans gemenskap och gl\u00e4dje. Verksamheter f\u00f6r barn och ungdomar ska vara kostnadsfria s\u00e5 att ingen beh\u00f6ver avst\u00e5 p\u00e5 grund av kostnad.<\/span><\/p>\n<p><span style=\"font-size: large\">P\u00e5 v\u00e5r valsedel hittar du personer fr\u00e5n alla fyra f\u00f6rsamlingarna som tycker att kyrkans budskap och arbete \u00e4r v\u00e4rdefullt. H\u00e4r hittar du kyrkv\u00e4rdar, s\u00e5ngare i n\u00e5gon av kyrkok\u00f6rerna och volont\u00e4rer som g\u00f6r m\u00e5nga olika insatser i v\u00e5ra f\u00f6rsamlingar, t.ex. sommar\u00f6ppna kyrkor, kyrkkaffe samt \u00e4r en brygga mellan hembygdsf\u00f6reningar och kyrkan.<\/span><\/p>\n<p><em><strong><br \/>\nL\u00e4nkar<\/strong>:<br \/>\n<\/em><a href=\"https:\/\/www.posk.se\/marsta\/\">Hem<\/a><br \/>\n<a href=\"https:\/\/www.posk.se\/marsta\/valprogram\/\">Valprogram<\/a><br \/>\n<a href=\"https:\/\/www.posk.se\/marsta\/valsedel\/\">V\u00e5ra kandidater<\/a><br \/>\n<a href=\"https:\/\/www.posk.se\/marsta\/fragor-svar\/\">Fr\u00e5gor &amp; Svar<\/a><br \/>\n<a href=\"https:\/\/www.posk.se\/marsta\/styrelse-posk-marsta-pastorat\/\">Styrelse<\/a><br \/>\n<a href=\"https:\/\/www.posk.se\/marsta\/kontakt\/\">Kontakt<\/a><br \/>\n<a href=\"https:\/\/www.posk.se\/uppsalastift\/\">POSK Uppsala Stift<\/a><br \/>\n<a href=\"https:\/\/www.posk.se\/\">POSK<\/a><br \/>\n<a href=\"https:\/\/www.svenskakyrkan.se\/marsta\">Svenska kyrkan M\u00e4rsta pastorat<\/a><br \/>\n<a href=\"https:\/\/www.svenskakyrkan.se\/marsta\/nyheter\/fortidsrostning\">Svenska kyrkan M\u00e4rsta pastorat &#8211; H\u00e4r r\u00f6star du i M\u00e4rsta pastorat<\/a><br \/>\n<a href=\"https:\/\/www.svenskakyrkan.se\/\">Svenska kyrkan<\/a><br \/>\n<a href=\"https:\/\/www.svenskakyrkan.se\/kyrkoval\/sa-rostar-du\">Svenska kyrkan &#8211; S\u00e5 r\u00f6star du<\/a><br \/>\n<a href=\"https:\/\/www.kyrkanstidning.se\/valkompass\">Valkompass &#8211; Kyrkans tidning<\/a><\/p>\n<p><a href=\"https:\/\/www.instagram.com\/poskmarstapastorat\/\"><img loading=\"lazy\" decoding=\"async\" class=\"alignnone size-full wp-image-123\" src=\"https:\/\/www.posk.se\/marsta\/wp-content\/uploads\/sites\/175\/2025\/09\/toppngcom-instagram-logo-vector-2018-782x591-1-e1758034064913.png\" alt=\"\" width=\"200\" height=\"151\" \/><\/a><br \/>\n<a href=\"https:\/\/www.instagram.com\/poskmarstapastorat\/\">F\u00f6lj oss p\u00e5 Instagram &#8211; poskmarstapastorat<\/a><\/p>\n<\/div>\n","protected":false},"excerpt":{"rendered":"<p>Ett stort Tack till alla Er som r\u00f6stade p\u00e5 oss i kyrkovalet. Vi kommer att f\u00f6rvalta ert f\u00f6rnyade f\u00f6rtroende p\u00e5 b\u00e4sta s\u00e4tt. POSK M\u00e4rsta pastorat st\u00e5r f\u00f6r en kyrka n\u00e4ra dig med TRYGGHET, GEMENSKAP, TRADITIONER och GL\u00c4DJE. Politisk obundna i Svenska kyrkan i M\u00e4rsta pastorat (POSK) best\u00e5r av medlemmar som \u00e4r engagerade, delaktiga och aktiva [&hellip;]<\/p>\n","protected":false},"author":1933,"featured_media":0,"parent":0,"menu_order":3,"comment_status":"closed","ping_status":"closed","template":"page-templates\/page-sidebar-left.php","meta":{"_acf_changed":false,"footnotes":""},"class_list":["post-142","page","type-page","status-publish","hentry"],"acf":[],"yoast_head":"<!-- This site is optimized with the Yoast SEO plugin v24.9 - https:\/\/yoast.com\/wordpress\/plugins\/seo\/ -->\n<title>Kyrkoval 2025 - M\u00e4rsta<\/title>\n<meta name=\"robots\" content=\"index, follow, max-snippet:-1, max-image-preview:large, max-video-preview:-1\" \/>\n<link rel=\"canonical\" href=\"https:\/\/www.posk.se\/marsta\/kyrkoval-2025\/\" \/>\n<meta property=\"og:locale\" content=\"sv_SE\" \/>\n<meta property=\"og:type\" content=\"article\" \/>\n<meta property=\"og:title\" content=\"Kyrkoval 2025 - M\u00e4rsta\" \/>\n<meta property=\"og:description\" content=\"Ett stort Tack till alla Er som r\u00f6stade p\u00e5 oss i kyrkovalet. Vi kommer att f\u00f6rvalta ert f\u00f6rnyade f\u00f6rtroende p\u00e5 b\u00e4sta s\u00e4tt. POSK M\u00e4rsta pastorat st\u00e5r f\u00f6r en kyrka n\u00e4ra dig med TRYGGHET, GEMENSKAP, TRADITIONER och GL\u00c4DJE. Politisk obundna i Svenska kyrkan i M\u00e4rsta pastorat (POSK) best\u00e5r av medlemmar som \u00e4r engagerade, delaktiga och aktiva [&hellip;]\" \/>\n<meta property=\"og:url\" content=\"https:\/\/www.posk.se\/marsta\/kyrkoval-2025\/\" \/>\n<meta property=\"og:site_name\" content=\"M\u00e4rsta\" \/>\n<meta property=\"og:image\" content=\"https:\/\/www.posk.se\/marsta\/wp-content\/uploads\/sites\/175\/2025\/09\/tack.jpg\" \/>\n\t<meta property=\"og:image:width\" content=\"1229\" \/>\n\t<meta property=\"og:image:height\" content=\"1536\" \/>\n\t<meta property=\"og:image:type\" content=\"image\/jpeg\" \/>\n<meta name=\"twitter:card\" content=\"summary_large_image\" \/>\n<meta name=\"twitter:label1\" content=\"Ber\u00e4knad l\u00e4stid\" \/>\n\t<meta name=\"twitter:data1\" content=\"2 minuter\" \/>\n<script type=\"application\/ld+json\" class=\"yoast-schema-graph\">{\"@context\":\"https:\/\/schema.org\",\"@graph\":[{\"@type\":\"WebPage\",\"@id\":\"https:\/\/www.posk.se\/marsta\/kyrkoval-2025\/\",\"url\":\"https:\/\/www.posk.se\/marsta\/kyrkoval-2025\/\",\"name\":\"Kyrkoval 2025 - M\u00e4rsta\",\"isPartOf\":{\"@id\":\"https:\/\/www.posk.se\/marsta\/#website\"},\"primaryImageOfPage\":{\"@id\":\"https:\/\/www.posk.se\/marsta\/kyrkoval-2025\/#primaryimage\"},\"image\":{\"@id\":\"https:\/\/www.posk.se\/marsta\/kyrkoval-2025\/#primaryimage\"},\"thumbnailUrl\":\"https:\/\/www.posk.se\/marsta\/wp-content\/uploads\/sites\/175\/2025\/09\/tack.jpg\",\"datePublished\":\"2026-01-31T11:31:58+00:00\",\"breadcrumb\":{\"@id\":\"https:\/\/www.posk.se\/marsta\/kyrkoval-2025\/#breadcrumb\"},\"inLanguage\":\"sv-SE\",\"potentialAction\":[{\"@type\":\"ReadAction\",\"target\":[\"https:\/\/www.posk.se\/marsta\/kyrkoval-2025\/\"]}]},{\"@type\":\"ImageObject\",\"inLanguage\":\"sv-SE\",\"@id\":\"https:\/\/www.posk.se\/marsta\/kyrkoval-2025\/#primaryimage\",\"url\":\"https:\/\/www.posk.se\/marsta\/wp-content\/uploads\/sites\/175\/2025\/09\/tack.jpg\",\"contentUrl\":\"https:\/\/www.posk.se\/marsta\/wp-content\/uploads\/sites\/175\/2025\/09\/tack.jpg\",\"width\":1229,\"height\":1536},{\"@type\":\"BreadcrumbList\",\"@id\":\"https:\/\/www.posk.se\/marsta\/kyrkoval-2025\/#breadcrumb\",\"itemListElement\":[{\"@type\":\"ListItem\",\"position\":1,\"name\":\"Hem\",\"item\":\"https:\/\/www.posk.se\/marsta\/\"},{\"@type\":\"ListItem\",\"position\":2,\"name\":\"Kyrkoval 2025\"}]},{\"@type\":\"WebSite\",\"@id\":\"https:\/\/www.posk.se\/marsta\/#website\",\"url\":\"https:\/\/www.posk.se\/marsta\/\",\"name\":\"M\u00e4rsta\",\"description\":\"POSK-grupp i Uppsala stift\",\"potentialAction\":[{\"@type\":\"SearchAction\",\"target\":{\"@type\":\"EntryPoint\",\"urlTemplate\":\"https:\/\/www.posk.se\/marsta\/?s={search_term_string}\"},\"query-input\":{\"@type\":\"PropertyValueSpecification\",\"valueRequired\":true,\"valueName\":\"search_term_string\"}}],\"inLanguage\":\"sv-SE\"}]}<\/script>\n<!-- \/ Yoast SEO plugin. -->","yoast_head_json":{"title":"Kyrkoval 2025 - M\u00e4rsta","robots":{"index":"index","follow":"follow","max-snippet":"max-snippet:-1","max-image-preview":"max-image-preview:large","max-video-preview":"max-video-preview:-1"},"canonical":"https:\/\/www.posk.se\/marsta\/kyrkoval-2025\/","og_locale":"sv_SE","og_type":"article","og_title":"Kyrkoval 2025 - M\u00e4rsta","og_description":"Ett stort Tack till alla Er som r\u00f6stade p\u00e5 oss i kyrkovalet. Vi kommer att f\u00f6rvalta ert f\u00f6rnyade f\u00f6rtroende p\u00e5 b\u00e4sta s\u00e4tt. POSK M\u00e4rsta pastorat st\u00e5r f\u00f6r en kyrka n\u00e4ra dig med TRYGGHET, GEMENSKAP, TRADITIONER och GL\u00c4DJE. Politisk obundna i Svenska kyrkan i M\u00e4rsta pastorat (POSK) best\u00e5r av medlemmar som \u00e4r engagerade, delaktiga och aktiva [&hellip;]","og_url":"https:\/\/www.posk.se\/marsta\/kyrkoval-2025\/","og_site_name":"M\u00e4rsta","og_image":[{"width":1229,"height":1536,"url":"https:\/\/www.posk.se\/marsta\/wp-content\/uploads\/sites\/175\/2025\/09\/tack.jpg","type":"image\/jpeg"}],"twitter_card":"summary_large_image","twitter_misc":{"Ber\u00e4knad l\u00e4stid":"2 minuter"},"schema":{"@context":"https:\/\/schema.org","@graph":[{"@type":"WebPage","@id":"https:\/\/www.posk.se\/marsta\/kyrkoval-2025\/","url":"https:\/\/www.posk.se\/marsta\/kyrkoval-2025\/","name":"Kyrkoval 2025 - M\u00e4rsta","isPartOf":{"@id":"https:\/\/www.posk.se\/marsta\/#website"},"primaryImageOfPage":{"@id":"https:\/\/www.posk.se\/marsta\/kyrkoval-2025\/#primaryimage"},"image":{"@id":"https:\/\/www.posk.se\/marsta\/kyrkoval-2025\/#primaryimage"},"thumbnailUrl":"https:\/\/www.posk.se\/marsta\/wp-content\/uploads\/sites\/175\/2025\/09\/tack.jpg","datePublished":"2026-01-31T11:31:58+00:00","breadcrumb":{"@id":"https:\/\/www.posk.se\/marsta\/kyrkoval-2025\/#breadcrumb"},"inLanguage":"sv-SE","potentialAction":[{"@type":"ReadAction","target":["https:\/\/www.posk.se\/marsta\/kyrkoval-2025\/"]}]},{"@type":"ImageObject","inLanguage":"sv-SE","@id":"https:\/\/www.posk.se\/marsta\/kyrkoval-2025\/#primaryimage","url":"https:\/\/www.posk.se\/marsta\/wp-content\/uploads\/sites\/175\/2025\/09\/tack.jpg","contentUrl":"https:\/\/www.posk.se\/marsta\/wp-content\/uploads\/sites\/175\/2025\/09\/tack.jpg","width":1229,"height":1536},{"@type":"BreadcrumbList","@id":"https:\/\/www.posk.se\/marsta\/kyrkoval-2025\/#breadcrumb","itemListElement":[{"@type":"ListItem","position":1,"name":"Hem","item":"https:\/\/www.posk.se\/marsta\/"},{"@type":"ListItem","position":2,"name":"Kyrkoval 2025"}]},{"@type":"WebSite","@id":"https:\/\/www.posk.se\/marsta\/#website","url":"https:\/\/www.posk.se\/marsta\/","name":"M\u00e4rsta","description":"POSK-grupp i Uppsala stift","potentialAction":[{"@type":"SearchAction","target":{"@type":"EntryPoint","urlTemplate":"https:\/\/www.posk.se\/marsta\/?s={search_term_string}"},"query-input":{"@type":"PropertyValueSpecification","valueRequired":true,"valueName":"search_term_string"}}],"inLanguage":"sv-SE"}]}},"_links":{"self":[{"href":"https:\/\/www.posk.se\/marsta\/wp-json\/wp\/v2\/pages\/142","targetHints":{"allow":["GET"]}}],"collection":[{"href":"https:\/\/www.posk.se\/marsta\/wp-json\/wp\/v2\/pages"}],"about":[{"href":"https:\/\/www.posk.se\/marsta\/wp-json\/wp\/v2\/types\/page"}],"author":[{"embeddable":true,"href":"https:\/\/www.posk.se\/marsta\/wp-json\/wp\/v2\/users\/1933"}],"replies":[{"embeddable":true,"href":"https:\/\/www.posk.se\/marsta\/wp-json\/wp\/v2\/comments?post=142"}],"version-history":[{"count":4,"href":"https:\/\/www.posk.se\/marsta\/wp-json\/wp\/v2\/pages\/142\/revisions"}],"predecessor-version":[{"id":146,"href":"https:\/\/www.posk.se\/marsta\/wp-json\/wp\/v2\/pages\/142\/revisions\/146"}],"wp:attachment":[{"href":"https:\/\/www.posk.se\/marsta\/wp-json\/wp\/v2\/media?parent=142"}],"curies":[{"name":"wp","href":"https:\/\/api.w.org\/{rel}","templated":true}]}}