{"id":20,"date":"2016-07-20T12:08:56","date_gmt":"2016-07-20T10:08:56","guid":{"rendered":"https:\/\/www.posk.se\/lund\/?page_id=20"},"modified":"2025-09-12T09:30:17","modified_gmt":"2025-09-12T07:30:17","slug":"startsidan-2","status":"publish","type":"page","link":"https:\/\/www.posk.se\/lund\/","title":{"rendered":"Lund"},"content":{"rendered":"<h4><em>POSK i Lunds pastorat arbetar f\u00f6r att:<\/em><\/h4>\n<ul>\n<li>Gudstj\u00e4nstlivet i pastoratet skall k\u00e4nnetecknas av m\u00e5ngfald samt samverkan i pastoratet.<\/li>\n<li>St\u00e4rka och utveckla s\u00f6ndagsgudstj\u00e4nsterna<\/li>\n<li>\u00d6ka satsningen p\u00e5 mission och undervisning i kristen tro.<\/li>\n<li>Barn och unga skall ges m\u00f6jlighet att v\u00e4xa in i kyrkan<\/li>\n<li>Verksamhet mot unga skall vara prioriterat.<\/li>\n<li>Mission skall utvecklas som kyrklig n\u00e4rvaro d\u00e4r m\u00e4nniskor finns<\/li>\n<li>Diakonin skall vara en integrerad del av f\u00f6rsamlingsverksamheten<\/li>\n<li>Diakonin skall vara profetisk, k\u00e4mpa f\u00f6r m\u00e4nniskors r\u00e4tt och social r\u00e4ttvisa.<\/li>\n<li>Det skall i pastoratet finnas familjer\u00e5dgivning och diakonicentrum med s\u00e4rskild kompetens f\u00f6r gemensam verksamhet ut\u00f6ver f\u00f6rsamlingarnas diakonala verksamhet.<\/li>\n<li>Svenska kyrkan i Lund skall vara en tydlig akt\u00f6r i samh\u00e4llet.<\/li>\n<li>Det skall synas att f\u00f6rsamlingarna \u00e4r en del av den v\u00e4rldsvida kyrkan.<\/li>\n<li>Utveckla s\u00e5ng och musik med b\u00e5de bredd och kvalitet.<\/li>\n<li>F\u00f6r en m\u00e5ngfald bland anst\u00e4llda och f\u00f6rtroendevalda.<\/li>\n<li>Verka f\u00f6r b\u00e4ttre information om Svenska kyrkans identitet och arbete.<\/li>\n<\/ul>\n<h4>Ins\u00e4ndare<em>:<\/em><\/h4>\n<p>2025-09-12 har vi en ins\u00e4ndare p\u00e5 Lundasidan i Sydsvenskan kring vad POSK vill med kyrkan i Lund: <a href=\"https:\/\/www.sydsvenskan.se\/2025-09-10\/stoppa-nedlaggningen-av-forsamlingsgarden\/\" target=\"_blank\" rel=\"noopener\">https:\/\/www.sydsvenskan.se\/2025-09-10\/stoppa-nedlaggningen-av-forsamlingsgarden\/<\/a><\/p>\n<h4><em>POSK i Lunds pastorat vill:<\/em><\/h4>\n<p>Svenska kyrkan i Lund har ett stabilt antal medlemmar, fler d\u00f6pta (+28%) och konfirmerade (+69%) och \u00f6kande int\u00e4kter tack vare inflyttning och god ekonomi f\u00f6r lundaborna (+17%) de senaste fem \u00e5ren. Trots detta har nuvarande politiska ledning dragit in tj\u00e4nster och sagt upp lokaler.<\/p>\n<p>POSK vill satsa fram\u00e5t \u00ad- inte spara s\u00f6nder fungerade verksamheter!<\/p>\n<ul>\n<li>Satsa p\u00e5 ungdomsdiakoni genom samtalsmottagning f\u00f6r unga<\/li>\n<li>Hyra tillbaka f\u00f6rsamlingsg\u00e5rden p\u00e5 Linero d\u00e4r den s\u00e5 v\u00e4l beh\u00f6vs<\/li>\n<\/ul>\n<p><strong>Ge POSK din r\u00f6st<\/strong><\/p>\n<ul>\n<li>Om POSK vinner majoritet kommer vi att satsa p\u00e5 framtiden!<\/li>\n<\/ul>\n<h2>Vi som kandiderar i valet 2025 i Lunds pastorat<\/h2>\n<p>1 Kenneth B Ferm, Lunds \u00f6stra<br \/>\n2 Cecilia \u00c5kesson, Torn<br \/>\n3 Nils G\u00e5rder, Domkyrko<br \/>\n4 Maria Edholm, Lunds \u00f6stra<br \/>\n5 Mats Leijman, Lunds \u00f6stra<br \/>\n6 Ylva Hedin Larsson, Allhelgona<br \/>\n7 Mats Berg, Domkyrko<br \/>\n8 \u00c5sa Bj\u00f6rkman, Allhelgona<br \/>\n9 Pernilla Rempe Sj\u00f6stedt, Lunds \u00f6stra<br \/>\n10 Per Runeson, Lunds \u00f6stra<br \/>\n11 Monica L\u00f6vestam Adrian, Domkyrko<br \/>\n12 John-Kalle L\u00e4nsberg, Domkyrko<br \/>\n13 Mikael Lassen, Lunds \u00f6stra<br \/>\n14 Bernt Borgestig, S:t Peters Kloster<br \/>\n15 Elisabet Bexell, Lunds \u00f6stra<br \/>\n16 John Sunnqvist, S:t Peters Kloster<br \/>\n17 Ulf Kullenbok, Helgeand<br \/>\n18 Mattias Alveteg, Lunds \u00f6stra<br \/>\n19 Jan Sternby, N\u00f6bbel\u00f6v<br \/>\n20 Kristina Alveteg, Lunds \u00f6stra<br \/>\n21Carin Ferm, Lunds \u00f6stra<br \/>\n22 Elias Petr\u00e9n, Helgeand<br \/>\n23 Hilda Tuvesson, Lunds \u00f6stra<br \/>\n24 Santal Sj\u00f6blom Timstedt, S:t Peters Kloster<br \/>\n25 Mattias Maciej Nowak, S:t Peters Kloster<br \/>\n26 Kristina Hellaeus, Lunds \u00f6stra<br \/>\n27 Gunilla Sj\u00f6stedt-Sj\u00f6berg, Lunds \u00f6stra<br \/>\n28 Eva Queckfeldt, Helgeand<br \/>\n29 Lennart Jonson, S:t Peters Kloster<br \/>\n30 Ulrika Klingvall, Domkyrko<br \/>\n31 Kristina Willner, S:t Peters Kloster<br \/>\n32 Kjell \u00c5 Mod\u00e9er, Allhelgon<\/p>\n<h2>F\u00f6lj oss g\u00e4rna p\u00e5 Facebook<\/h2>\n<p><a href=\"https:\/\/www.facebook.com\/Posklund\/\">https:\/\/www.facebook.com\/Posklund\/<\/a><\/p>\n<h2>Vill du bli medlem i POSK Lund<\/h2>\n<p>Skicka d\u00e5 e-post till v\u00e5r ordf Mats Leijman (se nedan) med din adress, mobilnr och personnummer s\u00e5 kontaktar han dig. Medlemskap kostar 100 kr\/ \u00e5r (studerande 50 :-\/\u00e5r). Mycket v\u00e4lkommen.\u00a0 POSK kortprogram hittar du p\u00e5 <a href=\"https:\/\/www.posk.se\/vi-vill\/kortprogram\/\">https:\/\/www.posk.se\/vi-vill\/kortprogram\/.<\/a><\/p>\n<h2>Kontakta oss<\/h2>\n<p>Vill du veta mer eller engagera dig f\u00f6r POSK i Lunds pastorat kontakta oss g\u00e4rna:<\/p>\n<p><strong>Ordf\u00f6rande f\u00f6r POSK i Lunds pastorat:<\/strong> Mats Leijman, <a href=\"mailto:mats.leijman@gmail.com\">mats.leijman@gmail.com<\/a><\/p>\n<p>&nbsp;<\/p>\n<h6><\/h6>\n<p>&nbsp;<\/p>\n<h6 style=\"text-align: right\">Sidans toppbild: Foto: POSK i Lunds pastorat<\/h6>\n","protected":false},"excerpt":{"rendered":"<p>POSK i Lunds pastorat arbetar f\u00f6r att: Gudstj\u00e4nstlivet i pastoratet skall k\u00e4nnetecknas av m\u00e5ngfald samt samverkan i pastoratet. St\u00e4rka och utveckla s\u00f6ndagsgudstj\u00e4nsterna \u00d6ka satsningen p\u00e5 mission och undervisning i kristen tro. Barn och unga skall ges m\u00f6jlighet att v\u00e4xa in i kyrkan Verksamhet mot unga skall vara prioriterat. Mission skall utvecklas som kyrklig n\u00e4rvaro d\u00e4r [&hellip;]<\/p>\n","protected":false},"author":1,"featured_media":349,"parent":0,"menu_order":0,"comment_status":"closed","ping_status":"closed","template":"page-templates\/page-sidebar-left.php","meta":{"_acf_changed":false,"footnotes":""},"class_list":["post-20","page","type-page","status-publish","has-post-thumbnail","hentry"],"acf":[],"yoast_head":"<!-- This site is optimized with the Yoast SEO plugin v24.9 - https:\/\/yoast.com\/wordpress\/plugins\/seo\/ -->\n<title>Lund - Lund<\/title>\n<meta name=\"robots\" content=\"index, follow, max-snippet:-1, max-image-preview:large, max-video-preview:-1\" \/>\n<link rel=\"canonical\" href=\"https:\/\/www.posk.se\/lund\/\" \/>\n<meta property=\"og:locale\" content=\"sv_SE\" \/>\n<meta property=\"og:type\" content=\"article\" \/>\n<meta property=\"og:title\" content=\"Lund - Lund\" \/>\n<meta property=\"og:description\" content=\"POSK i Lunds pastorat arbetar f\u00f6r att: Gudstj\u00e4nstlivet i pastoratet skall k\u00e4nnetecknas av m\u00e5ngfald samt samverkan i pastoratet. St\u00e4rka och utveckla s\u00f6ndagsgudstj\u00e4nsterna \u00d6ka satsningen p\u00e5 mission och undervisning i kristen tro. Barn och unga skall ges m\u00f6jlighet att v\u00e4xa in i kyrkan Verksamhet mot unga skall vara prioriterat. Mission skall utvecklas som kyrklig n\u00e4rvaro d\u00e4r [&hellip;]\" \/>\n<meta property=\"og:url\" content=\"https:\/\/www.posk.se\/lund\/\" \/>\n<meta property=\"og:site_name\" content=\"Lund\" \/>\n<meta property=\"article:modified_time\" content=\"2025-09-12T07:30:17+00:00\" \/>\n<meta property=\"og:image\" content=\"https:\/\/www.posk.se\/lund\/wp-content\/uploads\/sites\/109\/2025\/07\/lund-logo-transp-bakgrund-e1752726491289.png\" \/>\n\t<meta property=\"og:image:width\" content=\"2000\" \/>\n\t<meta property=\"og:image:height\" content=\"796\" \/>\n\t<meta property=\"og:image:type\" content=\"image\/png\" \/>\n<meta name=\"twitter:card\" content=\"summary_large_image\" \/>\n<meta name=\"twitter:label1\" content=\"Ber\u00e4knad l\u00e4stid\" \/>\n\t<meta name=\"twitter:data1\" content=\"3 minuter\" \/>\n<script type=\"application\/ld+json\" class=\"yoast-schema-graph\">{\"@context\":\"https:\/\/schema.org\",\"@graph\":[{\"@type\":\"WebPage\",\"@id\":\"https:\/\/www.posk.se\/lund\/\",\"url\":\"https:\/\/www.posk.se\/lund\/\",\"name\":\"Lund - Lund\",\"isPartOf\":{\"@id\":\"https:\/\/www.posk.se\/lund\/#website\"},\"primaryImageOfPage\":{\"@id\":\"https:\/\/www.posk.se\/lund\/#primaryimage\"},\"image\":{\"@id\":\"https:\/\/www.posk.se\/lund\/#primaryimage\"},\"thumbnailUrl\":\"https:\/\/www.posk.se\/lund\/wp-content\/uploads\/sites\/109\/2025\/07\/lund-logo-transp-bakgrund-e1752726491289.png\",\"datePublished\":\"2016-07-20T10:08:56+00:00\",\"dateModified\":\"2025-09-12T07:30:17+00:00\",\"breadcrumb\":{\"@id\":\"https:\/\/www.posk.se\/lund\/#breadcrumb\"},\"inLanguage\":\"sv-SE\",\"potentialAction\":[{\"@type\":\"ReadAction\",\"target\":[\"https:\/\/www.posk.se\/lund\/\"]}]},{\"@type\":\"ImageObject\",\"inLanguage\":\"sv-SE\",\"@id\":\"https:\/\/www.posk.se\/lund\/#primaryimage\",\"url\":\"https:\/\/www.posk.se\/lund\/wp-content\/uploads\/sites\/109\/2025\/07\/lund-logo-transp-bakgrund-e1752726491289.png\",\"contentUrl\":\"https:\/\/www.posk.se\/lund\/wp-content\/uploads\/sites\/109\/2025\/07\/lund-logo-transp-bakgrund-e1752726491289.png\",\"width\":2000,\"height\":796},{\"@type\":\"BreadcrumbList\",\"@id\":\"https:\/\/www.posk.se\/lund\/#breadcrumb\",\"itemListElement\":[{\"@type\":\"ListItem\",\"position\":1,\"name\":\"Hem\",\"item\":\"https:\/\/www.posk.se\/lund\/\"},{\"@type\":\"ListItem\",\"position\":2,\"name\":\"Lund\"}]},{\"@type\":\"WebSite\",\"@id\":\"https:\/\/www.posk.se\/lund\/#website\",\"url\":\"https:\/\/www.posk.se\/lund\/\",\"name\":\"Lund\",\"description\":\"POSK-grupp i Lunds stift\",\"potentialAction\":[{\"@type\":\"SearchAction\",\"target\":{\"@type\":\"EntryPoint\",\"urlTemplate\":\"https:\/\/www.posk.se\/lund\/?s={search_term_string}\"},\"query-input\":{\"@type\":\"PropertyValueSpecification\",\"valueRequired\":true,\"valueName\":\"search_term_string\"}}],\"inLanguage\":\"sv-SE\"}]}<\/script>\n<!-- \/ Yoast SEO plugin. -->","yoast_head_json":{"title":"Lund - Lund","robots":{"index":"index","follow":"follow","max-snippet":"max-snippet:-1","max-image-preview":"max-image-preview:large","max-video-preview":"max-video-preview:-1"},"canonical":"https:\/\/www.posk.se\/lund\/","og_locale":"sv_SE","og_type":"article","og_title":"Lund - Lund","og_description":"POSK i Lunds pastorat arbetar f\u00f6r att: Gudstj\u00e4nstlivet i pastoratet skall k\u00e4nnetecknas av m\u00e5ngfald samt samverkan i pastoratet. St\u00e4rka och utveckla s\u00f6ndagsgudstj\u00e4nsterna \u00d6ka satsningen p\u00e5 mission och undervisning i kristen tro. Barn och unga skall ges m\u00f6jlighet att v\u00e4xa in i kyrkan Verksamhet mot unga skall vara prioriterat. Mission skall utvecklas som kyrklig n\u00e4rvaro d\u00e4r [&hellip;]","og_url":"https:\/\/www.posk.se\/lund\/","og_site_name":"Lund","article_modified_time":"2025-09-12T07:30:17+00:00","og_image":[{"width":2000,"height":796,"url":"https:\/\/www.posk.se\/lund\/wp-content\/uploads\/sites\/109\/2025\/07\/lund-logo-transp-bakgrund-e1752726491289.png","type":"image\/png"}],"twitter_card":"summary_large_image","twitter_misc":{"Ber\u00e4knad l\u00e4stid":"3 minuter"},"schema":{"@context":"https:\/\/schema.org","@graph":[{"@type":"WebPage","@id":"https:\/\/www.posk.se\/lund\/","url":"https:\/\/www.posk.se\/lund\/","name":"Lund - Lund","isPartOf":{"@id":"https:\/\/www.posk.se\/lund\/#website"},"primaryImageOfPage":{"@id":"https:\/\/www.posk.se\/lund\/#primaryimage"},"image":{"@id":"https:\/\/www.posk.se\/lund\/#primaryimage"},"thumbnailUrl":"https:\/\/www.posk.se\/lund\/wp-content\/uploads\/sites\/109\/2025\/07\/lund-logo-transp-bakgrund-e1752726491289.png","datePublished":"2016-07-20T10:08:56+00:00","dateModified":"2025-09-12T07:30:17+00:00","breadcrumb":{"@id":"https:\/\/www.posk.se\/lund\/#breadcrumb"},"inLanguage":"sv-SE","potentialAction":[{"@type":"ReadAction","target":["https:\/\/www.posk.se\/lund\/"]}]},{"@type":"ImageObject","inLanguage":"sv-SE","@id":"https:\/\/www.posk.se\/lund\/#primaryimage","url":"https:\/\/www.posk.se\/lund\/wp-content\/uploads\/sites\/109\/2025\/07\/lund-logo-transp-bakgrund-e1752726491289.png","contentUrl":"https:\/\/www.posk.se\/lund\/wp-content\/uploads\/sites\/109\/2025\/07\/lund-logo-transp-bakgrund-e1752726491289.png","width":2000,"height":796},{"@type":"BreadcrumbList","@id":"https:\/\/www.posk.se\/lund\/#breadcrumb","itemListElement":[{"@type":"ListItem","position":1,"name":"Hem","item":"https:\/\/www.posk.se\/lund\/"},{"@type":"ListItem","position":2,"name":"Lund"}]},{"@type":"WebSite","@id":"https:\/\/www.posk.se\/lund\/#website","url":"https:\/\/www.posk.se\/lund\/","name":"Lund","description":"POSK-grupp i Lunds stift","potentialAction":[{"@type":"SearchAction","target":{"@type":"EntryPoint","urlTemplate":"https:\/\/www.posk.se\/lund\/?s={search_term_string}"},"query-input":{"@type":"PropertyValueSpecification","valueRequired":true,"valueName":"search_term_string"}}],"inLanguage":"sv-SE"}]}},"_links":{"self":[{"href":"https:\/\/www.posk.se\/lund\/wp-json\/wp\/v2\/pages\/20","targetHints":{"allow":["GET"]}}],"collection":[{"href":"https:\/\/www.posk.se\/lund\/wp-json\/wp\/v2\/pages"}],"about":[{"href":"https:\/\/www.posk.se\/lund\/wp-json\/wp\/v2\/types\/page"}],"author":[{"embeddable":true,"href":"https:\/\/www.posk.se\/lund\/wp-json\/wp\/v2\/users\/1"}],"replies":[{"embeddable":true,"href":"https:\/\/www.posk.se\/lund\/wp-json\/wp\/v2\/comments?post=20"}],"version-history":[{"count":45,"href":"https:\/\/www.posk.se\/lund\/wp-json\/wp\/v2\/pages\/20\/revisions"}],"predecessor-version":[{"id":487,"href":"https:\/\/www.posk.se\/lund\/wp-json\/wp\/v2\/pages\/20\/revisions\/487"}],"wp:featuredmedia":[{"embeddable":true,"href":"https:\/\/www.posk.se\/lund\/wp-json\/wp\/v2\/media\/349"}],"wp:attachment":[{"href":"https:\/\/www.posk.se\/lund\/wp-json\/wp\/v2\/media?parent=20"}],"curies":[{"name":"wp","href":"https:\/\/api.w.org\/{rel}","templated":true}]}}