{"id":992,"date":"2025-06-26T18:28:56","date_gmt":"2025-06-26T16:28:56","guid":{"rendered":"https:\/\/www.posk.se\/luleastift\/?page_id=992"},"modified":"2025-08-28T13:40:07","modified_gmt":"2025-08-28T11:40:07","slug":"kandidater-sf-sodra-2025","status":"publish","type":"page","link":"https:\/\/www.posk.se\/luleastift\/kandidater-sf-sodra-2025\/","title":{"rendered":"Kandidater\u00a0stiftsfullm\u00e4ktige V\u00e4sterbotten"},"content":{"rendered":"<p><strong>Stiftsfullm\u00e4ktige, s\u00f6dra valkretsen (V\u00e4sterbotten)<\/strong><\/p>\n<div class=\"page\" title=\"Page 1\">\n<div class=\"section\">\n<div class=\"layoutArea\">\n<div class=\"column\">\n<p>1. <strong>Lars-Gunnar Frisk,<\/strong> informat\u00f6r, \u00c5lidhems f\u00f6rsamling, Ume\u00e5<br \/>\n2. <strong>Ingela Eriksson,<\/strong> diakoniassistent, H\u00f6rnefors f\u00f6rsamling<br \/>\n3. <strong>Rolf Wikman,<\/strong> f\u00f6retagare, Skellefte\u00e5 landsf\u00f6rsamling<br \/>\n4. <strong>Karin \u00d6hman,<\/strong> professor, S\u00e4var-Holm\u00f6ns f\u00f6rsamling<br \/>\n5. <strong>Paul Lundblad,<\/strong> fritidsledare, Lycksele f\u00f6rsamling<br \/>\n6. <strong>Malin Lindahl,<\/strong> f\u00f6rsamlingspedagog, K\u00e5gedalens f\u00f6rsamling<br \/>\n7. <strong>Curt Edlund,<\/strong> socionom, med. dr, V\u00e4nn\u00e4s f\u00f6rsamling<br \/>\n8. <strong>Katrin Lundmark,<\/strong> handledare, Skellefte\u00e5 landsf\u00f6rsamling<br \/>\n9. <strong>Peter Bergman,<\/strong> sjuksk\u00f6terska, L\u00f6v\u00e5ngers f\u00f6rsamling<br \/>\n10. <strong>Martin Erlanson,<\/strong> l\u00e4kare, Tegs f\u00f6rsamling, Ume\u00e5<br \/>\n11. <strong>Cathrine Eiderh\u00e4ll,<\/strong> f\u00f6rsamlingspedagog, Byske-F\u00e4llfors f\u00f6rsamling<br \/>\n12. <strong>Thomas Burstr\u00f6m,<\/strong> konstrukt\u00f6r, J\u00f6rn-Bolidens f\u00f6rsamling<br \/>\n13. <strong>Anders Kristoffersson,<\/strong> ekonom, Ume\u00e5 stadsf\u00f6rsamling<br \/>\n14. <strong>Johan Bostr\u00f6m,<\/strong> pr\u00e4ststudent, Bygde\u00e5 f\u00f6rsamling<br \/>\n15. <strong>Inge-Bert T\u00e4ljedal,<\/strong> professor emeritus, \u00c5lidhems f\u00f6rsamling, Ume\u00e5<br \/>\n16. <strong>Nina Sundin,<\/strong> tandhygienist, Stensele f\u00f6rsamling<br \/>\n17. <strong>Rosalie Keller,<\/strong> pension\u00e4r, Byske-F\u00e4llfors f\u00f6rsamling<br \/>\n18. <strong>Annika Vikstr\u00f6m,<\/strong> logoped\/pr\u00e4stkandidat, Ume\u00e5 Maria f\u00f6rsamling<br \/>\n19. <strong>Anna-Sara Walld\u00e9n,<\/strong> komminister, Lycksele f\u00f6rsamling<br \/>\n20. <strong>Terese Hedman,<\/strong> pr\u00e4st, Bygde\u00e5 f\u00f6rsamling<br \/>\n21. <strong>Karin McBride,<\/strong> k\u00f6rledare, Norsj\u00f6 f\u00f6rsamling, Bastutr\u00e4sk<br \/>\n22. <strong>Bernt-Ola Sandstr\u00f6m,<\/strong> ingenj\u00f6r, Bygde\u00e5 f\u00f6rsamling<br \/>\n23. <strong>Elisabeth Engberg,<\/strong> forskare, Skellefte\u00e5 landsf\u00f6rsamling<br \/>\n24. <strong>Marie S\u00f6rv\u00e5g,<\/strong> ekonom, Bygde\u00e5 f\u00f6rsamling<br \/>\n25. <strong>Jeanette Brodin,<\/strong> f\u00f6rsamlingspedagog, \u00c5lidhems f\u00f6rsamling, Ume\u00e5<br \/>\n26. <strong>\u00c5sa Kjellgren,<\/strong> l\u00e4kare, Ume\u00e5 stadsf\u00f6rsamling<br \/>\n27. <strong>Roger Lundstr\u00f6m,<\/strong> l\u00e4rare, Skellefte\u00e5 Sankt \u00d6rjans f\u00f6rsamling<br \/>\n28. <strong>Tomas Lindberg,<\/strong> pension\u00e4r hemmans\u00e4gare, Burtr\u00e4sk f\u00f6rsamling<br \/>\n29. <strong>Johnny Sandstr\u00f6m,<\/strong> f.d. ekonomichef, \u00c5lidhems f\u00f6rsamling, Ume\u00e5<br \/>\n30. <strong>Karin Gustafsson,<\/strong> pension\u00e4r, Nordmalings f\u00f6rsamling<br \/>\n31. <strong>Conny Bj\u00f6rklund,<\/strong> chauff\u00f6r, Holmsunds f\u00f6rsamling<br \/>\n32. <strong>Gun-Britt \u00c5str\u00f6m,<\/strong> egen f\u00f6retagare, Norsj\u00f6 f\u00f6rsamling<br \/>\n33. <strong>Lena Forsberg,<\/strong> pension\u00e4r, \u00c5lidhems f\u00f6rsamling, Ume\u00e5<\/p>\n<\/div>\n<h6 class=\"page\" title=\"Page 2\">Toppbild fr\u00e5n stiftsfullm\u00e4ktige i maj 2025. Stiftsfullm\u00e4ktiges presidium. Fr. v. Anna Lundberg (S), Kerstin Olla Grahn (C) och stiftsfullm\u00e4ktiges ordf\u00f6rande Elisabeth Engberg (POSK).<br \/>\nFoto: Emma Berkman\/Lule\u00e5 stift.<\/h6>\n<\/div>\n<\/div>\n<\/div>\n","protected":false},"excerpt":{"rendered":"<p>Stiftsfullm\u00e4ktige, s\u00f6dra valkretsen (V\u00e4sterbotten) 1. Lars-Gunnar Frisk, informat\u00f6r, \u00c5lidhems f\u00f6rsamling, Ume\u00e5 2. Ingela Eriksson, diakoniassistent, H\u00f6rnefors f\u00f6rsamling 3. Rolf Wikman, f\u00f6retagare, Skellefte\u00e5 landsf\u00f6rsamling 4. Karin \u00d6hman, professor, S\u00e4var-Holm\u00f6ns f\u00f6rsamling 5. Paul Lundblad, fritidsledare, Lycksele f\u00f6rsamling 6. Malin Lindahl, f\u00f6rsamlingspedagog, K\u00e5gedalens f\u00f6rsamling 7. Curt Edlund, socionom, med. dr, V\u00e4nn\u00e4s f\u00f6rsamling 8. Katrin Lundmark, handledare, Skellefte\u00e5 landsf\u00f6rsamling [&hellip;]<\/p>\n","protected":false},"author":54,"featured_media":1169,"parent":0,"menu_order":10,"comment_status":"closed","ping_status":"closed","template":"page-templates\/page-sidebar-left.php","meta":{"_acf_changed":false,"footnotes":""},"class_list":["post-992","page","type-page","status-publish","has-post-thumbnail","hentry"],"acf":[],"yoast_head":"<!-- This site is optimized with the Yoast SEO plugin v24.9 - https:\/\/yoast.com\/wordpress\/plugins\/seo\/ -->\n<title>Kandidater\u00a0stiftsfullm\u00e4ktige V\u00e4sterbotten - STIFTSF\u00d6RENING Lule\u00e5<\/title>\n<meta name=\"robots\" content=\"index, follow, max-snippet:-1, max-image-preview:large, max-video-preview:-1\" \/>\n<link rel=\"canonical\" href=\"https:\/\/www.posk.se\/luleastift\/kandidater-sf-sodra-2025\/\" \/>\n<meta property=\"og:locale\" content=\"sv_SE\" \/>\n<meta property=\"og:type\" content=\"article\" \/>\n<meta property=\"og:title\" content=\"Kandidater\u00a0stiftsfullm\u00e4ktige V\u00e4sterbotten - STIFTSF\u00d6RENING Lule\u00e5\" \/>\n<meta property=\"og:description\" content=\"Stiftsfullm\u00e4ktige, s\u00f6dra valkretsen (V\u00e4sterbotten) 1. Lars-Gunnar Frisk, informat\u00f6r, \u00c5lidhems f\u00f6rsamling, Ume\u00e5 2. Ingela Eriksson, diakoniassistent, H\u00f6rnefors f\u00f6rsamling 3. Rolf Wikman, f\u00f6retagare, Skellefte\u00e5 landsf\u00f6rsamling 4. Karin \u00d6hman, professor, S\u00e4var-Holm\u00f6ns f\u00f6rsamling 5. Paul Lundblad, fritidsledare, Lycksele f\u00f6rsamling 6. Malin Lindahl, f\u00f6rsamlingspedagog, K\u00e5gedalens f\u00f6rsamling 7. Curt Edlund, socionom, med. dr, V\u00e4nn\u00e4s f\u00f6rsamling 8. Katrin Lundmark, handledare, Skellefte\u00e5 landsf\u00f6rsamling [&hellip;]\" \/>\n<meta property=\"og:url\" content=\"https:\/\/www.posk.se\/luleastift\/kandidater-sf-sodra-2025\/\" \/>\n<meta property=\"og:site_name\" content=\"STIFTSF\u00d6RENING Lule\u00e5\" \/>\n<meta property=\"article:modified_time\" content=\"2025-08-28T11:40:07+00:00\" \/>\n<meta property=\"og:image\" content=\"https:\/\/www.posk.se\/luleastift\/wp-content\/uploads\/sites\/87\/2025\/08\/lulea-stiftsfullmaktige-maj-25-2.jpg\" \/>\n\t<meta property=\"og:image:width\" content=\"1308\" \/>\n\t<meta property=\"og:image:height\" content=\"555\" \/>\n\t<meta property=\"og:image:type\" content=\"image\/jpeg\" \/>\n<meta name=\"twitter:card\" content=\"summary_large_image\" \/>\n<meta name=\"twitter:label1\" content=\"Ber\u00e4knad l\u00e4stid\" \/>\n\t<meta name=\"twitter:data1\" content=\"2 minuter\" \/>\n<script type=\"application\/ld+json\" class=\"yoast-schema-graph\">{\"@context\":\"https:\/\/schema.org\",\"@graph\":[{\"@type\":\"WebPage\",\"@id\":\"https:\/\/www.posk.se\/luleastift\/kandidater-sf-sodra-2025\/\",\"url\":\"https:\/\/www.posk.se\/luleastift\/kandidater-sf-sodra-2025\/\",\"name\":\"Kandidater\u00a0stiftsfullm\u00e4ktige V\u00e4sterbotten - STIFTSF\u00d6RENING Lule\u00e5\",\"isPartOf\":{\"@id\":\"https:\/\/www.posk.se\/luleastift\/#website\"},\"primaryImageOfPage\":{\"@id\":\"https:\/\/www.posk.se\/luleastift\/kandidater-sf-sodra-2025\/#primaryimage\"},\"image\":{\"@id\":\"https:\/\/www.posk.se\/luleastift\/kandidater-sf-sodra-2025\/#primaryimage\"},\"thumbnailUrl\":\"https:\/\/www.posk.se\/luleastift\/wp-content\/uploads\/sites\/87\/2025\/08\/lulea-stiftsfullmaktige-maj-25-2.jpg\",\"datePublished\":\"2025-06-26T16:28:56+00:00\",\"dateModified\":\"2025-08-28T11:40:07+00:00\",\"breadcrumb\":{\"@id\":\"https:\/\/www.posk.se\/luleastift\/kandidater-sf-sodra-2025\/#breadcrumb\"},\"inLanguage\":\"sv-SE\",\"potentialAction\":[{\"@type\":\"ReadAction\",\"target\":[\"https:\/\/www.posk.se\/luleastift\/kandidater-sf-sodra-2025\/\"]}]},{\"@type\":\"ImageObject\",\"inLanguage\":\"sv-SE\",\"@id\":\"https:\/\/www.posk.se\/luleastift\/kandidater-sf-sodra-2025\/#primaryimage\",\"url\":\"https:\/\/www.posk.se\/luleastift\/wp-content\/uploads\/sites\/87\/2025\/08\/lulea-stiftsfullmaktige-maj-25-2.jpg\",\"contentUrl\":\"https:\/\/www.posk.se\/luleastift\/wp-content\/uploads\/sites\/87\/2025\/08\/lulea-stiftsfullmaktige-maj-25-2.jpg\",\"width\":1308,\"height\":555},{\"@type\":\"BreadcrumbList\",\"@id\":\"https:\/\/www.posk.se\/luleastift\/kandidater-sf-sodra-2025\/#breadcrumb\",\"itemListElement\":[{\"@type\":\"ListItem\",\"position\":1,\"name\":\"Hem\",\"item\":\"https:\/\/www.posk.se\/luleastift\/\"},{\"@type\":\"ListItem\",\"position\":2,\"name\":\"Kandidater\u00a0stiftsfullm\u00e4ktige V\u00e4sterbotten\"}]},{\"@type\":\"WebSite\",\"@id\":\"https:\/\/www.posk.se\/luleastift\/#website\",\"url\":\"https:\/\/www.posk.se\/luleastift\/\",\"name\":\"STIFTSF\u00d6RENING Lule\u00e5\",\"description\":\"Stiftsf\u00f6reningen f\u00f6r POSK i Lule\u00e5 stift\",\"potentialAction\":[{\"@type\":\"SearchAction\",\"target\":{\"@type\":\"EntryPoint\",\"urlTemplate\":\"https:\/\/www.posk.se\/luleastift\/?s={search_term_string}\"},\"query-input\":{\"@type\":\"PropertyValueSpecification\",\"valueRequired\":true,\"valueName\":\"search_term_string\"}}],\"inLanguage\":\"sv-SE\"}]}<\/script>\n<!-- \/ Yoast SEO plugin. -->","yoast_head_json":{"title":"Kandidater\u00a0stiftsfullm\u00e4ktige V\u00e4sterbotten - STIFTSF\u00d6RENING Lule\u00e5","robots":{"index":"index","follow":"follow","max-snippet":"max-snippet:-1","max-image-preview":"max-image-preview:large","max-video-preview":"max-video-preview:-1"},"canonical":"https:\/\/www.posk.se\/luleastift\/kandidater-sf-sodra-2025\/","og_locale":"sv_SE","og_type":"article","og_title":"Kandidater\u00a0stiftsfullm\u00e4ktige V\u00e4sterbotten - STIFTSF\u00d6RENING Lule\u00e5","og_description":"Stiftsfullm\u00e4ktige, s\u00f6dra valkretsen (V\u00e4sterbotten) 1. Lars-Gunnar Frisk, informat\u00f6r, \u00c5lidhems f\u00f6rsamling, Ume\u00e5 2. Ingela Eriksson, diakoniassistent, H\u00f6rnefors f\u00f6rsamling 3. Rolf Wikman, f\u00f6retagare, Skellefte\u00e5 landsf\u00f6rsamling 4. Karin \u00d6hman, professor, S\u00e4var-Holm\u00f6ns f\u00f6rsamling 5. Paul Lundblad, fritidsledare, Lycksele f\u00f6rsamling 6. Malin Lindahl, f\u00f6rsamlingspedagog, K\u00e5gedalens f\u00f6rsamling 7. Curt Edlund, socionom, med. dr, V\u00e4nn\u00e4s f\u00f6rsamling 8. Katrin Lundmark, handledare, Skellefte\u00e5 landsf\u00f6rsamling [&hellip;]","og_url":"https:\/\/www.posk.se\/luleastift\/kandidater-sf-sodra-2025\/","og_site_name":"STIFTSF\u00d6RENING Lule\u00e5","article_modified_time":"2025-08-28T11:40:07+00:00","og_image":[{"width":1308,"height":555,"url":"https:\/\/www.posk.se\/luleastift\/wp-content\/uploads\/sites\/87\/2025\/08\/lulea-stiftsfullmaktige-maj-25-2.jpg","type":"image\/jpeg"}],"twitter_card":"summary_large_image","twitter_misc":{"Ber\u00e4knad l\u00e4stid":"2 minuter"},"schema":{"@context":"https:\/\/schema.org","@graph":[{"@type":"WebPage","@id":"https:\/\/www.posk.se\/luleastift\/kandidater-sf-sodra-2025\/","url":"https:\/\/www.posk.se\/luleastift\/kandidater-sf-sodra-2025\/","name":"Kandidater\u00a0stiftsfullm\u00e4ktige V\u00e4sterbotten - STIFTSF\u00d6RENING Lule\u00e5","isPartOf":{"@id":"https:\/\/www.posk.se\/luleastift\/#website"},"primaryImageOfPage":{"@id":"https:\/\/www.posk.se\/luleastift\/kandidater-sf-sodra-2025\/#primaryimage"},"image":{"@id":"https:\/\/www.posk.se\/luleastift\/kandidater-sf-sodra-2025\/#primaryimage"},"thumbnailUrl":"https:\/\/www.posk.se\/luleastift\/wp-content\/uploads\/sites\/87\/2025\/08\/lulea-stiftsfullmaktige-maj-25-2.jpg","datePublished":"2025-06-26T16:28:56+00:00","dateModified":"2025-08-28T11:40:07+00:00","breadcrumb":{"@id":"https:\/\/www.posk.se\/luleastift\/kandidater-sf-sodra-2025\/#breadcrumb"},"inLanguage":"sv-SE","potentialAction":[{"@type":"ReadAction","target":["https:\/\/www.posk.se\/luleastift\/kandidater-sf-sodra-2025\/"]}]},{"@type":"ImageObject","inLanguage":"sv-SE","@id":"https:\/\/www.posk.se\/luleastift\/kandidater-sf-sodra-2025\/#primaryimage","url":"https:\/\/www.posk.se\/luleastift\/wp-content\/uploads\/sites\/87\/2025\/08\/lulea-stiftsfullmaktige-maj-25-2.jpg","contentUrl":"https:\/\/www.posk.se\/luleastift\/wp-content\/uploads\/sites\/87\/2025\/08\/lulea-stiftsfullmaktige-maj-25-2.jpg","width":1308,"height":555},{"@type":"BreadcrumbList","@id":"https:\/\/www.posk.se\/luleastift\/kandidater-sf-sodra-2025\/#breadcrumb","itemListElement":[{"@type":"ListItem","position":1,"name":"Hem","item":"https:\/\/www.posk.se\/luleastift\/"},{"@type":"ListItem","position":2,"name":"Kandidater\u00a0stiftsfullm\u00e4ktige V\u00e4sterbotten"}]},{"@type":"WebSite","@id":"https:\/\/www.posk.se\/luleastift\/#website","url":"https:\/\/www.posk.se\/luleastift\/","name":"STIFTSF\u00d6RENING Lule\u00e5","description":"Stiftsf\u00f6reningen f\u00f6r POSK i Lule\u00e5 stift","potentialAction":[{"@type":"SearchAction","target":{"@type":"EntryPoint","urlTemplate":"https:\/\/www.posk.se\/luleastift\/?s={search_term_string}"},"query-input":{"@type":"PropertyValueSpecification","valueRequired":true,"valueName":"search_term_string"}}],"inLanguage":"sv-SE"}]}},"_links":{"self":[{"href":"https:\/\/www.posk.se\/luleastift\/wp-json\/wp\/v2\/pages\/992","targetHints":{"allow":["GET"]}}],"collection":[{"href":"https:\/\/www.posk.se\/luleastift\/wp-json\/wp\/v2\/pages"}],"about":[{"href":"https:\/\/www.posk.se\/luleastift\/wp-json\/wp\/v2\/types\/page"}],"author":[{"embeddable":true,"href":"https:\/\/www.posk.se\/luleastift\/wp-json\/wp\/v2\/users\/54"}],"replies":[{"embeddable":true,"href":"https:\/\/www.posk.se\/luleastift\/wp-json\/wp\/v2\/comments?post=992"}],"version-history":[{"count":7,"href":"https:\/\/www.posk.se\/luleastift\/wp-json\/wp\/v2\/pages\/992\/revisions"}],"predecessor-version":[{"id":1170,"href":"https:\/\/www.posk.se\/luleastift\/wp-json\/wp\/v2\/pages\/992\/revisions\/1170"}],"wp:featuredmedia":[{"embeddable":true,"href":"https:\/\/www.posk.se\/luleastift\/wp-json\/wp\/v2\/media\/1169"}],"wp:attachment":[{"href":"https:\/\/www.posk.se\/luleastift\/wp-json\/wp\/v2\/media?parent=992"}],"curies":[{"name":"wp","href":"https:\/\/api.w.org\/{rel}","templated":true}]}}