{"id":985,"date":"2025-06-26T18:18:04","date_gmt":"2025-06-26T16:18:04","guid":{"rendered":"https:\/\/www.posk.se\/luleastift\/?page_id=985"},"modified":"2025-08-28T13:50:30","modified_gmt":"2025-08-28T11:50:30","slug":"kandidater-sf-norra-2025","status":"publish","type":"page","link":"https:\/\/www.posk.se\/luleastift\/kandidater-sf-norra-2025\/","title":{"rendered":"Kandidater\u00a0stiftsfullm\u00e4ktige Norrbotten"},"content":{"rendered":"<p><strong>Stiftsfullm\u00e4ktige, norra valkretsen (Norrbotten)<\/strong><\/p>\n<div class=\"page\" title=\"Page 1\">\n<div class=\"section\">\n<div class=\"layoutArea\">\n<div class=\"column\">\n<p>1. <strong>Ann-Charlotte Dahlb\u00e4ck,<\/strong> specialpedagog, Pite\u00e5 f\u00f6rsamling<br \/>\n2. <strong>Sigvard Lindgren,<\/strong> transport- och lageransvarig, Norrfj\u00e4rdens f\u00f6rsamling<br \/>\n3. <strong>Mariann L\u00f6rstrand Blind,<\/strong> samisk samordnare\/egenf\u00f6retagare, Arvidsjaurs f\u00f6rsamling<br \/>\n4. <strong>Lars Pohjanen,<\/strong> ingenj\u00f6r, Lule\u00e5 domkyrkof\u00f6rsamling<br \/>\n5. <strong>Sven-Olov Grenholm,<\/strong> officer, \u00d6verlule\u00e5 f\u00f6rsamling, Boden<br \/>\n6. <strong>Timo Vilgats,<\/strong> l\u00e4rare, Jukkasj\u00e4rvi f\u00f6rsamling, Kiruna<br \/>\n7. <strong>Anna-Karin Lundberg,<\/strong> milj\u00f6inspekt\u00f6r, Pite\u00e5 f\u00f6rsamling<br \/>\n8. <strong>Kristina T\u00f6yr\u00e4,<\/strong> specialpedagog, Jukkasj\u00e4rvi f\u00f6rsamling, Kiruna<br \/>\n9. <strong>Erika Sj\u00f6\u00f6,<\/strong> administrat\u00f6r, \u00d6verlule\u00e5 f\u00f6rsamling, Boden<br \/>\n10. <strong>Erik Jonsson,<\/strong> l\u00e4rare, Pite\u00e5 f\u00f6rsamling<br \/>\n11. <strong>Anna Wallstr\u00f6m,<\/strong> utredare infrastruktur, Lule\u00e5 domkyrkof\u00f6rsamling<br \/>\n12. <strong>Irene Gustafsson,<\/strong> f.d. distriktssk\u00f6terska, \u00d6verlule\u00e5 f\u00f6rsamling, Boden<br \/>\n13. <strong>Karl-Henrik Fjellstr\u00f6m,<\/strong> civilingenj\u00f6r, Norrfj\u00e4rdens f\u00f6rsamling<br \/>\n14. <strong>Karin Andersson,<\/strong> kantor, Pajala f\u00f6rsamling<br \/>\n15. <strong>Maria Marklund,<\/strong> pension\u00e4r, Arvidsjaurs f\u00f6rsamling<br \/>\n16. <strong>G\u00f6ran S\u00f6derstr\u00f6m,<\/strong> guldsmed, Vittangi f\u00f6rsamling, Lannavaara<br \/>\n17. <strong>Julia Thiessen,<\/strong> undersk\u00f6terska, Pite\u00e5 f\u00f6rsamling<br \/>\n18. <strong>Celina Falk,<\/strong> HR-specialist, Nederlule\u00e5 f\u00f6rsamling<br \/>\n19. <strong>Bo Carlsson,<\/strong> f.d. l\u00e4rare, G\u00e4llivare f\u00f6rsamling<br \/>\n20. <strong>Gerd Forssen,<\/strong> f.d. banktj\u00e4nsteman, \u00d6verlule\u00e5 f\u00f6rsamling, Boden<br \/>\n21. <strong>Eija Stenberg,<\/strong> administrat\u00f6r\/HR, Haparanda f\u00f6rsamling<br \/>\n22. <strong>Roger Nilsson,<\/strong> s\u00e4ljare, R\u00e5ne\u00e5 f\u00f6rsamling<br \/>\n23. <strong>Ellen Kuorak,<\/strong> pension\u00e4r, G\u00e4llivare f\u00f6rsamling<br \/>\n24. <strong>Ragnhild Sandstr\u00f6m,<\/strong> leg sjuksk\u00f6terska, Pite\u00e5 f\u00f6rsamling<br \/>\n25. <strong>\u00c5ke K\u00e5gstr\u00f6m,<\/strong> pr\u00e4st, Arvidsjaurs f\u00f6rsamling<br \/>\n26. <strong>Karin Fall\u00e9n,<\/strong> pension\u00e4r, Norrfj\u00e4rdens f\u00f6rsamling<br \/>\n27. <strong>Lars Nor\u00e9n,<\/strong> postiljon, Pite\u00e5 f\u00f6rsamling<br \/>\n28. <strong>Gertrud Monlund,<\/strong> pension\u00e4r, Karesuando f\u00f6rsamling, Kuttainen<br \/>\n29. <strong>Anders Hannus,<\/strong> IT-konsult, Norrfj\u00e4rdens f\u00f6rsamling<br \/>\n30. <strong>Bitte P\u00e4ivi\u00f6 Nyg\u00e5rd,<\/strong> senior, Jokkmokks f\u00f6rsamling<\/p>\n<h6>Toppbild fr\u00e5n stiftsfullm\u00e4ktige i maj 2025. Stiftsfullm\u00e4ktiges presidium. Fr. v. Anna Lundberg (S), Kerstin Olla Grahn (C) och stiftsfullm\u00e4ktiges ordf\u00f6rande Elisabeth Engberg (POSK).<br \/>\nFoto: Emma Berkman\/Lule\u00e5 stift.<\/h6>\n<p>&nbsp;<\/p>\n<\/div>\n<\/div>\n<\/div>\n<\/div>\n","protected":false},"excerpt":{"rendered":"<p>Stiftsfullm\u00e4ktige, norra valkretsen (Norrbotten) 1. Ann-Charlotte Dahlb\u00e4ck, specialpedagog, Pite\u00e5 f\u00f6rsamling 2. Sigvard Lindgren, transport- och lageransvarig, Norrfj\u00e4rdens f\u00f6rsamling 3. Mariann L\u00f6rstrand Blind, samisk samordnare\/egenf\u00f6retagare, Arvidsjaurs f\u00f6rsamling 4. Lars Pohjanen, ingenj\u00f6r, Lule\u00e5 domkyrkof\u00f6rsamling 5. Sven-Olov Grenholm, officer, \u00d6verlule\u00e5 f\u00f6rsamling, Boden 6. Timo Vilgats, l\u00e4rare, Jukkasj\u00e4rvi f\u00f6rsamling, Kiruna 7. Anna-Karin Lundberg, milj\u00f6inspekt\u00f6r, Pite\u00e5 f\u00f6rsamling 8. Kristina T\u00f6yr\u00e4, [&hellip;]<\/p>\n","protected":false},"author":107,"featured_media":1169,"parent":0,"menu_order":9,"comment_status":"closed","ping_status":"closed","template":"page-templates\/page-sidebar-left.php","meta":{"_acf_changed":false,"footnotes":""},"class_list":["post-985","page","type-page","status-publish","has-post-thumbnail","hentry"],"acf":[],"yoast_head":"<!-- This site is optimized with the Yoast SEO plugin v24.9 - https:\/\/yoast.com\/wordpress\/plugins\/seo\/ -->\n<title>Kandidater\u00a0stiftsfullm\u00e4ktige Norrbotten - STIFTSF\u00d6RENING Lule\u00e5<\/title>\n<meta name=\"robots\" content=\"index, follow, max-snippet:-1, max-image-preview:large, max-video-preview:-1\" \/>\n<link rel=\"canonical\" href=\"https:\/\/www.posk.se\/luleastift\/kandidater-sf-norra-2025\/\" \/>\n<meta property=\"og:locale\" content=\"sv_SE\" \/>\n<meta property=\"og:type\" content=\"article\" \/>\n<meta property=\"og:title\" content=\"Kandidater\u00a0stiftsfullm\u00e4ktige Norrbotten - STIFTSF\u00d6RENING Lule\u00e5\" \/>\n<meta property=\"og:description\" content=\"Stiftsfullm\u00e4ktige, norra valkretsen (Norrbotten) 1. Ann-Charlotte Dahlb\u00e4ck, specialpedagog, Pite\u00e5 f\u00f6rsamling 2. Sigvard Lindgren, transport- och lageransvarig, Norrfj\u00e4rdens f\u00f6rsamling 3. Mariann L\u00f6rstrand Blind, samisk samordnare\/egenf\u00f6retagare, Arvidsjaurs f\u00f6rsamling 4. Lars Pohjanen, ingenj\u00f6r, Lule\u00e5 domkyrkof\u00f6rsamling 5. Sven-Olov Grenholm, officer, \u00d6verlule\u00e5 f\u00f6rsamling, Boden 6. Timo Vilgats, l\u00e4rare, Jukkasj\u00e4rvi f\u00f6rsamling, Kiruna 7. Anna-Karin Lundberg, milj\u00f6inspekt\u00f6r, Pite\u00e5 f\u00f6rsamling 8. Kristina T\u00f6yr\u00e4, [&hellip;]\" \/>\n<meta property=\"og:url\" content=\"https:\/\/www.posk.se\/luleastift\/kandidater-sf-norra-2025\/\" \/>\n<meta property=\"og:site_name\" content=\"STIFTSF\u00d6RENING Lule\u00e5\" \/>\n<meta property=\"article:modified_time\" content=\"2025-08-28T11:50:30+00:00\" \/>\n<meta property=\"og:image\" content=\"https:\/\/www.posk.se\/luleastift\/wp-content\/uploads\/sites\/87\/2025\/08\/lulea-stiftsfullmaktige-maj-25-2.jpg\" \/>\n\t<meta property=\"og:image:width\" content=\"1308\" \/>\n\t<meta property=\"og:image:height\" content=\"555\" \/>\n\t<meta property=\"og:image:type\" content=\"image\/jpeg\" \/>\n<meta name=\"twitter:card\" content=\"summary_large_image\" \/>\n<meta name=\"twitter:label1\" content=\"Ber\u00e4knad l\u00e4stid\" \/>\n\t<meta name=\"twitter:data1\" content=\"2 minuter\" \/>\n<script type=\"application\/ld+json\" class=\"yoast-schema-graph\">{\"@context\":\"https:\/\/schema.org\",\"@graph\":[{\"@type\":\"WebPage\",\"@id\":\"https:\/\/www.posk.se\/luleastift\/kandidater-sf-norra-2025\/\",\"url\":\"https:\/\/www.posk.se\/luleastift\/kandidater-sf-norra-2025\/\",\"name\":\"Kandidater\u00a0stiftsfullm\u00e4ktige Norrbotten - STIFTSF\u00d6RENING Lule\u00e5\",\"isPartOf\":{\"@id\":\"https:\/\/www.posk.se\/luleastift\/#website\"},\"primaryImageOfPage\":{\"@id\":\"https:\/\/www.posk.se\/luleastift\/kandidater-sf-norra-2025\/#primaryimage\"},\"image\":{\"@id\":\"https:\/\/www.posk.se\/luleastift\/kandidater-sf-norra-2025\/#primaryimage\"},\"thumbnailUrl\":\"https:\/\/www.posk.se\/luleastift\/wp-content\/uploads\/sites\/87\/2025\/08\/lulea-stiftsfullmaktige-maj-25-2.jpg\",\"datePublished\":\"2025-06-26T16:18:04+00:00\",\"dateModified\":\"2025-08-28T11:50:30+00:00\",\"breadcrumb\":{\"@id\":\"https:\/\/www.posk.se\/luleastift\/kandidater-sf-norra-2025\/#breadcrumb\"},\"inLanguage\":\"sv-SE\",\"potentialAction\":[{\"@type\":\"ReadAction\",\"target\":[\"https:\/\/www.posk.se\/luleastift\/kandidater-sf-norra-2025\/\"]}]},{\"@type\":\"ImageObject\",\"inLanguage\":\"sv-SE\",\"@id\":\"https:\/\/www.posk.se\/luleastift\/kandidater-sf-norra-2025\/#primaryimage\",\"url\":\"https:\/\/www.posk.se\/luleastift\/wp-content\/uploads\/sites\/87\/2025\/08\/lulea-stiftsfullmaktige-maj-25-2.jpg\",\"contentUrl\":\"https:\/\/www.posk.se\/luleastift\/wp-content\/uploads\/sites\/87\/2025\/08\/lulea-stiftsfullmaktige-maj-25-2.jpg\",\"width\":1308,\"height\":555},{\"@type\":\"BreadcrumbList\",\"@id\":\"https:\/\/www.posk.se\/luleastift\/kandidater-sf-norra-2025\/#breadcrumb\",\"itemListElement\":[{\"@type\":\"ListItem\",\"position\":1,\"name\":\"Hem\",\"item\":\"https:\/\/www.posk.se\/luleastift\/\"},{\"@type\":\"ListItem\",\"position\":2,\"name\":\"Kandidater\u00a0stiftsfullm\u00e4ktige Norrbotten\"}]},{\"@type\":\"WebSite\",\"@id\":\"https:\/\/www.posk.se\/luleastift\/#website\",\"url\":\"https:\/\/www.posk.se\/luleastift\/\",\"name\":\"STIFTSF\u00d6RENING Lule\u00e5\",\"description\":\"Stiftsf\u00f6reningen f\u00f6r POSK i Lule\u00e5 stift\",\"potentialAction\":[{\"@type\":\"SearchAction\",\"target\":{\"@type\":\"EntryPoint\",\"urlTemplate\":\"https:\/\/www.posk.se\/luleastift\/?s={search_term_string}\"},\"query-input\":{\"@type\":\"PropertyValueSpecification\",\"valueRequired\":true,\"valueName\":\"search_term_string\"}}],\"inLanguage\":\"sv-SE\"}]}<\/script>\n<!-- \/ Yoast SEO plugin. -->","yoast_head_json":{"title":"Kandidater\u00a0stiftsfullm\u00e4ktige Norrbotten - STIFTSF\u00d6RENING Lule\u00e5","robots":{"index":"index","follow":"follow","max-snippet":"max-snippet:-1","max-image-preview":"max-image-preview:large","max-video-preview":"max-video-preview:-1"},"canonical":"https:\/\/www.posk.se\/luleastift\/kandidater-sf-norra-2025\/","og_locale":"sv_SE","og_type":"article","og_title":"Kandidater\u00a0stiftsfullm\u00e4ktige Norrbotten - STIFTSF\u00d6RENING Lule\u00e5","og_description":"Stiftsfullm\u00e4ktige, norra valkretsen (Norrbotten) 1. Ann-Charlotte Dahlb\u00e4ck, specialpedagog, Pite\u00e5 f\u00f6rsamling 2. Sigvard Lindgren, transport- och lageransvarig, Norrfj\u00e4rdens f\u00f6rsamling 3. Mariann L\u00f6rstrand Blind, samisk samordnare\/egenf\u00f6retagare, Arvidsjaurs f\u00f6rsamling 4. Lars Pohjanen, ingenj\u00f6r, Lule\u00e5 domkyrkof\u00f6rsamling 5. Sven-Olov Grenholm, officer, \u00d6verlule\u00e5 f\u00f6rsamling, Boden 6. Timo Vilgats, l\u00e4rare, Jukkasj\u00e4rvi f\u00f6rsamling, Kiruna 7. Anna-Karin Lundberg, milj\u00f6inspekt\u00f6r, Pite\u00e5 f\u00f6rsamling 8. Kristina T\u00f6yr\u00e4, [&hellip;]","og_url":"https:\/\/www.posk.se\/luleastift\/kandidater-sf-norra-2025\/","og_site_name":"STIFTSF\u00d6RENING Lule\u00e5","article_modified_time":"2025-08-28T11:50:30+00:00","og_image":[{"width":1308,"height":555,"url":"https:\/\/www.posk.se\/luleastift\/wp-content\/uploads\/sites\/87\/2025\/08\/lulea-stiftsfullmaktige-maj-25-2.jpg","type":"image\/jpeg"}],"twitter_card":"summary_large_image","twitter_misc":{"Ber\u00e4knad l\u00e4stid":"2 minuter"},"schema":{"@context":"https:\/\/schema.org","@graph":[{"@type":"WebPage","@id":"https:\/\/www.posk.se\/luleastift\/kandidater-sf-norra-2025\/","url":"https:\/\/www.posk.se\/luleastift\/kandidater-sf-norra-2025\/","name":"Kandidater\u00a0stiftsfullm\u00e4ktige Norrbotten - STIFTSF\u00d6RENING Lule\u00e5","isPartOf":{"@id":"https:\/\/www.posk.se\/luleastift\/#website"},"primaryImageOfPage":{"@id":"https:\/\/www.posk.se\/luleastift\/kandidater-sf-norra-2025\/#primaryimage"},"image":{"@id":"https:\/\/www.posk.se\/luleastift\/kandidater-sf-norra-2025\/#primaryimage"},"thumbnailUrl":"https:\/\/www.posk.se\/luleastift\/wp-content\/uploads\/sites\/87\/2025\/08\/lulea-stiftsfullmaktige-maj-25-2.jpg","datePublished":"2025-06-26T16:18:04+00:00","dateModified":"2025-08-28T11:50:30+00:00","breadcrumb":{"@id":"https:\/\/www.posk.se\/luleastift\/kandidater-sf-norra-2025\/#breadcrumb"},"inLanguage":"sv-SE","potentialAction":[{"@type":"ReadAction","target":["https:\/\/www.posk.se\/luleastift\/kandidater-sf-norra-2025\/"]}]},{"@type":"ImageObject","inLanguage":"sv-SE","@id":"https:\/\/www.posk.se\/luleastift\/kandidater-sf-norra-2025\/#primaryimage","url":"https:\/\/www.posk.se\/luleastift\/wp-content\/uploads\/sites\/87\/2025\/08\/lulea-stiftsfullmaktige-maj-25-2.jpg","contentUrl":"https:\/\/www.posk.se\/luleastift\/wp-content\/uploads\/sites\/87\/2025\/08\/lulea-stiftsfullmaktige-maj-25-2.jpg","width":1308,"height":555},{"@type":"BreadcrumbList","@id":"https:\/\/www.posk.se\/luleastift\/kandidater-sf-norra-2025\/#breadcrumb","itemListElement":[{"@type":"ListItem","position":1,"name":"Hem","item":"https:\/\/www.posk.se\/luleastift\/"},{"@type":"ListItem","position":2,"name":"Kandidater\u00a0stiftsfullm\u00e4ktige Norrbotten"}]},{"@type":"WebSite","@id":"https:\/\/www.posk.se\/luleastift\/#website","url":"https:\/\/www.posk.se\/luleastift\/","name":"STIFTSF\u00d6RENING Lule\u00e5","description":"Stiftsf\u00f6reningen f\u00f6r POSK i Lule\u00e5 stift","potentialAction":[{"@type":"SearchAction","target":{"@type":"EntryPoint","urlTemplate":"https:\/\/www.posk.se\/luleastift\/?s={search_term_string}"},"query-input":{"@type":"PropertyValueSpecification","valueRequired":true,"valueName":"search_term_string"}}],"inLanguage":"sv-SE"}]}},"_links":{"self":[{"href":"https:\/\/www.posk.se\/luleastift\/wp-json\/wp\/v2\/pages\/985","targetHints":{"allow":["GET"]}}],"collection":[{"href":"https:\/\/www.posk.se\/luleastift\/wp-json\/wp\/v2\/pages"}],"about":[{"href":"https:\/\/www.posk.se\/luleastift\/wp-json\/wp\/v2\/types\/page"}],"author":[{"embeddable":true,"href":"https:\/\/www.posk.se\/luleastift\/wp-json\/wp\/v2\/users\/107"}],"replies":[{"embeddable":true,"href":"https:\/\/www.posk.se\/luleastift\/wp-json\/wp\/v2\/comments?post=985"}],"version-history":[{"count":7,"href":"https:\/\/www.posk.se\/luleastift\/wp-json\/wp\/v2\/pages\/985\/revisions"}],"predecessor-version":[{"id":1174,"href":"https:\/\/www.posk.se\/luleastift\/wp-json\/wp\/v2\/pages\/985\/revisions\/1174"}],"wp:featuredmedia":[{"embeddable":true,"href":"https:\/\/www.posk.se\/luleastift\/wp-json\/wp\/v2\/media\/1169"}],"wp:attachment":[{"href":"https:\/\/www.posk.se\/luleastift\/wp-json\/wp\/v2\/media?parent=985"}],"curies":[{"name":"wp","href":"https:\/\/api.w.org\/{rel}","templated":true}]}}