{"id":981,"date":"2025-06-26T17:58:09","date_gmt":"2025-06-26T15:58:09","guid":{"rendered":"https:\/\/www.posk.se\/luleastift\/?page_id=981"},"modified":"2025-08-28T13:44:05","modified_gmt":"2025-08-28T11:44:05","slug":"kandidatlista-kyrkomotet-2025","status":"publish","type":"page","link":"https:\/\/www.posk.se\/luleastift\/kandidatlista-kyrkomotet-2025\/","title":{"rendered":"Kandidater Kyrkom\u00f6tet"},"content":{"rendered":"<div title=\"Page 1\"><strong>Kandidater till kyrkom\u00f6tet<\/strong><\/div>\n<div title=\"Page 1\"><span style=\"color: #ffffff;\">.<\/span><\/div>\n<div class=\"page\" title=\"Page 1\">1. <strong>Lisa Tegby,<\/strong> prost,\u00a0\u00c5lidhems\u00a0f\u00f6rsamling,\u00a0Ume\u00e5<br \/>\n2. <strong>Celina Falk,<\/strong> HR\u2010specialist,\u00a0Nederlule\u00e5\u00a0f\u00f6rsamling<br \/>\n3. <strong>Katarina Glas,<\/strong> direktor,\u00a0Ume\u00e5\u00a0landsf\u00f6rsamling<br \/>\n4. <strong>Albin Vidmark,<\/strong> barnsk\u00f6tare, Skellefte\u00e5 landsf\u00f6rsamling<br \/>\n5. <strong>Maria Klasson Sundin,<\/strong> pr\u00e4st, Norrfj\u00e4rdens f\u00f6rsamling<br \/>\n6. <strong>Inge\u2010Bert T\u00e4ljedal,<\/strong> professor emeritus, \u00c5lidhems f\u00f6rsamling, Ume\u00e5<br \/>\n7. <strong>Kristina T\u00f6yr\u00e4,<\/strong> specialpedagog, Jukkasj\u00e4rvi f\u00f6rsamling<br \/>\n8. <strong>Erik Jonsson,<\/strong> l\u00e4rare, Pite\u00e5 f\u00f6rsamling<br \/>\n9. <strong>Anna Grenholm,<\/strong> pr\u00e4st, \u00d6verlule\u00e5 f\u00f6rsamling, Boden<br \/>\n10. <strong>Curt Edlund,<\/strong> socionom,\u00a0med.dr,\u00a0V\u00e4nn\u00e4s\u00a0f\u00f6rsamling<br \/>\n11. <strong>Gun\u2010Britt \u00c5str\u00f6m,<\/strong> egen f\u00f6retagare, Norsj\u00f6 f\u00f6rsamling<br \/>\n12. <strong>Rolf Wikman,<\/strong> f\u00f6retagare, Skellefte\u00e5 landsf\u00f6rsamling<br \/>\n13. <strong>Erika Sj\u00f6\u00f6,<\/strong> administrat\u00f6r, \u00d6verlule\u00e5 f\u00f6rsamling, Boden<br \/>\n14. <strong>Anna\u2010Sara Walld\u00e9n,<\/strong> pr\u00e4st, Lycksele f\u00f6rsamling<br \/>\n15. <strong>Lars Pohjanen,<\/strong> ingenj\u00f6r, Lule\u00e5 domkyrkof\u00f6rsamling<br \/>\n16. <strong>Irene Gustafsson,<\/strong> f.d. distriktssk\u00f6terska, \u00d6verlule\u00e5 f\u00f6rsamling, Boden<br \/>\n17. <strong>Roger Marklund,<\/strong> senior, Arvidsjaurs f\u00f6rsamling<br \/>\n18. <strong>Ingela Eriksson,<\/strong> diakoniassistent, H\u00f6rnefors f\u00f6rsamling<br \/>\n19. <strong>Timo Vilgats,<\/strong> l\u00e4rare, Jukkasj\u00e4rvi f\u00f6rsamling, Kiruna<br \/>\n20. <strong>Terese Hedman,<\/strong> pr\u00e4st, Bygde\u00e5 f\u00f6rsamling<br \/>\n21. <strong>Roger Larsson,<\/strong> civilingenj\u00f6r\/l\u00e4rare, Skellefte\u00e5 Sankt Olovs f\u00f6rsamling<br \/>\n22. <strong>Karin Andersson,<\/strong> kantor, Pajala f\u00f6rsamling<br \/>\n23. <strong>G\u00f6ran S\u00f6derstr\u00f6m,<\/strong> guldsmed, Vittangi f\u00f6rsamling, Lannavaara<br \/>\n24. <strong>Kajsa Ljungberg,<\/strong> administrat\u00f6r, R\u00e5ne\u00e5 f\u00f6rsamling<br \/>\n25. <strong>Paul Lundblad,<\/strong> fritidsledare, Lycksele f\u00f6rsamling<br \/>\n26. <strong>Rosalie Keller,<\/strong> pension\u00e4r, Byske\u2010F\u00e4llfors f\u00f6rsamling<br \/>\n27. <strong>Sigvard Lindgren,<\/strong> transport\u2010 o lageransvarig, Norrfj\u00e4rdens f\u00f6rsamling<br \/>\n28. <strong>Anna Wallstr\u00f6m,<\/strong> utredare Infrastruktur, Lule\u00e5 domkyrkof\u00f6rsamling<br \/>\n29. <strong>Bernt\u2010Ola Sandstr\u00f6m,<\/strong> ingenj\u00f6r, Bygde\u00e5 f\u00f6rsamling<br \/>\n30. <strong>Conny Bj\u00f6rklund,<\/strong> chauff\u00f6r, Holmsunds f\u00f6rsamling<br \/>\n31. <strong>Karin McBride,<\/strong> k\u00f6rledare, Norsj\u00f6 f\u00f6rsamling<br \/>\n32. <strong>Mikael Fredlander,<\/strong> pension\u00e4r, Nordmalings f\u00f6rsamling<br \/>\n33. <strong>Nina Sundin,<\/strong> tandhygienist, Stensele f\u00f6rsamling<br \/>\n34. <strong>Roger Lundstr\u00f6m,<\/strong> l\u00e4rare, Sankt \u00d6rjans f\u00f6rsamling, Skelleftehamn<br \/>\n35. <strong>Carin Hasslow,<\/strong> pr\u00e4st, Skellefte\u00e5 landsf\u00f6rsamling<br \/>\n.<\/div>\n<h6><strong>Toppbild: Antje Jackel\u00e9n. Fr\u00e5n gudstj\u00e4nsten vid kyrkom\u00f6tets \u00f6ppnande i Uppsala domkyrka 5 oktober 2021.<\/strong><br \/>\n<strong>Foto: Gustaf Hellsing \/Ikon<\/strong><\/h6>\n","protected":false},"excerpt":{"rendered":"<p>Kandidater till kyrkom\u00f6tet . 1. Lisa Tegby, prost,\u00a0\u00c5lidhems\u00a0f\u00f6rsamling,\u00a0Ume\u00e5 2. Celina Falk, HR\u2010specialist,\u00a0Nederlule\u00e5\u00a0f\u00f6rsamling 3. Katarina Glas, direktor,\u00a0Ume\u00e5\u00a0landsf\u00f6rsamling 4. Albin Vidmark, barnsk\u00f6tare, Skellefte\u00e5 landsf\u00f6rsamling 5. Maria Klasson Sundin, pr\u00e4st, Norrfj\u00e4rdens f\u00f6rsamling 6. Inge\u2010Bert T\u00e4ljedal, professor emeritus, \u00c5lidhems f\u00f6rsamling, Ume\u00e5 7. Kristina T\u00f6yr\u00e4, specialpedagog, Jukkasj\u00e4rvi f\u00f6rsamling 8. Erik Jonsson, l\u00e4rare, Pite\u00e5 f\u00f6rsamling 9. Anna Grenholm, pr\u00e4st, \u00d6verlule\u00e5 f\u00f6rsamling, [&hellip;]<\/p>\n","protected":false},"author":107,"featured_media":1171,"parent":0,"menu_order":8,"comment_status":"closed","ping_status":"closed","template":"page-templates\/page-sidebar-left.php","meta":{"_acf_changed":false,"footnotes":""},"class_list":["post-981","page","type-page","status-publish","has-post-thumbnail","hentry"],"acf":[],"yoast_head":"<!-- This site is optimized with the Yoast SEO plugin v24.9 - https:\/\/yoast.com\/wordpress\/plugins\/seo\/ -->\n<title>Kandidater Kyrkom\u00f6tet - STIFTSF\u00d6RENING Lule\u00e5<\/title>\n<meta name=\"robots\" content=\"index, follow, max-snippet:-1, max-image-preview:large, max-video-preview:-1\" \/>\n<link rel=\"canonical\" href=\"https:\/\/www.posk.se\/luleastift\/kandidatlista-kyrkomotet-2025\/\" \/>\n<meta property=\"og:locale\" content=\"sv_SE\" \/>\n<meta property=\"og:type\" content=\"article\" \/>\n<meta property=\"og:title\" content=\"Kandidater Kyrkom\u00f6tet - STIFTSF\u00d6RENING Lule\u00e5\" \/>\n<meta property=\"og:description\" content=\"Kandidater till kyrkom\u00f6tet . 1. Lisa Tegby, prost,\u00a0\u00c5lidhems\u00a0f\u00f6rsamling,\u00a0Ume\u00e5 2. Celina Falk, HR\u2010specialist,\u00a0Nederlule\u00e5\u00a0f\u00f6rsamling 3. Katarina Glas, direktor,\u00a0Ume\u00e5\u00a0landsf\u00f6rsamling 4. Albin Vidmark, barnsk\u00f6tare, Skellefte\u00e5 landsf\u00f6rsamling 5. Maria Klasson Sundin, pr\u00e4st, Norrfj\u00e4rdens f\u00f6rsamling 6. Inge\u2010Bert T\u00e4ljedal, professor emeritus, \u00c5lidhems f\u00f6rsamling, Ume\u00e5 7. Kristina T\u00f6yr\u00e4, specialpedagog, Jukkasj\u00e4rvi f\u00f6rsamling 8. Erik Jonsson, l\u00e4rare, Pite\u00e5 f\u00f6rsamling 9. Anna Grenholm, pr\u00e4st, \u00d6verlule\u00e5 f\u00f6rsamling, [&hellip;]\" \/>\n<meta property=\"og:url\" content=\"https:\/\/www.posk.se\/luleastift\/kandidatlista-kyrkomotet-2025\/\" \/>\n<meta property=\"og:site_name\" content=\"STIFTSF\u00d6RENING Lule\u00e5\" \/>\n<meta property=\"article:modified_time\" content=\"2025-08-28T11:44:05+00:00\" \/>\n<meta property=\"og:image\" content=\"https:\/\/www.posk.se\/luleastift\/wp-content\/uploads\/sites\/87\/2025\/08\/antje-vid-kyrkomotes-gtj-2021-besk.jpg\" \/>\n\t<meta property=\"og:image:width\" content=\"1600\" \/>\n\t<meta property=\"og:image:height\" content=\"648\" \/>\n\t<meta property=\"og:image:type\" content=\"image\/jpeg\" \/>\n<meta name=\"twitter:card\" content=\"summary_large_image\" \/>\n<meta name=\"twitter:label1\" content=\"Ber\u00e4knad l\u00e4stid\" \/>\n\t<meta name=\"twitter:data1\" content=\"2 minuter\" \/>\n<script type=\"application\/ld+json\" class=\"yoast-schema-graph\">{\"@context\":\"https:\/\/schema.org\",\"@graph\":[{\"@type\":\"WebPage\",\"@id\":\"https:\/\/www.posk.se\/luleastift\/kandidatlista-kyrkomotet-2025\/\",\"url\":\"https:\/\/www.posk.se\/luleastift\/kandidatlista-kyrkomotet-2025\/\",\"name\":\"Kandidater Kyrkom\u00f6tet - STIFTSF\u00d6RENING Lule\u00e5\",\"isPartOf\":{\"@id\":\"https:\/\/www.posk.se\/luleastift\/#website\"},\"primaryImageOfPage\":{\"@id\":\"https:\/\/www.posk.se\/luleastift\/kandidatlista-kyrkomotet-2025\/#primaryimage\"},\"image\":{\"@id\":\"https:\/\/www.posk.se\/luleastift\/kandidatlista-kyrkomotet-2025\/#primaryimage\"},\"thumbnailUrl\":\"https:\/\/www.posk.se\/luleastift\/wp-content\/uploads\/sites\/87\/2025\/08\/antje-vid-kyrkomotes-gtj-2021-besk.jpg\",\"datePublished\":\"2025-06-26T15:58:09+00:00\",\"dateModified\":\"2025-08-28T11:44:05+00:00\",\"breadcrumb\":{\"@id\":\"https:\/\/www.posk.se\/luleastift\/kandidatlista-kyrkomotet-2025\/#breadcrumb\"},\"inLanguage\":\"sv-SE\",\"potentialAction\":[{\"@type\":\"ReadAction\",\"target\":[\"https:\/\/www.posk.se\/luleastift\/kandidatlista-kyrkomotet-2025\/\"]}]},{\"@type\":\"ImageObject\",\"inLanguage\":\"sv-SE\",\"@id\":\"https:\/\/www.posk.se\/luleastift\/kandidatlista-kyrkomotet-2025\/#primaryimage\",\"url\":\"https:\/\/www.posk.se\/luleastift\/wp-content\/uploads\/sites\/87\/2025\/08\/antje-vid-kyrkomotes-gtj-2021-besk.jpg\",\"contentUrl\":\"https:\/\/www.posk.se\/luleastift\/wp-content\/uploads\/sites\/87\/2025\/08\/antje-vid-kyrkomotes-gtj-2021-besk.jpg\",\"width\":1600,\"height\":648},{\"@type\":\"BreadcrumbList\",\"@id\":\"https:\/\/www.posk.se\/luleastift\/kandidatlista-kyrkomotet-2025\/#breadcrumb\",\"itemListElement\":[{\"@type\":\"ListItem\",\"position\":1,\"name\":\"Hem\",\"item\":\"https:\/\/www.posk.se\/luleastift\/\"},{\"@type\":\"ListItem\",\"position\":2,\"name\":\"Kandidater Kyrkom\u00f6tet\"}]},{\"@type\":\"WebSite\",\"@id\":\"https:\/\/www.posk.se\/luleastift\/#website\",\"url\":\"https:\/\/www.posk.se\/luleastift\/\",\"name\":\"STIFTSF\u00d6RENING Lule\u00e5\",\"description\":\"Stiftsf\u00f6reningen f\u00f6r POSK i Lule\u00e5 stift\",\"potentialAction\":[{\"@type\":\"SearchAction\",\"target\":{\"@type\":\"EntryPoint\",\"urlTemplate\":\"https:\/\/www.posk.se\/luleastift\/?s={search_term_string}\"},\"query-input\":{\"@type\":\"PropertyValueSpecification\",\"valueRequired\":true,\"valueName\":\"search_term_string\"}}],\"inLanguage\":\"sv-SE\"}]}<\/script>\n<!-- \/ Yoast SEO plugin. -->","yoast_head_json":{"title":"Kandidater Kyrkom\u00f6tet - STIFTSF\u00d6RENING Lule\u00e5","robots":{"index":"index","follow":"follow","max-snippet":"max-snippet:-1","max-image-preview":"max-image-preview:large","max-video-preview":"max-video-preview:-1"},"canonical":"https:\/\/www.posk.se\/luleastift\/kandidatlista-kyrkomotet-2025\/","og_locale":"sv_SE","og_type":"article","og_title":"Kandidater Kyrkom\u00f6tet - STIFTSF\u00d6RENING Lule\u00e5","og_description":"Kandidater till kyrkom\u00f6tet . 1. Lisa Tegby, prost,\u00a0\u00c5lidhems\u00a0f\u00f6rsamling,\u00a0Ume\u00e5 2. Celina Falk, HR\u2010specialist,\u00a0Nederlule\u00e5\u00a0f\u00f6rsamling 3. Katarina Glas, direktor,\u00a0Ume\u00e5\u00a0landsf\u00f6rsamling 4. Albin Vidmark, barnsk\u00f6tare, Skellefte\u00e5 landsf\u00f6rsamling 5. Maria Klasson Sundin, pr\u00e4st, Norrfj\u00e4rdens f\u00f6rsamling 6. Inge\u2010Bert T\u00e4ljedal, professor emeritus, \u00c5lidhems f\u00f6rsamling, Ume\u00e5 7. Kristina T\u00f6yr\u00e4, specialpedagog, Jukkasj\u00e4rvi f\u00f6rsamling 8. Erik Jonsson, l\u00e4rare, Pite\u00e5 f\u00f6rsamling 9. Anna Grenholm, pr\u00e4st, \u00d6verlule\u00e5 f\u00f6rsamling, [&hellip;]","og_url":"https:\/\/www.posk.se\/luleastift\/kandidatlista-kyrkomotet-2025\/","og_site_name":"STIFTSF\u00d6RENING Lule\u00e5","article_modified_time":"2025-08-28T11:44:05+00:00","og_image":[{"width":1600,"height":648,"url":"https:\/\/www.posk.se\/luleastift\/wp-content\/uploads\/sites\/87\/2025\/08\/antje-vid-kyrkomotes-gtj-2021-besk.jpg","type":"image\/jpeg"}],"twitter_card":"summary_large_image","twitter_misc":{"Ber\u00e4knad l\u00e4stid":"2 minuter"},"schema":{"@context":"https:\/\/schema.org","@graph":[{"@type":"WebPage","@id":"https:\/\/www.posk.se\/luleastift\/kandidatlista-kyrkomotet-2025\/","url":"https:\/\/www.posk.se\/luleastift\/kandidatlista-kyrkomotet-2025\/","name":"Kandidater Kyrkom\u00f6tet - STIFTSF\u00d6RENING Lule\u00e5","isPartOf":{"@id":"https:\/\/www.posk.se\/luleastift\/#website"},"primaryImageOfPage":{"@id":"https:\/\/www.posk.se\/luleastift\/kandidatlista-kyrkomotet-2025\/#primaryimage"},"image":{"@id":"https:\/\/www.posk.se\/luleastift\/kandidatlista-kyrkomotet-2025\/#primaryimage"},"thumbnailUrl":"https:\/\/www.posk.se\/luleastift\/wp-content\/uploads\/sites\/87\/2025\/08\/antje-vid-kyrkomotes-gtj-2021-besk.jpg","datePublished":"2025-06-26T15:58:09+00:00","dateModified":"2025-08-28T11:44:05+00:00","breadcrumb":{"@id":"https:\/\/www.posk.se\/luleastift\/kandidatlista-kyrkomotet-2025\/#breadcrumb"},"inLanguage":"sv-SE","potentialAction":[{"@type":"ReadAction","target":["https:\/\/www.posk.se\/luleastift\/kandidatlista-kyrkomotet-2025\/"]}]},{"@type":"ImageObject","inLanguage":"sv-SE","@id":"https:\/\/www.posk.se\/luleastift\/kandidatlista-kyrkomotet-2025\/#primaryimage","url":"https:\/\/www.posk.se\/luleastift\/wp-content\/uploads\/sites\/87\/2025\/08\/antje-vid-kyrkomotes-gtj-2021-besk.jpg","contentUrl":"https:\/\/www.posk.se\/luleastift\/wp-content\/uploads\/sites\/87\/2025\/08\/antje-vid-kyrkomotes-gtj-2021-besk.jpg","width":1600,"height":648},{"@type":"BreadcrumbList","@id":"https:\/\/www.posk.se\/luleastift\/kandidatlista-kyrkomotet-2025\/#breadcrumb","itemListElement":[{"@type":"ListItem","position":1,"name":"Hem","item":"https:\/\/www.posk.se\/luleastift\/"},{"@type":"ListItem","position":2,"name":"Kandidater Kyrkom\u00f6tet"}]},{"@type":"WebSite","@id":"https:\/\/www.posk.se\/luleastift\/#website","url":"https:\/\/www.posk.se\/luleastift\/","name":"STIFTSF\u00d6RENING Lule\u00e5","description":"Stiftsf\u00f6reningen f\u00f6r POSK i Lule\u00e5 stift","potentialAction":[{"@type":"SearchAction","target":{"@type":"EntryPoint","urlTemplate":"https:\/\/www.posk.se\/luleastift\/?s={search_term_string}"},"query-input":{"@type":"PropertyValueSpecification","valueRequired":true,"valueName":"search_term_string"}}],"inLanguage":"sv-SE"}]}},"_links":{"self":[{"href":"https:\/\/www.posk.se\/luleastift\/wp-json\/wp\/v2\/pages\/981","targetHints":{"allow":["GET"]}}],"collection":[{"href":"https:\/\/www.posk.se\/luleastift\/wp-json\/wp\/v2\/pages"}],"about":[{"href":"https:\/\/www.posk.se\/luleastift\/wp-json\/wp\/v2\/types\/page"}],"author":[{"embeddable":true,"href":"https:\/\/www.posk.se\/luleastift\/wp-json\/wp\/v2\/users\/107"}],"replies":[{"embeddable":true,"href":"https:\/\/www.posk.se\/luleastift\/wp-json\/wp\/v2\/comments?post=981"}],"version-history":[{"count":9,"href":"https:\/\/www.posk.se\/luleastift\/wp-json\/wp\/v2\/pages\/981\/revisions"}],"predecessor-version":[{"id":1173,"href":"https:\/\/www.posk.se\/luleastift\/wp-json\/wp\/v2\/pages\/981\/revisions\/1173"}],"wp:featuredmedia":[{"embeddable":true,"href":"https:\/\/www.posk.se\/luleastift\/wp-json\/wp\/v2\/media\/1171"}],"wp:attachment":[{"href":"https:\/\/www.posk.se\/luleastift\/wp-json\/wp\/v2\/media?parent=981"}],"curies":[{"name":"wp","href":"https:\/\/api.w.org\/{rel}","templated":true}]}}