{"id":445,"date":"2017-07-29T15:59:42","date_gmt":"2021-06-05T16:43:11","guid":{"rendered":"https:\/\/www.posk.se\/luleastift\/?page_id=445"},"modified":"2023-05-17T15:36:35","modified_gmt":"2023-05-17T13:36:35","slug":"arsmote-2021","status":"publish","type":"page","link":"https:\/\/www.posk.se\/luleastift\/medlemssidor\/arsmote-2021\/","title":{"rendered":"\u00c5rsm\u00f6te 2021"},"content":{"rendered":"","protected":true},"excerpt":{"rendered":"","protected":true},"author":54,"featured_media":0,"parent":408,"menu_order":5,"comment_status":"closed","ping_status":"closed","template":"page-templates\/page-sidebar-left.php","meta":{"_acf_changed":false,"footnotes":""},"class_list":["post-445","page","type-page","status-publish","post-password-required","hentry"],"acf":[],"yoast_head":"<!-- This site is optimized with the Yoast SEO plugin v24.9 - https:\/\/yoast.com\/wordpress\/plugins\/seo\/ -->\n<title>\u00c5rsm\u00f6te 2021 - STIFTSF\u00d6RENING Lule\u00e5<\/title>\n<meta name=\"robots\" content=\"index, follow, max-snippet:-1, max-image-preview:large, max-video-preview:-1\" \/>\n<link rel=\"canonical\" href=\"https:\/\/www.posk.se\/luleastift\/medlemssidor\/arsmote-2021\/\" \/>\n<meta property=\"og:locale\" content=\"sv_SE\" \/>\n<meta property=\"og:type\" content=\"article\" \/>\n<meta property=\"og:title\" content=\"\u00c5rsm\u00f6te 2021 - STIFTSF\u00d6RENING Lule\u00e5\" \/>\n<meta property=\"og:description\" content=\"Det finns inget utdrag eftersom detta \u00e4r ett skyddat inl\u00e4gg.\" \/>\n<meta property=\"og:url\" content=\"https:\/\/www.posk.se\/luleastift\/medlemssidor\/arsmote-2021\/\" \/>\n<meta property=\"og:site_name\" content=\"STIFTSF\u00d6RENING Lule\u00e5\" \/>\n<meta property=\"article:modified_time\" content=\"2023-05-17T13:36:35+00:00\" \/>\n<meta name=\"twitter:card\" content=\"summary_large_image\" \/>\n<meta name=\"twitter:label1\" content=\"Ber\u00e4knad l\u00e4stid\" \/>\n\t<meta name=\"twitter:data1\" content=\"1 minut\" \/>\n<script type=\"application\/ld+json\" class=\"yoast-schema-graph\">{\"@context\":\"https:\/\/schema.org\",\"@graph\":[{\"@type\":\"WebPage\",\"@id\":\"https:\/\/www.posk.se\/luleastift\/medlemssidor\/arsmote-2021\/\",\"url\":\"https:\/\/www.posk.se\/luleastift\/medlemssidor\/arsmote-2021\/\",\"name\":\"\u00c5rsm\u00f6te 2021 - STIFTSF\u00d6RENING Lule\u00e5\",\"isPartOf\":{\"@id\":\"https:\/\/www.posk.se\/luleastift\/#website\"},\"datePublished\":\"2021-06-05T16:43:11+00:00\",\"dateModified\":\"2023-05-17T13:36:35+00:00\",\"breadcrumb\":{\"@id\":\"https:\/\/www.posk.se\/luleastift\/medlemssidor\/arsmote-2021\/#breadcrumb\"},\"inLanguage\":\"sv-SE\"},{\"@type\":\"WebSite\",\"@id\":\"https:\/\/www.posk.se\/luleastift\/#website\",\"url\":\"https:\/\/www.posk.se\/luleastift\/\",\"name\":\"STIFTSF\u00d6RENING Lule\u00e5\",\"description\":\"Stiftsf\u00f6reningen f\u00f6r POSK i Lule\u00e5 stift\",\"potentialAction\":[{\"@type\":\"SearchAction\",\"target\":{\"@type\":\"EntryPoint\",\"urlTemplate\":\"https:\/\/www.posk.se\/luleastift\/?s={search_term_string}\"},\"query-input\":{\"@type\":\"PropertyValueSpecification\",\"valueRequired\":true,\"valueName\":\"search_term_string\"}}],\"inLanguage\":\"sv-SE\"}]}<\/script>\n<!-- \/ Yoast SEO plugin. -->","yoast_head_json":{"title":"\u00c5rsm\u00f6te 2021 - STIFTSF\u00d6RENING Lule\u00e5","robots":{"index":"index","follow":"follow","max-snippet":"max-snippet:-1","max-image-preview":"max-image-preview:large","max-video-preview":"max-video-preview:-1"},"canonical":"https:\/\/www.posk.se\/luleastift\/medlemssidor\/arsmote-2021\/","og_locale":"sv_SE","og_type":"article","og_title":"\u00c5rsm\u00f6te 2021 - STIFTSF\u00d6RENING Lule\u00e5","og_description":"Det finns inget utdrag eftersom detta \u00e4r ett skyddat inl\u00e4gg.","og_url":"https:\/\/www.posk.se\/luleastift\/medlemssidor\/arsmote-2021\/","og_site_name":"STIFTSF\u00d6RENING Lule\u00e5","article_modified_time":"2023-05-17T13:36:35+00:00","twitter_card":"summary_large_image","twitter_misc":{"Ber\u00e4knad l\u00e4stid":"1 minut"},"schema":{"@context":"https:\/\/schema.org","@graph":[{"@type":"WebPage","@id":"https:\/\/www.posk.se\/luleastift\/medlemssidor\/arsmote-2021\/","url":"https:\/\/www.posk.se\/luleastift\/medlemssidor\/arsmote-2021\/","name":"\u00c5rsm\u00f6te 2021 - STIFTSF\u00d6RENING Lule\u00e5","isPartOf":{"@id":"https:\/\/www.posk.se\/luleastift\/#website"},"datePublished":"2021-06-05T16:43:11+00:00","dateModified":"2023-05-17T13:36:35+00:00","breadcrumb":{"@id":"https:\/\/www.posk.se\/luleastift\/medlemssidor\/arsmote-2021\/#breadcrumb"},"inLanguage":"sv-SE"},{"@type":"WebSite","@id":"https:\/\/www.posk.se\/luleastift\/#website","url":"https:\/\/www.posk.se\/luleastift\/","name":"STIFTSF\u00d6RENING Lule\u00e5","description":"Stiftsf\u00f6reningen f\u00f6r POSK i Lule\u00e5 stift","potentialAction":[{"@type":"SearchAction","target":{"@type":"EntryPoint","urlTemplate":"https:\/\/www.posk.se\/luleastift\/?s={search_term_string}"},"query-input":{"@type":"PropertyValueSpecification","valueRequired":true,"valueName":"search_term_string"}}],"inLanguage":"sv-SE"}]}},"_links":{"self":[{"href":"https:\/\/www.posk.se\/luleastift\/wp-json\/wp\/v2\/pages\/445","targetHints":{"allow":["GET"]}}],"collection":[{"href":"https:\/\/www.posk.se\/luleastift\/wp-json\/wp\/v2\/pages"}],"about":[{"href":"https:\/\/www.posk.se\/luleastift\/wp-json\/wp\/v2\/types\/page"}],"author":[{"embeddable":true,"href":"https:\/\/www.posk.se\/luleastift\/wp-json\/wp\/v2\/users\/54"}],"replies":[{"embeddable":true,"href":"https:\/\/www.posk.se\/luleastift\/wp-json\/wp\/v2\/comments?post=445"}],"version-history":[{"count":6,"href":"https:\/\/www.posk.se\/luleastift\/wp-json\/wp\/v2\/pages\/445\/revisions"}],"predecessor-version":[{"id":456,"href":"https:\/\/www.posk.se\/luleastift\/wp-json\/wp\/v2\/pages\/445\/revisions\/456"}],"up":[{"embeddable":true,"href":"https:\/\/www.posk.se\/luleastift\/wp-json\/wp\/v2\/pages\/408"}],"wp:attachment":[{"href":"https:\/\/www.posk.se\/luleastift\/wp-json\/wp\/v2\/media?parent=445"}],"curies":[{"name":"wp","href":"https:\/\/api.w.org\/{rel}","templated":true}]}}