{"id":18,"date":"2016-06-29T01:32:56","date_gmt":"2016-06-28T23:32:41","guid":{"rendered":"https:\/\/www.posk.se\/hornefors\/?page_id=18"},"modified":"2025-12-06T16:04:55","modified_gmt":"2025-12-06T15:04:55","slug":"startsidan","status":"publish","type":"page","link":"https:\/\/www.posk.se\/luleastift\/","title":{"rendered":"POSK i Lule\u00e5 stift"},"content":{"rendered":"<p><img loading=\"lazy\" decoding=\"async\" class=\"wp-image-268\" src=\"https:\/\/www.posk.se\/luleastift\/wp-content\/uploads\/sites\/87\/2020\/09\/170213-kyt-1-6.gif\" alt=\"\" width=\"817\" height=\"200\" \/><\/p>\n<p>Denna annons var inf\u00f6rd i Kyrkans tidning inf\u00f6r kyrkovalet 2017 \u2013 men budskapet g\u00e4ller \u00e4n!<br \/>\n<span style=\"color: #ffffff\">.<\/span><\/p>\n<h5><span style=\"color: #333399\"><strong>Stiftsf\u00f6reningen POSK i Lule\u00e5 stift har tre huvuduppgifter:<\/strong><\/span><\/h5>\n<ul>\n<li>\n<h6>Att nominera kandidater till valet av stiftsfullm\u00e4ktige i Lule\u00e5 stift och till valet av Lule\u00e5 stifts kyrkom\u00f6tesledam\u00f6ter.<\/h6>\n<\/li>\n<li>\n<h6>Att st\u00f6dja och utveckla arbetet i POSKs lokalgrupper i f\u00f6rsamlingar och pastorat inom stiftet.<\/h6>\n<\/li>\n<li>\n<h6>Att st\u00e4rka POSKs n\u00e4rvaro i stiftets f\u00f6rsamlingar. Vi uppmuntrar och st\u00f6djer bildandet av nya POSK-grupper, och v\u00e4lkomnar befintliga obundna grupper att ansluta sig till POSK. M\u00e5let \u00e4r att det p\u00e5 sikt ska vara m\u00f6jligt att r\u00f6sta p\u00e5 POSK i kyrkofullm\u00e4ktigevalen i samtliga f\u00f6rsamlingar och pastorat i Lule\u00e5 stift.<\/h6>\n<\/li>\n<\/ul>\n<h4><span style=\"color: #993300\"><span style=\"color: #333399\">Inbjudan \u2013 1<\/span>\u00a0<\/span><\/h4>\n<p style=\"padding-left: 40px\">\u00c4r ni n\u00e5gra kyrkligt engagerade personer som tycker att det <span style=\"color: #333399\"><strong>saknas ett partipolitiskt obundet alternativ<\/strong><\/span> i er f\u00f6rsamling eller pastorat?<br \/>\nHar ni funderat p\u00e5 att starta en nomineringsgrupp f\u00f6r att r\u00e5da bot p\u00e5 detta?<\/p>\n<p style=\"padding-left: 40px\"><span style=\"color: #333399\"><em><strong>H\u00f6r av er till oss<\/strong><\/em><\/span> s\u00e5 hj\u00e4lper vi er att starta en POSK-grupp. Vi har kunskaperna och erfarenheten, och vi kan erbjuda r\u00e5d, hj\u00e4lp och st\u00f6d \u2013 t.ex genom v\u00e5rt Startpaket f\u00f6r nya grupper. Vi kan ocks\u00e5 komma p\u00e5 bes\u00f6k och ber\u00e4tta mer om POSK, hur man startar en grupp, och om vad det inneb\u00e4r.<\/p>\n<h4><span style=\"color: #993300\">Inbjudan \u2013 2<\/span><\/h4>\n<p style=\"padding-left: 40px\">\u00c4r ni en redan <span style=\"color: #993300\"><strong>etablerad partipolitiskt obunden grupp,<\/strong><\/span>\u00a0i f\u00f6rsamling eller pastorat, som inte tillh\u00f6r POSK?<br \/>\nHar ni funderat p\u00e5 hur det skulle vara att tillh\u00f6ra en st\u00f6rre r\u00f6relse med stark f\u00f6rankring p\u00e5 alla niv\u00e5er inom Svenska kyrkan?<\/p>\n<p style=\"padding-left: 40px\">Vi \u00e4r \u00f6vertygade om att ni skulle ha b\u00e5de nytta och gl\u00e4dje av att vara med i POSK.<br \/>\nVi skulle ocks\u00e5 gl\u00e4dja oss \u00e5t att bli fler, och vi skulle tillsammans st\u00e5 starkare som obundna alternativ b\u00e5de lokalt och p\u00e5 stiftsniv\u00e5 och nationell niv\u00e5 inom Svenska kyrkan!<\/p>\n<p style=\"padding-left: 40px\"><span style=\"color: #993300\"><em><strong>H\u00f6r av er till oss<\/strong><\/em><\/span> s\u00e5 ber\u00e4ttar vi mer om vad POSK \u00e4r och hur vi arbetar.<br \/>\nVi kan ocks\u00e5 komma p\u00e5 bes\u00f6k och ber\u00e4tta mer om POSK, och om vad det inneb\u00e4r f\u00f6r er grupp att ansluta sig.\u00a0Och om ni k\u00e4nner att ni skulle vilja f\u00f6rnya och utveckla ert arbete i f\u00f6rsamlingen eller pastoratet s\u00e5 kan vi hj\u00e4lpa till.<\/p>\n<p><span style=\"color: #993300\"><strong>Kontakt:<\/strong><\/span> <a href=\"mailto:lulea.stift@posk.se\">lulea.stift@posk.se<\/a>\u00a0 \u2022 \u00a0072-152 18 52 \u00a0(Ordf\u00f6rande Lars-Gunnar Frisk)<\/p>\n<p>___________________________________________________________________________________________________<\/p>\n<p>Medlemsavgift till POSK Lule\u00e5 stift f\u00f6r mandatperioden 2025-2029 \u00e4r <strong>200:-<\/strong><\/p>\n<p>Betalas via <strong>bankgiro: 379-6265<\/strong> eller Swish till: \u00a0123 210 24 24<\/p>\n<p><strong>Var noga med att b\u00e5de &#8221;Lule\u00e5 stift&#8221; och betalande f\u00f6renings namn anges!<\/strong><\/p>\n<p>F\u00f6r nya grupper som ansluter sig till POSK g\u00e4ller f\u00f6rsta medlemsavgiften f\u00f6r resterande del<br \/>\nav innevarande mandatperiod samt f\u00f6r den kommande mandatperioden.<br \/>\n<strong>Medlemsavgift f\u00f6r direktansluten* medlem:<\/strong>\u00a0100 kr per mandatperiod<br \/>\n* Man blir normalt medlem i POSK genom den lokala POSK-gruppen\u00a0i f\u00f6rsamlingen.<br \/>\nDen som tillh\u00f6r en f\u00f6rsamling d\u00e4r det \u00e4nnu inte finns n\u00e5gon lokal POSK-grupp kan i st\u00e4llet<br \/>\nbli\u00a0<em>direktansluten medlem<\/em> i stiftsf\u00f6reningen.<br \/>\n___________________________________________________________________________________________________<\/p>\n","protected":false},"excerpt":{"rendered":"<p>Denna annons var inf\u00f6rd i Kyrkans tidning inf\u00f6r kyrkovalet 2017 \u2013 men budskapet g\u00e4ller \u00e4n! . Stiftsf\u00f6reningen POSK i Lule\u00e5 stift har tre huvuduppgifter: Att nominera kandidater till valet av stiftsfullm\u00e4ktige i Lule\u00e5 stift och till valet av Lule\u00e5 stifts kyrkom\u00f6tesledam\u00f6ter. Att st\u00f6dja och utveckla arbetet i POSKs lokalgrupper i f\u00f6rsamlingar och pastorat inom stiftet. [&hellip;]<\/p>\n","protected":false},"author":1,"featured_media":41,"parent":0,"menu_order":0,"comment_status":"closed","ping_status":"closed","template":"page-templates\/page-sidebar-left.php","meta":{"_acf_changed":false,"footnotes":""},"class_list":["post-18","page","type-page","status-publish","has-post-thumbnail","hentry"],"acf":[],"yoast_head":"<!-- This site is optimized with the Yoast SEO plugin v24.9 - https:\/\/yoast.com\/wordpress\/plugins\/seo\/ -->\n<title>POSK i Lule\u00e5 stift - STIFTSF\u00d6RENING Lule\u00e5<\/title>\n<meta name=\"robots\" content=\"index, follow, max-snippet:-1, max-image-preview:large, max-video-preview:-1\" \/>\n<link rel=\"canonical\" href=\"https:\/\/www.posk.se\/luleastift\/\" \/>\n<meta property=\"og:locale\" content=\"sv_SE\" \/>\n<meta property=\"og:type\" content=\"article\" \/>\n<meta property=\"og:title\" content=\"POSK i Lule\u00e5 stift - STIFTSF\u00d6RENING Lule\u00e5\" \/>\n<meta property=\"og:description\" content=\"Denna annons var inf\u00f6rd i Kyrkans tidning inf\u00f6r kyrkovalet 2017 \u2013 men budskapet g\u00e4ller \u00e4n! . Stiftsf\u00f6reningen POSK i Lule\u00e5 stift har tre huvuduppgifter: Att nominera kandidater till valet av stiftsfullm\u00e4ktige i Lule\u00e5 stift och till valet av Lule\u00e5 stifts kyrkom\u00f6tesledam\u00f6ter. Att st\u00f6dja och utveckla arbetet i POSKs lokalgrupper i f\u00f6rsamlingar och pastorat inom stiftet. [&hellip;]\" \/>\n<meta property=\"og:url\" content=\"https:\/\/www.posk.se\/luleastift\/\" \/>\n<meta property=\"og:site_name\" content=\"STIFTSF\u00d6RENING Lule\u00e5\" \/>\n<meta property=\"article:modified_time\" content=\"2025-12-06T15:04:55+00:00\" \/>\n<meta property=\"og:image\" content=\"https:\/\/www.posk.se\/luleastift\/wp-content\/uploads\/sites\/87\/2016\/06\/road-510557_1920.jpg\" \/>\n\t<meta property=\"og:image:width\" content=\"1920\" \/>\n\t<meta property=\"og:image:height\" content=\"965\" \/>\n\t<meta property=\"og:image:type\" content=\"image\/jpeg\" \/>\n<meta name=\"twitter:card\" content=\"summary_large_image\" \/>\n<meta name=\"twitter:label1\" content=\"Ber\u00e4knad l\u00e4stid\" \/>\n\t<meta name=\"twitter:data1\" content=\"3 minuter\" \/>\n<script type=\"application\/ld+json\" class=\"yoast-schema-graph\">{\"@context\":\"https:\/\/schema.org\",\"@graph\":[{\"@type\":\"WebPage\",\"@id\":\"https:\/\/www.posk.se\/luleastift\/\",\"url\":\"https:\/\/www.posk.se\/luleastift\/\",\"name\":\"POSK i Lule\u00e5 stift - STIFTSF\u00d6RENING Lule\u00e5\",\"isPartOf\":{\"@id\":\"https:\/\/www.posk.se\/luleastift\/#website\"},\"primaryImageOfPage\":{\"@id\":\"https:\/\/www.posk.se\/luleastift\/#primaryimage\"},\"image\":{\"@id\":\"https:\/\/www.posk.se\/luleastift\/#primaryimage\"},\"thumbnailUrl\":\"https:\/\/www.posk.se\/luleastift\/wp-content\/uploads\/sites\/87\/2016\/06\/road-510557_1920.jpg\",\"datePublished\":\"2016-06-28T23:32:41+00:00\",\"dateModified\":\"2025-12-06T15:04:55+00:00\",\"breadcrumb\":{\"@id\":\"https:\/\/www.posk.se\/luleastift\/#breadcrumb\"},\"inLanguage\":\"sv-SE\",\"potentialAction\":[{\"@type\":\"ReadAction\",\"target\":[\"https:\/\/www.posk.se\/luleastift\/\"]}]},{\"@type\":\"ImageObject\",\"inLanguage\":\"sv-SE\",\"@id\":\"https:\/\/www.posk.se\/luleastift\/#primaryimage\",\"url\":\"https:\/\/www.posk.se\/luleastift\/wp-content\/uploads\/sites\/87\/2016\/06\/road-510557_1920.jpg\",\"contentUrl\":\"https:\/\/www.posk.se\/luleastift\/wp-content\/uploads\/sites\/87\/2016\/06\/road-510557_1920.jpg\",\"width\":1920,\"height\":965},{\"@type\":\"BreadcrumbList\",\"@id\":\"https:\/\/www.posk.se\/luleastift\/#breadcrumb\",\"itemListElement\":[{\"@type\":\"ListItem\",\"position\":1,\"name\":\"Hem\",\"item\":\"https:\/\/www.posk.se\/luleastift\/\"},{\"@type\":\"ListItem\",\"position\":2,\"name\":\"POSK i Lule\u00e5 stift\"}]},{\"@type\":\"WebSite\",\"@id\":\"https:\/\/www.posk.se\/luleastift\/#website\",\"url\":\"https:\/\/www.posk.se\/luleastift\/\",\"name\":\"STIFTSF\u00d6RENING Lule\u00e5\",\"description\":\"Stiftsf\u00f6reningen f\u00f6r POSK i Lule\u00e5 stift\",\"potentialAction\":[{\"@type\":\"SearchAction\",\"target\":{\"@type\":\"EntryPoint\",\"urlTemplate\":\"https:\/\/www.posk.se\/luleastift\/?s={search_term_string}\"},\"query-input\":{\"@type\":\"PropertyValueSpecification\",\"valueRequired\":true,\"valueName\":\"search_term_string\"}}],\"inLanguage\":\"sv-SE\"}]}<\/script>\n<!-- \/ Yoast SEO plugin. -->","yoast_head_json":{"title":"POSK i Lule\u00e5 stift - STIFTSF\u00d6RENING Lule\u00e5","robots":{"index":"index","follow":"follow","max-snippet":"max-snippet:-1","max-image-preview":"max-image-preview:large","max-video-preview":"max-video-preview:-1"},"canonical":"https:\/\/www.posk.se\/luleastift\/","og_locale":"sv_SE","og_type":"article","og_title":"POSK i Lule\u00e5 stift - STIFTSF\u00d6RENING Lule\u00e5","og_description":"Denna annons var inf\u00f6rd i Kyrkans tidning inf\u00f6r kyrkovalet 2017 \u2013 men budskapet g\u00e4ller \u00e4n! . Stiftsf\u00f6reningen POSK i Lule\u00e5 stift har tre huvuduppgifter: Att nominera kandidater till valet av stiftsfullm\u00e4ktige i Lule\u00e5 stift och till valet av Lule\u00e5 stifts kyrkom\u00f6tesledam\u00f6ter. Att st\u00f6dja och utveckla arbetet i POSKs lokalgrupper i f\u00f6rsamlingar och pastorat inom stiftet. [&hellip;]","og_url":"https:\/\/www.posk.se\/luleastift\/","og_site_name":"STIFTSF\u00d6RENING Lule\u00e5","article_modified_time":"2025-12-06T15:04:55+00:00","og_image":[{"width":1920,"height":965,"url":"https:\/\/www.posk.se\/luleastift\/wp-content\/uploads\/sites\/87\/2016\/06\/road-510557_1920.jpg","type":"image\/jpeg"}],"twitter_card":"summary_large_image","twitter_misc":{"Ber\u00e4knad l\u00e4stid":"3 minuter"},"schema":{"@context":"https:\/\/schema.org","@graph":[{"@type":"WebPage","@id":"https:\/\/www.posk.se\/luleastift\/","url":"https:\/\/www.posk.se\/luleastift\/","name":"POSK i Lule\u00e5 stift - STIFTSF\u00d6RENING Lule\u00e5","isPartOf":{"@id":"https:\/\/www.posk.se\/luleastift\/#website"},"primaryImageOfPage":{"@id":"https:\/\/www.posk.se\/luleastift\/#primaryimage"},"image":{"@id":"https:\/\/www.posk.se\/luleastift\/#primaryimage"},"thumbnailUrl":"https:\/\/www.posk.se\/luleastift\/wp-content\/uploads\/sites\/87\/2016\/06\/road-510557_1920.jpg","datePublished":"2016-06-28T23:32:41+00:00","dateModified":"2025-12-06T15:04:55+00:00","breadcrumb":{"@id":"https:\/\/www.posk.se\/luleastift\/#breadcrumb"},"inLanguage":"sv-SE","potentialAction":[{"@type":"ReadAction","target":["https:\/\/www.posk.se\/luleastift\/"]}]},{"@type":"ImageObject","inLanguage":"sv-SE","@id":"https:\/\/www.posk.se\/luleastift\/#primaryimage","url":"https:\/\/www.posk.se\/luleastift\/wp-content\/uploads\/sites\/87\/2016\/06\/road-510557_1920.jpg","contentUrl":"https:\/\/www.posk.se\/luleastift\/wp-content\/uploads\/sites\/87\/2016\/06\/road-510557_1920.jpg","width":1920,"height":965},{"@type":"BreadcrumbList","@id":"https:\/\/www.posk.se\/luleastift\/#breadcrumb","itemListElement":[{"@type":"ListItem","position":1,"name":"Hem","item":"https:\/\/www.posk.se\/luleastift\/"},{"@type":"ListItem","position":2,"name":"POSK i Lule\u00e5 stift"}]},{"@type":"WebSite","@id":"https:\/\/www.posk.se\/luleastift\/#website","url":"https:\/\/www.posk.se\/luleastift\/","name":"STIFTSF\u00d6RENING Lule\u00e5","description":"Stiftsf\u00f6reningen f\u00f6r POSK i Lule\u00e5 stift","potentialAction":[{"@type":"SearchAction","target":{"@type":"EntryPoint","urlTemplate":"https:\/\/www.posk.se\/luleastift\/?s={search_term_string}"},"query-input":{"@type":"PropertyValueSpecification","valueRequired":true,"valueName":"search_term_string"}}],"inLanguage":"sv-SE"}]}},"_links":{"self":[{"href":"https:\/\/www.posk.se\/luleastift\/wp-json\/wp\/v2\/pages\/18","targetHints":{"allow":["GET"]}}],"collection":[{"href":"https:\/\/www.posk.se\/luleastift\/wp-json\/wp\/v2\/pages"}],"about":[{"href":"https:\/\/www.posk.se\/luleastift\/wp-json\/wp\/v2\/types\/page"}],"author":[{"embeddable":true,"href":"https:\/\/www.posk.se\/luleastift\/wp-json\/wp\/v2\/users\/1"}],"replies":[{"embeddable":true,"href":"https:\/\/www.posk.se\/luleastift\/wp-json\/wp\/v2\/comments?post=18"}],"version-history":[{"count":35,"href":"https:\/\/www.posk.se\/luleastift\/wp-json\/wp\/v2\/pages\/18\/revisions"}],"predecessor-version":[{"id":1349,"href":"https:\/\/www.posk.se\/luleastift\/wp-json\/wp\/v2\/pages\/18\/revisions\/1349"}],"wp:featuredmedia":[{"embeddable":true,"href":"https:\/\/www.posk.se\/luleastift\/wp-json\/wp\/v2\/media\/41"}],"wp:attachment":[{"href":"https:\/\/www.posk.se\/luleastift\/wp-json\/wp\/v2\/media?parent=18"}],"curies":[{"name":"wp","href":"https:\/\/api.w.org\/{rel}","templated":true}]}}