{"id":1177,"date":"2025-08-28T20:44:27","date_gmt":"2025-08-28T18:44:27","guid":{"rendered":"https:\/\/www.posk.se\/luleastift\/?page_id=1177"},"modified":"2025-08-28T20:49:42","modified_gmt":"2025-08-28T18:49:42","slug":"detta-vill-vi","status":"publish","type":"page","link":"https:\/\/www.posk.se\/luleastift\/detta-vill-vi\/","title":{"rendered":"Detta vill vi"},"content":{"rendered":"<p style=\"font-weight: 400;\"><strong>Vilken \u00e4r er nomineringsgrupps fr\u00e4msta fr\u00e5ga?<\/strong><\/p>\n<p style=\"font-weight: 400;\">Sett ur stiftsperspektiv \u00e4r fr\u00e4msta uppgiften att fr\u00e4mja Livet i f\u00f6rsamlingarna, kyrkans centrum! F\u00f6rsamlingarna, med gudstj\u00e4nstlivet i centrum, \u00e4r det som g\u00f6r kyrkan till kyrka. I en levande f\u00f6rsamlingsgemenskap kan m\u00e4nniskor m\u00f6ta evangeliet, det glada budskapet.\u00a0Lule\u00e5 stift har en viktig roll att fr\u00e4mja f\u00f6rsamlingslivet genom att:<\/p>\n<ul style=\"font-weight: 400;\">\n<li>Ge teologisk f\u00f6rdjupning som st\u00e4rker undervisningen om kristen tro och f\u00f6rm\u00e5gan att m\u00f6ta dagens diakonala och samh\u00e4lleliga utmaningar.<\/li>\n<li>Skapa former f\u00f6r f\u00f6rsamlingarna att dela erfarenheter, l\u00e4ra och uppmuntras av varandra.<\/li>\n<\/ul>\n<p style=\"font-weight: 400;\">\u2013 Organisatoriskt ska stiftet:<\/p>\n<ul style=\"font-weight: 400;\">\n<li>Erbjuda administrativt st\u00f6d i egen regi och genom att uppmuntra samverkan mellan f\u00f6rsamlingar.<\/li>\n<li>Utveckla samverkan genom pastorat f\u00f6r att undvika sammanslagning av f\u00f6rsamlingar.<\/li>\n<li>N\u00e4r samverkan i pastorat aktualiseras ska vi str\u00e4va efter eniga beslut.<\/li>\n<li>Ta vara p\u00e5 m\u00f6jligheten att inom ramen f\u00f6r pastorat ut\u00f6ka antalet f\u00f6rsamlingar.<\/li>\n<li>St\u00e4rka f\u00f6rsamlingsr\u00e5dens roll inom pastoraten. F\u00f6rsamlingsr\u00e5den b\u00f6r vara f\u00f6rsamlingsherdens och kyrkoherdens fr\u00e4msta r\u00e5dgivare.<\/li>\n<\/ul>\n<p style=\"font-weight: 400;\">\u2013 Inom kyrkolivet ska stiftet:<\/p>\n<ul style=\"font-weight: 400;\">\n<li>St\u00e4rka kyrkolivet f\u00f6r spr\u00e5kliga minoriteter \u2013 samiska, me\u00e4nkieli, finska, teckenspr\u00e5k \u2013 och ge fler m\u00f6jlighet att fira gudstj\u00e4nst p\u00e5 sitt hj\u00e4rtas spr\u00e5k.<\/li>\n<li>Rusta f\u00f6rsamlingarna att bidra till Svenska kyrkans f\u00e4rdplan f\u00f6r klimatet \u2013 med m\u00e5l att bli klimatneutrala till \u00e5r 2030.<\/li>\n<li>Utveckla stiftets skogsbruk inte bara f\u00f6r ekonomisk utan \u00e4ven ekologisk, social och andlig h\u00e5llbarhet.<\/li>\n<li>Verka f\u00f6r f\u00f6rtroendefull samverkan mellan f\u00f6rtroendevalda, skogsf\u00f6rvaltning och \u00f6vrig stiftspersonal i utvecklingen av den framtida skogssk\u00f6tseln med \u00f6kande andel hyggesfritt och biologisk m\u00e5ngfald.<\/li>\n<li>Inspirera f\u00f6rsamlingarna till internationell solidaritet genom Act Svenska kyrkan, som en del av den v\u00e4rldsvida kristna kyrkan.<\/li>\n<\/ul>\n<p style=\"font-weight: 400;\"><strong>Varf\u00f6r ska man r\u00f6sta p\u00e5 just er nomineringsgrupp?<\/strong><\/p>\n<p style=\"font-weight: 400;\">Vi st\u00e5r f\u00f6r m\u00e5ngfald, bredd och respekt f\u00f6r den enskildes uppfattning. Svenska kyrkan \u00e4r en bred folkkyrka med h\u00f6gt i tak d\u00e4r olika fromhetsriktningar och teologiska \u00f6vertygelser ryms. Detta \u00e4r inte ett problem, utan en styrka och en tillg\u00e5ng.<\/p>\n<p style=\"font-weight: 400;\">POSKs medlemmar \u00e5terspeglar den bredden, samtidigt som vi \u00e4r tydliga i v\u00e5rt program med vad vi vill. Inom POSK finns utrymme f\u00f6r olika allm\u00e4npolitiska uppfattningar \u2013 i arbetet f\u00f6r kyrkans b\u00e4sta. Vi \u00e4r obundna. F\u00f6r oss \u00e4r engagemanget i kyrkan det som driver oss att st\u00e4lla upp i kyrkovalet.<\/p>\n<p style=\"font-weight: 400;\">Vi har inte n\u00e5gon sekul\u00e4r partiagenda som vi f\u00f6rs\u00f6ker applicera p\u00e5 kyrkan. Vi ger m\u00f6jlighet f\u00f6r de 95% som inte \u00e4r med i n\u00e5got politiskt parti att vara med och ta ansvar som f\u00f6rtroendevalda. Vi st\u00e5r fria fr\u00e5n och kan kritisera politiska makthavare oavsett politisk f\u00e4rg.<\/p>\n<p style=\"font-weight: 400;\"><strong>Vilken \u00e4r den st\u00f6rsta utmaningen Svenska kyrkan st\u00e5r inf\u00f6r och hur vill ni l\u00f6sa den?<\/strong><\/p>\n<p style=\"font-weight: 400;\">Att f\u00f6rverkliga f\u00f6rsamlingens syfte enligt Kyrkoordningen: \u201dAtt m\u00e4nniskor ska komma till tro p\u00e5 Kristus och leva i tro, en kristen gemenskap skapas och f\u00f6rdjupas, Guds rike utbredas och skapelsen \u00e5teruppr\u00e4ttas.\u201d<\/p>\n<p style=\"font-weight: 400;\">\u2013 Det sker som Gudstj\u00e4nst och undervisning, genom att:<\/p>\n<ul style=\"font-weight: 400;\">\n<li>G\u00f6ra dop, konfirmation, vigsel och begravning till m\u00f6ten d\u00e4r kristen tro ger livstolkning och hopp.<\/li>\n<li>Ge barn och unga evangeliet i former som passar olika \u00e5ldrar och grupper.<\/li>\n<li>St\u00e4rka undervisning och samtal om kristen tro f\u00f6r m\u00e4nniskor i alla \u00e5ldrar.<\/li>\n<li>Tillvarata m\u00e4nniskors vilja att bidra med ideella insatser i kyrkan.<\/li>\n<li>I detta skapa rekryterande milj\u00f6er d\u00e4r fler inspireras till kyrklig tj\u00e4nst som pr\u00e4st, diakon, musiker, pedagog m.m.<\/li>\n<\/ul>\n<p style=\"font-weight: 400;\">\u2013 Det sker ocks\u00e5 som Diakoni och mission, genom att:<\/p>\n<ul style=\"font-weight: 400;\">\n<li>Vara en profetisk r\u00f6st i samh\u00e4llet och det offentliga samtalet.<\/li>\n<li>St\u00e5 upp f\u00f6r svaga grupper och visa p\u00e5 ett liv i r\u00e4ttvisa och frihet.<\/li>\n<li>Ge st\u00f6d vid kriser och katastrofer i samh\u00e4llet.<\/li>\n<li>Ge m\u00e4nniskor tro och livsmod i en v\u00e4rld med klimathot, krig och konflikter.<\/li>\n<\/ul>\n","protected":false},"excerpt":{"rendered":"<p>Vilken \u00e4r er nomineringsgrupps fr\u00e4msta fr\u00e5ga? Sett ur stiftsperspektiv \u00e4r fr\u00e4msta uppgiften att fr\u00e4mja Livet i f\u00f6rsamlingarna, kyrkans centrum! F\u00f6rsamlingarna, med gudstj\u00e4nstlivet i centrum, \u00e4r det som g\u00f6r kyrkan till kyrka. I en levande f\u00f6rsamlingsgemenskap kan m\u00e4nniskor m\u00f6ta evangeliet, det glada budskapet.\u00a0Lule\u00e5 stift har en viktig roll att fr\u00e4mja f\u00f6rsamlingslivet genom att: Ge teologisk f\u00f6rdjupning [&hellip;]<\/p>\n","protected":false},"author":54,"featured_media":0,"parent":0,"menu_order":1,"comment_status":"closed","ping_status":"closed","template":"page-templates\/page-sidebar-left.php","meta":{"_acf_changed":false,"footnotes":""},"class_list":["post-1177","page","type-page","status-publish","hentry"],"acf":[],"yoast_head":"<!-- This site is optimized with the Yoast SEO plugin v24.9 - https:\/\/yoast.com\/wordpress\/plugins\/seo\/ -->\n<title>Detta vill vi - STIFTSF\u00d6RENING Lule\u00e5<\/title>\n<meta name=\"robots\" content=\"index, follow, max-snippet:-1, max-image-preview:large, max-video-preview:-1\" \/>\n<link rel=\"canonical\" href=\"https:\/\/www.posk.se\/luleastift\/detta-vill-vi\/\" \/>\n<meta property=\"og:locale\" content=\"sv_SE\" \/>\n<meta property=\"og:type\" content=\"article\" \/>\n<meta property=\"og:title\" content=\"Detta vill vi - STIFTSF\u00d6RENING Lule\u00e5\" \/>\n<meta property=\"og:description\" content=\"Vilken \u00e4r er nomineringsgrupps fr\u00e4msta fr\u00e5ga? Sett ur stiftsperspektiv \u00e4r fr\u00e4msta uppgiften att fr\u00e4mja Livet i f\u00f6rsamlingarna, kyrkans centrum! F\u00f6rsamlingarna, med gudstj\u00e4nstlivet i centrum, \u00e4r det som g\u00f6r kyrkan till kyrka. I en levande f\u00f6rsamlingsgemenskap kan m\u00e4nniskor m\u00f6ta evangeliet, det glada budskapet.\u00a0Lule\u00e5 stift har en viktig roll att fr\u00e4mja f\u00f6rsamlingslivet genom att: Ge teologisk f\u00f6rdjupning [&hellip;]\" \/>\n<meta property=\"og:url\" content=\"https:\/\/www.posk.se\/luleastift\/detta-vill-vi\/\" \/>\n<meta property=\"og:site_name\" content=\"STIFTSF\u00d6RENING Lule\u00e5\" \/>\n<meta property=\"article:modified_time\" content=\"2025-08-28T18:49:42+00:00\" \/>\n<meta name=\"twitter:card\" content=\"summary_large_image\" \/>\n<meta name=\"twitter:label1\" content=\"Ber\u00e4knad l\u00e4stid\" \/>\n\t<meta name=\"twitter:data1\" content=\"3 minuter\" \/>\n<script type=\"application\/ld+json\" class=\"yoast-schema-graph\">{\"@context\":\"https:\/\/schema.org\",\"@graph\":[{\"@type\":\"WebPage\",\"@id\":\"https:\/\/www.posk.se\/luleastift\/detta-vill-vi\/\",\"url\":\"https:\/\/www.posk.se\/luleastift\/detta-vill-vi\/\",\"name\":\"Detta vill vi - STIFTSF\u00d6RENING Lule\u00e5\",\"isPartOf\":{\"@id\":\"https:\/\/www.posk.se\/luleastift\/#website\"},\"datePublished\":\"2025-08-28T18:44:27+00:00\",\"dateModified\":\"2025-08-28T18:49:42+00:00\",\"breadcrumb\":{\"@id\":\"https:\/\/www.posk.se\/luleastift\/detta-vill-vi\/#breadcrumb\"},\"inLanguage\":\"sv-SE\",\"potentialAction\":[{\"@type\":\"ReadAction\",\"target\":[\"https:\/\/www.posk.se\/luleastift\/detta-vill-vi\/\"]}]},{\"@type\":\"BreadcrumbList\",\"@id\":\"https:\/\/www.posk.se\/luleastift\/detta-vill-vi\/#breadcrumb\",\"itemListElement\":[{\"@type\":\"ListItem\",\"position\":1,\"name\":\"Hem\",\"item\":\"https:\/\/www.posk.se\/luleastift\/\"},{\"@type\":\"ListItem\",\"position\":2,\"name\":\"Detta vill vi\"}]},{\"@type\":\"WebSite\",\"@id\":\"https:\/\/www.posk.se\/luleastift\/#website\",\"url\":\"https:\/\/www.posk.se\/luleastift\/\",\"name\":\"STIFTSF\u00d6RENING Lule\u00e5\",\"description\":\"Stiftsf\u00f6reningen f\u00f6r POSK i Lule\u00e5 stift\",\"potentialAction\":[{\"@type\":\"SearchAction\",\"target\":{\"@type\":\"EntryPoint\",\"urlTemplate\":\"https:\/\/www.posk.se\/luleastift\/?s={search_term_string}\"},\"query-input\":{\"@type\":\"PropertyValueSpecification\",\"valueRequired\":true,\"valueName\":\"search_term_string\"}}],\"inLanguage\":\"sv-SE\"}]}<\/script>\n<!-- \/ Yoast SEO plugin. -->","yoast_head_json":{"title":"Detta vill vi - STIFTSF\u00d6RENING Lule\u00e5","robots":{"index":"index","follow":"follow","max-snippet":"max-snippet:-1","max-image-preview":"max-image-preview:large","max-video-preview":"max-video-preview:-1"},"canonical":"https:\/\/www.posk.se\/luleastift\/detta-vill-vi\/","og_locale":"sv_SE","og_type":"article","og_title":"Detta vill vi - STIFTSF\u00d6RENING Lule\u00e5","og_description":"Vilken \u00e4r er nomineringsgrupps fr\u00e4msta fr\u00e5ga? Sett ur stiftsperspektiv \u00e4r fr\u00e4msta uppgiften att fr\u00e4mja Livet i f\u00f6rsamlingarna, kyrkans centrum! F\u00f6rsamlingarna, med gudstj\u00e4nstlivet i centrum, \u00e4r det som g\u00f6r kyrkan till kyrka. I en levande f\u00f6rsamlingsgemenskap kan m\u00e4nniskor m\u00f6ta evangeliet, det glada budskapet.\u00a0Lule\u00e5 stift har en viktig roll att fr\u00e4mja f\u00f6rsamlingslivet genom att: Ge teologisk f\u00f6rdjupning [&hellip;]","og_url":"https:\/\/www.posk.se\/luleastift\/detta-vill-vi\/","og_site_name":"STIFTSF\u00d6RENING Lule\u00e5","article_modified_time":"2025-08-28T18:49:42+00:00","twitter_card":"summary_large_image","twitter_misc":{"Ber\u00e4knad l\u00e4stid":"3 minuter"},"schema":{"@context":"https:\/\/schema.org","@graph":[{"@type":"WebPage","@id":"https:\/\/www.posk.se\/luleastift\/detta-vill-vi\/","url":"https:\/\/www.posk.se\/luleastift\/detta-vill-vi\/","name":"Detta vill vi - STIFTSF\u00d6RENING Lule\u00e5","isPartOf":{"@id":"https:\/\/www.posk.se\/luleastift\/#website"},"datePublished":"2025-08-28T18:44:27+00:00","dateModified":"2025-08-28T18:49:42+00:00","breadcrumb":{"@id":"https:\/\/www.posk.se\/luleastift\/detta-vill-vi\/#breadcrumb"},"inLanguage":"sv-SE","potentialAction":[{"@type":"ReadAction","target":["https:\/\/www.posk.se\/luleastift\/detta-vill-vi\/"]}]},{"@type":"BreadcrumbList","@id":"https:\/\/www.posk.se\/luleastift\/detta-vill-vi\/#breadcrumb","itemListElement":[{"@type":"ListItem","position":1,"name":"Hem","item":"https:\/\/www.posk.se\/luleastift\/"},{"@type":"ListItem","position":2,"name":"Detta vill vi"}]},{"@type":"WebSite","@id":"https:\/\/www.posk.se\/luleastift\/#website","url":"https:\/\/www.posk.se\/luleastift\/","name":"STIFTSF\u00d6RENING Lule\u00e5","description":"Stiftsf\u00f6reningen f\u00f6r POSK i Lule\u00e5 stift","potentialAction":[{"@type":"SearchAction","target":{"@type":"EntryPoint","urlTemplate":"https:\/\/www.posk.se\/luleastift\/?s={search_term_string}"},"query-input":{"@type":"PropertyValueSpecification","valueRequired":true,"valueName":"search_term_string"}}],"inLanguage":"sv-SE"}]}},"_links":{"self":[{"href":"https:\/\/www.posk.se\/luleastift\/wp-json\/wp\/v2\/pages\/1177","targetHints":{"allow":["GET"]}}],"collection":[{"href":"https:\/\/www.posk.se\/luleastift\/wp-json\/wp\/v2\/pages"}],"about":[{"href":"https:\/\/www.posk.se\/luleastift\/wp-json\/wp\/v2\/types\/page"}],"author":[{"embeddable":true,"href":"https:\/\/www.posk.se\/luleastift\/wp-json\/wp\/v2\/users\/54"}],"replies":[{"embeddable":true,"href":"https:\/\/www.posk.se\/luleastift\/wp-json\/wp\/v2\/comments?post=1177"}],"version-history":[{"count":6,"href":"https:\/\/www.posk.se\/luleastift\/wp-json\/wp\/v2\/pages\/1177\/revisions"}],"predecessor-version":[{"id":1183,"href":"https:\/\/www.posk.se\/luleastift\/wp-json\/wp\/v2\/pages\/1177\/revisions\/1183"}],"wp:attachment":[{"href":"https:\/\/www.posk.se\/luleastift\/wp-json\/wp\/v2\/media?parent=1177"}],"curies":[{"name":"wp","href":"https:\/\/api.w.org\/{rel}","templated":true}]}}