{"id":499,"date":"2020-03-30T10:08:17","date_gmt":"2020-03-30T08:08:17","guid":{"rendered":"https:\/\/www.posk.se\/linkopingsstift\/?page_id=499"},"modified":"2026-03-30T10:18:53","modified_gmt":"2026-03-30T08:18:53","slug":"arkivet","status":"publish","type":"page","link":"https:\/\/www.posk.se\/linkopingsstift\/omoss\/arkivet\/","title":{"rendered":"Arkivet"},"content":{"rendered":"<p><strong>Protokoll fr\u00e5n \u00e5rsm\u00f6ten\u00a0<\/strong><br \/>\n<a href=\"https:\/\/www.posk.se\/linkopingsstift\/wp-content\/uploads\/sites\/61\/2026\/03\/20260314-lkpgstift-arsmoteprotokoll-rev27mar.pdf\" target=\"_blank\" rel=\"noopener\">20260314-lkpgstift-arsmoteprotokoll<\/a> (S\u00f6derk\u00f6ping, justerat)<br \/>\n<a href=\"https:\/\/www.posk.se\/linkopingsstift\/wp-content\/uploads\/sites\/61\/2025\/04\/20250315-lkpgstift-arsmoteprotokoll.pdf\" target=\"_blank\" rel=\"noopener\">20250315-lkpgstift-arsmoteprotokoll<\/a> (Mj\u00f6lby, justerat)<br \/>\n<a href=\"https:\/\/www.posk.se\/linkopingsstift\/wp-content\/uploads\/sites\/61\/2024\/04\/20240302-lkpgstift-arsmoteprotokoll.pdf\" target=\"_blank\" rel=\"noopener\">20240302_lkpgstift_arsmoteprotokoll<\/a> (Tran\u00e5s, justerat)<br \/>\n<em><span style=\"color: #999999\">2023 &#8211; xx (Vadstena)<\/span><\/em><br \/>\n<a href=\"https:\/\/www.posk.se\/linkopingsstift\/wp-content\/uploads\/sites\/61\/2022\/06\/20220326-lkpgstift-arsmoteprotokoll.pdf\" target=\"_blank\" rel=\"noopener\">20220326_lkpgstift_arsmoteprotokoll<\/a> (Norrk\u00f6ping, justerat)<br \/>\n<a href=\"https:\/\/www.posk.se\/linkopingsstift\/wp-content\/uploads\/sites\/61\/2021\/12\/20210313lkpgstift-arsmoteprotokoll-justerat.pdf\" target=\"_blank\" rel=\"noopener\">20210313_lkpgstift_arsmoteprotokoll<\/a> (<em>digitalt m\u00f6te &#8221;via Zoom&#8221;, justerat<\/em>)<br \/>\n<a href=\"https:\/\/www.posk.se\/linkopingsstift\/wp-content\/uploads\/sites\/61\/2020\/04\/20200314_lkpstift-arsmoteprotokoll_just23mar.pdf\" target=\"_blank\" rel=\"noopener noreferrer\">20200314_lkpstift_arsmoteprotokoll<\/a>\u00a0 (<em>telefonm\u00f6te, justerat 23 mars<\/em>)<\/p>\n<p><strong>Protokoll fr\u00e5n medlemsm\u00f6ten\u00a0<\/strong><br \/>\n<a href=\"https:\/\/www.posk.se\/linkopingsstift\/wp-content\/uploads\/sites\/61\/2021\/10\/20211023-protokoll-medlemsmote-justerat.pdf\" target=\"_blank\" rel=\"noopener\">20211023_protokoll_medlemsmote_justerat<\/a><strong><br \/>\n<\/strong><a href=\"https:\/\/www.posk.se\/linkopingsstift\/wp-content\/uploads\/sites\/61\/2020\/04\/20191026_lkpstift-medlemsmoteprotokoll.pdf\" target=\"_blank\" rel=\"noopener noreferrer\">20191026_lkpstift-medlemsmoteprotokoll<\/a><\/p>\n<p><strong>Kyrkoval &#8211; stifts valprogram<\/strong><br \/>\n<a href=\"https:\/\/www.posk.se\/linkopingsstift\/wp-content\/uploads\/sites\/61\/2024\/12\/kyrkoval2021-lkpgstiftsprogram.pdf\" target=\"_blank\" rel=\"noopener\">2021_lkpgstiftsprogram<\/a><br \/>\n<a href=\"https:\/\/www.posk.se\/linkopingsstift\/wp-content\/uploads\/sites\/61\/2020\/05\/kyrkoval2017_lkpgstiftsprogram.pdf\" target=\"_blank\" rel=\"noopener noreferrer\">2017_lkpgstiftsprogram<\/a><br \/>\n<a href=\"https:\/\/www.posk.se\/linkopingsstift\/wp-content\/uploads\/sites\/61\/2024\/12\/kyrkoval2013-lkpgstiftsprogram.pdf\" target=\"_blank\" rel=\"noopener\">2013_lkpgstiftsprogram<\/a><\/p>\n<p>&nbsp;<\/p>\n<hr \/>\n<p><strong>Kontakt med stiftsf\u00f6reningen:<\/strong><br \/>\n<em>linkopingsstift@posk.se\u00a0 eller g\u00e5 till\u00a0<strong><a href=\"https:\/\/www.posk.se\/linkopingsstift\/kontakt\/\">Kontakt<\/a><\/strong>\u00a0f\u00f6r mer\u00a0<\/em><i>kontaktuppgifter.<\/i><\/p>\n<p>&nbsp;<\/p>\n","protected":false},"excerpt":{"rendered":"<p>Protokoll fr\u00e5n \u00e5rsm\u00f6ten\u00a0 20260314-lkpgstift-arsmoteprotokoll (S\u00f6derk\u00f6ping, justerat) 20250315-lkpgstift-arsmoteprotokoll (Mj\u00f6lby, justerat) 20240302_lkpgstift_arsmoteprotokoll (Tran\u00e5s, justerat) 2023 &#8211; xx (Vadstena) 20220326_lkpgstift_arsmoteprotokoll (Norrk\u00f6ping, justerat) 20210313_lkpgstift_arsmoteprotokoll (digitalt m\u00f6te &#8221;via Zoom&#8221;, justerat) 20200314_lkpstift_arsmoteprotokoll\u00a0 (telefonm\u00f6te, justerat 23 mars) Protokoll fr\u00e5n medlemsm\u00f6ten\u00a0 20211023_protokoll_medlemsmote_justerat 20191026_lkpstift-medlemsmoteprotokoll Kyrkoval &#8211; stifts valprogram 2021_lkpgstiftsprogram 2017_lkpgstiftsprogram 2013_lkpgstiftsprogram &nbsp; Kontakt med stiftsf\u00f6reningen: linkopingsstift@posk.se\u00a0 eller g\u00e5 till\u00a0Kontakt\u00a0f\u00f6r mer\u00a0kontaktuppgifter. &nbsp;<\/p>\n","protected":false},"author":104,"featured_media":656,"parent":1336,"menu_order":7,"comment_status":"closed","ping_status":"closed","template":"page-templates\/page-sidebar-left.php","meta":{"_acf_changed":false,"footnotes":""},"class_list":["post-499","page","type-page","status-publish","has-post-thumbnail","hentry"],"acf":[],"yoast_head":"<!-- This site is optimized with the Yoast SEO plugin v24.9 - https:\/\/yoast.com\/wordpress\/plugins\/seo\/ -->\n<title>Arkivet - STIFTSF\u00d6RENING Link\u00f6ping<\/title>\n<meta name=\"robots\" content=\"index, follow, max-snippet:-1, max-image-preview:large, max-video-preview:-1\" \/>\n<link rel=\"canonical\" href=\"https:\/\/www.posk.se\/linkopingsstift\/omoss\/arkivet\/\" \/>\n<meta property=\"og:locale\" content=\"sv_SE\" \/>\n<meta property=\"og:type\" content=\"article\" \/>\n<meta property=\"og:title\" content=\"Arkivet - STIFTSF\u00d6RENING Link\u00f6ping\" \/>\n<meta property=\"og:description\" content=\"Protokoll fr\u00e5n \u00e5rsm\u00f6ten\u00a0 20260314-lkpgstift-arsmoteprotokoll (S\u00f6derk\u00f6ping, justerat) 20250315-lkpgstift-arsmoteprotokoll (Mj\u00f6lby, justerat) 20240302_lkpgstift_arsmoteprotokoll (Tran\u00e5s, justerat) 2023 &#8211; xx (Vadstena) 20220326_lkpgstift_arsmoteprotokoll (Norrk\u00f6ping, justerat) 20210313_lkpgstift_arsmoteprotokoll (digitalt m\u00f6te &#8221;via Zoom&#8221;, justerat) 20200314_lkpstift_arsmoteprotokoll\u00a0 (telefonm\u00f6te, justerat 23 mars) Protokoll fr\u00e5n medlemsm\u00f6ten\u00a0 20211023_protokoll_medlemsmote_justerat 20191026_lkpstift-medlemsmoteprotokoll Kyrkoval &#8211; stifts valprogram 2021_lkpgstiftsprogram 2017_lkpgstiftsprogram 2013_lkpgstiftsprogram &nbsp; Kontakt med stiftsf\u00f6reningen: linkopingsstift@posk.se\u00a0 eller g\u00e5 till\u00a0Kontakt\u00a0f\u00f6r mer\u00a0kontaktuppgifter. &nbsp;\" \/>\n<meta property=\"og:url\" content=\"https:\/\/www.posk.se\/linkopingsstift\/omoss\/arkivet\/\" \/>\n<meta property=\"og:site_name\" content=\"STIFTSF\u00d6RENING Link\u00f6ping\" \/>\n<meta property=\"article:modified_time\" content=\"2026-03-30T08:18:53+00:00\" \/>\n<meta property=\"og:image\" content=\"https:\/\/www.posk.se\/linkopingsstift\/wp-content\/uploads\/sites\/61\/2020\/09\/arkivet.png\" \/>\n\t<meta property=\"og:image:width\" content=\"1091\" \/>\n\t<meta property=\"og:image:height\" content=\"728\" \/>\n\t<meta property=\"og:image:type\" content=\"image\/png\" \/>\n<meta name=\"twitter:card\" content=\"summary_large_image\" \/>\n<meta name=\"twitter:label1\" content=\"Ber\u00e4knad l\u00e4stid\" \/>\n\t<meta name=\"twitter:data1\" content=\"1 minut\" \/>\n<script type=\"application\/ld+json\" class=\"yoast-schema-graph\">{\"@context\":\"https:\/\/schema.org\",\"@graph\":[{\"@type\":\"WebPage\",\"@id\":\"https:\/\/www.posk.se\/linkopingsstift\/omoss\/arkivet\/\",\"url\":\"https:\/\/www.posk.se\/linkopingsstift\/omoss\/arkivet\/\",\"name\":\"Arkivet - STIFTSF\u00d6RENING Link\u00f6ping\",\"isPartOf\":{\"@id\":\"https:\/\/www.posk.se\/linkopingsstift\/#website\"},\"primaryImageOfPage\":{\"@id\":\"https:\/\/www.posk.se\/linkopingsstift\/omoss\/arkivet\/#primaryimage\"},\"image\":{\"@id\":\"https:\/\/www.posk.se\/linkopingsstift\/omoss\/arkivet\/#primaryimage\"},\"thumbnailUrl\":\"https:\/\/www.posk.se\/linkopingsstift\/wp-content\/uploads\/sites\/61\/2020\/09\/arkivet.png\",\"datePublished\":\"2020-03-30T08:08:17+00:00\",\"dateModified\":\"2026-03-30T08:18:53+00:00\",\"breadcrumb\":{\"@id\":\"https:\/\/www.posk.se\/linkopingsstift\/omoss\/arkivet\/#breadcrumb\"},\"inLanguage\":\"sv-SE\",\"potentialAction\":[{\"@type\":\"ReadAction\",\"target\":[\"https:\/\/www.posk.se\/linkopingsstift\/omoss\/arkivet\/\"]}]},{\"@type\":\"ImageObject\",\"inLanguage\":\"sv-SE\",\"@id\":\"https:\/\/www.posk.se\/linkopingsstift\/omoss\/arkivet\/#primaryimage\",\"url\":\"https:\/\/www.posk.se\/linkopingsstift\/wp-content\/uploads\/sites\/61\/2020\/09\/arkivet.png\",\"contentUrl\":\"https:\/\/www.posk.se\/linkopingsstift\/wp-content\/uploads\/sites\/61\/2020\/09\/arkivet.png\",\"width\":1091,\"height\":728},{\"@type\":\"BreadcrumbList\",\"@id\":\"https:\/\/www.posk.se\/linkopingsstift\/omoss\/arkivet\/#breadcrumb\",\"itemListElement\":[{\"@type\":\"ListItem\",\"position\":1,\"name\":\"Hem\",\"item\":\"https:\/\/www.posk.se\/linkopingsstift\/\"},{\"@type\":\"ListItem\",\"position\":2,\"name\":\"Om oss\",\"item\":\"https:\/\/www.posk.se\/linkopingsstift\/omoss\/\"},{\"@type\":\"ListItem\",\"position\":3,\"name\":\"Arkivet\"}]},{\"@type\":\"WebSite\",\"@id\":\"https:\/\/www.posk.se\/linkopingsstift\/#website\",\"url\":\"https:\/\/www.posk.se\/linkopingsstift\/\",\"name\":\"STIFTSF\u00d6RENING Link\u00f6ping\",\"description\":\"Stiftsf\u00f6reningen f\u00f6r POSK i Link\u00f6pings stift\",\"potentialAction\":[{\"@type\":\"SearchAction\",\"target\":{\"@type\":\"EntryPoint\",\"urlTemplate\":\"https:\/\/www.posk.se\/linkopingsstift\/?s={search_term_string}\"},\"query-input\":{\"@type\":\"PropertyValueSpecification\",\"valueRequired\":true,\"valueName\":\"search_term_string\"}}],\"inLanguage\":\"sv-SE\"}]}<\/script>\n<!-- \/ Yoast SEO plugin. -->","yoast_head_json":{"title":"Arkivet - STIFTSF\u00d6RENING Link\u00f6ping","robots":{"index":"index","follow":"follow","max-snippet":"max-snippet:-1","max-image-preview":"max-image-preview:large","max-video-preview":"max-video-preview:-1"},"canonical":"https:\/\/www.posk.se\/linkopingsstift\/omoss\/arkivet\/","og_locale":"sv_SE","og_type":"article","og_title":"Arkivet - STIFTSF\u00d6RENING Link\u00f6ping","og_description":"Protokoll fr\u00e5n \u00e5rsm\u00f6ten\u00a0 20260314-lkpgstift-arsmoteprotokoll (S\u00f6derk\u00f6ping, justerat) 20250315-lkpgstift-arsmoteprotokoll (Mj\u00f6lby, justerat) 20240302_lkpgstift_arsmoteprotokoll (Tran\u00e5s, justerat) 2023 &#8211; xx (Vadstena) 20220326_lkpgstift_arsmoteprotokoll (Norrk\u00f6ping, justerat) 20210313_lkpgstift_arsmoteprotokoll (digitalt m\u00f6te &#8221;via Zoom&#8221;, justerat) 20200314_lkpstift_arsmoteprotokoll\u00a0 (telefonm\u00f6te, justerat 23 mars) Protokoll fr\u00e5n medlemsm\u00f6ten\u00a0 20211023_protokoll_medlemsmote_justerat 20191026_lkpstift-medlemsmoteprotokoll Kyrkoval &#8211; stifts valprogram 2021_lkpgstiftsprogram 2017_lkpgstiftsprogram 2013_lkpgstiftsprogram &nbsp; Kontakt med stiftsf\u00f6reningen: linkopingsstift@posk.se\u00a0 eller g\u00e5 till\u00a0Kontakt\u00a0f\u00f6r mer\u00a0kontaktuppgifter. &nbsp;","og_url":"https:\/\/www.posk.se\/linkopingsstift\/omoss\/arkivet\/","og_site_name":"STIFTSF\u00d6RENING Link\u00f6ping","article_modified_time":"2026-03-30T08:18:53+00:00","og_image":[{"width":1091,"height":728,"url":"https:\/\/www.posk.se\/linkopingsstift\/wp-content\/uploads\/sites\/61\/2020\/09\/arkivet.png","type":"image\/png"}],"twitter_card":"summary_large_image","twitter_misc":{"Ber\u00e4knad l\u00e4stid":"1 minut"},"schema":{"@context":"https:\/\/schema.org","@graph":[{"@type":"WebPage","@id":"https:\/\/www.posk.se\/linkopingsstift\/omoss\/arkivet\/","url":"https:\/\/www.posk.se\/linkopingsstift\/omoss\/arkivet\/","name":"Arkivet - STIFTSF\u00d6RENING Link\u00f6ping","isPartOf":{"@id":"https:\/\/www.posk.se\/linkopingsstift\/#website"},"primaryImageOfPage":{"@id":"https:\/\/www.posk.se\/linkopingsstift\/omoss\/arkivet\/#primaryimage"},"image":{"@id":"https:\/\/www.posk.se\/linkopingsstift\/omoss\/arkivet\/#primaryimage"},"thumbnailUrl":"https:\/\/www.posk.se\/linkopingsstift\/wp-content\/uploads\/sites\/61\/2020\/09\/arkivet.png","datePublished":"2020-03-30T08:08:17+00:00","dateModified":"2026-03-30T08:18:53+00:00","breadcrumb":{"@id":"https:\/\/www.posk.se\/linkopingsstift\/omoss\/arkivet\/#breadcrumb"},"inLanguage":"sv-SE","potentialAction":[{"@type":"ReadAction","target":["https:\/\/www.posk.se\/linkopingsstift\/omoss\/arkivet\/"]}]},{"@type":"ImageObject","inLanguage":"sv-SE","@id":"https:\/\/www.posk.se\/linkopingsstift\/omoss\/arkivet\/#primaryimage","url":"https:\/\/www.posk.se\/linkopingsstift\/wp-content\/uploads\/sites\/61\/2020\/09\/arkivet.png","contentUrl":"https:\/\/www.posk.se\/linkopingsstift\/wp-content\/uploads\/sites\/61\/2020\/09\/arkivet.png","width":1091,"height":728},{"@type":"BreadcrumbList","@id":"https:\/\/www.posk.se\/linkopingsstift\/omoss\/arkivet\/#breadcrumb","itemListElement":[{"@type":"ListItem","position":1,"name":"Hem","item":"https:\/\/www.posk.se\/linkopingsstift\/"},{"@type":"ListItem","position":2,"name":"Om oss","item":"https:\/\/www.posk.se\/linkopingsstift\/omoss\/"},{"@type":"ListItem","position":3,"name":"Arkivet"}]},{"@type":"WebSite","@id":"https:\/\/www.posk.se\/linkopingsstift\/#website","url":"https:\/\/www.posk.se\/linkopingsstift\/","name":"STIFTSF\u00d6RENING Link\u00f6ping","description":"Stiftsf\u00f6reningen f\u00f6r POSK i Link\u00f6pings stift","potentialAction":[{"@type":"SearchAction","target":{"@type":"EntryPoint","urlTemplate":"https:\/\/www.posk.se\/linkopingsstift\/?s={search_term_string}"},"query-input":{"@type":"PropertyValueSpecification","valueRequired":true,"valueName":"search_term_string"}}],"inLanguage":"sv-SE"}]}},"_links":{"self":[{"href":"https:\/\/www.posk.se\/linkopingsstift\/wp-json\/wp\/v2\/pages\/499","targetHints":{"allow":["GET"]}}],"collection":[{"href":"https:\/\/www.posk.se\/linkopingsstift\/wp-json\/wp\/v2\/pages"}],"about":[{"href":"https:\/\/www.posk.se\/linkopingsstift\/wp-json\/wp\/v2\/types\/page"}],"author":[{"embeddable":true,"href":"https:\/\/www.posk.se\/linkopingsstift\/wp-json\/wp\/v2\/users\/104"}],"replies":[{"embeddable":true,"href":"https:\/\/www.posk.se\/linkopingsstift\/wp-json\/wp\/v2\/comments?post=499"}],"version-history":[{"count":58,"href":"https:\/\/www.posk.se\/linkopingsstift\/wp-json\/wp\/v2\/pages\/499\/revisions"}],"predecessor-version":[{"id":4026,"href":"https:\/\/www.posk.se\/linkopingsstift\/wp-json\/wp\/v2\/pages\/499\/revisions\/4026"}],"up":[{"embeddable":true,"href":"https:\/\/www.posk.se\/linkopingsstift\/wp-json\/wp\/v2\/pages\/1336"}],"wp:featuredmedia":[{"embeddable":true,"href":"https:\/\/www.posk.se\/linkopingsstift\/wp-json\/wp\/v2\/media\/656"}],"wp:attachment":[{"href":"https:\/\/www.posk.se\/linkopingsstift\/wp-json\/wp\/v2\/media?parent=499"}],"curies":[{"name":"wp","href":"https:\/\/api.w.org\/{rel}","templated":true}]}}