{"id":3698,"date":"2025-09-19T20:47:28","date_gmt":"2025-09-19T18:47:28","guid":{"rendered":"https:\/\/www.posk.se\/linkopingsstift\/?page_id=3698"},"modified":"2026-02-05T22:17:38","modified_gmt":"2026-02-05T21:17:38","slug":"fortroendevalda-2026-2029","status":"publish","type":"page","link":"https:\/\/www.posk.se\/linkopingsstift\/fortroendevalda-2026-2029\/","title":{"rendered":"F\u00f6rtroendevalda 2026-2029"},"content":{"rendered":"<p style=\"text-align: right\"><span class=\"s2\">{uppdaterad <span style=\"color: #ff0000\">2026-02-05<\/span>}<\/span><\/p>\n<p class=\"p1\"><strong><span class=\"s1\">Stiftsfullm\u00e4ktige <\/span><\/strong><span class=\"s1\">{<em>R\u00f6str\u00e4kning klart, 2025-10-09<\/em>}<br \/>\n<\/span><em><span class=\"s2\">Ordinarie ledam\u00f6ter<br \/>\n<\/span><\/em><span class=\"s3\">Sven Gunnar Persson [<a href=\"https:\/\/www.posk.se\/linkopingsstift\/kandidatpresentationer\/sven-gunnar-persson\/\">&gt;<\/a>]<br \/>\nSusanne Israel [<a href=\"https:\/\/www.posk.se\/linkopingsstift\/kandidatpresentationer\/susanne-israel\/\">&gt;<\/a>]<br \/>\nAnnika Altn\u00e4s [<a href=\"https:\/\/www.posk.se\/linkopingsstift\/kandidatpresentationer\/annika-altnas\/\">&gt;<\/a>]<br \/>\n<\/span>Per-Eric Lindgren [<a href=\"https:\/\/www.posk.se\/linkopingsstift\/kandidatpresentationer\/per-eric-lindgren\/\">&gt;<\/a>]<br \/>\nLena Arman [<a href=\"https:\/\/www.posk.se\/linkopingsstift\/kandidatpresentationer\/lena-arman\/\">&gt;<\/a>]<br \/>\nJohannes Zeiler [<a href=\"https:\/\/www.posk.se\/linkopingsstift\/kandidatpresentationer\/johannes-zeiler\/\">&gt;<\/a>]<br \/>\nHelena Cimbritz [<a href=\"https:\/\/www.posk.se\/linkopingsstift\/kandidatpresentationer\/helena-cimbritz\/\">&gt;<\/a>]<br \/>\nLisbet Paulsson [<a href=\"https:\/\/www.posk.se\/linkopingsstift\/kandidatpresentationer\/lisbet-paulsson\/\">&gt;<\/a>]<br \/>\nTomas Kjellgren [<a href=\"https:\/\/www.posk.se\/linkopingsstift\/kandidatpresentationer\/tomas-kjellgren\/\">&gt;<\/a>]<br \/>\nJohan Broman [<a href=\"https:\/\/www.posk.se\/linkopingsstift\/kandidatpresentationer\/johan-broman\/\">&gt;<\/a>]<br \/>\nKatarina Karlsson [<a href=\"https:\/\/www.posk.se\/linkopingsstift\/kandidatpresentationer\/katarina-karlsson\/\">&gt;<\/a>]<br \/>\nJohan Garde [<a href=\"https:\/\/www.posk.se\/linkopingsstift\/kandidatpresentationer\/johan-garde\/\">&gt;<\/a>]<br \/>\nCarina Sundstrand \u00c5sman [<a href=\"https:\/\/www.posk.se\/linkopingsstift\/kandidatpresentationer\/carina-sundstrand-asman\/\">&gt;<\/a>]<br \/>\nLars-Johan Sunnerberg [<a href=\"https:\/\/www.posk.se\/linkopingsstift\/kandidatpresentationer\/lars-johan-sunnerberg\/\">&gt;<\/a>]<br \/>\nKristina Selvin [<a href=\"https:\/\/www.posk.se\/linkopingsstift\/kandidatpresentationer\/kristina-selvin\/\">&gt;<\/a>]<br \/>\nJenny Carlenius [<a href=\"https:\/\/www.posk.se\/linkopingsstift\/kandidatpresentationer\/jenny-carlenius\/\">&gt;<\/a>]<br \/>\nG\u00f6sta Johansson [<a href=\"https:\/\/www.posk.se\/linkopingsstift\/kandidatpresentationer\/gosta-johansson\/\">&gt;<\/a>]<br \/>\nTomas Tegnevik [<a href=\"https:\/\/www.posk.se\/linkopingsstift\/kandidatpresentationer\/tomas-tegnevik\/\">&gt;<\/a>]<\/p>\n<p class=\"p1\"><span class=\"s2\"><em>Ers\u00e4ttare<\/em>\u00a0<\/span><span class=\"s3\"><br \/>\nRoland Nilsson<br \/>\nBarbro W\u00e5llberg [<a href=\"https:\/\/www.posk.se\/linkopingsstift\/kandidatpresentationer\/barbro-wallberg\/\">&gt;<\/a>]<br \/>\n<\/span>Per \u00c5kerstr\u00f6m [<a href=\"https:\/\/www.posk.se\/linkopingsstift\/kandidatpresentationer\/per-akerstrom\/\">&gt;<\/a>]<br \/>\nHenrik Lerner [<a href=\"https:\/\/www.posk.se\/linkopingsstift\/kandidatpresentationer\/henrik-lerner\/\">&gt;<\/a>]<br \/>\nKarin S\u00f6derqvist [<a href=\"https:\/\/www.posk.se\/linkopingsstift\/kandidatpresentationer\/karin-soderqvist\/\">&gt;<\/a>]<br \/>\nAxel Olofsson<br \/>\nJenny B\u00e4ckhjem [<a href=\"https:\/\/www.posk.se\/linkopingsstift\/kandidatpresentationer\/jenny-backhjem\/\">&gt;<\/a>]<br \/>\nTed Balkert<br \/>\n\u2026<br \/>\nAnders W\u00e5ng [<a href=\"https:\/\/www.posk.se\/linkopingsstift\/kandidatpresentationer\/anders-wang\/\">&gt;<\/a>]<br \/>\nThord Eriksson<\/p>\n<p class=\"p1\"><span class=\"s1\"><strong>Stiftsfullm\u00e4ktiges presidium<\/strong><br \/>\n<\/span><span class=\"s2\">Johan Broman, ordf\u00f6rande, ledamot<\/span><\/p>\n<p class=\"p1\"><strong><span class=\"s1\">Stiftsfullm\u00e4ktiges valberedning<\/span><\/strong><span class=\"s2\"><br \/>\nPer-Eric Lindgren, ledamot<br \/>\nSven Gunnar Persson,\u00a0ers\u00e4ttare<\/span><\/p>\n<p class=\"p1\"><strong><span class=\"s1\">Stiftsfullm\u00e4ktiges revisorer<\/span><\/strong><span class=\"s2\"><br \/>\nLars Lundblad, ledamot<br \/>\nBeate Palm Scherl, ers\u00e4ttare<\/span><\/p>\n<p class=\"p1\"><strong><span class=\"s1\">Stiftsstyrelsen<\/span><\/strong><span class=\"s2\"><br \/>\n<\/span><em><span class=\"s3\">Ordinarie ledam\u00f6ter<br \/>\n<\/span><\/em>Per-Eric Lindgren<br \/>\n<span class=\"s2\">Lena Arman<br \/>\nLisbet Paulsson<br \/>\n<\/span><span class=\"s2\">Sven Gunnar Persson<\/span><\/p>\n<p class=\"p1\"><em><span class=\"s3\">Ers\u00e4ttare<\/span><\/em><span class=\"s2\"><br \/>\nPer Ingvarsson<br \/>\n<\/span>Johan Garde<br \/>\n<span class=\"s2\">Karin S\u00f6derqvist<\/span><\/p>\n<p class=\"p1\"><span class=\"s1\"><strong>Stiftsstyrelsens presidium<\/strong>\u00a0<\/span><span class=\"s2\"><br \/>\nPer-Eric Lindgren, 2:e vice ordf\u00f6rande, ledamot<\/span><\/p>\n<p class=\"p1\"><span class=\"s1\"><strong>Stiftsstyrelsens arbetsutskott<\/strong>\u00a0<\/span><span class=\"s2\"><br \/>\nPer-Eric Lindgren, ledamot<br \/>\nLena Arman, ers\u00e4ttare<\/span><\/p>\n<p class=\"p1\"><strong><span class=\"s1\">Egendomsutskottet<\/span><\/strong><span class=\"s2\"><br \/>\nG\u00f6sta Johansson, ledamot<br \/>\nAnnika Altn\u00e4s, ers\u00e4ttare<\/span><\/p>\n<p class=\"p1\"><span class=\"s1\"><strong>Domkapitlet<\/strong>\u00a0<\/span><span class=\"s2\"><br \/>\nLars Jagerfelt, ledamot<br \/>\nCarina Sundstrand \u00c5sman, ers\u00e4ttare<\/span><\/p>\n<p class=\"p1\"><span class=\"s1\"><strong>Regionala samr\u00e5dsgruppen f\u00f6r det kyrkliga kulturarvet i Link\u00f6pings stift<\/strong><br \/>\n<\/span>Anders W\u00e5ng, ledamot<\/p>\n<p class=\"p1\"><strong><span class=\"s1\">Ombud f\u00f6r Skao Svenska kyrkans arbetsgivarorganisation <\/span><\/strong><span class=\"s2\">(<a href=\"https:\/\/www.skao.se\/\">&gt;&gt;<\/a>)<br \/>\n{<\/span><em><span class=\"s3\">Arbetsgivarkonferensen<\/span><\/em><span class=\"s2\">}<br \/>\nSven Gunnar Persson, ordinarie<br \/>\nLisbet Paulsson, ers\u00e4ttare<\/span><\/p>\n<p class=\"p1\"><span class=\"s2\">{<\/span><em><span class=\"s3\">Arbetsgivarfullm\u00e4ktige, \u00a02022-06-01\u20132026-05-31<\/span><\/em><span class=\"s2\">}<br \/>\nLisbet Paulsson, ordinarie<br \/>\nMagnus Carlsson, ers\u00e4ttare<br \/>\n<\/span><span class=\"s2\">{<\/span><em><span class=\"s3\">Samr\u00e5dskonferensen, \u00a02022-06-01\u20132026-05-31<\/span><\/em><span class=\"s2\">}<br \/>\n<\/span><span class=\"s2\">Carina Sundstrand \u00c5sman, ordinarie<br \/>\nLisbet Paulsson ers\u00e4ttare<\/span><\/p>\n<p class=\"p1\"><span style=\"color: #999999\"><span class=\"s2\">{<\/span><em><span class=\"s3\">Arbetsgivarfullm\u00e4ktige, \u00a02026-06-01\u20132030-05-31<\/span><\/em><span class=\"s2\">}<br \/>\n\u2014ordinarie\/ers\u00e4ttare?<br \/>\n<\/span><\/span><span style=\"color: #999999\"><span class=\"s2\">{<\/span><em><span class=\"s3\">Samr\u00e5dskonferensen, \u00a02026-06-01\u20132030-05-31<\/span><\/em><span class=\"s2\">}<br \/>\n\u2014ordinarie\/ers\u00e4ttare?<\/span><\/span><\/p>\n<p class=\"p1\"><strong><span class=\"s1\">Styrelsen f\u00f6r Link\u00f6pings stifts folkh\u00f6gskolestiftelse Vadstena folkh\u00f6gskola <\/span><\/strong><span class=\"s2\">(<a href=\"https:\/\/www.vadstenafolkhogskola.se\/\">&gt;&gt;<\/a>)<br \/>\nLeif Larsson, ledamot<br \/>\nHenrik Lerner, ers\u00e4ttare<\/span><\/p>\n<p class=\"p1\"><span class=\"s1\"><strong>Styrelsen f\u00f6r Stiftelsen Gransn\u00e4s Ungdomsg\u00e5rd<\/strong>\u00a0<\/span><span class=\"s2\">(<a href=\"https:\/\/www.gransnas.se\/\">&gt;&gt;<\/a>)<br \/>\nKatarina Karlsson, ledamot<br \/>\nTomas Tegnevik, ledamot<\/span><\/p>\n<p class=\"p1\"><span class=\"s1\"><strong>Styrelsen f\u00f6r insamlingsstiftelsen Link\u00f6pings slotts- och domkyrkomuseum<\/strong>\u00a0<\/span><span class=\"s2\">(<a href=\"https:\/\/lsdm.se\/\">&gt;&gt;<\/a>)<\/span><span class=\"s1\"><br \/>\n<\/span><span class=\"s2\">Helena Cimbritz, ers\u00e4ttare<br \/>\n<\/span>.<br \/>\nK\u00e4lla: <a href=\"https:\/\/kyrkoval.svenskakyrkan.se\/Valresultat2025\/slutg\/Visning\/Resultat\/Stiftsfullmaktige.aspx?TabIndex=1&amp;StiftId=3\" target=\"_blank\" rel=\"noopener\">Valresultat<\/a> (<em>kyrkoval.svenskakyrkan.se<\/em>)<\/p>\n<hr \/>\n<p style=\"text-align: right\">{<span class=\"s2\">uppdaterad <span style=\"color: #ff0000\">2025-10-13<\/span>}<\/span><\/p>\n<p style=\"text-align: left\"><strong>Kyrkom\u00f6tet<\/strong>\u00a0{<em>Link\u00f6pings stifts valkrets<\/em>} (<a href=\"https:\/\/www.svenskakyrkan.se\/kyrkomotet\/\" target=\"_blank\" rel=\"noopener\">&gt;&gt;<\/a>) {<span class=\"s1\"><em>R\u00f6str\u00e4kning klart, <\/em><\/span><span class=\"s2\">2025-10-13}<\/span><br \/>\n<em>Ordinarie ledam\u00f6ter<\/em><br \/>\nAnne Olofsson [<a href=\"https:\/\/www.posk.se\/linkopingsstift\/kandidatpresentationer\/anne-olofsson\/\">&gt;<\/a>]<br \/>\nPer-Eric Lindgren [<a href=\"https:\/\/www.posk.se\/linkopingsstift\/kandidatpresentationer\/per-eric-lindgren\/\">&gt;<\/a>]<br \/>\nJohanna Palm\u00e9r [<a href=\"https:\/\/www.posk.se\/linkopingsstift\/kandidatpresentationer\/johanna-palmer\/\">&gt;<\/a>]<br \/>\nJohanna Garde [<a href=\"https:\/\/www.posk.se\/linkopingsstift\/kandidatpresentationer\/johanna-garde\/\">&gt;<\/a>]<\/p>\n<p><em>Ers\u00e4ttare<\/em><br \/>\n1. Peter Lundborg<br \/>\n2. Lena Arman [<a href=\"https:\/\/www.posk.se\/linkopingsstift\/kandidatpresentationer\/lena-arman\/\">&gt;<\/a>]<br \/>\n3. Johan Broman [<a href=\"https:\/\/www.posk.se\/linkopingsstift\/kandidatpresentationer\/johan-broman\/\">&gt;<\/a>]<br \/>\n4. Tomas Tegnevik [<a href=\"https:\/\/www.posk.se\/linkopingsstift\/kandidatpresentationer\/tomas-tegnevik\/\">&gt;<\/a>]<br \/>\n.<br \/>\nK\u00e4lla: <a href=\"https:\/\/kyrkoval.svenskakyrkan.se\/Valresultat2025\/slutg\/Visning\/Resultat\/kyrkomote.aspx?TabIndex=2&amp;StiftId=-1&amp;ValkretsId=23400\" target=\"_blank\" rel=\"noopener\">Valresultat<\/a> (<em>kyrkoval.svenskakyrkan.se<\/em>)<\/p>\n<hr \/>\n<p class=\"p1\"><strong><span class=\"s1\">STIFTSFULLM\u00c4KTIGE<\/span><\/strong><span class=\"s2\"> (Link\u00f6pings stift)<br \/>\n<\/span><em><span class=\"s3\">Kyrkovals resultat f\u00f6r POSK i Link\u00f6pings stifts valkrets \u201dtotalt\u201d<\/span><\/em><\/p>\n<p class=\"p1\"><strong><span class=\"s1\">\u00c5r | % | Antal | Mandat<\/span><\/strong><span class=\"s2\"><br \/>\n<span style=\"color: #000000\">2025 | 26,74 | 13141 | 18<\/span><br \/>\n2021 | 28,94 | 14224 | 19<br \/>\n2017 | 26,78 | 14329 | 18<br \/>\n2013 | 25,93 | 9718 | 17<br \/>\n2009 | 24,29 | 9742 | 16<br \/>\n2005 | 24,44 | 10122 | 16<br \/>\n2001 | 22,85 | 11480 | 18<br \/>\n.<br \/>\n<\/span><strong><span class=\"s1\">KYRKOM\u00d6TET<\/span><\/strong><span class=\"s2\"> (Link\u00f6pings stift)<br \/>\n<\/span><em><span class=\"s3\">Kyrkovals resultat f\u00f6r POSK i Link\u00f6pings stifts valkrets<\/span><\/em><\/p>\n<p class=\"p1\"><strong><span class=\"s1\">\u00c5r | % | Antal | Mandat<\/span><\/strong><span class=\"s2\"><br \/>\n2025 | 26,41 | 12980 | 4<br \/>\n2021 | 28,50 | 14029 | 4<br \/>\n2017 | 26,70 | 14265 | 5<br \/>\n2013 | 26,70 | 9949 | 4<br \/>\n2009 | 22,55 | 9044 | 4<br \/>\n2005 | 21,21 | 8804 | 3<br \/>\n2001 | 20,41 | 10278 | 3<br \/>\n.<br \/>\n<\/span><strong><span class=\"s1\">KYRKOM\u00d6TET<\/span><\/strong><span class=\"s2\"> (Svenska kyrkan)<br \/>\n<\/span><em><span class=\"s3\">Kyrkovals resultat f\u00f6r POSK i Svenska kyrkans valkretsar (totalt)<\/span><\/em><\/p>\n<p class=\"p1\"><strong><span class=\"s1\">\u00c5r | % | Antal | Mandat<\/span><\/strong><span class=\"s2\"><br \/>\n2025 | 17,54 | 152877 | 45<br \/>\n2021 | 19,33 | 170946 | 47<br \/>\n2017 | 17,06 | 165171 | 43<br \/>\n2013 | 15,26 | 103665 | 38<br \/>\n2009 | 13,16 | 86567 | 33<br \/>\n2005 | 13.64 | 93277 | 34<br \/>\n2001 | 14,37 | 120308 | 36<br \/>\n.<\/span><\/p>\n<hr \/>\n<p class=\"p1\" style=\"text-align: right\">Verktyg f\u00f6r ber\u00e4kning av indirekta val<br \/>\n<a href=\"https:\/\/www.svenskakyrkan.se\/valwebben\/indirekta-val\" target=\"_blank\" rel=\"noopener\">L\u00e4s mer<\/a> {<a href=\"https:\/\/webapp.svenskakyrkan.se\/miscapp\/v1\/client\/indirektaval\/#\/?stiftId=1\" target=\"_blank\" rel=\"noopener\">Verktyget<\/a>}<\/p>\n","protected":false},"excerpt":{"rendered":"<p>{uppdaterad 2026-02-05} Stiftsfullm\u00e4ktige {R\u00f6str\u00e4kning klart, 2025-10-09} Ordinarie ledam\u00f6ter Sven Gunnar Persson [&gt;] Susanne Israel [&gt;] Annika Altn\u00e4s [&gt;] Per-Eric Lindgren [&gt;] Lena Arman [&gt;] Johannes Zeiler [&gt;] Helena Cimbritz [&gt;] Lisbet Paulsson [&gt;] Tomas Kjellgren [&gt;] Johan Broman [&gt;] Katarina Karlsson [&gt;] Johan Garde [&gt;] Carina Sundstrand \u00c5sman [&gt;] Lars-Johan Sunnerberg [&gt;] Kristina Selvin [&gt;] [&hellip;]<\/p>\n","protected":false},"author":104,"featured_media":26,"parent":0,"menu_order":1,"comment_status":"closed","ping_status":"closed","template":"page-templates\/page-sidebar-left.php","meta":{"_acf_changed":false,"footnotes":""},"class_list":["post-3698","page","type-page","status-publish","has-post-thumbnail","hentry"],"acf":[],"yoast_head":"<!-- This site is optimized with the Yoast SEO plugin v24.9 - https:\/\/yoast.com\/wordpress\/plugins\/seo\/ -->\n<title>F\u00f6rtroendevalda 2026-2029 - STIFTSF\u00d6RENING Link\u00f6ping<\/title>\n<meta name=\"robots\" content=\"index, follow, max-snippet:-1, max-image-preview:large, max-video-preview:-1\" \/>\n<link rel=\"canonical\" href=\"https:\/\/www.posk.se\/linkopingsstift\/fortroendevalda-2026-2029\/\" \/>\n<meta property=\"og:locale\" content=\"sv_SE\" \/>\n<meta property=\"og:type\" content=\"article\" \/>\n<meta property=\"og:title\" content=\"F\u00f6rtroendevalda 2026-2029 - STIFTSF\u00d6RENING Link\u00f6ping\" \/>\n<meta property=\"og:description\" content=\"{uppdaterad 2026-02-05} Stiftsfullm\u00e4ktige {R\u00f6str\u00e4kning klart, 2025-10-09} Ordinarie ledam\u00f6ter Sven Gunnar Persson [&gt;] Susanne Israel [&gt;] Annika Altn\u00e4s [&gt;] Per-Eric Lindgren [&gt;] Lena Arman [&gt;] Johannes Zeiler [&gt;] Helena Cimbritz [&gt;] Lisbet Paulsson [&gt;] Tomas Kjellgren [&gt;] Johan Broman [&gt;] Katarina Karlsson [&gt;] Johan Garde [&gt;] Carina Sundstrand \u00c5sman [&gt;] Lars-Johan Sunnerberg [&gt;] Kristina Selvin [&gt;] [&hellip;]\" \/>\n<meta property=\"og:url\" content=\"https:\/\/www.posk.se\/linkopingsstift\/fortroendevalda-2026-2029\/\" \/>\n<meta property=\"og:site_name\" content=\"STIFTSF\u00d6RENING Link\u00f6ping\" \/>\n<meta property=\"article:modified_time\" content=\"2026-02-05T21:17:38+00:00\" \/>\n<meta property=\"og:image\" content=\"https:\/\/www.posk.se\/linkopingsstift\/wp-content\/uploads\/sites\/61\/2016\/07\/water-lily-1442497_1920.jpg\" \/>\n\t<meta property=\"og:image:width\" content=\"1920\" \/>\n\t<meta property=\"og:image:height\" content=\"1245\" \/>\n\t<meta property=\"og:image:type\" content=\"image\/jpeg\" \/>\n<meta name=\"twitter:card\" content=\"summary_large_image\" \/>\n<meta name=\"twitter:label1\" content=\"Ber\u00e4knad l\u00e4stid\" \/>\n\t<meta name=\"twitter:data1\" content=\"3 minuter\" \/>\n<script type=\"application\/ld+json\" class=\"yoast-schema-graph\">{\"@context\":\"https:\/\/schema.org\",\"@graph\":[{\"@type\":\"WebPage\",\"@id\":\"https:\/\/www.posk.se\/linkopingsstift\/fortroendevalda-2026-2029\/\",\"url\":\"https:\/\/www.posk.se\/linkopingsstift\/fortroendevalda-2026-2029\/\",\"name\":\"F\u00f6rtroendevalda 2026-2029 - STIFTSF\u00d6RENING Link\u00f6ping\",\"isPartOf\":{\"@id\":\"https:\/\/www.posk.se\/linkopingsstift\/#website\"},\"primaryImageOfPage\":{\"@id\":\"https:\/\/www.posk.se\/linkopingsstift\/fortroendevalda-2026-2029\/#primaryimage\"},\"image\":{\"@id\":\"https:\/\/www.posk.se\/linkopingsstift\/fortroendevalda-2026-2029\/#primaryimage\"},\"thumbnailUrl\":\"https:\/\/www.posk.se\/linkopingsstift\/wp-content\/uploads\/sites\/61\/2016\/07\/water-lily-1442497_1920.jpg\",\"datePublished\":\"2025-09-19T18:47:28+00:00\",\"dateModified\":\"2026-02-05T21:17:38+00:00\",\"breadcrumb\":{\"@id\":\"https:\/\/www.posk.se\/linkopingsstift\/fortroendevalda-2026-2029\/#breadcrumb\"},\"inLanguage\":\"sv-SE\",\"potentialAction\":[{\"@type\":\"ReadAction\",\"target\":[\"https:\/\/www.posk.se\/linkopingsstift\/fortroendevalda-2026-2029\/\"]}]},{\"@type\":\"ImageObject\",\"inLanguage\":\"sv-SE\",\"@id\":\"https:\/\/www.posk.se\/linkopingsstift\/fortroendevalda-2026-2029\/#primaryimage\",\"url\":\"https:\/\/www.posk.se\/linkopingsstift\/wp-content\/uploads\/sites\/61\/2016\/07\/water-lily-1442497_1920.jpg\",\"contentUrl\":\"https:\/\/www.posk.se\/linkopingsstift\/wp-content\/uploads\/sites\/61\/2016\/07\/water-lily-1442497_1920.jpg\",\"width\":1920,\"height\":1245},{\"@type\":\"BreadcrumbList\",\"@id\":\"https:\/\/www.posk.se\/linkopingsstift\/fortroendevalda-2026-2029\/#breadcrumb\",\"itemListElement\":[{\"@type\":\"ListItem\",\"position\":1,\"name\":\"Hem\",\"item\":\"https:\/\/www.posk.se\/linkopingsstift\/\"},{\"@type\":\"ListItem\",\"position\":2,\"name\":\"F\u00f6rtroendevalda 2026-2029\"}]},{\"@type\":\"WebSite\",\"@id\":\"https:\/\/www.posk.se\/linkopingsstift\/#website\",\"url\":\"https:\/\/www.posk.se\/linkopingsstift\/\",\"name\":\"STIFTSF\u00d6RENING Link\u00f6ping\",\"description\":\"Stiftsf\u00f6reningen f\u00f6r POSK i Link\u00f6pings stift\",\"potentialAction\":[{\"@type\":\"SearchAction\",\"target\":{\"@type\":\"EntryPoint\",\"urlTemplate\":\"https:\/\/www.posk.se\/linkopingsstift\/?s={search_term_string}\"},\"query-input\":{\"@type\":\"PropertyValueSpecification\",\"valueRequired\":true,\"valueName\":\"search_term_string\"}}],\"inLanguage\":\"sv-SE\"}]}<\/script>\n<!-- \/ Yoast SEO plugin. -->","yoast_head_json":{"title":"F\u00f6rtroendevalda 2026-2029 - STIFTSF\u00d6RENING Link\u00f6ping","robots":{"index":"index","follow":"follow","max-snippet":"max-snippet:-1","max-image-preview":"max-image-preview:large","max-video-preview":"max-video-preview:-1"},"canonical":"https:\/\/www.posk.se\/linkopingsstift\/fortroendevalda-2026-2029\/","og_locale":"sv_SE","og_type":"article","og_title":"F\u00f6rtroendevalda 2026-2029 - STIFTSF\u00d6RENING Link\u00f6ping","og_description":"{uppdaterad 2026-02-05} Stiftsfullm\u00e4ktige {R\u00f6str\u00e4kning klart, 2025-10-09} Ordinarie ledam\u00f6ter Sven Gunnar Persson [&gt;] Susanne Israel [&gt;] Annika Altn\u00e4s [&gt;] Per-Eric Lindgren [&gt;] Lena Arman [&gt;] Johannes Zeiler [&gt;] Helena Cimbritz [&gt;] Lisbet Paulsson [&gt;] Tomas Kjellgren [&gt;] Johan Broman [&gt;] Katarina Karlsson [&gt;] Johan Garde [&gt;] Carina Sundstrand \u00c5sman [&gt;] Lars-Johan Sunnerberg [&gt;] Kristina Selvin [&gt;] [&hellip;]","og_url":"https:\/\/www.posk.se\/linkopingsstift\/fortroendevalda-2026-2029\/","og_site_name":"STIFTSF\u00d6RENING Link\u00f6ping","article_modified_time":"2026-02-05T21:17:38+00:00","og_image":[{"width":1920,"height":1245,"url":"https:\/\/www.posk.se\/linkopingsstift\/wp-content\/uploads\/sites\/61\/2016\/07\/water-lily-1442497_1920.jpg","type":"image\/jpeg"}],"twitter_card":"summary_large_image","twitter_misc":{"Ber\u00e4knad l\u00e4stid":"3 minuter"},"schema":{"@context":"https:\/\/schema.org","@graph":[{"@type":"WebPage","@id":"https:\/\/www.posk.se\/linkopingsstift\/fortroendevalda-2026-2029\/","url":"https:\/\/www.posk.se\/linkopingsstift\/fortroendevalda-2026-2029\/","name":"F\u00f6rtroendevalda 2026-2029 - STIFTSF\u00d6RENING Link\u00f6ping","isPartOf":{"@id":"https:\/\/www.posk.se\/linkopingsstift\/#website"},"primaryImageOfPage":{"@id":"https:\/\/www.posk.se\/linkopingsstift\/fortroendevalda-2026-2029\/#primaryimage"},"image":{"@id":"https:\/\/www.posk.se\/linkopingsstift\/fortroendevalda-2026-2029\/#primaryimage"},"thumbnailUrl":"https:\/\/www.posk.se\/linkopingsstift\/wp-content\/uploads\/sites\/61\/2016\/07\/water-lily-1442497_1920.jpg","datePublished":"2025-09-19T18:47:28+00:00","dateModified":"2026-02-05T21:17:38+00:00","breadcrumb":{"@id":"https:\/\/www.posk.se\/linkopingsstift\/fortroendevalda-2026-2029\/#breadcrumb"},"inLanguage":"sv-SE","potentialAction":[{"@type":"ReadAction","target":["https:\/\/www.posk.se\/linkopingsstift\/fortroendevalda-2026-2029\/"]}]},{"@type":"ImageObject","inLanguage":"sv-SE","@id":"https:\/\/www.posk.se\/linkopingsstift\/fortroendevalda-2026-2029\/#primaryimage","url":"https:\/\/www.posk.se\/linkopingsstift\/wp-content\/uploads\/sites\/61\/2016\/07\/water-lily-1442497_1920.jpg","contentUrl":"https:\/\/www.posk.se\/linkopingsstift\/wp-content\/uploads\/sites\/61\/2016\/07\/water-lily-1442497_1920.jpg","width":1920,"height":1245},{"@type":"BreadcrumbList","@id":"https:\/\/www.posk.se\/linkopingsstift\/fortroendevalda-2026-2029\/#breadcrumb","itemListElement":[{"@type":"ListItem","position":1,"name":"Hem","item":"https:\/\/www.posk.se\/linkopingsstift\/"},{"@type":"ListItem","position":2,"name":"F\u00f6rtroendevalda 2026-2029"}]},{"@type":"WebSite","@id":"https:\/\/www.posk.se\/linkopingsstift\/#website","url":"https:\/\/www.posk.se\/linkopingsstift\/","name":"STIFTSF\u00d6RENING Link\u00f6ping","description":"Stiftsf\u00f6reningen f\u00f6r POSK i Link\u00f6pings stift","potentialAction":[{"@type":"SearchAction","target":{"@type":"EntryPoint","urlTemplate":"https:\/\/www.posk.se\/linkopingsstift\/?s={search_term_string}"},"query-input":{"@type":"PropertyValueSpecification","valueRequired":true,"valueName":"search_term_string"}}],"inLanguage":"sv-SE"}]}},"_links":{"self":[{"href":"https:\/\/www.posk.se\/linkopingsstift\/wp-json\/wp\/v2\/pages\/3698","targetHints":{"allow":["GET"]}}],"collection":[{"href":"https:\/\/www.posk.se\/linkopingsstift\/wp-json\/wp\/v2\/pages"}],"about":[{"href":"https:\/\/www.posk.se\/linkopingsstift\/wp-json\/wp\/v2\/types\/page"}],"author":[{"embeddable":true,"href":"https:\/\/www.posk.se\/linkopingsstift\/wp-json\/wp\/v2\/users\/104"}],"replies":[{"embeddable":true,"href":"https:\/\/www.posk.se\/linkopingsstift\/wp-json\/wp\/v2\/comments?post=3698"}],"version-history":[{"count":116,"href":"https:\/\/www.posk.se\/linkopingsstift\/wp-json\/wp\/v2\/pages\/3698\/revisions"}],"predecessor-version":[{"id":3977,"href":"https:\/\/www.posk.se\/linkopingsstift\/wp-json\/wp\/v2\/pages\/3698\/revisions\/3977"}],"wp:featuredmedia":[{"embeddable":true,"href":"https:\/\/www.posk.se\/linkopingsstift\/wp-json\/wp\/v2\/media\/26"}],"wp:attachment":[{"href":"https:\/\/www.posk.se\/linkopingsstift\/wp-json\/wp\/v2\/media?parent=3698"}],"curies":[{"name":"wp","href":"https:\/\/api.w.org\/{rel}","templated":true}]}}