{"id":2896,"date":"2024-12-09T17:04:27","date_gmt":"2024-12-09T16:04:27","guid":{"rendered":"https:\/\/www.posk.se\/linkopingsstift\/?page_id=2896"},"modified":"2025-09-08T11:55:23","modified_gmt":"2025-09-08T09:55:23","slug":"program","status":"publish","type":"page","link":"https:\/\/www.posk.se\/linkopingsstift\/program\/","title":{"rendered":"Program 2026-2029"},"content":{"rendered":"<p style=\"text-align: right\">\u00a4 <a href=\"https:\/\/www.posk.se\/linkopingsstift\/wp-content\/uploads\/sites\/61\/2025\/09\/linkopingsstift-poskvalprogram2026-2029-tryck.pdf\" target=\"_blank\" rel=\"noopener\">Stiftsprogram 2026-2029<\/a> (<em>pdf, stift<\/em>)<br \/>\n<a href=\"https:\/\/www.posk.se\/linkopingsstift\/wp-content\/uploads\/sites\/61\/2025\/09\/linkopingsstift-poskvalprogram2026-2029-tryck.pdf\" target=\"_blank\" rel=\"noopener\"><img loading=\"lazy\" decoding=\"async\" class=\"alignright wp-image-3632\" src=\"https:\/\/www.posk.se\/linkopingsstift\/wp-content\/uploads\/sites\/61\/2025\/09\/img-9613.jpeg\" alt=\"\" width=\"239\" height=\"338\" srcset=\"https:\/\/www.posk.se\/linkopingsstift\/wp-content\/uploads\/sites\/61\/2025\/09\/img-9613.jpeg 1239w, https:\/\/www.posk.se\/linkopingsstift\/wp-content\/uploads\/sites\/61\/2025\/09\/img-9613-212x300.jpeg 212w, https:\/\/www.posk.se\/linkopingsstift\/wp-content\/uploads\/sites\/61\/2025\/09\/img-9613-723x1024.jpeg 723w, https:\/\/www.posk.se\/linkopingsstift\/wp-content\/uploads\/sites\/61\/2025\/09\/img-9613-768x1087.jpeg 768w, https:\/\/www.posk.se\/linkopingsstift\/wp-content\/uploads\/sites\/61\/2025\/09\/img-9613-1085x1536.jpeg 1085w, https:\/\/www.posk.se\/linkopingsstift\/wp-content\/uploads\/sites\/61\/2025\/09\/img-9613-330x467.jpeg 330w\" sizes=\"auto, (max-width: 239px) 100vw, 239px\" \/><\/a><\/p>\n<p><em><strong>Stifts-POSKs valprogram<\/strong><\/em><br \/>\n<strong>POSK i Link\u00f6pings stift verkar f\u00f6r<\/strong><\/p>\n<ul>\n<li><em>Andlig utveckling:<\/em><br \/>\n&#8211; Vi vill utveckla m\u00f6tesplatser f\u00f6r andlig f\u00f6rdjupning, inspiration och gemenskap inom Link\u00f6pings stift.<br \/>\n&#8211; Vi vill att stiftet skall ta tillvara de ideellas engagemang och fr\u00e4mja f\u00f6rsamlingarnas levande gudstj\u00e4nstliv i ord och musik. Vi vill visa att varje m\u00e4nniska \u00e4r en ov\u00e4rderlig resurs f\u00f6r att gemensamt bygga kyrkan starkare.<br \/>\n&#8211; Vi vill att stiftet ska st\u00f6dja f\u00f6rsamlingarnas viktiga arbete i att rekrytera s\u00e5v\u00e4l anst\u00e4llda som f\u00f6rtroendevalda och ideella<br \/>\n&#8211; Vi vill utveckla det kyrkliga kulturarvet och kyrkans levande traditioner t ex genom musik och byggnader.<br \/>\n.<\/li>\n<li><em>H\u00e5llbarhet:<\/em><br \/>\n&#8211; Vi vill att Link\u00f6pings stift \u00e4r ett f\u00f6red\u00f6me i att v\u00e4rna om jordens resurser och dess m\u00e4nniskor. Detta g\u00f6r vi med ansvarsfull milj\u00f6h\u00e4nsyn och uth\u00e5llig f\u00f6rvaltning av stiftets olika gemensamma tillg\u00e5ngar.<br \/>\n.<\/li>\n<li><em>Samh\u00e4llsengagemang:<\/em><br \/>\n&#8211; Vi vill vidareutveckla kyrkans roll som en p\u00e5drivande samh\u00e4llsakt\u00f6r och vara en tydlig r\u00f6st mot or\u00e4ttvisor och utanf\u00f6rskap, bl a genom utvecklat diakonalt arbete<br \/>\n&#8211; Vi vill att stiftet ska st\u00f6dja f\u00f6rsamlingarnas arbete med att utveckla och implementera beredskapsplaner, vilket \u00f6kar tryggheten i civilsamh\u00e4llet<\/li>\n<\/ul>\n<p><strong>POSKs vision \u00e4r att Svenska kyrkan ska vara en gemenskap som<\/strong><br \/>\n<strong>speglar Guds vilja i gudstj\u00e4nst och liv och som talar tydligt om<\/strong><br \/>\n<strong>Jesus Kristus.<img loading=\"lazy\" decoding=\"async\" class=\"size-thumbnail wp-image-3247 alignright\" src=\"https:\/\/www.posk.se\/linkopingsstift\/wp-content\/uploads\/sites\/61\/2025\/06\/img-8143-150x150.png\" alt=\"\" width=\"150\" height=\"150\" srcset=\"https:\/\/www.posk.se\/linkopingsstift\/wp-content\/uploads\/sites\/61\/2025\/06\/img-8143-150x150.png 150w, https:\/\/www.posk.se\/linkopingsstift\/wp-content\/uploads\/sites\/61\/2025\/06\/img-8143-300x300.png 300w, https:\/\/www.posk.se\/linkopingsstift\/wp-content\/uploads\/sites\/61\/2025\/06\/img-8143-1024x1024.png 1024w, https:\/\/www.posk.se\/linkopingsstift\/wp-content\/uploads\/sites\/61\/2025\/06\/img-8143-768x768.png 768w, https:\/\/www.posk.se\/linkopingsstift\/wp-content\/uploads\/sites\/61\/2025\/06\/img-8143-1536x1536.png 1536w, https:\/\/www.posk.se\/linkopingsstift\/wp-content\/uploads\/sites\/61\/2025\/06\/img-8143-2048x2048.png 2048w, https:\/\/www.posk.se\/linkopingsstift\/wp-content\/uploads\/sites\/61\/2025\/06\/img-8143-197x197.png 197w, https:\/\/www.posk.se\/linkopingsstift\/wp-content\/uploads\/sites\/61\/2025\/06\/img-8143-330x330.png 330w\" sizes=\"auto, (max-width: 150px) 100vw, 150px\" \/><br \/>\n<\/strong>POSK vill se visionen f\u00f6rverkligad genom att Svenska kyrkan:<\/p>\n<ul>\n<li>f\u00f6rmedlar befrielse, hopp och livsmod<\/li>\n<li>ger n\u00e4rvaro, gemenskap och m\u00f6jlighet att v\u00e4xa i tro<\/li>\n<li>ser och tar vara p\u00e5 varje m\u00e4nniska som en g\u00e5va i f\u00f6rsamlingens liv<\/li>\n<li>respekterar individen och gl\u00e4ds \u00e5t m\u00e5ngfalden<\/li>\n<li>\u00e4r en tydlig r\u00f6st i samh\u00e4llet och visar p\u00e5 ett liv i r\u00e4ttvisa och frihet<\/li>\n<li>f\u00f6renklar sin organisation och struktur s\u00e5 att de b\u00e4ttre fr\u00e4mjar kyrkans uppdrag<\/li>\n<li>\u00e4r en brobyggare mellan olika kyrkliga traditioner och mellan kristna kyrkor<\/li>\n<li>str\u00e4var efter en sann och \u00f6ppen dialog mellan m\u00e4nniskor av olika tro<\/li>\n<li>POSK har id\u00e9erna f\u00f6r framtiden och vill leda utvecklingen i riktning mot en kyrka som rymmer m\u00e5ngfald och pr\u00e4glas av respekt.<\/li>\n<\/ul>\n<hr \/>\n<p>\u00a4 <a href=\"https:\/\/www.posk.se\/linkopingsstift\/wp-content\/uploads\/sites\/61\/2025\/09\/linkopingsstift-poskvalprogram2026-2029-tryck.pdf\" target=\"_blank\" rel=\"noopener\">Stiftsprogram 2026-2029<\/a> (<em>pdf, stift<\/em>)<br \/>\n\u00a4 <a href=\"https:\/\/www.posk.se\/vi-vill\/kortprogram\/\" target=\"_blank\" rel=\"noopener\">Vision och kortprogram 2026-2029<\/a> (<em>Riks<\/em>)<br \/>\n\u00a4 <a href=\"https:\/\/www.posk.se\/vi-vill\/program\/\" target=\"_blank\" rel=\"noopener noreferrer\">Vision och program 2026-2029<\/a> (<em>Riks<\/em>)<\/p>\n","protected":false},"excerpt":{"rendered":"<p>\u00a4 Stiftsprogram 2026-2029 (pdf, stift) Stifts-POSKs valprogram POSK i Link\u00f6pings stift verkar f\u00f6r Andlig utveckling: &#8211; Vi vill utveckla m\u00f6tesplatser f\u00f6r andlig f\u00f6rdjupning, inspiration och gemenskap inom Link\u00f6pings stift. &#8211; Vi vill att stiftet skall ta tillvara de ideellas engagemang och fr\u00e4mja f\u00f6rsamlingarnas levande gudstj\u00e4nstliv i ord och musik. Vi vill visa att varje m\u00e4nniska [&hellip;]<\/p>\n","protected":false},"author":104,"featured_media":2907,"parent":0,"menu_order":2,"comment_status":"closed","ping_status":"closed","template":"page-templates\/page-sidebar-left.php","meta":{"_acf_changed":false,"footnotes":""},"class_list":["post-2896","page","type-page","status-publish","has-post-thumbnail","hentry"],"acf":[],"yoast_head":"<!-- This site is optimized with the Yoast SEO plugin v24.9 - https:\/\/yoast.com\/wordpress\/plugins\/seo\/ -->\n<title>Program 2026-2029 - STIFTSF\u00d6RENING Link\u00f6ping<\/title>\n<meta name=\"robots\" content=\"index, follow, max-snippet:-1, max-image-preview:large, max-video-preview:-1\" \/>\n<link rel=\"canonical\" href=\"https:\/\/www.posk.se\/linkopingsstift\/program\/\" \/>\n<meta property=\"og:locale\" content=\"sv_SE\" \/>\n<meta property=\"og:type\" content=\"article\" \/>\n<meta property=\"og:title\" content=\"Program 2026-2029 - STIFTSF\u00d6RENING Link\u00f6ping\" \/>\n<meta property=\"og:description\" content=\"\u00a4 Stiftsprogram 2026-2029 (pdf, stift) Stifts-POSKs valprogram POSK i Link\u00f6pings stift verkar f\u00f6r Andlig utveckling: &#8211; Vi vill utveckla m\u00f6tesplatser f\u00f6r andlig f\u00f6rdjupning, inspiration och gemenskap inom Link\u00f6pings stift. &#8211; Vi vill att stiftet skall ta tillvara de ideellas engagemang och fr\u00e4mja f\u00f6rsamlingarnas levande gudstj\u00e4nstliv i ord och musik. Vi vill visa att varje m\u00e4nniska [&hellip;]\" \/>\n<meta property=\"og:url\" content=\"https:\/\/www.posk.se\/linkopingsstift\/program\/\" \/>\n<meta property=\"og:site_name\" content=\"STIFTSF\u00d6RENING Link\u00f6ping\" \/>\n<meta property=\"article:modified_time\" content=\"2025-09-08T09:55:23+00:00\" \/>\n<meta property=\"og:image\" content=\"https:\/\/www.posk.se\/linkopingsstift\/wp-content\/uploads\/sites\/61\/2024\/12\/img-6143-e1733762078232.jpeg\" \/>\n\t<meta property=\"og:image:width\" content=\"2066\" \/>\n\t<meta property=\"og:image:height\" content=\"1260\" \/>\n\t<meta property=\"og:image:type\" content=\"image\/jpeg\" \/>\n<meta name=\"twitter:card\" content=\"summary_large_image\" \/>\n<meta name=\"twitter:label1\" content=\"Ber\u00e4knad l\u00e4stid\" \/>\n\t<meta name=\"twitter:data1\" content=\"3 minuter\" \/>\n<script type=\"application\/ld+json\" class=\"yoast-schema-graph\">{\"@context\":\"https:\/\/schema.org\",\"@graph\":[{\"@type\":\"WebPage\",\"@id\":\"https:\/\/www.posk.se\/linkopingsstift\/program\/\",\"url\":\"https:\/\/www.posk.se\/linkopingsstift\/program\/\",\"name\":\"Program 2026-2029 - STIFTSF\u00d6RENING Link\u00f6ping\",\"isPartOf\":{\"@id\":\"https:\/\/www.posk.se\/linkopingsstift\/#website\"},\"primaryImageOfPage\":{\"@id\":\"https:\/\/www.posk.se\/linkopingsstift\/program\/#primaryimage\"},\"image\":{\"@id\":\"https:\/\/www.posk.se\/linkopingsstift\/program\/#primaryimage\"},\"thumbnailUrl\":\"https:\/\/www.posk.se\/linkopingsstift\/wp-content\/uploads\/sites\/61\/2024\/12\/img-6143-e1733762078232.jpeg\",\"datePublished\":\"2024-12-09T16:04:27+00:00\",\"dateModified\":\"2025-09-08T09:55:23+00:00\",\"breadcrumb\":{\"@id\":\"https:\/\/www.posk.se\/linkopingsstift\/program\/#breadcrumb\"},\"inLanguage\":\"sv-SE\",\"potentialAction\":[{\"@type\":\"ReadAction\",\"target\":[\"https:\/\/www.posk.se\/linkopingsstift\/program\/\"]}]},{\"@type\":\"ImageObject\",\"inLanguage\":\"sv-SE\",\"@id\":\"https:\/\/www.posk.se\/linkopingsstift\/program\/#primaryimage\",\"url\":\"https:\/\/www.posk.se\/linkopingsstift\/wp-content\/uploads\/sites\/61\/2024\/12\/img-6143-e1733762078232.jpeg\",\"contentUrl\":\"https:\/\/www.posk.se\/linkopingsstift\/wp-content\/uploads\/sites\/61\/2024\/12\/img-6143-e1733762078232.jpeg\",\"width\":2066,\"height\":1260},{\"@type\":\"BreadcrumbList\",\"@id\":\"https:\/\/www.posk.se\/linkopingsstift\/program\/#breadcrumb\",\"itemListElement\":[{\"@type\":\"ListItem\",\"position\":1,\"name\":\"Hem\",\"item\":\"https:\/\/www.posk.se\/linkopingsstift\/\"},{\"@type\":\"ListItem\",\"position\":2,\"name\":\"Program 2026-2029\"}]},{\"@type\":\"WebSite\",\"@id\":\"https:\/\/www.posk.se\/linkopingsstift\/#website\",\"url\":\"https:\/\/www.posk.se\/linkopingsstift\/\",\"name\":\"STIFTSF\u00d6RENING Link\u00f6ping\",\"description\":\"Stiftsf\u00f6reningen f\u00f6r POSK i Link\u00f6pings stift\",\"potentialAction\":[{\"@type\":\"SearchAction\",\"target\":{\"@type\":\"EntryPoint\",\"urlTemplate\":\"https:\/\/www.posk.se\/linkopingsstift\/?s={search_term_string}\"},\"query-input\":{\"@type\":\"PropertyValueSpecification\",\"valueRequired\":true,\"valueName\":\"search_term_string\"}}],\"inLanguage\":\"sv-SE\"}]}<\/script>\n<!-- \/ Yoast SEO plugin. -->","yoast_head_json":{"title":"Program 2026-2029 - STIFTSF\u00d6RENING Link\u00f6ping","robots":{"index":"index","follow":"follow","max-snippet":"max-snippet:-1","max-image-preview":"max-image-preview:large","max-video-preview":"max-video-preview:-1"},"canonical":"https:\/\/www.posk.se\/linkopingsstift\/program\/","og_locale":"sv_SE","og_type":"article","og_title":"Program 2026-2029 - STIFTSF\u00d6RENING Link\u00f6ping","og_description":"\u00a4 Stiftsprogram 2026-2029 (pdf, stift) Stifts-POSKs valprogram POSK i Link\u00f6pings stift verkar f\u00f6r Andlig utveckling: &#8211; Vi vill utveckla m\u00f6tesplatser f\u00f6r andlig f\u00f6rdjupning, inspiration och gemenskap inom Link\u00f6pings stift. &#8211; Vi vill att stiftet skall ta tillvara de ideellas engagemang och fr\u00e4mja f\u00f6rsamlingarnas levande gudstj\u00e4nstliv i ord och musik. Vi vill visa att varje m\u00e4nniska [&hellip;]","og_url":"https:\/\/www.posk.se\/linkopingsstift\/program\/","og_site_name":"STIFTSF\u00d6RENING Link\u00f6ping","article_modified_time":"2025-09-08T09:55:23+00:00","og_image":[{"width":2066,"height":1260,"url":"https:\/\/www.posk.se\/linkopingsstift\/wp-content\/uploads\/sites\/61\/2024\/12\/img-6143-e1733762078232.jpeg","type":"image\/jpeg"}],"twitter_card":"summary_large_image","twitter_misc":{"Ber\u00e4knad l\u00e4stid":"3 minuter"},"schema":{"@context":"https:\/\/schema.org","@graph":[{"@type":"WebPage","@id":"https:\/\/www.posk.se\/linkopingsstift\/program\/","url":"https:\/\/www.posk.se\/linkopingsstift\/program\/","name":"Program 2026-2029 - STIFTSF\u00d6RENING Link\u00f6ping","isPartOf":{"@id":"https:\/\/www.posk.se\/linkopingsstift\/#website"},"primaryImageOfPage":{"@id":"https:\/\/www.posk.se\/linkopingsstift\/program\/#primaryimage"},"image":{"@id":"https:\/\/www.posk.se\/linkopingsstift\/program\/#primaryimage"},"thumbnailUrl":"https:\/\/www.posk.se\/linkopingsstift\/wp-content\/uploads\/sites\/61\/2024\/12\/img-6143-e1733762078232.jpeg","datePublished":"2024-12-09T16:04:27+00:00","dateModified":"2025-09-08T09:55:23+00:00","breadcrumb":{"@id":"https:\/\/www.posk.se\/linkopingsstift\/program\/#breadcrumb"},"inLanguage":"sv-SE","potentialAction":[{"@type":"ReadAction","target":["https:\/\/www.posk.se\/linkopingsstift\/program\/"]}]},{"@type":"ImageObject","inLanguage":"sv-SE","@id":"https:\/\/www.posk.se\/linkopingsstift\/program\/#primaryimage","url":"https:\/\/www.posk.se\/linkopingsstift\/wp-content\/uploads\/sites\/61\/2024\/12\/img-6143-e1733762078232.jpeg","contentUrl":"https:\/\/www.posk.se\/linkopingsstift\/wp-content\/uploads\/sites\/61\/2024\/12\/img-6143-e1733762078232.jpeg","width":2066,"height":1260},{"@type":"BreadcrumbList","@id":"https:\/\/www.posk.se\/linkopingsstift\/program\/#breadcrumb","itemListElement":[{"@type":"ListItem","position":1,"name":"Hem","item":"https:\/\/www.posk.se\/linkopingsstift\/"},{"@type":"ListItem","position":2,"name":"Program 2026-2029"}]},{"@type":"WebSite","@id":"https:\/\/www.posk.se\/linkopingsstift\/#website","url":"https:\/\/www.posk.se\/linkopingsstift\/","name":"STIFTSF\u00d6RENING Link\u00f6ping","description":"Stiftsf\u00f6reningen f\u00f6r POSK i Link\u00f6pings stift","potentialAction":[{"@type":"SearchAction","target":{"@type":"EntryPoint","urlTemplate":"https:\/\/www.posk.se\/linkopingsstift\/?s={search_term_string}"},"query-input":{"@type":"PropertyValueSpecification","valueRequired":true,"valueName":"search_term_string"}}],"inLanguage":"sv-SE"}]}},"_links":{"self":[{"href":"https:\/\/www.posk.se\/linkopingsstift\/wp-json\/wp\/v2\/pages\/2896","targetHints":{"allow":["GET"]}}],"collection":[{"href":"https:\/\/www.posk.se\/linkopingsstift\/wp-json\/wp\/v2\/pages"}],"about":[{"href":"https:\/\/www.posk.se\/linkopingsstift\/wp-json\/wp\/v2\/types\/page"}],"author":[{"embeddable":true,"href":"https:\/\/www.posk.se\/linkopingsstift\/wp-json\/wp\/v2\/users\/104"}],"replies":[{"embeddable":true,"href":"https:\/\/www.posk.se\/linkopingsstift\/wp-json\/wp\/v2\/comments?post=2896"}],"version-history":[{"count":32,"href":"https:\/\/www.posk.se\/linkopingsstift\/wp-json\/wp\/v2\/pages\/2896\/revisions"}],"predecessor-version":[{"id":3640,"href":"https:\/\/www.posk.se\/linkopingsstift\/wp-json\/wp\/v2\/pages\/2896\/revisions\/3640"}],"wp:featuredmedia":[{"embeddable":true,"href":"https:\/\/www.posk.se\/linkopingsstift\/wp-json\/wp\/v2\/media\/2907"}],"wp:attachment":[{"href":"https:\/\/www.posk.se\/linkopingsstift\/wp-json\/wp\/v2\/media?parent=2896"}],"curies":[{"name":"wp","href":"https:\/\/api.w.org\/{rel}","templated":true}]}}