{"id":1727,"date":"2021-12-02T13:12:43","date_gmt":"2021-12-02T12:12:43","guid":{"rendered":"https:\/\/www.posk.se\/linkopingsstift\/?page_id=1727"},"modified":"2026-03-16T00:32:47","modified_gmt":"2026-03-15T23:32:47","slug":"valberedningen","status":"publish","type":"page","link":"https:\/\/www.posk.se\/linkopingsstift\/omoss\/valberedningen\/","title":{"rendered":"Valberedningen"},"content":{"rendered":"<div class=\"entry-content\">\n<hr \/>\n<p>Valberedningen best\u00e5r av ledam\u00f6ter, varav en \u00e4r sammankallande, valda p\u00e5 \u00e5rsm\u00f6tet. \u00c4r du intresserad av ett f\u00f6rtroendeuppdrag eller vet n\u00e5gon som skulle passa bra i till exempel styrelsen eller dylika andra uppdrag f\u00f6r POSK i Link\u00f6pings stift?<\/p>\n<p>S\u00e5 nominera g\u00e4rna d\u00e5 till:<br \/>\nLena Arman, Link\u00f6ping\u00a0(sammankallande)<br \/>\nGreta Kaddik, Norrk\u00f6ping<br \/>\nG\u00f6sta Johansson, Finsp\u00e5ng<br \/>\nLeif Larsson, Mj\u00f6lby<br \/>\nEva-Marie Hansson, V\u00e4stervik<\/p>\n<p>E-post: valberedning.linkopingsstift@posk.eu<\/p>\n<\/div>\n","protected":false},"excerpt":{"rendered":"<p>Valberedningen best\u00e5r av ledam\u00f6ter, varav en \u00e4r sammankallande, valda p\u00e5 \u00e5rsm\u00f6tet. \u00c4r du intresserad av ett f\u00f6rtroendeuppdrag eller vet n\u00e5gon som skulle passa bra i till exempel styrelsen eller dylika andra uppdrag f\u00f6r POSK i Link\u00f6pings stift? S\u00e5 nominera g\u00e4rna d\u00e5 till: Lena Arman, Link\u00f6ping\u00a0(sammankallande) Greta Kaddik, Norrk\u00f6ping G\u00f6sta Johansson, Finsp\u00e5ng Leif Larsson, Mj\u00f6lby Eva-Marie [&hellip;]<\/p>\n","protected":false},"author":104,"featured_media":26,"parent":1336,"menu_order":5,"comment_status":"closed","ping_status":"closed","template":"page-templates\/page-sidebar-left.php","meta":{"_acf_changed":false,"footnotes":""},"class_list":["post-1727","page","type-page","status-publish","has-post-thumbnail","hentry"],"acf":[],"yoast_head":"<!-- This site is optimized with the Yoast SEO plugin v24.9 - https:\/\/yoast.com\/wordpress\/plugins\/seo\/ -->\n<title>Valberedningen - STIFTSF\u00d6RENING Link\u00f6ping<\/title>\n<meta name=\"robots\" content=\"index, follow, max-snippet:-1, max-image-preview:large, max-video-preview:-1\" \/>\n<link rel=\"canonical\" href=\"https:\/\/www.posk.se\/linkopingsstift\/omoss\/valberedningen\/\" \/>\n<meta property=\"og:locale\" content=\"sv_SE\" \/>\n<meta property=\"og:type\" content=\"article\" \/>\n<meta property=\"og:title\" content=\"Valberedningen - STIFTSF\u00d6RENING Link\u00f6ping\" \/>\n<meta property=\"og:description\" content=\"Valberedningen best\u00e5r av ledam\u00f6ter, varav en \u00e4r sammankallande, valda p\u00e5 \u00e5rsm\u00f6tet. \u00c4r du intresserad av ett f\u00f6rtroendeuppdrag eller vet n\u00e5gon som skulle passa bra i till exempel styrelsen eller dylika andra uppdrag f\u00f6r POSK i Link\u00f6pings stift? S\u00e5 nominera g\u00e4rna d\u00e5 till: Lena Arman, Link\u00f6ping\u00a0(sammankallande) Greta Kaddik, Norrk\u00f6ping G\u00f6sta Johansson, Finsp\u00e5ng Leif Larsson, Mj\u00f6lby Eva-Marie [&hellip;]\" \/>\n<meta property=\"og:url\" content=\"https:\/\/www.posk.se\/linkopingsstift\/omoss\/valberedningen\/\" \/>\n<meta property=\"og:site_name\" content=\"STIFTSF\u00d6RENING Link\u00f6ping\" \/>\n<meta property=\"article:modified_time\" content=\"2026-03-15T23:32:47+00:00\" \/>\n<meta property=\"og:image\" content=\"https:\/\/www.posk.se\/linkopingsstift\/wp-content\/uploads\/sites\/61\/2016\/07\/water-lily-1442497_1920.jpg\" \/>\n\t<meta property=\"og:image:width\" content=\"1920\" \/>\n\t<meta property=\"og:image:height\" content=\"1245\" \/>\n\t<meta property=\"og:image:type\" content=\"image\/jpeg\" \/>\n<meta name=\"twitter:card\" content=\"summary_large_image\" \/>\n<meta name=\"twitter:label1\" content=\"Ber\u00e4knad l\u00e4stid\" \/>\n\t<meta name=\"twitter:data1\" content=\"1 minut\" \/>\n<script type=\"application\/ld+json\" class=\"yoast-schema-graph\">{\"@context\":\"https:\/\/schema.org\",\"@graph\":[{\"@type\":\"WebPage\",\"@id\":\"https:\/\/www.posk.se\/linkopingsstift\/omoss\/valberedningen\/\",\"url\":\"https:\/\/www.posk.se\/linkopingsstift\/omoss\/valberedningen\/\",\"name\":\"Valberedningen - STIFTSF\u00d6RENING Link\u00f6ping\",\"isPartOf\":{\"@id\":\"https:\/\/www.posk.se\/linkopingsstift\/#website\"},\"primaryImageOfPage\":{\"@id\":\"https:\/\/www.posk.se\/linkopingsstift\/omoss\/valberedningen\/#primaryimage\"},\"image\":{\"@id\":\"https:\/\/www.posk.se\/linkopingsstift\/omoss\/valberedningen\/#primaryimage\"},\"thumbnailUrl\":\"https:\/\/www.posk.se\/linkopingsstift\/wp-content\/uploads\/sites\/61\/2016\/07\/water-lily-1442497_1920.jpg\",\"datePublished\":\"2021-12-02T12:12:43+00:00\",\"dateModified\":\"2026-03-15T23:32:47+00:00\",\"breadcrumb\":{\"@id\":\"https:\/\/www.posk.se\/linkopingsstift\/omoss\/valberedningen\/#breadcrumb\"},\"inLanguage\":\"sv-SE\",\"potentialAction\":[{\"@type\":\"ReadAction\",\"target\":[\"https:\/\/www.posk.se\/linkopingsstift\/omoss\/valberedningen\/\"]}]},{\"@type\":\"ImageObject\",\"inLanguage\":\"sv-SE\",\"@id\":\"https:\/\/www.posk.se\/linkopingsstift\/omoss\/valberedningen\/#primaryimage\",\"url\":\"https:\/\/www.posk.se\/linkopingsstift\/wp-content\/uploads\/sites\/61\/2016\/07\/water-lily-1442497_1920.jpg\",\"contentUrl\":\"https:\/\/www.posk.se\/linkopingsstift\/wp-content\/uploads\/sites\/61\/2016\/07\/water-lily-1442497_1920.jpg\",\"width\":1920,\"height\":1245},{\"@type\":\"BreadcrumbList\",\"@id\":\"https:\/\/www.posk.se\/linkopingsstift\/omoss\/valberedningen\/#breadcrumb\",\"itemListElement\":[{\"@type\":\"ListItem\",\"position\":1,\"name\":\"Hem\",\"item\":\"https:\/\/www.posk.se\/linkopingsstift\/\"},{\"@type\":\"ListItem\",\"position\":2,\"name\":\"Om oss\",\"item\":\"https:\/\/www.posk.se\/linkopingsstift\/omoss\/\"},{\"@type\":\"ListItem\",\"position\":3,\"name\":\"Valberedningen\"}]},{\"@type\":\"WebSite\",\"@id\":\"https:\/\/www.posk.se\/linkopingsstift\/#website\",\"url\":\"https:\/\/www.posk.se\/linkopingsstift\/\",\"name\":\"STIFTSF\u00d6RENING Link\u00f6ping\",\"description\":\"Stiftsf\u00f6reningen f\u00f6r POSK i Link\u00f6pings stift\",\"potentialAction\":[{\"@type\":\"SearchAction\",\"target\":{\"@type\":\"EntryPoint\",\"urlTemplate\":\"https:\/\/www.posk.se\/linkopingsstift\/?s={search_term_string}\"},\"query-input\":{\"@type\":\"PropertyValueSpecification\",\"valueRequired\":true,\"valueName\":\"search_term_string\"}}],\"inLanguage\":\"sv-SE\"}]}<\/script>\n<!-- \/ Yoast SEO plugin. -->","yoast_head_json":{"title":"Valberedningen - STIFTSF\u00d6RENING Link\u00f6ping","robots":{"index":"index","follow":"follow","max-snippet":"max-snippet:-1","max-image-preview":"max-image-preview:large","max-video-preview":"max-video-preview:-1"},"canonical":"https:\/\/www.posk.se\/linkopingsstift\/omoss\/valberedningen\/","og_locale":"sv_SE","og_type":"article","og_title":"Valberedningen - STIFTSF\u00d6RENING Link\u00f6ping","og_description":"Valberedningen best\u00e5r av ledam\u00f6ter, varav en \u00e4r sammankallande, valda p\u00e5 \u00e5rsm\u00f6tet. \u00c4r du intresserad av ett f\u00f6rtroendeuppdrag eller vet n\u00e5gon som skulle passa bra i till exempel styrelsen eller dylika andra uppdrag f\u00f6r POSK i Link\u00f6pings stift? S\u00e5 nominera g\u00e4rna d\u00e5 till: Lena Arman, Link\u00f6ping\u00a0(sammankallande) Greta Kaddik, Norrk\u00f6ping G\u00f6sta Johansson, Finsp\u00e5ng Leif Larsson, Mj\u00f6lby Eva-Marie [&hellip;]","og_url":"https:\/\/www.posk.se\/linkopingsstift\/omoss\/valberedningen\/","og_site_name":"STIFTSF\u00d6RENING Link\u00f6ping","article_modified_time":"2026-03-15T23:32:47+00:00","og_image":[{"width":1920,"height":1245,"url":"https:\/\/www.posk.se\/linkopingsstift\/wp-content\/uploads\/sites\/61\/2016\/07\/water-lily-1442497_1920.jpg","type":"image\/jpeg"}],"twitter_card":"summary_large_image","twitter_misc":{"Ber\u00e4knad l\u00e4stid":"1 minut"},"schema":{"@context":"https:\/\/schema.org","@graph":[{"@type":"WebPage","@id":"https:\/\/www.posk.se\/linkopingsstift\/omoss\/valberedningen\/","url":"https:\/\/www.posk.se\/linkopingsstift\/omoss\/valberedningen\/","name":"Valberedningen - STIFTSF\u00d6RENING Link\u00f6ping","isPartOf":{"@id":"https:\/\/www.posk.se\/linkopingsstift\/#website"},"primaryImageOfPage":{"@id":"https:\/\/www.posk.se\/linkopingsstift\/omoss\/valberedningen\/#primaryimage"},"image":{"@id":"https:\/\/www.posk.se\/linkopingsstift\/omoss\/valberedningen\/#primaryimage"},"thumbnailUrl":"https:\/\/www.posk.se\/linkopingsstift\/wp-content\/uploads\/sites\/61\/2016\/07\/water-lily-1442497_1920.jpg","datePublished":"2021-12-02T12:12:43+00:00","dateModified":"2026-03-15T23:32:47+00:00","breadcrumb":{"@id":"https:\/\/www.posk.se\/linkopingsstift\/omoss\/valberedningen\/#breadcrumb"},"inLanguage":"sv-SE","potentialAction":[{"@type":"ReadAction","target":["https:\/\/www.posk.se\/linkopingsstift\/omoss\/valberedningen\/"]}]},{"@type":"ImageObject","inLanguage":"sv-SE","@id":"https:\/\/www.posk.se\/linkopingsstift\/omoss\/valberedningen\/#primaryimage","url":"https:\/\/www.posk.se\/linkopingsstift\/wp-content\/uploads\/sites\/61\/2016\/07\/water-lily-1442497_1920.jpg","contentUrl":"https:\/\/www.posk.se\/linkopingsstift\/wp-content\/uploads\/sites\/61\/2016\/07\/water-lily-1442497_1920.jpg","width":1920,"height":1245},{"@type":"BreadcrumbList","@id":"https:\/\/www.posk.se\/linkopingsstift\/omoss\/valberedningen\/#breadcrumb","itemListElement":[{"@type":"ListItem","position":1,"name":"Hem","item":"https:\/\/www.posk.se\/linkopingsstift\/"},{"@type":"ListItem","position":2,"name":"Om oss","item":"https:\/\/www.posk.se\/linkopingsstift\/omoss\/"},{"@type":"ListItem","position":3,"name":"Valberedningen"}]},{"@type":"WebSite","@id":"https:\/\/www.posk.se\/linkopingsstift\/#website","url":"https:\/\/www.posk.se\/linkopingsstift\/","name":"STIFTSF\u00d6RENING Link\u00f6ping","description":"Stiftsf\u00f6reningen f\u00f6r POSK i Link\u00f6pings stift","potentialAction":[{"@type":"SearchAction","target":{"@type":"EntryPoint","urlTemplate":"https:\/\/www.posk.se\/linkopingsstift\/?s={search_term_string}"},"query-input":{"@type":"PropertyValueSpecification","valueRequired":true,"valueName":"search_term_string"}}],"inLanguage":"sv-SE"}]}},"_links":{"self":[{"href":"https:\/\/www.posk.se\/linkopingsstift\/wp-json\/wp\/v2\/pages\/1727","targetHints":{"allow":["GET"]}}],"collection":[{"href":"https:\/\/www.posk.se\/linkopingsstift\/wp-json\/wp\/v2\/pages"}],"about":[{"href":"https:\/\/www.posk.se\/linkopingsstift\/wp-json\/wp\/v2\/types\/page"}],"author":[{"embeddable":true,"href":"https:\/\/www.posk.se\/linkopingsstift\/wp-json\/wp\/v2\/users\/104"}],"replies":[{"embeddable":true,"href":"https:\/\/www.posk.se\/linkopingsstift\/wp-json\/wp\/v2\/comments?post=1727"}],"version-history":[{"count":12,"href":"https:\/\/www.posk.se\/linkopingsstift\/wp-json\/wp\/v2\/pages\/1727\/revisions"}],"predecessor-version":[{"id":4006,"href":"https:\/\/www.posk.se\/linkopingsstift\/wp-json\/wp\/v2\/pages\/1727\/revisions\/4006"}],"up":[{"embeddable":true,"href":"https:\/\/www.posk.se\/linkopingsstift\/wp-json\/wp\/v2\/pages\/1336"}],"wp:featuredmedia":[{"embeddable":true,"href":"https:\/\/www.posk.se\/linkopingsstift\/wp-json\/wp\/v2\/media\/26"}],"wp:attachment":[{"href":"https:\/\/www.posk.se\/linkopingsstift\/wp-json\/wp\/v2\/media?parent=1727"}],"curies":[{"name":"wp","href":"https:\/\/api.w.org\/{rel}","templated":true}]}}