{"id":1171,"date":"2025-10-10T10:50:42","date_gmt":"2025-10-10T08:50:42","guid":{"rendered":"https:\/\/www.posk.se\/linkoping\/?page_id=1171"},"modified":"2026-01-22T21:41:41","modified_gmt":"2026-01-22T20:41:41","slug":"fortroendevalda-2026-2029","status":"publish","type":"page","link":"https:\/\/www.posk.se\/linkoping\/fortroendevalda-2026-2029\/","title":{"rendered":"F\u00f6rtroendevalda 2026-2029"},"content":{"rendered":"<p><b>Kyrkofullm\u00e4ktige<\/b><br \/>\n<em>Ordinarie ledam\u00f6ter<\/em><br \/>\nMargareta Engvall [<a href=\"https:\/\/www.posk.se\/linkoping\/kandidatpresentationer\/margareta-engvall\/\">&gt;<\/a>]<br \/>\nJohan Kihlberg [<a href=\"https:\/\/www.posk.se\/linkoping\/kandidatpresentationer\/johan-kihlberg\/\">&gt;<\/a>]<br \/>\nMalin Atterv\u00e5g<br \/>\nPer Jonsson<br \/>\nGunilla Bj\u00f6rnst\u00e5hl Magnusson [<a href=\"https:\/\/www.posk.se\/linkoping\/kandidatpresentationer\/gunilla-bjornstahl-magnusson\/\">&gt;<\/a>]<br \/>\nPer \u00c5kerstr\u00f6m [<a href=\"https:\/\/www.posk.se\/linkoping\/kandidatpresentationer\/per-akerstrom\/\">&gt;<\/a>]<br \/>\nCarin Ehrenkrona<br \/>\nG\u00f6ran Ericsson [<a href=\"https:\/\/www.posk.se\/linkoping\/kandidatpresentationer\/goran-ericsson\/\">&gt;<\/a>]<br \/>\nKarin Lundqvist<br \/>\nHenrik Lerner [<a href=\"https:\/\/www.posk.se\/linkoping\/kandidatpresentationer\/henrik-lerner\/\">&gt;<\/a>]<\/p>\n<p><em>Ers\u00e4ttare<\/em><br \/>\n1. Per Ingvarsson [<a href=\"https:\/\/www.posk.se\/linkoping\/kandidatpresentationer\/per-ingvarsson\/\">&gt;<\/a>]<br \/>\n2. Annette Gelotte [<a href=\"https:\/\/www.posk.se\/linkoping\/kandidatpresentationer\/annette-gelotte\/\">&gt;<\/a>]<br \/>\n3. Dan Hammarsten<br \/>\n4. Emma Colleen Moberg<br \/>\n5. Eva Hall<br \/>\n.<\/p>\n<p>K\u00e4lla: <a href=\"https:\/\/kyrkoval.svenskakyrkan.se\/Valresultat2025\/slutg\/Visning\/Resultat\/Forsamling.aspx?StiftID=3&amp;ValomradeId=20010&amp;ValtypId=7\" target=\"_blank\" rel=\"noopener\">Valresultat<\/a> (<em>kyrkoval.svenskakyrkan.se<\/em>)<\/p>\n<p><strong>Kyrkor\u00e5det i Link\u00f6pings domkyrkopastorat<\/strong><\/p>\n<p>I Kyrkor\u00e5det har POSK f\u00f6ljande representanter<br \/>\nMargareta Engvall, Ordf\u00f6rande<br \/>\nMalin Atterv\u00e5g, Ledamot<br \/>\nPer Jonsson, Ledamot<br \/>\nJohan Kihlberg, Ledamot<br \/>\nPer \u00c5kerstr\u00f6m, Ers\u00e4ttare<br \/>\nG\u00f6ran Ericsson, Ers\u00e4ttare<\/p>\n<p><strong>Stiftsfullm\u00e4ktige i Link\u00f6pings stift<\/strong><\/p>\n<p>I Stiftsfullm\u00e4ktige har POSK i Link\u00f6ping f\u00f6ljande representanter<br \/>\nPer-Eric Lindgren, Ledamot<br \/>\nLena Arman, Ledamot<br \/>\nJohannes Zeiler, Ledamot<br \/>\nPer \u00c5kerstr\u00f6m, Ers\u00e4ttare<br \/>\nHenrik Lerner, Ers\u00e4ttare<\/p>\n<p><strong>Stiftsstyrelsen i Link\u00f6pings stift<\/strong><\/p>\n<p>I Stiftsstyrelsen har POSK i Link\u00f6ping f\u00f6ljande representanter<br \/>\nPer-Eric Lindgren, 2:e vice ordf\u00f6rande<br \/>\nLena Arman, Ledamot<br \/>\nPer Ingvarsson, Ers\u00e4ttare<\/p>\n<p><strong>Kyrkom\u00f6tet<\/strong><\/p>\n<p>I kyrkom\u00f6tet \u00e4r POSK i Link\u00f6ping representerat genom<br \/>\nPer-Eric Lindgren<\/p>\n","protected":false},"excerpt":{"rendered":"<p>Kyrkofullm\u00e4ktige Ordinarie ledam\u00f6ter Margareta Engvall [&gt;] Johan Kihlberg [&gt;] Malin Atterv\u00e5g Per Jonsson Gunilla Bj\u00f6rnst\u00e5hl Magnusson [&gt;] Per \u00c5kerstr\u00f6m [&gt;] Carin Ehrenkrona G\u00f6ran Ericsson [&gt;] Karin Lundqvist Henrik Lerner [&gt;] Ers\u00e4ttare 1. Per Ingvarsson [&gt;] 2. Annette Gelotte [&gt;] 3. Dan Hammarsten 4. Emma Colleen Moberg 5. Eva Hall . K\u00e4lla: Valresultat (kyrkoval.svenskakyrkan.se) Kyrkor\u00e5det i [&hellip;]<\/p>\n","protected":false},"author":104,"featured_media":1090,"parent":0,"menu_order":1,"comment_status":"closed","ping_status":"closed","template":"page-templates\/page-sidebar-left.php","meta":{"_acf_changed":false,"footnotes":""},"class_list":["post-1171","page","type-page","status-publish","has-post-thumbnail","hentry"],"acf":[],"yoast_head":"<!-- This site is optimized with the Yoast SEO plugin v24.9 - https:\/\/yoast.com\/wordpress\/plugins\/seo\/ -->\n<title>F\u00f6rtroendevalda 2026-2029 - Link\u00f6ping<\/title>\n<meta name=\"robots\" content=\"index, follow, max-snippet:-1, max-image-preview:large, max-video-preview:-1\" \/>\n<link rel=\"canonical\" href=\"https:\/\/www.posk.se\/linkoping\/fortroendevalda-2026-2029\/\" \/>\n<meta property=\"og:locale\" content=\"sv_SE\" \/>\n<meta property=\"og:type\" content=\"article\" \/>\n<meta property=\"og:title\" content=\"F\u00f6rtroendevalda 2026-2029 - Link\u00f6ping\" \/>\n<meta property=\"og:description\" content=\"Kyrkofullm\u00e4ktige Ordinarie ledam\u00f6ter Margareta Engvall [&gt;] Johan Kihlberg [&gt;] Malin Atterv\u00e5g Per Jonsson Gunilla Bj\u00f6rnst\u00e5hl Magnusson [&gt;] Per \u00c5kerstr\u00f6m [&gt;] Carin Ehrenkrona G\u00f6ran Ericsson [&gt;] Karin Lundqvist Henrik Lerner [&gt;] Ers\u00e4ttare 1. Per Ingvarsson [&gt;] 2. Annette Gelotte [&gt;] 3. Dan Hammarsten 4. Emma Colleen Moberg 5. Eva Hall . K\u00e4lla: Valresultat (kyrkoval.svenskakyrkan.se) Kyrkor\u00e5det i [&hellip;]\" \/>\n<meta property=\"og:url\" content=\"https:\/\/www.posk.se\/linkoping\/fortroendevalda-2026-2029\/\" \/>\n<meta property=\"og:site_name\" content=\"Link\u00f6ping\" \/>\n<meta property=\"article:modified_time\" content=\"2026-01-22T20:41:41+00:00\" \/>\n<meta property=\"og:image\" content=\"https:\/\/www.posk.se\/linkoping\/wp-content\/uploads\/sites\/225\/2025\/08\/img-8886-1-e1755200675971.jpeg\" \/>\n\t<meta property=\"og:image:width\" content=\"1106\" \/>\n\t<meta property=\"og:image:height\" content=\"452\" \/>\n\t<meta property=\"og:image:type\" content=\"image\/jpeg\" \/>\n<meta name=\"twitter:card\" content=\"summary_large_image\" \/>\n<meta name=\"twitter:label1\" content=\"Ber\u00e4knad l\u00e4stid\" \/>\n\t<meta name=\"twitter:data1\" content=\"1 minut\" \/>\n<script type=\"application\/ld+json\" class=\"yoast-schema-graph\">{\"@context\":\"https:\/\/schema.org\",\"@graph\":[{\"@type\":\"WebPage\",\"@id\":\"https:\/\/www.posk.se\/linkoping\/fortroendevalda-2026-2029\/\",\"url\":\"https:\/\/www.posk.se\/linkoping\/fortroendevalda-2026-2029\/\",\"name\":\"F\u00f6rtroendevalda 2026-2029 - Link\u00f6ping\",\"isPartOf\":{\"@id\":\"https:\/\/www.posk.se\/linkoping\/#website\"},\"primaryImageOfPage\":{\"@id\":\"https:\/\/www.posk.se\/linkoping\/fortroendevalda-2026-2029\/#primaryimage\"},\"image\":{\"@id\":\"https:\/\/www.posk.se\/linkoping\/fortroendevalda-2026-2029\/#primaryimage\"},\"thumbnailUrl\":\"https:\/\/www.posk.se\/linkoping\/wp-content\/uploads\/sites\/225\/2025\/08\/img-8886-1-e1755200675971.jpeg\",\"datePublished\":\"2025-10-10T08:50:42+00:00\",\"dateModified\":\"2026-01-22T20:41:41+00:00\",\"breadcrumb\":{\"@id\":\"https:\/\/www.posk.se\/linkoping\/fortroendevalda-2026-2029\/#breadcrumb\"},\"inLanguage\":\"sv-SE\",\"potentialAction\":[{\"@type\":\"ReadAction\",\"target\":[\"https:\/\/www.posk.se\/linkoping\/fortroendevalda-2026-2029\/\"]}]},{\"@type\":\"ImageObject\",\"inLanguage\":\"sv-SE\",\"@id\":\"https:\/\/www.posk.se\/linkoping\/fortroendevalda-2026-2029\/#primaryimage\",\"url\":\"https:\/\/www.posk.se\/linkoping\/wp-content\/uploads\/sites\/225\/2025\/08\/img-8886-1-e1755200675971.jpeg\",\"contentUrl\":\"https:\/\/www.posk.se\/linkoping\/wp-content\/uploads\/sites\/225\/2025\/08\/img-8886-1-e1755200675971.jpeg\",\"width\":1106,\"height\":452},{\"@type\":\"BreadcrumbList\",\"@id\":\"https:\/\/www.posk.se\/linkoping\/fortroendevalda-2026-2029\/#breadcrumb\",\"itemListElement\":[{\"@type\":\"ListItem\",\"position\":1,\"name\":\"Hem\",\"item\":\"https:\/\/www.posk.se\/linkoping\/\"},{\"@type\":\"ListItem\",\"position\":2,\"name\":\"F\u00f6rtroendevalda 2026-2029\"}]},{\"@type\":\"WebSite\",\"@id\":\"https:\/\/www.posk.se\/linkoping\/#website\",\"url\":\"https:\/\/www.posk.se\/linkoping\/\",\"name\":\"Link\u00f6ping\",\"description\":\"POSK-f\u00f6rening i Link\u00f6pings stift\",\"potentialAction\":[{\"@type\":\"SearchAction\",\"target\":{\"@type\":\"EntryPoint\",\"urlTemplate\":\"https:\/\/www.posk.se\/linkoping\/?s={search_term_string}\"},\"query-input\":{\"@type\":\"PropertyValueSpecification\",\"valueRequired\":true,\"valueName\":\"search_term_string\"}}],\"inLanguage\":\"sv-SE\"}]}<\/script>\n<!-- \/ Yoast SEO plugin. -->","yoast_head_json":{"title":"F\u00f6rtroendevalda 2026-2029 - Link\u00f6ping","robots":{"index":"index","follow":"follow","max-snippet":"max-snippet:-1","max-image-preview":"max-image-preview:large","max-video-preview":"max-video-preview:-1"},"canonical":"https:\/\/www.posk.se\/linkoping\/fortroendevalda-2026-2029\/","og_locale":"sv_SE","og_type":"article","og_title":"F\u00f6rtroendevalda 2026-2029 - Link\u00f6ping","og_description":"Kyrkofullm\u00e4ktige Ordinarie ledam\u00f6ter Margareta Engvall [&gt;] Johan Kihlberg [&gt;] Malin Atterv\u00e5g Per Jonsson Gunilla Bj\u00f6rnst\u00e5hl Magnusson [&gt;] Per \u00c5kerstr\u00f6m [&gt;] Carin Ehrenkrona G\u00f6ran Ericsson [&gt;] Karin Lundqvist Henrik Lerner [&gt;] Ers\u00e4ttare 1. Per Ingvarsson [&gt;] 2. Annette Gelotte [&gt;] 3. Dan Hammarsten 4. Emma Colleen Moberg 5. Eva Hall . K\u00e4lla: Valresultat (kyrkoval.svenskakyrkan.se) Kyrkor\u00e5det i [&hellip;]","og_url":"https:\/\/www.posk.se\/linkoping\/fortroendevalda-2026-2029\/","og_site_name":"Link\u00f6ping","article_modified_time":"2026-01-22T20:41:41+00:00","og_image":[{"width":1106,"height":452,"url":"https:\/\/www.posk.se\/linkoping\/wp-content\/uploads\/sites\/225\/2025\/08\/img-8886-1-e1755200675971.jpeg","type":"image\/jpeg"}],"twitter_card":"summary_large_image","twitter_misc":{"Ber\u00e4knad l\u00e4stid":"1 minut"},"schema":{"@context":"https:\/\/schema.org","@graph":[{"@type":"WebPage","@id":"https:\/\/www.posk.se\/linkoping\/fortroendevalda-2026-2029\/","url":"https:\/\/www.posk.se\/linkoping\/fortroendevalda-2026-2029\/","name":"F\u00f6rtroendevalda 2026-2029 - Link\u00f6ping","isPartOf":{"@id":"https:\/\/www.posk.se\/linkoping\/#website"},"primaryImageOfPage":{"@id":"https:\/\/www.posk.se\/linkoping\/fortroendevalda-2026-2029\/#primaryimage"},"image":{"@id":"https:\/\/www.posk.se\/linkoping\/fortroendevalda-2026-2029\/#primaryimage"},"thumbnailUrl":"https:\/\/www.posk.se\/linkoping\/wp-content\/uploads\/sites\/225\/2025\/08\/img-8886-1-e1755200675971.jpeg","datePublished":"2025-10-10T08:50:42+00:00","dateModified":"2026-01-22T20:41:41+00:00","breadcrumb":{"@id":"https:\/\/www.posk.se\/linkoping\/fortroendevalda-2026-2029\/#breadcrumb"},"inLanguage":"sv-SE","potentialAction":[{"@type":"ReadAction","target":["https:\/\/www.posk.se\/linkoping\/fortroendevalda-2026-2029\/"]}]},{"@type":"ImageObject","inLanguage":"sv-SE","@id":"https:\/\/www.posk.se\/linkoping\/fortroendevalda-2026-2029\/#primaryimage","url":"https:\/\/www.posk.se\/linkoping\/wp-content\/uploads\/sites\/225\/2025\/08\/img-8886-1-e1755200675971.jpeg","contentUrl":"https:\/\/www.posk.se\/linkoping\/wp-content\/uploads\/sites\/225\/2025\/08\/img-8886-1-e1755200675971.jpeg","width":1106,"height":452},{"@type":"BreadcrumbList","@id":"https:\/\/www.posk.se\/linkoping\/fortroendevalda-2026-2029\/#breadcrumb","itemListElement":[{"@type":"ListItem","position":1,"name":"Hem","item":"https:\/\/www.posk.se\/linkoping\/"},{"@type":"ListItem","position":2,"name":"F\u00f6rtroendevalda 2026-2029"}]},{"@type":"WebSite","@id":"https:\/\/www.posk.se\/linkoping\/#website","url":"https:\/\/www.posk.se\/linkoping\/","name":"Link\u00f6ping","description":"POSK-f\u00f6rening i Link\u00f6pings stift","potentialAction":[{"@type":"SearchAction","target":{"@type":"EntryPoint","urlTemplate":"https:\/\/www.posk.se\/linkoping\/?s={search_term_string}"},"query-input":{"@type":"PropertyValueSpecification","valueRequired":true,"valueName":"search_term_string"}}],"inLanguage":"sv-SE"}]}},"_links":{"self":[{"href":"https:\/\/www.posk.se\/linkoping\/wp-json\/wp\/v2\/pages\/1171","targetHints":{"allow":["GET"]}}],"collection":[{"href":"https:\/\/www.posk.se\/linkoping\/wp-json\/wp\/v2\/pages"}],"about":[{"href":"https:\/\/www.posk.se\/linkoping\/wp-json\/wp\/v2\/types\/page"}],"author":[{"embeddable":true,"href":"https:\/\/www.posk.se\/linkoping\/wp-json\/wp\/v2\/users\/104"}],"replies":[{"embeddable":true,"href":"https:\/\/www.posk.se\/linkoping\/wp-json\/wp\/v2\/comments?post=1171"}],"version-history":[{"count":35,"href":"https:\/\/www.posk.se\/linkoping\/wp-json\/wp\/v2\/pages\/1171\/revisions"}],"predecessor-version":[{"id":1223,"href":"https:\/\/www.posk.se\/linkoping\/wp-json\/wp\/v2\/pages\/1171\/revisions\/1223"}],"wp:featuredmedia":[{"embeddable":true,"href":"https:\/\/www.posk.se\/linkoping\/wp-json\/wp\/v2\/media\/1090"}],"wp:attachment":[{"href":"https:\/\/www.posk.se\/linkoping\/wp-json\/wp\/v2\/media?parent=1171"}],"curies":[{"name":"wp","href":"https:\/\/api.w.org\/{rel}","templated":true}]}}