{"id":87,"date":"2025-08-19T14:36:33","date_gmt":"2025-08-19T12:36:33","guid":{"rendered":"https:\/\/www.posk.se\/lidingo\/?page_id=87"},"modified":"2025-08-19T14:37:56","modified_gmt":"2025-08-19T12:37:56","slug":"resultat","status":"publish","type":"page","link":"https:\/\/www.posk.se\/lidingo\/resultat\/","title":{"rendered":"Resultat"},"content":{"rendered":"<p><strong>September<\/strong> 2021 gick POSK (Partipolitiskt obundna i Svenska kyrkan) fr\u00e5n 0 till 22 % i kyrkovalet i Liding\u00f6 f\u00f6rsamling. Som en f\u00f6ljd av detta klev m\u00e5nga av oss fr\u00e5n POSK in som f\u00f6rtroendevalda i Liding\u00f6 f\u00f6rsamling, bland annat i kyrkor\u00e5det (f\u00f6rsamlingens styrelse). Vi gick in med en tydlig f\u00f6r\u00e4ndringsagenda \u2013 vi ville p\u00e5verka f\u00f6rsamlingen positivt och g\u00f6ra den \u00e4nnu b\u00e4ttre. Vad har \u00e5stadkommits kan man undra?<\/p>\n<p><strong>Jo<\/strong>,<br \/>\nNumera har vi fler medarbetare som arbetar ute p\u00e5 golvet, fler pr\u00e4ster, musiker, pedagoger j\u00e4mf\u00f6rt med tidigare. Det g\u00f6r att vi kan b\u00e5de h\u00f6ja ambitionsniv\u00e5n i v\u00e5r redan existerande verksamhet likv\u00e4l som vi kan erbjuda v\u00e5ra f\u00f6rsamlingsbor \u00e4nnu mer verksamhet. Tidigare fanns en viss tvekan kring att ta p\u00e5 sig fackliga uppdrag, men idag har vi en engagerad arbetsmilj\u00f6grupp med 8 medarbetare.<\/p>\n<p>F\u00f6rsamlingssalen i Breviks kyrka har renoverats och nya ljudanl\u00e4ggningar har installerats i s\u00e5v\u00e4l Liding\u00f6 kyrka som Breviks kyrka. Inom milj\u00f6arbetet har vi g\u00e5tt fr\u00e5n ord till handling, 200-tals solpaneler sitter numera p\u00e5 flera av v\u00e5ra byggnader. Vi har uppgraderat fr\u00e5n direktverkande el till bergv\u00e4rme p\u00e5 Gr\u00f6nsta pr\u00e4stg\u00e5rd f\u00f6r att n\u00e4mna n\u00e5gra exempel.<\/p>\n<p><strong>POSK<\/strong> har varit p\u00e5drivande f\u00f6r att s\u00e4kerst\u00e4lla att Liding\u00f6 f\u00f6rsamling har kunnat f\u00f6rdjupat det ekumeniska samarbetet med Ansgarskyrkan i Liding\u00f6 centrum, vilket bland annat har m\u00f6jliggjort fler barnk\u00f6rer centralt i Liding\u00f6 centrum. \u00a0Forts\u00e4ttningsvis har vi genom att kraftigt ut\u00f6kat antalet konfirmationsalternativ och platser s\u00e4kerst\u00e4llt att alla som vill konfirmera sig f\u00e5r g\u00f6ra det. Vi har genom budgetarbetet gjort en s\u00e4rskild miljonsatsning p\u00e5 konfirmations- och ungdomsarbetet.<\/p>\n<p>Gr\u00f6nsta pr\u00e4stg\u00e5rd har genomg\u00e5tt en omfattande renovering och f\u00e5tt nytt liv. D\u00e4r f\u00f6rs\u00e4ljningshot en g\u00e5ng vilade, m\u00f6ts nu ungdomar i samtal, k\u00f6rer i s\u00e5ng, barnfamiljer i lek och f\u00f6rsamlingsbor i gemenskap vid dopkaffe och minnesstunder. En plats f\u00f6r b\u00e5de vardag och h\u00f6gtid, till gagn f\u00f6r hela f\u00f6rsamlingen.<\/p>\n<p>Vidare har vi valt att samla ekonomiadministrationen hos ekonomiservice vid Uppsala stift, vilket har bidragit till en effektivare hantering av exempelvis kvitton och redovisning samt frigjort tid f\u00f6r k\u00e4rnverksamhet. Samtidigt har vi fortfarande Sveriges l\u00e4gsta kyrkoavgift, inga l\u00e5n och en mycket god likviditet och finansiell stabilitet.<\/p>\n<p>Sammantaget har vi uppn\u00e5tt 87 % av v\u00e5ra vall\u00f6ften fr\u00e5n kyrkovalet 2021. F\u00f6r den nyfikne finns fullst\u00e4ndig redovisning att ta del av <em><a href=\"https:\/\/www.posk.se\/lidingo\/wp-content\/uploads\/sites\/270\/2025\/04\/redovisning-valloften-fran-kyrkovalet-2021-posklidingo.pdf\">via denna l\u00e4nk<\/a><\/em>.<\/p>\n<hr \/>\n<p>&nbsp;<\/p>\n<p>Avslutningsvis vill jag \u00e5terigen genuint fr\u00e5n botten av mitt hj\u00e4rta tacka alla de som r\u00f6stade p\u00e5 POSK i kyrkovalet 2021 \u2013 och som gjort detta m\u00f6jligt.<\/p>\n<p><em>Axel G\u00f6thberg, sammankallande f\u00f6r Partipolitiskt obundna i Svenska kyrkan, Liding\u00f6 f\u00f6rsamling<\/em><\/p>\n<p>Ljuskronan p\u00e5 renoverade Gr\u00f6nsta pr\u00e4stg\u00e5rd.<img loading=\"lazy\" decoding=\"async\" class=\"alignnone size-full wp-image-89\" src=\"https:\/\/www.posk.se\/lidingo\/wp-content\/uploads\/sites\/270\/2025\/08\/gronstaljuskrona-scaled.jpg\" alt=\"\" width=\"1920\" height=\"2560\" srcset=\"https:\/\/www.posk.se\/lidingo\/wp-content\/uploads\/sites\/270\/2025\/08\/gronstaljuskrona-scaled.jpg 1920w, https:\/\/www.posk.se\/lidingo\/wp-content\/uploads\/sites\/270\/2025\/08\/gronstaljuskrona-225x300.jpg 225w, https:\/\/www.posk.se\/lidingo\/wp-content\/uploads\/sites\/270\/2025\/08\/gronstaljuskrona-768x1024.jpg 768w, https:\/\/www.posk.se\/lidingo\/wp-content\/uploads\/sites\/270\/2025\/08\/gronstaljuskrona-1152x1536.jpg 1152w, https:\/\/www.posk.se\/lidingo\/wp-content\/uploads\/sites\/270\/2025\/08\/gronstaljuskrona-1536x2048.jpg 1536w, https:\/\/www.posk.se\/lidingo\/wp-content\/uploads\/sites\/270\/2025\/08\/gronstaljuskrona-330x440.jpg 330w\" sizes=\"auto, (max-width: 1920px) 100vw, 1920px\" \/><\/p>\n<p><img loading=\"lazy\" decoding=\"async\" class=\"alignnone size-full wp-image-88\" src=\"https:\/\/www.posk.se\/lidingo\/wp-content\/uploads\/sites\/270\/2025\/08\/gronstadukning.jpg\" alt=\"\" width=\"1242\" height=\"2208\" srcset=\"https:\/\/www.posk.se\/lidingo\/wp-content\/uploads\/sites\/270\/2025\/08\/gronstadukning.jpg 1242w, https:\/\/www.posk.se\/lidingo\/wp-content\/uploads\/sites\/270\/2025\/08\/gronstadukning-169x300.jpg 169w, https:\/\/www.posk.se\/lidingo\/wp-content\/uploads\/sites\/270\/2025\/08\/gronstadukning-576x1024.jpg 576w, https:\/\/www.posk.se\/lidingo\/wp-content\/uploads\/sites\/270\/2025\/08\/gronstadukning-768x1365.jpg 768w, https:\/\/www.posk.se\/lidingo\/wp-content\/uploads\/sites\/270\/2025\/08\/gronstadukning-864x1536.jpg 864w, https:\/\/www.posk.se\/lidingo\/wp-content\/uploads\/sites\/270\/2025\/08\/gronstadukning-1152x2048.jpg 1152w, https:\/\/www.posk.se\/lidingo\/wp-content\/uploads\/sites\/270\/2025\/08\/gronstadukning-281x500.jpg 281w\" sizes=\"auto, (max-width: 1242px) 100vw, 1242px\" \/><\/p>\n<p>I bilden ser man delar av huvudrummet av Gr\u00f6nsta pr\u00e4stg\u00e5rd.<\/p>\n<p>H\u00e4r nedan, en l\u00e5t om Gr\u00f6nsta pr\u00e4stg\u00e5rd:<\/p>\n<!--[if lt IE 9]><script>document.createElement('audio');<\/script><![endif]-->\n<audio class=\"wp-audio-shortcode\" id=\"audio-87-1\" preload=\"none\" style=\"width: 100%;\" controls=\"controls\"><source type=\"audio\/mpeg\" src=\"https:\/\/www.posk.se\/lidingo\/wp-content\/uploads\/sites\/270\/2025\/08\/gronsta-prastgard-2.m4a?_=1\" \/><a href=\"https:\/\/www.posk.se\/lidingo\/wp-content\/uploads\/sites\/270\/2025\/08\/gronsta-prastgard-2.m4a\">https:\/\/www.posk.se\/lidingo\/wp-content\/uploads\/sites\/270\/2025\/08\/gronsta-prastgard-2.m4a<\/a><\/audio>\n","protected":false},"excerpt":{"rendered":"<p>September 2021 gick POSK (Partipolitiskt obundna i Svenska kyrkan) fr\u00e5n 0 till 22 % i kyrkovalet i Liding\u00f6 f\u00f6rsamling. Som en f\u00f6ljd av detta klev m\u00e5nga av oss fr\u00e5n POSK in som f\u00f6rtroendevalda i Liding\u00f6 f\u00f6rsamling, bland annat i kyrkor\u00e5det (f\u00f6rsamlingens styrelse). Vi gick in med en tydlig f\u00f6r\u00e4ndringsagenda \u2013 vi ville p\u00e5verka f\u00f6rsamlingen positivt [&hellip;]<\/p>\n","protected":false},"author":1405,"featured_media":0,"parent":0,"menu_order":0,"comment_status":"closed","ping_status":"closed","template":"page-templates\/page-sidebar-left.php","meta":{"_acf_changed":false,"footnotes":""},"class_list":["post-87","page","type-page","status-publish","hentry"],"acf":[],"yoast_head":"<!-- This site is optimized with the Yoast SEO plugin v24.9 - https:\/\/yoast.com\/wordpress\/plugins\/seo\/ -->\n<title>Resultat - Liding\u00f6<\/title>\n<meta name=\"description\" content=\"\u201dPOSK Liding\u00f6 \u2013 tillsammans har vi gjort skillnad. Fr\u00e5n fler pr\u00e4ster och barnk\u00f6rer till solpaneler och gemenskap p\u00e5 Gr\u00f6nsta. Se vad vi \u00e5stadkommit\" \/>\n<meta name=\"robots\" content=\"index, follow, max-snippet:-1, max-image-preview:large, max-video-preview:-1\" \/>\n<link rel=\"canonical\" href=\"https:\/\/www.posk.se\/lidingo\/resultat\/\" \/>\n<meta property=\"og:locale\" content=\"sv_SE\" \/>\n<meta property=\"og:type\" content=\"article\" \/>\n<meta property=\"og:title\" content=\"Resultat - Liding\u00f6\" \/>\n<meta property=\"og:description\" content=\"\u201dPOSK Liding\u00f6 \u2013 tillsammans har vi gjort skillnad. Fr\u00e5n fler pr\u00e4ster och barnk\u00f6rer till solpaneler och gemenskap p\u00e5 Gr\u00f6nsta. Se vad vi \u00e5stadkommit\" \/>\n<meta property=\"og:url\" content=\"https:\/\/www.posk.se\/lidingo\/resultat\/\" \/>\n<meta property=\"og:site_name\" content=\"Liding\u00f6\" \/>\n<meta property=\"article:modified_time\" content=\"2025-08-19T12:37:56+00:00\" \/>\n<meta property=\"og:image\" content=\"https:\/\/www.posk.se\/lidingo\/wp-content\/uploads\/sites\/270\/2025\/08\/gronstaljuskrona-scaled.jpg\" \/>\n\t<meta property=\"og:image:width\" content=\"1920\" \/>\n\t<meta property=\"og:image:height\" content=\"2560\" \/>\n\t<meta property=\"og:image:type\" content=\"image\/jpeg\" \/>\n<meta name=\"twitter:card\" content=\"summary_large_image\" \/>\n<meta name=\"twitter:label1\" content=\"Ber\u00e4knad l\u00e4stid\" \/>\n\t<meta name=\"twitter:data1\" content=\"3 minuter\" \/>\n<script type=\"application\/ld+json\" class=\"yoast-schema-graph\">{\"@context\":\"https:\/\/schema.org\",\"@graph\":[{\"@type\":\"WebPage\",\"@id\":\"https:\/\/www.posk.se\/lidingo\/resultat\/\",\"url\":\"https:\/\/www.posk.se\/lidingo\/resultat\/\",\"name\":\"Resultat - Liding\u00f6\",\"isPartOf\":{\"@id\":\"https:\/\/www.posk.se\/lidingo\/#website\"},\"primaryImageOfPage\":{\"@id\":\"https:\/\/www.posk.se\/lidingo\/resultat\/#primaryimage\"},\"image\":{\"@id\":\"https:\/\/www.posk.se\/lidingo\/resultat\/#primaryimage\"},\"thumbnailUrl\":\"https:\/\/www.posk.se\/lidingo\/wp-content\/uploads\/sites\/270\/2025\/08\/gronstaljuskrona-scaled.jpg\",\"datePublished\":\"2025-08-19T12:36:33+00:00\",\"dateModified\":\"2025-08-19T12:37:56+00:00\",\"description\":\"\u201dPOSK Liding\u00f6 \u2013 tillsammans har vi gjort skillnad. Fr\u00e5n fler pr\u00e4ster och barnk\u00f6rer till solpaneler och gemenskap p\u00e5 Gr\u00f6nsta. Se vad vi \u00e5stadkommit\",\"breadcrumb\":{\"@id\":\"https:\/\/www.posk.se\/lidingo\/resultat\/#breadcrumb\"},\"inLanguage\":\"sv-SE\",\"potentialAction\":[{\"@type\":\"ReadAction\",\"target\":[\"https:\/\/www.posk.se\/lidingo\/resultat\/\"]}]},{\"@type\":\"ImageObject\",\"inLanguage\":\"sv-SE\",\"@id\":\"https:\/\/www.posk.se\/lidingo\/resultat\/#primaryimage\",\"url\":\"https:\/\/www.posk.se\/lidingo\/wp-content\/uploads\/sites\/270\/2025\/08\/gronstaljuskrona-scaled.jpg\",\"contentUrl\":\"https:\/\/www.posk.se\/lidingo\/wp-content\/uploads\/sites\/270\/2025\/08\/gronstaljuskrona-scaled.jpg\",\"width\":1920,\"height\":2560},{\"@type\":\"BreadcrumbList\",\"@id\":\"https:\/\/www.posk.se\/lidingo\/resultat\/#breadcrumb\",\"itemListElement\":[{\"@type\":\"ListItem\",\"position\":1,\"name\":\"Hem\",\"item\":\"https:\/\/www.posk.se\/lidingo\/\"},{\"@type\":\"ListItem\",\"position\":2,\"name\":\"Resultat\"}]},{\"@type\":\"WebSite\",\"@id\":\"https:\/\/www.posk.se\/lidingo\/#website\",\"url\":\"https:\/\/www.posk.se\/lidingo\/\",\"name\":\"Liding\u00f6\",\"description\":\"POSK-grupp i Stockholms stift\",\"potentialAction\":[{\"@type\":\"SearchAction\",\"target\":{\"@type\":\"EntryPoint\",\"urlTemplate\":\"https:\/\/www.posk.se\/lidingo\/?s={search_term_string}\"},\"query-input\":{\"@type\":\"PropertyValueSpecification\",\"valueRequired\":true,\"valueName\":\"search_term_string\"}}],\"inLanguage\":\"sv-SE\"}]}<\/script>\n<!-- \/ Yoast SEO plugin. -->","yoast_head_json":{"title":"Resultat - Liding\u00f6","description":"\u201dPOSK Liding\u00f6 \u2013 tillsammans har vi gjort skillnad. Fr\u00e5n fler pr\u00e4ster och barnk\u00f6rer till solpaneler och gemenskap p\u00e5 Gr\u00f6nsta. Se vad vi \u00e5stadkommit","robots":{"index":"index","follow":"follow","max-snippet":"max-snippet:-1","max-image-preview":"max-image-preview:large","max-video-preview":"max-video-preview:-1"},"canonical":"https:\/\/www.posk.se\/lidingo\/resultat\/","og_locale":"sv_SE","og_type":"article","og_title":"Resultat - Liding\u00f6","og_description":"\u201dPOSK Liding\u00f6 \u2013 tillsammans har vi gjort skillnad. Fr\u00e5n fler pr\u00e4ster och barnk\u00f6rer till solpaneler och gemenskap p\u00e5 Gr\u00f6nsta. Se vad vi \u00e5stadkommit","og_url":"https:\/\/www.posk.se\/lidingo\/resultat\/","og_site_name":"Liding\u00f6","article_modified_time":"2025-08-19T12:37:56+00:00","og_image":[{"width":1920,"height":2560,"url":"https:\/\/www.posk.se\/lidingo\/wp-content\/uploads\/sites\/270\/2025\/08\/gronstaljuskrona-scaled.jpg","type":"image\/jpeg"}],"twitter_card":"summary_large_image","twitter_misc":{"Ber\u00e4knad l\u00e4stid":"3 minuter"},"schema":{"@context":"https:\/\/schema.org","@graph":[{"@type":"WebPage","@id":"https:\/\/www.posk.se\/lidingo\/resultat\/","url":"https:\/\/www.posk.se\/lidingo\/resultat\/","name":"Resultat - Liding\u00f6","isPartOf":{"@id":"https:\/\/www.posk.se\/lidingo\/#website"},"primaryImageOfPage":{"@id":"https:\/\/www.posk.se\/lidingo\/resultat\/#primaryimage"},"image":{"@id":"https:\/\/www.posk.se\/lidingo\/resultat\/#primaryimage"},"thumbnailUrl":"https:\/\/www.posk.se\/lidingo\/wp-content\/uploads\/sites\/270\/2025\/08\/gronstaljuskrona-scaled.jpg","datePublished":"2025-08-19T12:36:33+00:00","dateModified":"2025-08-19T12:37:56+00:00","description":"\u201dPOSK Liding\u00f6 \u2013 tillsammans har vi gjort skillnad. Fr\u00e5n fler pr\u00e4ster och barnk\u00f6rer till solpaneler och gemenskap p\u00e5 Gr\u00f6nsta. Se vad vi \u00e5stadkommit","breadcrumb":{"@id":"https:\/\/www.posk.se\/lidingo\/resultat\/#breadcrumb"},"inLanguage":"sv-SE","potentialAction":[{"@type":"ReadAction","target":["https:\/\/www.posk.se\/lidingo\/resultat\/"]}]},{"@type":"ImageObject","inLanguage":"sv-SE","@id":"https:\/\/www.posk.se\/lidingo\/resultat\/#primaryimage","url":"https:\/\/www.posk.se\/lidingo\/wp-content\/uploads\/sites\/270\/2025\/08\/gronstaljuskrona-scaled.jpg","contentUrl":"https:\/\/www.posk.se\/lidingo\/wp-content\/uploads\/sites\/270\/2025\/08\/gronstaljuskrona-scaled.jpg","width":1920,"height":2560},{"@type":"BreadcrumbList","@id":"https:\/\/www.posk.se\/lidingo\/resultat\/#breadcrumb","itemListElement":[{"@type":"ListItem","position":1,"name":"Hem","item":"https:\/\/www.posk.se\/lidingo\/"},{"@type":"ListItem","position":2,"name":"Resultat"}]},{"@type":"WebSite","@id":"https:\/\/www.posk.se\/lidingo\/#website","url":"https:\/\/www.posk.se\/lidingo\/","name":"Liding\u00f6","description":"POSK-grupp i Stockholms stift","potentialAction":[{"@type":"SearchAction","target":{"@type":"EntryPoint","urlTemplate":"https:\/\/www.posk.se\/lidingo\/?s={search_term_string}"},"query-input":{"@type":"PropertyValueSpecification","valueRequired":true,"valueName":"search_term_string"}}],"inLanguage":"sv-SE"}]}},"_links":{"self":[{"href":"https:\/\/www.posk.se\/lidingo\/wp-json\/wp\/v2\/pages\/87","targetHints":{"allow":["GET"]}}],"collection":[{"href":"https:\/\/www.posk.se\/lidingo\/wp-json\/wp\/v2\/pages"}],"about":[{"href":"https:\/\/www.posk.se\/lidingo\/wp-json\/wp\/v2\/types\/page"}],"author":[{"embeddable":true,"href":"https:\/\/www.posk.se\/lidingo\/wp-json\/wp\/v2\/users\/1405"}],"replies":[{"embeddable":true,"href":"https:\/\/www.posk.se\/lidingo\/wp-json\/wp\/v2\/comments?post=87"}],"version-history":[{"count":4,"href":"https:\/\/www.posk.se\/lidingo\/wp-json\/wp\/v2\/pages\/87\/revisions"}],"predecessor-version":[{"id":94,"href":"https:\/\/www.posk.se\/lidingo\/wp-json\/wp\/v2\/pages\/87\/revisions\/94"}],"wp:attachment":[{"href":"https:\/\/www.posk.se\/lidingo\/wp-json\/wp\/v2\/media?parent=87"}],"curies":[{"name":"wp","href":"https:\/\/api.w.org\/{rel}","templated":true}]}}