{"id":135,"date":"2020-02-18T18:15:06","date_gmt":"2020-02-18T17:15:06","guid":{"rendered":"https:\/\/www.posk.se\/lerum\/?page_id=135"},"modified":"2025-04-13T14:38:41","modified_gmt":"2025-04-13T12:38:41","slug":"for-medlemmar","status":"publish","type":"page","link":"https:\/\/www.posk.se\/lerum\/for-medlemmar\/","title":{"rendered":"F\u00f6r medlemmar"},"content":{"rendered":"","protected":true},"excerpt":{"rendered":"","protected":true},"author":1351,"featured_media":0,"parent":0,"menu_order":5,"comment_status":"closed","ping_status":"closed","template":"page-templates\/page-sidebar-left.php","meta":{"_acf_changed":false,"footnotes":""},"class_list":["post-135","page","type-page","status-publish","post-password-required","hentry"],"acf":[],"yoast_head":"<!-- This site is optimized with the Yoast SEO plugin v24.9 - https:\/\/yoast.com\/wordpress\/plugins\/seo\/ -->\n<title>F\u00f6r medlemmar - Lerum<\/title>\n<meta name=\"robots\" content=\"index, follow, max-snippet:-1, max-image-preview:large, max-video-preview:-1\" \/>\n<link rel=\"canonical\" href=\"https:\/\/www.posk.se\/lerum\/for-medlemmar\/\" \/>\n<meta property=\"og:locale\" content=\"sv_SE\" \/>\n<meta property=\"og:type\" content=\"article\" \/>\n<meta property=\"og:title\" content=\"F\u00f6r medlemmar - Lerum\" \/>\n<meta property=\"og:description\" content=\"Det finns inget utdrag eftersom detta \u00e4r ett skyddat inl\u00e4gg.\" \/>\n<meta property=\"og:url\" content=\"https:\/\/www.posk.se\/lerum\/for-medlemmar\/\" \/>\n<meta property=\"og:site_name\" content=\"Lerum\" \/>\n<meta property=\"article:modified_time\" content=\"2025-04-13T12:38:41+00:00\" \/>\n<meta name=\"twitter:card\" content=\"summary_large_image\" \/>\n<meta name=\"twitter:label1\" content=\"Ber\u00e4knad l\u00e4stid\" \/>\n\t<meta name=\"twitter:data1\" content=\"1 minut\" \/>\n<script type=\"application\/ld+json\" class=\"yoast-schema-graph\">{\"@context\":\"https:\/\/schema.org\",\"@graph\":[{\"@type\":\"WebPage\",\"@id\":\"https:\/\/www.posk.se\/lerum\/for-medlemmar\/\",\"url\":\"https:\/\/www.posk.se\/lerum\/for-medlemmar\/\",\"name\":\"F\u00f6r medlemmar - Lerum\",\"isPartOf\":{\"@id\":\"https:\/\/www.posk.se\/lerum\/#website\"},\"datePublished\":\"2020-02-18T17:15:06+00:00\",\"dateModified\":\"2025-04-13T12:38:41+00:00\",\"breadcrumb\":{\"@id\":\"https:\/\/www.posk.se\/lerum\/for-medlemmar\/#breadcrumb\"},\"inLanguage\":\"sv-SE\"},{\"@type\":\"WebSite\",\"@id\":\"https:\/\/www.posk.se\/lerum\/#website\",\"url\":\"https:\/\/www.posk.se\/lerum\/\",\"name\":\"Lerum\",\"description\":\"POSK-grupp i G\u00f6teborgs stift\",\"potentialAction\":[{\"@type\":\"SearchAction\",\"target\":{\"@type\":\"EntryPoint\",\"urlTemplate\":\"https:\/\/www.posk.se\/lerum\/?s={search_term_string}\"},\"query-input\":{\"@type\":\"PropertyValueSpecification\",\"valueRequired\":true,\"valueName\":\"search_term_string\"}}],\"inLanguage\":\"sv-SE\"}]}<\/script>\n<!-- \/ Yoast SEO plugin. -->","yoast_head_json":{"title":"F\u00f6r medlemmar - Lerum","robots":{"index":"index","follow":"follow","max-snippet":"max-snippet:-1","max-image-preview":"max-image-preview:large","max-video-preview":"max-video-preview:-1"},"canonical":"https:\/\/www.posk.se\/lerum\/for-medlemmar\/","og_locale":"sv_SE","og_type":"article","og_title":"F\u00f6r medlemmar - Lerum","og_description":"Det finns inget utdrag eftersom detta \u00e4r ett skyddat inl\u00e4gg.","og_url":"https:\/\/www.posk.se\/lerum\/for-medlemmar\/","og_site_name":"Lerum","article_modified_time":"2025-04-13T12:38:41+00:00","twitter_card":"summary_large_image","twitter_misc":{"Ber\u00e4knad l\u00e4stid":"1 minut"},"schema":{"@context":"https:\/\/schema.org","@graph":[{"@type":"WebPage","@id":"https:\/\/www.posk.se\/lerum\/for-medlemmar\/","url":"https:\/\/www.posk.se\/lerum\/for-medlemmar\/","name":"F\u00f6r medlemmar - Lerum","isPartOf":{"@id":"https:\/\/www.posk.se\/lerum\/#website"},"datePublished":"2020-02-18T17:15:06+00:00","dateModified":"2025-04-13T12:38:41+00:00","breadcrumb":{"@id":"https:\/\/www.posk.se\/lerum\/for-medlemmar\/#breadcrumb"},"inLanguage":"sv-SE"},{"@type":"WebSite","@id":"https:\/\/www.posk.se\/lerum\/#website","url":"https:\/\/www.posk.se\/lerum\/","name":"Lerum","description":"POSK-grupp i G\u00f6teborgs stift","potentialAction":[{"@type":"SearchAction","target":{"@type":"EntryPoint","urlTemplate":"https:\/\/www.posk.se\/lerum\/?s={search_term_string}"},"query-input":{"@type":"PropertyValueSpecification","valueRequired":true,"valueName":"search_term_string"}}],"inLanguage":"sv-SE"}]}},"_links":{"self":[{"href":"https:\/\/www.posk.se\/lerum\/wp-json\/wp\/v2\/pages\/135","targetHints":{"allow":["GET"]}}],"collection":[{"href":"https:\/\/www.posk.se\/lerum\/wp-json\/wp\/v2\/pages"}],"about":[{"href":"https:\/\/www.posk.se\/lerum\/wp-json\/wp\/v2\/types\/page"}],"author":[{"embeddable":true,"href":"https:\/\/www.posk.se\/lerum\/wp-json\/wp\/v2\/users\/1351"}],"replies":[{"embeddable":true,"href":"https:\/\/www.posk.se\/lerum\/wp-json\/wp\/v2\/comments?post=135"}],"version-history":[{"count":12,"href":"https:\/\/www.posk.se\/lerum\/wp-json\/wp\/v2\/pages\/135\/revisions"}],"predecessor-version":[{"id":408,"href":"https:\/\/www.posk.se\/lerum\/wp-json\/wp\/v2\/pages\/135\/revisions\/408"}],"wp:attachment":[{"href":"https:\/\/www.posk.se\/lerum\/wp-json\/wp\/v2\/media?parent=135"}],"curies":[{"name":"wp","href":"https:\/\/api.w.org\/{rel}","templated":true}]}}