{"id":118,"date":"2020-02-04T18:08:34","date_gmt":"2020-02-04T17:08:34","guid":{"rendered":"https:\/\/www.posk.se\/lerum\/?page_id=118"},"modified":"2025-04-30T16:10:52","modified_gmt":"2025-04-30T14:10:52","slug":"kyrkovalet-2021","status":"publish","type":"page","link":"https:\/\/www.posk.se\/lerum\/kyrkovalet-2021\/","title":{"rendered":"Kyrkovalet 2025"},"content":{"rendered":"<p>&nbsp;<\/p>\n<h1>Kom med och ta ansvar \u2013 f\u00f6r en levande kyrka!<\/h1>\n<p>POSK ger en m\u00f6jlighet f\u00f6r dig som vi<span class=\"text_exposed_show\">ll r\u00f6sta p\u00e5 kandidater i kyrkovalet som i sitt uppdrag som f\u00f6rtroendevalda utg\u00e5r enbart fr\u00e5n sitt engagemang f\u00f6r kyrkan.<\/span><\/p>\n<p>V\u00e5r valsedel f\u00f6r valet 2025 ser ut s\u00e5 h\u00e4r:<\/p>\n<p>VAL TILL KYRKOFULLM\u00c4KTIGE<\/p>\n<p>1. Lena Johansson , Lilla Br\u00e5ta<br \/>\n2. David Sand\u00e9n , Halls\u00e5s<br \/>\n3. Elisabet Myreberg Albihn, Aspen\u00e4s<br \/>\n4. B\u00f6rje Carlsson, Norra Halls\u00e5s<br \/>\n5. Ebba Wikman Axelsson , \u00d6xeryd<br \/>\n6. Bodil Arnstr\u00f6m , Riddarsten<br \/>\n7. Bj\u00f6rn Kihlberg, Aspen\u00e4s<br \/>\n8. Simon Tobj\u00f6rk, Rydsberg<br \/>\n9. Sofia Bayati, Stenkullen, Lerum<br \/>\n10. Maria Jolfors Detert, Aspen\u00e4s<br \/>\n11. Kristian Egstedt Arvidsson, Hulan<br \/>\n12. Ali Ahmady, Aspen<br \/>\n13. Anna Karin J\u00f6nbrink, Lilla Br\u00e5ta<br \/>\n14. Elaine Sand\u00e9n, Halls\u00e5s<br \/>\n15. Tobias Granmo , Br\u00e4nn\u00e5s backe<br \/>\n16. Per-Olof J\u00f6nbrink, Lilla Br\u00e5ta<br \/>\n17. Olausson Ingemar, Halls\u00e5s<\/p>\n<p>&nbsp;<\/p>\n<p>&nbsp;<\/p>\n","protected":false},"excerpt":{"rendered":"<p>&nbsp; Kom med och ta ansvar \u2013 f\u00f6r en levande kyrka! POSK ger en m\u00f6jlighet f\u00f6r dig som vill r\u00f6sta p\u00e5 kandidater i kyrkovalet som i sitt uppdrag som f\u00f6rtroendevalda utg\u00e5r enbart fr\u00e5n sitt engagemang f\u00f6r kyrkan. V\u00e5r valsedel f\u00f6r valet 2025 ser ut s\u00e5 h\u00e4r: VAL TILL KYRKOFULLM\u00c4KTIGE 1. Lena Johansson , Lilla Br\u00e5ta [&hellip;]<\/p>\n","protected":false},"author":1351,"featured_media":0,"parent":0,"menu_order":4,"comment_status":"closed","ping_status":"closed","template":"page-templates\/page-sidebar-left.php","meta":{"_acf_changed":false,"footnotes":""},"class_list":["post-118","page","type-page","status-publish","hentry"],"acf":[],"yoast_head":"<!-- This site is optimized with the Yoast SEO plugin v24.9 - https:\/\/yoast.com\/wordpress\/plugins\/seo\/ -->\n<title>Kyrkovalet 2025 - Lerum<\/title>\n<meta name=\"robots\" content=\"index, follow, max-snippet:-1, max-image-preview:large, max-video-preview:-1\" \/>\n<link rel=\"canonical\" href=\"https:\/\/www.posk.se\/lerum\/kyrkovalet-2021\/\" \/>\n<meta property=\"og:locale\" content=\"sv_SE\" \/>\n<meta property=\"og:type\" content=\"article\" \/>\n<meta property=\"og:title\" content=\"Kyrkovalet 2025 - Lerum\" \/>\n<meta property=\"og:description\" content=\"&nbsp; Kom med och ta ansvar \u2013 f\u00f6r en levande kyrka! POSK ger en m\u00f6jlighet f\u00f6r dig som vill r\u00f6sta p\u00e5 kandidater i kyrkovalet som i sitt uppdrag som f\u00f6rtroendevalda utg\u00e5r enbart fr\u00e5n sitt engagemang f\u00f6r kyrkan. V\u00e5r valsedel f\u00f6r valet 2025 ser ut s\u00e5 h\u00e4r: VAL TILL KYRKOFULLM\u00c4KTIGE 1. Lena Johansson , Lilla Br\u00e5ta [&hellip;]\" \/>\n<meta property=\"og:url\" content=\"https:\/\/www.posk.se\/lerum\/kyrkovalet-2021\/\" \/>\n<meta property=\"og:site_name\" content=\"Lerum\" \/>\n<meta property=\"article:modified_time\" content=\"2025-04-30T14:10:52+00:00\" \/>\n<meta name=\"twitter:card\" content=\"summary_large_image\" \/>\n<meta name=\"twitter:label1\" content=\"Ber\u00e4knad l\u00e4stid\" \/>\n\t<meta name=\"twitter:data1\" content=\"1 minut\" \/>\n<script type=\"application\/ld+json\" class=\"yoast-schema-graph\">{\"@context\":\"https:\/\/schema.org\",\"@graph\":[{\"@type\":\"WebPage\",\"@id\":\"https:\/\/www.posk.se\/lerum\/kyrkovalet-2021\/\",\"url\":\"https:\/\/www.posk.se\/lerum\/kyrkovalet-2021\/\",\"name\":\"Kyrkovalet 2025 - Lerum\",\"isPartOf\":{\"@id\":\"https:\/\/www.posk.se\/lerum\/#website\"},\"datePublished\":\"2020-02-04T17:08:34+00:00\",\"dateModified\":\"2025-04-30T14:10:52+00:00\",\"breadcrumb\":{\"@id\":\"https:\/\/www.posk.se\/lerum\/kyrkovalet-2021\/#breadcrumb\"},\"inLanguage\":\"sv-SE\",\"potentialAction\":[{\"@type\":\"ReadAction\",\"target\":[\"https:\/\/www.posk.se\/lerum\/kyrkovalet-2021\/\"]}]},{\"@type\":\"BreadcrumbList\",\"@id\":\"https:\/\/www.posk.se\/lerum\/kyrkovalet-2021\/#breadcrumb\",\"itemListElement\":[{\"@type\":\"ListItem\",\"position\":1,\"name\":\"Hem\",\"item\":\"https:\/\/www.posk.se\/lerum\/\"},{\"@type\":\"ListItem\",\"position\":2,\"name\":\"Kyrkovalet 2025\"}]},{\"@type\":\"WebSite\",\"@id\":\"https:\/\/www.posk.se\/lerum\/#website\",\"url\":\"https:\/\/www.posk.se\/lerum\/\",\"name\":\"Lerum\",\"description\":\"POSK-grupp i G\u00f6teborgs stift\",\"potentialAction\":[{\"@type\":\"SearchAction\",\"target\":{\"@type\":\"EntryPoint\",\"urlTemplate\":\"https:\/\/www.posk.se\/lerum\/?s={search_term_string}\"},\"query-input\":{\"@type\":\"PropertyValueSpecification\",\"valueRequired\":true,\"valueName\":\"search_term_string\"}}],\"inLanguage\":\"sv-SE\"}]}<\/script>\n<!-- \/ Yoast SEO plugin. -->","yoast_head_json":{"title":"Kyrkovalet 2025 - Lerum","robots":{"index":"index","follow":"follow","max-snippet":"max-snippet:-1","max-image-preview":"max-image-preview:large","max-video-preview":"max-video-preview:-1"},"canonical":"https:\/\/www.posk.se\/lerum\/kyrkovalet-2021\/","og_locale":"sv_SE","og_type":"article","og_title":"Kyrkovalet 2025 - Lerum","og_description":"&nbsp; Kom med och ta ansvar \u2013 f\u00f6r en levande kyrka! POSK ger en m\u00f6jlighet f\u00f6r dig som vill r\u00f6sta p\u00e5 kandidater i kyrkovalet som i sitt uppdrag som f\u00f6rtroendevalda utg\u00e5r enbart fr\u00e5n sitt engagemang f\u00f6r kyrkan. V\u00e5r valsedel f\u00f6r valet 2025 ser ut s\u00e5 h\u00e4r: VAL TILL KYRKOFULLM\u00c4KTIGE 1. Lena Johansson , Lilla Br\u00e5ta [&hellip;]","og_url":"https:\/\/www.posk.se\/lerum\/kyrkovalet-2021\/","og_site_name":"Lerum","article_modified_time":"2025-04-30T14:10:52+00:00","twitter_card":"summary_large_image","twitter_misc":{"Ber\u00e4knad l\u00e4stid":"1 minut"},"schema":{"@context":"https:\/\/schema.org","@graph":[{"@type":"WebPage","@id":"https:\/\/www.posk.se\/lerum\/kyrkovalet-2021\/","url":"https:\/\/www.posk.se\/lerum\/kyrkovalet-2021\/","name":"Kyrkovalet 2025 - Lerum","isPartOf":{"@id":"https:\/\/www.posk.se\/lerum\/#website"},"datePublished":"2020-02-04T17:08:34+00:00","dateModified":"2025-04-30T14:10:52+00:00","breadcrumb":{"@id":"https:\/\/www.posk.se\/lerum\/kyrkovalet-2021\/#breadcrumb"},"inLanguage":"sv-SE","potentialAction":[{"@type":"ReadAction","target":["https:\/\/www.posk.se\/lerum\/kyrkovalet-2021\/"]}]},{"@type":"BreadcrumbList","@id":"https:\/\/www.posk.se\/lerum\/kyrkovalet-2021\/#breadcrumb","itemListElement":[{"@type":"ListItem","position":1,"name":"Hem","item":"https:\/\/www.posk.se\/lerum\/"},{"@type":"ListItem","position":2,"name":"Kyrkovalet 2025"}]},{"@type":"WebSite","@id":"https:\/\/www.posk.se\/lerum\/#website","url":"https:\/\/www.posk.se\/lerum\/","name":"Lerum","description":"POSK-grupp i G\u00f6teborgs stift","potentialAction":[{"@type":"SearchAction","target":{"@type":"EntryPoint","urlTemplate":"https:\/\/www.posk.se\/lerum\/?s={search_term_string}"},"query-input":{"@type":"PropertyValueSpecification","valueRequired":true,"valueName":"search_term_string"}}],"inLanguage":"sv-SE"}]}},"_links":{"self":[{"href":"https:\/\/www.posk.se\/lerum\/wp-json\/wp\/v2\/pages\/118","targetHints":{"allow":["GET"]}}],"collection":[{"href":"https:\/\/www.posk.se\/lerum\/wp-json\/wp\/v2\/pages"}],"about":[{"href":"https:\/\/www.posk.se\/lerum\/wp-json\/wp\/v2\/types\/page"}],"author":[{"embeddable":true,"href":"https:\/\/www.posk.se\/lerum\/wp-json\/wp\/v2\/users\/1351"}],"replies":[{"embeddable":true,"href":"https:\/\/www.posk.se\/lerum\/wp-json\/wp\/v2\/comments?post=118"}],"version-history":[{"count":22,"href":"https:\/\/www.posk.se\/lerum\/wp-json\/wp\/v2\/pages\/118\/revisions"}],"predecessor-version":[{"id":410,"href":"https:\/\/www.posk.se\/lerum\/wp-json\/wp\/v2\/pages\/118\/revisions\/410"}],"wp:attachment":[{"href":"https:\/\/www.posk.se\/lerum\/wp-json\/wp\/v2\/media?parent=118"}],"curies":[{"name":"wp","href":"https:\/\/api.w.org\/{rel}","templated":true}]}}