{"id":21,"date":"2016-07-20T12:29:48","date_gmt":"2016-07-20T10:29:48","guid":{"rendered":"https:\/\/www.posk.se\/landskrona\/?page_id=21"},"modified":"2025-08-10T06:35:25","modified_gmt":"2025-08-10T04:35:25","slug":"startsidan-2","status":"publish","type":"page","link":"https:\/\/www.posk.se\/landskrona\/","title":{"rendered":"Landskrona"},"content":{"rendered":"<p><strong>Kontakt:<br \/>\n<\/strong>Marie Andresen, ordf\u00f6rande POSK Landskrona<br \/>\nposklandskrona@gmail.com<\/p>\n<p><strong><img loading=\"lazy\" decoding=\"async\" class=\"alignnone size-medium wp-image-65\" src=\"https:\/\/www.posk.se\/landskrona\/wp-content\/uploads\/sites\/108\/2025\/08\/posk-1-1-300x225.jpg\" alt=\"\" width=\"300\" height=\"225\" \/><\/strong><\/p>\n<p><strong>POSK<\/strong>\u00a0<strong>Landskrona<\/strong> bildades 2009 och sedan dess har vi varit representerade i Landskrona f\u00f6rsamlings kyrkofullm\u00e4ktige, kyrkor\u00e5d och kyrkor\u00e5dets arbetsutskott.<\/p>\n<p><strong>POSK<\/strong>\u00a0<strong>Landskrona<\/strong> vill ha en kyrka som har rum f\u00f6r alla &#8211; f\u00f6r den s\u00f6kande och tvivlande s\u00e5v\u00e4l som f\u00f6r den troende. Vi vill ocks\u00e5 att Landskrona f\u00f6rsamling ska vara men trygg och attraktiv arbetsplats f\u00f6r samtliga medarbetare och frivilliga.<\/p>\n<p><strong>Vi vill d\u00e4rf\u00f6r satsa p\u00e5 f\u00f6ljande:<\/strong><\/p>\n<h3>Diakoni<\/h3>\n<p>Vi vill arbeta f\u00f6r att Landskrona f\u00f6rsamling ska ha resurser att finna fler s\u00e4tt att samverka och p\u00e5verka lokalt, f\u00f6r att m\u00e4nniskor som lever i utsatthet ska ges m\u00f6jlighet till en b\u00e4ttre livssituation.<\/p>\n<h3>Frivilligverksamhet<\/h3>\n<p>Att ge av sin fritid till f\u00f6rsamlingens olika verksamheter ger en k\u00e4nsla av gemenskap, gl\u00e4dje och att vara beh\u00f6vd. Detta vill vi uppmuntra genom st\u00f6d, utbildning och stimulans. Vi vill att olika former av idealitet st\u00e4rks i v\u00e5r f\u00f6rsamling.<\/p>\n<h3>Barn och ungdom<\/h3>\n<p>Barn och unga har mycket att ge i Svenska Kyrkan och ska vara en sj\u00e4lvklar del av f\u00f6rsamlingens gemenskap. Kyrkan ska vara en plats f\u00f6r utveckling och v\u00e4xande. Verksamheter f\u00f6r och med barn och unga m\u00e5ste d\u00e4rf\u00f6r ha en h\u00f6g prioritet n\u00e4r vi fattar v\u00e5ra beslut.<\/p>\n<h3>Internationellt arbete<\/h3>\n<p>Mer \u00e4n 100 miljoner m\u00e4nniskor \u00e4r p\u00e5 flykt p\u00e5 grund av krig, fattigdom, religi\u00f6s f\u00f6rf\u00f6ljelse och klimatf\u00f6r\u00e4ndringar. Hela jorden \u00e4r en Guds skapelse och genom denna skapelse h\u00f6r vi alla samman. Solidaritet och gemenskap m\u00e5ste d\u00e4rf\u00f6r pr\u00e4gla v\u00e5r syn p\u00e5 medm\u00e4nniskan. V\u00e5r kristna tro ska alltid leda till engagemang f\u00f6r skapelsen och social r\u00e4ttvisa.<\/p>\n<h3>S\u00e5ng och musik<\/h3>\n<p>Vi vill ha ett musikliv d\u00e4r alla kan delta och uttrycka sin kristna tro &#8211; b\u00e5de som s\u00e5ngare, instrumentaliser och lyssnare. Inte minst b\u00e4r musik och musikliv en stor del av svenskat kulturliv. Det \u00e4r viktigt att \u00e4ven unga ges plats i k\u00f6rs\u00e5ng och kyrkomusik.<\/p>\n<h3>Religionsdialog<\/h3>\n<p>Vi vill att f\u00f6rsamlingen v\u00e4lkomnar m\u00e4nniskor med olika tro och etniska bakgrunder. Genom att vara en aktiv del i samh\u00e4llet ska f\u00f6rsamlingen fr\u00e4mja religionsm\u00f6ten och st\u00e4rka f\u00f6rst\u00e5elsen m\u00e4nniskor emellan.<\/p>\n<p><strong>Kontakt:<\/strong><\/p>\n<p>Marie Andresen, ordf\u00f6rande POSK Landskrona<br \/>\nposklandskrona@gmail.com<\/p>\n<div class=\"&quot;kyrkovalet_se&quot;\">\n<p>&nbsp;<\/p>\n<\/div>\n","protected":false},"excerpt":{"rendered":"<p>Kontakt: Marie Andresen, ordf\u00f6rande POSK Landskrona posklandskrona@gmail.com POSK\u00a0Landskrona bildades 2009 och sedan dess har vi varit representerade i Landskrona f\u00f6rsamlings kyrkofullm\u00e4ktige, kyrkor\u00e5d och kyrkor\u00e5dets arbetsutskott. POSK\u00a0Landskrona vill ha en kyrka som har rum f\u00f6r alla &#8211; f\u00f6r den s\u00f6kande och tvivlande s\u00e5v\u00e4l som f\u00f6r den troende. Vi vill ocks\u00e5 att Landskrona f\u00f6rsamling ska vara men [&hellip;]<\/p>\n","protected":false},"author":1,"featured_media":69,"parent":0,"menu_order":0,"comment_status":"closed","ping_status":"closed","template":"page-templates\/page-sidebar-left.php","meta":{"_acf_changed":false,"footnotes":""},"class_list":["post-21","page","type-page","status-publish","has-post-thumbnail","hentry"],"acf":[],"yoast_head":"<!-- This site is optimized with the Yoast SEO plugin v24.9 - https:\/\/yoast.com\/wordpress\/plugins\/seo\/ -->\n<title>Landskrona - Landskrona<\/title>\n<meta name=\"robots\" content=\"index, follow, max-snippet:-1, max-image-preview:large, max-video-preview:-1\" \/>\n<link rel=\"canonical\" href=\"https:\/\/www.posk.se\/landskrona\/\" \/>\n<meta property=\"og:locale\" content=\"sv_SE\" \/>\n<meta property=\"og:type\" content=\"article\" \/>\n<meta property=\"og:title\" content=\"Landskrona - Landskrona\" \/>\n<meta property=\"og:description\" content=\"Kontakt: Marie Andresen, ordf\u00f6rande POSK Landskrona posklandskrona@gmail.com POSK\u00a0Landskrona bildades 2009 och sedan dess har vi varit representerade i Landskrona f\u00f6rsamlings kyrkofullm\u00e4ktige, kyrkor\u00e5d och kyrkor\u00e5dets arbetsutskott. POSK\u00a0Landskrona vill ha en kyrka som har rum f\u00f6r alla &#8211; f\u00f6r den s\u00f6kande och tvivlande s\u00e5v\u00e4l som f\u00f6r den troende. Vi vill ocks\u00e5 att Landskrona f\u00f6rsamling ska vara men [&hellip;]\" \/>\n<meta property=\"og:url\" content=\"https:\/\/www.posk.se\/landskrona\/\" \/>\n<meta property=\"og:site_name\" content=\"Landskrona\" \/>\n<meta property=\"article:modified_time\" content=\"2025-08-10T04:35:25+00:00\" \/>\n<meta property=\"og:image\" content=\"https:\/\/www.posk.se\/landskrona\/wp-content\/uploads\/sites\/108\/2025\/08\/sofia-scaled.jpg\" \/>\n\t<meta property=\"og:image:width\" content=\"2560\" \/>\n\t<meta property=\"og:image:height\" content=\"1920\" \/>\n\t<meta property=\"og:image:type\" content=\"image\/jpeg\" \/>\n<meta name=\"twitter:card\" content=\"summary_large_image\" \/>\n<meta name=\"twitter:label1\" content=\"Ber\u00e4knad l\u00e4stid\" \/>\n\t<meta name=\"twitter:data1\" content=\"3 minuter\" \/>\n<script type=\"application\/ld+json\" class=\"yoast-schema-graph\">{\"@context\":\"https:\/\/schema.org\",\"@graph\":[{\"@type\":\"WebPage\",\"@id\":\"https:\/\/www.posk.se\/landskrona\/\",\"url\":\"https:\/\/www.posk.se\/landskrona\/\",\"name\":\"Landskrona - Landskrona\",\"isPartOf\":{\"@id\":\"https:\/\/www.posk.se\/landskrona\/#website\"},\"primaryImageOfPage\":{\"@id\":\"https:\/\/www.posk.se\/landskrona\/#primaryimage\"},\"image\":{\"@id\":\"https:\/\/www.posk.se\/landskrona\/#primaryimage\"},\"thumbnailUrl\":\"https:\/\/www.posk.se\/landskrona\/wp-content\/uploads\/sites\/108\/2025\/08\/sofia-scaled.jpg\",\"datePublished\":\"2016-07-20T10:29:48+00:00\",\"dateModified\":\"2025-08-10T04:35:25+00:00\",\"breadcrumb\":{\"@id\":\"https:\/\/www.posk.se\/landskrona\/#breadcrumb\"},\"inLanguage\":\"sv-SE\",\"potentialAction\":[{\"@type\":\"ReadAction\",\"target\":[\"https:\/\/www.posk.se\/landskrona\/\"]}]},{\"@type\":\"ImageObject\",\"inLanguage\":\"sv-SE\",\"@id\":\"https:\/\/www.posk.se\/landskrona\/#primaryimage\",\"url\":\"https:\/\/www.posk.se\/landskrona\/wp-content\/uploads\/sites\/108\/2025\/08\/sofia-scaled.jpg\",\"contentUrl\":\"https:\/\/www.posk.se\/landskrona\/wp-content\/uploads\/sites\/108\/2025\/08\/sofia-scaled.jpg\",\"width\":2560,\"height\":1920},{\"@type\":\"BreadcrumbList\",\"@id\":\"https:\/\/www.posk.se\/landskrona\/#breadcrumb\",\"itemListElement\":[{\"@type\":\"ListItem\",\"position\":1,\"name\":\"Hem\",\"item\":\"https:\/\/www.posk.se\/landskrona\/\"},{\"@type\":\"ListItem\",\"position\":2,\"name\":\"Landskrona\"}]},{\"@type\":\"WebSite\",\"@id\":\"https:\/\/www.posk.se\/landskrona\/#website\",\"url\":\"https:\/\/www.posk.se\/landskrona\/\",\"name\":\"Landskrona\",\"description\":\"POSK-grupp i Lunds stift\",\"potentialAction\":[{\"@type\":\"SearchAction\",\"target\":{\"@type\":\"EntryPoint\",\"urlTemplate\":\"https:\/\/www.posk.se\/landskrona\/?s={search_term_string}\"},\"query-input\":{\"@type\":\"PropertyValueSpecification\",\"valueRequired\":true,\"valueName\":\"search_term_string\"}}],\"inLanguage\":\"sv-SE\"}]}<\/script>\n<!-- \/ Yoast SEO plugin. -->","yoast_head_json":{"title":"Landskrona - Landskrona","robots":{"index":"index","follow":"follow","max-snippet":"max-snippet:-1","max-image-preview":"max-image-preview:large","max-video-preview":"max-video-preview:-1"},"canonical":"https:\/\/www.posk.se\/landskrona\/","og_locale":"sv_SE","og_type":"article","og_title":"Landskrona - Landskrona","og_description":"Kontakt: Marie Andresen, ordf\u00f6rande POSK Landskrona posklandskrona@gmail.com POSK\u00a0Landskrona bildades 2009 och sedan dess har vi varit representerade i Landskrona f\u00f6rsamlings kyrkofullm\u00e4ktige, kyrkor\u00e5d och kyrkor\u00e5dets arbetsutskott. POSK\u00a0Landskrona vill ha en kyrka som har rum f\u00f6r alla &#8211; f\u00f6r den s\u00f6kande och tvivlande s\u00e5v\u00e4l som f\u00f6r den troende. Vi vill ocks\u00e5 att Landskrona f\u00f6rsamling ska vara men [&hellip;]","og_url":"https:\/\/www.posk.se\/landskrona\/","og_site_name":"Landskrona","article_modified_time":"2025-08-10T04:35:25+00:00","og_image":[{"width":2560,"height":1920,"url":"https:\/\/www.posk.se\/landskrona\/wp-content\/uploads\/sites\/108\/2025\/08\/sofia-scaled.jpg","type":"image\/jpeg"}],"twitter_card":"summary_large_image","twitter_misc":{"Ber\u00e4knad l\u00e4stid":"3 minuter"},"schema":{"@context":"https:\/\/schema.org","@graph":[{"@type":"WebPage","@id":"https:\/\/www.posk.se\/landskrona\/","url":"https:\/\/www.posk.se\/landskrona\/","name":"Landskrona - Landskrona","isPartOf":{"@id":"https:\/\/www.posk.se\/landskrona\/#website"},"primaryImageOfPage":{"@id":"https:\/\/www.posk.se\/landskrona\/#primaryimage"},"image":{"@id":"https:\/\/www.posk.se\/landskrona\/#primaryimage"},"thumbnailUrl":"https:\/\/www.posk.se\/landskrona\/wp-content\/uploads\/sites\/108\/2025\/08\/sofia-scaled.jpg","datePublished":"2016-07-20T10:29:48+00:00","dateModified":"2025-08-10T04:35:25+00:00","breadcrumb":{"@id":"https:\/\/www.posk.se\/landskrona\/#breadcrumb"},"inLanguage":"sv-SE","potentialAction":[{"@type":"ReadAction","target":["https:\/\/www.posk.se\/landskrona\/"]}]},{"@type":"ImageObject","inLanguage":"sv-SE","@id":"https:\/\/www.posk.se\/landskrona\/#primaryimage","url":"https:\/\/www.posk.se\/landskrona\/wp-content\/uploads\/sites\/108\/2025\/08\/sofia-scaled.jpg","contentUrl":"https:\/\/www.posk.se\/landskrona\/wp-content\/uploads\/sites\/108\/2025\/08\/sofia-scaled.jpg","width":2560,"height":1920},{"@type":"BreadcrumbList","@id":"https:\/\/www.posk.se\/landskrona\/#breadcrumb","itemListElement":[{"@type":"ListItem","position":1,"name":"Hem","item":"https:\/\/www.posk.se\/landskrona\/"},{"@type":"ListItem","position":2,"name":"Landskrona"}]},{"@type":"WebSite","@id":"https:\/\/www.posk.se\/landskrona\/#website","url":"https:\/\/www.posk.se\/landskrona\/","name":"Landskrona","description":"POSK-grupp i Lunds stift","potentialAction":[{"@type":"SearchAction","target":{"@type":"EntryPoint","urlTemplate":"https:\/\/www.posk.se\/landskrona\/?s={search_term_string}"},"query-input":{"@type":"PropertyValueSpecification","valueRequired":true,"valueName":"search_term_string"}}],"inLanguage":"sv-SE"}]}},"_links":{"self":[{"href":"https:\/\/www.posk.se\/landskrona\/wp-json\/wp\/v2\/pages\/21","targetHints":{"allow":["GET"]}}],"collection":[{"href":"https:\/\/www.posk.se\/landskrona\/wp-json\/wp\/v2\/pages"}],"about":[{"href":"https:\/\/www.posk.se\/landskrona\/wp-json\/wp\/v2\/types\/page"}],"author":[{"embeddable":true,"href":"https:\/\/www.posk.se\/landskrona\/wp-json\/wp\/v2\/users\/1"}],"replies":[{"embeddable":true,"href":"https:\/\/www.posk.se\/landskrona\/wp-json\/wp\/v2\/comments?post=21"}],"version-history":[{"count":24,"href":"https:\/\/www.posk.se\/landskrona\/wp-json\/wp\/v2\/pages\/21\/revisions"}],"predecessor-version":[{"id":182,"href":"https:\/\/www.posk.se\/landskrona\/wp-json\/wp\/v2\/pages\/21\/revisions\/182"}],"wp:featuredmedia":[{"embeddable":true,"href":"https:\/\/www.posk.se\/landskrona\/wp-json\/wp\/v2\/media\/69"}],"wp:attachment":[{"href":"https:\/\/www.posk.se\/landskrona\/wp-json\/wp\/v2\/media?parent=21"}],"curies":[{"name":"wp","href":"https:\/\/api.w.org\/{rel}","templated":true}]}}