{"id":120,"date":"2025-08-31T23:40:42","date_gmt":"2025-08-31T21:40:42","guid":{"rendered":"https:\/\/www.posk.se\/kiruna\/?page_id=120"},"modified":"2025-08-31T23:58:50","modified_gmt":"2025-08-31T21:58:50","slug":"kandidater-sf","status":"publish","type":"page","link":"https:\/\/www.posk.se\/kiruna\/kandidater-sf\/","title":{"rendered":"Kandidatlista \u2013 stiftsfullm\u00e4ktige"},"content":{"rendered":"<h3><span style=\"color: #000080;\">POSK har idag 10 av 51 mandat<\/span><span style=\"color: #000080;\">\u00a0<\/span><span style=\"color: #000080;\">i stiftsfullm\u00e4ktige.<br \/>\n<\/span><\/h3>\n<h3><span style=\"color: #000080;\">3\u00a0<\/span><span style=\"color: #000080;\">av dessa \u00e4r\u00a0<\/span><span style=\"color: #000080;\">fr\u00e5n Norra valkretsen (Norrbotten) och\u00a0<\/span><span style=\"color: #000080;\">7 fr\u00e5n S\u00f6dra<\/span><span style=\"color: #000080;\"> valkretsen (<\/span><span style=\"color: #000080;\">V\u00e4sterbotten<\/span><span style=\"color: #000080;\">).\u00a0<\/span><\/h3>\n<h3><span style=\"color: #000080;\">Detta \u00e4r v\u00e5ra kandidater i Norrbottens valkrets:\u00a0<\/span><\/h3>\n<p>1. <strong>Ann-Charlotte Dahlb\u00e4ck,<\/strong> specialpedagog, Pite\u00e5 f\u00f6rsamling<br \/>\n2. <strong>Sigvard Lindgren,<\/strong> transport- och lageransvarig, Norrfj\u00e4rdens f\u00f6rsamling<br \/>\n3. <strong>Mariann L\u00f6rstrand Blind,<\/strong> samisk samordnare\/egenf\u00f6retagare, Arvidsjaurs f\u00f6rsamling<br \/>\n4. <strong>Lars Pohjanen,<\/strong> ingenj\u00f6r, Lule\u00e5 domkyrkof\u00f6rsamling<br \/>\n5. <strong>Sven-Olov Grenholm,<\/strong> officer, \u00d6verlule\u00e5 f\u00f6rsamling, Boden<br \/>\n<span style=\"color: #800000;\"><strong>6. Timo Vilgats, l\u00e4rare, Jukkasj\u00e4rvi f\u00f6rsamling, Kiruna<\/strong><\/span><br \/>\n7. <strong>Anna-Karin Lundberg,<\/strong> milj\u00f6inspekt\u00f6r, Pite\u00e5 f\u00f6rsamling<br \/>\n<span style=\"color: #800000;\"><strong>8. Kristina T\u00f6yr\u00e4, specialpedagog, Jukkasj\u00e4rvi f\u00f6rsamling, Kiruna<\/strong><\/span><br \/>\n9. <strong>Erika Sj\u00f6\u00f6,<\/strong> administrat\u00f6r, \u00d6verlule\u00e5 f\u00f6rsamling, Boden<br \/>\n10. <strong>Erik Jonsson,<\/strong> l\u00e4rare, Pite\u00e5 f\u00f6rsamling<br \/>\n11. <strong>Anna Wallstr\u00f6m,<\/strong> utredare infrastruktur, Lule\u00e5 domkyrkof\u00f6rsamling<br \/>\n12. <strong>Irene Gustafsson,<\/strong> f.d. distriktssk\u00f6terska, \u00d6verlule\u00e5 f\u00f6rsamling, Boden<br \/>\n13. <strong>Karl-Henrik Fjellstr\u00f6m,<\/strong> civilingenj\u00f6r, Norrfj\u00e4rdens f\u00f6rsamling<br \/>\n14. <strong>Karin Andersson,<\/strong> kantor, Pajala f\u00f6rsamling<br \/>\n15. <strong>Maria Marklund,<\/strong> pension\u00e4r, Arvidsjaurs f\u00f6rsamling<br \/>\n<span style=\"color: #800000;\"><strong>16. G\u00f6ran S\u00f6derstr\u00f6m, guldsmed, Vittangi f\u00f6rsamling, Lannavaara<\/strong><\/span><br \/>\n17. <strong>Julia Thiessen,<\/strong> undersk\u00f6terska, Pite\u00e5 f\u00f6rsamling<br \/>\n18. <strong>Celina Falk,<\/strong> HR-specialist, Nederlule\u00e5 f\u00f6rsamling<br \/>\n19. <strong>Bo Carlsson,<\/strong> f.d. l\u00e4rare, G\u00e4llivare f\u00f6rsamling<br \/>\n20. <strong>Gerd Forssen,<\/strong> f.d. banktj\u00e4nsteman, \u00d6verlule\u00e5 f\u00f6rsamling, Boden<br \/>\n21. <strong>Eija Stenberg,<\/strong> administrat\u00f6r\/HR, Haparanda f\u00f6rsamling<br \/>\n22. <strong>Roger Nilsson,<\/strong> s\u00e4ljare, R\u00e5ne\u00e5 f\u00f6rsamling<br \/>\n23. <strong>Ellen Kuorak,<\/strong> pension\u00e4r, G\u00e4llivare f\u00f6rsamling<br \/>\n24. <strong>Ragnhild Sandstr\u00f6m,<\/strong> leg sjuksk\u00f6terska, Pite\u00e5 f\u00f6rsamling<br \/>\n25. <strong>\u00c5ke K\u00e5gstr\u00f6m,<\/strong> pr\u00e4st, Arvidsjaurs f\u00f6rsamling<br \/>\n26. <strong>Karin Fall\u00e9n,<\/strong> pension\u00e4r, Norrfj\u00e4rdens f\u00f6rsamling<br \/>\n27. <strong>Lars Nor\u00e9n,<\/strong> postiljon, Pite\u00e5 f\u00f6rsamling<br \/>\n<strong><span style=\"color: #800000;\">28. Gertrud Monlund, pension\u00e4r, Karesuando f\u00f6rsamling, Kuttainen<\/span>\u00a0<\/strong><br \/>\n29. <strong>Anders Hannus,<\/strong> IT-konsult, Norrfj\u00e4rdens f\u00f6rsamling<br \/>\n30. <strong>Bitte P\u00e4ivi\u00f6 Nyg\u00e5rd,<\/strong> senior, Jokkmokks f\u00f6rsamling<\/p>\n<p>Hela valsedeln f\u00f6r stiftsfullm\u00e4ktigevalet i Norrbottens valkrets, med 30 namn, <strong><a href=\"https:\/\/www.posk.se\/kiruna\/wp-content\/uploads\/sites\/273\/2025\/08\/250415-norra-sf-valsedel-sid-1-2.pdf\" target=\"_blank\" rel=\"noopener\">ser ut s\u00e5 h\u00e4r<\/a><\/strong>.<\/p>\n<p><a href=\"https:\/\/www.posk.se\/luleastift\/kandidatpresentationer\" target=\"_blank\" rel=\"noopener\"><strong>Kandidatpresentationer<\/strong><\/a> f\u00f6r kandidaterna p\u00e5 v\u00e5r kyrkom\u00f6teslista och stiftsfullm\u00e4ktigelistor <a href=\"https:\/\/www.posk.se\/luleastift\/kandidatpresentationer\" target=\"_blank\" rel=\"noopener\"><strong>finns h\u00e4r<\/strong><\/a>.<\/p>\n","protected":false},"excerpt":{"rendered":"<p>POSK har idag 10 av 51 mandat\u00a0i stiftsfullm\u00e4ktige. 3\u00a0av dessa \u00e4r\u00a0fr\u00e5n Norra valkretsen (Norrbotten) och\u00a07 fr\u00e5n S\u00f6dra valkretsen (V\u00e4sterbotten).\u00a0 Detta \u00e4r v\u00e5ra kandidater i Norrbottens valkrets:\u00a0 1. Ann-Charlotte Dahlb\u00e4ck, specialpedagog, Pite\u00e5 f\u00f6rsamling 2. Sigvard Lindgren, transport- och lageransvarig, Norrfj\u00e4rdens f\u00f6rsamling 3. Mariann L\u00f6rstrand Blind, samisk samordnare\/egenf\u00f6retagare, Arvidsjaurs f\u00f6rsamling 4. Lars Pohjanen, ingenj\u00f6r, Lule\u00e5 domkyrkof\u00f6rsamling 5. [&hellip;]<\/p>\n","protected":false},"author":54,"featured_media":106,"parent":0,"menu_order":1,"comment_status":"closed","ping_status":"closed","template":"page-templates\/page-sidebar-left.php","meta":{"_acf_changed":false,"footnotes":""},"class_list":["post-120","page","type-page","status-publish","has-post-thumbnail","hentry"],"acf":[],"yoast_head":"<!-- This site is optimized with the Yoast SEO plugin v24.9 - https:\/\/yoast.com\/wordpress\/plugins\/seo\/ -->\n<title>Kandidatlista \u2013 stiftsfullm\u00e4ktige - Kiruna pastorat<\/title>\n<meta name=\"robots\" content=\"index, follow, max-snippet:-1, max-image-preview:large, max-video-preview:-1\" \/>\n<link rel=\"canonical\" href=\"https:\/\/www.posk.se\/kiruna\/kandidater-sf\/\" \/>\n<meta property=\"og:locale\" content=\"sv_SE\" \/>\n<meta property=\"og:type\" content=\"article\" \/>\n<meta property=\"og:title\" content=\"Kandidatlista \u2013 stiftsfullm\u00e4ktige - Kiruna pastorat\" \/>\n<meta property=\"og:description\" content=\"POSK har idag 10 av 51 mandat\u00a0i stiftsfullm\u00e4ktige. 3\u00a0av dessa \u00e4r\u00a0fr\u00e5n Norra valkretsen (Norrbotten) och\u00a07 fr\u00e5n S\u00f6dra valkretsen (V\u00e4sterbotten).\u00a0 Detta \u00e4r v\u00e5ra kandidater i Norrbottens valkrets:\u00a0 1. Ann-Charlotte Dahlb\u00e4ck, specialpedagog, Pite\u00e5 f\u00f6rsamling 2. Sigvard Lindgren, transport- och lageransvarig, Norrfj\u00e4rdens f\u00f6rsamling 3. Mariann L\u00f6rstrand Blind, samisk samordnare\/egenf\u00f6retagare, Arvidsjaurs f\u00f6rsamling 4. Lars Pohjanen, ingenj\u00f6r, Lule\u00e5 domkyrkof\u00f6rsamling 5. [&hellip;]\" \/>\n<meta property=\"og:url\" content=\"https:\/\/www.posk.se\/kiruna\/kandidater-sf\/\" \/>\n<meta property=\"og:site_name\" content=\"Kiruna pastorat\" \/>\n<meta property=\"article:modified_time\" content=\"2025-08-31T21:58:50+00:00\" \/>\n<meta property=\"og:image\" content=\"https:\/\/www.posk.se\/kiruna\/wp-content\/uploads\/sites\/273\/2021\/08\/valsedelsplock-le-besk.jpg\" \/>\n\t<meta property=\"og:image:width\" content=\"1200\" \/>\n\t<meta property=\"og:image:height\" content=\"360\" \/>\n\t<meta property=\"og:image:type\" content=\"image\/jpeg\" \/>\n<meta name=\"twitter:card\" content=\"summary_large_image\" \/>\n<meta name=\"twitter:label1\" content=\"Ber\u00e4knad l\u00e4stid\" \/>\n\t<meta name=\"twitter:data1\" content=\"2 minuter\" \/>\n<script type=\"application\/ld+json\" class=\"yoast-schema-graph\">{\"@context\":\"https:\/\/schema.org\",\"@graph\":[{\"@type\":\"WebPage\",\"@id\":\"https:\/\/www.posk.se\/kiruna\/kandidater-sf\/\",\"url\":\"https:\/\/www.posk.se\/kiruna\/kandidater-sf\/\",\"name\":\"Kandidatlista \u2013 stiftsfullm\u00e4ktige - Kiruna pastorat\",\"isPartOf\":{\"@id\":\"https:\/\/www.posk.se\/kiruna\/#website\"},\"primaryImageOfPage\":{\"@id\":\"https:\/\/www.posk.se\/kiruna\/kandidater-sf\/#primaryimage\"},\"image\":{\"@id\":\"https:\/\/www.posk.se\/kiruna\/kandidater-sf\/#primaryimage\"},\"thumbnailUrl\":\"https:\/\/www.posk.se\/kiruna\/wp-content\/uploads\/sites\/273\/2021\/08\/valsedelsplock-le-besk.jpg\",\"datePublished\":\"2025-08-31T21:40:42+00:00\",\"dateModified\":\"2025-08-31T21:58:50+00:00\",\"breadcrumb\":{\"@id\":\"https:\/\/www.posk.se\/kiruna\/kandidater-sf\/#breadcrumb\"},\"inLanguage\":\"sv-SE\",\"potentialAction\":[{\"@type\":\"ReadAction\",\"target\":[\"https:\/\/www.posk.se\/kiruna\/kandidater-sf\/\"]}]},{\"@type\":\"ImageObject\",\"inLanguage\":\"sv-SE\",\"@id\":\"https:\/\/www.posk.se\/kiruna\/kandidater-sf\/#primaryimage\",\"url\":\"https:\/\/www.posk.se\/kiruna\/wp-content\/uploads\/sites\/273\/2021\/08\/valsedelsplock-le-besk.jpg\",\"contentUrl\":\"https:\/\/www.posk.se\/kiruna\/wp-content\/uploads\/sites\/273\/2021\/08\/valsedelsplock-le-besk.jpg\",\"width\":1200,\"height\":360},{\"@type\":\"BreadcrumbList\",\"@id\":\"https:\/\/www.posk.se\/kiruna\/kandidater-sf\/#breadcrumb\",\"itemListElement\":[{\"@type\":\"ListItem\",\"position\":1,\"name\":\"Hem\",\"item\":\"https:\/\/www.posk.se\/kiruna\/\"},{\"@type\":\"ListItem\",\"position\":2,\"name\":\"Kandidatlista \u2013 stiftsfullm\u00e4ktige\"}]},{\"@type\":\"WebSite\",\"@id\":\"https:\/\/www.posk.se\/kiruna\/#website\",\"url\":\"https:\/\/www.posk.se\/kiruna\/\",\"name\":\"Kiruna pastorat\",\"description\":\"En POSK-grupp i Lule\u00e5 stift\",\"potentialAction\":[{\"@type\":\"SearchAction\",\"target\":{\"@type\":\"EntryPoint\",\"urlTemplate\":\"https:\/\/www.posk.se\/kiruna\/?s={search_term_string}\"},\"query-input\":{\"@type\":\"PropertyValueSpecification\",\"valueRequired\":true,\"valueName\":\"search_term_string\"}}],\"inLanguage\":\"sv-SE\"}]}<\/script>\n<!-- \/ Yoast SEO plugin. -->","yoast_head_json":{"title":"Kandidatlista \u2013 stiftsfullm\u00e4ktige - Kiruna pastorat","robots":{"index":"index","follow":"follow","max-snippet":"max-snippet:-1","max-image-preview":"max-image-preview:large","max-video-preview":"max-video-preview:-1"},"canonical":"https:\/\/www.posk.se\/kiruna\/kandidater-sf\/","og_locale":"sv_SE","og_type":"article","og_title":"Kandidatlista \u2013 stiftsfullm\u00e4ktige - Kiruna pastorat","og_description":"POSK har idag 10 av 51 mandat\u00a0i stiftsfullm\u00e4ktige. 3\u00a0av dessa \u00e4r\u00a0fr\u00e5n Norra valkretsen (Norrbotten) och\u00a07 fr\u00e5n S\u00f6dra valkretsen (V\u00e4sterbotten).\u00a0 Detta \u00e4r v\u00e5ra kandidater i Norrbottens valkrets:\u00a0 1. Ann-Charlotte Dahlb\u00e4ck, specialpedagog, Pite\u00e5 f\u00f6rsamling 2. Sigvard Lindgren, transport- och lageransvarig, Norrfj\u00e4rdens f\u00f6rsamling 3. Mariann L\u00f6rstrand Blind, samisk samordnare\/egenf\u00f6retagare, Arvidsjaurs f\u00f6rsamling 4. Lars Pohjanen, ingenj\u00f6r, Lule\u00e5 domkyrkof\u00f6rsamling 5. [&hellip;]","og_url":"https:\/\/www.posk.se\/kiruna\/kandidater-sf\/","og_site_name":"Kiruna pastorat","article_modified_time":"2025-08-31T21:58:50+00:00","og_image":[{"width":1200,"height":360,"url":"https:\/\/www.posk.se\/kiruna\/wp-content\/uploads\/sites\/273\/2021\/08\/valsedelsplock-le-besk.jpg","type":"image\/jpeg"}],"twitter_card":"summary_large_image","twitter_misc":{"Ber\u00e4knad l\u00e4stid":"2 minuter"},"schema":{"@context":"https:\/\/schema.org","@graph":[{"@type":"WebPage","@id":"https:\/\/www.posk.se\/kiruna\/kandidater-sf\/","url":"https:\/\/www.posk.se\/kiruna\/kandidater-sf\/","name":"Kandidatlista \u2013 stiftsfullm\u00e4ktige - Kiruna pastorat","isPartOf":{"@id":"https:\/\/www.posk.se\/kiruna\/#website"},"primaryImageOfPage":{"@id":"https:\/\/www.posk.se\/kiruna\/kandidater-sf\/#primaryimage"},"image":{"@id":"https:\/\/www.posk.se\/kiruna\/kandidater-sf\/#primaryimage"},"thumbnailUrl":"https:\/\/www.posk.se\/kiruna\/wp-content\/uploads\/sites\/273\/2021\/08\/valsedelsplock-le-besk.jpg","datePublished":"2025-08-31T21:40:42+00:00","dateModified":"2025-08-31T21:58:50+00:00","breadcrumb":{"@id":"https:\/\/www.posk.se\/kiruna\/kandidater-sf\/#breadcrumb"},"inLanguage":"sv-SE","potentialAction":[{"@type":"ReadAction","target":["https:\/\/www.posk.se\/kiruna\/kandidater-sf\/"]}]},{"@type":"ImageObject","inLanguage":"sv-SE","@id":"https:\/\/www.posk.se\/kiruna\/kandidater-sf\/#primaryimage","url":"https:\/\/www.posk.se\/kiruna\/wp-content\/uploads\/sites\/273\/2021\/08\/valsedelsplock-le-besk.jpg","contentUrl":"https:\/\/www.posk.se\/kiruna\/wp-content\/uploads\/sites\/273\/2021\/08\/valsedelsplock-le-besk.jpg","width":1200,"height":360},{"@type":"BreadcrumbList","@id":"https:\/\/www.posk.se\/kiruna\/kandidater-sf\/#breadcrumb","itemListElement":[{"@type":"ListItem","position":1,"name":"Hem","item":"https:\/\/www.posk.se\/kiruna\/"},{"@type":"ListItem","position":2,"name":"Kandidatlista \u2013 stiftsfullm\u00e4ktige"}]},{"@type":"WebSite","@id":"https:\/\/www.posk.se\/kiruna\/#website","url":"https:\/\/www.posk.se\/kiruna\/","name":"Kiruna pastorat","description":"En POSK-grupp i Lule\u00e5 stift","potentialAction":[{"@type":"SearchAction","target":{"@type":"EntryPoint","urlTemplate":"https:\/\/www.posk.se\/kiruna\/?s={search_term_string}"},"query-input":{"@type":"PropertyValueSpecification","valueRequired":true,"valueName":"search_term_string"}}],"inLanguage":"sv-SE"}]}},"_links":{"self":[{"href":"https:\/\/www.posk.se\/kiruna\/wp-json\/wp\/v2\/pages\/120","targetHints":{"allow":["GET"]}}],"collection":[{"href":"https:\/\/www.posk.se\/kiruna\/wp-json\/wp\/v2\/pages"}],"about":[{"href":"https:\/\/www.posk.se\/kiruna\/wp-json\/wp\/v2\/types\/page"}],"author":[{"embeddable":true,"href":"https:\/\/www.posk.se\/kiruna\/wp-json\/wp\/v2\/users\/54"}],"replies":[{"embeddable":true,"href":"https:\/\/www.posk.se\/kiruna\/wp-json\/wp\/v2\/comments?post=120"}],"version-history":[{"count":3,"href":"https:\/\/www.posk.se\/kiruna\/wp-json\/wp\/v2\/pages\/120\/revisions"}],"predecessor-version":[{"id":125,"href":"https:\/\/www.posk.se\/kiruna\/wp-json\/wp\/v2\/pages\/120\/revisions\/125"}],"wp:featuredmedia":[{"embeddable":true,"href":"https:\/\/www.posk.se\/kiruna\/wp-json\/wp\/v2\/media\/106"}],"wp:attachment":[{"href":"https:\/\/www.posk.se\/kiruna\/wp-json\/wp\/v2\/media?parent=120"}],"curies":[{"name":"wp","href":"https:\/\/api.w.org\/{rel}","templated":true}]}}