{"id":52,"date":"2017-04-22T21:15:08","date_gmt":"2017-04-22T19:15:08","guid":{"rendered":"https:\/\/www.posk.se\/karlstadsstift\/?page_id=52"},"modified":"2025-07-30T17:45:54","modified_gmt":"2025-07-30T15:45:54","slug":"kandidater-stiftsfullmaktige","status":"publish","type":"page","link":"https:\/\/www.posk.se\/karlstadsstift\/kandidater-stiftsfullmaktige\/","title":{"rendered":"Kandidater Stiftsfullm\u00e4ktige"},"content":{"rendered":"<p>1. Stig Axelsson, Kristinehamn<br \/>\n2. Kim Sanfridsson, Arvika<br \/>\n3. Boel Elow Henckel, Karlstad<br \/>\n4. Johnny Blomquist, Arvika<br \/>\n5. Bengt Kihlstr\u00f6m, Karlstad<br \/>\n6. Margareta Wiklert, Kristinehamn<br \/>\n7. Fred-Inge Johansson, Karlstad<br \/>\n8. Elias Storm, Kristinehamn<br \/>\n9. Fredrik Haeffner, Karlstad<br \/>\n10. Sofia Westerdahl, Kristinehamn<br \/>\n11. Anneli Evaldsson, Arvika<br \/>\n12. Berith Nyqvist Cech, Karlstad<br \/>\n13. Leon Helliksson, Arvika<br \/>\n14. Ola Magnusson, Kristinehamn<br \/>\n15. Gunilla Bernholm, Karlstad<br \/>\n16. Johan Evensson, Karlstad<br \/>\n17. Ella Thor\u00e9n, Kristinehamn<br \/>\n18. Brith-Marie Johansson, Arvika<br \/>\n19. Simon Sj\u00f6gren, Karlstad<br \/>\n20. G\u00f6rel Olsson, Arvika<br \/>\n21. Lars Tanner, Kristinehamn<br \/>\n22. Staffan Larsson, Hammar\u00f6<br \/>\n23. Ann-Kristin \u00d6berg, Karlstad<br \/>\n24. Ingemar Elf, Kristinehamn<br \/>\n25. Jan Rud\u00e9us, Karlstad<br \/>\n26. Alex Eriksson, Arvika<br \/>\n27. Sven-Erik Hedgren, Kristinehamn<br \/>\n28. Magnus Tuneld, Karlstad<br \/>\n29. Cecilia Koch Danielsson, Kristinehamn<br \/>\n30. Lena Agnred, Karlstad<br \/>\n31 Birgitta Nordstr\u00f6m Karlstad<\/p>\n<p><a href=\"https:\/\/www.posk.se\/karlstadsstift\/kandidatpresentationer\/\">Presentation av kandidater till Kyrkom\u00f6tet och Stiftsfullm\u00e4ktige med bilder<\/a>.<\/p>\n<h4><span style=\"color: #800000\">Kandidater \u00f6vriga val<\/span><\/h4>\n<p><a href=\"https:\/\/www.posk.se\/karlstadsstift\/kandidater-kyrkomotet\/\">Kandidater till Kyrkom\u00f6tet<\/a><\/p>\n","protected":false},"excerpt":{"rendered":"<p>1. Stig Axelsson, Kristinehamn 2. Kim Sanfridsson, Arvika 3. Boel Elow Henckel, Karlstad 4. Johnny Blomquist, Arvika 5. Bengt Kihlstr\u00f6m, Karlstad 6. Margareta Wiklert, Kristinehamn 7. Fred-Inge Johansson, Karlstad 8. Elias Storm, Kristinehamn 9. Fredrik Haeffner, Karlstad 10. Sofia Westerdahl, Kristinehamn 11. Anneli Evaldsson, Arvika 12. Berith Nyqvist Cech, Karlstad 13. Leon Helliksson, Arvika 14. [&hellip;]<\/p>\n","protected":false},"author":57,"featured_media":0,"parent":0,"menu_order":7,"comment_status":"closed","ping_status":"closed","template":"page-templates\/page-sidebar-left.php","meta":{"_acf_changed":false,"footnotes":""},"class_list":["post-52","page","type-page","status-publish","hentry"],"acf":[],"yoast_head":"<!-- This site is optimized with the Yoast SEO plugin v24.9 - https:\/\/yoast.com\/wordpress\/plugins\/seo\/ -->\n<title>Kandidater Stiftsfullm\u00e4ktige - STIFTSF\u00d6RENING Karlstad<\/title>\n<meta name=\"robots\" content=\"index, follow, max-snippet:-1, max-image-preview:large, max-video-preview:-1\" \/>\n<link rel=\"canonical\" href=\"https:\/\/www.posk.se\/karlstadsstift\/kandidater-stiftsfullmaktige\/\" \/>\n<meta property=\"og:locale\" content=\"sv_SE\" \/>\n<meta property=\"og:type\" content=\"article\" \/>\n<meta property=\"og:title\" content=\"Kandidater Stiftsfullm\u00e4ktige - STIFTSF\u00d6RENING Karlstad\" \/>\n<meta property=\"og:description\" content=\"1. Stig Axelsson, Kristinehamn 2. Kim Sanfridsson, Arvika 3. Boel Elow Henckel, Karlstad 4. Johnny Blomquist, Arvika 5. Bengt Kihlstr\u00f6m, Karlstad 6. Margareta Wiklert, Kristinehamn 7. Fred-Inge Johansson, Karlstad 8. Elias Storm, Kristinehamn 9. Fredrik Haeffner, Karlstad 10. Sofia Westerdahl, Kristinehamn 11. Anneli Evaldsson, Arvika 12. Berith Nyqvist Cech, Karlstad 13. Leon Helliksson, Arvika 14. [&hellip;]\" \/>\n<meta property=\"og:url\" content=\"https:\/\/www.posk.se\/karlstadsstift\/kandidater-stiftsfullmaktige\/\" \/>\n<meta property=\"og:site_name\" content=\"STIFTSF\u00d6RENING Karlstad\" \/>\n<meta property=\"article:modified_time\" content=\"2025-07-30T15:45:54+00:00\" \/>\n<meta name=\"twitter:card\" content=\"summary_large_image\" \/>\n<meta name=\"twitter:label1\" content=\"Ber\u00e4knad l\u00e4stid\" \/>\n\t<meta name=\"twitter:data1\" content=\"1 minut\" \/>\n<script type=\"application\/ld+json\" class=\"yoast-schema-graph\">{\"@context\":\"https:\/\/schema.org\",\"@graph\":[{\"@type\":\"WebPage\",\"@id\":\"https:\/\/www.posk.se\/karlstadsstift\/kandidater-stiftsfullmaktige\/\",\"url\":\"https:\/\/www.posk.se\/karlstadsstift\/kandidater-stiftsfullmaktige\/\",\"name\":\"Kandidater Stiftsfullm\u00e4ktige - STIFTSF\u00d6RENING Karlstad\",\"isPartOf\":{\"@id\":\"https:\/\/www.posk.se\/karlstadsstift\/#website\"},\"datePublished\":\"2017-04-22T19:15:08+00:00\",\"dateModified\":\"2025-07-30T15:45:54+00:00\",\"breadcrumb\":{\"@id\":\"https:\/\/www.posk.se\/karlstadsstift\/kandidater-stiftsfullmaktige\/#breadcrumb\"},\"inLanguage\":\"sv-SE\",\"potentialAction\":[{\"@type\":\"ReadAction\",\"target\":[\"https:\/\/www.posk.se\/karlstadsstift\/kandidater-stiftsfullmaktige\/\"]}]},{\"@type\":\"BreadcrumbList\",\"@id\":\"https:\/\/www.posk.se\/karlstadsstift\/kandidater-stiftsfullmaktige\/#breadcrumb\",\"itemListElement\":[{\"@type\":\"ListItem\",\"position\":1,\"name\":\"Hem\",\"item\":\"https:\/\/www.posk.se\/karlstadsstift\/\"},{\"@type\":\"ListItem\",\"position\":2,\"name\":\"Kandidater Stiftsfullm\u00e4ktige\"}]},{\"@type\":\"WebSite\",\"@id\":\"https:\/\/www.posk.se\/karlstadsstift\/#website\",\"url\":\"https:\/\/www.posk.se\/karlstadsstift\/\",\"name\":\"STIFTSF\u00d6RENING Karlstad\",\"description\":\"Stiftsf\u00f6reningen f\u00f6r POSK i Karlstads stift\",\"potentialAction\":[{\"@type\":\"SearchAction\",\"target\":{\"@type\":\"EntryPoint\",\"urlTemplate\":\"https:\/\/www.posk.se\/karlstadsstift\/?s={search_term_string}\"},\"query-input\":{\"@type\":\"PropertyValueSpecification\",\"valueRequired\":true,\"valueName\":\"search_term_string\"}}],\"inLanguage\":\"sv-SE\"}]}<\/script>\n<!-- \/ Yoast SEO plugin. -->","yoast_head_json":{"title":"Kandidater Stiftsfullm\u00e4ktige - STIFTSF\u00d6RENING Karlstad","robots":{"index":"index","follow":"follow","max-snippet":"max-snippet:-1","max-image-preview":"max-image-preview:large","max-video-preview":"max-video-preview:-1"},"canonical":"https:\/\/www.posk.se\/karlstadsstift\/kandidater-stiftsfullmaktige\/","og_locale":"sv_SE","og_type":"article","og_title":"Kandidater Stiftsfullm\u00e4ktige - STIFTSF\u00d6RENING Karlstad","og_description":"1. Stig Axelsson, Kristinehamn 2. Kim Sanfridsson, Arvika 3. Boel Elow Henckel, Karlstad 4. Johnny Blomquist, Arvika 5. Bengt Kihlstr\u00f6m, Karlstad 6. Margareta Wiklert, Kristinehamn 7. Fred-Inge Johansson, Karlstad 8. Elias Storm, Kristinehamn 9. Fredrik Haeffner, Karlstad 10. Sofia Westerdahl, Kristinehamn 11. Anneli Evaldsson, Arvika 12. Berith Nyqvist Cech, Karlstad 13. Leon Helliksson, Arvika 14. [&hellip;]","og_url":"https:\/\/www.posk.se\/karlstadsstift\/kandidater-stiftsfullmaktige\/","og_site_name":"STIFTSF\u00d6RENING Karlstad","article_modified_time":"2025-07-30T15:45:54+00:00","twitter_card":"summary_large_image","twitter_misc":{"Ber\u00e4knad l\u00e4stid":"1 minut"},"schema":{"@context":"https:\/\/schema.org","@graph":[{"@type":"WebPage","@id":"https:\/\/www.posk.se\/karlstadsstift\/kandidater-stiftsfullmaktige\/","url":"https:\/\/www.posk.se\/karlstadsstift\/kandidater-stiftsfullmaktige\/","name":"Kandidater Stiftsfullm\u00e4ktige - STIFTSF\u00d6RENING Karlstad","isPartOf":{"@id":"https:\/\/www.posk.se\/karlstadsstift\/#website"},"datePublished":"2017-04-22T19:15:08+00:00","dateModified":"2025-07-30T15:45:54+00:00","breadcrumb":{"@id":"https:\/\/www.posk.se\/karlstadsstift\/kandidater-stiftsfullmaktige\/#breadcrumb"},"inLanguage":"sv-SE","potentialAction":[{"@type":"ReadAction","target":["https:\/\/www.posk.se\/karlstadsstift\/kandidater-stiftsfullmaktige\/"]}]},{"@type":"BreadcrumbList","@id":"https:\/\/www.posk.se\/karlstadsstift\/kandidater-stiftsfullmaktige\/#breadcrumb","itemListElement":[{"@type":"ListItem","position":1,"name":"Hem","item":"https:\/\/www.posk.se\/karlstadsstift\/"},{"@type":"ListItem","position":2,"name":"Kandidater Stiftsfullm\u00e4ktige"}]},{"@type":"WebSite","@id":"https:\/\/www.posk.se\/karlstadsstift\/#website","url":"https:\/\/www.posk.se\/karlstadsstift\/","name":"STIFTSF\u00d6RENING Karlstad","description":"Stiftsf\u00f6reningen f\u00f6r POSK i Karlstads stift","potentialAction":[{"@type":"SearchAction","target":{"@type":"EntryPoint","urlTemplate":"https:\/\/www.posk.se\/karlstadsstift\/?s={search_term_string}"},"query-input":{"@type":"PropertyValueSpecification","valueRequired":true,"valueName":"search_term_string"}}],"inLanguage":"sv-SE"}]}},"_links":{"self":[{"href":"https:\/\/www.posk.se\/karlstadsstift\/wp-json\/wp\/v2\/pages\/52","targetHints":{"allow":["GET"]}}],"collection":[{"href":"https:\/\/www.posk.se\/karlstadsstift\/wp-json\/wp\/v2\/pages"}],"about":[{"href":"https:\/\/www.posk.se\/karlstadsstift\/wp-json\/wp\/v2\/types\/page"}],"author":[{"embeddable":true,"href":"https:\/\/www.posk.se\/karlstadsstift\/wp-json\/wp\/v2\/users\/57"}],"replies":[{"embeddable":true,"href":"https:\/\/www.posk.se\/karlstadsstift\/wp-json\/wp\/v2\/comments?post=52"}],"version-history":[{"count":14,"href":"https:\/\/www.posk.se\/karlstadsstift\/wp-json\/wp\/v2\/pages\/52\/revisions"}],"predecessor-version":[{"id":612,"href":"https:\/\/www.posk.se\/karlstadsstift\/wp-json\/wp\/v2\/pages\/52\/revisions\/612"}],"wp:attachment":[{"href":"https:\/\/www.posk.se\/karlstadsstift\/wp-json\/wp\/v2\/media?parent=52"}],"curies":[{"name":"wp","href":"https:\/\/api.w.org\/{rel}","templated":true}]}}