{"id":46,"date":"2017-04-22T21:06:16","date_gmt":"2017-04-22T19:06:16","guid":{"rendered":"https:\/\/www.posk.se\/karlstadsstift\/?page_id=46"},"modified":"2021-06-24T14:06:59","modified_gmt":"2021-06-24T12:06:59","slug":"om-oss","status":"publish","type":"page","link":"https:\/\/www.posk.se\/karlstadsstift\/om-oss\/","title":{"rendered":"Om oss"},"content":{"rendered":"<p><strong>Styrelsen<\/strong><br \/>\n<strong>Kim Sanfridsson, Ordf\u00f6rande<\/strong><br \/>\n072-541 77 99, Kim.Sanfridsson@posk.se<\/p>\n<p><strong>Eva Forsell, Vice Ordf\u00f6rande<br \/>\n<\/strong><br \/>\n<strong>Helen Kensby, Kass\u00f6r<br \/>\n<\/strong><br \/>\n<strong>Johan Evensson, Webbredakt\u00f6r<br \/>\n<\/strong>Johan.Evensson@live.se<\/p>\n<p><strong>Boel Elow Henckel<br \/>\n<\/strong><br \/>\n<strong>Stig Axelsson<br \/>\n<\/strong><br \/>\n<strong>Johnny Blomqvist<\/strong><\/p>\n<p><strong>Medlem<br \/>\n<\/strong>Bli medlem genom att betala in p\u00e5 bankkonto 8431-9, 53 129 262-1 i Westra Wermlands sparbank. Medlemsavgiften \u00e4r 150kr. Kontakta g\u00e4rna <a href=\"mailto:helen@flugfiske.se\">kass\u00f6ren<\/a> i samband med medlemskapet.<\/p>\n<p>&nbsp;<\/p>\n<figure id=\"attachment_293\" aria-describedby=\"caption-attachment-293\" style=\"width: 265px\" class=\"wp-caption aligncenter\"><img loading=\"lazy\" decoding=\"async\" class=\"size-medium wp-image-293\" src=\"https:\/\/www.posk.se\/karlstadsstift\/wp-content\/uploads\/sites\/58\/2021\/06\/204024674-2850012688662508-4480325715089278668-n-265x300.png\" alt=\"\" width=\"265\" height=\"300\" srcset=\"https:\/\/www.posk.se\/karlstadsstift\/wp-content\/uploads\/sites\/58\/2021\/06\/204024674-2850012688662508-4480325715089278668-n-265x300.png 265w, https:\/\/www.posk.se\/karlstadsstift\/wp-content\/uploads\/sites\/58\/2021\/06\/204024674-2850012688662508-4480325715089278668-n-904x1024.png 904w, https:\/\/www.posk.se\/karlstadsstift\/wp-content\/uploads\/sites\/58\/2021\/06\/204024674-2850012688662508-4480325715089278668-n-768x870.png 768w, https:\/\/www.posk.se\/karlstadsstift\/wp-content\/uploads\/sites\/58\/2021\/06\/204024674-2850012688662508-4480325715089278668-n-1355x1536.png 1355w, https:\/\/www.posk.se\/karlstadsstift\/wp-content\/uploads\/sites\/58\/2021\/06\/204024674-2850012688662508-4480325715089278668-n-330x374.png 330w, https:\/\/www.posk.se\/karlstadsstift\/wp-content\/uploads\/sites\/58\/2021\/06\/204024674-2850012688662508-4480325715089278668-n.png 1500w\" sizes=\"auto, (max-width: 265px) 100vw, 265px\" \/><figcaption id=\"caption-attachment-293\" class=\"wp-caption-text\">123 360 72 56<\/figcaption><\/figure>\n<p>&nbsp;<\/p>\n<p>Bor du inom Arvika, Karlstad eller Kristinehamns Pastorat, skall du inte bli medlem i stiftsf\u00f6reningen utan kontaktar den lokala f\u00f6reningen.<br \/>\n<a href=\"https:\/\/www.posk.se\/karlstad\/\">Karlstad<\/a><br \/>\n<a href=\"https:\/\/www.posk.se\/arvika\/\">Arvika<\/a><br \/>\n<a href=\"https:\/\/www.posk.se\/kristinehamn\/\">Kristinehamn<\/a><\/p>\n<p><strong>G\u00e5va<\/strong><br \/>\nBetala g\u00e4rna in en g\u00e5va till oss p\u00e5 8431-9, 53 129 262-1 i Westra Wermlands sparbank.<\/p>\n","protected":false},"excerpt":{"rendered":"<p>Styrelsen Kim Sanfridsson, Ordf\u00f6rande 072-541 77 99, Kim.Sanfridsson@posk.se Eva Forsell, Vice Ordf\u00f6rande Helen Kensby, Kass\u00f6r Johan Evensson, Webbredakt\u00f6r Johan.Evensson@live.se Boel Elow Henckel Stig Axelsson Johnny Blomqvist Medlem Bli medlem genom att betala in p\u00e5 bankkonto 8431-9, 53 129 262-1 i Westra Wermlands sparbank. Medlemsavgiften \u00e4r 150kr. Kontakta g\u00e4rna kass\u00f6ren i samband med medlemskapet. &nbsp; &nbsp; [&hellip;]<\/p>\n","protected":false},"author":57,"featured_media":0,"parent":0,"menu_order":4,"comment_status":"closed","ping_status":"closed","template":"page-templates\/page-sidebar-left.php","meta":{"_acf_changed":false,"footnotes":""},"class_list":["post-46","page","type-page","status-publish","hentry"],"acf":[],"yoast_head":"<!-- This site is optimized with the Yoast SEO plugin v24.9 - https:\/\/yoast.com\/wordpress\/plugins\/seo\/ -->\n<title>Om oss - STIFTSF\u00d6RENING Karlstad<\/title>\n<meta name=\"description\" content=\"Stiftsf\u00f6reningen inom Karlstads Stift\" \/>\n<meta name=\"robots\" content=\"index, follow, max-snippet:-1, max-image-preview:large, max-video-preview:-1\" \/>\n<link rel=\"canonical\" href=\"https:\/\/www.posk.se\/karlstadsstift\/om-oss\/\" \/>\n<meta property=\"og:locale\" content=\"sv_SE\" \/>\n<meta property=\"og:type\" content=\"article\" \/>\n<meta property=\"og:title\" content=\"Om oss - STIFTSF\u00d6RENING Karlstad\" \/>\n<meta property=\"og:description\" content=\"Stiftsf\u00f6reningen inom Karlstads Stift\" \/>\n<meta property=\"og:url\" content=\"https:\/\/www.posk.se\/karlstadsstift\/om-oss\/\" \/>\n<meta property=\"og:site_name\" content=\"STIFTSF\u00d6RENING Karlstad\" \/>\n<meta property=\"article:modified_time\" content=\"2021-06-24T12:06:59+00:00\" \/>\n<meta property=\"og:image\" content=\"https:\/\/www.posk.se\/karlstadsstift\/wp-content\/uploads\/sites\/58\/2021\/06\/204024674-2850012688662508-4480325715089278668-n-265x300.png\" \/>\n<meta name=\"twitter:card\" content=\"summary_large_image\" \/>\n<meta name=\"twitter:label1\" content=\"Ber\u00e4knad l\u00e4stid\" \/>\n\t<meta name=\"twitter:data1\" content=\"1 minut\" \/>\n<script type=\"application\/ld+json\" class=\"yoast-schema-graph\">{\"@context\":\"https:\/\/schema.org\",\"@graph\":[{\"@type\":\"WebPage\",\"@id\":\"https:\/\/www.posk.se\/karlstadsstift\/om-oss\/\",\"url\":\"https:\/\/www.posk.se\/karlstadsstift\/om-oss\/\",\"name\":\"Om oss - STIFTSF\u00d6RENING Karlstad\",\"isPartOf\":{\"@id\":\"https:\/\/www.posk.se\/karlstadsstift\/#website\"},\"primaryImageOfPage\":{\"@id\":\"https:\/\/www.posk.se\/karlstadsstift\/om-oss\/#primaryimage\"},\"image\":{\"@id\":\"https:\/\/www.posk.se\/karlstadsstift\/om-oss\/#primaryimage\"},\"thumbnailUrl\":\"https:\/\/www.posk.se\/karlstadsstift\/wp-content\/uploads\/sites\/58\/2021\/06\/204024674-2850012688662508-4480325715089278668-n-265x300.png\",\"datePublished\":\"2017-04-22T19:06:16+00:00\",\"dateModified\":\"2021-06-24T12:06:59+00:00\",\"description\":\"Stiftsf\u00f6reningen inom Karlstads Stift\",\"breadcrumb\":{\"@id\":\"https:\/\/www.posk.se\/karlstadsstift\/om-oss\/#breadcrumb\"},\"inLanguage\":\"sv-SE\",\"potentialAction\":[{\"@type\":\"ReadAction\",\"target\":[\"https:\/\/www.posk.se\/karlstadsstift\/om-oss\/\"]}]},{\"@type\":\"ImageObject\",\"inLanguage\":\"sv-SE\",\"@id\":\"https:\/\/www.posk.se\/karlstadsstift\/om-oss\/#primaryimage\",\"url\":\"https:\/\/www.posk.se\/karlstadsstift\/wp-content\/uploads\/sites\/58\/2021\/06\/204024674-2850012688662508-4480325715089278668-n.png\",\"contentUrl\":\"https:\/\/www.posk.se\/karlstadsstift\/wp-content\/uploads\/sites\/58\/2021\/06\/204024674-2850012688662508-4480325715089278668-n.png\",\"width\":1500,\"height\":1700,\"caption\":\"123 360 72 56\"},{\"@type\":\"BreadcrumbList\",\"@id\":\"https:\/\/www.posk.se\/karlstadsstift\/om-oss\/#breadcrumb\",\"itemListElement\":[{\"@type\":\"ListItem\",\"position\":1,\"name\":\"Hem\",\"item\":\"https:\/\/www.posk.se\/karlstadsstift\/\"},{\"@type\":\"ListItem\",\"position\":2,\"name\":\"Om oss\"}]},{\"@type\":\"WebSite\",\"@id\":\"https:\/\/www.posk.se\/karlstadsstift\/#website\",\"url\":\"https:\/\/www.posk.se\/karlstadsstift\/\",\"name\":\"STIFTSF\u00d6RENING Karlstad\",\"description\":\"Stiftsf\u00f6reningen f\u00f6r POSK i Karlstads stift\",\"potentialAction\":[{\"@type\":\"SearchAction\",\"target\":{\"@type\":\"EntryPoint\",\"urlTemplate\":\"https:\/\/www.posk.se\/karlstadsstift\/?s={search_term_string}\"},\"query-input\":{\"@type\":\"PropertyValueSpecification\",\"valueRequired\":true,\"valueName\":\"search_term_string\"}}],\"inLanguage\":\"sv-SE\"}]}<\/script>\n<!-- \/ Yoast SEO plugin. -->","yoast_head_json":{"title":"Om oss - STIFTSF\u00d6RENING Karlstad","description":"Stiftsf\u00f6reningen inom Karlstads Stift","robots":{"index":"index","follow":"follow","max-snippet":"max-snippet:-1","max-image-preview":"max-image-preview:large","max-video-preview":"max-video-preview:-1"},"canonical":"https:\/\/www.posk.se\/karlstadsstift\/om-oss\/","og_locale":"sv_SE","og_type":"article","og_title":"Om oss - STIFTSF\u00d6RENING Karlstad","og_description":"Stiftsf\u00f6reningen inom Karlstads Stift","og_url":"https:\/\/www.posk.se\/karlstadsstift\/om-oss\/","og_site_name":"STIFTSF\u00d6RENING Karlstad","article_modified_time":"2021-06-24T12:06:59+00:00","og_image":[{"url":"https:\/\/www.posk.se\/karlstadsstift\/wp-content\/uploads\/sites\/58\/2021\/06\/204024674-2850012688662508-4480325715089278668-n-265x300.png","type":"","width":"","height":""}],"twitter_card":"summary_large_image","twitter_misc":{"Ber\u00e4knad l\u00e4stid":"1 minut"},"schema":{"@context":"https:\/\/schema.org","@graph":[{"@type":"WebPage","@id":"https:\/\/www.posk.se\/karlstadsstift\/om-oss\/","url":"https:\/\/www.posk.se\/karlstadsstift\/om-oss\/","name":"Om oss - STIFTSF\u00d6RENING Karlstad","isPartOf":{"@id":"https:\/\/www.posk.se\/karlstadsstift\/#website"},"primaryImageOfPage":{"@id":"https:\/\/www.posk.se\/karlstadsstift\/om-oss\/#primaryimage"},"image":{"@id":"https:\/\/www.posk.se\/karlstadsstift\/om-oss\/#primaryimage"},"thumbnailUrl":"https:\/\/www.posk.se\/karlstadsstift\/wp-content\/uploads\/sites\/58\/2021\/06\/204024674-2850012688662508-4480325715089278668-n-265x300.png","datePublished":"2017-04-22T19:06:16+00:00","dateModified":"2021-06-24T12:06:59+00:00","description":"Stiftsf\u00f6reningen inom Karlstads Stift","breadcrumb":{"@id":"https:\/\/www.posk.se\/karlstadsstift\/om-oss\/#breadcrumb"},"inLanguage":"sv-SE","potentialAction":[{"@type":"ReadAction","target":["https:\/\/www.posk.se\/karlstadsstift\/om-oss\/"]}]},{"@type":"ImageObject","inLanguage":"sv-SE","@id":"https:\/\/www.posk.se\/karlstadsstift\/om-oss\/#primaryimage","url":"https:\/\/www.posk.se\/karlstadsstift\/wp-content\/uploads\/sites\/58\/2021\/06\/204024674-2850012688662508-4480325715089278668-n.png","contentUrl":"https:\/\/www.posk.se\/karlstadsstift\/wp-content\/uploads\/sites\/58\/2021\/06\/204024674-2850012688662508-4480325715089278668-n.png","width":1500,"height":1700,"caption":"123 360 72 56"},{"@type":"BreadcrumbList","@id":"https:\/\/www.posk.se\/karlstadsstift\/om-oss\/#breadcrumb","itemListElement":[{"@type":"ListItem","position":1,"name":"Hem","item":"https:\/\/www.posk.se\/karlstadsstift\/"},{"@type":"ListItem","position":2,"name":"Om oss"}]},{"@type":"WebSite","@id":"https:\/\/www.posk.se\/karlstadsstift\/#website","url":"https:\/\/www.posk.se\/karlstadsstift\/","name":"STIFTSF\u00d6RENING Karlstad","description":"Stiftsf\u00f6reningen f\u00f6r POSK i Karlstads stift","potentialAction":[{"@type":"SearchAction","target":{"@type":"EntryPoint","urlTemplate":"https:\/\/www.posk.se\/karlstadsstift\/?s={search_term_string}"},"query-input":{"@type":"PropertyValueSpecification","valueRequired":true,"valueName":"search_term_string"}}],"inLanguage":"sv-SE"}]}},"_links":{"self":[{"href":"https:\/\/www.posk.se\/karlstadsstift\/wp-json\/wp\/v2\/pages\/46","targetHints":{"allow":["GET"]}}],"collection":[{"href":"https:\/\/www.posk.se\/karlstadsstift\/wp-json\/wp\/v2\/pages"}],"about":[{"href":"https:\/\/www.posk.se\/karlstadsstift\/wp-json\/wp\/v2\/types\/page"}],"author":[{"embeddable":true,"href":"https:\/\/www.posk.se\/karlstadsstift\/wp-json\/wp\/v2\/users\/57"}],"replies":[{"embeddable":true,"href":"https:\/\/www.posk.se\/karlstadsstift\/wp-json\/wp\/v2\/comments?post=46"}],"version-history":[{"count":11,"href":"https:\/\/www.posk.se\/karlstadsstift\/wp-json\/wp\/v2\/pages\/46\/revisions"}],"predecessor-version":[{"id":309,"href":"https:\/\/www.posk.se\/karlstadsstift\/wp-json\/wp\/v2\/pages\/46\/revisions\/309"}],"wp:attachment":[{"href":"https:\/\/www.posk.se\/karlstadsstift\/wp-json\/wp\/v2\/media?parent=46"}],"curies":[{"name":"wp","href":"https:\/\/api.w.org\/{rel}","templated":true}]}}