{"id":50,"date":"2017-07-01T17:29:43","date_gmt":"2017-07-01T15:29:43","guid":{"rendered":"https:\/\/www.posk.se\/kalmar\/?page_id=50"},"modified":"2025-09-13T08:51:25","modified_gmt":"2025-09-13T06:51:25","slug":"om","status":"publish","type":"page","link":"https:\/\/www.posk.se\/kalmar\/om\/","title":{"rendered":"Styrelsen"},"content":{"rendered":"<p><strong>Styrelsen f\u00f6r POSK i Kalmar Pastorat<br \/>\n<\/strong>Victor Ramstr\u00f6m \u2013 ordf\u00f6rande<br \/>\nKarin Lundborg \u2013 sekreterare<br \/>\nCarina Stavervik \u2013 ledamot<br \/>\nMarianne Sigheim \u2013 ledamot<br \/>\nDaniel Johannisson \u2013 ledamot<br \/>\nThorsten Thorvaldsson \u2013 ledamot<br \/>\nGudrun Franz\u00e9n \u2013 ers\u00e4ttare<br \/>\nMargreth Johansson \u2013 ers\u00e4ttare<\/p>\n<p>Revisorer \u00e4r Anders Torbrand &amp; Gunvor Ar\u00e9n.<br \/>\nHel\u00e9n Holmstr\u00f6m \u00e4r revisorsers\u00e4ttare<\/p>\n<p><strong>Kontakt<br \/>\n<\/strong>Om du har n\u00e5gra fr\u00e5gor, synpunkter eller id\u00e9er \u00e4r du varmt v\u00e4lkommen att h\u00f6ra av dig till:<br \/>\nVictor Ramstr\u00f6m, ordf\u00f6rande<br \/>\nSilkeborgsgatan 6<br \/>\n392 43 Kalmar<br \/>\nE-post: <a href=\"https:\/\/www.posk.se\/kalmar\/victor.ramstrom@posk.se%22\">victor.ramstrom@posk.se<\/a><br \/>\nTelefon: 070-545 77 19<\/p>\n","protected":false},"excerpt":{"rendered":"<p>Styrelsen f\u00f6r POSK i Kalmar Pastorat Victor Ramstr\u00f6m \u2013 ordf\u00f6rande Karin Lundborg \u2013 sekreterare Carina Stavervik \u2013 ledamot Marianne Sigheim \u2013 ledamot Daniel Johannisson \u2013 ledamot Thorsten Thorvaldsson \u2013 ledamot Gudrun Franz\u00e9n \u2013 ers\u00e4ttare Margreth Johansson \u2013 ers\u00e4ttare Revisorer \u00e4r Anders Torbrand &amp; Gunvor Ar\u00e9n. Hel\u00e9n Holmstr\u00f6m \u00e4r revisorsers\u00e4ttare Kontakt Om du har n\u00e5gra fr\u00e5gor, [&hellip;]<\/p>\n","protected":false},"author":91,"featured_media":0,"parent":0,"menu_order":5,"comment_status":"closed","ping_status":"closed","template":"page-templates\/page-sidebar-left.php","meta":{"_acf_changed":false,"footnotes":""},"class_list":["post-50","page","type-page","status-publish","hentry"],"acf":[],"yoast_head":"<!-- This site is optimized with the Yoast SEO plugin v24.9 - https:\/\/yoast.com\/wordpress\/plugins\/seo\/ -->\n<title>Styrelsen - Kalmar<\/title>\n<meta name=\"description\" content=\"POSK i Kalmar pastorats styrelse best\u00e5r av Victor, Marianne, Karin, Carina, Marianne och Daniel och samtliga \u00e4r engagerade i f\u00f6rsamlingslivet.\" \/>\n<meta name=\"robots\" content=\"index, follow, max-snippet:-1, max-image-preview:large, max-video-preview:-1\" \/>\n<link rel=\"canonical\" href=\"https:\/\/www.posk.se\/kalmar\/om\/\" \/>\n<meta property=\"og:locale\" content=\"sv_SE\" \/>\n<meta property=\"og:type\" content=\"article\" \/>\n<meta property=\"og:title\" content=\"Styrelsen - Kalmar\" \/>\n<meta property=\"og:description\" content=\"POSK i Kalmar pastorats styrelse best\u00e5r av Victor, Marianne, Karin, Carina, Marianne och Daniel och samtliga \u00e4r engagerade i f\u00f6rsamlingslivet.\" \/>\n<meta property=\"og:url\" content=\"https:\/\/www.posk.se\/kalmar\/om\/\" \/>\n<meta property=\"og:site_name\" content=\"Kalmar\" \/>\n<meta property=\"article:modified_time\" content=\"2025-09-13T06:51:25+00:00\" \/>\n<meta name=\"twitter:card\" content=\"summary_large_image\" \/>\n<meta name=\"twitter:label1\" content=\"Ber\u00e4knad l\u00e4stid\" \/>\n\t<meta name=\"twitter:data1\" content=\"1 minut\" \/>\n<script type=\"application\/ld+json\" class=\"yoast-schema-graph\">{\"@context\":\"https:\/\/schema.org\",\"@graph\":[{\"@type\":\"WebPage\",\"@id\":\"https:\/\/www.posk.se\/kalmar\/om\/\",\"url\":\"https:\/\/www.posk.se\/kalmar\/om\/\",\"name\":\"Styrelsen - Kalmar\",\"isPartOf\":{\"@id\":\"https:\/\/www.posk.se\/kalmar\/#website\"},\"datePublished\":\"2017-07-01T15:29:43+00:00\",\"dateModified\":\"2025-09-13T06:51:25+00:00\",\"description\":\"POSK i Kalmar pastorats styrelse best\u00e5r av Victor, Marianne, Karin, Carina, Marianne och Daniel och samtliga \u00e4r engagerade i f\u00f6rsamlingslivet.\",\"breadcrumb\":{\"@id\":\"https:\/\/www.posk.se\/kalmar\/om\/#breadcrumb\"},\"inLanguage\":\"sv-SE\",\"potentialAction\":[{\"@type\":\"ReadAction\",\"target\":[\"https:\/\/www.posk.se\/kalmar\/om\/\"]}]},{\"@type\":\"BreadcrumbList\",\"@id\":\"https:\/\/www.posk.se\/kalmar\/om\/#breadcrumb\",\"itemListElement\":[{\"@type\":\"ListItem\",\"position\":1,\"name\":\"Hem\",\"item\":\"https:\/\/www.posk.se\/kalmar\/\"},{\"@type\":\"ListItem\",\"position\":2,\"name\":\"Styrelsen\"}]},{\"@type\":\"WebSite\",\"@id\":\"https:\/\/www.posk.se\/kalmar\/#website\",\"url\":\"https:\/\/www.posk.se\/kalmar\/\",\"name\":\"Kalmar\",\"description\":\"POSK-grupp i V\u00e4xj\u00f6 stift\",\"potentialAction\":[{\"@type\":\"SearchAction\",\"target\":{\"@type\":\"EntryPoint\",\"urlTemplate\":\"https:\/\/www.posk.se\/kalmar\/?s={search_term_string}\"},\"query-input\":{\"@type\":\"PropertyValueSpecification\",\"valueRequired\":true,\"valueName\":\"search_term_string\"}}],\"inLanguage\":\"sv-SE\"}]}<\/script>\n<!-- \/ Yoast SEO plugin. -->","yoast_head_json":{"title":"Styrelsen - Kalmar","description":"POSK i Kalmar pastorats styrelse best\u00e5r av Victor, Marianne, Karin, Carina, Marianne och Daniel och samtliga \u00e4r engagerade i f\u00f6rsamlingslivet.","robots":{"index":"index","follow":"follow","max-snippet":"max-snippet:-1","max-image-preview":"max-image-preview:large","max-video-preview":"max-video-preview:-1"},"canonical":"https:\/\/www.posk.se\/kalmar\/om\/","og_locale":"sv_SE","og_type":"article","og_title":"Styrelsen - Kalmar","og_description":"POSK i Kalmar pastorats styrelse best\u00e5r av Victor, Marianne, Karin, Carina, Marianne och Daniel och samtliga \u00e4r engagerade i f\u00f6rsamlingslivet.","og_url":"https:\/\/www.posk.se\/kalmar\/om\/","og_site_name":"Kalmar","article_modified_time":"2025-09-13T06:51:25+00:00","twitter_card":"summary_large_image","twitter_misc":{"Ber\u00e4knad l\u00e4stid":"1 minut"},"schema":{"@context":"https:\/\/schema.org","@graph":[{"@type":"WebPage","@id":"https:\/\/www.posk.se\/kalmar\/om\/","url":"https:\/\/www.posk.se\/kalmar\/om\/","name":"Styrelsen - Kalmar","isPartOf":{"@id":"https:\/\/www.posk.se\/kalmar\/#website"},"datePublished":"2017-07-01T15:29:43+00:00","dateModified":"2025-09-13T06:51:25+00:00","description":"POSK i Kalmar pastorats styrelse best\u00e5r av Victor, Marianne, Karin, Carina, Marianne och Daniel och samtliga \u00e4r engagerade i f\u00f6rsamlingslivet.","breadcrumb":{"@id":"https:\/\/www.posk.se\/kalmar\/om\/#breadcrumb"},"inLanguage":"sv-SE","potentialAction":[{"@type":"ReadAction","target":["https:\/\/www.posk.se\/kalmar\/om\/"]}]},{"@type":"BreadcrumbList","@id":"https:\/\/www.posk.se\/kalmar\/om\/#breadcrumb","itemListElement":[{"@type":"ListItem","position":1,"name":"Hem","item":"https:\/\/www.posk.se\/kalmar\/"},{"@type":"ListItem","position":2,"name":"Styrelsen"}]},{"@type":"WebSite","@id":"https:\/\/www.posk.se\/kalmar\/#website","url":"https:\/\/www.posk.se\/kalmar\/","name":"Kalmar","description":"POSK-grupp i V\u00e4xj\u00f6 stift","potentialAction":[{"@type":"SearchAction","target":{"@type":"EntryPoint","urlTemplate":"https:\/\/www.posk.se\/kalmar\/?s={search_term_string}"},"query-input":{"@type":"PropertyValueSpecification","valueRequired":true,"valueName":"search_term_string"}}],"inLanguage":"sv-SE"}]}},"_links":{"self":[{"href":"https:\/\/www.posk.se\/kalmar\/wp-json\/wp\/v2\/pages\/50","targetHints":{"allow":["GET"]}}],"collection":[{"href":"https:\/\/www.posk.se\/kalmar\/wp-json\/wp\/v2\/pages"}],"about":[{"href":"https:\/\/www.posk.se\/kalmar\/wp-json\/wp\/v2\/types\/page"}],"author":[{"embeddable":true,"href":"https:\/\/www.posk.se\/kalmar\/wp-json\/wp\/v2\/users\/91"}],"replies":[{"embeddable":true,"href":"https:\/\/www.posk.se\/kalmar\/wp-json\/wp\/v2\/comments?post=50"}],"version-history":[{"count":15,"href":"https:\/\/www.posk.se\/kalmar\/wp-json\/wp\/v2\/pages\/50\/revisions"}],"predecessor-version":[{"id":584,"href":"https:\/\/www.posk.se\/kalmar\/wp-json\/wp\/v2\/pages\/50\/revisions\/584"}],"wp:attachment":[{"href":"https:\/\/www.posk.se\/kalmar\/wp-json\/wp\/v2\/media?parent=50"}],"curies":[{"name":"wp","href":"https:\/\/api.w.org\/{rel}","templated":true}]}}