{"id":207,"date":"2020-01-29T23:09:36","date_gmt":"2020-01-29T22:09:36","guid":{"rendered":"https:\/\/www.posk.se\/kalmar\/?page_id=207"},"modified":"2025-09-13T08:49:46","modified_gmt":"2025-09-13T06:49:46","slug":"medlemskap","status":"publish","type":"page","link":"https:\/\/www.posk.se\/kalmar\/medlemskap\/","title":{"rendered":"Medlemskap"},"content":{"rendered":"<p><strong>Bli medlem!<\/strong><br \/>\nVi har medlemmar ur samtliga fem f\u00f6rsamlingar i Kalmar pastorat: Tv\u00e5 systrars f\u00f6rsamling, S:ta Birgitta f\u00f6rsamling, Heliga Korsets f\u00f6rsamling, Kalmar Domkyrkof\u00f6rsamling och S:t Johannes f\u00f6rsamling.\u00a0Vi hoppas att du vill vara med och st\u00f6dja oss i arbetet p\u00e5 olika s\u00e4tt.<br \/>\nDu \u00e4r v\u00e4lkommen som medlem vart du \u00e4n bor, i eller utanf\u00f6r Kalmar. Vi beh\u00f6ver st\u00e4ndigt bli fler som arbetar f\u00f6r en kyrka fri fr\u00e5n partipolitik.<\/p>\n<p><strong>Medlemsavgift<\/strong><br \/>\nV\u00e5r medlemsavgift \u00e4r p\u00e5 150 kronor.<br \/>\nDu kan betala in den p\u00e5 tv\u00e5 olika s\u00e4tt, antingen till bankgironummer <strong>379-6265<\/strong><em><b><br \/>\n<\/b><\/em>Eller s\u00e5 kan du anv\u00e4nda Swish och nummer <strong>123 210 24 24<\/strong>.<br \/>\nVar noga med att ange medlemsavgift, ditt namn och POSK i Kalmar.<\/p>\n<p><img loading=\"lazy\" decoding=\"async\" class=\"alignnone wp-image-225 size-medium\" src=\"https:\/\/www.posk.se\/kalmar\/wp-content\/uploads\/sites\/205\/2020\/01\/qr-265x300.png\" alt=\"\" width=\"265\" height=\"300\" srcset=\"https:\/\/www.posk.se\/kalmar\/wp-content\/uploads\/sites\/205\/2020\/01\/qr-265x300.png 265w, https:\/\/www.posk.se\/kalmar\/wp-content\/uploads\/sites\/205\/2020\/01\/qr-768x870.png 768w, https:\/\/www.posk.se\/kalmar\/wp-content\/uploads\/sites\/205\/2020\/01\/qr-904x1024.png 904w, https:\/\/www.posk.se\/kalmar\/wp-content\/uploads\/sites\/205\/2020\/01\/qr-330x374.png 330w, https:\/\/www.posk.se\/kalmar\/wp-content\/uploads\/sites\/205\/2020\/01\/qr.png 1500w\" sizes=\"auto, (max-width: 265px) 100vw, 265px\" \/><\/p>\n<p><strong>Kontakt<br \/>\n<\/strong>Har du n\u00e5gra fr\u00e5gor om medlemskap \u00e4r du v\u00e4lkommen att kontakta:<br \/>\nVictor Ramstr\u00f6m, ordf\u00f6rande<br \/>\nE-post: <a href=\"https:\/\/www.posk.se\/kalmar\/victor.ramstrom@posk.se%22\">victor.ramstrom@posk.se<\/a><br \/>\nTelefon: 070-545 77 19<\/p>\n<p><strong>V\u00e4lkommen att engagera dig i POSK i Kalmar Pastorat!<\/strong><\/p>\n","protected":false},"excerpt":{"rendered":"<p>Bli medlem! Vi har medlemmar ur samtliga fem f\u00f6rsamlingar i Kalmar pastorat: Tv\u00e5 systrars f\u00f6rsamling, S:ta Birgitta f\u00f6rsamling, Heliga Korsets f\u00f6rsamling, Kalmar Domkyrkof\u00f6rsamling och S:t Johannes f\u00f6rsamling.\u00a0Vi hoppas att du vill vara med och st\u00f6dja oss i arbetet p\u00e5 olika s\u00e4tt. Du \u00e4r v\u00e4lkommen som medlem vart du \u00e4n bor, i eller utanf\u00f6r Kalmar. Vi [&hellip;]<\/p>\n","protected":false},"author":1359,"featured_media":226,"parent":0,"menu_order":4,"comment_status":"closed","ping_status":"closed","template":"page-templates\/page-sidebar-left.php","meta":{"_acf_changed":false,"footnotes":""},"class_list":["post-207","page","type-page","status-publish","has-post-thumbnail","hentry"],"acf":[],"yoast_head":"<!-- This site is optimized with the Yoast SEO plugin v24.9 - https:\/\/yoast.com\/wordpress\/plugins\/seo\/ -->\n<title>Medlemskap - Kalmar<\/title>\n<meta name=\"robots\" content=\"index, follow, max-snippet:-1, max-image-preview:large, max-video-preview:-1\" \/>\n<link rel=\"canonical\" href=\"https:\/\/www.posk.se\/kalmar\/medlemskap\/\" \/>\n<meta property=\"og:locale\" content=\"sv_SE\" \/>\n<meta property=\"og:type\" content=\"article\" \/>\n<meta property=\"og:title\" content=\"Medlemskap - Kalmar\" \/>\n<meta property=\"og:description\" content=\"Bli medlem! Vi har medlemmar ur samtliga fem f\u00f6rsamlingar i Kalmar pastorat: Tv\u00e5 systrars f\u00f6rsamling, S:ta Birgitta f\u00f6rsamling, Heliga Korsets f\u00f6rsamling, Kalmar Domkyrkof\u00f6rsamling och S:t Johannes f\u00f6rsamling.\u00a0Vi hoppas att du vill vara med och st\u00f6dja oss i arbetet p\u00e5 olika s\u00e4tt. Du \u00e4r v\u00e4lkommen som medlem vart du \u00e4n bor, i eller utanf\u00f6r Kalmar. Vi [&hellip;]\" \/>\n<meta property=\"og:url\" content=\"https:\/\/www.posk.se\/kalmar\/medlemskap\/\" \/>\n<meta property=\"og:site_name\" content=\"Kalmar\" \/>\n<meta property=\"article:modified_time\" content=\"2025-09-13T06:49:46+00:00\" \/>\n<meta property=\"og:image\" content=\"https:\/\/www.posk.se\/kalmar\/wp-content\/uploads\/sites\/205\/2020\/01\/8c72e71e-30d4-44ad-b267-a0332b941ab5-e1739384784996.jpeg\" \/>\n\t<meta property=\"og:image:width\" content=\"4608\" \/>\n\t<meta property=\"og:image:height\" content=\"2135\" \/>\n\t<meta property=\"og:image:type\" content=\"image\/jpeg\" \/>\n<meta name=\"twitter:card\" content=\"summary_large_image\" \/>\n<meta name=\"twitter:label1\" content=\"Ber\u00e4knad l\u00e4stid\" \/>\n\t<meta name=\"twitter:data1\" content=\"2 minuter\" \/>\n<script type=\"application\/ld+json\" class=\"yoast-schema-graph\">{\"@context\":\"https:\/\/schema.org\",\"@graph\":[{\"@type\":\"WebPage\",\"@id\":\"https:\/\/www.posk.se\/kalmar\/medlemskap\/\",\"url\":\"https:\/\/www.posk.se\/kalmar\/medlemskap\/\",\"name\":\"Medlemskap - Kalmar\",\"isPartOf\":{\"@id\":\"https:\/\/www.posk.se\/kalmar\/#website\"},\"primaryImageOfPage\":{\"@id\":\"https:\/\/www.posk.se\/kalmar\/medlemskap\/#primaryimage\"},\"image\":{\"@id\":\"https:\/\/www.posk.se\/kalmar\/medlemskap\/#primaryimage\"},\"thumbnailUrl\":\"https:\/\/www.posk.se\/kalmar\/wp-content\/uploads\/sites\/205\/2020\/01\/8c72e71e-30d4-44ad-b267-a0332b941ab5-e1739384784996.jpeg\",\"datePublished\":\"2020-01-29T22:09:36+00:00\",\"dateModified\":\"2025-09-13T06:49:46+00:00\",\"breadcrumb\":{\"@id\":\"https:\/\/www.posk.se\/kalmar\/medlemskap\/#breadcrumb\"},\"inLanguage\":\"sv-SE\",\"potentialAction\":[{\"@type\":\"ReadAction\",\"target\":[\"https:\/\/www.posk.se\/kalmar\/medlemskap\/\"]}]},{\"@type\":\"ImageObject\",\"inLanguage\":\"sv-SE\",\"@id\":\"https:\/\/www.posk.se\/kalmar\/medlemskap\/#primaryimage\",\"url\":\"https:\/\/www.posk.se\/kalmar\/wp-content\/uploads\/sites\/205\/2020\/01\/8c72e71e-30d4-44ad-b267-a0332b941ab5-e1739384784996.jpeg\",\"contentUrl\":\"https:\/\/www.posk.se\/kalmar\/wp-content\/uploads\/sites\/205\/2020\/01\/8c72e71e-30d4-44ad-b267-a0332b941ab5-e1739384784996.jpeg\",\"width\":4608,\"height\":2135,\"caption\":\"OLYMPUS DIGITAL CAMERA\"},{\"@type\":\"BreadcrumbList\",\"@id\":\"https:\/\/www.posk.se\/kalmar\/medlemskap\/#breadcrumb\",\"itemListElement\":[{\"@type\":\"ListItem\",\"position\":1,\"name\":\"Hem\",\"item\":\"https:\/\/www.posk.se\/kalmar\/\"},{\"@type\":\"ListItem\",\"position\":2,\"name\":\"Medlemskap\"}]},{\"@type\":\"WebSite\",\"@id\":\"https:\/\/www.posk.se\/kalmar\/#website\",\"url\":\"https:\/\/www.posk.se\/kalmar\/\",\"name\":\"Kalmar\",\"description\":\"POSK-grupp i V\u00e4xj\u00f6 stift\",\"potentialAction\":[{\"@type\":\"SearchAction\",\"target\":{\"@type\":\"EntryPoint\",\"urlTemplate\":\"https:\/\/www.posk.se\/kalmar\/?s={search_term_string}\"},\"query-input\":{\"@type\":\"PropertyValueSpecification\",\"valueRequired\":true,\"valueName\":\"search_term_string\"}}],\"inLanguage\":\"sv-SE\"}]}<\/script>\n<!-- \/ Yoast SEO plugin. -->","yoast_head_json":{"title":"Medlemskap - Kalmar","robots":{"index":"index","follow":"follow","max-snippet":"max-snippet:-1","max-image-preview":"max-image-preview:large","max-video-preview":"max-video-preview:-1"},"canonical":"https:\/\/www.posk.se\/kalmar\/medlemskap\/","og_locale":"sv_SE","og_type":"article","og_title":"Medlemskap - Kalmar","og_description":"Bli medlem! Vi har medlemmar ur samtliga fem f\u00f6rsamlingar i Kalmar pastorat: Tv\u00e5 systrars f\u00f6rsamling, S:ta Birgitta f\u00f6rsamling, Heliga Korsets f\u00f6rsamling, Kalmar Domkyrkof\u00f6rsamling och S:t Johannes f\u00f6rsamling.\u00a0Vi hoppas att du vill vara med och st\u00f6dja oss i arbetet p\u00e5 olika s\u00e4tt. Du \u00e4r v\u00e4lkommen som medlem vart du \u00e4n bor, i eller utanf\u00f6r Kalmar. Vi [&hellip;]","og_url":"https:\/\/www.posk.se\/kalmar\/medlemskap\/","og_site_name":"Kalmar","article_modified_time":"2025-09-13T06:49:46+00:00","og_image":[{"width":4608,"height":2135,"url":"https:\/\/www.posk.se\/kalmar\/wp-content\/uploads\/sites\/205\/2020\/01\/8c72e71e-30d4-44ad-b267-a0332b941ab5-e1739384784996.jpeg","type":"image\/jpeg"}],"twitter_card":"summary_large_image","twitter_misc":{"Ber\u00e4knad l\u00e4stid":"2 minuter"},"schema":{"@context":"https:\/\/schema.org","@graph":[{"@type":"WebPage","@id":"https:\/\/www.posk.se\/kalmar\/medlemskap\/","url":"https:\/\/www.posk.se\/kalmar\/medlemskap\/","name":"Medlemskap - Kalmar","isPartOf":{"@id":"https:\/\/www.posk.se\/kalmar\/#website"},"primaryImageOfPage":{"@id":"https:\/\/www.posk.se\/kalmar\/medlemskap\/#primaryimage"},"image":{"@id":"https:\/\/www.posk.se\/kalmar\/medlemskap\/#primaryimage"},"thumbnailUrl":"https:\/\/www.posk.se\/kalmar\/wp-content\/uploads\/sites\/205\/2020\/01\/8c72e71e-30d4-44ad-b267-a0332b941ab5-e1739384784996.jpeg","datePublished":"2020-01-29T22:09:36+00:00","dateModified":"2025-09-13T06:49:46+00:00","breadcrumb":{"@id":"https:\/\/www.posk.se\/kalmar\/medlemskap\/#breadcrumb"},"inLanguage":"sv-SE","potentialAction":[{"@type":"ReadAction","target":["https:\/\/www.posk.se\/kalmar\/medlemskap\/"]}]},{"@type":"ImageObject","inLanguage":"sv-SE","@id":"https:\/\/www.posk.se\/kalmar\/medlemskap\/#primaryimage","url":"https:\/\/www.posk.se\/kalmar\/wp-content\/uploads\/sites\/205\/2020\/01\/8c72e71e-30d4-44ad-b267-a0332b941ab5-e1739384784996.jpeg","contentUrl":"https:\/\/www.posk.se\/kalmar\/wp-content\/uploads\/sites\/205\/2020\/01\/8c72e71e-30d4-44ad-b267-a0332b941ab5-e1739384784996.jpeg","width":4608,"height":2135,"caption":"OLYMPUS DIGITAL CAMERA"},{"@type":"BreadcrumbList","@id":"https:\/\/www.posk.se\/kalmar\/medlemskap\/#breadcrumb","itemListElement":[{"@type":"ListItem","position":1,"name":"Hem","item":"https:\/\/www.posk.se\/kalmar\/"},{"@type":"ListItem","position":2,"name":"Medlemskap"}]},{"@type":"WebSite","@id":"https:\/\/www.posk.se\/kalmar\/#website","url":"https:\/\/www.posk.se\/kalmar\/","name":"Kalmar","description":"POSK-grupp i V\u00e4xj\u00f6 stift","potentialAction":[{"@type":"SearchAction","target":{"@type":"EntryPoint","urlTemplate":"https:\/\/www.posk.se\/kalmar\/?s={search_term_string}"},"query-input":{"@type":"PropertyValueSpecification","valueRequired":true,"valueName":"search_term_string"}}],"inLanguage":"sv-SE"}]}},"_links":{"self":[{"href":"https:\/\/www.posk.se\/kalmar\/wp-json\/wp\/v2\/pages\/207","targetHints":{"allow":["GET"]}}],"collection":[{"href":"https:\/\/www.posk.se\/kalmar\/wp-json\/wp\/v2\/pages"}],"about":[{"href":"https:\/\/www.posk.se\/kalmar\/wp-json\/wp\/v2\/types\/page"}],"author":[{"embeddable":true,"href":"https:\/\/www.posk.se\/kalmar\/wp-json\/wp\/v2\/users\/1359"}],"replies":[{"embeddable":true,"href":"https:\/\/www.posk.se\/kalmar\/wp-json\/wp\/v2\/comments?post=207"}],"version-history":[{"count":7,"href":"https:\/\/www.posk.se\/kalmar\/wp-json\/wp\/v2\/pages\/207\/revisions"}],"predecessor-version":[{"id":583,"href":"https:\/\/www.posk.se\/kalmar\/wp-json\/wp\/v2\/pages\/207\/revisions\/583"}],"wp:featuredmedia":[{"embeddable":true,"href":"https:\/\/www.posk.se\/kalmar\/wp-json\/wp\/v2\/media\/226"}],"wp:attachment":[{"href":"https:\/\/www.posk.se\/kalmar\/wp-json\/wp\/v2\/media?parent=207"}],"curies":[{"name":"wp","href":"https:\/\/api.w.org\/{rel}","templated":true}]}}