{"id":943,"date":"2025-02-26T14:48:27","date_gmt":"2025-02-26T13:48:27","guid":{"rendered":"https:\/\/www.posk.se\/jonkoping\/?page_id=943"},"modified":"2026-04-01T16:09:02","modified_gmt":"2026-04-01T14:09:02","slug":"posk-valfolder","status":"publish","type":"page","link":"https:\/\/www.posk.se\/jonkoping\/posk-valfolder\/","title":{"rendered":"Posk valfolder 2025"},"content":{"rendered":"<p><strong><span data-contrast=\"none\">POSK i J\u00f6nk\u00f6ping vill verka f\u00f6r:<\/span><span data-ccp-props=\"{&quot;134233117&quot;:false,&quot;134233118&quot;:false,&quot;201341983&quot;:0,&quot;335551550&quot;:1,&quot;335551620&quot;:1,&quot;335559685&quot;:0,&quot;335559737&quot;:0,&quot;335559738&quot;:240,&quot;335559739&quot;:240,&quot;335559740&quot;:279}\">\u00a0<\/span><\/p>\n<p><span data-contrast=\"none\">\u2756 l\u00e5g tr\u00f6skel till kyrkan med Jesus i centrum. Alla \u00e4r v\u00e4lkomna och viktiga.<\/span><span data-ccp-props=\"{&quot;134233117&quot;:false,&quot;134233118&quot;:false,&quot;201341983&quot;:0,&quot;335551550&quot;:1,&quot;335551620&quot;:1,&quot;335559685&quot;:0,&quot;335559737&quot;:0,&quot;335559738&quot;:240,&quot;335559739&quot;:240,&quot;335559740&quot;:279}\">\u00a0<\/span><\/p>\n<p><span data-contrast=\"none\">\u2756 att utveckla gudstj\u00e4nstlivet s\u00e5 att det \u00e4r tillg\u00e4ngligt f\u00f6r v\u00e5r tids moderna m\u00e4nniska utan att f\u00f6rlora igenk\u00e4nning och tradition.<\/span><span data-ccp-props=\"{&quot;134233117&quot;:false,&quot;134233118&quot;:false,&quot;201341983&quot;:0,&quot;335551550&quot;:1,&quot;335551620&quot;:1,&quot;335559685&quot;:0,&quot;335559737&quot;:0,&quot;335559738&quot;:240,&quot;335559739&quot;:240,&quot;335559740&quot;:279}\">\u00a0<\/span><\/p>\n<p><span data-contrast=\"none\">\u2756 ett fortsatt starkt k\u00f6r-och musikliv i f\u00f6rsamlingen.<\/span><\/p>\n<p><span data-contrast=\"none\">\u2756 att unga ska f\u00e5 mer inflytande och att m\u00f6jligheten till \u201dprova p\u00e5 \u00e5r\u201d med arbete i kyrkan ska st\u00e4rkas.<\/span><span data-ccp-props=\"{&quot;134233117&quot;:false,&quot;134233118&quot;:false,&quot;201341983&quot;:0,&quot;335551550&quot;:1,&quot;335551620&quot;:1,&quot;335559685&quot;:0,&quot;335559737&quot;:0,&quot;335559738&quot;:240,&quot;335559739&quot;:240,&quot;335559740&quot;:279}\">\u00a0<\/span><\/p>\n<p><span data-contrast=\"none\">\u2756 m\u00f6tesplatser och existentiella samtal f\u00f6r att motverka ensamhet och psykisk oh\u00e4lsa.<\/span><span data-ccp-props=\"{&quot;134233117&quot;:false,&quot;134233118&quot;:false,&quot;201341983&quot;:0,&quot;335551550&quot;:1,&quot;335551620&quot;:1,&quot;335559685&quot;:0,&quot;335559737&quot;:0,&quot;335559738&quot;:240,&quot;335559739&quot;:240,&quot;335559740&quot;:279}\">\u00a0<\/span><\/p>\n<p><span data-contrast=\"none\">\u2756 ett utvecklat socialt\/diakonalt arbete.<\/span><span data-ccp-props=\"{&quot;134233117&quot;:false,&quot;134233118&quot;:false,&quot;201341983&quot;:0,&quot;335551550&quot;:1,&quot;335551620&quot;:1,&quot;335559685&quot;:0,&quot;335559737&quot;:0,&quot;335559738&quot;:240,&quot;335559739&quot;:240,&quot;335559740&quot;:279}\">\u00a0<\/span><\/p>\n<p><span data-contrast=\"none\">\u2756 att f\u00f6rsamlingen finns p\u00e5 plats vid stora samh\u00e4llsarrangemang och vid kriser<b><i>.<\/i><\/b><\/span><\/p>\n<p><span data-contrast=\"none\">\u2756 att f\u00f6rsamlingen ska vara klimatneutral 2030.<\/span><span data-ccp-props=\"{&quot;134233117&quot;:false,&quot;134233118&quot;:false,&quot;201341983&quot;:0,&quot;335551550&quot;:1,&quot;335551620&quot;:1,&quot;335559685&quot;:0,&quot;335559737&quot;:0,&quot;335559738&quot;:240,&quot;335559739&quot;:240,&quot;335559740&quot;:279}\">\u00a0<\/span><\/p>\n<p><span data-contrast=\"none\">\u2756 att forts\u00e4tta st\u00e4rka arbetet f\u00f6r en god arbetsmilj\u00f6.<\/span><span data-ccp-props=\"{&quot;134233117&quot;:false,&quot;134233118&quot;:false,&quot;201341983&quot;:0,&quot;335551550&quot;:1,&quot;335551620&quot;:1,&quot;335559685&quot;:0,&quot;335559737&quot;:0,&quot;335559738&quot;:240,&quot;335559739&quot;:240,&quot;335559740&quot;:279}\">\u00a0<\/span><\/p>\n<p><span data-contrast=\"none\">\u2756 of\u00f6r\u00e4ndrad kyrkoavgift.<\/span><span data-ccp-props=\"{&quot;134233117&quot;:false,&quot;134233118&quot;:false,&quot;201341983&quot;:0,&quot;335551550&quot;:1,&quot;335551620&quot;:1,&quot;335559685&quot;:0,&quot;335559737&quot;:0,&quot;335559738&quot;:240,&quot;335559739&quot;:240,&quot;335559740&quot;:279}\">\u00a0<\/span><\/p>\n<p><span data-contrast=\"none\">\u2756 att 1% av kyrkoavgiften avs\u00e4tts till Act Svenska kyrkan, kyrkans internationella bist\u00e5ndsarbete.<\/span><span data-ccp-props=\"{&quot;134233117&quot;:false,&quot;134233118&quot;:false,&quot;201341983&quot;:0,&quot;335551550&quot;:1,&quot;335551620&quot;:1,&quot;335559685&quot;:0,&quot;335559737&quot;:0,&quot;335559738&quot;:240,&quot;335559739&quot;:240,&quot;335559740&quot;:279}\">\u00a0<\/span><\/p>\n<p><span data-contrast=\"none\">\u2756 l\u00e4gre ers\u00e4ttning f\u00f6r f\u00f6rtroendevalda.<\/span><span data-ccp-props=\"{&quot;134233117&quot;:false,&quot;134233118&quot;:false,&quot;201341983&quot;:0,&quot;335551550&quot;:1,&quot;335551620&quot;:1,&quot;335559685&quot;:0,&quot;335559737&quot;:0,&quot;335559738&quot;:240,&quot;335559739&quot;:240,&quot;335559740&quot;:279}\">\u00a0<\/span><\/p>\n","protected":false},"excerpt":{"rendered":"<p>POSK i J\u00f6nk\u00f6ping vill verka f\u00f6r:\u00a0 \u2756 l\u00e5g tr\u00f6skel till kyrkan med Jesus i centrum. Alla \u00e4r v\u00e4lkomna och viktiga.\u00a0 \u2756 att utveckla gudstj\u00e4nstlivet s\u00e5 att det \u00e4r tillg\u00e4ngligt f\u00f6r v\u00e5r tids moderna m\u00e4nniska utan att f\u00f6rlora igenk\u00e4nning och tradition.\u00a0 \u2756 ett fortsatt starkt k\u00f6r-och musikliv i f\u00f6rsamlingen. \u2756 att unga ska f\u00e5 mer inflytande [&hellip;]<\/p>\n","protected":false},"author":109,"featured_media":0,"parent":0,"menu_order":0,"comment_status":"closed","ping_status":"closed","template":"page-templates\/page-sidebar-left.php","meta":{"_acf_changed":false,"footnotes":""},"class_list":["post-943","page","type-page","status-publish","hentry"],"acf":[],"yoast_head":"<!-- This site is optimized with the Yoast SEO plugin v24.9 - https:\/\/yoast.com\/wordpress\/plugins\/seo\/ -->\n<title>Posk valfolder 2025 - J\u00f6nk\u00f6ping<\/title>\n<meta name=\"robots\" content=\"index, follow, max-snippet:-1, max-image-preview:large, max-video-preview:-1\" \/>\n<link rel=\"canonical\" href=\"https:\/\/www.posk.se\/jonkoping\/posk-valfolder\/\" \/>\n<meta property=\"og:locale\" content=\"sv_SE\" \/>\n<meta property=\"og:type\" content=\"article\" \/>\n<meta property=\"og:title\" content=\"Posk valfolder 2025 - J\u00f6nk\u00f6ping\" \/>\n<meta property=\"og:description\" content=\"POSK i J\u00f6nk\u00f6ping vill verka f\u00f6r:\u00a0 \u2756 l\u00e5g tr\u00f6skel till kyrkan med Jesus i centrum. Alla \u00e4r v\u00e4lkomna och viktiga.\u00a0 \u2756 att utveckla gudstj\u00e4nstlivet s\u00e5 att det \u00e4r tillg\u00e4ngligt f\u00f6r v\u00e5r tids moderna m\u00e4nniska utan att f\u00f6rlora igenk\u00e4nning och tradition.\u00a0 \u2756 ett fortsatt starkt k\u00f6r-och musikliv i f\u00f6rsamlingen. \u2756 att unga ska f\u00e5 mer inflytande [&hellip;]\" \/>\n<meta property=\"og:url\" content=\"https:\/\/www.posk.se\/jonkoping\/posk-valfolder\/\" \/>\n<meta property=\"og:site_name\" content=\"J\u00f6nk\u00f6ping\" \/>\n<meta property=\"article:modified_time\" content=\"2026-04-01T14:09:02+00:00\" \/>\n<meta name=\"twitter:card\" content=\"summary_large_image\" \/>\n<meta name=\"twitter:label1\" content=\"Ber\u00e4knad l\u00e4stid\" \/>\n\t<meta name=\"twitter:data1\" content=\"1 minut\" \/>\n<script type=\"application\/ld+json\" class=\"yoast-schema-graph\">{\"@context\":\"https:\/\/schema.org\",\"@graph\":[{\"@type\":\"WebPage\",\"@id\":\"https:\/\/www.posk.se\/jonkoping\/posk-valfolder\/\",\"url\":\"https:\/\/www.posk.se\/jonkoping\/posk-valfolder\/\",\"name\":\"Posk valfolder 2025 - J\u00f6nk\u00f6ping\",\"isPartOf\":{\"@id\":\"https:\/\/www.posk.se\/jonkoping\/#website\"},\"datePublished\":\"2025-02-26T13:48:27+00:00\",\"dateModified\":\"2026-04-01T14:09:02+00:00\",\"breadcrumb\":{\"@id\":\"https:\/\/www.posk.se\/jonkoping\/posk-valfolder\/#breadcrumb\"},\"inLanguage\":\"sv-SE\",\"potentialAction\":[{\"@type\":\"ReadAction\",\"target\":[\"https:\/\/www.posk.se\/jonkoping\/posk-valfolder\/\"]}]},{\"@type\":\"BreadcrumbList\",\"@id\":\"https:\/\/www.posk.se\/jonkoping\/posk-valfolder\/#breadcrumb\",\"itemListElement\":[{\"@type\":\"ListItem\",\"position\":1,\"name\":\"Hem\",\"item\":\"https:\/\/www.posk.se\/jonkoping\/\"},{\"@type\":\"ListItem\",\"position\":2,\"name\":\"Posk valfolder 2025\"}]},{\"@type\":\"WebSite\",\"@id\":\"https:\/\/www.posk.se\/jonkoping\/#website\",\"url\":\"https:\/\/www.posk.se\/jonkoping\/\",\"name\":\"J\u00f6nk\u00f6ping\",\"description\":\"POSK-grupp i V\u00e4xj\u00f6 stift\",\"potentialAction\":[{\"@type\":\"SearchAction\",\"target\":{\"@type\":\"EntryPoint\",\"urlTemplate\":\"https:\/\/www.posk.se\/jonkoping\/?s={search_term_string}\"},\"query-input\":{\"@type\":\"PropertyValueSpecification\",\"valueRequired\":true,\"valueName\":\"search_term_string\"}}],\"inLanguage\":\"sv-SE\"}]}<\/script>\n<!-- \/ Yoast SEO plugin. -->","yoast_head_json":{"title":"Posk valfolder 2025 - J\u00f6nk\u00f6ping","robots":{"index":"index","follow":"follow","max-snippet":"max-snippet:-1","max-image-preview":"max-image-preview:large","max-video-preview":"max-video-preview:-1"},"canonical":"https:\/\/www.posk.se\/jonkoping\/posk-valfolder\/","og_locale":"sv_SE","og_type":"article","og_title":"Posk valfolder 2025 - J\u00f6nk\u00f6ping","og_description":"POSK i J\u00f6nk\u00f6ping vill verka f\u00f6r:\u00a0 \u2756 l\u00e5g tr\u00f6skel till kyrkan med Jesus i centrum. Alla \u00e4r v\u00e4lkomna och viktiga.\u00a0 \u2756 att utveckla gudstj\u00e4nstlivet s\u00e5 att det \u00e4r tillg\u00e4ngligt f\u00f6r v\u00e5r tids moderna m\u00e4nniska utan att f\u00f6rlora igenk\u00e4nning och tradition.\u00a0 \u2756 ett fortsatt starkt k\u00f6r-och musikliv i f\u00f6rsamlingen. \u2756 att unga ska f\u00e5 mer inflytande [&hellip;]","og_url":"https:\/\/www.posk.se\/jonkoping\/posk-valfolder\/","og_site_name":"J\u00f6nk\u00f6ping","article_modified_time":"2026-04-01T14:09:02+00:00","twitter_card":"summary_large_image","twitter_misc":{"Ber\u00e4knad l\u00e4stid":"1 minut"},"schema":{"@context":"https:\/\/schema.org","@graph":[{"@type":"WebPage","@id":"https:\/\/www.posk.se\/jonkoping\/posk-valfolder\/","url":"https:\/\/www.posk.se\/jonkoping\/posk-valfolder\/","name":"Posk valfolder 2025 - J\u00f6nk\u00f6ping","isPartOf":{"@id":"https:\/\/www.posk.se\/jonkoping\/#website"},"datePublished":"2025-02-26T13:48:27+00:00","dateModified":"2026-04-01T14:09:02+00:00","breadcrumb":{"@id":"https:\/\/www.posk.se\/jonkoping\/posk-valfolder\/#breadcrumb"},"inLanguage":"sv-SE","potentialAction":[{"@type":"ReadAction","target":["https:\/\/www.posk.se\/jonkoping\/posk-valfolder\/"]}]},{"@type":"BreadcrumbList","@id":"https:\/\/www.posk.se\/jonkoping\/posk-valfolder\/#breadcrumb","itemListElement":[{"@type":"ListItem","position":1,"name":"Hem","item":"https:\/\/www.posk.se\/jonkoping\/"},{"@type":"ListItem","position":2,"name":"Posk valfolder 2025"}]},{"@type":"WebSite","@id":"https:\/\/www.posk.se\/jonkoping\/#website","url":"https:\/\/www.posk.se\/jonkoping\/","name":"J\u00f6nk\u00f6ping","description":"POSK-grupp i V\u00e4xj\u00f6 stift","potentialAction":[{"@type":"SearchAction","target":{"@type":"EntryPoint","urlTemplate":"https:\/\/www.posk.se\/jonkoping\/?s={search_term_string}"},"query-input":{"@type":"PropertyValueSpecification","valueRequired":true,"valueName":"search_term_string"}}],"inLanguage":"sv-SE"}]}},"_links":{"self":[{"href":"https:\/\/www.posk.se\/jonkoping\/wp-json\/wp\/v2\/pages\/943","targetHints":{"allow":["GET"]}}],"collection":[{"href":"https:\/\/www.posk.se\/jonkoping\/wp-json\/wp\/v2\/pages"}],"about":[{"href":"https:\/\/www.posk.se\/jonkoping\/wp-json\/wp\/v2\/types\/page"}],"author":[{"embeddable":true,"href":"https:\/\/www.posk.se\/jonkoping\/wp-json\/wp\/v2\/users\/109"}],"replies":[{"embeddable":true,"href":"https:\/\/www.posk.se\/jonkoping\/wp-json\/wp\/v2\/comments?post=943"}],"version-history":[{"count":15,"href":"https:\/\/www.posk.se\/jonkoping\/wp-json\/wp\/v2\/pages\/943\/revisions"}],"predecessor-version":[{"id":1371,"href":"https:\/\/www.posk.se\/jonkoping\/wp-json\/wp\/v2\/pages\/943\/revisions\/1371"}],"wp:attachment":[{"href":"https:\/\/www.posk.se\/jonkoping\/wp-json\/wp\/v2\/media?parent=943"}],"curies":[{"name":"wp","href":"https:\/\/api.w.org\/{rel}","templated":true}]}}