{"id":849,"date":"2025-02-03T17:32:51","date_gmt":"2025-02-03T16:32:51","guid":{"rendered":"https:\/\/www.posk.se\/jonkoping\/?page_id=849"},"modified":"2026-04-01T16:17:38","modified_gmt":"2026-04-01T14:17:38","slug":"att-blimedlem","status":"publish","type":"page","link":"https:\/\/www.posk.se\/jonkoping\/att-blimedlem\/","title":{"rendered":"Att bli medlem 2026"},"content":{"rendered":"","protected":false},"excerpt":{"rendered":"","protected":false},"author":109,"featured_media":0,"parent":0,"menu_order":0,"comment_status":"closed","ping_status":"closed","template":"page-templates\/page-sidebar-left.php","meta":{"_acf_changed":false,"footnotes":""},"class_list":["post-849","page","type-page","status-publish","hentry"],"acf":[],"yoast_head":"<!-- This site is optimized with the Yoast SEO plugin v24.9 - https:\/\/yoast.com\/wordpress\/plugins\/seo\/ -->\n<title>Att bli medlem 2026 - J\u00f6nk\u00f6ping<\/title>\n<meta name=\"description\" content=\"Swisha eller skicka in p\u00e5 bankgiro\" \/>\n<meta name=\"robots\" content=\"index, follow, max-snippet:-1, max-image-preview:large, max-video-preview:-1\" \/>\n<link rel=\"canonical\" href=\"https:\/\/www.posk.se\/jonkoping\/att-blimedlem\/\" \/>\n<meta property=\"og:locale\" content=\"sv_SE\" \/>\n<meta property=\"og:type\" content=\"article\" \/>\n<meta property=\"og:title\" content=\"Att bli medlem 2026 - J\u00f6nk\u00f6ping\" \/>\n<meta property=\"og:description\" content=\"Swisha eller skicka in p\u00e5 bankgiro\" \/>\n<meta property=\"og:url\" content=\"https:\/\/www.posk.se\/jonkoping\/att-blimedlem\/\" \/>\n<meta property=\"og:site_name\" content=\"J\u00f6nk\u00f6ping\" \/>\n<meta property=\"article:modified_time\" content=\"2026-04-01T14:17:38+00:00\" \/>\n<meta name=\"twitter:card\" content=\"summary_large_image\" \/>\n<script type=\"application\/ld+json\" class=\"yoast-schema-graph\">{\"@context\":\"https:\/\/schema.org\",\"@graph\":[{\"@type\":\"WebPage\",\"@id\":\"https:\/\/www.posk.se\/jonkoping\/att-blimedlem\/\",\"url\":\"https:\/\/www.posk.se\/jonkoping\/att-blimedlem\/\",\"name\":\"Att bli medlem 2026 - J\u00f6nk\u00f6ping\",\"isPartOf\":{\"@id\":\"https:\/\/www.posk.se\/jonkoping\/#website\"},\"datePublished\":\"2025-02-03T16:32:51+00:00\",\"dateModified\":\"2026-04-01T14:17:38+00:00\",\"description\":\"Swisha eller skicka in p\u00e5 bankgiro\",\"breadcrumb\":{\"@id\":\"https:\/\/www.posk.se\/jonkoping\/att-blimedlem\/#breadcrumb\"},\"inLanguage\":\"sv-SE\",\"potentialAction\":[{\"@type\":\"ReadAction\",\"target\":[\"https:\/\/www.posk.se\/jonkoping\/att-blimedlem\/\"]}]},{\"@type\":\"BreadcrumbList\",\"@id\":\"https:\/\/www.posk.se\/jonkoping\/att-blimedlem\/#breadcrumb\",\"itemListElement\":[{\"@type\":\"ListItem\",\"position\":1,\"name\":\"Hem\",\"item\":\"https:\/\/www.posk.se\/jonkoping\/\"},{\"@type\":\"ListItem\",\"position\":2,\"name\":\"Att bli medlem 2026\"}]},{\"@type\":\"WebSite\",\"@id\":\"https:\/\/www.posk.se\/jonkoping\/#website\",\"url\":\"https:\/\/www.posk.se\/jonkoping\/\",\"name\":\"J\u00f6nk\u00f6ping\",\"description\":\"POSK-grupp i V\u00e4xj\u00f6 stift\",\"potentialAction\":[{\"@type\":\"SearchAction\",\"target\":{\"@type\":\"EntryPoint\",\"urlTemplate\":\"https:\/\/www.posk.se\/jonkoping\/?s={search_term_string}\"},\"query-input\":{\"@type\":\"PropertyValueSpecification\",\"valueRequired\":true,\"valueName\":\"search_term_string\"}}],\"inLanguage\":\"sv-SE\"}]}<\/script>\n<!-- \/ Yoast SEO plugin. -->","yoast_head_json":{"title":"Att bli medlem 2026 - J\u00f6nk\u00f6ping","description":"Swisha eller skicka in p\u00e5 bankgiro","robots":{"index":"index","follow":"follow","max-snippet":"max-snippet:-1","max-image-preview":"max-image-preview:large","max-video-preview":"max-video-preview:-1"},"canonical":"https:\/\/www.posk.se\/jonkoping\/att-blimedlem\/","og_locale":"sv_SE","og_type":"article","og_title":"Att bli medlem 2026 - J\u00f6nk\u00f6ping","og_description":"Swisha eller skicka in p\u00e5 bankgiro","og_url":"https:\/\/www.posk.se\/jonkoping\/att-blimedlem\/","og_site_name":"J\u00f6nk\u00f6ping","article_modified_time":"2026-04-01T14:17:38+00:00","twitter_card":"summary_large_image","schema":{"@context":"https:\/\/schema.org","@graph":[{"@type":"WebPage","@id":"https:\/\/www.posk.se\/jonkoping\/att-blimedlem\/","url":"https:\/\/www.posk.se\/jonkoping\/att-blimedlem\/","name":"Att bli medlem 2026 - J\u00f6nk\u00f6ping","isPartOf":{"@id":"https:\/\/www.posk.se\/jonkoping\/#website"},"datePublished":"2025-02-03T16:32:51+00:00","dateModified":"2026-04-01T14:17:38+00:00","description":"Swisha eller skicka in p\u00e5 bankgiro","breadcrumb":{"@id":"https:\/\/www.posk.se\/jonkoping\/att-blimedlem\/#breadcrumb"},"inLanguage":"sv-SE","potentialAction":[{"@type":"ReadAction","target":["https:\/\/www.posk.se\/jonkoping\/att-blimedlem\/"]}]},{"@type":"BreadcrumbList","@id":"https:\/\/www.posk.se\/jonkoping\/att-blimedlem\/#breadcrumb","itemListElement":[{"@type":"ListItem","position":1,"name":"Hem","item":"https:\/\/www.posk.se\/jonkoping\/"},{"@type":"ListItem","position":2,"name":"Att bli medlem 2026"}]},{"@type":"WebSite","@id":"https:\/\/www.posk.se\/jonkoping\/#website","url":"https:\/\/www.posk.se\/jonkoping\/","name":"J\u00f6nk\u00f6ping","description":"POSK-grupp i V\u00e4xj\u00f6 stift","potentialAction":[{"@type":"SearchAction","target":{"@type":"EntryPoint","urlTemplate":"https:\/\/www.posk.se\/jonkoping\/?s={search_term_string}"},"query-input":{"@type":"PropertyValueSpecification","valueRequired":true,"valueName":"search_term_string"}}],"inLanguage":"sv-SE"}]}},"_links":{"self":[{"href":"https:\/\/www.posk.se\/jonkoping\/wp-json\/wp\/v2\/pages\/849","targetHints":{"allow":["GET"]}}],"collection":[{"href":"https:\/\/www.posk.se\/jonkoping\/wp-json\/wp\/v2\/pages"}],"about":[{"href":"https:\/\/www.posk.se\/jonkoping\/wp-json\/wp\/v2\/types\/page"}],"author":[{"embeddable":true,"href":"https:\/\/www.posk.se\/jonkoping\/wp-json\/wp\/v2\/users\/109"}],"replies":[{"embeddable":true,"href":"https:\/\/www.posk.se\/jonkoping\/wp-json\/wp\/v2\/comments?post=849"}],"version-history":[{"count":15,"href":"https:\/\/www.posk.se\/jonkoping\/wp-json\/wp\/v2\/pages\/849\/revisions"}],"predecessor-version":[{"id":1367,"href":"https:\/\/www.posk.se\/jonkoping\/wp-json\/wp\/v2\/pages\/849\/revisions\/1367"}],"wp:attachment":[{"href":"https:\/\/www.posk.se\/jonkoping\/wp-json\/wp\/v2\/media?parent=849"}],"curies":[{"name":"wp","href":"https:\/\/api.w.org\/{rel}","templated":true}]}}