{"id":796,"date":"2024-04-03T16:18:11","date_gmt":"2024-04-03T14:18:11","guid":{"rendered":"https:\/\/www.posk.se\/jonkoping\/?page_id=796"},"modified":"2026-04-02T16:45:50","modified_gmt":"2026-04-02T14:45:50","slug":"arsmotesprotokoll","status":"publish","type":"page","link":"https:\/\/www.posk.se\/jonkoping\/arsmotesprotokoll\/","title":{"rendered":"\u00c5rsm\u00f6tesprotokoll 2023-2026"},"content":{"rendered":"<p><a href=\"https:\/\/www.posk.se\/jonkoping\/wp-content\/uploads\/sites\/204\/2024\/04\/posk-arsmote-25-april-2023.odt\">\u00c5rsm\u00f6te POSK\u00a0 2023<\/a><\/p>\n<p><a href=\"https:\/\/www.posk.se\/jonkoping\/wp-content\/uploads\/sites\/204\/2024\/04\/posk-arsmote-2024.pdf\">\u00c5rsm\u00f6te POSK 2024<\/a><\/p>\n<p><a href=\"https:\/\/www.posk.se\/jonkoping\/wp-content\/uploads\/sites\/204\/2026\/04\/rsmotes-posk-2025.pdf\">\u00c5rsm\u00f6te POSK 2025<\/a><\/p>\n<p><a href=\"https:\/\/www.posk.se\/jonkoping\/wp-content\/uploads\/sites\/204\/2026\/04\/rsmote-posk-2026.docx\">\u00c5rsm\u00f6te POSK 2026<\/a><\/p>\n<p>&nbsp;<\/p>\n<p>&nbsp;<\/p>\n","protected":false},"excerpt":{"rendered":"<p>\u00c5rsm\u00f6te POSK\u00a0 2023 \u00c5rsm\u00f6te POSK 2024 \u00c5rsm\u00f6te POSK 2025 \u00c5rsm\u00f6te POSK 2026 &nbsp; &nbsp;<\/p>\n","protected":false},"author":109,"featured_media":0,"parent":0,"menu_order":0,"comment_status":"closed","ping_status":"closed","template":"page-templates\/page-sidebar-left.php","meta":{"_acf_changed":false,"footnotes":""},"class_list":["post-796","page","type-page","status-publish","hentry"],"acf":[],"yoast_head":"<!-- This site is optimized with the Yoast SEO plugin v24.9 - https:\/\/yoast.com\/wordpress\/plugins\/seo\/ -->\n<title>\u00c5rsm\u00f6tesprotokoll 2023-2026 - J\u00f6nk\u00f6ping<\/title>\n<meta name=\"robots\" content=\"index, follow, max-snippet:-1, max-image-preview:large, max-video-preview:-1\" \/>\n<link rel=\"canonical\" href=\"https:\/\/www.posk.se\/jonkoping\/arsmotesprotokoll\/\" \/>\n<meta property=\"og:locale\" content=\"sv_SE\" \/>\n<meta property=\"og:type\" content=\"article\" \/>\n<meta property=\"og:title\" content=\"\u00c5rsm\u00f6tesprotokoll 2023-2026 - J\u00f6nk\u00f6ping\" \/>\n<meta property=\"og:description\" content=\"\u00c5rsm\u00f6te POSK\u00a0 2023 \u00c5rsm\u00f6te POSK 2024 \u00c5rsm\u00f6te POSK 2025 \u00c5rsm\u00f6te POSK 2026 &nbsp; &nbsp;\" \/>\n<meta property=\"og:url\" content=\"https:\/\/www.posk.se\/jonkoping\/arsmotesprotokoll\/\" \/>\n<meta property=\"og:site_name\" content=\"J\u00f6nk\u00f6ping\" \/>\n<meta property=\"article:modified_time\" content=\"2026-04-02T14:45:50+00:00\" \/>\n<meta name=\"twitter:card\" content=\"summary_large_image\" \/>\n<meta name=\"twitter:label1\" content=\"Ber\u00e4knad l\u00e4stid\" \/>\n\t<meta name=\"twitter:data1\" content=\"1 minut\" \/>\n<script type=\"application\/ld+json\" class=\"yoast-schema-graph\">{\"@context\":\"https:\/\/schema.org\",\"@graph\":[{\"@type\":\"WebPage\",\"@id\":\"https:\/\/www.posk.se\/jonkoping\/arsmotesprotokoll\/\",\"url\":\"https:\/\/www.posk.se\/jonkoping\/arsmotesprotokoll\/\",\"name\":\"\u00c5rsm\u00f6tesprotokoll 2023-2026 - J\u00f6nk\u00f6ping\",\"isPartOf\":{\"@id\":\"https:\/\/www.posk.se\/jonkoping\/#website\"},\"datePublished\":\"2024-04-03T14:18:11+00:00\",\"dateModified\":\"2026-04-02T14:45:50+00:00\",\"breadcrumb\":{\"@id\":\"https:\/\/www.posk.se\/jonkoping\/arsmotesprotokoll\/#breadcrumb\"},\"inLanguage\":\"sv-SE\",\"potentialAction\":[{\"@type\":\"ReadAction\",\"target\":[\"https:\/\/www.posk.se\/jonkoping\/arsmotesprotokoll\/\"]}]},{\"@type\":\"BreadcrumbList\",\"@id\":\"https:\/\/www.posk.se\/jonkoping\/arsmotesprotokoll\/#breadcrumb\",\"itemListElement\":[{\"@type\":\"ListItem\",\"position\":1,\"name\":\"Hem\",\"item\":\"https:\/\/www.posk.se\/jonkoping\/\"},{\"@type\":\"ListItem\",\"position\":2,\"name\":\"\u00c5rsm\u00f6tesprotokoll 2023-2026\"}]},{\"@type\":\"WebSite\",\"@id\":\"https:\/\/www.posk.se\/jonkoping\/#website\",\"url\":\"https:\/\/www.posk.se\/jonkoping\/\",\"name\":\"J\u00f6nk\u00f6ping\",\"description\":\"POSK-grupp i V\u00e4xj\u00f6 stift\",\"potentialAction\":[{\"@type\":\"SearchAction\",\"target\":{\"@type\":\"EntryPoint\",\"urlTemplate\":\"https:\/\/www.posk.se\/jonkoping\/?s={search_term_string}\"},\"query-input\":{\"@type\":\"PropertyValueSpecification\",\"valueRequired\":true,\"valueName\":\"search_term_string\"}}],\"inLanguage\":\"sv-SE\"}]}<\/script>\n<!-- \/ Yoast SEO plugin. -->","yoast_head_json":{"title":"\u00c5rsm\u00f6tesprotokoll 2023-2026 - J\u00f6nk\u00f6ping","robots":{"index":"index","follow":"follow","max-snippet":"max-snippet:-1","max-image-preview":"max-image-preview:large","max-video-preview":"max-video-preview:-1"},"canonical":"https:\/\/www.posk.se\/jonkoping\/arsmotesprotokoll\/","og_locale":"sv_SE","og_type":"article","og_title":"\u00c5rsm\u00f6tesprotokoll 2023-2026 - J\u00f6nk\u00f6ping","og_description":"\u00c5rsm\u00f6te POSK\u00a0 2023 \u00c5rsm\u00f6te POSK 2024 \u00c5rsm\u00f6te POSK 2025 \u00c5rsm\u00f6te POSK 2026 &nbsp; &nbsp;","og_url":"https:\/\/www.posk.se\/jonkoping\/arsmotesprotokoll\/","og_site_name":"J\u00f6nk\u00f6ping","article_modified_time":"2026-04-02T14:45:50+00:00","twitter_card":"summary_large_image","twitter_misc":{"Ber\u00e4knad l\u00e4stid":"1 minut"},"schema":{"@context":"https:\/\/schema.org","@graph":[{"@type":"WebPage","@id":"https:\/\/www.posk.se\/jonkoping\/arsmotesprotokoll\/","url":"https:\/\/www.posk.se\/jonkoping\/arsmotesprotokoll\/","name":"\u00c5rsm\u00f6tesprotokoll 2023-2026 - J\u00f6nk\u00f6ping","isPartOf":{"@id":"https:\/\/www.posk.se\/jonkoping\/#website"},"datePublished":"2024-04-03T14:18:11+00:00","dateModified":"2026-04-02T14:45:50+00:00","breadcrumb":{"@id":"https:\/\/www.posk.se\/jonkoping\/arsmotesprotokoll\/#breadcrumb"},"inLanguage":"sv-SE","potentialAction":[{"@type":"ReadAction","target":["https:\/\/www.posk.se\/jonkoping\/arsmotesprotokoll\/"]}]},{"@type":"BreadcrumbList","@id":"https:\/\/www.posk.se\/jonkoping\/arsmotesprotokoll\/#breadcrumb","itemListElement":[{"@type":"ListItem","position":1,"name":"Hem","item":"https:\/\/www.posk.se\/jonkoping\/"},{"@type":"ListItem","position":2,"name":"\u00c5rsm\u00f6tesprotokoll 2023-2026"}]},{"@type":"WebSite","@id":"https:\/\/www.posk.se\/jonkoping\/#website","url":"https:\/\/www.posk.se\/jonkoping\/","name":"J\u00f6nk\u00f6ping","description":"POSK-grupp i V\u00e4xj\u00f6 stift","potentialAction":[{"@type":"SearchAction","target":{"@type":"EntryPoint","urlTemplate":"https:\/\/www.posk.se\/jonkoping\/?s={search_term_string}"},"query-input":{"@type":"PropertyValueSpecification","valueRequired":true,"valueName":"search_term_string"}}],"inLanguage":"sv-SE"}]}},"_links":{"self":[{"href":"https:\/\/www.posk.se\/jonkoping\/wp-json\/wp\/v2\/pages\/796","targetHints":{"allow":["GET"]}}],"collection":[{"href":"https:\/\/www.posk.se\/jonkoping\/wp-json\/wp\/v2\/pages"}],"about":[{"href":"https:\/\/www.posk.se\/jonkoping\/wp-json\/wp\/v2\/types\/page"}],"author":[{"embeddable":true,"href":"https:\/\/www.posk.se\/jonkoping\/wp-json\/wp\/v2\/users\/109"}],"replies":[{"embeddable":true,"href":"https:\/\/www.posk.se\/jonkoping\/wp-json\/wp\/v2\/comments?post=796"}],"version-history":[{"count":12,"href":"https:\/\/www.posk.se\/jonkoping\/wp-json\/wp\/v2\/pages\/796\/revisions"}],"predecessor-version":[{"id":1372,"href":"https:\/\/www.posk.se\/jonkoping\/wp-json\/wp\/v2\/pages\/796\/revisions\/1372"}],"wp:attachment":[{"href":"https:\/\/www.posk.se\/jonkoping\/wp-json\/wp\/v2\/media?parent=796"}],"curies":[{"name":"wp","href":"https:\/\/api.w.org\/{rel}","templated":true}]}}