{"id":297,"date":"2019-11-07T15:18:44","date_gmt":"2019-11-07T14:18:44","guid":{"rendered":"https:\/\/www.posk.se\/jonkoping\/?page_id=297"},"modified":"2025-06-20T06:46:58","modified_gmt":"2025-06-20T04:46:58","slug":"posk-program-infor-valet-2021","status":"publish","type":"page","link":"https:\/\/www.posk.se\/jonkoping\/posk-program-infor-valet-2021\/","title":{"rendered":"POSK i J\u00f6nk\u00f6ping"},"content":{"rendered":"<p><img loading=\"lazy\" decoding=\"async\" class=\"alignnone size-medium wp-image-678\" src=\"https:\/\/www.posk.se\/jonkoping\/wp-content\/uploads\/sites\/204\/2021\/08\/affisch-skapelsen-jpeg-212x300-1.jpg\" alt=\"\" width=\"212\" height=\"300\" \/> <img loading=\"lazy\" decoding=\"async\" class=\"alignnone size-medium wp-image-679\" src=\"https:\/\/www.posk.se\/jonkoping\/wp-content\/uploads\/sites\/204\/2021\/08\/affisch-varnar-jpeg-212x300-1.jpg\" alt=\"\" width=\"212\" height=\"300\" \/><\/p>\n<p>&nbsp;<\/p>\n<p><img loading=\"lazy\" decoding=\"async\" class=\"alignnone size-medium wp-image-680\" src=\"https:\/\/www.posk.se\/jonkoping\/wp-content\/uploads\/sites\/204\/2021\/08\/affisch-visionerna-jpeg-scaled-1-212x300.jpg\" alt=\"\" width=\"212\" height=\"300\" srcset=\"https:\/\/www.posk.se\/jonkoping\/wp-content\/uploads\/sites\/204\/2021\/08\/affisch-visionerna-jpeg-scaled-1-212x300.jpg 212w, https:\/\/www.posk.se\/jonkoping\/wp-content\/uploads\/sites\/204\/2021\/08\/affisch-visionerna-jpeg-scaled-1-724x1024.jpg 724w, https:\/\/www.posk.se\/jonkoping\/wp-content\/uploads\/sites\/204\/2021\/08\/affisch-visionerna-jpeg-scaled-1-768x1086.jpg 768w, https:\/\/www.posk.se\/jonkoping\/wp-content\/uploads\/sites\/204\/2021\/08\/affisch-visionerna-jpeg-scaled-1-1086x1536.jpg 1086w, https:\/\/www.posk.se\/jonkoping\/wp-content\/uploads\/sites\/204\/2021\/08\/affisch-visionerna-jpeg-scaled-1-1448x2048.jpg 1448w, https:\/\/www.posk.se\/jonkoping\/wp-content\/uploads\/sites\/204\/2021\/08\/affisch-visionerna-jpeg-scaled-1-330x467.jpg 330w, https:\/\/www.posk.se\/jonkoping\/wp-content\/uploads\/sites\/204\/2021\/08\/affisch-visionerna-jpeg-scaled-1.jpg 1810w\" sizes=\"auto, (max-width: 212px) 100vw, 212px\" \/><\/p>\n<p>&nbsp;<\/p>\n<p>&nbsp;<\/p>\n<p><b>DETTA var\u00a0 POSK-kandidaterna vid h\u00f6stens kyrkoval den 19 september 2021<\/b><\/p>\n<p>POSK betyder Partipolitiskt obundna i Svenska kyrkan.\u00a0 V\u00e5ra kandidater finns nu verksamma i olika delar av f\u00f6rsamlingens liv.<\/p>\n<p>&nbsp;<\/p>\n<p>&nbsp;<\/p>\n<p>Bild: Kandidater valda 2021-2025<\/p>\n<p>Foto :Helena Isfelt\u00a0 <img loading=\"lazy\" decoding=\"async\" class=\"alignnone wp-image-660\" src=\"https:\/\/www.posk.se\/jonkoping\/wp-content\/uploads\/sites\/204\/2021\/08\/gruppbild-posk-grupp-1-foto-helena-isfeldt-300x200.jpg\" alt=\"\" width=\"441\" height=\"294\" srcset=\"https:\/\/www.posk.se\/jonkoping\/wp-content\/uploads\/sites\/204\/2021\/08\/gruppbild-posk-grupp-1-foto-helena-isfeldt-300x200.jpg 300w, https:\/\/www.posk.se\/jonkoping\/wp-content\/uploads\/sites\/204\/2021\/08\/gruppbild-posk-grupp-1-foto-helena-isfeldt-768x513.jpg 768w, https:\/\/www.posk.se\/jonkoping\/wp-content\/uploads\/sites\/204\/2021\/08\/gruppbild-posk-grupp-1-foto-helena-isfeldt-330x220.jpg 330w, https:\/\/www.posk.se\/jonkoping\/wp-content\/uploads\/sites\/204\/2021\/08\/gruppbild-posk-grupp-1-foto-helena-isfeldt.jpg 800w\" sizes=\"auto, (max-width: 441px) 100vw, 441px\" \/><img loading=\"lazy\" decoding=\"async\" class=\"alignnone wp-image-662\" src=\"https:\/\/www.posk.se\/jonkoping\/wp-content\/uploads\/sites\/204\/2021\/08\/posk-gruppbild-grupp-2-foto-helena-isfeldt-300x200.jpg\" alt=\"\" width=\"434\" height=\"289\" srcset=\"https:\/\/www.posk.se\/jonkoping\/wp-content\/uploads\/sites\/204\/2021\/08\/posk-gruppbild-grupp-2-foto-helena-isfeldt-300x200.jpg 300w, https:\/\/www.posk.se\/jonkoping\/wp-content\/uploads\/sites\/204\/2021\/08\/posk-gruppbild-grupp-2-foto-helena-isfeldt-768x513.jpg 768w, https:\/\/www.posk.se\/jonkoping\/wp-content\/uploads\/sites\/204\/2021\/08\/posk-gruppbild-grupp-2-foto-helena-isfeldt-330x220.jpg 330w, https:\/\/www.posk.se\/jonkoping\/wp-content\/uploads\/sites\/204\/2021\/08\/posk-gruppbild-grupp-2-foto-helena-isfeldt.jpg 800w\" sizes=\"auto, (max-width: 434px) 100vw, 434px\" \/><\/p>\n<p>&nbsp;<\/p>\n<p>&nbsp;<\/p>\n<p>&nbsp;<\/p>\n<p><b>Vision<\/b><\/p>\n<p>POSKs vision \u00e4r att Svenska kyrkan ska vara en gemenskap som speglar Guds vilja i gudstj\u00e4nst och liv och som talar tydligt om Jesus Kristus.<\/p>\n<p>POSK vill att Svenska kyrkan J\u00f6nk\u00f6ping<\/p>\n<ul>\n<li>ger n\u00e4rvaro, gemenskap och m\u00f6jlighet att v\u00e4xa i tro<\/li>\n<li>f\u00f6rmedlar befrielse, hopp och livsmod<\/li>\n<li>ser och tar vara p\u00e5 varje m\u00e4nniska som en g\u00e5va i f\u00f6rsamlingens liv<\/li>\n<li>respekterar individen och gl\u00e4ds \u00e5t m\u00e5ngfalden<\/li>\n<li>ska vara en tydlig r\u00f6st i samh\u00e4llet och visa p\u00e5 ett liv i r\u00e4ttvisa och frihet<\/li>\n<li>f\u00f6renklar sin organisation och struktur s\u00e5 att den fr\u00e4mjar kyrkans uppdrag<\/li>\n<li>ska vara en brobyggare mellan olika kyrkliga traditioner och mellan kristna kyrkor<\/li>\n<li>str\u00e4var efter en sann och \u00f6ppen dialog mellan m\u00e4nniskor av olika tro<\/li>\n<li>m\u00f6ter de klimatutmaningar samh\u00e4llet st\u00e5r inf\u00f6r<\/li>\n<\/ul>\n<p><b>Gudstj\u00e4nst, musik och \u00f6ppenhet<\/b><\/p>\n<ul>\n<li>Vi vill forts\u00e4tta utveckla och skapa meningsfulla gudstj\u00e4nster f\u00f6r alla \u00e5ldrar p\u00e5 olika tider<\/li>\n<li>Vi vill verka f\u00f6r \u00f6kad delaktighet i gudstj\u00e4nsten<\/li>\n<li>Vi vill verka f\u00f6r \u00f6ppna och tillg\u00e4ngliga kyrkor och lokaler<\/li>\n<li>Vi vill forts\u00e4tta med digitala gudstj\u00e4nster och m\u00f6tesrum<\/li>\n<li>Vi vill att s\u00e5ng och musik ska ha en fortsatt viktig plats i f\u00f6rsamlingslivet<\/li>\n<li>Vi vill att st\u00f6rre satsningar g\u00f6rs p\u00e5 de ungas musik<\/li>\n<\/ul>\n<p><b>Diakoni, samverkan och medarbetarskap<\/b><\/p>\n<ul>\n<li>Vi vill att kyrkans diakoni ska g\u00f6ra skillnad f\u00f6r m\u00e4nniskor i utsatta situationer<\/li>\n<li>Vi vill se samarbete och samverkan kring sociala f\u00f6retag, studentboende och trygghetsboende<\/li>\n<li>Vi vill ha fortsatt fokus p\u00e5 ideellt medarbetarskap<\/li>\n<li>Vi vill att alla medarbetare ska ges goda m\u00f6jligheter till fortbildning och utveckling<\/li>\n<li>Vi vill arbeta f\u00f6r \u00f6kat engagemang f\u00f6r kyrkans internationella kontakter och f\u00f6r bist\u00e5nd genom Act Svenska kyrkan<\/li>\n<\/ul>\n<p><b>Dop, f\u00f6rdjupning och barnets r\u00e4ttigheter<\/b><\/p>\n<ul>\n<li>Vi vill se \u00f6kad dopundervisning och m\u00e5nga m\u00f6jligheter att f\u00f6rdjupa den kristna tron<\/li>\n<li>Vi vill att barns och ungdomars behov ska st\u00e5 i fokus<\/li>\n<li>Vi vill att barn- och ungdomsverksamhet ska \ufb01nnas hela \u00e5ret \u00e4ven under loven<\/li>\n<li>Vi vill v\u00e4rna v\u00e5ra f\u00f6rskolor och starta \ufb02er i Svenska kyrkans regi<\/li>\n<li><\/li>\n<\/ul>\n<p>L\u00c4S MER P\u00c5<\/p>\n<p>www.posk.se\/jonkoping<\/p>\n<p>www.facebook.com\/poskijonkoping<\/p>\n<p>&nbsp;<\/p>\n<p><strong>V\u00e5ra kandidater<\/strong><\/p>\n<p><strong>inf\u00f6r KYRKOFULLM\u00c4KTIGEVALET\u00a0 2022-2025<\/strong><\/p>\n<ol>\n<li>Bengt Olsson, Ideell medarbetare<\/li>\n<li>Maria Boeryd, Pedagog<\/li>\n<li>Rune Petersson, Civilingenj\u00f6r<\/li>\n<li>Annika Iveroth, Barnl\u00e4kare<\/li>\n<li>Bernt E Isacson, Fil. kand<\/li>\n<li>Birgitta Flygare, Pension\u00e4r<\/li>\n<li>Oscar Rinaldo, S\u00e4ljchef<\/li>\n<li>Elisabeth Andersson, Studerande<\/li>\n<li>Anders G\u00e4rskog, Pension\u00e4r<\/li>\n<li>Louise \u00c5kerblom Svensson, Blivande l\u00e4rare<\/li>\n<li>Leif Ockander, Pensionerad leg. l\u00e4kare<\/li>\n<li>Anna Pettersson, F\u00f6rsamlingspedagog<\/li>\n<li>Lars Otto Holmgren, Socionom<\/li>\n<li>Birgitta G\u00e4rskog, Specialisttandl\u00e4kare<\/li>\n<li>Staffan Ekedahl, Distriktsl\u00e4kare<\/li>\n<li>Birgitta Bertilsson, Distriktssk\u00f6terska<\/li>\n<li>Hans H\u00e4gglund, Folkh\u00f6gskoll\u00e4rare<\/li>\n<li>Regina Fredriksson, L\u00e4rare<\/li>\n<li>Anders Nordberg, Jur. kand<\/li>\n<li>Lars Andersson, Civilingenj\u00f6r<\/li>\n<\/ol>\n<p>&nbsp;<\/p>\n<h3>1. VAD \u00c4R DET VIKTIGASTE NI VILL G\u00d6RA I SVENSKA KYRKAN I J\u00d6NK\u00d6PING DE KOMMANDE FYRA \u00c5REN?<\/h3>\n<p>Att anst\u00e4llda i kyrkan och ideella medarbetare tillsammans finner former att n\u00e5 ut till \u00e4nnu fler med det kyrkan har att erbjuda. Vi vill bland annat lyfta fram ungas musik, ideellt arbete, barn och ungdomsverksamhet \u00e4ven p\u00e5 loven, diakonalt st\u00f6d, kamp f\u00f6r r\u00e4ttvisa och frihet, dopundervisning och f\u00f6rdjupad kristen tro.<\/p>\n<h3>2. P\u00c5 VILKET S\u00c4TT SKILJER SIG NI FR\u00c5N DE ANDRA NOMINERINGSGRUPPERNA?<\/h3>\n<p>V\u00e5r nomineringsgrupp \u00e4r partipolitiskt obunden. Vi beh\u00f6ver inte ta h\u00e4nsyn till n\u00e5gra allm\u00e4npolitiska synpunkter. V\u00e5r h\u00e4ngivenhet bottnar i det kyrkliga engagemanget.<\/p>\n<h3>3. SVENSKA KYRKAN I J\u00d6NK\u00d6PING HAR PLANER P\u00c5 ATT BYGGA VID SOFIAG\u00c5RDEN, VILKET V\u00c4CKT DEBATT. \u00c4R F\u00d6RSLAGET BRA ELLER D\u00c5LIGT?<\/h3>\n<p>Vi tycker att Lagermanska tomten ska bebyggas. Vi ser det viktigt att g\u00f6ra det m\u00f6jligt f\u00f6r m\u00e4nniskor i v\u00e5r stad att kunna bo i en fin kulturmilj\u00f6. Dessutom ser vi byggnationen som en satsning som kan att bidra ekonomiskt till framtidens f\u00f6rsamlingsverksamheter.<\/p>\n<h3>4. SVENSKA KYRKAN TAPPAR MEDLEMMAR OCH D\u00c4RMED KYRKOAVGIFTER. HUR VILL NI KLARA EKONOMIN I FRAMTIDEN?<\/h3>\n<p>Vi vill v\u00e4rna om v\u00e5ra medlemmar s\u00e5 att kyrkan k\u00e4nns relevant och d\u00e4rf\u00f6r v\u00e4ljer att stanna kvar som medlemmar. Ett fortsatt arbete med dop och dopundervisning ser vi som v\u00e4rdefullt f\u00f6r att kunna \u00f6ka antalet medlemmar. F\u00f6renklad organisation och \u00f6kad samverkan och samarbete med andra kyrkor och f\u00f6rsamlingar ser vi som en v\u00e4g att st\u00e4rka ekonomin.<\/p>\n<p>&nbsp;<\/p>\n<p>&nbsp;<\/p>\n<p>&nbsp;<\/p>\n<p>&nbsp;<\/p>\n<p>&nbsp;<\/p>\n<p>&nbsp;<\/p>\n","protected":false},"excerpt":{"rendered":"<p>&nbsp; &nbsp; &nbsp; DETTA var\u00a0 POSK-kandidaterna vid h\u00f6stens kyrkoval den 19 september 2021 POSK betyder Partipolitiskt obundna i Svenska kyrkan.\u00a0 V\u00e5ra kandidater finns nu verksamma i olika delar av f\u00f6rsamlingens liv. &nbsp; &nbsp; Bild: Kandidater valda 2021-2025 Foto :Helena Isfelt\u00a0 &nbsp; &nbsp; &nbsp; Vision POSKs vision \u00e4r att Svenska kyrkan ska vara en gemenskap som [&hellip;]<\/p>\n","protected":false},"author":109,"featured_media":0,"parent":0,"menu_order":0,"comment_status":"closed","ping_status":"closed","template":"page-templates\/page-sidebar-left.php","meta":{"_acf_changed":false,"footnotes":""},"class_list":["post-297","page","type-page","status-publish","hentry"],"acf":[],"yoast_head":"<!-- This site is optimized with the Yoast SEO plugin v24.9 - https:\/\/yoast.com\/wordpress\/plugins\/seo\/ -->\n<title>POSK i J\u00f6nk\u00f6ping - J\u00f6nk\u00f6ping<\/title>\n<meta name=\"description\" content=\"Program f\u00f6r nomineringsgruppen POSK i J\u00f6nk\u00f6ping Inf\u00f6r valet\" \/>\n<meta name=\"robots\" content=\"index, follow, max-snippet:-1, max-image-preview:large, max-video-preview:-1\" \/>\n<link rel=\"canonical\" href=\"https:\/\/www.posk.se\/jonkoping\/posk-program-infor-valet-2021\/\" \/>\n<meta property=\"og:locale\" content=\"sv_SE\" \/>\n<meta property=\"og:type\" content=\"article\" \/>\n<meta property=\"og:title\" content=\"POSK i J\u00f6nk\u00f6ping - J\u00f6nk\u00f6ping\" \/>\n<meta property=\"og:description\" content=\"Program f\u00f6r nomineringsgruppen POSK i J\u00f6nk\u00f6ping Inf\u00f6r valet\" \/>\n<meta property=\"og:url\" content=\"https:\/\/www.posk.se\/jonkoping\/posk-program-infor-valet-2021\/\" \/>\n<meta property=\"og:site_name\" content=\"J\u00f6nk\u00f6ping\" \/>\n<meta property=\"article:modified_time\" content=\"2025-06-20T04:46:58+00:00\" \/>\n<meta property=\"og:image\" content=\"https:\/\/www.posk.se\/jonkoping\/wp-content\/uploads\/sites\/204\/2021\/08\/affisch-skapelsen-jpeg-212x300-1.jpg\" \/>\n\t<meta property=\"og:image:width\" content=\"212\" \/>\n\t<meta property=\"og:image:height\" content=\"300\" \/>\n\t<meta property=\"og:image:type\" content=\"image\/jpeg\" \/>\n<meta name=\"twitter:card\" content=\"summary_large_image\" \/>\n<meta name=\"twitter:label1\" content=\"Ber\u00e4knad l\u00e4stid\" \/>\n\t<meta name=\"twitter:data1\" content=\"5 minuter\" \/>\n<script type=\"application\/ld+json\" class=\"yoast-schema-graph\">{\"@context\":\"https:\/\/schema.org\",\"@graph\":[{\"@type\":\"WebPage\",\"@id\":\"https:\/\/www.posk.se\/jonkoping\/posk-program-infor-valet-2021\/\",\"url\":\"https:\/\/www.posk.se\/jonkoping\/posk-program-infor-valet-2021\/\",\"name\":\"POSK i J\u00f6nk\u00f6ping - J\u00f6nk\u00f6ping\",\"isPartOf\":{\"@id\":\"https:\/\/www.posk.se\/jonkoping\/#website\"},\"primaryImageOfPage\":{\"@id\":\"https:\/\/www.posk.se\/jonkoping\/posk-program-infor-valet-2021\/#primaryimage\"},\"image\":{\"@id\":\"https:\/\/www.posk.se\/jonkoping\/posk-program-infor-valet-2021\/#primaryimage\"},\"thumbnailUrl\":\"https:\/\/www.posk.se\/jonkoping\/wp-content\/uploads\/sites\/204\/2021\/08\/affisch-skapelsen-jpeg-212x300-1.jpg\",\"datePublished\":\"2019-11-07T14:18:44+00:00\",\"dateModified\":\"2025-06-20T04:46:58+00:00\",\"description\":\"Program f\u00f6r nomineringsgruppen POSK i J\u00f6nk\u00f6ping Inf\u00f6r valet\",\"breadcrumb\":{\"@id\":\"https:\/\/www.posk.se\/jonkoping\/posk-program-infor-valet-2021\/#breadcrumb\"},\"inLanguage\":\"sv-SE\",\"potentialAction\":[{\"@type\":\"ReadAction\",\"target\":[\"https:\/\/www.posk.se\/jonkoping\/posk-program-infor-valet-2021\/\"]}]},{\"@type\":\"ImageObject\",\"inLanguage\":\"sv-SE\",\"@id\":\"https:\/\/www.posk.se\/jonkoping\/posk-program-infor-valet-2021\/#primaryimage\",\"url\":\"https:\/\/www.posk.se\/jonkoping\/wp-content\/uploads\/sites\/204\/2021\/08\/affisch-skapelsen-jpeg-212x300-1.jpg\",\"contentUrl\":\"https:\/\/www.posk.se\/jonkoping\/wp-content\/uploads\/sites\/204\/2021\/08\/affisch-skapelsen-jpeg-212x300-1.jpg\",\"width\":212,\"height\":300},{\"@type\":\"BreadcrumbList\",\"@id\":\"https:\/\/www.posk.se\/jonkoping\/posk-program-infor-valet-2021\/#breadcrumb\",\"itemListElement\":[{\"@type\":\"ListItem\",\"position\":1,\"name\":\"Hem\",\"item\":\"https:\/\/www.posk.se\/jonkoping\/\"},{\"@type\":\"ListItem\",\"position\":2,\"name\":\"POSK i J\u00f6nk\u00f6ping\"}]},{\"@type\":\"WebSite\",\"@id\":\"https:\/\/www.posk.se\/jonkoping\/#website\",\"url\":\"https:\/\/www.posk.se\/jonkoping\/\",\"name\":\"J\u00f6nk\u00f6ping\",\"description\":\"POSK-grupp i V\u00e4xj\u00f6 stift\",\"potentialAction\":[{\"@type\":\"SearchAction\",\"target\":{\"@type\":\"EntryPoint\",\"urlTemplate\":\"https:\/\/www.posk.se\/jonkoping\/?s={search_term_string}\"},\"query-input\":{\"@type\":\"PropertyValueSpecification\",\"valueRequired\":true,\"valueName\":\"search_term_string\"}}],\"inLanguage\":\"sv-SE\"}]}<\/script>\n<!-- \/ Yoast SEO plugin. -->","yoast_head_json":{"title":"POSK i J\u00f6nk\u00f6ping - J\u00f6nk\u00f6ping","description":"Program f\u00f6r nomineringsgruppen POSK i J\u00f6nk\u00f6ping Inf\u00f6r valet","robots":{"index":"index","follow":"follow","max-snippet":"max-snippet:-1","max-image-preview":"max-image-preview:large","max-video-preview":"max-video-preview:-1"},"canonical":"https:\/\/www.posk.se\/jonkoping\/posk-program-infor-valet-2021\/","og_locale":"sv_SE","og_type":"article","og_title":"POSK i J\u00f6nk\u00f6ping - J\u00f6nk\u00f6ping","og_description":"Program f\u00f6r nomineringsgruppen POSK i J\u00f6nk\u00f6ping Inf\u00f6r valet","og_url":"https:\/\/www.posk.se\/jonkoping\/posk-program-infor-valet-2021\/","og_site_name":"J\u00f6nk\u00f6ping","article_modified_time":"2025-06-20T04:46:58+00:00","og_image":[{"width":212,"height":300,"url":"https:\/\/www.posk.se\/jonkoping\/wp-content\/uploads\/sites\/204\/2021\/08\/affisch-skapelsen-jpeg-212x300-1.jpg","type":"image\/jpeg"}],"twitter_card":"summary_large_image","twitter_misc":{"Ber\u00e4knad l\u00e4stid":"5 minuter"},"schema":{"@context":"https:\/\/schema.org","@graph":[{"@type":"WebPage","@id":"https:\/\/www.posk.se\/jonkoping\/posk-program-infor-valet-2021\/","url":"https:\/\/www.posk.se\/jonkoping\/posk-program-infor-valet-2021\/","name":"POSK i J\u00f6nk\u00f6ping - J\u00f6nk\u00f6ping","isPartOf":{"@id":"https:\/\/www.posk.se\/jonkoping\/#website"},"primaryImageOfPage":{"@id":"https:\/\/www.posk.se\/jonkoping\/posk-program-infor-valet-2021\/#primaryimage"},"image":{"@id":"https:\/\/www.posk.se\/jonkoping\/posk-program-infor-valet-2021\/#primaryimage"},"thumbnailUrl":"https:\/\/www.posk.se\/jonkoping\/wp-content\/uploads\/sites\/204\/2021\/08\/affisch-skapelsen-jpeg-212x300-1.jpg","datePublished":"2019-11-07T14:18:44+00:00","dateModified":"2025-06-20T04:46:58+00:00","description":"Program f\u00f6r nomineringsgruppen POSK i J\u00f6nk\u00f6ping Inf\u00f6r valet","breadcrumb":{"@id":"https:\/\/www.posk.se\/jonkoping\/posk-program-infor-valet-2021\/#breadcrumb"},"inLanguage":"sv-SE","potentialAction":[{"@type":"ReadAction","target":["https:\/\/www.posk.se\/jonkoping\/posk-program-infor-valet-2021\/"]}]},{"@type":"ImageObject","inLanguage":"sv-SE","@id":"https:\/\/www.posk.se\/jonkoping\/posk-program-infor-valet-2021\/#primaryimage","url":"https:\/\/www.posk.se\/jonkoping\/wp-content\/uploads\/sites\/204\/2021\/08\/affisch-skapelsen-jpeg-212x300-1.jpg","contentUrl":"https:\/\/www.posk.se\/jonkoping\/wp-content\/uploads\/sites\/204\/2021\/08\/affisch-skapelsen-jpeg-212x300-1.jpg","width":212,"height":300},{"@type":"BreadcrumbList","@id":"https:\/\/www.posk.se\/jonkoping\/posk-program-infor-valet-2021\/#breadcrumb","itemListElement":[{"@type":"ListItem","position":1,"name":"Hem","item":"https:\/\/www.posk.se\/jonkoping\/"},{"@type":"ListItem","position":2,"name":"POSK i J\u00f6nk\u00f6ping"}]},{"@type":"WebSite","@id":"https:\/\/www.posk.se\/jonkoping\/#website","url":"https:\/\/www.posk.se\/jonkoping\/","name":"J\u00f6nk\u00f6ping","description":"POSK-grupp i V\u00e4xj\u00f6 stift","potentialAction":[{"@type":"SearchAction","target":{"@type":"EntryPoint","urlTemplate":"https:\/\/www.posk.se\/jonkoping\/?s={search_term_string}"},"query-input":{"@type":"PropertyValueSpecification","valueRequired":true,"valueName":"search_term_string"}}],"inLanguage":"sv-SE"}]}},"_links":{"self":[{"href":"https:\/\/www.posk.se\/jonkoping\/wp-json\/wp\/v2\/pages\/297","targetHints":{"allow":["GET"]}}],"collection":[{"href":"https:\/\/www.posk.se\/jonkoping\/wp-json\/wp\/v2\/pages"}],"about":[{"href":"https:\/\/www.posk.se\/jonkoping\/wp-json\/wp\/v2\/types\/page"}],"author":[{"embeddable":true,"href":"https:\/\/www.posk.se\/jonkoping\/wp-json\/wp\/v2\/users\/109"}],"replies":[{"embeddable":true,"href":"https:\/\/www.posk.se\/jonkoping\/wp-json\/wp\/v2\/comments?post=297"}],"version-history":[{"count":35,"href":"https:\/\/www.posk.se\/jonkoping\/wp-json\/wp\/v2\/pages\/297\/revisions"}],"predecessor-version":[{"id":1330,"href":"https:\/\/www.posk.se\/jonkoping\/wp-json\/wp\/v2\/pages\/297\/revisions\/1330"}],"wp:attachment":[{"href":"https:\/\/www.posk.se\/jonkoping\/wp-json\/wp\/v2\/media?parent=297"}],"curies":[{"name":"wp","href":"https:\/\/api.w.org\/{rel}","templated":true}]}}