{"id":93,"date":"2025-07-09T14:45:34","date_gmt":"2025-07-09T12:45:34","guid":{"rendered":"https:\/\/www.posk.se\/jarfalla\/?page_id=93"},"modified":"2025-10-05T14:33:58","modified_gmt":"2025-10-05T12:33:58","slug":"informationomjarfallaforsamling","status":"publish","type":"page","link":"https:\/\/www.posk.se\/jarfalla\/informationomjarfallaforsamling\/","title":{"rendered":"KYRKORNA"},"content":{"rendered":"<p>POSK i J\u00e4rf\u00e4lla presenterar:<\/p>\n<table class=\" alignleft\" style=\"width: 80%;border-collapse: collapse;border-style: hidden;background-color: #f3f5d7\" cellpadding=\"5\">\n<tfoot>\n<tr>\n<td style=\"width: 33.3333%\" colspan=\"3\">Kyrkv\u00e4gen 8 i Barkarby<\/td>\n<\/tr>\n<\/tfoot>\n<thead>\n<tr>\n<td style=\"width: 33.3333%;vertical-align: top\" colspan=\"3\">J\u00e4rf\u00e4lla kyrka<\/td>\n<\/tr>\n<\/thead>\n<tbody>\n<tr style=\"background-color: #ebebe6;border-style: hidden\">\n<td style=\"width: 33.3333%;text-align: left\"><img loading=\"lazy\" decoding=\"async\" class=\"alignnone wp-image-231 size-medium\" src=\"https:\/\/www.posk.se\/jarfalla\/wp-content\/uploads\/sites\/138\/2025\/07\/dsc-1886c-300x173.jpg\" alt=\"J\u00e4rf\u00e4lla kyrka\" width=\"300\" height=\"173\" srcset=\"https:\/\/www.posk.se\/jarfalla\/wp-content\/uploads\/sites\/138\/2025\/07\/dsc-1886c-300x173.jpg 300w, https:\/\/www.posk.se\/jarfalla\/wp-content\/uploads\/sites\/138\/2025\/07\/dsc-1886c-1024x590.jpg 1024w, https:\/\/www.posk.se\/jarfalla\/wp-content\/uploads\/sites\/138\/2025\/07\/dsc-1886c-768x443.jpg 768w, https:\/\/www.posk.se\/jarfalla\/wp-content\/uploads\/sites\/138\/2025\/07\/dsc-1886c-1536x886.jpg 1536w, https:\/\/www.posk.se\/jarfalla\/wp-content\/uploads\/sites\/138\/2025\/07\/dsc-1886c-2048x1181.jpg 2048w, https:\/\/www.posk.se\/jarfalla\/wp-content\/uploads\/sites\/138\/2025\/07\/dsc-1886c-330x190.jpg 330w\" sizes=\"auto, (max-width: 300px) 100vw, 300px\" \/><\/td>\n<td style=\"width: 60%;text-align: left\" colspan=\"2\">J\u00e4rf\u00e4llas \u00e4ldsta kyrka, byggd p\u00e5 1100-talet d\u00e4r medeltiden m\u00f6ter nuet. Det finns \u00e4ven en liten klostertr\u00e4dg\u00e5rd. Kyrkan anv\u00e4nds i huvudsak till dop, vigsel och begravningar. F\u00f6rsamlingshemmet \u00e4r frist\u00e5ende.<\/td>\n<\/tr>\n<\/tbody>\n<\/table>\n<p>&nbsp;<\/p>\n<p>&nbsp;<\/p>\n<p>&nbsp;<\/p>\n<p>&nbsp;<\/p>\n<p>&nbsp;<\/p>\n<p>&nbsp;<\/p>\n<p>&nbsp;<\/p>\n<table class=\" alignleft\" style=\"width: 80%;border-collapse: collapse;background-color: #f3f5d7;border-style: hidden\" cellpadding=\"5\">\n<tfoot>\n<tr style=\"height: 24px\">\n<td style=\"width: 33.3333%;height: 24px\" colspan=\"3\">Svarvargr\u00e4nd 1 i Kallh\u00e4ll<\/td>\n<\/tr>\n<\/tfoot>\n<thead>\n<tr style=\"height: 24px\">\n<td style=\"width: 33.3333%;height: 24px\" colspan=\"3\">S:t Lukas kyrka<\/td>\n<\/tr>\n<\/thead>\n<tbody>\n<tr style=\"height: 24px;background-color: #ebebe6\">\n<td style=\"width: 33.3333%;height: 24px;text-align: left\"><img loading=\"lazy\" decoding=\"async\" class=\"alignnone wp-image-234 size-medium\" src=\"https:\/\/www.posk.se\/jarfalla\/wp-content\/uploads\/sites\/138\/2025\/07\/dsc-1946b-300x200.jpg\" alt=\"S:t Lukas kyrka\" width=\"300\" height=\"200\" srcset=\"https:\/\/www.posk.se\/jarfalla\/wp-content\/uploads\/sites\/138\/2025\/07\/dsc-1946b-300x200.jpg 300w, https:\/\/www.posk.se\/jarfalla\/wp-content\/uploads\/sites\/138\/2025\/07\/dsc-1946b-1024x683.jpg 1024w, https:\/\/www.posk.se\/jarfalla\/wp-content\/uploads\/sites\/138\/2025\/07\/dsc-1946b-768x512.jpg 768w, https:\/\/www.posk.se\/jarfalla\/wp-content\/uploads\/sites\/138\/2025\/07\/dsc-1946b-1536x1024.jpg 1536w, https:\/\/www.posk.se\/jarfalla\/wp-content\/uploads\/sites\/138\/2025\/07\/dsc-1946b-2048x1365.jpg 2048w, https:\/\/www.posk.se\/jarfalla\/wp-content\/uploads\/sites\/138\/2025\/07\/dsc-1946b-330x220.jpg 330w\" sizes=\"auto, (max-width: 300px) 100vw, 300px\" \/><\/td>\n<td style=\"width: 60%;height: 24px;text-align: left\" colspan=\"2\">S:t Lukas kyrka, byggdes 1977, anv\u00e4nds i huvudsak till gudstj\u00e4nster och ungdomsverksamhet. En \u00f6ppen och levande kyrka med r\u00f6tterna djupt i brukssamh\u00e4llet och Bolinderbyn. En plats f\u00f6r musik, lek och djupa samtal.<\/td>\n<\/tr>\n<\/tbody>\n<\/table>\n<p>&nbsp;<\/p>\n<p>&nbsp;<\/p>\n<p>&nbsp;<\/p>\n<p>&nbsp;<\/p>\n<p>&nbsp;<\/p>\n<p>&nbsp;<\/p>\n<p>&nbsp;<\/p>\n<table class=\" alignleft\" style=\"width: 80%;border-collapse: collapse;background-color: #f3f5d7;border-style: hidden\" cellpadding=\"5\">\n<tfoot>\n<tr>\n<td style=\"width: 33.3333%\" colspan=\"3\">Vasav\u00e4gen 25 i Jakobsberg<\/td>\n<\/tr>\n<\/tfoot>\n<thead>\n<tr>\n<td style=\"width: 33.3333%\" colspan=\"3\">Maria kyrka<\/td>\n<\/tr>\n<\/thead>\n<tbody>\n<tr style=\"background-color: #ebebe6\">\n<td style=\"width: 33.3333%;text-align: left\"><img loading=\"lazy\" decoding=\"async\" class=\"alignnone wp-image-238 size-medium\" src=\"https:\/\/www.posk.se\/jarfalla\/wp-content\/uploads\/sites\/138\/2025\/07\/dsc-1903b-300x163.jpg\" alt=\"Maria kyrka\" width=\"300\" height=\"163\" srcset=\"https:\/\/www.posk.se\/jarfalla\/wp-content\/uploads\/sites\/138\/2025\/07\/dsc-1903b-300x163.jpg 300w, https:\/\/www.posk.se\/jarfalla\/wp-content\/uploads\/sites\/138\/2025\/07\/dsc-1903b-1024x556.jpg 1024w, https:\/\/www.posk.se\/jarfalla\/wp-content\/uploads\/sites\/138\/2025\/07\/dsc-1903b-768x417.jpg 768w, https:\/\/www.posk.se\/jarfalla\/wp-content\/uploads\/sites\/138\/2025\/07\/dsc-1903b-1536x834.jpg 1536w, https:\/\/www.posk.se\/jarfalla\/wp-content\/uploads\/sites\/138\/2025\/07\/dsc-1903b-2048x1111.jpg 2048w, https:\/\/www.posk.se\/jarfalla\/wp-content\/uploads\/sites\/138\/2025\/07\/dsc-1903b-330x179.jpg 330w\" sizes=\"auto, (max-width: 300px) 100vw, 300px\" \/><\/td>\n<td style=\"width: 60%;text-align: left\" colspan=\"2\">Maria kyrka byggd 1981, \u00e4r ett diakonicentrum med kansli. En frimodig kyrka d\u00e4r hela v\u00e4rlden m\u00f6ts. En kyrka \u00f6ppen f\u00f6r en m\u00e5ngfald av \u00e5ldrar, bakgrunder och \u00f6vertygelser.<\/td>\n<\/tr>\n<\/tbody>\n<\/table>\n<p>&nbsp;<\/p>\n<p>&nbsp;<\/p>\n<p>&nbsp;<\/p>\n<p>&nbsp;<\/p>\n<p>&nbsp;<\/p>\n<p>&nbsp;<\/p>\n<p>&nbsp;<\/p>\n<table class=\" alignleft\" style=\"width: 80%;border-collapse: collapse;background-color: #f3f5d7;border-style: hidden\" cellpadding=\"5\">\n<tfoot>\n<tr>\n<td style=\"width: 33.3333%\" colspan=\"3\">Agrargr\u00e4nd 2 i Viksj\u00f6 centrum<\/td>\n<\/tr>\n<\/tfoot>\n<thead>\n<tr>\n<td style=\"width: 33.3333%\" colspan=\"3\">Viksj\u00f6 kyrka<\/td>\n<\/tr>\n<\/thead>\n<tbody>\n<tr style=\"background-color: #ebebe6\">\n<td style=\"width: 33.3333%;text-align: left\"><img loading=\"lazy\" decoding=\"async\" class=\"alignnone wp-image-235 size-medium\" src=\"https:\/\/www.posk.se\/jarfalla\/wp-content\/uploads\/sites\/138\/2025\/07\/dsc-1994b-300x183.jpg\" alt=\"Viksj\u00f6 kyrka\" width=\"300\" height=\"183\" srcset=\"https:\/\/www.posk.se\/jarfalla\/wp-content\/uploads\/sites\/138\/2025\/07\/dsc-1994b-300x183.jpg 300w, https:\/\/www.posk.se\/jarfalla\/wp-content\/uploads\/sites\/138\/2025\/07\/dsc-1994b-1024x624.jpg 1024w, https:\/\/www.posk.se\/jarfalla\/wp-content\/uploads\/sites\/138\/2025\/07\/dsc-1994b-768x468.jpg 768w, https:\/\/www.posk.se\/jarfalla\/wp-content\/uploads\/sites\/138\/2025\/07\/dsc-1994b-1536x936.jpg 1536w, https:\/\/www.posk.se\/jarfalla\/wp-content\/uploads\/sites\/138\/2025\/07\/dsc-1994b-2048x1248.jpg 2048w, https:\/\/www.posk.se\/jarfalla\/wp-content\/uploads\/sites\/138\/2025\/07\/dsc-1994b-330x201.jpg 330w\" sizes=\"auto, (max-width: 300px) 100vw, 300px\" \/><\/td>\n<td style=\"width: 60%;text-align: left\" colspan=\"2\">Viksj\u00f6 kyrka \u00e4r den yngsta av kyrkorna och byggdes 2005. Innanf\u00f6r de stora glasf\u00f6nstren \u00e4r det h\u00f6gt i tak och gott om plats \u2013 f\u00f6r b\u00e5de tystnad och musik, lek och allvar, eller n\u00e4rhelst du har v\u00e4garna f\u00f6rbi.<\/td>\n<\/tr>\n<\/tbody>\n<\/table>\n<p>&nbsp;<\/p>\n<p>&nbsp;<\/p>\n<p>&nbsp;<\/p>\n<p>&nbsp;<\/p>\n<p>&nbsp;<\/p>\n<p>&nbsp;<\/p>\n<p>&nbsp;<\/p>\n<table class=\" alignleft\" style=\"width: 80%;border-collapse: collapse;background-color: #f3f5d7;border-style: hidden\" cellpadding=\"5\">\n<tfoot>\n<tr>\n<td style=\"width: 33.3333%\" colspan=\"3\">M\u00e4larv\u00e4gen 10 vid G\u00f6rv\u00e4lns grifteg\u00e5rd<\/td>\n<\/tr>\n<\/tfoot>\n<thead>\n<tr>\n<td style=\"width: 33.3333%\" colspan=\"3\">Pilgrimskapellet<\/td>\n<\/tr>\n<\/thead>\n<tbody>\n<tr style=\"background-color: #ebebe6\">\n<td style=\"width: 33.3333%;text-align: left\"><img loading=\"lazy\" decoding=\"async\" class=\"alignnone wp-image-233 size-medium\" src=\"https:\/\/www.posk.se\/jarfalla\/wp-content\/uploads\/sites\/138\/2025\/07\/dsc-1921b-300x192.jpg\" alt=\"Pilgrimskapellet\" width=\"300\" height=\"192\" srcset=\"https:\/\/www.posk.se\/jarfalla\/wp-content\/uploads\/sites\/138\/2025\/07\/dsc-1921b-300x192.jpg 300w, https:\/\/www.posk.se\/jarfalla\/wp-content\/uploads\/sites\/138\/2025\/07\/dsc-1921b-1024x655.jpg 1024w, https:\/\/www.posk.se\/jarfalla\/wp-content\/uploads\/sites\/138\/2025\/07\/dsc-1921b-768x491.jpg 768w, https:\/\/www.posk.se\/jarfalla\/wp-content\/uploads\/sites\/138\/2025\/07\/dsc-1921b-1536x982.jpg 1536w, https:\/\/www.posk.se\/jarfalla\/wp-content\/uploads\/sites\/138\/2025\/07\/dsc-1921b-2048x1310.jpg 2048w, https:\/\/www.posk.se\/jarfalla\/wp-content\/uploads\/sites\/138\/2025\/07\/dsc-1921b-330x211.jpg 330w\" sizes=\"auto, (max-width: 300px) 100vw, 300px\" \/><\/td>\n<td style=\"width: 60%;text-align: left\" colspan=\"2\">Pilgrimskapellet vid G\u00f6rv\u00e4lns grifteg\u00e5rd i J\u00e4rf\u00e4lla \u00e4r en ceremonilokal utan religi\u00f6sa symboler. I kapellet f\u00f6rr\u00e4ttas b\u00e5de borgerliga och kyrkliga begravningar, samt begravningsceremonier i andra religi\u00f6sa traditioner \u00e4n Svenska kyrkans. Byggd 1977.<\/td>\n<\/tr>\n<\/tbody>\n<\/table>\n<p>&nbsp;<\/p>\n<p>&nbsp;<\/p>\n<p>&nbsp;<\/p>\n<p>&nbsp;<\/p>\n<p>&nbsp;<\/p>\n<p>&nbsp;<\/p>\n<p>&nbsp;<\/p>\n<p>&nbsp;<\/p>\n<p>F\u00f6r mer information se Svenska kyrkans <a href=\"https:\/\/www.svenskakyrkan.se\/jarfalla\">webb<\/a>.<\/p>\n","protected":false},"excerpt":{"rendered":"<p>POSK i J\u00e4rf\u00e4lla presenterar: Kyrkv\u00e4gen 8 i Barkarby J\u00e4rf\u00e4lla kyrka J\u00e4rf\u00e4llas \u00e4ldsta kyrka, byggd p\u00e5 1100-talet d\u00e4r medeltiden m\u00f6ter nuet. Det finns \u00e4ven en liten klostertr\u00e4dg\u00e5rd. Kyrkan anv\u00e4nds i huvudsak till dop, vigsel och begravningar. F\u00f6rsamlingshemmet \u00e4r frist\u00e5ende. &nbsp; &nbsp; &nbsp; &nbsp; &nbsp; &nbsp; &nbsp; Svarvargr\u00e4nd 1 i Kallh\u00e4ll S:t Lukas kyrka S:t Lukas kyrka, [&hellip;]<\/p>\n","protected":false},"author":1412,"featured_media":0,"parent":0,"menu_order":0,"comment_status":"closed","ping_status":"closed","template":"page-templates\/page-sidebar-left.php","meta":{"_acf_changed":false,"footnotes":""},"class_list":["post-93","page","type-page","status-publish","hentry"],"acf":[],"yoast_head":"<!-- This site is optimized with the Yoast SEO plugin v24.9 - https:\/\/yoast.com\/wordpress\/plugins\/seo\/ -->\n<title>POSK i J\u00e4rf\u00e4lla presenterar f\u00f6rsamlingens kyrkor<\/title>\n<meta name=\"description\" content=\"POSK i J\u00e4rf\u00e4lla f\u00f6rsamling, presentation av kyrkorna i J\u00e4rf\u00e4lla, verksamhets\u00f6versikt i J\u00e4rf\u00e4lla f\u00f6rsamling, POSK och Svenskas kyrkan\" \/>\n<meta name=\"robots\" content=\"index, follow, max-snippet:-1, max-image-preview:large, max-video-preview:-1\" \/>\n<link rel=\"canonical\" href=\"https:\/\/www.posk.se\/jarfalla\/informationomjarfallaforsamling\/\" \/>\n<meta property=\"og:locale\" content=\"sv_SE\" \/>\n<meta property=\"og:type\" content=\"article\" \/>\n<meta property=\"og:title\" content=\"POSK i J\u00e4rf\u00e4lla presenterar f\u00f6rsamlingens kyrkor\" \/>\n<meta property=\"og:description\" content=\"POSK i J\u00e4rf\u00e4lla f\u00f6rsamling, presentation av kyrkorna i J\u00e4rf\u00e4lla, verksamhets\u00f6versikt i J\u00e4rf\u00e4lla f\u00f6rsamling, POSK och Svenskas kyrkan\" \/>\n<meta property=\"og:url\" content=\"https:\/\/www.posk.se\/jarfalla\/informationomjarfallaforsamling\/\" \/>\n<meta property=\"og:site_name\" content=\"J\u00e4rf\u00e4lla\" \/>\n<meta property=\"article:modified_time\" content=\"2025-10-05T12:33:58+00:00\" \/>\n<meta property=\"og:image\" content=\"https:\/\/www.posk.se\/jarfalla\/wp-content\/uploads\/sites\/138\/2025\/07\/dsc-1886c-scaled.jpg\" \/>\n\t<meta property=\"og:image:width\" content=\"2560\" \/>\n\t<meta property=\"og:image:height\" content=\"1476\" \/>\n\t<meta property=\"og:image:type\" content=\"image\/jpeg\" \/>\n<meta name=\"twitter:card\" content=\"summary_large_image\" \/>\n<meta name=\"twitter:label1\" content=\"Ber\u00e4knad l\u00e4stid\" \/>\n\t<meta name=\"twitter:data1\" content=\"2 minuter\" \/>\n<script type=\"application\/ld+json\" class=\"yoast-schema-graph\">{\"@context\":\"https:\/\/schema.org\",\"@graph\":[{\"@type\":\"WebPage\",\"@id\":\"https:\/\/www.posk.se\/jarfalla\/informationomjarfallaforsamling\/\",\"url\":\"https:\/\/www.posk.se\/jarfalla\/informationomjarfallaforsamling\/\",\"name\":\"POSK i J\u00e4rf\u00e4lla presenterar f\u00f6rsamlingens kyrkor\",\"isPartOf\":{\"@id\":\"https:\/\/www.posk.se\/jarfalla\/#website\"},\"primaryImageOfPage\":{\"@id\":\"https:\/\/www.posk.se\/jarfalla\/informationomjarfallaforsamling\/#primaryimage\"},\"image\":{\"@id\":\"https:\/\/www.posk.se\/jarfalla\/informationomjarfallaforsamling\/#primaryimage\"},\"thumbnailUrl\":\"https:\/\/www.posk.se\/jarfalla\/wp-content\/uploads\/sites\/138\/2025\/07\/dsc-1886c-300x173.jpg\",\"datePublished\":\"2025-07-09T12:45:34+00:00\",\"dateModified\":\"2025-10-05T12:33:58+00:00\",\"description\":\"POSK i J\u00e4rf\u00e4lla f\u00f6rsamling, presentation av kyrkorna i J\u00e4rf\u00e4lla, verksamhets\u00f6versikt i J\u00e4rf\u00e4lla f\u00f6rsamling, POSK och Svenskas kyrkan\",\"breadcrumb\":{\"@id\":\"https:\/\/www.posk.se\/jarfalla\/informationomjarfallaforsamling\/#breadcrumb\"},\"inLanguage\":\"sv-SE\",\"potentialAction\":[{\"@type\":\"ReadAction\",\"target\":[\"https:\/\/www.posk.se\/jarfalla\/informationomjarfallaforsamling\/\"]}]},{\"@type\":\"ImageObject\",\"inLanguage\":\"sv-SE\",\"@id\":\"https:\/\/www.posk.se\/jarfalla\/informationomjarfallaforsamling\/#primaryimage\",\"url\":\"https:\/\/www.posk.se\/jarfalla\/wp-content\/uploads\/sites\/138\/2025\/07\/dsc-1886c-scaled.jpg\",\"contentUrl\":\"https:\/\/www.posk.se\/jarfalla\/wp-content\/uploads\/sites\/138\/2025\/07\/dsc-1886c-scaled.jpg\",\"width\":2560,\"height\":1476},{\"@type\":\"BreadcrumbList\",\"@id\":\"https:\/\/www.posk.se\/jarfalla\/informationomjarfallaforsamling\/#breadcrumb\",\"itemListElement\":[{\"@type\":\"ListItem\",\"position\":1,\"name\":\"Hem\",\"item\":\"https:\/\/www.posk.se\/jarfalla\/\"},{\"@type\":\"ListItem\",\"position\":2,\"name\":\"KYRKORNA\"}]},{\"@type\":\"WebSite\",\"@id\":\"https:\/\/www.posk.se\/jarfalla\/#website\",\"url\":\"https:\/\/www.posk.se\/jarfalla\/\",\"name\":\"J\u00e4rf\u00e4lla\",\"description\":\"POSK-grupp i Stockholms stift\",\"potentialAction\":[{\"@type\":\"SearchAction\",\"target\":{\"@type\":\"EntryPoint\",\"urlTemplate\":\"https:\/\/www.posk.se\/jarfalla\/?s={search_term_string}\"},\"query-input\":{\"@type\":\"PropertyValueSpecification\",\"valueRequired\":true,\"valueName\":\"search_term_string\"}}],\"inLanguage\":\"sv-SE\"}]}<\/script>\n<!-- \/ Yoast SEO plugin. -->","yoast_head_json":{"title":"POSK i J\u00e4rf\u00e4lla presenterar f\u00f6rsamlingens kyrkor","description":"POSK i J\u00e4rf\u00e4lla f\u00f6rsamling, presentation av kyrkorna i J\u00e4rf\u00e4lla, verksamhets\u00f6versikt i J\u00e4rf\u00e4lla f\u00f6rsamling, POSK och Svenskas kyrkan","robots":{"index":"index","follow":"follow","max-snippet":"max-snippet:-1","max-image-preview":"max-image-preview:large","max-video-preview":"max-video-preview:-1"},"canonical":"https:\/\/www.posk.se\/jarfalla\/informationomjarfallaforsamling\/","og_locale":"sv_SE","og_type":"article","og_title":"POSK i J\u00e4rf\u00e4lla presenterar f\u00f6rsamlingens kyrkor","og_description":"POSK i J\u00e4rf\u00e4lla f\u00f6rsamling, presentation av kyrkorna i J\u00e4rf\u00e4lla, verksamhets\u00f6versikt i J\u00e4rf\u00e4lla f\u00f6rsamling, POSK och Svenskas kyrkan","og_url":"https:\/\/www.posk.se\/jarfalla\/informationomjarfallaforsamling\/","og_site_name":"J\u00e4rf\u00e4lla","article_modified_time":"2025-10-05T12:33:58+00:00","og_image":[{"width":2560,"height":1476,"url":"https:\/\/www.posk.se\/jarfalla\/wp-content\/uploads\/sites\/138\/2025\/07\/dsc-1886c-scaled.jpg","type":"image\/jpeg"}],"twitter_card":"summary_large_image","twitter_misc":{"Ber\u00e4knad l\u00e4stid":"2 minuter"},"schema":{"@context":"https:\/\/schema.org","@graph":[{"@type":"WebPage","@id":"https:\/\/www.posk.se\/jarfalla\/informationomjarfallaforsamling\/","url":"https:\/\/www.posk.se\/jarfalla\/informationomjarfallaforsamling\/","name":"POSK i J\u00e4rf\u00e4lla presenterar f\u00f6rsamlingens kyrkor","isPartOf":{"@id":"https:\/\/www.posk.se\/jarfalla\/#website"},"primaryImageOfPage":{"@id":"https:\/\/www.posk.se\/jarfalla\/informationomjarfallaforsamling\/#primaryimage"},"image":{"@id":"https:\/\/www.posk.se\/jarfalla\/informationomjarfallaforsamling\/#primaryimage"},"thumbnailUrl":"https:\/\/www.posk.se\/jarfalla\/wp-content\/uploads\/sites\/138\/2025\/07\/dsc-1886c-300x173.jpg","datePublished":"2025-07-09T12:45:34+00:00","dateModified":"2025-10-05T12:33:58+00:00","description":"POSK i J\u00e4rf\u00e4lla f\u00f6rsamling, presentation av kyrkorna i J\u00e4rf\u00e4lla, verksamhets\u00f6versikt i J\u00e4rf\u00e4lla f\u00f6rsamling, POSK och Svenskas kyrkan","breadcrumb":{"@id":"https:\/\/www.posk.se\/jarfalla\/informationomjarfallaforsamling\/#breadcrumb"},"inLanguage":"sv-SE","potentialAction":[{"@type":"ReadAction","target":["https:\/\/www.posk.se\/jarfalla\/informationomjarfallaforsamling\/"]}]},{"@type":"ImageObject","inLanguage":"sv-SE","@id":"https:\/\/www.posk.se\/jarfalla\/informationomjarfallaforsamling\/#primaryimage","url":"https:\/\/www.posk.se\/jarfalla\/wp-content\/uploads\/sites\/138\/2025\/07\/dsc-1886c-scaled.jpg","contentUrl":"https:\/\/www.posk.se\/jarfalla\/wp-content\/uploads\/sites\/138\/2025\/07\/dsc-1886c-scaled.jpg","width":2560,"height":1476},{"@type":"BreadcrumbList","@id":"https:\/\/www.posk.se\/jarfalla\/informationomjarfallaforsamling\/#breadcrumb","itemListElement":[{"@type":"ListItem","position":1,"name":"Hem","item":"https:\/\/www.posk.se\/jarfalla\/"},{"@type":"ListItem","position":2,"name":"KYRKORNA"}]},{"@type":"WebSite","@id":"https:\/\/www.posk.se\/jarfalla\/#website","url":"https:\/\/www.posk.se\/jarfalla\/","name":"J\u00e4rf\u00e4lla","description":"POSK-grupp i Stockholms stift","potentialAction":[{"@type":"SearchAction","target":{"@type":"EntryPoint","urlTemplate":"https:\/\/www.posk.se\/jarfalla\/?s={search_term_string}"},"query-input":{"@type":"PropertyValueSpecification","valueRequired":true,"valueName":"search_term_string"}}],"inLanguage":"sv-SE"}]}},"_links":{"self":[{"href":"https:\/\/www.posk.se\/jarfalla\/wp-json\/wp\/v2\/pages\/93","targetHints":{"allow":["GET"]}}],"collection":[{"href":"https:\/\/www.posk.se\/jarfalla\/wp-json\/wp\/v2\/pages"}],"about":[{"href":"https:\/\/www.posk.se\/jarfalla\/wp-json\/wp\/v2\/types\/page"}],"author":[{"embeddable":true,"href":"https:\/\/www.posk.se\/jarfalla\/wp-json\/wp\/v2\/users\/1412"}],"replies":[{"embeddable":true,"href":"https:\/\/www.posk.se\/jarfalla\/wp-json\/wp\/v2\/comments?post=93"}],"version-history":[{"count":54,"href":"https:\/\/www.posk.se\/jarfalla\/wp-json\/wp\/v2\/pages\/93\/revisions"}],"predecessor-version":[{"id":393,"href":"https:\/\/www.posk.se\/jarfalla\/wp-json\/wp\/v2\/pages\/93\/revisions\/393"}],"wp:attachment":[{"href":"https:\/\/www.posk.se\/jarfalla\/wp-json\/wp\/v2\/media?parent=93"}],"curies":[{"name":"wp","href":"https:\/\/api.w.org\/{rel}","templated":true}]}}