{"id":35,"date":"2017-09-11T07:54:00","date_gmt":"2017-09-11T05:54:00","guid":{"rendered":"https:\/\/www.posk.se\/hornefors\/?page_id=35"},"modified":"2025-09-07T09:53:35","modified_gmt":"2025-09-07T07:53:35","slug":"kandidater","status":"publish","type":"page","link":"https:\/\/www.posk.se\/hornefors\/kandidater\/","title":{"rendered":"V\u00e5ra kandidater"},"content":{"rendered":"<h3><span style=\"color: #000080\">H\u00e4r \u00e4r v\u00e5ra kandidater<br \/>\ntill kyrkofullm\u00e4ktige i\u00a0H\u00f6rnefors f\u00f6rsamling:<\/span><\/h3>\n<ol>\n<li>Ha\u030akan Ahlman, <em>So\u0308rmjo\u0308le<\/em><\/li>\n<li>Anna-Karin Danielsson, St<em>ugun\u00e4s<\/em><\/li>\n<li>Lennart Arnesson, <em>So\u0308rmjo\u0308le<\/em><\/li>\n<li>Barbro Bergvall, <em>Ho\u0308rnefors<\/em><\/li>\n<li>G\u00f6ran Isacson, <em>So\u0308rmjo\u0308le<\/em><\/li>\n<li>Ingela Eriksson,\u00a0<em>Norrbyn<\/em><\/li>\n<li>Lennart Eriksson, <em>Norrbyn<\/em><\/li>\n<li>\u00a0Pia Thomasson,\u00a0<em>Ho\u0308rnefors<\/em><\/li>\n<li>Jakob Fjellner, <em>So\u0308rmjo\u0308le <\/em><\/li>\n<li>Lena Arnesson,\u00a0<em>So\u0308rmjo\u0308le<\/em><\/li>\n<li>Johanna Palmer,\u00a0<em>Ho\u0308rnefors<\/em><\/li>\n<li>Maria P\u00e4\u00e4j\u00e4rvi, <em>Ho\u0308rnefors<\/em><\/li>\n<li>Per-Eric Bergvall, <em>Ho\u0308rnefors<\/em><\/li>\n<\/ol>\n<p>&nbsp;<\/p>\n<p>&nbsp;<\/p>\n","protected":false},"excerpt":{"rendered":"<p>H\u00e4r \u00e4r v\u00e5ra kandidater till kyrkofullm\u00e4ktige i\u00a0H\u00f6rnefors f\u00f6rsamling: Ha\u030akan Ahlman, So\u0308rmjo\u0308le Anna-Karin Danielsson, Stugun\u00e4s Lennart Arnesson, So\u0308rmjo\u0308le Barbro Bergvall, Ho\u0308rnefors G\u00f6ran Isacson, So\u0308rmjo\u0308le Ingela Eriksson,\u00a0Norrbyn Lennart Eriksson, Norrbyn \u00a0Pia Thomasson,\u00a0Ho\u0308rnefors Jakob Fjellner, So\u0308rmjo\u0308le Lena Arnesson,\u00a0So\u0308rmjo\u0308le Johanna Palmer,\u00a0Ho\u0308rnefors Maria P\u00e4\u00e4j\u00e4rvi, Ho\u0308rnefors Per-Eric Bergvall, Ho\u0308rnefors &nbsp; &nbsp;<\/p>\n","protected":false},"author":54,"featured_media":88,"parent":0,"menu_order":0,"comment_status":"closed","ping_status":"closed","template":"page-templates\/page-sidebar-left.php","meta":{"_acf_changed":false,"footnotes":""},"class_list":["post-35","page","type-page","status-publish","has-post-thumbnail","hentry"],"acf":[],"yoast_head":"<!-- This site is optimized with the Yoast SEO plugin v24.9 - https:\/\/yoast.com\/wordpress\/plugins\/seo\/ -->\n<title>V\u00e5ra kandidater - H\u00f6rnefors<\/title>\n<meta name=\"robots\" content=\"index, follow, max-snippet:-1, max-image-preview:large, max-video-preview:-1\" \/>\n<link rel=\"canonical\" href=\"https:\/\/www.posk.se\/hornefors\/kandidater\/\" \/>\n<meta property=\"og:locale\" content=\"sv_SE\" \/>\n<meta property=\"og:type\" content=\"article\" \/>\n<meta property=\"og:title\" content=\"V\u00e5ra kandidater - H\u00f6rnefors\" \/>\n<meta property=\"og:description\" content=\"H\u00e4r \u00e4r v\u00e5ra kandidater till kyrkofullm\u00e4ktige i\u00a0H\u00f6rnefors f\u00f6rsamling: Ha\u030akan Ahlman, So\u0308rmjo\u0308le Anna-Karin Danielsson, Stugun\u00e4s Lennart Arnesson, So\u0308rmjo\u0308le Barbro Bergvall, Ho\u0308rnefors G\u00f6ran Isacson, So\u0308rmjo\u0308le Ingela Eriksson,\u00a0Norrbyn Lennart Eriksson, Norrbyn \u00a0Pia Thomasson,\u00a0Ho\u0308rnefors Jakob Fjellner, So\u0308rmjo\u0308le Lena Arnesson,\u00a0So\u0308rmjo\u0308le Johanna Palmer,\u00a0Ho\u0308rnefors Maria P\u00e4\u00e4j\u00e4rvi, Ho\u0308rnefors Per-Eric Bergvall, Ho\u0308rnefors &nbsp; &nbsp;\" \/>\n<meta property=\"og:url\" content=\"https:\/\/www.posk.se\/hornefors\/kandidater\/\" \/>\n<meta property=\"og:site_name\" content=\"H\u00f6rnefors\" \/>\n<meta property=\"article:modified_time\" content=\"2025-09-07T07:53:35+00:00\" \/>\n<meta property=\"og:image\" content=\"https:\/\/www.posk.se\/hornefors\/wp-content\/uploads\/sites\/2\/2025\/09\/foto-posk-hornefors-scaled-e1756759858140.jpg\" \/>\n\t<meta property=\"og:image:width\" content=\"2560\" \/>\n\t<meta property=\"og:image:height\" content=\"1010\" \/>\n\t<meta property=\"og:image:type\" content=\"image\/jpeg\" \/>\n<meta name=\"twitter:card\" content=\"summary_large_image\" \/>\n<meta name=\"twitter:label1\" content=\"Ber\u00e4knad l\u00e4stid\" \/>\n\t<meta name=\"twitter:data1\" content=\"1 minut\" \/>\n<script type=\"application\/ld+json\" class=\"yoast-schema-graph\">{\"@context\":\"https:\/\/schema.org\",\"@graph\":[{\"@type\":\"WebPage\",\"@id\":\"https:\/\/www.posk.se\/hornefors\/kandidater\/\",\"url\":\"https:\/\/www.posk.se\/hornefors\/kandidater\/\",\"name\":\"V\u00e5ra kandidater - H\u00f6rnefors\",\"isPartOf\":{\"@id\":\"https:\/\/www.posk.se\/hornefors\/#website\"},\"primaryImageOfPage\":{\"@id\":\"https:\/\/www.posk.se\/hornefors\/kandidater\/#primaryimage\"},\"image\":{\"@id\":\"https:\/\/www.posk.se\/hornefors\/kandidater\/#primaryimage\"},\"thumbnailUrl\":\"https:\/\/www.posk.se\/hornefors\/wp-content\/uploads\/sites\/2\/2025\/09\/foto-posk-hornefors-scaled-e1756759858140.jpg\",\"datePublished\":\"2017-09-11T05:54:00+00:00\",\"dateModified\":\"2025-09-07T07:53:35+00:00\",\"breadcrumb\":{\"@id\":\"https:\/\/www.posk.se\/hornefors\/kandidater\/#breadcrumb\"},\"inLanguage\":\"sv-SE\",\"potentialAction\":[{\"@type\":\"ReadAction\",\"target\":[\"https:\/\/www.posk.se\/hornefors\/kandidater\/\"]}]},{\"@type\":\"ImageObject\",\"inLanguage\":\"sv-SE\",\"@id\":\"https:\/\/www.posk.se\/hornefors\/kandidater\/#primaryimage\",\"url\":\"https:\/\/www.posk.se\/hornefors\/wp-content\/uploads\/sites\/2\/2025\/09\/foto-posk-hornefors-scaled-e1756759858140.jpg\",\"contentUrl\":\"https:\/\/www.posk.se\/hornefors\/wp-content\/uploads\/sites\/2\/2025\/09\/foto-posk-hornefors-scaled-e1756759858140.jpg\",\"width\":2560,\"height\":1010},{\"@type\":\"BreadcrumbList\",\"@id\":\"https:\/\/www.posk.se\/hornefors\/kandidater\/#breadcrumb\",\"itemListElement\":[{\"@type\":\"ListItem\",\"position\":1,\"name\":\"Hem\",\"item\":\"https:\/\/www.posk.se\/hornefors\/\"},{\"@type\":\"ListItem\",\"position\":2,\"name\":\"V\u00e5ra kandidater\"}]},{\"@type\":\"WebSite\",\"@id\":\"https:\/\/www.posk.se\/hornefors\/#website\",\"url\":\"https:\/\/www.posk.se\/hornefors\/\",\"name\":\"H\u00f6rnefors\",\"description\":\"POSK-grupp i Lule\u00e5 stift\",\"potentialAction\":[{\"@type\":\"SearchAction\",\"target\":{\"@type\":\"EntryPoint\",\"urlTemplate\":\"https:\/\/www.posk.se\/hornefors\/?s={search_term_string}\"},\"query-input\":{\"@type\":\"PropertyValueSpecification\",\"valueRequired\":true,\"valueName\":\"search_term_string\"}}],\"inLanguage\":\"sv-SE\"}]}<\/script>\n<!-- \/ Yoast SEO plugin. -->","yoast_head_json":{"title":"V\u00e5ra kandidater - H\u00f6rnefors","robots":{"index":"index","follow":"follow","max-snippet":"max-snippet:-1","max-image-preview":"max-image-preview:large","max-video-preview":"max-video-preview:-1"},"canonical":"https:\/\/www.posk.se\/hornefors\/kandidater\/","og_locale":"sv_SE","og_type":"article","og_title":"V\u00e5ra kandidater - H\u00f6rnefors","og_description":"H\u00e4r \u00e4r v\u00e5ra kandidater till kyrkofullm\u00e4ktige i\u00a0H\u00f6rnefors f\u00f6rsamling: Ha\u030akan Ahlman, So\u0308rmjo\u0308le Anna-Karin Danielsson, Stugun\u00e4s Lennart Arnesson, So\u0308rmjo\u0308le Barbro Bergvall, Ho\u0308rnefors G\u00f6ran Isacson, So\u0308rmjo\u0308le Ingela Eriksson,\u00a0Norrbyn Lennart Eriksson, Norrbyn \u00a0Pia Thomasson,\u00a0Ho\u0308rnefors Jakob Fjellner, So\u0308rmjo\u0308le Lena Arnesson,\u00a0So\u0308rmjo\u0308le Johanna Palmer,\u00a0Ho\u0308rnefors Maria P\u00e4\u00e4j\u00e4rvi, Ho\u0308rnefors Per-Eric Bergvall, Ho\u0308rnefors &nbsp; &nbsp;","og_url":"https:\/\/www.posk.se\/hornefors\/kandidater\/","og_site_name":"H\u00f6rnefors","article_modified_time":"2025-09-07T07:53:35+00:00","og_image":[{"width":2560,"height":1010,"url":"https:\/\/www.posk.se\/hornefors\/wp-content\/uploads\/sites\/2\/2025\/09\/foto-posk-hornefors-scaled-e1756759858140.jpg","type":"image\/jpeg"}],"twitter_card":"summary_large_image","twitter_misc":{"Ber\u00e4knad l\u00e4stid":"1 minut"},"schema":{"@context":"https:\/\/schema.org","@graph":[{"@type":"WebPage","@id":"https:\/\/www.posk.se\/hornefors\/kandidater\/","url":"https:\/\/www.posk.se\/hornefors\/kandidater\/","name":"V\u00e5ra kandidater - H\u00f6rnefors","isPartOf":{"@id":"https:\/\/www.posk.se\/hornefors\/#website"},"primaryImageOfPage":{"@id":"https:\/\/www.posk.se\/hornefors\/kandidater\/#primaryimage"},"image":{"@id":"https:\/\/www.posk.se\/hornefors\/kandidater\/#primaryimage"},"thumbnailUrl":"https:\/\/www.posk.se\/hornefors\/wp-content\/uploads\/sites\/2\/2025\/09\/foto-posk-hornefors-scaled-e1756759858140.jpg","datePublished":"2017-09-11T05:54:00+00:00","dateModified":"2025-09-07T07:53:35+00:00","breadcrumb":{"@id":"https:\/\/www.posk.se\/hornefors\/kandidater\/#breadcrumb"},"inLanguage":"sv-SE","potentialAction":[{"@type":"ReadAction","target":["https:\/\/www.posk.se\/hornefors\/kandidater\/"]}]},{"@type":"ImageObject","inLanguage":"sv-SE","@id":"https:\/\/www.posk.se\/hornefors\/kandidater\/#primaryimage","url":"https:\/\/www.posk.se\/hornefors\/wp-content\/uploads\/sites\/2\/2025\/09\/foto-posk-hornefors-scaled-e1756759858140.jpg","contentUrl":"https:\/\/www.posk.se\/hornefors\/wp-content\/uploads\/sites\/2\/2025\/09\/foto-posk-hornefors-scaled-e1756759858140.jpg","width":2560,"height":1010},{"@type":"BreadcrumbList","@id":"https:\/\/www.posk.se\/hornefors\/kandidater\/#breadcrumb","itemListElement":[{"@type":"ListItem","position":1,"name":"Hem","item":"https:\/\/www.posk.se\/hornefors\/"},{"@type":"ListItem","position":2,"name":"V\u00e5ra kandidater"}]},{"@type":"WebSite","@id":"https:\/\/www.posk.se\/hornefors\/#website","url":"https:\/\/www.posk.se\/hornefors\/","name":"H\u00f6rnefors","description":"POSK-grupp i Lule\u00e5 stift","potentialAction":[{"@type":"SearchAction","target":{"@type":"EntryPoint","urlTemplate":"https:\/\/www.posk.se\/hornefors\/?s={search_term_string}"},"query-input":{"@type":"PropertyValueSpecification","valueRequired":true,"valueName":"search_term_string"}}],"inLanguage":"sv-SE"}]}},"_links":{"self":[{"href":"https:\/\/www.posk.se\/hornefors\/wp-json\/wp\/v2\/pages\/35","targetHints":{"allow":["GET"]}}],"collection":[{"href":"https:\/\/www.posk.se\/hornefors\/wp-json\/wp\/v2\/pages"}],"about":[{"href":"https:\/\/www.posk.se\/hornefors\/wp-json\/wp\/v2\/types\/page"}],"author":[{"embeddable":true,"href":"https:\/\/www.posk.se\/hornefors\/wp-json\/wp\/v2\/users\/54"}],"replies":[{"embeddable":true,"href":"https:\/\/www.posk.se\/hornefors\/wp-json\/wp\/v2\/comments?post=35"}],"version-history":[{"count":11,"href":"https:\/\/www.posk.se\/hornefors\/wp-json\/wp\/v2\/pages\/35\/revisions"}],"predecessor-version":[{"id":93,"href":"https:\/\/www.posk.se\/hornefors\/wp-json\/wp\/v2\/pages\/35\/revisions\/93"}],"wp:featuredmedia":[{"embeddable":true,"href":"https:\/\/www.posk.se\/hornefors\/wp-json\/wp\/v2\/media\/88"}],"wp:attachment":[{"href":"https:\/\/www.posk.se\/hornefors\/wp-json\/wp\/v2\/media?parent=35"}],"curies":[{"name":"wp","href":"https:\/\/api.w.org\/{rel}","templated":true}]}}