{"id":873,"date":"2025-08-17T11:54:45","date_gmt":"2025-08-17T09:54:45","guid":{"rendered":"https:\/\/www.posk.se\/hoor\/?page_id=873"},"modified":"2025-08-17T12:18:47","modified_gmt":"2025-08-17T10:18:47","slug":"handen-a-hjartat","status":"publish","type":"page","link":"https:\/\/www.posk.se\/hoor\/handen-a-hjartat\/","title":{"rendered":"Handen \u00e5 Hj\u00e4rtat"},"content":{"rendered":"<p><img loading=\"lazy\" decoding=\"async\" class=\"wp-image-865 aligncenter\" src=\"https:\/\/www.posk.se\/hoor\/wp-content\/uploads\/sites\/107\/2025\/08\/handenahjartat-posk-hoor-2025-sida-1-208x300.jpg\" alt=\"\" width=\"580\" height=\"837\" srcset=\"https:\/\/www.posk.se\/hoor\/wp-content\/uploads\/sites\/107\/2025\/08\/handenahjartat-posk-hoor-2025-sida-1-208x300.jpg 208w, https:\/\/www.posk.se\/hoor\/wp-content\/uploads\/sites\/107\/2025\/08\/handenahjartat-posk-hoor-2025-sida-1-709x1024.jpg 709w, https:\/\/www.posk.se\/hoor\/wp-content\/uploads\/sites\/107\/2025\/08\/handenahjartat-posk-hoor-2025-sida-1-330x477.jpg 330w, https:\/\/www.posk.se\/hoor\/wp-content\/uploads\/sites\/107\/2025\/08\/handenahjartat-posk-hoor-2025-sida-1.jpg 720w\" sizes=\"auto, (max-width: 580px) 100vw, 580px\" \/><\/p>\n<p><img loading=\"lazy\" decoding=\"async\" class=\"wp-image-866 aligncenter\" src=\"https:\/\/www.posk.se\/hoor\/wp-content\/uploads\/sites\/107\/2025\/08\/handenahjartat-posk-hoor-2025-sida-2-208x300.jpg\" alt=\"\" width=\"580\" height=\"837\" srcset=\"https:\/\/www.posk.se\/hoor\/wp-content\/uploads\/sites\/107\/2025\/08\/handenahjartat-posk-hoor-2025-sida-2-208x300.jpg 208w, https:\/\/www.posk.se\/hoor\/wp-content\/uploads\/sites\/107\/2025\/08\/handenahjartat-posk-hoor-2025-sida-2-709x1024.jpg 709w, https:\/\/www.posk.se\/hoor\/wp-content\/uploads\/sites\/107\/2025\/08\/handenahjartat-posk-hoor-2025-sida-2-330x477.jpg 330w, https:\/\/www.posk.se\/hoor\/wp-content\/uploads\/sites\/107\/2025\/08\/handenahjartat-posk-hoor-2025-sida-2.jpg 720w\" sizes=\"auto, (max-width: 580px) 100vw, 580px\" \/><\/p>\n<p><img loading=\"lazy\" decoding=\"async\" class=\"wp-image-867 aligncenter\" src=\"https:\/\/www.posk.se\/hoor\/wp-content\/uploads\/sites\/107\/2025\/08\/handenahjartat-posk-hoor-2025-sida-3-208x300.jpg\" alt=\"\" width=\"580\" height=\"837\" srcset=\"https:\/\/www.posk.se\/hoor\/wp-content\/uploads\/sites\/107\/2025\/08\/handenahjartat-posk-hoor-2025-sida-3-208x300.jpg 208w, https:\/\/www.posk.se\/hoor\/wp-content\/uploads\/sites\/107\/2025\/08\/handenahjartat-posk-hoor-2025-sida-3-709x1024.jpg 709w, https:\/\/www.posk.se\/hoor\/wp-content\/uploads\/sites\/107\/2025\/08\/handenahjartat-posk-hoor-2025-sida-3-330x477.jpg 330w, https:\/\/www.posk.se\/hoor\/wp-content\/uploads\/sites\/107\/2025\/08\/handenahjartat-posk-hoor-2025-sida-3.jpg 720w\" sizes=\"auto, (max-width: 580px) 100vw, 580px\" \/><\/p>\n<p><img loading=\"lazy\" decoding=\"async\" class=\"wp-image-864 aligncenter\" src=\"https:\/\/www.posk.se\/hoor\/wp-content\/uploads\/sites\/107\/2025\/08\/handenahjartat-posk-hoor-2025-sida-4-208x300.jpg\" alt=\"\" width=\"580\" height=\"837\" srcset=\"https:\/\/www.posk.se\/hoor\/wp-content\/uploads\/sites\/107\/2025\/08\/handenahjartat-posk-hoor-2025-sida-4-208x300.jpg 208w, https:\/\/www.posk.se\/hoor\/wp-content\/uploads\/sites\/107\/2025\/08\/handenahjartat-posk-hoor-2025-sida-4-709x1024.jpg 709w, https:\/\/www.posk.se\/hoor\/wp-content\/uploads\/sites\/107\/2025\/08\/handenahjartat-posk-hoor-2025-sida-4-330x477.jpg 330w, https:\/\/www.posk.se\/hoor\/wp-content\/uploads\/sites\/107\/2025\/08\/handenahjartat-posk-hoor-2025-sida-4.jpg 720w\" sizes=\"auto, (max-width: 580px) 100vw, 580px\" \/><\/p>\n<p><em>\u00d6ppna som PDF<\/em>: <a href=\"https:\/\/www.posk.se\/hoor\/wp-content\/uploads\/sites\/107\/2025\/08\/handenahjartat-posk-hoor-2025.pdf\">Handen a\u030a Hja\u0308rtat, POSK i Ho\u0308o\u0308r, 2025<\/a><\/p>\n<h6>Foto &amp; Design: Kristofer Kjellman<\/h6>\n","protected":false},"excerpt":{"rendered":"<p>\u00d6ppna som PDF: Handen a\u030a Hja\u0308rtat, POSK i Ho\u0308o\u0308r, 2025 Foto &amp; Design: Kristofer Kjellman<\/p>\n","protected":false},"author":1513,"featured_media":0,"parent":0,"menu_order":1,"comment_status":"closed","ping_status":"closed","template":"page-templates\/page-sidebar-left.php","meta":{"_acf_changed":false,"footnotes":""},"class_list":["post-873","page","type-page","status-publish","hentry"],"acf":[],"yoast_head":"<!-- This site is optimized with the Yoast SEO plugin v24.9 - https:\/\/yoast.com\/wordpress\/plugins\/seo\/ -->\n<title>Handen \u00e5 Hj\u00e4rtat - H\u00f6\u00f6r<\/title>\n<meta name=\"robots\" content=\"index, follow, max-snippet:-1, max-image-preview:large, max-video-preview:-1\" \/>\n<link rel=\"canonical\" href=\"https:\/\/www.posk.se\/hoor\/handen-a-hjartat\/\" \/>\n<meta property=\"og:locale\" content=\"sv_SE\" \/>\n<meta property=\"og:type\" content=\"article\" \/>\n<meta property=\"og:title\" content=\"Handen \u00e5 Hj\u00e4rtat - H\u00f6\u00f6r\" \/>\n<meta property=\"og:description\" content=\"\u00d6ppna som PDF: Handen a\u030a Hja\u0308rtat, POSK i Ho\u0308o\u0308r, 2025 Foto &amp; Design: Kristofer Kjellman\" \/>\n<meta property=\"og:url\" content=\"https:\/\/www.posk.se\/hoor\/handen-a-hjartat\/\" \/>\n<meta property=\"og:site_name\" content=\"H\u00f6\u00f6r\" \/>\n<meta property=\"article:modified_time\" content=\"2025-08-17T10:18:47+00:00\" \/>\n<meta property=\"og:image\" content=\"https:\/\/www.posk.se\/hoor\/wp-content\/uploads\/sites\/107\/2025\/08\/handenahjartat-posk-hoor-2025-sida-1.jpg\" \/>\n\t<meta property=\"og:image:width\" content=\"720\" \/>\n\t<meta property=\"og:image:height\" content=\"1040\" \/>\n\t<meta property=\"og:image:type\" content=\"image\/jpeg\" \/>\n<meta name=\"twitter:card\" content=\"summary_large_image\" \/>\n<meta name=\"twitter:label1\" content=\"Ber\u00e4knad l\u00e4stid\" \/>\n\t<meta name=\"twitter:data1\" content=\"1 minut\" \/>\n<script type=\"application\/ld+json\" class=\"yoast-schema-graph\">{\"@context\":\"https:\/\/schema.org\",\"@graph\":[{\"@type\":\"WebPage\",\"@id\":\"https:\/\/www.posk.se\/hoor\/handen-a-hjartat\/\",\"url\":\"https:\/\/www.posk.se\/hoor\/handen-a-hjartat\/\",\"name\":\"Handen \u00e5 Hj\u00e4rtat - H\u00f6\u00f6r\",\"isPartOf\":{\"@id\":\"https:\/\/www.posk.se\/hoor\/#website\"},\"primaryImageOfPage\":{\"@id\":\"https:\/\/www.posk.se\/hoor\/handen-a-hjartat\/#primaryimage\"},\"image\":{\"@id\":\"https:\/\/www.posk.se\/hoor\/handen-a-hjartat\/#primaryimage\"},\"thumbnailUrl\":\"https:\/\/www.posk.se\/hoor\/wp-content\/uploads\/sites\/107\/2025\/08\/handenahjartat-posk-hoor-2025-sida-1-208x300.jpg\",\"datePublished\":\"2025-08-17T09:54:45+00:00\",\"dateModified\":\"2025-08-17T10:18:47+00:00\",\"breadcrumb\":{\"@id\":\"https:\/\/www.posk.se\/hoor\/handen-a-hjartat\/#breadcrumb\"},\"inLanguage\":\"sv-SE\",\"potentialAction\":[{\"@type\":\"ReadAction\",\"target\":[\"https:\/\/www.posk.se\/hoor\/handen-a-hjartat\/\"]}]},{\"@type\":\"ImageObject\",\"inLanguage\":\"sv-SE\",\"@id\":\"https:\/\/www.posk.se\/hoor\/handen-a-hjartat\/#primaryimage\",\"url\":\"https:\/\/www.posk.se\/hoor\/wp-content\/uploads\/sites\/107\/2025\/08\/handenahjartat-posk-hoor-2025-sida-1.jpg\",\"contentUrl\":\"https:\/\/www.posk.se\/hoor\/wp-content\/uploads\/sites\/107\/2025\/08\/handenahjartat-posk-hoor-2025-sida-1.jpg\",\"width\":720,\"height\":1040},{\"@type\":\"BreadcrumbList\",\"@id\":\"https:\/\/www.posk.se\/hoor\/handen-a-hjartat\/#breadcrumb\",\"itemListElement\":[{\"@type\":\"ListItem\",\"position\":1,\"name\":\"Hem\",\"item\":\"https:\/\/www.posk.se\/hoor\/\"},{\"@type\":\"ListItem\",\"position\":2,\"name\":\"Handen \u00e5 Hj\u00e4rtat\"}]},{\"@type\":\"WebSite\",\"@id\":\"https:\/\/www.posk.se\/hoor\/#website\",\"url\":\"https:\/\/www.posk.se\/hoor\/\",\"name\":\"H\u00f6\u00f6r\",\"description\":\"POSK-grupp i Lunds stift\",\"potentialAction\":[{\"@type\":\"SearchAction\",\"target\":{\"@type\":\"EntryPoint\",\"urlTemplate\":\"https:\/\/www.posk.se\/hoor\/?s={search_term_string}\"},\"query-input\":{\"@type\":\"PropertyValueSpecification\",\"valueRequired\":true,\"valueName\":\"search_term_string\"}}],\"inLanguage\":\"sv-SE\"}]}<\/script>\n<!-- \/ Yoast SEO plugin. -->","yoast_head_json":{"title":"Handen \u00e5 Hj\u00e4rtat - H\u00f6\u00f6r","robots":{"index":"index","follow":"follow","max-snippet":"max-snippet:-1","max-image-preview":"max-image-preview:large","max-video-preview":"max-video-preview:-1"},"canonical":"https:\/\/www.posk.se\/hoor\/handen-a-hjartat\/","og_locale":"sv_SE","og_type":"article","og_title":"Handen \u00e5 Hj\u00e4rtat - H\u00f6\u00f6r","og_description":"\u00d6ppna som PDF: Handen a\u030a Hja\u0308rtat, POSK i Ho\u0308o\u0308r, 2025 Foto &amp; Design: Kristofer Kjellman","og_url":"https:\/\/www.posk.se\/hoor\/handen-a-hjartat\/","og_site_name":"H\u00f6\u00f6r","article_modified_time":"2025-08-17T10:18:47+00:00","og_image":[{"width":720,"height":1040,"url":"https:\/\/www.posk.se\/hoor\/wp-content\/uploads\/sites\/107\/2025\/08\/handenahjartat-posk-hoor-2025-sida-1.jpg","type":"image\/jpeg"}],"twitter_card":"summary_large_image","twitter_misc":{"Ber\u00e4knad l\u00e4stid":"1 minut"},"schema":{"@context":"https:\/\/schema.org","@graph":[{"@type":"WebPage","@id":"https:\/\/www.posk.se\/hoor\/handen-a-hjartat\/","url":"https:\/\/www.posk.se\/hoor\/handen-a-hjartat\/","name":"Handen \u00e5 Hj\u00e4rtat - H\u00f6\u00f6r","isPartOf":{"@id":"https:\/\/www.posk.se\/hoor\/#website"},"primaryImageOfPage":{"@id":"https:\/\/www.posk.se\/hoor\/handen-a-hjartat\/#primaryimage"},"image":{"@id":"https:\/\/www.posk.se\/hoor\/handen-a-hjartat\/#primaryimage"},"thumbnailUrl":"https:\/\/www.posk.se\/hoor\/wp-content\/uploads\/sites\/107\/2025\/08\/handenahjartat-posk-hoor-2025-sida-1-208x300.jpg","datePublished":"2025-08-17T09:54:45+00:00","dateModified":"2025-08-17T10:18:47+00:00","breadcrumb":{"@id":"https:\/\/www.posk.se\/hoor\/handen-a-hjartat\/#breadcrumb"},"inLanguage":"sv-SE","potentialAction":[{"@type":"ReadAction","target":["https:\/\/www.posk.se\/hoor\/handen-a-hjartat\/"]}]},{"@type":"ImageObject","inLanguage":"sv-SE","@id":"https:\/\/www.posk.se\/hoor\/handen-a-hjartat\/#primaryimage","url":"https:\/\/www.posk.se\/hoor\/wp-content\/uploads\/sites\/107\/2025\/08\/handenahjartat-posk-hoor-2025-sida-1.jpg","contentUrl":"https:\/\/www.posk.se\/hoor\/wp-content\/uploads\/sites\/107\/2025\/08\/handenahjartat-posk-hoor-2025-sida-1.jpg","width":720,"height":1040},{"@type":"BreadcrumbList","@id":"https:\/\/www.posk.se\/hoor\/handen-a-hjartat\/#breadcrumb","itemListElement":[{"@type":"ListItem","position":1,"name":"Hem","item":"https:\/\/www.posk.se\/hoor\/"},{"@type":"ListItem","position":2,"name":"Handen \u00e5 Hj\u00e4rtat"}]},{"@type":"WebSite","@id":"https:\/\/www.posk.se\/hoor\/#website","url":"https:\/\/www.posk.se\/hoor\/","name":"H\u00f6\u00f6r","description":"POSK-grupp i Lunds stift","potentialAction":[{"@type":"SearchAction","target":{"@type":"EntryPoint","urlTemplate":"https:\/\/www.posk.se\/hoor\/?s={search_term_string}"},"query-input":{"@type":"PropertyValueSpecification","valueRequired":true,"valueName":"search_term_string"}}],"inLanguage":"sv-SE"}]}},"_links":{"self":[{"href":"https:\/\/www.posk.se\/hoor\/wp-json\/wp\/v2\/pages\/873","targetHints":{"allow":["GET"]}}],"collection":[{"href":"https:\/\/www.posk.se\/hoor\/wp-json\/wp\/v2\/pages"}],"about":[{"href":"https:\/\/www.posk.se\/hoor\/wp-json\/wp\/v2\/types\/page"}],"author":[{"embeddable":true,"href":"https:\/\/www.posk.se\/hoor\/wp-json\/wp\/v2\/users\/1513"}],"replies":[{"embeddable":true,"href":"https:\/\/www.posk.se\/hoor\/wp-json\/wp\/v2\/comments?post=873"}],"version-history":[{"count":4,"href":"https:\/\/www.posk.se\/hoor\/wp-json\/wp\/v2\/pages\/873\/revisions"}],"predecessor-version":[{"id":879,"href":"https:\/\/www.posk.se\/hoor\/wp-json\/wp\/v2\/pages\/873\/revisions\/879"}],"wp:attachment":[{"href":"https:\/\/www.posk.se\/hoor\/wp-json\/wp\/v2\/media?parent=873"}],"curies":[{"name":"wp","href":"https:\/\/api.w.org\/{rel}","templated":true}]}}