{"id":6,"date":"2025-04-28T09:09:00","date_gmt":"2025-04-28T07:09:00","guid":{"rendered":"https:\/\/www.posk.se\/haparanda\/?page_id=6"},"modified":"2025-08-31T23:30:39","modified_gmt":"2025-08-31T21:30:39","slug":"startsidan","status":"publish","type":"page","link":"https:\/\/www.posk.se\/haparanda\/","title":{"rendered":"Startsidan"},"content":{"rendered":"<p>POSK i Haparanda f\u00f6rsamling har precis bildats och vi ser fram emot att ber\u00e4tta mer om v\u00e5rt arbete<\/p>\n<h4 class=\"&quot;kyrkovalet_se&quot;\">Kontaktperson:<\/h4>\n<p>Eija Stenberg<br \/>\n<a href=\"mailto:eija@polarwood.se\">eija@polarwood.se<\/a><br \/>\n\u202d070-272 11 14\u202c<\/p>\n","protected":false},"excerpt":{"rendered":"<p>POSK i Haparanda f\u00f6rsamling har precis bildats och vi ser fram emot att ber\u00e4tta mer om v\u00e5rt arbete Kontaktperson: Eija Stenberg eija@polarwood.se \u202d070-272 11 14\u202c<\/p>\n","protected":false},"author":91,"featured_media":7,"parent":0,"menu_order":0,"comment_status":"closed","ping_status":"closed","template":"page-templates\/page-sidebar-left.php","meta":{"_acf_changed":false,"footnotes":""},"class_list":["post-6","page","type-page","status-publish","has-post-thumbnail","hentry"],"acf":[],"yoast_head":"<!-- This site is optimized with the Yoast SEO plugin v24.9 - https:\/\/yoast.com\/wordpress\/plugins\/seo\/ -->\n<title>Startsidan - Haparanda<\/title>\n<meta name=\"robots\" content=\"index, follow, max-snippet:-1, max-image-preview:large, max-video-preview:-1\" \/>\n<link rel=\"canonical\" href=\"https:\/\/www.posk.se\/haparanda\/\" \/>\n<meta property=\"og:locale\" content=\"sv_SE\" \/>\n<meta property=\"og:type\" content=\"article\" \/>\n<meta property=\"og:title\" content=\"Startsidan - Haparanda\" \/>\n<meta property=\"og:description\" content=\"POSK i Haparanda f\u00f6rsamling har precis bildats och vi ser fram emot att ber\u00e4tta mer om v\u00e5rt arbete Kontaktperson: Eija Stenberg eija@polarwood.se \u202d070-272 11 14\u202c\" \/>\n<meta property=\"og:url\" content=\"https:\/\/www.posk.se\/haparanda\/\" \/>\n<meta property=\"og:site_name\" content=\"Haparanda\" \/>\n<meta property=\"article:modified_time\" content=\"2025-08-31T21:30:39+00:00\" \/>\n<meta property=\"og:image\" content=\"https:\/\/www.posk.se\/haparanda\/wp-content\/uploads\/sites\/305\/2025\/04\/daniel-ghio-ob3teol4xaa-unsplash-scaled.jpg\" \/>\n\t<meta property=\"og:image:width\" content=\"2560\" \/>\n\t<meta property=\"og:image:height\" content=\"1707\" \/>\n\t<meta property=\"og:image:type\" content=\"image\/jpeg\" \/>\n<meta name=\"twitter:card\" content=\"summary_large_image\" \/>\n<meta name=\"twitter:label1\" content=\"Ber\u00e4knad l\u00e4stid\" \/>\n\t<meta name=\"twitter:data1\" content=\"1 minut\" \/>\n<script type=\"application\/ld+json\" class=\"yoast-schema-graph\">{\"@context\":\"https:\/\/schema.org\",\"@graph\":[{\"@type\":\"WebPage\",\"@id\":\"https:\/\/www.posk.se\/haparanda\/\",\"url\":\"https:\/\/www.posk.se\/haparanda\/\",\"name\":\"Startsidan - Haparanda\",\"isPartOf\":{\"@id\":\"https:\/\/www.posk.se\/haparanda\/#website\"},\"primaryImageOfPage\":{\"@id\":\"https:\/\/www.posk.se\/haparanda\/#primaryimage\"},\"image\":{\"@id\":\"https:\/\/www.posk.se\/haparanda\/#primaryimage\"},\"thumbnailUrl\":\"https:\/\/www.posk.se\/haparanda\/wp-content\/uploads\/sites\/305\/2025\/04\/daniel-ghio-ob3teol4xaa-unsplash-scaled.jpg\",\"datePublished\":\"2025-04-28T07:09:00+00:00\",\"dateModified\":\"2025-08-31T21:30:39+00:00\",\"breadcrumb\":{\"@id\":\"https:\/\/www.posk.se\/haparanda\/#breadcrumb\"},\"inLanguage\":\"sv-SE\",\"potentialAction\":[{\"@type\":\"ReadAction\",\"target\":[\"https:\/\/www.posk.se\/haparanda\/\"]}]},{\"@type\":\"ImageObject\",\"inLanguage\":\"sv-SE\",\"@id\":\"https:\/\/www.posk.se\/haparanda\/#primaryimage\",\"url\":\"https:\/\/www.posk.se\/haparanda\/wp-content\/uploads\/sites\/305\/2025\/04\/daniel-ghio-ob3teol4xaa-unsplash-scaled.jpg\",\"contentUrl\":\"https:\/\/www.posk.se\/haparanda\/wp-content\/uploads\/sites\/305\/2025\/04\/daniel-ghio-ob3teol4xaa-unsplash-scaled.jpg\",\"width\":2560,\"height\":1707},{\"@type\":\"BreadcrumbList\",\"@id\":\"https:\/\/www.posk.se\/haparanda\/#breadcrumb\",\"itemListElement\":[{\"@type\":\"ListItem\",\"position\":1,\"name\":\"Hem\",\"item\":\"https:\/\/www.posk.se\/haparanda\/\"},{\"@type\":\"ListItem\",\"position\":2,\"name\":\"Startsidan\"}]},{\"@type\":\"WebSite\",\"@id\":\"https:\/\/www.posk.se\/haparanda\/#website\",\"url\":\"https:\/\/www.posk.se\/haparanda\/\",\"name\":\"Haparanda\",\"description\":\"POSK-grupp i Lule\u00e5 stift\",\"potentialAction\":[{\"@type\":\"SearchAction\",\"target\":{\"@type\":\"EntryPoint\",\"urlTemplate\":\"https:\/\/www.posk.se\/haparanda\/?s={search_term_string}\"},\"query-input\":{\"@type\":\"PropertyValueSpecification\",\"valueRequired\":true,\"valueName\":\"search_term_string\"}}],\"inLanguage\":\"sv-SE\"}]}<\/script>\n<!-- \/ Yoast SEO plugin. -->","yoast_head_json":{"title":"Startsidan - Haparanda","robots":{"index":"index","follow":"follow","max-snippet":"max-snippet:-1","max-image-preview":"max-image-preview:large","max-video-preview":"max-video-preview:-1"},"canonical":"https:\/\/www.posk.se\/haparanda\/","og_locale":"sv_SE","og_type":"article","og_title":"Startsidan - Haparanda","og_description":"POSK i Haparanda f\u00f6rsamling har precis bildats och vi ser fram emot att ber\u00e4tta mer om v\u00e5rt arbete Kontaktperson: Eija Stenberg eija@polarwood.se \u202d070-272 11 14\u202c","og_url":"https:\/\/www.posk.se\/haparanda\/","og_site_name":"Haparanda","article_modified_time":"2025-08-31T21:30:39+00:00","og_image":[{"width":2560,"height":1707,"url":"https:\/\/www.posk.se\/haparanda\/wp-content\/uploads\/sites\/305\/2025\/04\/daniel-ghio-ob3teol4xaa-unsplash-scaled.jpg","type":"image\/jpeg"}],"twitter_card":"summary_large_image","twitter_misc":{"Ber\u00e4knad l\u00e4stid":"1 minut"},"schema":{"@context":"https:\/\/schema.org","@graph":[{"@type":"WebPage","@id":"https:\/\/www.posk.se\/haparanda\/","url":"https:\/\/www.posk.se\/haparanda\/","name":"Startsidan - Haparanda","isPartOf":{"@id":"https:\/\/www.posk.se\/haparanda\/#website"},"primaryImageOfPage":{"@id":"https:\/\/www.posk.se\/haparanda\/#primaryimage"},"image":{"@id":"https:\/\/www.posk.se\/haparanda\/#primaryimage"},"thumbnailUrl":"https:\/\/www.posk.se\/haparanda\/wp-content\/uploads\/sites\/305\/2025\/04\/daniel-ghio-ob3teol4xaa-unsplash-scaled.jpg","datePublished":"2025-04-28T07:09:00+00:00","dateModified":"2025-08-31T21:30:39+00:00","breadcrumb":{"@id":"https:\/\/www.posk.se\/haparanda\/#breadcrumb"},"inLanguage":"sv-SE","potentialAction":[{"@type":"ReadAction","target":["https:\/\/www.posk.se\/haparanda\/"]}]},{"@type":"ImageObject","inLanguage":"sv-SE","@id":"https:\/\/www.posk.se\/haparanda\/#primaryimage","url":"https:\/\/www.posk.se\/haparanda\/wp-content\/uploads\/sites\/305\/2025\/04\/daniel-ghio-ob3teol4xaa-unsplash-scaled.jpg","contentUrl":"https:\/\/www.posk.se\/haparanda\/wp-content\/uploads\/sites\/305\/2025\/04\/daniel-ghio-ob3teol4xaa-unsplash-scaled.jpg","width":2560,"height":1707},{"@type":"BreadcrumbList","@id":"https:\/\/www.posk.se\/haparanda\/#breadcrumb","itemListElement":[{"@type":"ListItem","position":1,"name":"Hem","item":"https:\/\/www.posk.se\/haparanda\/"},{"@type":"ListItem","position":2,"name":"Startsidan"}]},{"@type":"WebSite","@id":"https:\/\/www.posk.se\/haparanda\/#website","url":"https:\/\/www.posk.se\/haparanda\/","name":"Haparanda","description":"POSK-grupp i Lule\u00e5 stift","potentialAction":[{"@type":"SearchAction","target":{"@type":"EntryPoint","urlTemplate":"https:\/\/www.posk.se\/haparanda\/?s={search_term_string}"},"query-input":{"@type":"PropertyValueSpecification","valueRequired":true,"valueName":"search_term_string"}}],"inLanguage":"sv-SE"}]}},"_links":{"self":[{"href":"https:\/\/www.posk.se\/haparanda\/wp-json\/wp\/v2\/pages\/6","targetHints":{"allow":["GET"]}}],"collection":[{"href":"https:\/\/www.posk.se\/haparanda\/wp-json\/wp\/v2\/pages"}],"about":[{"href":"https:\/\/www.posk.se\/haparanda\/wp-json\/wp\/v2\/types\/page"}],"author":[{"embeddable":true,"href":"https:\/\/www.posk.se\/haparanda\/wp-json\/wp\/v2\/users\/91"}],"replies":[{"embeddable":true,"href":"https:\/\/www.posk.se\/haparanda\/wp-json\/wp\/v2\/comments?post=6"}],"version-history":[{"count":4,"href":"https:\/\/www.posk.se\/haparanda\/wp-json\/wp\/v2\/pages\/6\/revisions"}],"predecessor-version":[{"id":15,"href":"https:\/\/www.posk.se\/haparanda\/wp-json\/wp\/v2\/pages\/6\/revisions\/15"}],"wp:featuredmedia":[{"embeddable":true,"href":"https:\/\/www.posk.se\/haparanda\/wp-json\/wp\/v2\/media\/7"}],"wp:attachment":[{"href":"https:\/\/www.posk.se\/haparanda\/wp-json\/wp\/v2\/media?parent=6"}],"curies":[{"name":"wp","href":"https:\/\/api.w.org\/{rel}","templated":true}]}}