{"id":20,"date":"2016-07-20T10:34:35","date_gmt":"2016-07-20T08:34:35","guid":{"rendered":"https:\/\/www.posk.se\/hallsberg\/?page_id=20"},"modified":"2025-09-07T20:03:25","modified_gmt":"2025-09-07T18:03:25","slug":"startsidan-2","status":"publish","type":"page","link":"https:\/\/www.posk.se\/hallsberg\/","title":{"rendered":"Startsidan"},"content":{"rendered":"<p><img loading=\"lazy\" decoding=\"async\" class=\"wp-image-92 aligncenter\" src=\"https:\/\/www.posk.se\/hallsberg\/wp-content\/uploads\/sites\/156\/2025\/07\/ny-bild-posk-300x135.jpg\" alt=\"\" width=\"433\" height=\"195\" srcset=\"https:\/\/www.posk.se\/hallsberg\/wp-content\/uploads\/sites\/156\/2025\/07\/ny-bild-posk-300x135.jpg 300w, https:\/\/www.posk.se\/hallsberg\/wp-content\/uploads\/sites\/156\/2025\/07\/ny-bild-posk-1024x461.jpg 1024w, https:\/\/www.posk.se\/hallsberg\/wp-content\/uploads\/sites\/156\/2025\/07\/ny-bild-posk-768x346.jpg 768w, https:\/\/www.posk.se\/hallsberg\/wp-content\/uploads\/sites\/156\/2025\/07\/ny-bild-posk-1536x692.jpg 1536w, https:\/\/www.posk.se\/hallsberg\/wp-content\/uploads\/sites\/156\/2025\/07\/ny-bild-posk-2048x922.jpg 2048w, https:\/\/www.posk.se\/hallsberg\/wp-content\/uploads\/sites\/156\/2025\/07\/ny-bild-posk-330x149.jpg 330w\" sizes=\"auto, (max-width: 433px) 100vw, 433px\" \/><\/p>\n<p><strong>Vad vill POSK i Hallsbergs f\u00f6rsamling<\/strong><\/p>\n<p>Vi vill att Svenska kyrkan ska vara en gemenskap som speglar Guds vilja i gudstj\u00e4nst och liv. Den ska tala tydligt om Jesus Kristus.<\/p>\n<p>Vi vill att:<\/p>\n<ul>\n<li>Hallsbergs f\u00f6rsamling \u00e4r en \u00f6ppen och v\u00e4lkomnande kyrka<\/li>\n<li>det erbjuds aktivitet och verksamhet f\u00f6r livets alla \u00e5ldrar<\/li>\n<li>frivilliga medarbetare v\u00e4lkomnas uppmuntras, utbildas och ges ansvar<\/li>\n<li>kyrkan finns med i samh\u00e4llslivet och \u00e4r d\u00e4r f\u00f6r alla som beh\u00f6ver den<\/li>\n<li>v\u00e5r kyrka \u00e4r en kyrka som f\u00e5r betyda n\u00e5got viktigt f\u00f6r m\u00e4nniskor<\/li>\n<\/ul>\n<p>POSK anser att partiernas inflytande \u00f6ver Svenska kyrkan m\u00e5ste upph\u00f6ra. Svenska kyrkans beslutsfattare ska vara demokratiskt valda och f\u00f6retr\u00e4da f\u00f6rsamlingen &#8211; inte politiska partier.<\/p>\n<p><strong>Vilka \u00e4r vi som kandiderar f\u00f6r POSK i Hallsbergs f\u00f6rsamling<\/strong><\/p>\n<p>Vi som kandiderar f\u00f6r POSK \u00e4r vanliga f\u00f6rsamlingsbor och vi drivs av v\u00e5rt engagemang f\u00f6r kyrkan och f\u00f6r Hallsbergs f\u00f6rsamling. M\u00e5nga av oss har en l\u00e5ng historia av engagemang i Svenska kyrkan &#8211; som ideellt verksamma, kyrkv\u00e4rdar, aktiva i ungdomsarbete och \u00e4ven som anst\u00e4llda.<\/p>\n<p>H\u00e4r \u00e4r v\u00e5ra kandidater till kyrkofullm\u00e4ktige i Hallsbergs f\u00f6rsamling:<\/p>\n<ol>\n<li>Peter Kjellman, gymnasiel\u00e4rare, 67 \u00e5r<\/li>\n<li>Anna-Lena Larsson, undersk\u00f6terska, 47 \u00e5r<\/li>\n<li>Erik Nilsson, f.d. administrat\u00f6r, 68 \u00e5r<\/li>\n<li>Petra Brod\u00e9n, arkivarie, 48 \u00e5r<\/li>\n<li>Ossian Lindqvist, l\u00e4rare, 36 \u00e5r<\/li>\n<li>Hel\u00e9n Svensson, kyrkoherde emerita, 72 \u00e5r<\/li>\n<li>Laila Gribing, pension\u00e4r, 74 \u00e5r<\/li>\n<li>Anna Lindqvist, f.d. arkivarie, 64 \u00e5r<\/li>\n<li>Emma S\u00f6derberg, s\u00e4ljare, 40 \u00e5r<\/li>\n<li>Frida Carlsson, rektor, 38 \u00e5r<\/li>\n<li>Alf Nilsson, f.d. bonde, 70 \u00e5r<\/li>\n<li>Thyra Eriksen Hysing, studerande, 18 \u00e5r<\/li>\n<li>Paulina Ventura, studerande, 23 \u00e5r<\/li>\n<li>Torbj\u00f6rn Hartman, med. doktor, 59 \u00e5r<\/li>\n<li>Leif Hermansson, f.d. chauff\u00f6r, 76 \u00e5r<\/li>\n<li>Lillemor Ohlsson, f.d. l\u00e4rare, 84 \u00e5r<\/li>\n<li>Anders Nilsson, pr\u00e4st, 83 \u00e5r<\/li>\n<li>Inga-Lisa Skirling, pension\u00e4r, 83 \u00e5r<\/li>\n<li>Anna Martinsson, organist, 59 \u00e5r<\/li>\n<li>Jonathan Larsson-Ryd, studerande, 19 \u00e5r<\/li>\n<li>Per-Erik Wiktorp, kyrkokantor, 69 \u00e5r<\/li>\n<\/ol>\n<p>V\u00e5ra kandidater till stiftsfullm\u00e4ktige:<\/p>\n<p>Peter Kjellman, plats 2, Erik Nilsson, plats 3, Anna-Lena Larsson, plats 4, Petra Brod\u00e9n, plats 5, Ossian Lindqvist, plats 6, Anna Martinsson, plats 7.<\/p>\n<p>V\u00e5r kandidat till kyrkom\u00f6tet:<\/p>\n<p>Petra Brod\u00e9n, plats 2<\/p>\n<p><strong>Kontaktperson och styrelse<\/strong><\/p>\n<p>Kontaktperson: Peter Kjellman, tel: 070-882 04 93, n\u00e5s efter kl. 17<\/p>\n<p>Styrelsen f\u00f6r POSK i Hallsbergs f\u00f6rsamling best\u00e5r av Peter Kjellman, Petra Brod\u00e9n, Erik Nilsson, Anna-Lena Larsson, Anders Nilsson och Ossian Lindqvist.<\/p>\n<p><strong>Innevarande mandatperiod<\/strong><\/p>\n<p>I kyrkovalet 2021 fick vi 44% av r\u00f6sterna, vilket gav oss 11 mandat (av 25) i kyrkofullm\u00e4ktige. Vi samarbetar med den borgerliga gruppen &#8221;F\u00f6rsamlingens v\u00e4l&#8221; och tillsammans har vi majoritet i kyrkofullm\u00e4ktige och leder f\u00f6rsamlingen. Peter Kjellman \u00e4r vice ordf\u00f6rande i kyrkofullm\u00e4ktige, Petra Brod\u00e9n \u00e4r ordf\u00f6rande i kyrkor\u00e5det och Anna-Lena Larsson ordf\u00f6rande i kyrkog\u00e5rds- och fastighetsutskottet.<\/p>\n<p>Vi gl\u00e4der oss \u00e5t utvecklingen i Hallsbergs f\u00f6rsamling, att fler vill konfirmera sig, att fler engagerar sig som frivilliga i f\u00f6rsamlingen och att f\u00f6rsamlingen har gjort goda rekryteringar av anst\u00e4llda.<\/p>\n<p>&nbsp;<\/p>\n<p>&nbsp;<\/p>\n<p>&nbsp;<\/p>\n<p>&nbsp;<\/p>\n<p>&nbsp;<\/p>\n<p>&nbsp;<\/p>\n<p>&nbsp;<\/p>\n<div><\/div>\n","protected":false},"excerpt":{"rendered":"<p>Vad vill POSK i Hallsbergs f\u00f6rsamling Vi vill att Svenska kyrkan ska vara en gemenskap som speglar Guds vilja i gudstj\u00e4nst och liv. Den ska tala tydligt om Jesus Kristus. Vi vill att: Hallsbergs f\u00f6rsamling \u00e4r en \u00f6ppen och v\u00e4lkomnande kyrka det erbjuds aktivitet och verksamhet f\u00f6r livets alla \u00e5ldrar frivilliga medarbetare v\u00e4lkomnas uppmuntras, utbildas [&hellip;]<\/p>\n","protected":false},"author":1,"featured_media":0,"parent":0,"menu_order":0,"comment_status":"closed","ping_status":"closed","template":"page-templates\/page-sidebar-left.php","meta":{"_acf_changed":false,"footnotes":""},"class_list":["post-20","page","type-page","status-publish","hentry"],"acf":[],"yoast_head":"<!-- This site is optimized with the Yoast SEO plugin v24.9 - https:\/\/yoast.com\/wordpress\/plugins\/seo\/ -->\n<title>Startsidan - Hallsberg<\/title>\n<meta name=\"robots\" content=\"index, follow, max-snippet:-1, max-image-preview:large, max-video-preview:-1\" \/>\n<link rel=\"canonical\" href=\"https:\/\/www.posk.se\/hallsberg\/\" \/>\n<meta property=\"og:locale\" content=\"sv_SE\" \/>\n<meta property=\"og:type\" content=\"article\" \/>\n<meta property=\"og:title\" content=\"Startsidan - Hallsberg\" \/>\n<meta property=\"og:description\" content=\"Vad vill POSK i Hallsbergs f\u00f6rsamling Vi vill att Svenska kyrkan ska vara en gemenskap som speglar Guds vilja i gudstj\u00e4nst och liv. Den ska tala tydligt om Jesus Kristus. Vi vill att: Hallsbergs f\u00f6rsamling \u00e4r en \u00f6ppen och v\u00e4lkomnande kyrka det erbjuds aktivitet och verksamhet f\u00f6r livets alla \u00e5ldrar frivilliga medarbetare v\u00e4lkomnas uppmuntras, utbildas [&hellip;]\" \/>\n<meta property=\"og:url\" content=\"https:\/\/www.posk.se\/hallsberg\/\" \/>\n<meta property=\"og:site_name\" content=\"Hallsberg\" \/>\n<meta property=\"article:modified_time\" content=\"2025-09-07T18:03:25+00:00\" \/>\n<meta property=\"og:image\" content=\"https:\/\/www.posk.se\/hallsberg\/wp-content\/uploads\/sites\/156\/2025\/07\/ny-bild-posk-scaled.jpg\" \/>\n\t<meta property=\"og:image:width\" content=\"2560\" \/>\n\t<meta property=\"og:image:height\" content=\"1153\" \/>\n\t<meta property=\"og:image:type\" content=\"image\/jpeg\" \/>\n<meta name=\"twitter:card\" content=\"summary_large_image\" \/>\n<meta name=\"twitter:label1\" content=\"Ber\u00e4knad l\u00e4stid\" \/>\n\t<meta name=\"twitter:data1\" content=\"3 minuter\" \/>\n<script type=\"application\/ld+json\" class=\"yoast-schema-graph\">{\"@context\":\"https:\/\/schema.org\",\"@graph\":[{\"@type\":\"WebPage\",\"@id\":\"https:\/\/www.posk.se\/hallsberg\/\",\"url\":\"https:\/\/www.posk.se\/hallsberg\/\",\"name\":\"Startsidan - Hallsberg\",\"isPartOf\":{\"@id\":\"https:\/\/www.posk.se\/hallsberg\/#website\"},\"primaryImageOfPage\":{\"@id\":\"https:\/\/www.posk.se\/hallsberg\/#primaryimage\"},\"image\":{\"@id\":\"https:\/\/www.posk.se\/hallsberg\/#primaryimage\"},\"thumbnailUrl\":\"https:\/\/www.posk.se\/hallsberg\/wp-content\/uploads\/sites\/156\/2025\/07\/ny-bild-posk-300x135.jpg\",\"datePublished\":\"2016-07-20T08:34:35+00:00\",\"dateModified\":\"2025-09-07T18:03:25+00:00\",\"breadcrumb\":{\"@id\":\"https:\/\/www.posk.se\/hallsberg\/#breadcrumb\"},\"inLanguage\":\"sv-SE\",\"potentialAction\":[{\"@type\":\"ReadAction\",\"target\":[\"https:\/\/www.posk.se\/hallsberg\/\"]}]},{\"@type\":\"ImageObject\",\"inLanguage\":\"sv-SE\",\"@id\":\"https:\/\/www.posk.se\/hallsberg\/#primaryimage\",\"url\":\"https:\/\/www.posk.se\/hallsberg\/wp-content\/uploads\/sites\/156\/2025\/07\/ny-bild-posk-scaled.jpg\",\"contentUrl\":\"https:\/\/www.posk.se\/hallsberg\/wp-content\/uploads\/sites\/156\/2025\/07\/ny-bild-posk-scaled.jpg\",\"width\":2560,\"height\":1153},{\"@type\":\"BreadcrumbList\",\"@id\":\"https:\/\/www.posk.se\/hallsberg\/#breadcrumb\",\"itemListElement\":[{\"@type\":\"ListItem\",\"position\":1,\"name\":\"Hem\",\"item\":\"https:\/\/www.posk.se\/hallsberg\/\"},{\"@type\":\"ListItem\",\"position\":2,\"name\":\"Startsidan\"}]},{\"@type\":\"WebSite\",\"@id\":\"https:\/\/www.posk.se\/hallsberg\/#website\",\"url\":\"https:\/\/www.posk.se\/hallsberg\/\",\"name\":\"Hallsberg\",\"description\":\"POSK-grupp i Str\u00e4ngn\u00e4s stift\",\"potentialAction\":[{\"@type\":\"SearchAction\",\"target\":{\"@type\":\"EntryPoint\",\"urlTemplate\":\"https:\/\/www.posk.se\/hallsberg\/?s={search_term_string}\"},\"query-input\":{\"@type\":\"PropertyValueSpecification\",\"valueRequired\":true,\"valueName\":\"search_term_string\"}}],\"inLanguage\":\"sv-SE\"}]}<\/script>\n<!-- \/ Yoast SEO plugin. -->","yoast_head_json":{"title":"Startsidan - Hallsberg","robots":{"index":"index","follow":"follow","max-snippet":"max-snippet:-1","max-image-preview":"max-image-preview:large","max-video-preview":"max-video-preview:-1"},"canonical":"https:\/\/www.posk.se\/hallsberg\/","og_locale":"sv_SE","og_type":"article","og_title":"Startsidan - Hallsberg","og_description":"Vad vill POSK i Hallsbergs f\u00f6rsamling Vi vill att Svenska kyrkan ska vara en gemenskap som speglar Guds vilja i gudstj\u00e4nst och liv. Den ska tala tydligt om Jesus Kristus. Vi vill att: Hallsbergs f\u00f6rsamling \u00e4r en \u00f6ppen och v\u00e4lkomnande kyrka det erbjuds aktivitet och verksamhet f\u00f6r livets alla \u00e5ldrar frivilliga medarbetare v\u00e4lkomnas uppmuntras, utbildas [&hellip;]","og_url":"https:\/\/www.posk.se\/hallsberg\/","og_site_name":"Hallsberg","article_modified_time":"2025-09-07T18:03:25+00:00","og_image":[{"width":2560,"height":1153,"url":"https:\/\/www.posk.se\/hallsberg\/wp-content\/uploads\/sites\/156\/2025\/07\/ny-bild-posk-scaled.jpg","type":"image\/jpeg"}],"twitter_card":"summary_large_image","twitter_misc":{"Ber\u00e4knad l\u00e4stid":"3 minuter"},"schema":{"@context":"https:\/\/schema.org","@graph":[{"@type":"WebPage","@id":"https:\/\/www.posk.se\/hallsberg\/","url":"https:\/\/www.posk.se\/hallsberg\/","name":"Startsidan - Hallsberg","isPartOf":{"@id":"https:\/\/www.posk.se\/hallsberg\/#website"},"primaryImageOfPage":{"@id":"https:\/\/www.posk.se\/hallsberg\/#primaryimage"},"image":{"@id":"https:\/\/www.posk.se\/hallsberg\/#primaryimage"},"thumbnailUrl":"https:\/\/www.posk.se\/hallsberg\/wp-content\/uploads\/sites\/156\/2025\/07\/ny-bild-posk-300x135.jpg","datePublished":"2016-07-20T08:34:35+00:00","dateModified":"2025-09-07T18:03:25+00:00","breadcrumb":{"@id":"https:\/\/www.posk.se\/hallsberg\/#breadcrumb"},"inLanguage":"sv-SE","potentialAction":[{"@type":"ReadAction","target":["https:\/\/www.posk.se\/hallsberg\/"]}]},{"@type":"ImageObject","inLanguage":"sv-SE","@id":"https:\/\/www.posk.se\/hallsberg\/#primaryimage","url":"https:\/\/www.posk.se\/hallsberg\/wp-content\/uploads\/sites\/156\/2025\/07\/ny-bild-posk-scaled.jpg","contentUrl":"https:\/\/www.posk.se\/hallsberg\/wp-content\/uploads\/sites\/156\/2025\/07\/ny-bild-posk-scaled.jpg","width":2560,"height":1153},{"@type":"BreadcrumbList","@id":"https:\/\/www.posk.se\/hallsberg\/#breadcrumb","itemListElement":[{"@type":"ListItem","position":1,"name":"Hem","item":"https:\/\/www.posk.se\/hallsberg\/"},{"@type":"ListItem","position":2,"name":"Startsidan"}]},{"@type":"WebSite","@id":"https:\/\/www.posk.se\/hallsberg\/#website","url":"https:\/\/www.posk.se\/hallsberg\/","name":"Hallsberg","description":"POSK-grupp i Str\u00e4ngn\u00e4s stift","potentialAction":[{"@type":"SearchAction","target":{"@type":"EntryPoint","urlTemplate":"https:\/\/www.posk.se\/hallsberg\/?s={search_term_string}"},"query-input":{"@type":"PropertyValueSpecification","valueRequired":true,"valueName":"search_term_string"}}],"inLanguage":"sv-SE"}]}},"_links":{"self":[{"href":"https:\/\/www.posk.se\/hallsberg\/wp-json\/wp\/v2\/pages\/20","targetHints":{"allow":["GET"]}}],"collection":[{"href":"https:\/\/www.posk.se\/hallsberg\/wp-json\/wp\/v2\/pages"}],"about":[{"href":"https:\/\/www.posk.se\/hallsberg\/wp-json\/wp\/v2\/types\/page"}],"author":[{"embeddable":true,"href":"https:\/\/www.posk.se\/hallsberg\/wp-json\/wp\/v2\/users\/1"}],"replies":[{"embeddable":true,"href":"https:\/\/www.posk.se\/hallsberg\/wp-json\/wp\/v2\/comments?post=20"}],"version-history":[{"count":35,"href":"https:\/\/www.posk.se\/hallsberg\/wp-json\/wp\/v2\/pages\/20\/revisions"}],"predecessor-version":[{"id":106,"href":"https:\/\/www.posk.se\/hallsberg\/wp-json\/wp\/v2\/pages\/20\/revisions\/106"}],"wp:attachment":[{"href":"https:\/\/www.posk.se\/hallsberg\/wp-json\/wp\/v2\/media?parent=20"}],"curies":[{"name":"wp","href":"https:\/\/api.w.org\/{rel}","templated":true}]}}