{"id":60,"date":"2017-08-23T14:11:43","date_gmt":"2017-08-23T12:11:43","guid":{"rendered":"https:\/\/www.posk.se\/haabo\/?page_id=60"},"modified":"2025-08-28T11:52:07","modified_gmt":"2025-08-28T09:52:07","slug":"valmanifest","status":"publish","type":"page","link":"https:\/\/www.posk.se\/haabo\/valmanifest\/","title":{"rendered":"Valmanifest"},"content":{"rendered":"<h3><strong>Kyrkovalet \u2013 en demokratifr\u00e5ga!<\/strong><\/h3>\n<p data-start=\"119\" data-end=\"232\">Den 21 september \u00e4r det dags f\u00f6r kyrkoval, en chans att p\u00e5verka hur din kyrka ska fungera p\u00e5 tre viktiga niv\u00e5er:<\/p>\n<ol data-start=\"234\" data-end=\"583\">\n<li data-start=\"234\" data-end=\"346\">\n<p data-start=\"237\" data-end=\"346\"><strong data-start=\"237\" data-end=\"249\">Riksniv\u00e5<\/strong> \u2013 R\u00f6sta p\u00e5 kandidater till kyrkom\u00f6tet, som fattar beslut om Svenska kyrkans \u00f6vergripande fr\u00e5gor.<\/p>\n<\/li>\n<li data-start=\"347\" data-end=\"448\">\n<p data-start=\"350\" data-end=\"448\"><strong data-start=\"350\" data-end=\"364\">Stiftsniv\u00e5<\/strong> \u2013 V\u00e4lj representanter till stiftsfullm\u00e4ktige, som styr \u00f6ver fr\u00e5gor inom v\u00e5rt stift.<\/p>\n<\/li>\n<li data-start=\"449\" data-end=\"583\">\n<p data-start=\"452\" data-end=\"583\"><strong data-start=\"452\" data-end=\"462\">Lokalt<\/strong> \u2013 R\u00f6sta p\u00e5 kandidater till kyrkofullm\u00e4ktige i H\u00e5bo pastorat, d\u00e4r beslut om lokala fr\u00e5gor och f\u00f6rsamlingarnas arbete tas.<\/p>\n<\/li>\n<\/ol>\n<p data-start=\"585\" data-end=\"698\">Alla medlemmar i Svenska kyrkan, fr\u00e5n 16 \u00e5r och upp\u00e5t, har r\u00f6str\u00e4tt och kan vara med och p\u00e5verka kyrkans framtid.<\/p>\n<p data-start=\"794\" data-end=\"1098\">POSK \u2013 Partipolitiskt obundna i Svenska kyrkan \u2013 \u00e4r den n\u00e4st st\u00f6rsta organisationen f\u00f6r dem som vill ta ansvar i kyrkan utan att binda sig till n\u00e5got allm\u00e4npolitiskt parti. Hos POSK f\u00e5r du en r\u00f6st f\u00f6r en fri och engagerad kyrka som fokuserar p\u00e5 tro, gemenskap och kyrkans uppdrag, inte politiska agendor.<\/p>\n<h3><strong>POSK i H\u00e5bo Pastorat<\/strong><\/h3>\n<h5>Inf\u00f6r mandatperioden 2026-2029 i H\u00e5bo pastorat har vi valt att rikta v\u00e5rt fokus mot f\u00f6ljande prioriterade omr\u00e5den.<\/h5>\n<h5><\/h5>\n<h5>F\u00f6rsamlingen i centrum<\/h5>\n<p>I f\u00f6rsamlingen blir kyrkans grunduppdrag verklighet. H\u00e4r m\u00f6ter m\u00e4nniskor sin kyrka i gl\u00e4dje och sorg, genom gudstj\u00e4nster, dop, konfirmation och begravningar. POSK vill bygga levande f\u00f6rsamlingar d\u00e4r m\u00e4nniskor v\u00e4lkomnas till delaktighet i f\u00f6rsamlingslivet och d\u00e4r beslut fattas s\u00e5 n\u00e4ra verksamheten och medlemmarna som m\u00f6jligt.<\/p>\n<h5>V\u00e5ga vara kyrka<\/h5>\n<p>N\u00e4r man har flyttat till en ny ort, \u00e4r kanske inte kyrkan det f\u00f6rsta man t\u00e4nker p\u00e5. Vi vill att kyrkan ska v\u00e4lkomna alla nyinflyttade h\u00e5bobor med brev och erbjudande om aktiviteter som kyrkan kan erbjuda.<\/p>\n<h5>Plats f\u00f6r unga<\/h5>\n<p>Ungas plats och delaktighet i f\u00f6rsamlingslivet \u00e4r avg\u00f6rande f\u00f6r samh\u00f6righeten med kyrkan. Det kan ske genom konfirmandtiden, i k\u00f6rer, som ungdomsledare eller i olika former av praktiskt eller diakonalt arbete. POSK vill st\u00e4rka barn- och ungdomsorganisationer inom Svenska kyrkan och vill att fler personer under 30 \u00e5r har plats i beslutsfattande organ.<\/p>\n<h5>Kyrkomusikens kraft<\/h5>\n<p>I Svenska kyrkan samspelar ett professionellt musikliv med f\u00f6rsamlingss\u00e5ng d\u00e4r alla kan delta och uttrycka sin kristna tro. K\u00f6rs\u00e5ngen har stor betydelse som folkr\u00f6relse och POSK menar att k\u00f6rs\u00e5ng och kyrkomusik ocks\u00e5 b\u00f6r ge plats f\u00f6r unga. Rekryteringen av kyrkomusiker beh\u00f6ver st\u00e4rkas och ungdomar ska tidigt uppmuntras och f\u00e5 m\u00f6jlighet att sjunga och spela. POSK vill att fler kyrkomusiker har instrumentalundervisning i sina tj\u00e4nster.<\/p>\n<h5>St\u00e4rk den kristna gemenskapen<\/h5>\n<p>POSK vill uppmuntra f\u00f6rsamlingarna att arbeta mer aktivt ekumeniskt f\u00f6r att st\u00e4rka den kristna gemenskapen. Lokalt sker detta genom samverkan mellan f\u00f6rsamlingar som tillh\u00f6r olika kyrkor och samfund, och nationellt i Sveriges kristna r\u00e5d. F\u00f6rsamlingarna beh\u00f6ver ha vetskap och kunskap om de ekumeniska dokument som Svenska kyrkan har undertecknat, s\u00e5 att den f\u00f6rdjupade kyrkosyn och teologi som kommer till uttryck d\u00e4r kan genomsyra Svenska kyrkans tro, liv och organisation.<\/p>\n<h5>V\u00e4rna kulturarvet<\/h5>\n<p>V\u00e5ra kyrkor \u00e4r viktiga kulturarv som POSK vill arbeta f\u00f6r att v\u00e4rna. POSK vill utveckla kulturarvet och verka f\u00f6r att h\u00e5lla kyrkor \u00f6ppna med h\u00f6g tillg\u00e4nglighet. Niv\u00e5n p\u00e5 den kyrkoantikvariska ers\u00e4ttningen har inte h\u00f6jts m\u00e4rkbart sedan den inr\u00e4ttades, och Svenska kyrkans uppdrag att f\u00f6rvalta det gemensamma kulturarvet blir oh\u00e5llbart i l\u00e4ngden om inte nuvarande ers\u00e4ttning h\u00f6js avsev\u00e4rt.<\/p>\n<div class=\"page\" title=\"Page 2\">\n<h5>Gudstj\u00e4nst varje s\u00f6ndag<\/h5>\n<p>Som en p\u00e5minnelse att kyrkan finns till hands och v\u00e4lkomnar alla som vill komma och dela gemenskap med Kristus, vill vi fira regelbundna gudstj\u00e4nster varje s\u00f6ndag i v\u00e5ra kyrkor.<\/p>\n<h5>L\u00e4rande och undervisning<\/h5>\n<p>Kyrkan beh\u00f6ver vara en v\u00e4xtplats f\u00f6r tro d\u00e4r det finns m\u00f6jlighet till undervisning genom hela livet. POSK vill d\u00e4rf\u00f6r att varje f\u00f6rsamling och pastorat ska ha en genomt\u00e4nkt plan f\u00f6r l\u00e4rande och undervisning fr\u00e5n sm\u00e5barnstiden till vuxen \u00e5lder. Det kan handla om undervisning i gudstj\u00e4nsten, genom konfirmationen, i bibelstudiegrupper, katekumenat, f\u00f6rel\u00e4sningar och s\u00f6ndagsskolor.<\/p>\n<h5>En inkluderande kyrka<\/h5>\n<p>Oavsett vem du \u00e4r eller varifr\u00e5n du kommer, ska du veta att du ALLTID \u00e4r v\u00e4lkommen i kyrkan. Vi vill arbeta f\u00f6r m\u00e5ngfald och innanf\u00f6rskap, kyrkan ska genom praktisk handling f\u00f6reg\u00e5 med gott exempel.<\/p>\n<\/div>\n<h5>R\u00f6sta f\u00f6r Guds skull i kyrkovalet<\/h5>\n<p>Svenska kyrkan \u00e4r en demokratisk folkkyrka och s\u00e5 vill vi att den ska vara, d\u00e4rf\u00f6r det \u00e4r viktigt att du g\u00e5r och r\u00f6star i kyrkovalet den 21 september.<\/p>\n<p>R\u00f6star du p\u00e5 POSK \u2013 Partipolitiskt Obundna i Svenska Kyrkan, s\u00e5 bryter du partipolariseringen och r\u00f6star fram personer som \u00e4r aktivt engagerade i kyrkan och deltar regelbundet i gudstj\u00e4nstlivet.<\/p>\n<h5>Vill du veta mer? Kontakta:<\/h5>\n<p>Mikael H\u00f6gstr\u00f6m, ordf\u00f6rande i POSK i H\u00e5bo pastorat<br \/>\n<a href=\"mailto:micke.hogstrom@telia.com\">micke.hogstrom@telia.com<\/a><br \/>\n070-385 00 47<\/p>\n<p>&nbsp;<\/p>\n","protected":false},"excerpt":{"rendered":"<p>Kyrkovalet \u2013 en demokratifr\u00e5ga! Den 21 september \u00e4r det dags f\u00f6r kyrkoval, en chans att p\u00e5verka hur din kyrka ska fungera p\u00e5 tre viktiga niv\u00e5er: Riksniv\u00e5 \u2013 R\u00f6sta p\u00e5 kandidater till kyrkom\u00f6tet, som fattar beslut om Svenska kyrkans \u00f6vergripande fr\u00e5gor. Stiftsniv\u00e5 \u2013 V\u00e4lj representanter till stiftsfullm\u00e4ktige, som styr \u00f6ver fr\u00e5gor inom v\u00e5rt stift. Lokalt \u2013 [&hellip;]<\/p>\n","protected":false},"author":151,"featured_media":132,"parent":0,"menu_order":3,"comment_status":"closed","ping_status":"closed","template":"page-templates\/page-sidebar-left.php","meta":{"_acf_changed":false,"footnotes":""},"class_list":["post-60","page","type-page","status-publish","has-post-thumbnail","hentry"],"acf":[],"yoast_head":"<!-- This site is optimized with the Yoast SEO plugin v24.9 - https:\/\/yoast.com\/wordpress\/plugins\/seo\/ -->\n<title>Valmanifest - H\u00e5bo<\/title>\n<meta name=\"robots\" content=\"index, follow, max-snippet:-1, max-image-preview:large, max-video-preview:-1\" \/>\n<link rel=\"canonical\" href=\"https:\/\/www.posk.se\/haabo\/valmanifest\/\" \/>\n<meta property=\"og:locale\" content=\"sv_SE\" \/>\n<meta property=\"og:type\" content=\"article\" \/>\n<meta property=\"og:title\" content=\"Valmanifest - H\u00e5bo\" \/>\n<meta property=\"og:description\" content=\"Kyrkovalet \u2013 en demokratifr\u00e5ga! Den 21 september \u00e4r det dags f\u00f6r kyrkoval, en chans att p\u00e5verka hur din kyrka ska fungera p\u00e5 tre viktiga niv\u00e5er: Riksniv\u00e5 \u2013 R\u00f6sta p\u00e5 kandidater till kyrkom\u00f6tet, som fattar beslut om Svenska kyrkans \u00f6vergripande fr\u00e5gor. Stiftsniv\u00e5 \u2013 V\u00e4lj representanter till stiftsfullm\u00e4ktige, som styr \u00f6ver fr\u00e5gor inom v\u00e5rt stift. Lokalt \u2013 [&hellip;]\" \/>\n<meta property=\"og:url\" content=\"https:\/\/www.posk.se\/haabo\/valmanifest\/\" \/>\n<meta property=\"og:site_name\" content=\"H\u00e5bo\" \/>\n<meta property=\"article:modified_time\" content=\"2025-08-28T09:52:07+00:00\" \/>\n<meta property=\"og:image\" content=\"https:\/\/www.posk.se\/haabo\/wp-content\/uploads\/sites\/123\/2025\/08\/fb-omslagsbild-3-1024x390.png\" \/>\n\t<meta property=\"og:image:width\" content=\"1024\" \/>\n\t<meta property=\"og:image:height\" content=\"390\" \/>\n\t<meta property=\"og:image:type\" content=\"image\/png\" \/>\n<meta name=\"twitter:card\" content=\"summary_large_image\" \/>\n<meta name=\"twitter:label1\" content=\"Ber\u00e4knad l\u00e4stid\" \/>\n\t<meta name=\"twitter:data1\" content=\"4 minuter\" \/>\n<script type=\"application\/ld+json\" class=\"yoast-schema-graph\">{\"@context\":\"https:\/\/schema.org\",\"@graph\":[{\"@type\":\"WebPage\",\"@id\":\"https:\/\/www.posk.se\/haabo\/valmanifest\/\",\"url\":\"https:\/\/www.posk.se\/haabo\/valmanifest\/\",\"name\":\"Valmanifest - H\u00e5bo\",\"isPartOf\":{\"@id\":\"https:\/\/www.posk.se\/haabo\/#website\"},\"primaryImageOfPage\":{\"@id\":\"https:\/\/www.posk.se\/haabo\/valmanifest\/#primaryimage\"},\"image\":{\"@id\":\"https:\/\/www.posk.se\/haabo\/valmanifest\/#primaryimage\"},\"thumbnailUrl\":\"https:\/\/www.posk.se\/haabo\/wp-content\/uploads\/sites\/123\/2025\/08\/fb-omslagsbild-3.png\",\"datePublished\":\"2017-08-23T12:11:43+00:00\",\"dateModified\":\"2025-08-28T09:52:07+00:00\",\"breadcrumb\":{\"@id\":\"https:\/\/www.posk.se\/haabo\/valmanifest\/#breadcrumb\"},\"inLanguage\":\"sv-SE\",\"potentialAction\":[{\"@type\":\"ReadAction\",\"target\":[\"https:\/\/www.posk.se\/haabo\/valmanifest\/\"]}]},{\"@type\":\"ImageObject\",\"inLanguage\":\"sv-SE\",\"@id\":\"https:\/\/www.posk.se\/haabo\/valmanifest\/#primaryimage\",\"url\":\"https:\/\/www.posk.se\/haabo\/wp-content\/uploads\/sites\/123\/2025\/08\/fb-omslagsbild-3.png\",\"contentUrl\":\"https:\/\/www.posk.se\/haabo\/wp-content\/uploads\/sites\/123\/2025\/08\/fb-omslagsbild-3.png\",\"width\":3417,\"height\":1302},{\"@type\":\"BreadcrumbList\",\"@id\":\"https:\/\/www.posk.se\/haabo\/valmanifest\/#breadcrumb\",\"itemListElement\":[{\"@type\":\"ListItem\",\"position\":1,\"name\":\"Hem\",\"item\":\"https:\/\/www.posk.se\/haabo\/\"},{\"@type\":\"ListItem\",\"position\":2,\"name\":\"Valmanifest\"}]},{\"@type\":\"WebSite\",\"@id\":\"https:\/\/www.posk.se\/haabo\/#website\",\"url\":\"https:\/\/www.posk.se\/haabo\/\",\"name\":\"H\u00e5bo\",\"description\":\"POSK-grupp i Uppsala stift\",\"potentialAction\":[{\"@type\":\"SearchAction\",\"target\":{\"@type\":\"EntryPoint\",\"urlTemplate\":\"https:\/\/www.posk.se\/haabo\/?s={search_term_string}\"},\"query-input\":{\"@type\":\"PropertyValueSpecification\",\"valueRequired\":true,\"valueName\":\"search_term_string\"}}],\"inLanguage\":\"sv-SE\"}]}<\/script>\n<!-- \/ Yoast SEO plugin. -->","yoast_head_json":{"title":"Valmanifest - H\u00e5bo","robots":{"index":"index","follow":"follow","max-snippet":"max-snippet:-1","max-image-preview":"max-image-preview:large","max-video-preview":"max-video-preview:-1"},"canonical":"https:\/\/www.posk.se\/haabo\/valmanifest\/","og_locale":"sv_SE","og_type":"article","og_title":"Valmanifest - H\u00e5bo","og_description":"Kyrkovalet \u2013 en demokratifr\u00e5ga! Den 21 september \u00e4r det dags f\u00f6r kyrkoval, en chans att p\u00e5verka hur din kyrka ska fungera p\u00e5 tre viktiga niv\u00e5er: Riksniv\u00e5 \u2013 R\u00f6sta p\u00e5 kandidater till kyrkom\u00f6tet, som fattar beslut om Svenska kyrkans \u00f6vergripande fr\u00e5gor. Stiftsniv\u00e5 \u2013 V\u00e4lj representanter till stiftsfullm\u00e4ktige, som styr \u00f6ver fr\u00e5gor inom v\u00e5rt stift. Lokalt \u2013 [&hellip;]","og_url":"https:\/\/www.posk.se\/haabo\/valmanifest\/","og_site_name":"H\u00e5bo","article_modified_time":"2025-08-28T09:52:07+00:00","og_image":[{"width":1024,"height":390,"url":"https:\/\/www.posk.se\/haabo\/wp-content\/uploads\/sites\/123\/2025\/08\/fb-omslagsbild-3-1024x390.png","type":"image\/png"}],"twitter_card":"summary_large_image","twitter_misc":{"Ber\u00e4knad l\u00e4stid":"4 minuter"},"schema":{"@context":"https:\/\/schema.org","@graph":[{"@type":"WebPage","@id":"https:\/\/www.posk.se\/haabo\/valmanifest\/","url":"https:\/\/www.posk.se\/haabo\/valmanifest\/","name":"Valmanifest - H\u00e5bo","isPartOf":{"@id":"https:\/\/www.posk.se\/haabo\/#website"},"primaryImageOfPage":{"@id":"https:\/\/www.posk.se\/haabo\/valmanifest\/#primaryimage"},"image":{"@id":"https:\/\/www.posk.se\/haabo\/valmanifest\/#primaryimage"},"thumbnailUrl":"https:\/\/www.posk.se\/haabo\/wp-content\/uploads\/sites\/123\/2025\/08\/fb-omslagsbild-3.png","datePublished":"2017-08-23T12:11:43+00:00","dateModified":"2025-08-28T09:52:07+00:00","breadcrumb":{"@id":"https:\/\/www.posk.se\/haabo\/valmanifest\/#breadcrumb"},"inLanguage":"sv-SE","potentialAction":[{"@type":"ReadAction","target":["https:\/\/www.posk.se\/haabo\/valmanifest\/"]}]},{"@type":"ImageObject","inLanguage":"sv-SE","@id":"https:\/\/www.posk.se\/haabo\/valmanifest\/#primaryimage","url":"https:\/\/www.posk.se\/haabo\/wp-content\/uploads\/sites\/123\/2025\/08\/fb-omslagsbild-3.png","contentUrl":"https:\/\/www.posk.se\/haabo\/wp-content\/uploads\/sites\/123\/2025\/08\/fb-omslagsbild-3.png","width":3417,"height":1302},{"@type":"BreadcrumbList","@id":"https:\/\/www.posk.se\/haabo\/valmanifest\/#breadcrumb","itemListElement":[{"@type":"ListItem","position":1,"name":"Hem","item":"https:\/\/www.posk.se\/haabo\/"},{"@type":"ListItem","position":2,"name":"Valmanifest"}]},{"@type":"WebSite","@id":"https:\/\/www.posk.se\/haabo\/#website","url":"https:\/\/www.posk.se\/haabo\/","name":"H\u00e5bo","description":"POSK-grupp i Uppsala stift","potentialAction":[{"@type":"SearchAction","target":{"@type":"EntryPoint","urlTemplate":"https:\/\/www.posk.se\/haabo\/?s={search_term_string}"},"query-input":{"@type":"PropertyValueSpecification","valueRequired":true,"valueName":"search_term_string"}}],"inLanguage":"sv-SE"}]}},"_links":{"self":[{"href":"https:\/\/www.posk.se\/haabo\/wp-json\/wp\/v2\/pages\/60","targetHints":{"allow":["GET"]}}],"collection":[{"href":"https:\/\/www.posk.se\/haabo\/wp-json\/wp\/v2\/pages"}],"about":[{"href":"https:\/\/www.posk.se\/haabo\/wp-json\/wp\/v2\/types\/page"}],"author":[{"embeddable":true,"href":"https:\/\/www.posk.se\/haabo\/wp-json\/wp\/v2\/users\/151"}],"replies":[{"embeddable":true,"href":"https:\/\/www.posk.se\/haabo\/wp-json\/wp\/v2\/comments?post=60"}],"version-history":[{"count":21,"href":"https:\/\/www.posk.se\/haabo\/wp-json\/wp\/v2\/pages\/60\/revisions"}],"predecessor-version":[{"id":138,"href":"https:\/\/www.posk.se\/haabo\/wp-json\/wp\/v2\/pages\/60\/revisions\/138"}],"wp:featuredmedia":[{"embeddable":true,"href":"https:\/\/www.posk.se\/haabo\/wp-json\/wp\/v2\/media\/132"}],"wp:attachment":[{"href":"https:\/\/www.posk.se\/haabo\/wp-json\/wp\/v2\/media?parent=60"}],"curies":[{"name":"wp","href":"https:\/\/api.w.org\/{rel}","templated":true}]}}