{"id":38,"date":"2017-08-04T06:58:59","date_gmt":"2017-08-04T04:58:59","guid":{"rendered":"https:\/\/www.posk.se\/haabo\/?page_id=38"},"modified":"2025-09-05T11:51:45","modified_gmt":"2025-09-05T09:51:45","slug":"program","status":"publish","type":"page","link":"https:\/\/www.posk.se\/haabo\/program\/","title":{"rendered":"V\u00e5rt program"},"content":{"rendered":"<p style=\"text-align: right\"><em><strong><span style=\"color: #000000\">Ladda ner v\u00e5r programfolder som PDF<\/span><\/strong><\/em><\/p>\n<h4><span style=\"color: #ff0000\">F\u00f6rsamlingen i centrum<\/span><\/h4>\n<p>I f\u00f6rsamlingen blir kyrkans grunduppdrag verklighet. H\u00e4r m\u00f6ter m\u00e4nniskor sin kyrka i gl\u00e4dje och sorg, genom gudstj\u00e4nster, dop, konfirmation och begravningar. POSK vill bygga levande f\u00f6rsamlingar d\u00e4r m\u00e4nniskor v\u00e4lkomnas till delaktighet i f\u00f6rsamlingslivet och d\u00e4r beslut fattas s\u00e5 n\u00e4ra verksamheten och medlemmarna som m\u00f6jligt.<\/p>\n<h4><span style=\"color: #ff0000\">V\u00e5ga vara kyrka<\/span><\/h4>\n<p>Vi vill ha en kyrka som v\u00e5gar vara kyrka, som st\u00e5r fast vid sitt uppdrag \u00e4ven n\u00e4r det stormar. En kyrka som talar sanning med k\u00e4rlek, inte f\u00f6r att behaga, utan f\u00f6r att peka p\u00e5 n\u00e5got st\u00f6rre. En kyrka som med mod och \u00f6dmjukhet v\u00e5gar vara ljus i m\u00f6rkret och hopp i v\u00e4rlden.<\/p>\n<h4><span style=\"color: #ff0000\">Plats f\u00f6r unga<\/span><\/h4>\n<p>Ungas plats och delaktighet i f\u00f6rsamlingslivet \u00e4r avg\u00f6rande f\u00f6r samh\u00f6righeten med kyrkan. Det kan ske genom konfirmandtiden, i k\u00f6rer, som ungdomsledare eller i olika former av praktiskt eller diakonalt arbete. POSK vill st\u00e4rka barn- och ungdomsorganisationer inom Svenska kyrkan och vill att fler personer under 30 \u00e5r har plats i beslutsfattande organ.<\/p>\n<h4><span style=\"color: #ff0000\">Kyrkomusikens kraft<\/span><\/h4>\n<p>I Svenska kyrkan samspelar ett professionellt musikliv med f\u00f6rsamlingss\u00e5ng d\u00e4r alla kan delta och uttrycka sin kristna tro. K\u00f6rs\u00e5ngen har stor betydelse som folkr\u00f6relse och POSK menar att k\u00f6rs\u00e5ng och kyrkomusik ocks\u00e5 b\u00f6r ge plats f\u00f6r unga. Rekryteringen av kyrkomusiker beh\u00f6ver st\u00e4rkas och ungdomar ska tidigt uppmuntras och f\u00e5 m\u00f6jlighet att sjunga och spela. POSK vill att fler kyrkomusiker har instrumentalundervisning i sina tj\u00e4nster.<\/p>\n<h4><span style=\"color: #ff0000\">V\u00e4rna skapelsen<\/span><\/h4>\n<p>Som kristna har vi i uppdrag att f\u00f6rvalta och \u00e5teruppr\u00e4tta den skapelse Gud har gett oss och att leva h\u00e5llbart tillsammans med varandra. Klimatfr\u00e5gan m\u00e5ste tas p\u00e5 allvar, kyrkan ska inge hopp och uppmuntra till att ta ansvar. POSK vill att Svenska kyrkans arbete inom F\u00e4rdplan f\u00f6r klimatet utvecklas och fullf\u00f6ljs. P\u00e5 alla niv\u00e5er ska kyrkan str\u00e4va efter att leva upp till detta ansvar i f\u00f6rvaltning, konsumtion och resande.<\/p>\n<h4><span style=\"color: #ff0000\">St\u00e4rk den kristna gemenskapen<\/span><\/h4>\n<p>POSK vill uppmuntra f\u00f6rsamlingarna att arbeta mer aktivt ekumeniskt f\u00f6r att st\u00e4rka den kristna gemenskapen. Lokalt sker detta genom samverkan mellan f\u00f6rsamlingar som tillh\u00f6r olika kyrkor och samfund, och nationellt i Sveriges kristna r\u00e5d. F\u00f6rsamlingarna beh\u00f6ver ha vetskap och kunskap om de ekumeniska dokument som Svenska kyrkan har undertecknat, s\u00e5 att den f\u00f6rdjupade kyrkosyn och teologi som kommer till uttryck d\u00e4r kan genomsyra Svenska kyrkans tro, liv och organisation.<\/p>\n<h4><span style=\"color: #ff0000\">V\u00e4rna kulturarvet<\/span><\/h4>\n<p>V\u00e5ra kyrkor \u00e4r viktiga kulturarv som POSK vill arbeta f\u00f6r att v\u00e4rna. POSK vill utveckla kulturarvet och verka f\u00f6r att h\u00e5lla kyrkor \u00f6ppna med h\u00f6g tillg\u00e4nglighet. Niv\u00e5n p\u00e5 den kyrkoantikvariska ers\u00e4ttningen har inte h\u00f6jts m\u00e4rkbart sedan den inr\u00e4ttades, och Svenska kyrkans uppdrag att f\u00f6rvalta det gemensamma kulturarvet blir oh\u00e5llbart i l\u00e4ngden om inte nuvarande ers\u00e4ttning h\u00f6js avsev\u00e4rt.<\/p>\n<div class=\"page\" title=\"Page 2\">\n<h4><span style=\"color: #ff0000\">Gudstj\u00e4nst varje s\u00f6ndag<\/span><\/h4>\n<p>Som en p\u00e5minnelse att kyrkan finns till hands och v\u00e4lkomnar alla som vill komma och dela gemenskap med Kristus, vill vi fira regelbundna gudstj\u00e4nster varje s\u00f6ndag i v\u00e5ra kyrkor.<\/p>\n<h4><span style=\"color: #ff0000\">St\u00e4rk det ideella arbetet<\/span><\/h4>\n<p>POSK vill att olika former av idealitet st\u00e4rks i Svenska kyrkan. Det \u00e4r viktigt att b\u00f6negrupper, k\u00f6rer, studiegrupper och praktiskt arbete med gudstj\u00e4nst, undervisning, diakoni och mission b\u00e4rs av f\u00f6rsamlingsmedlemmar och anst\u00e4llda medarbetare tillsammans. Det \u00e4r en fr\u00e5ga om trov\u00e4rdighet att ideella medarbetare efterfr\u00e5gas, utbildas, uppmuntras och ges ansvar i f\u00f6rsamlingarna<\/p>\n<h4><span style=\"color: #ff0000\">L\u00e4rande och undervisning<\/span><\/h4>\n<p>Kyrkan beh\u00f6ver vara en v\u00e4xtplats f\u00f6r tro d\u00e4r det finns m\u00f6jlighet till undervisning genom hela livet. POSK vill d\u00e4rf\u00f6r att varje f\u00f6rsamling och pastorat ska ha en genomt\u00e4nkt plan f\u00f6r l\u00e4rande och undervisning fr\u00e5n sm\u00e5barnstiden till vuxen \u00e5lder. Det kan handla om undervisning i gudstj\u00e4nsten, genom konfirmationen, i bibelstudiegrupper, katekumenat, f\u00f6rel\u00e4sningar och s\u00f6ndagsskolor.<\/p>\n<h4><span style=\"color: #ff0000\">Kallelse och rekrytering<\/span><\/h4>\n<p>De gudstj\u00e4nstfirande gemenskaperna \u00e4r basen f\u00f6r rekrytering till tj\u00e4nst inom kyrkan. POSK menar att f\u00f6rsamlingarna beh\u00f6ver arbeta strategiskt med hur de kan vara en rekryterande milj\u00f6. Att finna de som har en kallelse att bli kyrkoarbetare \u00e4r en viktig uppgift i alla f\u00f6rsamlingar och stift. POSK vill verka f\u00f6r m\u00f6jligheten att g\u00f6ra ett trainee-\u00e5r i hela Svenska kyrkan som ett s\u00e4tt att pr\u00f6va ett kyrkligt arbete och att antalet utbildningsplatser f\u00f6r profilyrken speglar framtida behov.<\/p>\n<h4><span style=\"color: #ff0000\">Dags f\u00f6r ett nytt valsystem<\/span><\/h4>\n<p>POSK vill att Svenska kyrkan reformerar och f\u00f6renklar sin organisation och sitt valsystem. Vi vill arbeta f\u00f6r ett demokratiskt, billigare och enklare valsystem som b\u00e4ttre speglar Svenska kyrkans kyrkosyn, med direkta val till kyrkofullm\u00e4ktige och indirekta val till stift och kyrkom\u00f6tet. Kyrkans beslut b\u00f6r i h\u00f6gre grad fattas i gemenskap och enighet av ledam\u00f6ter som representerar sina respektive f\u00f6rsamlingar och stift, inte sekul\u00e4ra politiska partier.<\/p>\n<h4><span style=\"color: #ff0000\">En inkluderande kyrka<\/span><\/h4>\n<p>Oavsett vem du \u00e4r eller varifr\u00e5n du kommer, ska du veta att du ALLTID \u00e4r v\u00e4lkommen i kyrkan. Vi vill arbeta f\u00f6r m\u00e5ngfald och innanf\u00f6rskap, kyrkan ska genom praktisk handling f\u00f6reg\u00e5 med gott exempel.<\/p>\n<\/div>\n<h4><span style=\"color: #ff0000\">R\u00f6sta f\u00f6r Guds skull i kyrkovalet<\/span><\/h4>\n<p>Svenska kyrkan \u00e4r en demokratisk folkkyrka och s\u00e5 vill vi att den ska vara, d\u00e4rf\u00f6r det \u00e4r viktigt att du g\u00e5r och r\u00f6star i kyrkovalet den 21 september.<\/p>\n<p>R\u00f6star du p\u00e5 POSK \u2013 Partipolitiskt Obundna i Svenska Kyrkan, s\u00e5 bryter du partipolariseringen och r\u00f6star fram personer som \u00e4r aktivt engagerade i kyrkan och deltar regelbundet i gudstj\u00e4nstlivet.<\/p>\n","protected":false},"excerpt":{"rendered":"<p>Ladda ner v\u00e5r programfolder som PDF F\u00f6rsamlingen i centrum I f\u00f6rsamlingen blir kyrkans grunduppdrag verklighet. H\u00e4r m\u00f6ter m\u00e4nniskor sin kyrka i gl\u00e4dje och sorg, genom gudstj\u00e4nster, dop, konfirmation och begravningar. POSK vill bygga levande f\u00f6rsamlingar d\u00e4r m\u00e4nniskor v\u00e4lkomnas till delaktighet i f\u00f6rsamlingslivet och d\u00e4r beslut fattas s\u00e5 n\u00e4ra verksamheten och medlemmarna som m\u00f6jligt. V\u00e5ga vara [&hellip;]<\/p>\n","protected":false},"author":54,"featured_media":127,"parent":0,"menu_order":1,"comment_status":"closed","ping_status":"closed","template":"page-templates\/page-sidebar-left.php","meta":{"_acf_changed":false,"footnotes":""},"class_list":["post-38","page","type-page","status-publish","has-post-thumbnail","hentry"],"acf":[],"yoast_head":"<!-- This site is optimized with the Yoast SEO plugin v24.9 - https:\/\/yoast.com\/wordpress\/plugins\/seo\/ -->\n<title>V\u00e5rt program - H\u00e5bo<\/title>\n<meta name=\"robots\" content=\"index, follow, max-snippet:-1, max-image-preview:large, max-video-preview:-1\" \/>\n<link rel=\"canonical\" href=\"https:\/\/www.posk.se\/haabo\/program\/\" \/>\n<meta property=\"og:locale\" content=\"sv_SE\" \/>\n<meta property=\"og:type\" content=\"article\" \/>\n<meta property=\"og:title\" content=\"V\u00e5rt program - H\u00e5bo\" \/>\n<meta property=\"og:description\" content=\"Ladda ner v\u00e5r programfolder som PDF F\u00f6rsamlingen i centrum I f\u00f6rsamlingen blir kyrkans grunduppdrag verklighet. H\u00e4r m\u00f6ter m\u00e4nniskor sin kyrka i gl\u00e4dje och sorg, genom gudstj\u00e4nster, dop, konfirmation och begravningar. POSK vill bygga levande f\u00f6rsamlingar d\u00e4r m\u00e4nniskor v\u00e4lkomnas till delaktighet i f\u00f6rsamlingslivet och d\u00e4r beslut fattas s\u00e5 n\u00e4ra verksamheten och medlemmarna som m\u00f6jligt. V\u00e5ga vara [&hellip;]\" \/>\n<meta property=\"og:url\" content=\"https:\/\/www.posk.se\/haabo\/program\/\" \/>\n<meta property=\"og:site_name\" content=\"H\u00e5bo\" \/>\n<meta property=\"article:modified_time\" content=\"2025-09-05T09:51:45+00:00\" \/>\n<meta property=\"og:image\" content=\"https:\/\/www.posk.se\/haabo\/wp-content\/uploads\/sites\/123\/2025\/08\/fb-omslagsbild-5-1024x390.png\" \/>\n\t<meta property=\"og:image:width\" content=\"1024\" \/>\n\t<meta property=\"og:image:height\" content=\"390\" \/>\n\t<meta property=\"og:image:type\" content=\"image\/png\" \/>\n<meta name=\"twitter:card\" content=\"summary_large_image\" \/>\n<meta name=\"twitter:label1\" content=\"Ber\u00e4knad l\u00e4stid\" \/>\n\t<meta name=\"twitter:data1\" content=\"5 minuter\" \/>\n<script type=\"application\/ld+json\" class=\"yoast-schema-graph\">{\"@context\":\"https:\/\/schema.org\",\"@graph\":[{\"@type\":\"WebPage\",\"@id\":\"https:\/\/www.posk.se\/haabo\/program\/\",\"url\":\"https:\/\/www.posk.se\/haabo\/program\/\",\"name\":\"V\u00e5rt program - H\u00e5bo\",\"isPartOf\":{\"@id\":\"https:\/\/www.posk.se\/haabo\/#website\"},\"primaryImageOfPage\":{\"@id\":\"https:\/\/www.posk.se\/haabo\/program\/#primaryimage\"},\"image\":{\"@id\":\"https:\/\/www.posk.se\/haabo\/program\/#primaryimage\"},\"thumbnailUrl\":\"https:\/\/www.posk.se\/haabo\/wp-content\/uploads\/sites\/123\/2025\/08\/fb-omslagsbild-5.png\",\"datePublished\":\"2017-08-04T04:58:59+00:00\",\"dateModified\":\"2025-09-05T09:51:45+00:00\",\"breadcrumb\":{\"@id\":\"https:\/\/www.posk.se\/haabo\/program\/#breadcrumb\"},\"inLanguage\":\"sv-SE\",\"potentialAction\":[{\"@type\":\"ReadAction\",\"target\":[\"https:\/\/www.posk.se\/haabo\/program\/\"]}]},{\"@type\":\"ImageObject\",\"inLanguage\":\"sv-SE\",\"@id\":\"https:\/\/www.posk.se\/haabo\/program\/#primaryimage\",\"url\":\"https:\/\/www.posk.se\/haabo\/wp-content\/uploads\/sites\/123\/2025\/08\/fb-omslagsbild-5.png\",\"contentUrl\":\"https:\/\/www.posk.se\/haabo\/wp-content\/uploads\/sites\/123\/2025\/08\/fb-omslagsbild-5.png\",\"width\":3417,\"height\":1302},{\"@type\":\"BreadcrumbList\",\"@id\":\"https:\/\/www.posk.se\/haabo\/program\/#breadcrumb\",\"itemListElement\":[{\"@type\":\"ListItem\",\"position\":1,\"name\":\"Hem\",\"item\":\"https:\/\/www.posk.se\/haabo\/\"},{\"@type\":\"ListItem\",\"position\":2,\"name\":\"V\u00e5rt program\"}]},{\"@type\":\"WebSite\",\"@id\":\"https:\/\/www.posk.se\/haabo\/#website\",\"url\":\"https:\/\/www.posk.se\/haabo\/\",\"name\":\"H\u00e5bo\",\"description\":\"POSK-grupp i Uppsala stift\",\"potentialAction\":[{\"@type\":\"SearchAction\",\"target\":{\"@type\":\"EntryPoint\",\"urlTemplate\":\"https:\/\/www.posk.se\/haabo\/?s={search_term_string}\"},\"query-input\":{\"@type\":\"PropertyValueSpecification\",\"valueRequired\":true,\"valueName\":\"search_term_string\"}}],\"inLanguage\":\"sv-SE\"}]}<\/script>\n<!-- \/ Yoast SEO plugin. -->","yoast_head_json":{"title":"V\u00e5rt program - H\u00e5bo","robots":{"index":"index","follow":"follow","max-snippet":"max-snippet:-1","max-image-preview":"max-image-preview:large","max-video-preview":"max-video-preview:-1"},"canonical":"https:\/\/www.posk.se\/haabo\/program\/","og_locale":"sv_SE","og_type":"article","og_title":"V\u00e5rt program - H\u00e5bo","og_description":"Ladda ner v\u00e5r programfolder som PDF F\u00f6rsamlingen i centrum I f\u00f6rsamlingen blir kyrkans grunduppdrag verklighet. H\u00e4r m\u00f6ter m\u00e4nniskor sin kyrka i gl\u00e4dje och sorg, genom gudstj\u00e4nster, dop, konfirmation och begravningar. POSK vill bygga levande f\u00f6rsamlingar d\u00e4r m\u00e4nniskor v\u00e4lkomnas till delaktighet i f\u00f6rsamlingslivet och d\u00e4r beslut fattas s\u00e5 n\u00e4ra verksamheten och medlemmarna som m\u00f6jligt. V\u00e5ga vara [&hellip;]","og_url":"https:\/\/www.posk.se\/haabo\/program\/","og_site_name":"H\u00e5bo","article_modified_time":"2025-09-05T09:51:45+00:00","og_image":[{"width":1024,"height":390,"url":"https:\/\/www.posk.se\/haabo\/wp-content\/uploads\/sites\/123\/2025\/08\/fb-omslagsbild-5-1024x390.png","type":"image\/png"}],"twitter_card":"summary_large_image","twitter_misc":{"Ber\u00e4knad l\u00e4stid":"5 minuter"},"schema":{"@context":"https:\/\/schema.org","@graph":[{"@type":"WebPage","@id":"https:\/\/www.posk.se\/haabo\/program\/","url":"https:\/\/www.posk.se\/haabo\/program\/","name":"V\u00e5rt program - H\u00e5bo","isPartOf":{"@id":"https:\/\/www.posk.se\/haabo\/#website"},"primaryImageOfPage":{"@id":"https:\/\/www.posk.se\/haabo\/program\/#primaryimage"},"image":{"@id":"https:\/\/www.posk.se\/haabo\/program\/#primaryimage"},"thumbnailUrl":"https:\/\/www.posk.se\/haabo\/wp-content\/uploads\/sites\/123\/2025\/08\/fb-omslagsbild-5.png","datePublished":"2017-08-04T04:58:59+00:00","dateModified":"2025-09-05T09:51:45+00:00","breadcrumb":{"@id":"https:\/\/www.posk.se\/haabo\/program\/#breadcrumb"},"inLanguage":"sv-SE","potentialAction":[{"@type":"ReadAction","target":["https:\/\/www.posk.se\/haabo\/program\/"]}]},{"@type":"ImageObject","inLanguage":"sv-SE","@id":"https:\/\/www.posk.se\/haabo\/program\/#primaryimage","url":"https:\/\/www.posk.se\/haabo\/wp-content\/uploads\/sites\/123\/2025\/08\/fb-omslagsbild-5.png","contentUrl":"https:\/\/www.posk.se\/haabo\/wp-content\/uploads\/sites\/123\/2025\/08\/fb-omslagsbild-5.png","width":3417,"height":1302},{"@type":"BreadcrumbList","@id":"https:\/\/www.posk.se\/haabo\/program\/#breadcrumb","itemListElement":[{"@type":"ListItem","position":1,"name":"Hem","item":"https:\/\/www.posk.se\/haabo\/"},{"@type":"ListItem","position":2,"name":"V\u00e5rt program"}]},{"@type":"WebSite","@id":"https:\/\/www.posk.se\/haabo\/#website","url":"https:\/\/www.posk.se\/haabo\/","name":"H\u00e5bo","description":"POSK-grupp i Uppsala stift","potentialAction":[{"@type":"SearchAction","target":{"@type":"EntryPoint","urlTemplate":"https:\/\/www.posk.se\/haabo\/?s={search_term_string}"},"query-input":{"@type":"PropertyValueSpecification","valueRequired":true,"valueName":"search_term_string"}}],"inLanguage":"sv-SE"}]}},"_links":{"self":[{"href":"https:\/\/www.posk.se\/haabo\/wp-json\/wp\/v2\/pages\/38","targetHints":{"allow":["GET"]}}],"collection":[{"href":"https:\/\/www.posk.se\/haabo\/wp-json\/wp\/v2\/pages"}],"about":[{"href":"https:\/\/www.posk.se\/haabo\/wp-json\/wp\/v2\/types\/page"}],"author":[{"embeddable":true,"href":"https:\/\/www.posk.se\/haabo\/wp-json\/wp\/v2\/users\/54"}],"replies":[{"embeddable":true,"href":"https:\/\/www.posk.se\/haabo\/wp-json\/wp\/v2\/comments?post=38"}],"version-history":[{"count":25,"href":"https:\/\/www.posk.se\/haabo\/wp-json\/wp\/v2\/pages\/38\/revisions"}],"predecessor-version":[{"id":149,"href":"https:\/\/www.posk.se\/haabo\/wp-json\/wp\/v2\/pages\/38\/revisions\/149"}],"wp:featuredmedia":[{"embeddable":true,"href":"https:\/\/www.posk.se\/haabo\/wp-json\/wp\/v2\/media\/127"}],"wp:attachment":[{"href":"https:\/\/www.posk.se\/haabo\/wp-json\/wp\/v2\/media?parent=38"}],"curies":[{"name":"wp","href":"https:\/\/api.w.org\/{rel}","templated":true}]}}