{"id":5,"date":"2021-06-14T08:41:40","date_gmt":"2021-06-14T06:41:40","guid":{"rendered":"https:\/\/www.posk.se\/grava\/?page_id=5"},"modified":"2025-06-04T22:01:18","modified_gmt":"2025-06-04T20:01:18","slug":"startsidan","status":"publish","type":"page","link":"https:\/\/www.posk.se\/grava\/","title":{"rendered":"POSK i Grava"},"content":{"rendered":"<ul>\n<li>POSK i Grava f\u00f6rsamling ger dig en m\u00f6jlighet att r\u00f6sta p\u00e5 kandidater i kyrkovalet,<br \/>\nsom i sitt uppdrag som f\u00f6rtroendevalda enbart utg\u00e5r fr\u00e5n sitt engagemang f\u00f6r<br \/>\nkyrkan.<\/p>\n<\/li>\n<li>Under den senaste mandatperioden har POSK suttit i b\u00e5de kyrkofullm\u00e4ktige och kyrkor\u00e5d. D\u00e4r har vi bl.a. bidragit till att f\u00f6rsamlingen f\u00e5tt en ny \u00e4ndam\u00e5lsenlig ekonomibyggnad, installerat solceller samt att det administrativa arbetet har minskats till f\u00f6rm\u00e5n f\u00f6r v\u00e5r k\u00e4rnverksamhet. <\/li>\n<\/ul>\n<h6><b>Lokalt program inf\u00f6r kyrkovalet 2025<\/b><\/h6>\n<ul>\n<li><b>Vi vill<\/b> verka f\u00f6r att Grava f\u00f6rsamling forts\u00e4tter att vara ett sj\u00e4lvst\u00e4ndigt pastorat med egen kyrka och kyrkog\u00e5rd, samt ett eget f\u00f6rsamlingshem i Sk\u00e5re centrum. V\u00e5r \u00f6vertygelse \u00e4r att en lokal och n\u00e4ra f\u00f6rsamling har b\u00e4ttre f\u00f6ruts\u00e4ttningar att n\u00e5 sina medlemmar \u00e4n en stor f\u00f6rsamling.\n<p><\/li>\n<li><b>Vi vill<\/b> att f\u00f6rsamlingshemmet i Sk\u00e5re forts\u00e4tter att vara ett allaktivitetshus, som sjuder av verksamhet.\n<p><\/li>\n<li><b>Vi vill<\/b> att f\u00f6rsamlingen ska vara en aktiv och synlig akt\u00f6r i hela pastoratet, till exempel genom samverkan med skolan, kommunen, n\u00e4ringslivet och \u00f6vriga f\u00f6reningar i omr\u00e5det. Barn- och ungdomsverksamheten ska v\u00e4nda sig till alla fr\u00e5n sp\u00e4dbarns\u00e5ldern till unga vuxna.\n<p><\/li>\n<li><b>Vi vill<\/b> forts\u00e4tta att ha ett varierat gudstj\u00e4nstliv i f\u00f6rsamlingen, d\u00e4r dagens gudstj\u00e4nster<br \/>\nkompletteras med nya former av gudstj\u00e4nster.<\/p>\n<p><\/li>\n<li><b>Vi vill<\/b> forts\u00e4tta att jobba f\u00f6r att f\u00f6rsamlingens personal verkar i en bra arbetsmilj\u00f6 med tydliga uppdrag och avgr\u00e4nsningar mellan tj\u00e4nstem\u00e4n och f\u00f6rtroendevalda.\n<p><\/li>\n<li><b>Vi vill<\/b> ha en of\u00f6r\u00e4ndrat l\u00e5g kyrkoavgift och att medlemmarnas avgifter i st\u00f6rsta utstr\u00e4ckning bidrar till att uppn\u00e5 kyrkans m\u00e5l.\n<p><\/li>\n<\/ul>\n","protected":false},"excerpt":{"rendered":"<p>POSK i Grava f\u00f6rsamling ger dig en m\u00f6jlighet att r\u00f6sta p\u00e5 kandidater i kyrkovalet, som i sitt uppdrag som f\u00f6rtroendevalda enbart utg\u00e5r fr\u00e5n sitt engagemang f\u00f6r kyrkan. Under den senaste mandatperioden har POSK suttit i b\u00e5de kyrkofullm\u00e4ktige och kyrkor\u00e5d. D\u00e4r har vi bl.a. bidragit till att f\u00f6rsamlingen f\u00e5tt en ny \u00e4ndam\u00e5lsenlig ekonomibyggnad, installerat solceller samt [&hellip;]<\/p>\n","protected":false},"author":91,"featured_media":91,"parent":0,"menu_order":0,"comment_status":"closed","ping_status":"closed","template":"page-templates\/page-sidebar-left.php","meta":{"_acf_changed":false,"footnotes":""},"class_list":["post-5","page","type-page","status-publish","has-post-thumbnail","hentry"],"acf":[],"yoast_head":"<!-- This site is optimized with the Yoast SEO plugin v24.9 - https:\/\/yoast.com\/wordpress\/plugins\/seo\/ -->\n<title>POSK i Grava - Grava<\/title>\n<meta name=\"robots\" content=\"index, follow, max-snippet:-1, max-image-preview:large, max-video-preview:-1\" \/>\n<link rel=\"canonical\" href=\"https:\/\/www.posk.se\/grava\/\" \/>\n<meta property=\"og:locale\" content=\"sv_SE\" \/>\n<meta property=\"og:type\" content=\"article\" \/>\n<meta property=\"og:title\" content=\"POSK i Grava - Grava\" \/>\n<meta property=\"og:description\" content=\"POSK i Grava f\u00f6rsamling ger dig en m\u00f6jlighet att r\u00f6sta p\u00e5 kandidater i kyrkovalet, som i sitt uppdrag som f\u00f6rtroendevalda enbart utg\u00e5r fr\u00e5n sitt engagemang f\u00f6r kyrkan. Under den senaste mandatperioden har POSK suttit i b\u00e5de kyrkofullm\u00e4ktige och kyrkor\u00e5d. D\u00e4r har vi bl.a. bidragit till att f\u00f6rsamlingen f\u00e5tt en ny \u00e4ndam\u00e5lsenlig ekonomibyggnad, installerat solceller samt [&hellip;]\" \/>\n<meta property=\"og:url\" content=\"https:\/\/www.posk.se\/grava\/\" \/>\n<meta property=\"og:site_name\" content=\"Grava\" \/>\n<meta property=\"article:modified_time\" content=\"2025-06-04T20:01:18+00:00\" \/>\n<meta property=\"og:image\" content=\"https:\/\/www.posk.se\/grava\/wp-content\/uploads\/sites\/285\/2021\/08\/grava-kyrka-1-scaled-e1629060953375.jpg\" \/>\n\t<meta property=\"og:image:width\" content=\"2560\" \/>\n\t<meta property=\"og:image:height\" content=\"608\" \/>\n\t<meta property=\"og:image:type\" content=\"image\/jpeg\" \/>\n<meta name=\"twitter:card\" content=\"summary_large_image\" \/>\n<meta name=\"twitter:label1\" content=\"Ber\u00e4knad l\u00e4stid\" \/>\n\t<meta name=\"twitter:data1\" content=\"2 minuter\" \/>\n<script type=\"application\/ld+json\" class=\"yoast-schema-graph\">{\"@context\":\"https:\/\/schema.org\",\"@graph\":[{\"@type\":\"WebPage\",\"@id\":\"https:\/\/www.posk.se\/grava\/\",\"url\":\"https:\/\/www.posk.se\/grava\/\",\"name\":\"POSK i Grava - Grava\",\"isPartOf\":{\"@id\":\"https:\/\/www.posk.se\/grava\/#website\"},\"primaryImageOfPage\":{\"@id\":\"https:\/\/www.posk.se\/grava\/#primaryimage\"},\"image\":{\"@id\":\"https:\/\/www.posk.se\/grava\/#primaryimage\"},\"thumbnailUrl\":\"https:\/\/www.posk.se\/grava\/wp-content\/uploads\/sites\/285\/2021\/08\/grava-kyrka-1-scaled-e1629060953375.jpg\",\"datePublished\":\"2021-06-14T06:41:40+00:00\",\"dateModified\":\"2025-06-04T20:01:18+00:00\",\"breadcrumb\":{\"@id\":\"https:\/\/www.posk.se\/grava\/#breadcrumb\"},\"inLanguage\":\"sv-SE\",\"potentialAction\":[{\"@type\":\"ReadAction\",\"target\":[\"https:\/\/www.posk.se\/grava\/\"]}]},{\"@type\":\"ImageObject\",\"inLanguage\":\"sv-SE\",\"@id\":\"https:\/\/www.posk.se\/grava\/#primaryimage\",\"url\":\"https:\/\/www.posk.se\/grava\/wp-content\/uploads\/sites\/285\/2021\/08\/grava-kyrka-1-scaled-e1629060953375.jpg\",\"contentUrl\":\"https:\/\/www.posk.se\/grava\/wp-content\/uploads\/sites\/285\/2021\/08\/grava-kyrka-1-scaled-e1629060953375.jpg\",\"width\":2560,\"height\":608},{\"@type\":\"BreadcrumbList\",\"@id\":\"https:\/\/www.posk.se\/grava\/#breadcrumb\",\"itemListElement\":[{\"@type\":\"ListItem\",\"position\":1,\"name\":\"Hem\",\"item\":\"https:\/\/www.posk.se\/grava\/\"},{\"@type\":\"ListItem\",\"position\":2,\"name\":\"POSK i Grava\"}]},{\"@type\":\"WebSite\",\"@id\":\"https:\/\/www.posk.se\/grava\/#website\",\"url\":\"https:\/\/www.posk.se\/grava\/\",\"name\":\"Grava\",\"description\":\"POSK-grupp i Karlstads stift\",\"potentialAction\":[{\"@type\":\"SearchAction\",\"target\":{\"@type\":\"EntryPoint\",\"urlTemplate\":\"https:\/\/www.posk.se\/grava\/?s={search_term_string}\"},\"query-input\":{\"@type\":\"PropertyValueSpecification\",\"valueRequired\":true,\"valueName\":\"search_term_string\"}}],\"inLanguage\":\"sv-SE\"}]}<\/script>\n<!-- \/ Yoast SEO plugin. -->","yoast_head_json":{"title":"POSK i Grava - Grava","robots":{"index":"index","follow":"follow","max-snippet":"max-snippet:-1","max-image-preview":"max-image-preview:large","max-video-preview":"max-video-preview:-1"},"canonical":"https:\/\/www.posk.se\/grava\/","og_locale":"sv_SE","og_type":"article","og_title":"POSK i Grava - Grava","og_description":"POSK i Grava f\u00f6rsamling ger dig en m\u00f6jlighet att r\u00f6sta p\u00e5 kandidater i kyrkovalet, som i sitt uppdrag som f\u00f6rtroendevalda enbart utg\u00e5r fr\u00e5n sitt engagemang f\u00f6r kyrkan. Under den senaste mandatperioden har POSK suttit i b\u00e5de kyrkofullm\u00e4ktige och kyrkor\u00e5d. D\u00e4r har vi bl.a. bidragit till att f\u00f6rsamlingen f\u00e5tt en ny \u00e4ndam\u00e5lsenlig ekonomibyggnad, installerat solceller samt [&hellip;]","og_url":"https:\/\/www.posk.se\/grava\/","og_site_name":"Grava","article_modified_time":"2025-06-04T20:01:18+00:00","og_image":[{"width":2560,"height":608,"url":"https:\/\/www.posk.se\/grava\/wp-content\/uploads\/sites\/285\/2021\/08\/grava-kyrka-1-scaled-e1629060953375.jpg","type":"image\/jpeg"}],"twitter_card":"summary_large_image","twitter_misc":{"Ber\u00e4knad l\u00e4stid":"2 minuter"},"schema":{"@context":"https:\/\/schema.org","@graph":[{"@type":"WebPage","@id":"https:\/\/www.posk.se\/grava\/","url":"https:\/\/www.posk.se\/grava\/","name":"POSK i Grava - Grava","isPartOf":{"@id":"https:\/\/www.posk.se\/grava\/#website"},"primaryImageOfPage":{"@id":"https:\/\/www.posk.se\/grava\/#primaryimage"},"image":{"@id":"https:\/\/www.posk.se\/grava\/#primaryimage"},"thumbnailUrl":"https:\/\/www.posk.se\/grava\/wp-content\/uploads\/sites\/285\/2021\/08\/grava-kyrka-1-scaled-e1629060953375.jpg","datePublished":"2021-06-14T06:41:40+00:00","dateModified":"2025-06-04T20:01:18+00:00","breadcrumb":{"@id":"https:\/\/www.posk.se\/grava\/#breadcrumb"},"inLanguage":"sv-SE","potentialAction":[{"@type":"ReadAction","target":["https:\/\/www.posk.se\/grava\/"]}]},{"@type":"ImageObject","inLanguage":"sv-SE","@id":"https:\/\/www.posk.se\/grava\/#primaryimage","url":"https:\/\/www.posk.se\/grava\/wp-content\/uploads\/sites\/285\/2021\/08\/grava-kyrka-1-scaled-e1629060953375.jpg","contentUrl":"https:\/\/www.posk.se\/grava\/wp-content\/uploads\/sites\/285\/2021\/08\/grava-kyrka-1-scaled-e1629060953375.jpg","width":2560,"height":608},{"@type":"BreadcrumbList","@id":"https:\/\/www.posk.se\/grava\/#breadcrumb","itemListElement":[{"@type":"ListItem","position":1,"name":"Hem","item":"https:\/\/www.posk.se\/grava\/"},{"@type":"ListItem","position":2,"name":"POSK i Grava"}]},{"@type":"WebSite","@id":"https:\/\/www.posk.se\/grava\/#website","url":"https:\/\/www.posk.se\/grava\/","name":"Grava","description":"POSK-grupp i Karlstads stift","potentialAction":[{"@type":"SearchAction","target":{"@type":"EntryPoint","urlTemplate":"https:\/\/www.posk.se\/grava\/?s={search_term_string}"},"query-input":{"@type":"PropertyValueSpecification","valueRequired":true,"valueName":"search_term_string"}}],"inLanguage":"sv-SE"}]}},"_links":{"self":[{"href":"https:\/\/www.posk.se\/grava\/wp-json\/wp\/v2\/pages\/5","targetHints":{"allow":["GET"]}}],"collection":[{"href":"https:\/\/www.posk.se\/grava\/wp-json\/wp\/v2\/pages"}],"about":[{"href":"https:\/\/www.posk.se\/grava\/wp-json\/wp\/v2\/types\/page"}],"author":[{"embeddable":true,"href":"https:\/\/www.posk.se\/grava\/wp-json\/wp\/v2\/users\/91"}],"replies":[{"embeddable":true,"href":"https:\/\/www.posk.se\/grava\/wp-json\/wp\/v2\/comments?post=5"}],"version-history":[{"count":22,"href":"https:\/\/www.posk.se\/grava\/wp-json\/wp\/v2\/pages\/5\/revisions"}],"predecessor-version":[{"id":104,"href":"https:\/\/www.posk.se\/grava\/wp-json\/wp\/v2\/pages\/5\/revisions\/104"}],"wp:featuredmedia":[{"embeddable":true,"href":"https:\/\/www.posk.se\/grava\/wp-json\/wp\/v2\/media\/91"}],"wp:attachment":[{"href":"https:\/\/www.posk.se\/grava\/wp-json\/wp\/v2\/media?parent=5"}],"curies":[{"name":"wp","href":"https:\/\/api.w.org\/{rel}","templated":true}]}}