{"id":802,"date":"2021-03-27T20:09:11","date_gmt":"2021-03-27T19:09:11","guid":{"rendered":"https:\/\/www.posk.se\/goteborgsstift\/?page_id=802"},"modified":"2021-06-16T10:30:38","modified_gmt":"2021-06-16T08:30:38","slug":"kyrkoval-2021","status":"publish","type":"page","link":"https:\/\/www.posk.se\/goteborgsstift\/kyrkoval-2021\/","title":{"rendered":"Kyrkoval 2021"},"content":{"rendered":"<p><strong>L\u00e4s v\u00e5rt valprogram f\u00f6r mandatperioden 2021 &#8211; 2024 h\u00e4r:<br \/>\n<\/strong><a href=\"https:\/\/www.posk.se\/goteborgsstift\/wp-content\/uploads\/sites\/5\/2021\/03\/kortprogram-2021-gbgs-stift.pdf\">Kortprogram 2021 Gbgs stift<\/a>. Vik i mitten p\u00e5 l\u00e4ngden.<\/p>\n<p><strong>L\u00e4s om v\u00e5ra f\u00f6rtroendevalda i Kyrkom\u00f6tet och G\u00f6teborgs stifts stiftsfullm\u00e4ktige h\u00e4r efter kyrkovalet den 19 september 2021.<a href=\"https:\/\/www.posk.se\/goteborgsstift\/wp-content\/uploads\/sites\/5\/2018\/01\/gbg-kyrkomotet-och-sfm-ledamoter-2018-2021.pdf\"><br \/>\n<\/a><\/strong><\/p>\n<p><strong>L\u00e4s valsedlarna f\u00f6r G\u00f6teborgs stifts valkretsar h\u00e4r:<br \/>\n<\/strong><strong>Kyrkom\u00f6teslista<br \/>\n<a href=\"https:\/\/www.posk.se\/goteborgsstift\/wp-content\/uploads\/sites\/5\/2021\/05\/valsedel-trossamfundet-svenska-kyrkan-goteborgs-stifts-valkrets.pdf\">Valsedel_Trossamfundet_Svenska_kyrkan_G\u00f6teborgs_stifts_valkrets<\/a><\/strong><\/p>\n<p><strong>Stiftsfullm\u00e4ktigelistor<br \/>\n<a href=\"https:\/\/www.posk.se\/goteborgsstift\/wp-content\/uploads\/sites\/5\/2021\/04\/valsedel-goteborgs-stift-varbergs-falkenbergs-halmstads-och-laholms-valkrets.pdf\">Valsedel_G\u00f6teborgs_stift_Varbergs,_Falkenbergs,_Halmstads_och_Laholms_valkrets<\/a><br \/>\n<\/strong><strong><a href=\"https:\/\/www.posk.se\/goteborgsstift\/wp-content\/uploads\/sites\/5\/2021\/04\/valsedel-goteborgs-stift-gota-alvdalens-molndals-och-partille-valkrets.pdf\">Valsedel_G\u00f6teborgs_stift_G\u00f6ta_\u00c4lvdalens,_M\u00f6lndals_och_Partille_valkrets<\/a> <a href=\"https:\/\/www.posk.se\/goteborgsstift\/wp-content\/uploads\/sites\/5\/2021\/04\/valsedel-goteborgs-stift-norra-bohuslan-uddevalla-och-stenungsunds-valkrets.pdf\">Valsedel_G\u00f6teborgs_stift_Norra_Bohusl\u00e4n,_Uddevalla_och_Stenungsunds_valkrets<\/a> <a href=\"https:\/\/www.posk.se\/goteborgsstift\/wp-content\/uploads\/sites\/5\/2021\/06\/valsedel-goteborgs-stift-goteborgs-sodra-valkrets.pdf\">Valsedel_G\u00f6teborgs_stift_G\u00f6teborgs_s\u00f6dra_valkrets<\/a><br \/>\n<a href=\"https:\/\/www.posk.se\/goteborgsstift\/wp-content\/uploads\/sites\/5\/2021\/04\/valsedel-goteborgs-stift-goteborgs-norra-valkrets.pdf\">Valsedel_G\u00f6teborgs_stift_G\u00f6teborgs_norra_valkrets<\/a><br \/>\n<\/strong><\/p>\n<p>&nbsp;<\/p>\n<p>&nbsp;<\/p>\n<p>Bilden visar valsedlar fr\u00e5n kyrkovalet 2017<\/p>\n","protected":false},"excerpt":{"rendered":"<p>L\u00e4s v\u00e5rt valprogram f\u00f6r mandatperioden 2021 &#8211; 2024 h\u00e4r: Kortprogram 2021 Gbgs stift. Vik i mitten p\u00e5 l\u00e4ngden. L\u00e4s om v\u00e5ra f\u00f6rtroendevalda i Kyrkom\u00f6tet och G\u00f6teborgs stifts stiftsfullm\u00e4ktige h\u00e4r efter kyrkovalet den 19 september 2021. L\u00e4s valsedlarna f\u00f6r G\u00f6teborgs stifts valkretsar h\u00e4r: Kyrkom\u00f6teslista Valsedel_Trossamfundet_Svenska_kyrkan_G\u00f6teborgs_stifts_valkrets Stiftsfullm\u00e4ktigelistor Valsedel_G\u00f6teborgs_stift_Varbergs,_Falkenbergs,_Halmstads_och_Laholms_valkrets Valsedel_G\u00f6teborgs_stift_G\u00f6ta_\u00c4lvdalens,_M\u00f6lndals_och_Partille_valkrets Valsedel_G\u00f6teborgs_stift_Norra_Bohusl\u00e4n,_Uddevalla_och_Stenungsunds_valkrets Valsedel_G\u00f6teborgs_stift_G\u00f6teborgs_s\u00f6dra_valkrets Valsedel_G\u00f6teborgs_stift_G\u00f6teborgs_norra_valkrets &nbsp; &nbsp; Bilden visar valsedlar [&hellip;]<\/p>\n","protected":false},"author":97,"featured_media":804,"parent":0,"menu_order":2,"comment_status":"closed","ping_status":"closed","template":"page-templates\/page-sidebar-left.php","meta":{"_acf_changed":false,"footnotes":""},"class_list":["post-802","page","type-page","status-publish","has-post-thumbnail","hentry"],"acf":[],"yoast_head":"<!-- This site is optimized with the Yoast SEO plugin v24.9 - https:\/\/yoast.com\/wordpress\/plugins\/seo\/ -->\n<title>Kyrkoval 2021 - STIFTSF\u00d6RENING G\u00f6teborg<\/title>\n<meta name=\"robots\" content=\"index, follow, max-snippet:-1, max-image-preview:large, max-video-preview:-1\" \/>\n<link rel=\"canonical\" href=\"https:\/\/www.posk.se\/goteborgsstift\/kyrkoval-2021\/\" \/>\n<meta property=\"og:locale\" content=\"sv_SE\" \/>\n<meta property=\"og:type\" content=\"article\" \/>\n<meta property=\"og:title\" content=\"Kyrkoval 2021 - STIFTSF\u00d6RENING G\u00f6teborg\" \/>\n<meta property=\"og:description\" content=\"L\u00e4s v\u00e5rt valprogram f\u00f6r mandatperioden 2021 &#8211; 2024 h\u00e4r: Kortprogram 2021 Gbgs stift. Vik i mitten p\u00e5 l\u00e4ngden. L\u00e4s om v\u00e5ra f\u00f6rtroendevalda i Kyrkom\u00f6tet och G\u00f6teborgs stifts stiftsfullm\u00e4ktige h\u00e4r efter kyrkovalet den 19 september 2021. L\u00e4s valsedlarna f\u00f6r G\u00f6teborgs stifts valkretsar h\u00e4r: Kyrkom\u00f6teslista Valsedel_Trossamfundet_Svenska_kyrkan_G\u00f6teborgs_stifts_valkrets Stiftsfullm\u00e4ktigelistor Valsedel_G\u00f6teborgs_stift_Varbergs,_Falkenbergs,_Halmstads_och_Laholms_valkrets Valsedel_G\u00f6teborgs_stift_G\u00f6ta_\u00c4lvdalens,_M\u00f6lndals_och_Partille_valkrets Valsedel_G\u00f6teborgs_stift_Norra_Bohusl\u00e4n,_Uddevalla_och_Stenungsunds_valkrets Valsedel_G\u00f6teborgs_stift_G\u00f6teborgs_s\u00f6dra_valkrets Valsedel_G\u00f6teborgs_stift_G\u00f6teborgs_norra_valkrets &nbsp; &nbsp; Bilden visar valsedlar [&hellip;]\" \/>\n<meta property=\"og:url\" content=\"https:\/\/www.posk.se\/goteborgsstift\/kyrkoval-2021\/\" \/>\n<meta property=\"og:site_name\" content=\"STIFTSF\u00d6RENING G\u00f6teborg\" \/>\n<meta property=\"article:modified_time\" content=\"2021-06-16T08:30:38+00:00\" \/>\n<meta property=\"og:image\" content=\"https:\/\/www.posk.se\/goteborgsstift\/wp-content\/uploads\/sites\/5\/2021\/03\/20170815-valsedlarwebb.gif\" \/>\n\t<meta property=\"og:image:width\" content=\"600\" \/>\n\t<meta property=\"og:image:height\" content=\"337\" \/>\n\t<meta property=\"og:image:type\" content=\"image\/gif\" \/>\n<meta name=\"twitter:card\" content=\"summary_large_image\" \/>\n<meta name=\"twitter:label1\" content=\"Ber\u00e4knad l\u00e4stid\" \/>\n\t<meta name=\"twitter:data1\" content=\"1 minut\" \/>\n<script type=\"application\/ld+json\" class=\"yoast-schema-graph\">{\"@context\":\"https:\/\/schema.org\",\"@graph\":[{\"@type\":\"WebPage\",\"@id\":\"https:\/\/www.posk.se\/goteborgsstift\/kyrkoval-2021\/\",\"url\":\"https:\/\/www.posk.se\/goteborgsstift\/kyrkoval-2021\/\",\"name\":\"Kyrkoval 2021 - STIFTSF\u00d6RENING G\u00f6teborg\",\"isPartOf\":{\"@id\":\"https:\/\/www.posk.se\/goteborgsstift\/#website\"},\"primaryImageOfPage\":{\"@id\":\"https:\/\/www.posk.se\/goteborgsstift\/kyrkoval-2021\/#primaryimage\"},\"image\":{\"@id\":\"https:\/\/www.posk.se\/goteborgsstift\/kyrkoval-2021\/#primaryimage\"},\"thumbnailUrl\":\"https:\/\/www.posk.se\/goteborgsstift\/wp-content\/uploads\/sites\/5\/2021\/03\/20170815-valsedlarwebb.gif\",\"datePublished\":\"2021-03-27T19:09:11+00:00\",\"dateModified\":\"2021-06-16T08:30:38+00:00\",\"breadcrumb\":{\"@id\":\"https:\/\/www.posk.se\/goteborgsstift\/kyrkoval-2021\/#breadcrumb\"},\"inLanguage\":\"sv-SE\",\"potentialAction\":[{\"@type\":\"ReadAction\",\"target\":[\"https:\/\/www.posk.se\/goteborgsstift\/kyrkoval-2021\/\"]}]},{\"@type\":\"ImageObject\",\"inLanguage\":\"sv-SE\",\"@id\":\"https:\/\/www.posk.se\/goteborgsstift\/kyrkoval-2021\/#primaryimage\",\"url\":\"https:\/\/www.posk.se\/goteborgsstift\/wp-content\/uploads\/sites\/5\/2021\/03\/20170815-valsedlarwebb.gif\",\"contentUrl\":\"https:\/\/www.posk.se\/goteborgsstift\/wp-content\/uploads\/sites\/5\/2021\/03\/20170815-valsedlarwebb.gif\",\"width\":600,\"height\":337},{\"@type\":\"BreadcrumbList\",\"@id\":\"https:\/\/www.posk.se\/goteborgsstift\/kyrkoval-2021\/#breadcrumb\",\"itemListElement\":[{\"@type\":\"ListItem\",\"position\":1,\"name\":\"Hem\",\"item\":\"https:\/\/www.posk.se\/goteborgsstift\/\"},{\"@type\":\"ListItem\",\"position\":2,\"name\":\"Kyrkoval 2021\"}]},{\"@type\":\"WebSite\",\"@id\":\"https:\/\/www.posk.se\/goteborgsstift\/#website\",\"url\":\"https:\/\/www.posk.se\/goteborgsstift\/\",\"name\":\"STIFTSF\u00d6RENING G\u00f6teborg\",\"description\":\"Stiftsf\u00f6reningen f\u00f6r POSK i G\u00f6teborgs stift\",\"potentialAction\":[{\"@type\":\"SearchAction\",\"target\":{\"@type\":\"EntryPoint\",\"urlTemplate\":\"https:\/\/www.posk.se\/goteborgsstift\/?s={search_term_string}\"},\"query-input\":{\"@type\":\"PropertyValueSpecification\",\"valueRequired\":true,\"valueName\":\"search_term_string\"}}],\"inLanguage\":\"sv-SE\"}]}<\/script>\n<!-- \/ Yoast SEO plugin. -->","yoast_head_json":{"title":"Kyrkoval 2021 - STIFTSF\u00d6RENING G\u00f6teborg","robots":{"index":"index","follow":"follow","max-snippet":"max-snippet:-1","max-image-preview":"max-image-preview:large","max-video-preview":"max-video-preview:-1"},"canonical":"https:\/\/www.posk.se\/goteborgsstift\/kyrkoval-2021\/","og_locale":"sv_SE","og_type":"article","og_title":"Kyrkoval 2021 - STIFTSF\u00d6RENING G\u00f6teborg","og_description":"L\u00e4s v\u00e5rt valprogram f\u00f6r mandatperioden 2021 &#8211; 2024 h\u00e4r: Kortprogram 2021 Gbgs stift. Vik i mitten p\u00e5 l\u00e4ngden. L\u00e4s om v\u00e5ra f\u00f6rtroendevalda i Kyrkom\u00f6tet och G\u00f6teborgs stifts stiftsfullm\u00e4ktige h\u00e4r efter kyrkovalet den 19 september 2021. L\u00e4s valsedlarna f\u00f6r G\u00f6teborgs stifts valkretsar h\u00e4r: Kyrkom\u00f6teslista Valsedel_Trossamfundet_Svenska_kyrkan_G\u00f6teborgs_stifts_valkrets Stiftsfullm\u00e4ktigelistor Valsedel_G\u00f6teborgs_stift_Varbergs,_Falkenbergs,_Halmstads_och_Laholms_valkrets Valsedel_G\u00f6teborgs_stift_G\u00f6ta_\u00c4lvdalens,_M\u00f6lndals_och_Partille_valkrets Valsedel_G\u00f6teborgs_stift_Norra_Bohusl\u00e4n,_Uddevalla_och_Stenungsunds_valkrets Valsedel_G\u00f6teborgs_stift_G\u00f6teborgs_s\u00f6dra_valkrets Valsedel_G\u00f6teborgs_stift_G\u00f6teborgs_norra_valkrets &nbsp; &nbsp; Bilden visar valsedlar [&hellip;]","og_url":"https:\/\/www.posk.se\/goteborgsstift\/kyrkoval-2021\/","og_site_name":"STIFTSF\u00d6RENING G\u00f6teborg","article_modified_time":"2021-06-16T08:30:38+00:00","og_image":[{"width":600,"height":337,"url":"https:\/\/www.posk.se\/goteborgsstift\/wp-content\/uploads\/sites\/5\/2021\/03\/20170815-valsedlarwebb.gif","type":"image\/gif"}],"twitter_card":"summary_large_image","twitter_misc":{"Ber\u00e4knad l\u00e4stid":"1 minut"},"schema":{"@context":"https:\/\/schema.org","@graph":[{"@type":"WebPage","@id":"https:\/\/www.posk.se\/goteborgsstift\/kyrkoval-2021\/","url":"https:\/\/www.posk.se\/goteborgsstift\/kyrkoval-2021\/","name":"Kyrkoval 2021 - STIFTSF\u00d6RENING G\u00f6teborg","isPartOf":{"@id":"https:\/\/www.posk.se\/goteborgsstift\/#website"},"primaryImageOfPage":{"@id":"https:\/\/www.posk.se\/goteborgsstift\/kyrkoval-2021\/#primaryimage"},"image":{"@id":"https:\/\/www.posk.se\/goteborgsstift\/kyrkoval-2021\/#primaryimage"},"thumbnailUrl":"https:\/\/www.posk.se\/goteborgsstift\/wp-content\/uploads\/sites\/5\/2021\/03\/20170815-valsedlarwebb.gif","datePublished":"2021-03-27T19:09:11+00:00","dateModified":"2021-06-16T08:30:38+00:00","breadcrumb":{"@id":"https:\/\/www.posk.se\/goteborgsstift\/kyrkoval-2021\/#breadcrumb"},"inLanguage":"sv-SE","potentialAction":[{"@type":"ReadAction","target":["https:\/\/www.posk.se\/goteborgsstift\/kyrkoval-2021\/"]}]},{"@type":"ImageObject","inLanguage":"sv-SE","@id":"https:\/\/www.posk.se\/goteborgsstift\/kyrkoval-2021\/#primaryimage","url":"https:\/\/www.posk.se\/goteborgsstift\/wp-content\/uploads\/sites\/5\/2021\/03\/20170815-valsedlarwebb.gif","contentUrl":"https:\/\/www.posk.se\/goteborgsstift\/wp-content\/uploads\/sites\/5\/2021\/03\/20170815-valsedlarwebb.gif","width":600,"height":337},{"@type":"BreadcrumbList","@id":"https:\/\/www.posk.se\/goteborgsstift\/kyrkoval-2021\/#breadcrumb","itemListElement":[{"@type":"ListItem","position":1,"name":"Hem","item":"https:\/\/www.posk.se\/goteborgsstift\/"},{"@type":"ListItem","position":2,"name":"Kyrkoval 2021"}]},{"@type":"WebSite","@id":"https:\/\/www.posk.se\/goteborgsstift\/#website","url":"https:\/\/www.posk.se\/goteborgsstift\/","name":"STIFTSF\u00d6RENING G\u00f6teborg","description":"Stiftsf\u00f6reningen f\u00f6r POSK i G\u00f6teborgs stift","potentialAction":[{"@type":"SearchAction","target":{"@type":"EntryPoint","urlTemplate":"https:\/\/www.posk.se\/goteborgsstift\/?s={search_term_string}"},"query-input":{"@type":"PropertyValueSpecification","valueRequired":true,"valueName":"search_term_string"}}],"inLanguage":"sv-SE"}]}},"_links":{"self":[{"href":"https:\/\/www.posk.se\/goteborgsstift\/wp-json\/wp\/v2\/pages\/802","targetHints":{"allow":["GET"]}}],"collection":[{"href":"https:\/\/www.posk.se\/goteborgsstift\/wp-json\/wp\/v2\/pages"}],"about":[{"href":"https:\/\/www.posk.se\/goteborgsstift\/wp-json\/wp\/v2\/types\/page"}],"author":[{"embeddable":true,"href":"https:\/\/www.posk.se\/goteborgsstift\/wp-json\/wp\/v2\/users\/97"}],"replies":[{"embeddable":true,"href":"https:\/\/www.posk.se\/goteborgsstift\/wp-json\/wp\/v2\/comments?post=802"}],"version-history":[{"count":9,"href":"https:\/\/www.posk.se\/goteborgsstift\/wp-json\/wp\/v2\/pages\/802\/revisions"}],"predecessor-version":[{"id":1020,"href":"https:\/\/www.posk.se\/goteborgsstift\/wp-json\/wp\/v2\/pages\/802\/revisions\/1020"}],"wp:featuredmedia":[{"embeddable":true,"href":"https:\/\/www.posk.se\/goteborgsstift\/wp-json\/wp\/v2\/media\/804"}],"wp:attachment":[{"href":"https:\/\/www.posk.se\/goteborgsstift\/wp-json\/wp\/v2\/media?parent=802"}],"curies":[{"name":"wp","href":"https:\/\/api.w.org\/{rel}","templated":true}]}}