{"id":59,"date":"2016-09-29T18:11:46","date_gmt":"2016-09-29T16:11:46","guid":{"rendered":"https:\/\/www.posk.se\/goteborgsstift\/?page_id=59"},"modified":"2026-03-21T10:24:12","modified_gmt":"2026-03-21T09:24:12","slug":"tillbakablick","status":"publish","type":"page","link":"https:\/\/www.posk.se\/goteborgsstift\/tillbakablick\/","title":{"rendered":"Tillbakablick"},"content":{"rendered":"<p>Protokoll fr\u00e5n \u00e5rsm\u00f6ten. Fr\u00e5n \u00e5r 2021 finns \u00e4ven kallelse till \u00e5rsm\u00f6tet med verksamhetsber\u00e4ttelse och r\u00e4kenskaper.<\/p>\n<p>2026 &#8211;\u00a0 \u00a0 \u00a0 \u00a0 \u00a0 \u00a0 \u00a0 \u00a0 \u00a0 \u00a0 \u00a0 \u00a0 \u00a0 \u00a0 \u00a0 \u00a0 \u00a0 \u00a0<a href=\"https:\/\/www.posk.se\/goteborgsstift\/wp-content\/uploads\/sites\/5\/2026\/03\/gbg-arsomoteskallelse-2026-04-19.pdf\">gbg_kallelse till_arsmote_20260419<\/a><br \/>\n2025 &#8211; <a href=\"https:\/\/www.posk.se\/goteborgsstift\/wp-content\/uploads\/sites\/5\/2025\/07\/gbg-protokoll-arsmote-25-03-23.pdf\">gbg-protokoll-arsmote 20250323,<\/a>\u00a0 \u00a0 <a href=\"https:\/\/www.posk.se\/goteborgsstift\/wp-content\/uploads\/sites\/5\/2025\/07\/gbg-kallelse-2025-03-23.pdf\">gbg_kallelse till_arsmote_2025<\/a><br \/>\n2024 &#8211; <a href=\"https:\/\/www.posk.se\/goteborgsstift\/wp-content\/uploads\/sites\/5\/2025\/03\/gbg-protokoll-arsmote-240421.pdf\">gbg-protokoll-arsmote 20240421<\/a>, \u00a0 <a href=\"https:\/\/www.posk.se\/goteborgsstift\/wp-content\/uploads\/sites\/5\/2024\/03\/gbg-kallelse-2024-04-21.pdf\">gbg-kallelse till \u00e5rsm\u00f6te\u00a0 mm. <\/a><a href=\"https:\/\/www.posk.se\/goteborgsstift\/wp-content\/uploads\/sites\/5\/2024\/03\/gbg-kallelse-2024-04-21.pdf\">2024<\/a><br \/>\n2023 &#8211; <a href=\"https:\/\/www.posk.se\/goteborgsstift\/wp-content\/uploads\/sites\/5\/2023\/06\/gbg-protokoll-arsmote-20230429.pdf\">gbg-protokoll-arsmote-20230429<\/a>, \u00a0<a href=\"https:\/\/www.posk.se\/goteborgsstift\/wp-content\/uploads\/sites\/5\/2023\/06\/gbg-kallelse-till-arsmote-mm-230429.pdf\">gbg-kallelse-till-a\u030arsmo\u0308te-mm 2023<\/a><br \/>\n2022 &#8211; <a href=\"https:\/\/www.posk.se\/goteborgsstift\/wp-content\/uploads\/sites\/5\/2022\/06\/gbg-protokoll-arsmote-20220402.pdf\">gbg-protokoll-arsmote-20220402<\/a>, \u00a0<a href=\"https:\/\/www.posk.se\/goteborgsstift\/wp-content\/uploads\/sites\/5\/2022\/06\/gbg-kallelse-till-arsmote-2022-04-02.pdf\">gbg-kallelse-till-arsmote-mm.<\/a><a href=\"https:\/\/www.posk.se\/goteborgsstift\/wp-content\/uploads\/sites\/5\/2022\/06\/gbg-kallelse-till-arsmote-2022-04-02.pdf\">2022<\/a><br \/>\n2021 &#8211; <a href=\"https:\/\/www.posk.se\/goteborgsstift\/wp-content\/uploads\/sites\/5\/2021\/04\/gbg-protokoll-arsmote-20310327.pdf\">gbg-protokoll-arsmote-20210327<\/a>,\u00a0 \u00a0<a href=\"https:\/\/www.posk.se\/goteborgsstift\/wp-content\/uploads\/sites\/5\/2021\/04\/gbg-kallelse-till-arsmote-mm-2021.pdf\">gbg-kallelse till arsmote mm. 2021<\/a><br \/>\n2020 &#8211; <a href=\"https:\/\/www.posk.se\/goteborgsstift\/wp-content\/uploads\/sites\/5\/2020\/11\/protokoll-arsmote-201107.pdf\">gbg-protokoll arsmote 20201107<\/a><br \/>\n2019 &#8211;<a href=\"https:\/\/www.posk.se\/goteborgsstift\/wp-content\/uploads\/sites\/5\/2019\/06\/gbg-protokoll-arsmote-20190407.pdf\"> gbg-protokoll-arsmote-20190407<\/a><br \/>\n2018 &#8211; <a href=\"https:\/\/www.posk.se\/goteborgsstift\/wp-content\/uploads\/sites\/5\/2018\/05\/gbg-protokoll-arsmote-20180421.pdf\">gbg-protokoll-arsm\u00f6te-20180421<\/a><br \/>\n2017 &#8211; <a href=\"https:\/\/www.posk.se\/goteborgsstift\/wp-content\/uploads\/sites\/5\/2016\/09\/gbg-protokoll-arsmote-20170318.pdf\">gbg-protokoll-arsmote-20170318<\/a><br \/>\n2016 &#8211; <a href=\"https:\/\/www.posk.se\/goteborgsstift\/wp-content\/uploads\/sites\/5\/2016\/09\/gbg_protokoll-arsmote-160403.pdf\">gbg_protokoll-arsmote-20160403<\/a><br \/>\n2015 &#8211; <a href=\"https:\/\/www.posk.se\/goteborgsstift\/wp-content\/uploads\/sites\/5\/2016\/09\/gbg_protokoll_arsmote_20150328.pdf\">gbg_protokoll_arsmote_20150328<\/a><br \/>\n2014 &#8211; <a href=\"https:\/\/www.posk.se\/goteborgsstift\/wp-content\/uploads\/sites\/5\/2016\/09\/gbg_protokoll-arsmote_20140329.pdf\">gbg_protokoll-arsmote_20140329<\/a><br \/>\n2013 &#8211; <a href=\"https:\/\/www.posk.se\/goteborgsstift\/wp-content\/uploads\/sites\/5\/2016\/09\/gbg_protokoll-arsmote_20130323.pdf\">gbg_protokoll-arsmote_20130323<\/a><br \/>\n2012 &#8211; <a href=\"https:\/\/www.posk.se\/goteborgsstift\/wp-content\/uploads\/sites\/5\/2016\/09\/gbg_protokoll-arsmote_20120324.pdf\">gbg_protokoll-arsmote_20120324<br \/>\n<\/a>2011 &#8211;\u00a0 <a href=\"https:\/\/www.posk.se\/goteborgsstift\/wp-content\/uploads\/sites\/5\/2016\/09\/gbg_protokoll-arsmote_20110521.pdf\">gbg_protokoll-arsmote_20110521<br \/>\n<\/a>2010 &#8211; <a href=\"https:\/\/www.posk.se\/goteborgsstift\/wp-content\/uploads\/sites\/5\/2016\/09\/gbg_protokoll-arsmote_20100327.pdf\">gbg_protokoll-arsmote_20100327<br \/>\n<\/a>2009 &#8211; <a href=\"https:\/\/www.posk.se\/goteborgsstift\/wp-content\/uploads\/sites\/5\/2016\/09\/gbg_protokoll-arsmote_20090228.pdf\">gbg_protokoll-arsmote_20090228<br \/>\n<\/a>2008 &#8211; <a href=\"https:\/\/www.posk.se\/goteborgsstift\/wp-content\/uploads\/sites\/5\/2016\/09\/gbg_protokoll-arsmote_20080517.pdf\">gbg_protokoll-arsmote_20080517<br \/>\n<\/a>2007 &#8211; <a href=\"https:\/\/www.posk.se\/goteborgsstift\/wp-content\/uploads\/sites\/5\/2016\/09\/gbg_protokoll-arsmote_20080517.pdf\">gbg_protokoll-arsmote_20070901<br \/>\n<\/a><br \/>\nVerksamhetsber\u00e4ttelser<\/p>\n<p>2021 och senare\u00a0 &#8211; se kallelse<\/p>\n<p>2020 &#8211; <a href=\"https:\/\/www.posk.se\/goteborgsstift\/wp-content\/uploads\/sites\/5\/2021\/04\/gbg-verksamhetsberattelse-2020.pdf\">gbg_v<\/a><a href=\"https:\/\/www.posk.se\/goteborgsstift\/wp-content\/uploads\/sites\/5\/2021\/04\/gbg-verksamhetsberattelse-2020.pdf\">erksamhetsberattelse_2020<\/a><br \/>\n2019 &#8211; <a href=\"https:\/\/www.posk.se\/goteborgsstift\/wp-content\/uploads\/sites\/5\/2021\/04\/gbg-verksamhetsberattelse-2019.pdf\">gbg &#8211; verksamhetsberattelse_2019<\/a><br \/>\n2018 &#8211; <a href=\"https:\/\/www.posk.se\/goteborgsstift\/wp-content\/uploads\/sites\/5\/2019\/04\/gbg-verksamhetsberattelse-2018.pdf\">gbg verksamhetsberattelse 2018<\/a><br \/>\n2017 &#8211; <a href=\"https:\/\/www.posk.se\/goteborgsstift\/wp-content\/uploads\/sites\/5\/2018\/03\/verksamhetsberattelse-2017.pdf\">gbg_verksamhetsberattelse_2017<\/a><br \/>\n2016 &#8211; <a href=\"https:\/\/www.posk.se\/goteborgsstift\/wp-content\/uploads\/sites\/5\/2016\/09\/gbg_verksamhetsberattelse_2016.pdf\">gbg_verksamhetsberattelse_2016<\/a><br \/>\n2015 &#8211; <a href=\"https:\/\/www.posk.se\/goteborgsstift\/wp-content\/uploads\/sites\/5\/2016\/09\/gbg_verksamhetsberattelse_2015.pdf\">gbg_verksamhetsberattelse_2015<\/a><br \/>\n2014 &#8211; <a href=\"https:\/\/www.posk.se\/goteborgsstift\/wp-content\/uploads\/sites\/5\/2016\/09\/gbg_verksamhetsberattelse_2014.pdf\">gbg_verksamhetsberattelse_2014<\/a><br \/>\n2013 &#8211; <a href=\"https:\/\/www.posk.se\/goteborgsstift\/wp-content\/uploads\/sites\/5\/2016\/09\/gbg_verksamhetsberattelse_2013.pdf\">gbg_verksamhetsberattelse_2013<\/a><br \/>\n2012 &#8211; <a href=\"https:\/\/www.posk.se\/goteborgsstift\/wp-content\/uploads\/sites\/5\/2016\/09\/gbg_verksamhetsberattelse_2012.pdf\">gbg_verksamhetsberattelse_2012<\/a><br \/>\n2011 &#8211; <a href=\"https:\/\/www.posk.se\/goteborgsstift\/wp-content\/uploads\/sites\/5\/2016\/09\/gbg_verksamhetsberattelse_2011.pdf\">gbg_verksamhetsberattelse_2011<\/a><br \/>\n2010 &#8211; <a href=\"https:\/\/www.posk.se\/goteborgsstift\/wp-content\/uploads\/sites\/5\/2016\/09\/gbg_verksamhetsberattelse_2010.pdf\">gbg_verksamhetsberattelse_2010<\/a><br \/>\n2009 &#8211; <a href=\"https:\/\/www.posk.se\/goteborgsstift\/wp-content\/uploads\/sites\/5\/2016\/09\/gbg_verksamhetsberattelse_2009.pdf\">gbg_verksamhetsberattelse_2009<\/a><br \/>\n2008 &#8211; <a href=\"https:\/\/www.posk.se\/goteborgsstift\/wp-content\/uploads\/sites\/5\/2016\/09\/gbg_verksamhetsberattelse_2008.pdf\">gbg_verksamhetsberattelse_2008<\/a><br \/>\n2007 &#8211; <a href=\"https:\/\/www.posk.se\/goteborgsstift\/wp-content\/uploads\/sites\/5\/2016\/09\/gbg_verksamhetsberattelse_2007.pdf\">gbg_verksamhetsberattelse_2007<\/a><\/p>\n<p>Protokoll fr\u00e5n medlemsm\u00f6ten<\/p>\n<p>2016 &#8211; <a href=\"https:\/\/www.posk.se\/goteborgsstift\/wp-content\/uploads\/sites\/5\/2016\/09\/gbg_protokoll-medlemsmote-20161115.pdf\">gbg_protokoll-medlemsmote-20161115<\/a><br \/>\n2013 &#8211; <a href=\"https:\/\/www.posk.se\/goteborgsstift\/wp-content\/uploads\/sites\/5\/2016\/09\/gbg_protokoll_medlemsmote_20131024.pdf\">gbg_protokoll_medlemsmote_20131024<\/a><br \/>\n2012 &#8211; <a href=\"https:\/\/www.posk.se\/goteborgsstift\/wp-content\/uploads\/sites\/5\/2016\/09\/gbg_protokoll_medlemssmote_20121114.pdf\">gbg_protokoll_medlemssmote_20121114<\/a><br \/>\n2009 &#8211; <a href=\"https:\/\/www.posk.se\/goteborgsstift\/wp-content\/uploads\/sites\/5\/2016\/09\/gbg_minnesanteckninga_medlemssmote_20101109.pdf\">gbg_minnesanteckninga_medlemssmote_20101109<\/a><br \/>\n2008 &#8211; <a href=\"https:\/\/www.posk.se\/goteborgsstift\/wp-content\/uploads\/sites\/5\/2016\/09\/gbg_protokoll_medlemssmote_20081108.pdf\">gbg_protokoll_medlemssmote_20081108<\/a><\/p>\n<p>&nbsp;<\/p>\n<p>Bilden \u00f6verst \u00e4r fr\u00e5n \u00e5rsm\u00f6tet 2018, i Carl Johans f\u00f6rsamlingshem.<\/p>\n<p>&nbsp;<\/p>\n","protected":false},"excerpt":{"rendered":"<p>Protokoll fr\u00e5n \u00e5rsm\u00f6ten. Fr\u00e5n \u00e5r 2021 finns \u00e4ven kallelse till \u00e5rsm\u00f6tet med verksamhetsber\u00e4ttelse och r\u00e4kenskaper. 2026 &#8211;\u00a0 \u00a0 \u00a0 \u00a0 \u00a0 \u00a0 \u00a0 \u00a0 \u00a0 \u00a0 \u00a0 \u00a0 \u00a0 \u00a0 \u00a0 \u00a0 \u00a0 \u00a0gbg_kallelse till_arsmote_20260419 2025 &#8211; gbg-protokoll-arsmote 20250323,\u00a0 \u00a0 gbg_kallelse till_arsmote_2025 2024 &#8211; gbg-protokoll-arsmote 20240421, \u00a0 gbg-kallelse till \u00e5rsm\u00f6te\u00a0 mm. 2024 2023 &#8211; gbg-protokoll-arsmote-20230429, [&hellip;]<\/p>\n","protected":false},"author":97,"featured_media":751,"parent":0,"menu_order":6,"comment_status":"closed","ping_status":"closed","template":"page-templates\/page-sidebar-left.php","meta":{"_acf_changed":false,"footnotes":""},"class_list":["post-59","page","type-page","status-publish","has-post-thumbnail","hentry"],"acf":[],"yoast_head":"<!-- This site is optimized with the Yoast SEO plugin v24.9 - https:\/\/yoast.com\/wordpress\/plugins\/seo\/ -->\n<title>Tillbakablick - STIFTSF\u00d6RENING G\u00f6teborg<\/title>\n<meta name=\"robots\" content=\"index, follow, max-snippet:-1, max-image-preview:large, max-video-preview:-1\" \/>\n<link rel=\"canonical\" href=\"https:\/\/www.posk.se\/goteborgsstift\/tillbakablick\/\" \/>\n<meta property=\"og:locale\" content=\"sv_SE\" \/>\n<meta property=\"og:type\" content=\"article\" \/>\n<meta property=\"og:title\" content=\"Tillbakablick - STIFTSF\u00d6RENING G\u00f6teborg\" \/>\n<meta property=\"og:description\" content=\"Protokoll fr\u00e5n \u00e5rsm\u00f6ten. Fr\u00e5n \u00e5r 2021 finns \u00e4ven kallelse till \u00e5rsm\u00f6tet med verksamhetsber\u00e4ttelse och r\u00e4kenskaper. 2026 &#8211;\u00a0 \u00a0 \u00a0 \u00a0 \u00a0 \u00a0 \u00a0 \u00a0 \u00a0 \u00a0 \u00a0 \u00a0 \u00a0 \u00a0 \u00a0 \u00a0 \u00a0 \u00a0gbg_kallelse till_arsmote_20260419 2025 &#8211; gbg-protokoll-arsmote 20250323,\u00a0 \u00a0 gbg_kallelse till_arsmote_2025 2024 &#8211; gbg-protokoll-arsmote 20240421, \u00a0 gbg-kallelse till \u00e5rsm\u00f6te\u00a0 mm. 2024 2023 &#8211; gbg-protokoll-arsmote-20230429, [&hellip;]\" \/>\n<meta property=\"og:url\" content=\"https:\/\/www.posk.se\/goteborgsstift\/tillbakablick\/\" \/>\n<meta property=\"og:site_name\" content=\"STIFTSF\u00d6RENING G\u00f6teborg\" \/>\n<meta property=\"article:modified_time\" content=\"2026-03-21T09:24:12+00:00\" \/>\n<meta property=\"og:image\" content=\"https:\/\/www.posk.se\/goteborgsstift\/wp-content\/uploads\/sites\/5\/2018\/05\/gbg_arsmote-2018-4-1024x768.jpg\" \/>\n\t<meta property=\"og:image:width\" content=\"1024\" \/>\n\t<meta property=\"og:image:height\" content=\"768\" \/>\n\t<meta property=\"og:image:type\" content=\"image\/jpeg\" \/>\n<meta name=\"twitter:card\" content=\"summary_large_image\" \/>\n<meta name=\"twitter:label1\" content=\"Ber\u00e4knad l\u00e4stid\" \/>\n\t<meta name=\"twitter:data1\" content=\"1 minut\" \/>\n<script type=\"application\/ld+json\" class=\"yoast-schema-graph\">{\"@context\":\"https:\/\/schema.org\",\"@graph\":[{\"@type\":\"WebPage\",\"@id\":\"https:\/\/www.posk.se\/goteborgsstift\/tillbakablick\/\",\"url\":\"https:\/\/www.posk.se\/goteborgsstift\/tillbakablick\/\",\"name\":\"Tillbakablick - STIFTSF\u00d6RENING G\u00f6teborg\",\"isPartOf\":{\"@id\":\"https:\/\/www.posk.se\/goteborgsstift\/#website\"},\"primaryImageOfPage\":{\"@id\":\"https:\/\/www.posk.se\/goteborgsstift\/tillbakablick\/#primaryimage\"},\"image\":{\"@id\":\"https:\/\/www.posk.se\/goteborgsstift\/tillbakablick\/#primaryimage\"},\"thumbnailUrl\":\"https:\/\/www.posk.se\/goteborgsstift\/wp-content\/uploads\/sites\/5\/2018\/05\/gbg_arsmote-2018-4.jpg\",\"datePublished\":\"2016-09-29T16:11:46+00:00\",\"dateModified\":\"2026-03-21T09:24:12+00:00\",\"breadcrumb\":{\"@id\":\"https:\/\/www.posk.se\/goteborgsstift\/tillbakablick\/#breadcrumb\"},\"inLanguage\":\"sv-SE\",\"potentialAction\":[{\"@type\":\"ReadAction\",\"target\":[\"https:\/\/www.posk.se\/goteborgsstift\/tillbakablick\/\"]}]},{\"@type\":\"ImageObject\",\"inLanguage\":\"sv-SE\",\"@id\":\"https:\/\/www.posk.se\/goteborgsstift\/tillbakablick\/#primaryimage\",\"url\":\"https:\/\/www.posk.se\/goteborgsstift\/wp-content\/uploads\/sites\/5\/2018\/05\/gbg_arsmote-2018-4.jpg\",\"contentUrl\":\"https:\/\/www.posk.se\/goteborgsstift\/wp-content\/uploads\/sites\/5\/2018\/05\/gbg_arsmote-2018-4.jpg\",\"width\":4608,\"height\":3456},{\"@type\":\"BreadcrumbList\",\"@id\":\"https:\/\/www.posk.se\/goteborgsstift\/tillbakablick\/#breadcrumb\",\"itemListElement\":[{\"@type\":\"ListItem\",\"position\":1,\"name\":\"Hem\",\"item\":\"https:\/\/www.posk.se\/goteborgsstift\/\"},{\"@type\":\"ListItem\",\"position\":2,\"name\":\"Tillbakablick\"}]},{\"@type\":\"WebSite\",\"@id\":\"https:\/\/www.posk.se\/goteborgsstift\/#website\",\"url\":\"https:\/\/www.posk.se\/goteborgsstift\/\",\"name\":\"STIFTSF\u00d6RENING G\u00f6teborg\",\"description\":\"Stiftsf\u00f6reningen f\u00f6r POSK i G\u00f6teborgs stift\",\"potentialAction\":[{\"@type\":\"SearchAction\",\"target\":{\"@type\":\"EntryPoint\",\"urlTemplate\":\"https:\/\/www.posk.se\/goteborgsstift\/?s={search_term_string}\"},\"query-input\":{\"@type\":\"PropertyValueSpecification\",\"valueRequired\":true,\"valueName\":\"search_term_string\"}}],\"inLanguage\":\"sv-SE\"}]}<\/script>\n<!-- \/ Yoast SEO plugin. -->","yoast_head_json":{"title":"Tillbakablick - STIFTSF\u00d6RENING G\u00f6teborg","robots":{"index":"index","follow":"follow","max-snippet":"max-snippet:-1","max-image-preview":"max-image-preview:large","max-video-preview":"max-video-preview:-1"},"canonical":"https:\/\/www.posk.se\/goteborgsstift\/tillbakablick\/","og_locale":"sv_SE","og_type":"article","og_title":"Tillbakablick - STIFTSF\u00d6RENING G\u00f6teborg","og_description":"Protokoll fr\u00e5n \u00e5rsm\u00f6ten. Fr\u00e5n \u00e5r 2021 finns \u00e4ven kallelse till \u00e5rsm\u00f6tet med verksamhetsber\u00e4ttelse och r\u00e4kenskaper. 2026 &#8211;\u00a0 \u00a0 \u00a0 \u00a0 \u00a0 \u00a0 \u00a0 \u00a0 \u00a0 \u00a0 \u00a0 \u00a0 \u00a0 \u00a0 \u00a0 \u00a0 \u00a0 \u00a0gbg_kallelse till_arsmote_20260419 2025 &#8211; gbg-protokoll-arsmote 20250323,\u00a0 \u00a0 gbg_kallelse till_arsmote_2025 2024 &#8211; gbg-protokoll-arsmote 20240421, \u00a0 gbg-kallelse till \u00e5rsm\u00f6te\u00a0 mm. 2024 2023 &#8211; gbg-protokoll-arsmote-20230429, [&hellip;]","og_url":"https:\/\/www.posk.se\/goteborgsstift\/tillbakablick\/","og_site_name":"STIFTSF\u00d6RENING G\u00f6teborg","article_modified_time":"2026-03-21T09:24:12+00:00","og_image":[{"width":1024,"height":768,"url":"https:\/\/www.posk.se\/goteborgsstift\/wp-content\/uploads\/sites\/5\/2018\/05\/gbg_arsmote-2018-4-1024x768.jpg","type":"image\/jpeg"}],"twitter_card":"summary_large_image","twitter_misc":{"Ber\u00e4knad l\u00e4stid":"1 minut"},"schema":{"@context":"https:\/\/schema.org","@graph":[{"@type":"WebPage","@id":"https:\/\/www.posk.se\/goteborgsstift\/tillbakablick\/","url":"https:\/\/www.posk.se\/goteborgsstift\/tillbakablick\/","name":"Tillbakablick - STIFTSF\u00d6RENING G\u00f6teborg","isPartOf":{"@id":"https:\/\/www.posk.se\/goteborgsstift\/#website"},"primaryImageOfPage":{"@id":"https:\/\/www.posk.se\/goteborgsstift\/tillbakablick\/#primaryimage"},"image":{"@id":"https:\/\/www.posk.se\/goteborgsstift\/tillbakablick\/#primaryimage"},"thumbnailUrl":"https:\/\/www.posk.se\/goteborgsstift\/wp-content\/uploads\/sites\/5\/2018\/05\/gbg_arsmote-2018-4.jpg","datePublished":"2016-09-29T16:11:46+00:00","dateModified":"2026-03-21T09:24:12+00:00","breadcrumb":{"@id":"https:\/\/www.posk.se\/goteborgsstift\/tillbakablick\/#breadcrumb"},"inLanguage":"sv-SE","potentialAction":[{"@type":"ReadAction","target":["https:\/\/www.posk.se\/goteborgsstift\/tillbakablick\/"]}]},{"@type":"ImageObject","inLanguage":"sv-SE","@id":"https:\/\/www.posk.se\/goteborgsstift\/tillbakablick\/#primaryimage","url":"https:\/\/www.posk.se\/goteborgsstift\/wp-content\/uploads\/sites\/5\/2018\/05\/gbg_arsmote-2018-4.jpg","contentUrl":"https:\/\/www.posk.se\/goteborgsstift\/wp-content\/uploads\/sites\/5\/2018\/05\/gbg_arsmote-2018-4.jpg","width":4608,"height":3456},{"@type":"BreadcrumbList","@id":"https:\/\/www.posk.se\/goteborgsstift\/tillbakablick\/#breadcrumb","itemListElement":[{"@type":"ListItem","position":1,"name":"Hem","item":"https:\/\/www.posk.se\/goteborgsstift\/"},{"@type":"ListItem","position":2,"name":"Tillbakablick"}]},{"@type":"WebSite","@id":"https:\/\/www.posk.se\/goteborgsstift\/#website","url":"https:\/\/www.posk.se\/goteborgsstift\/","name":"STIFTSF\u00d6RENING G\u00f6teborg","description":"Stiftsf\u00f6reningen f\u00f6r POSK i G\u00f6teborgs stift","potentialAction":[{"@type":"SearchAction","target":{"@type":"EntryPoint","urlTemplate":"https:\/\/www.posk.se\/goteborgsstift\/?s={search_term_string}"},"query-input":{"@type":"PropertyValueSpecification","valueRequired":true,"valueName":"search_term_string"}}],"inLanguage":"sv-SE"}]}},"_links":{"self":[{"href":"https:\/\/www.posk.se\/goteborgsstift\/wp-json\/wp\/v2\/pages\/59","targetHints":{"allow":["GET"]}}],"collection":[{"href":"https:\/\/www.posk.se\/goteborgsstift\/wp-json\/wp\/v2\/pages"}],"about":[{"href":"https:\/\/www.posk.se\/goteborgsstift\/wp-json\/wp\/v2\/types\/page"}],"author":[{"embeddable":true,"href":"https:\/\/www.posk.se\/goteborgsstift\/wp-json\/wp\/v2\/users\/97"}],"replies":[{"embeddable":true,"href":"https:\/\/www.posk.se\/goteborgsstift\/wp-json\/wp\/v2\/comments?post=59"}],"version-history":[{"count":36,"href":"https:\/\/www.posk.se\/goteborgsstift\/wp-json\/wp\/v2\/pages\/59\/revisions"}],"predecessor-version":[{"id":1504,"href":"https:\/\/www.posk.se\/goteborgsstift\/wp-json\/wp\/v2\/pages\/59\/revisions\/1504"}],"wp:featuredmedia":[{"embeddable":true,"href":"https:\/\/www.posk.se\/goteborgsstift\/wp-json\/wp\/v2\/media\/751"}],"wp:attachment":[{"href":"https:\/\/www.posk.se\/goteborgsstift\/wp-json\/wp\/v2\/media?parent=59"}],"curies":[{"name":"wp","href":"https:\/\/api.w.org\/{rel}","templated":true}]}}