{"id":30,"date":"2016-06-30T14:15:47","date_gmt":"2016-06-30T12:15:47","guid":{"rendered":"https:\/\/www.posk.se\/stiftsforening-goteborg\/stiftsforening-goteborg6\/"},"modified":"2026-04-20T14:32:28","modified_gmt":"2026-04-20T12:32:28","slug":"stiftsforening-goteborg6","status":"publish","type":"page","link":"https:\/\/www.posk.se\/goteborgsstift\/","title":{"rendered":"POSK i G\u00f6teborgs stift"},"content":{"rendered":"<p style=\"text-align: left\"><span style=\"font-size: 16px\"><strong>Kontakt:<\/strong> Mats Rimborg mats(at)rimborg.se, 073-049 76 11<\/span><\/p>\n<p style=\"text-align: center\">\n<p><strong>Styrelse:<br \/>\n<\/strong>Ordf\u00f6rande:\u00a0 \u00a0 \u00a0 \u00a0 \u00a0 Mats Rimborg\u00a0 \u00a0 \u00a0 \u00a0 \u00a0 <span style=\"font-size: 16px\">mats(at)rimborg.se,\u00a0 \u00a0 \u00a0 \u00a0 \u00a0 \u00a0 \u00a0 \u00a0 \u00a0073-049 76 11<\/span><br \/>\nVice ordf\u00f6rande:\u00a0 Sara Sandelin\u00a0 \u00a0 \u00a0 \u00a0 \u00a0 \u00a0sara.sandelin(at)gmail.com,\u00a0 070-54 89 555<br \/>\nSekreterare:\u00a0 \u00a0 \u00a0 \u00a0 \u00a0 Barbro Wiskari\u00a0 \u00a0 \u00a0 \u00a0 barbro.wiskari(at)gmail.com, 079-337 93 57<br \/>\nKass\u00f6r:\u00a0 \u00a0 \u00a0 \u00a0 \u00a0 \u00a0 \u00a0 \u00a0 \u00a0 \u00a0Magnus Evenseth\u00a0 \u00a0magnus.evenseth(at)svenskakyrkan.se, 070-7142210<br \/>\nLedamot:\u00a0 \u00a0 \u00a0 \u00a0 \u00a0 \u00a0 \u00a0 \u00a0Jeanette Karlsson\u00a0 \u00a0jeakarlsson(at)gmail.com,\u00a0 \u00a0 \u00a0 \u00a0 073-066 03 24<br \/>\nLedamot:\u00a0 \u00a0 \u00a0 \u00a0 \u00a0 \u00a0 \u00a0 \u00a0Stefan Caplan\u00a0 \u00a0 \u00a0 \u00a0 \u00a0 stefan.caplan(at)telia.com,\u00a0 \u00a0 \u00a0 \u00a0070-818 27 63<br \/>\nLedamot:\u00a0 \u00a0 \u00a0 \u00a0 \u00a0 \u00a0 \u00a0 \u00a0Bengt Kjellgren\u00a0 \u00a0 \u00a0 \u00a0bengt(at)kjellgren.nu,\u00a0 \u00a0 \u00a0 \u00a0 \u00a0 \u00a0 \u00a0 \u00a0 070-828 55 35<\/p>\n<h5 style=\"text-align: left\"><span style=\"font-size: 16px\">F\u00f6reningens stadgar:\u00a0 <\/span><a style=\"font-size: 16px\" href=\"https:\/\/www.posk.se\/goteborgsstift\/wp-content\/uploads\/sites\/5\/2024\/06\/stadgar-for-posk-i-goteborgs-stift-24-04-21.pdf\">Stadgar f\u00f6r POSK i G\u00f6teborgs stift 24-04-21<\/a><\/h5>\n<ul>\n<li>Kyrkoval 2025. Klicka <a href=\"https:\/\/www.posk.se\/goteborgsstift\/kyrkoval-2025\/\">h\u00e4r<\/a>.<\/li>\n<li>Kyrkoval 2021. Klicka <a href=\"https:\/\/www.posk.se\/goteborgsstift\/kyrkoval-2021\/\">h\u00e4r<\/a>.<\/li>\n<li>Kyrkoval 2017. Klicka <a href=\"https:\/\/www.posk.se\/goteborgsstift\/kyrkoval-2017\/\">h\u00e4r.<\/a><\/li>\n<li>Kyrkoval 2013. Klicka <a href=\"https:\/\/www.posk.se\/goteborgsstift\/kyrkoval-2013\/\">h\u00e4r.<\/a><\/li>\n<\/ul>\n<p>L\u00e4s v\u00e5ra \u00e5rs- och medlemsm\u00f6tesprotokoll och verksamhetsber\u00e4ttelser <a href=\"https:\/\/www.posk.se\/goteborgsstift\/tillbakablick\/\">h\u00e4r<\/a><a href=\"http:\/\/tillbakablick\">.<\/a><\/p>\n<p>&nbsp;<\/p>\n<p>Bilden \u00e4r fr\u00e5n Wikipedia, fotograf <a title=\"User:W. Bulach\" href=\"https:\/\/commons.wikimedia.org\/wiki\/User:W._Bulach\">W. Bulach<\/a><\/p>\n<p>&nbsp;<\/p>\n","protected":false},"excerpt":{"rendered":"<p>Kontakt: Mats Rimborg mats(at)rimborg.se, 073-049 76 11 Styrelse: Ordf\u00f6rande:\u00a0 \u00a0 \u00a0 \u00a0 \u00a0 Mats Rimborg\u00a0 \u00a0 \u00a0 \u00a0 \u00a0 mats(at)rimborg.se,\u00a0 \u00a0 \u00a0 \u00a0 \u00a0 \u00a0 \u00a0 \u00a0 \u00a0073-049 76 11 Vice ordf\u00f6rande:\u00a0 Sara Sandelin\u00a0 \u00a0 \u00a0 \u00a0 \u00a0 \u00a0sara.sandelin(at)gmail.com,\u00a0 070-54 89 555 Sekreterare:\u00a0 \u00a0 \u00a0 \u00a0 \u00a0 Barbro Wiskari\u00a0 \u00a0 \u00a0 \u00a0 barbro.wiskari(at)gmail.com, 079-337 93 [&hellip;]<\/p>\n","protected":false},"author":1,"featured_media":966,"parent":0,"menu_order":0,"comment_status":"closed","ping_status":"closed","template":"page-templates\/page-sidebar-left.php","meta":{"_acf_changed":false,"footnotes":""},"class_list":["post-30","page","type-page","status-publish","has-post-thumbnail","hentry"],"acf":[],"yoast_head":"<!-- This site is optimized with the Yoast SEO plugin v24.9 - https:\/\/yoast.com\/wordpress\/plugins\/seo\/ -->\n<title>POSK i G\u00f6teborgs stift - STIFTSF\u00d6RENING G\u00f6teborg<\/title>\n<meta name=\"robots\" content=\"index, follow, max-snippet:-1, max-image-preview:large, max-video-preview:-1\" \/>\n<link rel=\"canonical\" href=\"https:\/\/www.posk.se\/goteborgsstift\/\" \/>\n<meta property=\"og:locale\" content=\"sv_SE\" \/>\n<meta property=\"og:type\" content=\"article\" \/>\n<meta property=\"og:title\" content=\"POSK i G\u00f6teborgs stift - STIFTSF\u00d6RENING G\u00f6teborg\" \/>\n<meta property=\"og:description\" content=\"Kontakt: Mats Rimborg mats(at)rimborg.se, 073-049 76 11 Styrelse: Ordf\u00f6rande:\u00a0 \u00a0 \u00a0 \u00a0 \u00a0 Mats Rimborg\u00a0 \u00a0 \u00a0 \u00a0 \u00a0 mats(at)rimborg.se,\u00a0 \u00a0 \u00a0 \u00a0 \u00a0 \u00a0 \u00a0 \u00a0 \u00a0073-049 76 11 Vice ordf\u00f6rande:\u00a0 Sara Sandelin\u00a0 \u00a0 \u00a0 \u00a0 \u00a0 \u00a0sara.sandelin(at)gmail.com,\u00a0 070-54 89 555 Sekreterare:\u00a0 \u00a0 \u00a0 \u00a0 \u00a0 Barbro Wiskari\u00a0 \u00a0 \u00a0 \u00a0 barbro.wiskari(at)gmail.com, 079-337 93 [&hellip;]\" \/>\n<meta property=\"og:url\" content=\"https:\/\/www.posk.se\/goteborgsstift\/\" \/>\n<meta property=\"og:site_name\" content=\"STIFTSF\u00d6RENING G\u00f6teborg\" \/>\n<meta property=\"article:modified_time\" content=\"2026-04-20T12:32:28+00:00\" \/>\n<meta property=\"og:image\" content=\"https:\/\/www.posk.se\/goteborgsstift\/wp-content\/uploads\/sites\/5\/2021\/05\/1599px-0-7910-goteborger-dom-goteborgs-domkyrka.jpg\" \/>\n\t<meta property=\"og:image:width\" content=\"1599\" \/>\n\t<meta property=\"og:image:height\" content=\"1066\" \/>\n\t<meta property=\"og:image:type\" content=\"image\/jpeg\" \/>\n<meta name=\"twitter:card\" content=\"summary_large_image\" \/>\n<meta name=\"twitter:label1\" content=\"Ber\u00e4knad l\u00e4stid\" \/>\n\t<meta name=\"twitter:data1\" content=\"1 minut\" \/>\n<script type=\"application\/ld+json\" class=\"yoast-schema-graph\">{\"@context\":\"https:\/\/schema.org\",\"@graph\":[{\"@type\":\"WebPage\",\"@id\":\"https:\/\/www.posk.se\/goteborgsstift\/\",\"url\":\"https:\/\/www.posk.se\/goteborgsstift\/\",\"name\":\"POSK i G\u00f6teborgs stift - STIFTSF\u00d6RENING G\u00f6teborg\",\"isPartOf\":{\"@id\":\"https:\/\/www.posk.se\/goteborgsstift\/#website\"},\"primaryImageOfPage\":{\"@id\":\"https:\/\/www.posk.se\/goteborgsstift\/#primaryimage\"},\"image\":{\"@id\":\"https:\/\/www.posk.se\/goteborgsstift\/#primaryimage\"},\"thumbnailUrl\":\"https:\/\/www.posk.se\/goteborgsstift\/wp-content\/uploads\/sites\/5\/2021\/05\/1599px-0-7910-goteborger-dom-goteborgs-domkyrka.jpg\",\"datePublished\":\"2016-06-30T12:15:47+00:00\",\"dateModified\":\"2026-04-20T12:32:28+00:00\",\"breadcrumb\":{\"@id\":\"https:\/\/www.posk.se\/goteborgsstift\/#breadcrumb\"},\"inLanguage\":\"sv-SE\",\"potentialAction\":[{\"@type\":\"ReadAction\",\"target\":[\"https:\/\/www.posk.se\/goteborgsstift\/\"]}]},{\"@type\":\"ImageObject\",\"inLanguage\":\"sv-SE\",\"@id\":\"https:\/\/www.posk.se\/goteborgsstift\/#primaryimage\",\"url\":\"https:\/\/www.posk.se\/goteborgsstift\/wp-content\/uploads\/sites\/5\/2021\/05\/1599px-0-7910-goteborger-dom-goteborgs-domkyrka.jpg\",\"contentUrl\":\"https:\/\/www.posk.se\/goteborgsstift\/wp-content\/uploads\/sites\/5\/2021\/05\/1599px-0-7910-goteborger-dom-goteborgs-domkyrka.jpg\",\"width\":1599,\"height\":1066},{\"@type\":\"BreadcrumbList\",\"@id\":\"https:\/\/www.posk.se\/goteborgsstift\/#breadcrumb\",\"itemListElement\":[{\"@type\":\"ListItem\",\"position\":1,\"name\":\"Hem\",\"item\":\"https:\/\/www.posk.se\/goteborgsstift\/\"},{\"@type\":\"ListItem\",\"position\":2,\"name\":\"POSK i G\u00f6teborgs stift\"}]},{\"@type\":\"WebSite\",\"@id\":\"https:\/\/www.posk.se\/goteborgsstift\/#website\",\"url\":\"https:\/\/www.posk.se\/goteborgsstift\/\",\"name\":\"STIFTSF\u00d6RENING G\u00f6teborg\",\"description\":\"Stiftsf\u00f6reningen f\u00f6r POSK i G\u00f6teborgs stift\",\"potentialAction\":[{\"@type\":\"SearchAction\",\"target\":{\"@type\":\"EntryPoint\",\"urlTemplate\":\"https:\/\/www.posk.se\/goteborgsstift\/?s={search_term_string}\"},\"query-input\":{\"@type\":\"PropertyValueSpecification\",\"valueRequired\":true,\"valueName\":\"search_term_string\"}}],\"inLanguage\":\"sv-SE\"}]}<\/script>\n<!-- \/ Yoast SEO plugin. -->","yoast_head_json":{"title":"POSK i G\u00f6teborgs stift - STIFTSF\u00d6RENING G\u00f6teborg","robots":{"index":"index","follow":"follow","max-snippet":"max-snippet:-1","max-image-preview":"max-image-preview:large","max-video-preview":"max-video-preview:-1"},"canonical":"https:\/\/www.posk.se\/goteborgsstift\/","og_locale":"sv_SE","og_type":"article","og_title":"POSK i G\u00f6teborgs stift - STIFTSF\u00d6RENING G\u00f6teborg","og_description":"Kontakt: Mats Rimborg mats(at)rimborg.se, 073-049 76 11 Styrelse: Ordf\u00f6rande:\u00a0 \u00a0 \u00a0 \u00a0 \u00a0 Mats Rimborg\u00a0 \u00a0 \u00a0 \u00a0 \u00a0 mats(at)rimborg.se,\u00a0 \u00a0 \u00a0 \u00a0 \u00a0 \u00a0 \u00a0 \u00a0 \u00a0073-049 76 11 Vice ordf\u00f6rande:\u00a0 Sara Sandelin\u00a0 \u00a0 \u00a0 \u00a0 \u00a0 \u00a0sara.sandelin(at)gmail.com,\u00a0 070-54 89 555 Sekreterare:\u00a0 \u00a0 \u00a0 \u00a0 \u00a0 Barbro Wiskari\u00a0 \u00a0 \u00a0 \u00a0 barbro.wiskari(at)gmail.com, 079-337 93 [&hellip;]","og_url":"https:\/\/www.posk.se\/goteborgsstift\/","og_site_name":"STIFTSF\u00d6RENING G\u00f6teborg","article_modified_time":"2026-04-20T12:32:28+00:00","og_image":[{"width":1599,"height":1066,"url":"https:\/\/www.posk.se\/goteborgsstift\/wp-content\/uploads\/sites\/5\/2021\/05\/1599px-0-7910-goteborger-dom-goteborgs-domkyrka.jpg","type":"image\/jpeg"}],"twitter_card":"summary_large_image","twitter_misc":{"Ber\u00e4knad l\u00e4stid":"1 minut"},"schema":{"@context":"https:\/\/schema.org","@graph":[{"@type":"WebPage","@id":"https:\/\/www.posk.se\/goteborgsstift\/","url":"https:\/\/www.posk.se\/goteborgsstift\/","name":"POSK i G\u00f6teborgs stift - STIFTSF\u00d6RENING G\u00f6teborg","isPartOf":{"@id":"https:\/\/www.posk.se\/goteborgsstift\/#website"},"primaryImageOfPage":{"@id":"https:\/\/www.posk.se\/goteborgsstift\/#primaryimage"},"image":{"@id":"https:\/\/www.posk.se\/goteborgsstift\/#primaryimage"},"thumbnailUrl":"https:\/\/www.posk.se\/goteborgsstift\/wp-content\/uploads\/sites\/5\/2021\/05\/1599px-0-7910-goteborger-dom-goteborgs-domkyrka.jpg","datePublished":"2016-06-30T12:15:47+00:00","dateModified":"2026-04-20T12:32:28+00:00","breadcrumb":{"@id":"https:\/\/www.posk.se\/goteborgsstift\/#breadcrumb"},"inLanguage":"sv-SE","potentialAction":[{"@type":"ReadAction","target":["https:\/\/www.posk.se\/goteborgsstift\/"]}]},{"@type":"ImageObject","inLanguage":"sv-SE","@id":"https:\/\/www.posk.se\/goteborgsstift\/#primaryimage","url":"https:\/\/www.posk.se\/goteborgsstift\/wp-content\/uploads\/sites\/5\/2021\/05\/1599px-0-7910-goteborger-dom-goteborgs-domkyrka.jpg","contentUrl":"https:\/\/www.posk.se\/goteborgsstift\/wp-content\/uploads\/sites\/5\/2021\/05\/1599px-0-7910-goteborger-dom-goteborgs-domkyrka.jpg","width":1599,"height":1066},{"@type":"BreadcrumbList","@id":"https:\/\/www.posk.se\/goteborgsstift\/#breadcrumb","itemListElement":[{"@type":"ListItem","position":1,"name":"Hem","item":"https:\/\/www.posk.se\/goteborgsstift\/"},{"@type":"ListItem","position":2,"name":"POSK i G\u00f6teborgs stift"}]},{"@type":"WebSite","@id":"https:\/\/www.posk.se\/goteborgsstift\/#website","url":"https:\/\/www.posk.se\/goteborgsstift\/","name":"STIFTSF\u00d6RENING G\u00f6teborg","description":"Stiftsf\u00f6reningen f\u00f6r POSK i G\u00f6teborgs stift","potentialAction":[{"@type":"SearchAction","target":{"@type":"EntryPoint","urlTemplate":"https:\/\/www.posk.se\/goteborgsstift\/?s={search_term_string}"},"query-input":{"@type":"PropertyValueSpecification","valueRequired":true,"valueName":"search_term_string"}}],"inLanguage":"sv-SE"}]}},"_links":{"self":[{"href":"https:\/\/www.posk.se\/goteborgsstift\/wp-json\/wp\/v2\/pages\/30","targetHints":{"allow":["GET"]}}],"collection":[{"href":"https:\/\/www.posk.se\/goteborgsstift\/wp-json\/wp\/v2\/pages"}],"about":[{"href":"https:\/\/www.posk.se\/goteborgsstift\/wp-json\/wp\/v2\/types\/page"}],"author":[{"embeddable":true,"href":"https:\/\/www.posk.se\/goteborgsstift\/wp-json\/wp\/v2\/users\/1"}],"replies":[{"embeddable":true,"href":"https:\/\/www.posk.se\/goteborgsstift\/wp-json\/wp\/v2\/comments?post=30"}],"version-history":[{"count":117,"href":"https:\/\/www.posk.se\/goteborgsstift\/wp-json\/wp\/v2\/pages\/30\/revisions"}],"predecessor-version":[{"id":1505,"href":"https:\/\/www.posk.se\/goteborgsstift\/wp-json\/wp\/v2\/pages\/30\/revisions\/1505"}],"wp:featuredmedia":[{"embeddable":true,"href":"https:\/\/www.posk.se\/goteborgsstift\/wp-json\/wp\/v2\/media\/966"}],"wp:attachment":[{"href":"https:\/\/www.posk.se\/goteborgsstift\/wp-json\/wp\/v2\/media?parent=30"}],"curies":[{"name":"wp","href":"https:\/\/api.w.org\/{rel}","templated":true}]}}