{"id":116,"date":"2017-04-15T11:16:39","date_gmt":"2017-04-15T09:16:39","guid":{"rendered":"https:\/\/www.posk.se\/goteborgsstift\/?page_id=116"},"modified":"2018-01-13T20:51:31","modified_gmt":"2018-01-13T19:51:31","slug":"kyrkoval-2017","status":"publish","type":"page","link":"https:\/\/www.posk.se\/goteborgsstift\/kyrkoval-2017\/","title":{"rendered":"Kyrkoval 2017"},"content":{"rendered":"<p style=\"text-align: left\"><strong>L\u00e4s v\u00e5rt valprogram f\u00f6r mandatperioden 2018 &#8211; 2021 h\u00e4r:<br \/>\n<\/strong><a href=\"https:\/\/www.posk.se\/goteborgsstift\/wp-content\/uploads\/sites\/5\/2017\/08\/valprogram-2018-2021.pdf\">valprogram-2018-2021<\/a>. Vik i mitten p\u00e5 l\u00e4ngden.<\/p>\n<p><strong>L\u00e4s om v\u00e5ra f\u00f6rtroendevalda i Kyrkom\u00f6tet och G\u00f6teborgs stifts stiftsfullm\u00e4ktige h\u00e4r. <a href=\"https:\/\/www.posk.se\/goteborgsstift\/wp-content\/uploads\/sites\/5\/2018\/01\/gbg-kyrkomotet-och-sfm-ledamoter-2018-2021.pdf\"><br \/>\n<\/a><\/strong><a href=\"https:\/\/www.posk.se\/goteborgsstift\/wp-content\/uploads\/sites\/5\/2018\/01\/gbg-kyrkomotet-och-sfm-ledamoter-2018-2021.pdf\">gbg-kyrkomotet-och-sfm-ledamoter-2018-2021<\/a><\/p>\n<p style=\"text-align: left\"><strong>L\u00e4s valsedlarna f\u00f6r G\u00f6teborgs stifts valkretsar h\u00e4r:<br \/>\n<\/strong><a href=\"https:\/\/www.posk.se\/goteborgsstift\/wp-content\/uploads\/sites\/5\/2017\/04\/valsedel_trossamfundet_svenska_kyrkan_goteborgs_stifts_valkrets-1.pdf\"><strong>Kyrkom\u00f6teslista<br \/>\n<\/strong>valsedel_trossamfundet_svenska_kyrkan_goteborgs_stifts_valkrets<\/a><\/p>\n<p><a href=\"https:\/\/www.posk.se\/goteborgsstift\/wp-content\/uploads\/sites\/5\/2017\/04\/valsedel_goteborgs_stift_backa_lundby_och_torslanda-bjorlandas_valkrets.pdf\"><strong>Stiftsfullm\u00e4ktigelistor<\/strong><\/a><br \/>\n<a href=\"https:\/\/www.posk.se\/goteborgsstift\/wp-content\/uploads\/sites\/5\/2017\/04\/valsedel_goteborgs_stift_backa_lundby_och_torslanda-bjorlandas_valkrets.pdf\">valsedel_goteborgs_stift_backa_lundby_och_torslanda-bjorlandas_valkrets<\/a> <a href=\"https:\/\/www.posk.se\/goteborgsstift\/wp-content\/uploads\/sites\/5\/2017\/04\/valsedel_goteborgs_stift_domkyrko_och_carl_johans_valkrets-1.pdf\">valsedel_goteborgs_stift_domkyrko_och_carl_johans_valkrets<\/a> <a href=\"https:\/\/www.posk.se\/goteborgsstift\/wp-content\/uploads\/sites\/5\/2017\/04\/valsedel_goteborgs_stift_gota_alvdalen_och_stenungsunds_valkrets.pdf\">valsedel_goteborgs_stift_gota_alvdalen_och_stenungsunds_valkrets<\/a> <a href=\"https:\/\/www.posk.se\/goteborgsstift\/wp-content\/uploads\/sites\/5\/2017\/04\/valsedel_goteborgs_stift_halmstad_och_laholms_valkrets.pdf\">valsedel_goteborgs_stift_halmstad_och_laholms_valkrets<\/a> <a href=\"https:\/\/www.posk.se\/goteborgsstift\/wp-content\/uploads\/sites\/5\/2017\/04\/valsedel_goteborgs_stift_kind_falkenberg_och_varbergs_valkrets.pdf\">valsedel_goteborgs_stift_kind_falkenberg_och_varbergs_valkrets<\/a> <a href=\"https:\/\/www.posk.se\/goteborgsstift\/wp-content\/uploads\/sites\/5\/2017\/04\/valsedel_goteborgs_stift_kungsbacka_mark_och_bollebygds_valkrets.pdf\">valsedel_goteborgs_stift_kungsbacka_mark_och_bollebygds_valkrets<\/a><br \/>\n<a href=\"https:\/\/www.posk.se\/goteborgsstift\/wp-content\/uploads\/sites\/5\/2017\/04\/valsedel_goteborgs_stift_molndals_partille_och_lerums_valkrets-1.pdf\">valsedel_goteborgs_stift_molndals_partille_och_lerums_valkrets<\/a> <a href=\"https:\/\/www.posk.se\/goteborgsstift\/wp-content\/uploads\/sites\/5\/2017\/04\/valsedel_goteborgs_stift_norra_bohuslan_och_uddevallas_valkrets.pdf\">valsedel_goteborgs_stift_norra_bohuslan_och_uddevallas_valkrets<\/a> <a href=\"https:\/\/www.posk.se\/goteborgsstift\/wp-content\/uploads\/sites\/5\/2017\/04\/valsedel_goteborgs_stift_vastra_frolunda_askim_och_ockeros_valkrets.pdf\">valsedel_goteborgs_stift_vastra_frolunda_askim_och_ockeros_valkrets<\/a> <a href=\"https:\/\/www.posk.se\/goteborgsstift\/wp-content\/uploads\/sites\/5\/2017\/04\/valsedel_goteborgs_stift_orgryte_och_nyloses_valkrets.pdf\">valsedel_goteborgs_stift_orgryte_och_nyloses_valkrets<\/a><\/p>\n<p>&nbsp;<\/p>\n<p>L\u00e4s om stiftsfullm\u00e4ktiges i G\u00f6teborgs stift beslut om vilka valkretsar ska finnas i kyrkovalet 2017 h\u00e4r:<br \/>\n<a href=\"https:\/\/www.posk.se\/goteborgsstift\/wp-content\/uploads\/sites\/5\/2017\/04\/gbg-valkretsar-i-kyrkovalet-2017.pdf\">gbg-valkretsar-i-kyrkovalet-2017<\/a><\/p>\n<p>L\u00e4s om indelningen av G\u00f6teborg i nio enheter h\u00e4r:<br \/>\n<a href=\"https:\/\/www.posk.se\/goteborgsstift\/wp-content\/uploads\/sites\/5\/2017\/04\/gbg-indelning-2018.pdf\">gbg-indelning-2018<\/a><\/p>\n","protected":false},"excerpt":{"rendered":"<p>L\u00e4s v\u00e5rt valprogram f\u00f6r mandatperioden 2018 &#8211; 2021 h\u00e4r: valprogram-2018-2021. Vik i mitten p\u00e5 l\u00e4ngden. L\u00e4s om v\u00e5ra f\u00f6rtroendevalda i Kyrkom\u00f6tet och G\u00f6teborgs stifts stiftsfullm\u00e4ktige h\u00e4r. gbg-kyrkomotet-och-sfm-ledamoter-2018-2021 L\u00e4s valsedlarna f\u00f6r G\u00f6teborgs stifts valkretsar h\u00e4r: Kyrkom\u00f6teslista valsedel_trossamfundet_svenska_kyrkan_goteborgs_stifts_valkrets Stiftsfullm\u00e4ktigelistor valsedel_goteborgs_stift_backa_lundby_och_torslanda-bjorlandas_valkrets valsedel_goteborgs_stift_domkyrko_och_carl_johans_valkrets valsedel_goteborgs_stift_gota_alvdalen_och_stenungsunds_valkrets valsedel_goteborgs_stift_halmstad_och_laholms_valkrets valsedel_goteborgs_stift_kind_falkenberg_och_varbergs_valkrets valsedel_goteborgs_stift_kungsbacka_mark_och_bollebygds_valkrets valsedel_goteborgs_stift_molndals_partille_och_lerums_valkrets valsedel_goteborgs_stift_norra_bohuslan_och_uddevallas_valkrets valsedel_goteborgs_stift_vastra_frolunda_askim_och_ockeros_valkrets valsedel_goteborgs_stift_orgryte_och_nyloses_valkrets &nbsp; L\u00e4s om stiftsfullm\u00e4ktiges i G\u00f6teborgs stift beslut [&hellip;]<\/p>\n","protected":false},"author":97,"featured_media":407,"parent":0,"menu_order":3,"comment_status":"closed","ping_status":"closed","template":"page-templates\/page-sidebar-left.php","meta":{"_acf_changed":false,"footnotes":""},"class_list":["post-116","page","type-page","status-publish","has-post-thumbnail","hentry"],"acf":[],"yoast_head":"<!-- This site is optimized with the Yoast SEO plugin v24.9 - https:\/\/yoast.com\/wordpress\/plugins\/seo\/ -->\n<title>Kyrkoval 2017 - STIFTSF\u00d6RENING G\u00f6teborg<\/title>\n<meta name=\"robots\" content=\"index, follow, max-snippet:-1, max-image-preview:large, max-video-preview:-1\" \/>\n<link rel=\"canonical\" href=\"https:\/\/www.posk.se\/goteborgsstift\/kyrkoval-2017\/\" \/>\n<meta property=\"og:locale\" content=\"sv_SE\" \/>\n<meta property=\"og:type\" content=\"article\" \/>\n<meta property=\"og:title\" content=\"Kyrkoval 2017 - STIFTSF\u00d6RENING G\u00f6teborg\" \/>\n<meta property=\"og:description\" content=\"L\u00e4s v\u00e5rt valprogram f\u00f6r mandatperioden 2018 &#8211; 2021 h\u00e4r: valprogram-2018-2021. Vik i mitten p\u00e5 l\u00e4ngden. L\u00e4s om v\u00e5ra f\u00f6rtroendevalda i Kyrkom\u00f6tet och G\u00f6teborgs stifts stiftsfullm\u00e4ktige h\u00e4r. gbg-kyrkomotet-och-sfm-ledamoter-2018-2021 L\u00e4s valsedlarna f\u00f6r G\u00f6teborgs stifts valkretsar h\u00e4r: Kyrkom\u00f6teslista valsedel_trossamfundet_svenska_kyrkan_goteborgs_stifts_valkrets Stiftsfullm\u00e4ktigelistor valsedel_goteborgs_stift_backa_lundby_och_torslanda-bjorlandas_valkrets valsedel_goteborgs_stift_domkyrko_och_carl_johans_valkrets valsedel_goteborgs_stift_gota_alvdalen_och_stenungsunds_valkrets valsedel_goteborgs_stift_halmstad_och_laholms_valkrets valsedel_goteborgs_stift_kind_falkenberg_och_varbergs_valkrets valsedel_goteborgs_stift_kungsbacka_mark_och_bollebygds_valkrets valsedel_goteborgs_stift_molndals_partille_och_lerums_valkrets valsedel_goteborgs_stift_norra_bohuslan_och_uddevallas_valkrets valsedel_goteborgs_stift_vastra_frolunda_askim_och_ockeros_valkrets valsedel_goteborgs_stift_orgryte_och_nyloses_valkrets &nbsp; L\u00e4s om stiftsfullm\u00e4ktiges i G\u00f6teborgs stift beslut [&hellip;]\" \/>\n<meta property=\"og:url\" content=\"https:\/\/www.posk.se\/goteborgsstift\/kyrkoval-2017\/\" \/>\n<meta property=\"og:site_name\" content=\"STIFTSF\u00d6RENING G\u00f6teborg\" \/>\n<meta property=\"article:modified_time\" content=\"2018-01-13T19:51:31+00:00\" \/>\n<meta property=\"og:image\" content=\"https:\/\/www.posk.se\/goteborgsstift\/wp-content\/uploads\/sites\/5\/2017\/08\/valsedlar-2017-2.jpg\" \/>\n\t<meta property=\"og:image:width\" content=\"416\" \/>\n\t<meta property=\"og:image:height\" content=\"198\" \/>\n\t<meta property=\"og:image:type\" content=\"image\/jpeg\" \/>\n<meta name=\"twitter:card\" content=\"summary_large_image\" \/>\n<meta name=\"twitter:label1\" content=\"Ber\u00e4knad l\u00e4stid\" \/>\n\t<meta name=\"twitter:data1\" content=\"1 minut\" \/>\n<script type=\"application\/ld+json\" class=\"yoast-schema-graph\">{\"@context\":\"https:\/\/schema.org\",\"@graph\":[{\"@type\":\"WebPage\",\"@id\":\"https:\/\/www.posk.se\/goteborgsstift\/kyrkoval-2017\/\",\"url\":\"https:\/\/www.posk.se\/goteborgsstift\/kyrkoval-2017\/\",\"name\":\"Kyrkoval 2017 - STIFTSF\u00d6RENING G\u00f6teborg\",\"isPartOf\":{\"@id\":\"https:\/\/www.posk.se\/goteborgsstift\/#website\"},\"primaryImageOfPage\":{\"@id\":\"https:\/\/www.posk.se\/goteborgsstift\/kyrkoval-2017\/#primaryimage\"},\"image\":{\"@id\":\"https:\/\/www.posk.se\/goteborgsstift\/kyrkoval-2017\/#primaryimage\"},\"thumbnailUrl\":\"https:\/\/www.posk.se\/goteborgsstift\/wp-content\/uploads\/sites\/5\/2017\/08\/valsedlar-2017-2.jpg\",\"datePublished\":\"2017-04-15T09:16:39+00:00\",\"dateModified\":\"2018-01-13T19:51:31+00:00\",\"breadcrumb\":{\"@id\":\"https:\/\/www.posk.se\/goteborgsstift\/kyrkoval-2017\/#breadcrumb\"},\"inLanguage\":\"sv-SE\",\"potentialAction\":[{\"@type\":\"ReadAction\",\"target\":[\"https:\/\/www.posk.se\/goteborgsstift\/kyrkoval-2017\/\"]}]},{\"@type\":\"ImageObject\",\"inLanguage\":\"sv-SE\",\"@id\":\"https:\/\/www.posk.se\/goteborgsstift\/kyrkoval-2017\/#primaryimage\",\"url\":\"https:\/\/www.posk.se\/goteborgsstift\/wp-content\/uploads\/sites\/5\/2017\/08\/valsedlar-2017-2.jpg\",\"contentUrl\":\"https:\/\/www.posk.se\/goteborgsstift\/wp-content\/uploads\/sites\/5\/2017\/08\/valsedlar-2017-2.jpg\",\"width\":416,\"height\":198},{\"@type\":\"BreadcrumbList\",\"@id\":\"https:\/\/www.posk.se\/goteborgsstift\/kyrkoval-2017\/#breadcrumb\",\"itemListElement\":[{\"@type\":\"ListItem\",\"position\":1,\"name\":\"Hem\",\"item\":\"https:\/\/www.posk.se\/goteborgsstift\/\"},{\"@type\":\"ListItem\",\"position\":2,\"name\":\"Kyrkoval 2017\"}]},{\"@type\":\"WebSite\",\"@id\":\"https:\/\/www.posk.se\/goteborgsstift\/#website\",\"url\":\"https:\/\/www.posk.se\/goteborgsstift\/\",\"name\":\"STIFTSF\u00d6RENING G\u00f6teborg\",\"description\":\"Stiftsf\u00f6reningen f\u00f6r POSK i G\u00f6teborgs stift\",\"potentialAction\":[{\"@type\":\"SearchAction\",\"target\":{\"@type\":\"EntryPoint\",\"urlTemplate\":\"https:\/\/www.posk.se\/goteborgsstift\/?s={search_term_string}\"},\"query-input\":{\"@type\":\"PropertyValueSpecification\",\"valueRequired\":true,\"valueName\":\"search_term_string\"}}],\"inLanguage\":\"sv-SE\"}]}<\/script>\n<!-- \/ Yoast SEO plugin. -->","yoast_head_json":{"title":"Kyrkoval 2017 - STIFTSF\u00d6RENING G\u00f6teborg","robots":{"index":"index","follow":"follow","max-snippet":"max-snippet:-1","max-image-preview":"max-image-preview:large","max-video-preview":"max-video-preview:-1"},"canonical":"https:\/\/www.posk.se\/goteborgsstift\/kyrkoval-2017\/","og_locale":"sv_SE","og_type":"article","og_title":"Kyrkoval 2017 - STIFTSF\u00d6RENING G\u00f6teborg","og_description":"L\u00e4s v\u00e5rt valprogram f\u00f6r mandatperioden 2018 &#8211; 2021 h\u00e4r: valprogram-2018-2021. Vik i mitten p\u00e5 l\u00e4ngden. L\u00e4s om v\u00e5ra f\u00f6rtroendevalda i Kyrkom\u00f6tet och G\u00f6teborgs stifts stiftsfullm\u00e4ktige h\u00e4r. gbg-kyrkomotet-och-sfm-ledamoter-2018-2021 L\u00e4s valsedlarna f\u00f6r G\u00f6teborgs stifts valkretsar h\u00e4r: Kyrkom\u00f6teslista valsedel_trossamfundet_svenska_kyrkan_goteborgs_stifts_valkrets Stiftsfullm\u00e4ktigelistor valsedel_goteborgs_stift_backa_lundby_och_torslanda-bjorlandas_valkrets valsedel_goteborgs_stift_domkyrko_och_carl_johans_valkrets valsedel_goteborgs_stift_gota_alvdalen_och_stenungsunds_valkrets valsedel_goteborgs_stift_halmstad_och_laholms_valkrets valsedel_goteborgs_stift_kind_falkenberg_och_varbergs_valkrets valsedel_goteborgs_stift_kungsbacka_mark_och_bollebygds_valkrets valsedel_goteborgs_stift_molndals_partille_och_lerums_valkrets valsedel_goteborgs_stift_norra_bohuslan_och_uddevallas_valkrets valsedel_goteborgs_stift_vastra_frolunda_askim_och_ockeros_valkrets valsedel_goteborgs_stift_orgryte_och_nyloses_valkrets &nbsp; L\u00e4s om stiftsfullm\u00e4ktiges i G\u00f6teborgs stift beslut [&hellip;]","og_url":"https:\/\/www.posk.se\/goteborgsstift\/kyrkoval-2017\/","og_site_name":"STIFTSF\u00d6RENING G\u00f6teborg","article_modified_time":"2018-01-13T19:51:31+00:00","og_image":[{"width":416,"height":198,"url":"https:\/\/www.posk.se\/goteborgsstift\/wp-content\/uploads\/sites\/5\/2017\/08\/valsedlar-2017-2.jpg","type":"image\/jpeg"}],"twitter_card":"summary_large_image","twitter_misc":{"Ber\u00e4knad l\u00e4stid":"1 minut"},"schema":{"@context":"https:\/\/schema.org","@graph":[{"@type":"WebPage","@id":"https:\/\/www.posk.se\/goteborgsstift\/kyrkoval-2017\/","url":"https:\/\/www.posk.se\/goteborgsstift\/kyrkoval-2017\/","name":"Kyrkoval 2017 - STIFTSF\u00d6RENING G\u00f6teborg","isPartOf":{"@id":"https:\/\/www.posk.se\/goteborgsstift\/#website"},"primaryImageOfPage":{"@id":"https:\/\/www.posk.se\/goteborgsstift\/kyrkoval-2017\/#primaryimage"},"image":{"@id":"https:\/\/www.posk.se\/goteborgsstift\/kyrkoval-2017\/#primaryimage"},"thumbnailUrl":"https:\/\/www.posk.se\/goteborgsstift\/wp-content\/uploads\/sites\/5\/2017\/08\/valsedlar-2017-2.jpg","datePublished":"2017-04-15T09:16:39+00:00","dateModified":"2018-01-13T19:51:31+00:00","breadcrumb":{"@id":"https:\/\/www.posk.se\/goteborgsstift\/kyrkoval-2017\/#breadcrumb"},"inLanguage":"sv-SE","potentialAction":[{"@type":"ReadAction","target":["https:\/\/www.posk.se\/goteborgsstift\/kyrkoval-2017\/"]}]},{"@type":"ImageObject","inLanguage":"sv-SE","@id":"https:\/\/www.posk.se\/goteborgsstift\/kyrkoval-2017\/#primaryimage","url":"https:\/\/www.posk.se\/goteborgsstift\/wp-content\/uploads\/sites\/5\/2017\/08\/valsedlar-2017-2.jpg","contentUrl":"https:\/\/www.posk.se\/goteborgsstift\/wp-content\/uploads\/sites\/5\/2017\/08\/valsedlar-2017-2.jpg","width":416,"height":198},{"@type":"BreadcrumbList","@id":"https:\/\/www.posk.se\/goteborgsstift\/kyrkoval-2017\/#breadcrumb","itemListElement":[{"@type":"ListItem","position":1,"name":"Hem","item":"https:\/\/www.posk.se\/goteborgsstift\/"},{"@type":"ListItem","position":2,"name":"Kyrkoval 2017"}]},{"@type":"WebSite","@id":"https:\/\/www.posk.se\/goteborgsstift\/#website","url":"https:\/\/www.posk.se\/goteborgsstift\/","name":"STIFTSF\u00d6RENING G\u00f6teborg","description":"Stiftsf\u00f6reningen f\u00f6r POSK i G\u00f6teborgs stift","potentialAction":[{"@type":"SearchAction","target":{"@type":"EntryPoint","urlTemplate":"https:\/\/www.posk.se\/goteborgsstift\/?s={search_term_string}"},"query-input":{"@type":"PropertyValueSpecification","valueRequired":true,"valueName":"search_term_string"}}],"inLanguage":"sv-SE"}]}},"_links":{"self":[{"href":"https:\/\/www.posk.se\/goteborgsstift\/wp-json\/wp\/v2\/pages\/116","targetHints":{"allow":["GET"]}}],"collection":[{"href":"https:\/\/www.posk.se\/goteborgsstift\/wp-json\/wp\/v2\/pages"}],"about":[{"href":"https:\/\/www.posk.se\/goteborgsstift\/wp-json\/wp\/v2\/types\/page"}],"author":[{"embeddable":true,"href":"https:\/\/www.posk.se\/goteborgsstift\/wp-json\/wp\/v2\/users\/97"}],"replies":[{"embeddable":true,"href":"https:\/\/www.posk.se\/goteborgsstift\/wp-json\/wp\/v2\/comments?post=116"}],"version-history":[{"count":19,"href":"https:\/\/www.posk.se\/goteborgsstift\/wp-json\/wp\/v2\/pages\/116\/revisions"}],"predecessor-version":[{"id":732,"href":"https:\/\/www.posk.se\/goteborgsstift\/wp-json\/wp\/v2\/pages\/116\/revisions\/732"}],"wp:featuredmedia":[{"embeddable":true,"href":"https:\/\/www.posk.se\/goteborgsstift\/wp-json\/wp\/v2\/media\/407"}],"wp:attachment":[{"href":"https:\/\/www.posk.se\/goteborgsstift\/wp-json\/wp\/v2\/media?parent=116"}],"curies":[{"name":"wp","href":"https:\/\/api.w.org\/{rel}","templated":true}]}}