{"id":1086,"date":"2024-10-09T18:32:05","date_gmt":"2024-10-09T16:32:05","guid":{"rendered":"https:\/\/www.posk.se\/goteborgsstift\/?page_id=1086"},"modified":"2025-11-04T11:08:24","modified_gmt":"2025-11-04T10:08:24","slug":"kyrkoval-2025","status":"publish","type":"page","link":"https:\/\/www.posk.se\/goteborgsstift\/kyrkoval-2025\/","title":{"rendered":"Kyrkoval 2025"},"content":{"rendered":"<p>L\u00e4s resultatet f\u00f6r POSK i G\u00f6teborgs stift h\u00e4r: <a href=\"https:\/\/www.posk.se\/goteborgsstift\/wp-content\/uploads\/sites\/5\/2025\/11\/gbg-mandat-stift-2026-2029.pdf\">GBG Mandat Stift 2026-2029<\/a><br \/>\nL\u00e4s listan \u00f6ver f\u00f6rtroendevalda i G\u00f6teborgs stift h\u00e4r: <a href=\"https:\/\/www.posk.se\/goteborgsstift\/wp-content\/uploads\/sites\/5\/2025\/11\/gbg-fortroendevalda-stift-2026-2029.pdf\">GBG F\u00f6rtroendevalda stift 2026-2029<\/a><\/p>\n<p>L\u00e4s resultatet f\u00f6r Kyrkom\u00f6tet h\u00e4r: <a href=\"https:\/\/www.posk.se\/goteborgsstift\/wp-content\/uploads\/sites\/5\/2025\/11\/gbg-mandat-kyrkomotet-2026-2069.pdf\">GBG_ mandat kyrkomotet 2026-2069<\/a><\/p>\n<p>L\u00e4s\u00a0 POSK i G\u00f6teborgs stifts valprogram <a href=\"https:\/\/www.posk.se\/goteborgsstift\/wp-content\/uploads\/sites\/5\/2025\/08\/program-2026-2029-posk-i-goteborgs-stift-for-visning.pdf\">h\u00e4r<\/a> (version f\u00f6r visning) eller <a href=\"https:\/\/www.posk.se\/goteborgsstift\/wp-content\/uploads\/sites\/5\/2025\/08\/program-2026-2029-posk-i-goteborgs-stift-for-utskrift.pdf\">h\u00e4r<\/a> (version f\u00f6r utskrift).<\/p>\n<p>&nbsp;<\/p>\n<p>L\u00e4s v\u00e5ra valsedlar p\u00e5 stiftsniv\u00e5 h\u00e4r:<\/p>\n<p><a href=\"https:\/\/www.posk.se\/goteborgsstift\/wp-content\/uploads\/sites\/5\/2025\/08\/program-2026-2029-posk-i-goteborgs-stift-for-visning.pdf\">Program 2026-2029 POSK i G\u00f6teborgs stift f\u00f6r visning<\/a><\/p>\n<p><a href=\"https:\/\/www.posk.se\/goteborgsstift\/wp-content\/uploads\/sites\/5\/2025\/08\/program-2026-2029-posk-i-goteborgs-stift-for-utskrift.pdf\">Program 2026-2029 POSK i G\u00f6teborgs stift f\u00f6r utskrift<\/a><\/p>\n<p>Kyrkom\u00f6tets valsedel: <a href=\"https:\/\/www.posk.se\/goteborgsstift\/wp-content\/uploads\/sites\/5\/2025\/07\/valsedel-trossamfundet-svenska-kyrkan-goteborgs-stifts-valkrets.pdf\">Valsedel_Trossamfundet_Svenska_kyrkan_G\u00f6teborgs_stifts_valkrets<\/a><\/p>\n<p>Valkretsar i G\u00f6teborgs stift:<br \/>\n<a href=\"https:\/\/www.posk.se\/goteborgsstift\/wp-content\/uploads\/sites\/5\/2025\/07\/valsedel-goteborgs-stift-goteborgs-sodra-valkrets.pdf\">Valsedel_G\u00f6teborgs_stift_G\u00f6teborgs_s\u00f6dra_valkrets<\/a><br \/>\n<a href=\"https:\/\/www.posk.se\/goteborgsstift\/wp-content\/uploads\/sites\/5\/2025\/07\/valsedel-goteborgs-stift-goteborgs-norra-valkrets.pdf\">Valsedel_G\u00f6teborgs_stift_G\u00f6teborgs_norra_valkrets<\/a><br \/>\n<a href=\"https:\/\/www.posk.se\/goteborgsstift\/wp-content\/uploads\/sites\/5\/2025\/07\/valsedel-goteborgs-stift-gota-alvdalens-molndals-och-partille-valkrets.pdf\">Valsedel_G\u00f6teborgs_stift_G\u00f6ta_\u00c4lvdalens,_M\u00f6lndals_och_Partille_valkrets<\/a><br \/>\n<a href=\"https:\/\/www.posk.se\/goteborgsstift\/wp-content\/uploads\/sites\/5\/2025\/07\/valsedel-goteborgs-stift-varbergs-falkenbergs-halmstads-och-laholms-valkrets.pdf\">Valsedel_G\u00f6teborgs_stift_Varbergs,_Falkenbergs,_Halmstads_och_Laholms_valkrets<\/a><br \/>\n<a href=\"https:\/\/www.posk.se\/goteborgsstift\/wp-content\/uploads\/sites\/5\/2025\/07\/valsedel-goteborgs-stift-norra-bohuslan-uddevalla-och-stenungsunds-valkrets.pdf\">Valsedel_G\u00f6teborgs_stift_Norra_Bohusl\u00e4n,_Uddevalla_och_Stenungsunds_valkrets<\/a><br \/>\n<a href=\"https:\/\/www.posk.se\/goteborgsstift\/wp-content\/uploads\/sites\/5\/2025\/07\/valsedel-goteborgs-stift-kungsbacka-marks-och-kinds-valkrets.pdf\">Valsedel_G\u00f6teborgs_stift_Kungsbacka,_Marks_och_Kinds_valkrets<\/a><\/p>\n<p>Valsedlar f\u00f6r POSK i G\u00f6teborgs stifts 24 grupper finns i respektive grupps webbsida,<br \/>\nse \u00a0v\u00e4nster meny.<\/p>\n<p>&nbsp;<\/p>\n<p>Uppdaterat 2025-11-04<\/p>\n","protected":false},"excerpt":{"rendered":"<p>L\u00e4s resultatet f\u00f6r POSK i G\u00f6teborgs stift h\u00e4r: GBG Mandat Stift 2026-2029 L\u00e4s listan \u00f6ver f\u00f6rtroendevalda i G\u00f6teborgs stift h\u00e4r: GBG F\u00f6rtroendevalda stift 2026-2029 L\u00e4s resultatet f\u00f6r Kyrkom\u00f6tet h\u00e4r: GBG_ mandat kyrkomotet 2026-2069 L\u00e4s\u00a0 POSK i G\u00f6teborgs stifts valprogram h\u00e4r (version f\u00f6r visning) eller h\u00e4r (version f\u00f6r utskrift). &nbsp; L\u00e4s v\u00e5ra valsedlar p\u00e5 stiftsniv\u00e5 h\u00e4r: [&hellip;]<\/p>\n","protected":false},"author":97,"featured_media":1099,"parent":0,"menu_order":1,"comment_status":"closed","ping_status":"closed","template":"page-templates\/page-sidebar-left.php","meta":{"_acf_changed":false,"footnotes":""},"class_list":["post-1086","page","type-page","status-publish","has-post-thumbnail","hentry"],"acf":[],"yoast_head":"<!-- This site is optimized with the Yoast SEO plugin v24.9 - https:\/\/yoast.com\/wordpress\/plugins\/seo\/ -->\n<title>Kyrkoval 2025 - STIFTSF\u00d6RENING G\u00f6teborg<\/title>\n<meta name=\"robots\" content=\"index, follow, max-snippet:-1, max-image-preview:large, max-video-preview:-1\" \/>\n<link rel=\"canonical\" href=\"https:\/\/www.posk.se\/goteborgsstift\/kyrkoval-2025\/\" \/>\n<meta property=\"og:locale\" content=\"sv_SE\" \/>\n<meta property=\"og:type\" content=\"article\" \/>\n<meta property=\"og:title\" content=\"Kyrkoval 2025 - STIFTSF\u00d6RENING G\u00f6teborg\" \/>\n<meta property=\"og:description\" content=\"L\u00e4s resultatet f\u00f6r POSK i G\u00f6teborgs stift h\u00e4r: GBG Mandat Stift 2026-2029 L\u00e4s listan \u00f6ver f\u00f6rtroendevalda i G\u00f6teborgs stift h\u00e4r: GBG F\u00f6rtroendevalda stift 2026-2029 L\u00e4s resultatet f\u00f6r Kyrkom\u00f6tet h\u00e4r: GBG_ mandat kyrkomotet 2026-2069 L\u00e4s\u00a0 POSK i G\u00f6teborgs stifts valprogram h\u00e4r (version f\u00f6r visning) eller h\u00e4r (version f\u00f6r utskrift). &nbsp; L\u00e4s v\u00e5ra valsedlar p\u00e5 stiftsniv\u00e5 h\u00e4r: [&hellip;]\" \/>\n<meta property=\"og:url\" content=\"https:\/\/www.posk.se\/goteborgsstift\/kyrkoval-2025\/\" \/>\n<meta property=\"og:site_name\" content=\"STIFTSF\u00d6RENING G\u00f6teborg\" \/>\n<meta property=\"article:modified_time\" content=\"2025-11-04T10:08:24+00:00\" \/>\n<meta property=\"og:image\" content=\"https:\/\/www.posk.se\/goteborgsstift\/wp-content\/uploads\/sites\/5\/2024\/10\/poskplakat-gbg-2021-smalare-3.jpg\" \/>\n\t<meta property=\"og:image:width\" content=\"1417\" \/>\n\t<meta property=\"og:image:height\" content=\"352\" \/>\n\t<meta property=\"og:image:type\" content=\"image\/jpeg\" \/>\n<meta name=\"twitter:card\" content=\"summary_large_image\" \/>\n<meta name=\"twitter:label1\" content=\"Ber\u00e4knad l\u00e4stid\" \/>\n\t<meta name=\"twitter:data1\" content=\"1 minut\" \/>\n<script type=\"application\/ld+json\" class=\"yoast-schema-graph\">{\"@context\":\"https:\/\/schema.org\",\"@graph\":[{\"@type\":\"WebPage\",\"@id\":\"https:\/\/www.posk.se\/goteborgsstift\/kyrkoval-2025\/\",\"url\":\"https:\/\/www.posk.se\/goteborgsstift\/kyrkoval-2025\/\",\"name\":\"Kyrkoval 2025 - STIFTSF\u00d6RENING G\u00f6teborg\",\"isPartOf\":{\"@id\":\"https:\/\/www.posk.se\/goteborgsstift\/#website\"},\"primaryImageOfPage\":{\"@id\":\"https:\/\/www.posk.se\/goteborgsstift\/kyrkoval-2025\/#primaryimage\"},\"image\":{\"@id\":\"https:\/\/www.posk.se\/goteborgsstift\/kyrkoval-2025\/#primaryimage\"},\"thumbnailUrl\":\"https:\/\/www.posk.se\/goteborgsstift\/wp-content\/uploads\/sites\/5\/2024\/10\/poskplakat-gbg-2021-smalare-3.jpg\",\"datePublished\":\"2024-10-09T16:32:05+00:00\",\"dateModified\":\"2025-11-04T10:08:24+00:00\",\"breadcrumb\":{\"@id\":\"https:\/\/www.posk.se\/goteborgsstift\/kyrkoval-2025\/#breadcrumb\"},\"inLanguage\":\"sv-SE\",\"potentialAction\":[{\"@type\":\"ReadAction\",\"target\":[\"https:\/\/www.posk.se\/goteborgsstift\/kyrkoval-2025\/\"]}]},{\"@type\":\"ImageObject\",\"inLanguage\":\"sv-SE\",\"@id\":\"https:\/\/www.posk.se\/goteborgsstift\/kyrkoval-2025\/#primaryimage\",\"url\":\"https:\/\/www.posk.se\/goteborgsstift\/wp-content\/uploads\/sites\/5\/2024\/10\/poskplakat-gbg-2021-smalare-3.jpg\",\"contentUrl\":\"https:\/\/www.posk.se\/goteborgsstift\/wp-content\/uploads\/sites\/5\/2024\/10\/poskplakat-gbg-2021-smalare-3.jpg\",\"width\":1417,\"height\":352},{\"@type\":\"BreadcrumbList\",\"@id\":\"https:\/\/www.posk.se\/goteborgsstift\/kyrkoval-2025\/#breadcrumb\",\"itemListElement\":[{\"@type\":\"ListItem\",\"position\":1,\"name\":\"Hem\",\"item\":\"https:\/\/www.posk.se\/goteborgsstift\/\"},{\"@type\":\"ListItem\",\"position\":2,\"name\":\"Kyrkoval 2025\"}]},{\"@type\":\"WebSite\",\"@id\":\"https:\/\/www.posk.se\/goteborgsstift\/#website\",\"url\":\"https:\/\/www.posk.se\/goteborgsstift\/\",\"name\":\"STIFTSF\u00d6RENING G\u00f6teborg\",\"description\":\"Stiftsf\u00f6reningen f\u00f6r POSK i G\u00f6teborgs stift\",\"potentialAction\":[{\"@type\":\"SearchAction\",\"target\":{\"@type\":\"EntryPoint\",\"urlTemplate\":\"https:\/\/www.posk.se\/goteborgsstift\/?s={search_term_string}\"},\"query-input\":{\"@type\":\"PropertyValueSpecification\",\"valueRequired\":true,\"valueName\":\"search_term_string\"}}],\"inLanguage\":\"sv-SE\"}]}<\/script>\n<!-- \/ Yoast SEO plugin. -->","yoast_head_json":{"title":"Kyrkoval 2025 - STIFTSF\u00d6RENING G\u00f6teborg","robots":{"index":"index","follow":"follow","max-snippet":"max-snippet:-1","max-image-preview":"max-image-preview:large","max-video-preview":"max-video-preview:-1"},"canonical":"https:\/\/www.posk.se\/goteborgsstift\/kyrkoval-2025\/","og_locale":"sv_SE","og_type":"article","og_title":"Kyrkoval 2025 - STIFTSF\u00d6RENING G\u00f6teborg","og_description":"L\u00e4s resultatet f\u00f6r POSK i G\u00f6teborgs stift h\u00e4r: GBG Mandat Stift 2026-2029 L\u00e4s listan \u00f6ver f\u00f6rtroendevalda i G\u00f6teborgs stift h\u00e4r: GBG F\u00f6rtroendevalda stift 2026-2029 L\u00e4s resultatet f\u00f6r Kyrkom\u00f6tet h\u00e4r: GBG_ mandat kyrkomotet 2026-2069 L\u00e4s\u00a0 POSK i G\u00f6teborgs stifts valprogram h\u00e4r (version f\u00f6r visning) eller h\u00e4r (version f\u00f6r utskrift). &nbsp; L\u00e4s v\u00e5ra valsedlar p\u00e5 stiftsniv\u00e5 h\u00e4r: [&hellip;]","og_url":"https:\/\/www.posk.se\/goteborgsstift\/kyrkoval-2025\/","og_site_name":"STIFTSF\u00d6RENING G\u00f6teborg","article_modified_time":"2025-11-04T10:08:24+00:00","og_image":[{"width":1417,"height":352,"url":"https:\/\/www.posk.se\/goteborgsstift\/wp-content\/uploads\/sites\/5\/2024\/10\/poskplakat-gbg-2021-smalare-3.jpg","type":"image\/jpeg"}],"twitter_card":"summary_large_image","twitter_misc":{"Ber\u00e4knad l\u00e4stid":"1 minut"},"schema":{"@context":"https:\/\/schema.org","@graph":[{"@type":"WebPage","@id":"https:\/\/www.posk.se\/goteborgsstift\/kyrkoval-2025\/","url":"https:\/\/www.posk.se\/goteborgsstift\/kyrkoval-2025\/","name":"Kyrkoval 2025 - STIFTSF\u00d6RENING G\u00f6teborg","isPartOf":{"@id":"https:\/\/www.posk.se\/goteborgsstift\/#website"},"primaryImageOfPage":{"@id":"https:\/\/www.posk.se\/goteborgsstift\/kyrkoval-2025\/#primaryimage"},"image":{"@id":"https:\/\/www.posk.se\/goteborgsstift\/kyrkoval-2025\/#primaryimage"},"thumbnailUrl":"https:\/\/www.posk.se\/goteborgsstift\/wp-content\/uploads\/sites\/5\/2024\/10\/poskplakat-gbg-2021-smalare-3.jpg","datePublished":"2024-10-09T16:32:05+00:00","dateModified":"2025-11-04T10:08:24+00:00","breadcrumb":{"@id":"https:\/\/www.posk.se\/goteborgsstift\/kyrkoval-2025\/#breadcrumb"},"inLanguage":"sv-SE","potentialAction":[{"@type":"ReadAction","target":["https:\/\/www.posk.se\/goteborgsstift\/kyrkoval-2025\/"]}]},{"@type":"ImageObject","inLanguage":"sv-SE","@id":"https:\/\/www.posk.se\/goteborgsstift\/kyrkoval-2025\/#primaryimage","url":"https:\/\/www.posk.se\/goteborgsstift\/wp-content\/uploads\/sites\/5\/2024\/10\/poskplakat-gbg-2021-smalare-3.jpg","contentUrl":"https:\/\/www.posk.se\/goteborgsstift\/wp-content\/uploads\/sites\/5\/2024\/10\/poskplakat-gbg-2021-smalare-3.jpg","width":1417,"height":352},{"@type":"BreadcrumbList","@id":"https:\/\/www.posk.se\/goteborgsstift\/kyrkoval-2025\/#breadcrumb","itemListElement":[{"@type":"ListItem","position":1,"name":"Hem","item":"https:\/\/www.posk.se\/goteborgsstift\/"},{"@type":"ListItem","position":2,"name":"Kyrkoval 2025"}]},{"@type":"WebSite","@id":"https:\/\/www.posk.se\/goteborgsstift\/#website","url":"https:\/\/www.posk.se\/goteborgsstift\/","name":"STIFTSF\u00d6RENING G\u00f6teborg","description":"Stiftsf\u00f6reningen f\u00f6r POSK i G\u00f6teborgs stift","potentialAction":[{"@type":"SearchAction","target":{"@type":"EntryPoint","urlTemplate":"https:\/\/www.posk.se\/goteborgsstift\/?s={search_term_string}"},"query-input":{"@type":"PropertyValueSpecification","valueRequired":true,"valueName":"search_term_string"}}],"inLanguage":"sv-SE"}]}},"_links":{"self":[{"href":"https:\/\/www.posk.se\/goteborgsstift\/wp-json\/wp\/v2\/pages\/1086","targetHints":{"allow":["GET"]}}],"collection":[{"href":"https:\/\/www.posk.se\/goteborgsstift\/wp-json\/wp\/v2\/pages"}],"about":[{"href":"https:\/\/www.posk.se\/goteborgsstift\/wp-json\/wp\/v2\/types\/page"}],"author":[{"embeddable":true,"href":"https:\/\/www.posk.se\/goteborgsstift\/wp-json\/wp\/v2\/users\/97"}],"replies":[{"embeddable":true,"href":"https:\/\/www.posk.se\/goteborgsstift\/wp-json\/wp\/v2\/comments?post=1086"}],"version-history":[{"count":20,"href":"https:\/\/www.posk.se\/goteborgsstift\/wp-json\/wp\/v2\/pages\/1086\/revisions"}],"predecessor-version":[{"id":1497,"href":"https:\/\/www.posk.se\/goteborgsstift\/wp-json\/wp\/v2\/pages\/1086\/revisions\/1497"}],"wp:featuredmedia":[{"embeddable":true,"href":"https:\/\/www.posk.se\/goteborgsstift\/wp-json\/wp\/v2\/media\/1099"}],"wp:attachment":[{"href":"https:\/\/www.posk.se\/goteborgsstift\/wp-json\/wp\/v2\/media?parent=1086"}],"curies":[{"name":"wp","href":"https:\/\/api.w.org\/{rel}","templated":true}]}}