{"id":5,"date":"2017-07-01T19:37:07","date_gmt":"2017-07-01T17:37:07","guid":{"rendered":"https:\/\/www.posk.se\/goteborgs-domkyrkopastorat\/?page_id=5"},"modified":"2026-02-15T18:30:58","modified_gmt":"2026-02-15T17:30:58","slug":"startsidan","status":"publish","type":"page","link":"https:\/\/www.posk.se\/goteborgs-domkyrkopastorat\/","title":{"rendered":"G\u00f6teborgs domkyrkopastorat"},"content":{"rendered":"<p><strong>Fr\u00e5n \u00e5r 2018 ing\u00e5r Annedals f\u00f6rsamling, Domkyrkof\u00f6rsamlingen, Haga f\u00f6rsamling, Johannebergs f\u00f6rsamling, Tyska Christinae f\u00f6rsamling och Vasa f\u00f6rsamling i G\u00f6teborgs Domkyrkopastorat.<\/strong><\/p>\n<p><strong>I kyrkovalet i september 2025 fick POSK 19,83% av r\u00f6sterna. Valresultatet innebar sju ordinarie platser och fyra ers\u00e4ttarplatser f\u00f6r POSK i kyrkofullm\u00e4ktige. <\/strong><strong>\u00a0\u00a0<a href=\"https:\/\/www.posk.se\/goteborgs-domkyrkopastorat\/vara-representanter-2022-2025\/\">H\u00e4r <\/a><\/strong><strong><span style=\"font-size: 16px\">finns en beskrivning av hur POSK i G\u00f6teborgs domkyrkopastorat finns representerat p\u00e5 olika niv\u00e5er.<\/span><\/strong><\/p>\n<p><strong><a href=\"https:\/\/www.posk.se\/goteborgs-domkyrkopastorat\/kandidatpresentationer\/\">H\u00e4r<\/a> finns presentationer av v\u00e5ra kandidater inf\u00f6r perioden 2026-2029.<\/strong><\/p>\n<p><strong><span style=\"font-size: 16px\">POSK i G\u00f6teborgs domkyrkopastorat har tagit fram en lokal informationsfolder inf\u00f6r kyrkovalet \u00e5r 2025. Se h\u00e4r <\/span> <a href=\"https:\/\/www.posk.se\/goteborgs-domkyrkopastorat\/wp-content\/uploads\/sites\/234\/2025\/08\/posk-gbgs-domkyrkopastorat-utsida.pdf\">folderns utsida<\/a><span style=\"font-size: 16px\"> och <a href=\"https:\/\/www.posk.se\/goteborgs-domkyrkopastorat\/wp-content\/uploads\/sites\/234\/2025\/08\/posk-gbgs-domkyrkopastorat-insida.pdf\">folderns insida<\/a><\/span><span style=\"font-size: 16px\">.\u00a0<\/span><\/strong><\/p>\n<p><strong>Bli medlem!<\/strong><\/p>\n<p>Bli medlem i POSK i G\u00f6teborgs Domkyrkopastorat genom att betala in \u00e5rsavgiften 150 kronor via swish, nummer 123 210 24 24. Skriv som meddelande:<\/p>\n<ul>\n<li><span style=\"color: black\">2026<\/span><\/li>\n<li><span style=\"color: black\">ditt namn<\/span><\/li>\n<li><span style=\"color: black\">Gbg Domkyrkopastorat<\/span><\/li>\n<\/ul>\n<h4><\/h4>\n<p><strong>Styrelse<\/strong><\/p>\n<p>Styrelse f\u00f6r POSK i G\u00f6teborgs domkyrkopastorat: <a href=\"https:\/\/www.posk.se\/goteborgs-domkyrkopastorat\/styrelse-2018\/\">h\u00e4r<\/a><\/p>\n<p>Kontakt: Ordf\u00f6rande Anna Ekberg, epost: annamariaekberg.ae@gmail.com<\/p>\n<p>&nbsp;<\/p>\n<p>&nbsp;<\/p>\n<div class=\"entry-content\">\n<p>&nbsp;<\/p>\n<\/div>\n","protected":false},"excerpt":{"rendered":"<p>Fr\u00e5n \u00e5r 2018 ing\u00e5r Annedals f\u00f6rsamling, Domkyrkof\u00f6rsamlingen, Haga f\u00f6rsamling, Johannebergs f\u00f6rsamling, Tyska Christinae f\u00f6rsamling och Vasa f\u00f6rsamling i G\u00f6teborgs Domkyrkopastorat. I kyrkovalet i september 2025 fick POSK 19,83% av r\u00f6sterna. Valresultatet innebar sju ordinarie platser och fyra ers\u00e4ttarplatser f\u00f6r POSK i kyrkofullm\u00e4ktige. \u00a0\u00a0H\u00e4r finns en beskrivning av hur POSK i G\u00f6teborgs domkyrkopastorat finns representerat p\u00e5 [&hellip;]<\/p>\n","protected":false},"author":54,"featured_media":0,"parent":0,"menu_order":0,"comment_status":"closed","ping_status":"closed","template":"page-templates\/page-sidebar-left.php","meta":{"_acf_changed":false,"footnotes":""},"class_list":["post-5","page","type-page","status-publish","hentry"],"acf":[],"yoast_head":"<!-- This site is optimized with the Yoast SEO plugin v24.9 - https:\/\/yoast.com\/wordpress\/plugins\/seo\/ -->\n<title>G\u00f6teborgs domkyrkopastorat - G\u00f6teborgs domkyrkopastorat<\/title>\n<meta name=\"robots\" content=\"index, follow, max-snippet:-1, max-image-preview:large, max-video-preview:-1\" \/>\n<link rel=\"canonical\" href=\"https:\/\/www.posk.se\/goteborgs-domkyrkopastorat\/\" \/>\n<meta property=\"og:locale\" content=\"sv_SE\" \/>\n<meta property=\"og:type\" content=\"article\" \/>\n<meta property=\"og:title\" content=\"G\u00f6teborgs domkyrkopastorat - G\u00f6teborgs domkyrkopastorat\" \/>\n<meta property=\"og:description\" content=\"Fr\u00e5n \u00e5r 2018 ing\u00e5r Annedals f\u00f6rsamling, Domkyrkof\u00f6rsamlingen, Haga f\u00f6rsamling, Johannebergs f\u00f6rsamling, Tyska Christinae f\u00f6rsamling och Vasa f\u00f6rsamling i G\u00f6teborgs Domkyrkopastorat. I kyrkovalet i september 2025 fick POSK 19,83% av r\u00f6sterna. Valresultatet innebar sju ordinarie platser och fyra ers\u00e4ttarplatser f\u00f6r POSK i kyrkofullm\u00e4ktige. \u00a0\u00a0H\u00e4r finns en beskrivning av hur POSK i G\u00f6teborgs domkyrkopastorat finns representerat p\u00e5 [&hellip;]\" \/>\n<meta property=\"og:url\" content=\"https:\/\/www.posk.se\/goteborgs-domkyrkopastorat\/\" \/>\n<meta property=\"og:site_name\" content=\"G\u00f6teborgs domkyrkopastorat\" \/>\n<meta property=\"article:modified_time\" content=\"2026-02-15T17:30:58+00:00\" \/>\n<meta name=\"twitter:card\" content=\"summary_large_image\" \/>\n<meta name=\"twitter:label1\" content=\"Ber\u00e4knad l\u00e4stid\" \/>\n\t<meta name=\"twitter:data1\" content=\"1 minut\" \/>\n<script type=\"application\/ld+json\" class=\"yoast-schema-graph\">{\"@context\":\"https:\/\/schema.org\",\"@graph\":[{\"@type\":\"WebPage\",\"@id\":\"https:\/\/www.posk.se\/goteborgs-domkyrkopastorat\/\",\"url\":\"https:\/\/www.posk.se\/goteborgs-domkyrkopastorat\/\",\"name\":\"G\u00f6teborgs domkyrkopastorat - G\u00f6teborgs domkyrkopastorat\",\"isPartOf\":{\"@id\":\"https:\/\/www.posk.se\/goteborgs-domkyrkopastorat\/#website\"},\"datePublished\":\"2017-07-01T17:37:07+00:00\",\"dateModified\":\"2026-02-15T17:30:58+00:00\",\"breadcrumb\":{\"@id\":\"https:\/\/www.posk.se\/goteborgs-domkyrkopastorat\/#breadcrumb\"},\"inLanguage\":\"sv-SE\",\"potentialAction\":[{\"@type\":\"ReadAction\",\"target\":[\"https:\/\/www.posk.se\/goteborgs-domkyrkopastorat\/\"]}]},{\"@type\":\"BreadcrumbList\",\"@id\":\"https:\/\/www.posk.se\/goteborgs-domkyrkopastorat\/#breadcrumb\",\"itemListElement\":[{\"@type\":\"ListItem\",\"position\":1,\"name\":\"Hem\",\"item\":\"https:\/\/www.posk.se\/goteborgs-domkyrkopastorat\/\"},{\"@type\":\"ListItem\",\"position\":2,\"name\":\"G\u00f6teborgs domkyrkopastorat\"}]},{\"@type\":\"WebSite\",\"@id\":\"https:\/\/www.posk.se\/goteborgs-domkyrkopastorat\/#website\",\"url\":\"https:\/\/www.posk.se\/goteborgs-domkyrkopastorat\/\",\"name\":\"G\u00f6teborgs domkyrkopastorat\",\"description\":\"POSK-grupp i G\u00f6teborgs stift\",\"potentialAction\":[{\"@type\":\"SearchAction\",\"target\":{\"@type\":\"EntryPoint\",\"urlTemplate\":\"https:\/\/www.posk.se\/goteborgs-domkyrkopastorat\/?s={search_term_string}\"},\"query-input\":{\"@type\":\"PropertyValueSpecification\",\"valueRequired\":true,\"valueName\":\"search_term_string\"}}],\"inLanguage\":\"sv-SE\"}]}<\/script>\n<!-- \/ Yoast SEO plugin. -->","yoast_head_json":{"title":"G\u00f6teborgs domkyrkopastorat - G\u00f6teborgs domkyrkopastorat","robots":{"index":"index","follow":"follow","max-snippet":"max-snippet:-1","max-image-preview":"max-image-preview:large","max-video-preview":"max-video-preview:-1"},"canonical":"https:\/\/www.posk.se\/goteborgs-domkyrkopastorat\/","og_locale":"sv_SE","og_type":"article","og_title":"G\u00f6teborgs domkyrkopastorat - G\u00f6teborgs domkyrkopastorat","og_description":"Fr\u00e5n \u00e5r 2018 ing\u00e5r Annedals f\u00f6rsamling, Domkyrkof\u00f6rsamlingen, Haga f\u00f6rsamling, Johannebergs f\u00f6rsamling, Tyska Christinae f\u00f6rsamling och Vasa f\u00f6rsamling i G\u00f6teborgs Domkyrkopastorat. I kyrkovalet i september 2025 fick POSK 19,83% av r\u00f6sterna. Valresultatet innebar sju ordinarie platser och fyra ers\u00e4ttarplatser f\u00f6r POSK i kyrkofullm\u00e4ktige. \u00a0\u00a0H\u00e4r finns en beskrivning av hur POSK i G\u00f6teborgs domkyrkopastorat finns representerat p\u00e5 [&hellip;]","og_url":"https:\/\/www.posk.se\/goteborgs-domkyrkopastorat\/","og_site_name":"G\u00f6teborgs domkyrkopastorat","article_modified_time":"2026-02-15T17:30:58+00:00","twitter_card":"summary_large_image","twitter_misc":{"Ber\u00e4knad l\u00e4stid":"1 minut"},"schema":{"@context":"https:\/\/schema.org","@graph":[{"@type":"WebPage","@id":"https:\/\/www.posk.se\/goteborgs-domkyrkopastorat\/","url":"https:\/\/www.posk.se\/goteborgs-domkyrkopastorat\/","name":"G\u00f6teborgs domkyrkopastorat - G\u00f6teborgs domkyrkopastorat","isPartOf":{"@id":"https:\/\/www.posk.se\/goteborgs-domkyrkopastorat\/#website"},"datePublished":"2017-07-01T17:37:07+00:00","dateModified":"2026-02-15T17:30:58+00:00","breadcrumb":{"@id":"https:\/\/www.posk.se\/goteborgs-domkyrkopastorat\/#breadcrumb"},"inLanguage":"sv-SE","potentialAction":[{"@type":"ReadAction","target":["https:\/\/www.posk.se\/goteborgs-domkyrkopastorat\/"]}]},{"@type":"BreadcrumbList","@id":"https:\/\/www.posk.se\/goteborgs-domkyrkopastorat\/#breadcrumb","itemListElement":[{"@type":"ListItem","position":1,"name":"Hem","item":"https:\/\/www.posk.se\/goteborgs-domkyrkopastorat\/"},{"@type":"ListItem","position":2,"name":"G\u00f6teborgs domkyrkopastorat"}]},{"@type":"WebSite","@id":"https:\/\/www.posk.se\/goteborgs-domkyrkopastorat\/#website","url":"https:\/\/www.posk.se\/goteborgs-domkyrkopastorat\/","name":"G\u00f6teborgs domkyrkopastorat","description":"POSK-grupp i G\u00f6teborgs stift","potentialAction":[{"@type":"SearchAction","target":{"@type":"EntryPoint","urlTemplate":"https:\/\/www.posk.se\/goteborgs-domkyrkopastorat\/?s={search_term_string}"},"query-input":{"@type":"PropertyValueSpecification","valueRequired":true,"valueName":"search_term_string"}}],"inLanguage":"sv-SE"}]}},"_links":{"self":[{"href":"https:\/\/www.posk.se\/goteborgs-domkyrkopastorat\/wp-json\/wp\/v2\/pages\/5","targetHints":{"allow":["GET"]}}],"collection":[{"href":"https:\/\/www.posk.se\/goteborgs-domkyrkopastorat\/wp-json\/wp\/v2\/pages"}],"about":[{"href":"https:\/\/www.posk.se\/goteborgs-domkyrkopastorat\/wp-json\/wp\/v2\/types\/page"}],"author":[{"embeddable":true,"href":"https:\/\/www.posk.se\/goteborgs-domkyrkopastorat\/wp-json\/wp\/v2\/users\/54"}],"replies":[{"embeddable":true,"href":"https:\/\/www.posk.se\/goteborgs-domkyrkopastorat\/wp-json\/wp\/v2\/comments?post=5"}],"version-history":[{"count":89,"href":"https:\/\/www.posk.se\/goteborgs-domkyrkopastorat\/wp-json\/wp\/v2\/pages\/5\/revisions"}],"predecessor-version":[{"id":562,"href":"https:\/\/www.posk.se\/goteborgs-domkyrkopastorat\/wp-json\/wp\/v2\/pages\/5\/revisions\/562"}],"wp:attachment":[{"href":"https:\/\/www.posk.se\/goteborgs-domkyrkopastorat\/wp-json\/wp\/v2\/media?parent=5"}],"curies":[{"name":"wp","href":"https:\/\/api.w.org\/{rel}","templated":true}]}}