{"id":306,"date":"2022-03-23T07:01:34","date_gmt":"2022-03-23T06:01:34","guid":{"rendered":"https:\/\/www.posk.se\/goteborgs-domkyrkopastorat\/?page_id=306"},"modified":"2026-02-15T18:30:33","modified_gmt":"2026-02-15T17:30:33","slug":"vara-representanter-2022-2025","status":"publish","type":"page","link":"https:\/\/www.posk.se\/goteborgs-domkyrkopastorat\/vara-representanter-2022-2025\/","title":{"rendered":"V\u00e5ra representanter 2026-2029"},"content":{"rendered":"<p>Resultatet i kyrkovalet i september 2025 gav f\u00f6ljande representation f\u00f6r POSK i G\u00f6teborgs domkyrkopastorat.<\/p>\n<p>Sju ordinarie platser f\u00f6r POSK i kyrkofullm\u00e4ktige:<\/p>\n<ul>\n<li>Anna Ekberg<\/li>\n<li>Michael Ekdahl<\/li>\n<li>Anna Hultin<\/li>\n<li>Kerstin Ekdahl<\/li>\n<li>William Appelquist<\/li>\n<li>Johan Sager<\/li>\n<li>Barbro Forsgren, som ocks\u00e5 \u00e4r ordf\u00f6rande i kyrkofullm\u00e4ktige<\/li>\n<\/ul>\n<p>Ers\u00e4ttare:<\/p>\n<ul>\n<li>Anders Henoch<\/li>\n<li>Anita Esping<\/li>\n<li>Daniel Viklund<\/li>\n<li>Lennart Bj\u00f6rklund<\/li>\n<\/ul>\n<p>POSK:s tre ordinarie platser i kyrkor\u00e5det innehas av Michael Ekdahl (2:e vice ordf.), Anna Ekberg och Susanne Zetterberg Jensen.<\/p>\n<p>POSK \u00e4r ocks\u00e5 representerat i fem av f\u00f6rsamlingsr\u00e5den.<\/p>\n<p>Annedal: Kerstin Ekdahl, Eldrid Etherton Friberg och Karl Sahlin<\/p>\n<p>Domkyrkof\u00f6rsamlingen: Gunilla Ramell<\/p>\n<p>Johanneberg: Anders Henoch<\/p>\n<p>Vasa: Daniel Viklund (ordf.), Anita Esping och Sten Janson. Lennart Bj\u00f6rklund och Anna Ekberg \u00e4r ers\u00e4ttare.<\/p>\n<p>Tyska Christinae: Anna Ekberg, utsedd av kyrkor\u00e5det som adjungerad ledamot, enligt kyrkoordningen<\/p>\n<p>POSK:s representanter i begravningsdelegerade \u00e4r Kerstin Ekdahl och Johan Sager, samt ers\u00e4ttare Lennart Bj\u00f6rklund.<\/p>\n<p>I valn\u00e4mnden har POSK tv\u00e5 representanter: Anders Henoch och Carl Ershag, med Karl Sahlin som ers\u00e4ttare.<\/p>\n<p>Susanne Zetterberg Jensen \u00e4r utsedd till revisor i begravningsdelegerade.<\/p>\n<p>Michael Ekdahl \u00e4r vald som ombud till Svenska kyrkans arbetsgivarkonferens, och Daniel Viklund \u00e4r ers\u00e4ttare.<\/p>\n<p>Anna Ekberg representerar POSK som ordinarie ledamot av G\u00f6teborgs stiftsfullm\u00e4ktige, och \u00e4ven som ers\u00e4ttare i stiftsstyrelsen. Anna Ekberg \u00e4r ocks\u00e5 ordinarie ledamot av kyrkom\u00f6tet.<\/p>\n<p>Sten Janson \u00e4r representant f\u00f6r POSK i domkapitlet.<\/p>\n<p>&nbsp;<\/p>\n","protected":false},"excerpt":{"rendered":"<p>Resultatet i kyrkovalet i september 2025 gav f\u00f6ljande representation f\u00f6r POSK i G\u00f6teborgs domkyrkopastorat. Sju ordinarie platser f\u00f6r POSK i kyrkofullm\u00e4ktige: Anna Ekberg Michael Ekdahl Anna Hultin Kerstin Ekdahl William Appelquist Johan Sager Barbro Forsgren, som ocks\u00e5 \u00e4r ordf\u00f6rande i kyrkofullm\u00e4ktige Ers\u00e4ttare: Anders Henoch Anita Esping Daniel Viklund Lennart Bj\u00f6rklund POSK:s tre ordinarie platser i [&hellip;]<\/p>\n","protected":false},"author":662,"featured_media":0,"parent":0,"menu_order":0,"comment_status":"closed","ping_status":"closed","template":"page-templates\/page-sidebar-left.php","meta":{"_acf_changed":false,"footnotes":""},"class_list":["post-306","page","type-page","status-publish","hentry"],"acf":[],"yoast_head":"<!-- This site is optimized with the Yoast SEO plugin v24.9 - https:\/\/yoast.com\/wordpress\/plugins\/seo\/ -->\n<title>V\u00e5ra representanter 2026-2029 - G\u00f6teborgs domkyrkopastorat<\/title>\n<meta name=\"robots\" content=\"index, follow, max-snippet:-1, max-image-preview:large, max-video-preview:-1\" \/>\n<link rel=\"canonical\" href=\"https:\/\/www.posk.se\/goteborgs-domkyrkopastorat\/vara-representanter-2022-2025\/\" \/>\n<meta property=\"og:locale\" content=\"sv_SE\" \/>\n<meta property=\"og:type\" content=\"article\" \/>\n<meta property=\"og:title\" content=\"V\u00e5ra representanter 2026-2029 - G\u00f6teborgs domkyrkopastorat\" \/>\n<meta property=\"og:description\" content=\"Resultatet i kyrkovalet i september 2025 gav f\u00f6ljande representation f\u00f6r POSK i G\u00f6teborgs domkyrkopastorat. Sju ordinarie platser f\u00f6r POSK i kyrkofullm\u00e4ktige: Anna Ekberg Michael Ekdahl Anna Hultin Kerstin Ekdahl William Appelquist Johan Sager Barbro Forsgren, som ocks\u00e5 \u00e4r ordf\u00f6rande i kyrkofullm\u00e4ktige Ers\u00e4ttare: Anders Henoch Anita Esping Daniel Viklund Lennart Bj\u00f6rklund POSK:s tre ordinarie platser i [&hellip;]\" \/>\n<meta property=\"og:url\" content=\"https:\/\/www.posk.se\/goteborgs-domkyrkopastorat\/vara-representanter-2022-2025\/\" \/>\n<meta property=\"og:site_name\" content=\"G\u00f6teborgs domkyrkopastorat\" \/>\n<meta property=\"article:modified_time\" content=\"2026-02-15T17:30:33+00:00\" \/>\n<meta name=\"twitter:card\" content=\"summary_large_image\" \/>\n<meta name=\"twitter:label1\" content=\"Ber\u00e4knad l\u00e4stid\" \/>\n\t<meta name=\"twitter:data1\" content=\"2 minuter\" \/>\n<script type=\"application\/ld+json\" class=\"yoast-schema-graph\">{\"@context\":\"https:\/\/schema.org\",\"@graph\":[{\"@type\":\"WebPage\",\"@id\":\"https:\/\/www.posk.se\/goteborgs-domkyrkopastorat\/vara-representanter-2022-2025\/\",\"url\":\"https:\/\/www.posk.se\/goteborgs-domkyrkopastorat\/vara-representanter-2022-2025\/\",\"name\":\"V\u00e5ra representanter 2026-2029 - G\u00f6teborgs domkyrkopastorat\",\"isPartOf\":{\"@id\":\"https:\/\/www.posk.se\/goteborgs-domkyrkopastorat\/#website\"},\"datePublished\":\"2022-03-23T06:01:34+00:00\",\"dateModified\":\"2026-02-15T17:30:33+00:00\",\"breadcrumb\":{\"@id\":\"https:\/\/www.posk.se\/goteborgs-domkyrkopastorat\/vara-representanter-2022-2025\/#breadcrumb\"},\"inLanguage\":\"sv-SE\",\"potentialAction\":[{\"@type\":\"ReadAction\",\"target\":[\"https:\/\/www.posk.se\/goteborgs-domkyrkopastorat\/vara-representanter-2022-2025\/\"]}]},{\"@type\":\"BreadcrumbList\",\"@id\":\"https:\/\/www.posk.se\/goteborgs-domkyrkopastorat\/vara-representanter-2022-2025\/#breadcrumb\",\"itemListElement\":[{\"@type\":\"ListItem\",\"position\":1,\"name\":\"Hem\",\"item\":\"https:\/\/www.posk.se\/goteborgs-domkyrkopastorat\/\"},{\"@type\":\"ListItem\",\"position\":2,\"name\":\"V\u00e5ra representanter 2026-2029\"}]},{\"@type\":\"WebSite\",\"@id\":\"https:\/\/www.posk.se\/goteborgs-domkyrkopastorat\/#website\",\"url\":\"https:\/\/www.posk.se\/goteborgs-domkyrkopastorat\/\",\"name\":\"G\u00f6teborgs domkyrkopastorat\",\"description\":\"POSK-grupp i G\u00f6teborgs stift\",\"potentialAction\":[{\"@type\":\"SearchAction\",\"target\":{\"@type\":\"EntryPoint\",\"urlTemplate\":\"https:\/\/www.posk.se\/goteborgs-domkyrkopastorat\/?s={search_term_string}\"},\"query-input\":{\"@type\":\"PropertyValueSpecification\",\"valueRequired\":true,\"valueName\":\"search_term_string\"}}],\"inLanguage\":\"sv-SE\"}]}<\/script>\n<!-- \/ Yoast SEO plugin. -->","yoast_head_json":{"title":"V\u00e5ra representanter 2026-2029 - G\u00f6teborgs domkyrkopastorat","robots":{"index":"index","follow":"follow","max-snippet":"max-snippet:-1","max-image-preview":"max-image-preview:large","max-video-preview":"max-video-preview:-1"},"canonical":"https:\/\/www.posk.se\/goteborgs-domkyrkopastorat\/vara-representanter-2022-2025\/","og_locale":"sv_SE","og_type":"article","og_title":"V\u00e5ra representanter 2026-2029 - G\u00f6teborgs domkyrkopastorat","og_description":"Resultatet i kyrkovalet i september 2025 gav f\u00f6ljande representation f\u00f6r POSK i G\u00f6teborgs domkyrkopastorat. Sju ordinarie platser f\u00f6r POSK i kyrkofullm\u00e4ktige: Anna Ekberg Michael Ekdahl Anna Hultin Kerstin Ekdahl William Appelquist Johan Sager Barbro Forsgren, som ocks\u00e5 \u00e4r ordf\u00f6rande i kyrkofullm\u00e4ktige Ers\u00e4ttare: Anders Henoch Anita Esping Daniel Viklund Lennart Bj\u00f6rklund POSK:s tre ordinarie platser i [&hellip;]","og_url":"https:\/\/www.posk.se\/goteborgs-domkyrkopastorat\/vara-representanter-2022-2025\/","og_site_name":"G\u00f6teborgs domkyrkopastorat","article_modified_time":"2026-02-15T17:30:33+00:00","twitter_card":"summary_large_image","twitter_misc":{"Ber\u00e4knad l\u00e4stid":"2 minuter"},"schema":{"@context":"https:\/\/schema.org","@graph":[{"@type":"WebPage","@id":"https:\/\/www.posk.se\/goteborgs-domkyrkopastorat\/vara-representanter-2022-2025\/","url":"https:\/\/www.posk.se\/goteborgs-domkyrkopastorat\/vara-representanter-2022-2025\/","name":"V\u00e5ra representanter 2026-2029 - G\u00f6teborgs domkyrkopastorat","isPartOf":{"@id":"https:\/\/www.posk.se\/goteborgs-domkyrkopastorat\/#website"},"datePublished":"2022-03-23T06:01:34+00:00","dateModified":"2026-02-15T17:30:33+00:00","breadcrumb":{"@id":"https:\/\/www.posk.se\/goteborgs-domkyrkopastorat\/vara-representanter-2022-2025\/#breadcrumb"},"inLanguage":"sv-SE","potentialAction":[{"@type":"ReadAction","target":["https:\/\/www.posk.se\/goteborgs-domkyrkopastorat\/vara-representanter-2022-2025\/"]}]},{"@type":"BreadcrumbList","@id":"https:\/\/www.posk.se\/goteborgs-domkyrkopastorat\/vara-representanter-2022-2025\/#breadcrumb","itemListElement":[{"@type":"ListItem","position":1,"name":"Hem","item":"https:\/\/www.posk.se\/goteborgs-domkyrkopastorat\/"},{"@type":"ListItem","position":2,"name":"V\u00e5ra representanter 2026-2029"}]},{"@type":"WebSite","@id":"https:\/\/www.posk.se\/goteborgs-domkyrkopastorat\/#website","url":"https:\/\/www.posk.se\/goteborgs-domkyrkopastorat\/","name":"G\u00f6teborgs domkyrkopastorat","description":"POSK-grupp i G\u00f6teborgs stift","potentialAction":[{"@type":"SearchAction","target":{"@type":"EntryPoint","urlTemplate":"https:\/\/www.posk.se\/goteborgs-domkyrkopastorat\/?s={search_term_string}"},"query-input":{"@type":"PropertyValueSpecification","valueRequired":true,"valueName":"search_term_string"}}],"inLanguage":"sv-SE"}]}},"_links":{"self":[{"href":"https:\/\/www.posk.se\/goteborgs-domkyrkopastorat\/wp-json\/wp\/v2\/pages\/306","targetHints":{"allow":["GET"]}}],"collection":[{"href":"https:\/\/www.posk.se\/goteborgs-domkyrkopastorat\/wp-json\/wp\/v2\/pages"}],"about":[{"href":"https:\/\/www.posk.se\/goteborgs-domkyrkopastorat\/wp-json\/wp\/v2\/types\/page"}],"author":[{"embeddable":true,"href":"https:\/\/www.posk.se\/goteborgs-domkyrkopastorat\/wp-json\/wp\/v2\/users\/662"}],"replies":[{"embeddable":true,"href":"https:\/\/www.posk.se\/goteborgs-domkyrkopastorat\/wp-json\/wp\/v2\/comments?post=306"}],"version-history":[{"count":16,"href":"https:\/\/www.posk.se\/goteborgs-domkyrkopastorat\/wp-json\/wp\/v2\/pages\/306\/revisions"}],"predecessor-version":[{"id":561,"href":"https:\/\/www.posk.se\/goteborgs-domkyrkopastorat\/wp-json\/wp\/v2\/pages\/306\/revisions\/561"}],"wp:attachment":[{"href":"https:\/\/www.posk.se\/goteborgs-domkyrkopastorat\/wp-json\/wp\/v2\/media?parent=306"}],"curies":[{"name":"wp","href":"https:\/\/api.w.org\/{rel}","templated":true}]}}