{"id":275,"date":"2021-08-19T23:02:32","date_gmt":"2021-08-19T21:02:32","guid":{"rendered":"https:\/\/www.posk.se\/goteborgs-domkyrkopastorat\/?page_id=275"},"modified":"2025-08-06T00:31:37","modified_gmt":"2025-08-05T22:31:37","slug":"var-valsedel-2021","status":"publish","type":"page","link":"https:\/\/www.posk.se\/goteborgs-domkyrkopastorat\/var-valsedel-2021\/","title":{"rendered":"V\u00e5r valsedel 2025"},"content":{"rendered":"<p><strong>H\u00e4r \u00e4r v\u00e5r valsedel f\u00f6r kyrkovalet \u00e5r 2025. Kandidaterna finns presenterade under egen rubrik<\/strong>.<\/p>\n<p><a href=\"https:\/\/www.posk.se\/goteborgs-domkyrkopastorat\/wp-content\/uploads\/sites\/234\/2025\/08\/valsedel-domkyrkopastoratet-domkyrkopastoratets-valkrets.pdf\">Valsedel_Domkyrkopastoratet_Domkyrkopastoratets_valkrets<\/a><\/p>\n","protected":false},"excerpt":{"rendered":"<p>H\u00e4r \u00e4r v\u00e5r valsedel f\u00f6r kyrkovalet \u00e5r 2025. Kandidaterna finns presenterade under egen rubrik. Valsedel_Domkyrkopastoratet_Domkyrkopastoratets_valkrets<\/p>\n","protected":false},"author":662,"featured_media":0,"parent":0,"menu_order":1,"comment_status":"closed","ping_status":"closed","template":"page-templates\/page-sidebar-left.php","meta":{"_acf_changed":false,"footnotes":""},"class_list":["post-275","page","type-page","status-publish","hentry"],"acf":[],"yoast_head":"<!-- This site is optimized with the Yoast SEO plugin v24.9 - https:\/\/yoast.com\/wordpress\/plugins\/seo\/ -->\n<title>V\u00e5r valsedel 2025 - G\u00f6teborgs domkyrkopastorat<\/title>\n<meta name=\"robots\" content=\"index, follow, max-snippet:-1, max-image-preview:large, max-video-preview:-1\" \/>\n<link rel=\"canonical\" href=\"https:\/\/www.posk.se\/goteborgs-domkyrkopastorat\/var-valsedel-2021\/\" \/>\n<meta property=\"og:locale\" content=\"sv_SE\" \/>\n<meta property=\"og:type\" content=\"article\" \/>\n<meta property=\"og:title\" content=\"V\u00e5r valsedel 2025 - G\u00f6teborgs domkyrkopastorat\" \/>\n<meta property=\"og:description\" content=\"H\u00e4r \u00e4r v\u00e5r valsedel f\u00f6r kyrkovalet \u00e5r 2025. Kandidaterna finns presenterade under egen rubrik. Valsedel_Domkyrkopastoratet_Domkyrkopastoratets_valkrets\" \/>\n<meta property=\"og:url\" content=\"https:\/\/www.posk.se\/goteborgs-domkyrkopastorat\/var-valsedel-2021\/\" \/>\n<meta property=\"og:site_name\" content=\"G\u00f6teborgs domkyrkopastorat\" \/>\n<meta property=\"article:modified_time\" content=\"2025-08-05T22:31:37+00:00\" \/>\n<meta name=\"twitter:card\" content=\"summary_large_image\" \/>\n<meta name=\"twitter:label1\" content=\"Ber\u00e4knad l\u00e4stid\" \/>\n\t<meta name=\"twitter:data1\" content=\"1 minut\" \/>\n<script type=\"application\/ld+json\" class=\"yoast-schema-graph\">{\"@context\":\"https:\/\/schema.org\",\"@graph\":[{\"@type\":\"WebPage\",\"@id\":\"https:\/\/www.posk.se\/goteborgs-domkyrkopastorat\/var-valsedel-2021\/\",\"url\":\"https:\/\/www.posk.se\/goteborgs-domkyrkopastorat\/var-valsedel-2021\/\",\"name\":\"V\u00e5r valsedel 2025 - G\u00f6teborgs domkyrkopastorat\",\"isPartOf\":{\"@id\":\"https:\/\/www.posk.se\/goteborgs-domkyrkopastorat\/#website\"},\"datePublished\":\"2021-08-19T21:02:32+00:00\",\"dateModified\":\"2025-08-05T22:31:37+00:00\",\"breadcrumb\":{\"@id\":\"https:\/\/www.posk.se\/goteborgs-domkyrkopastorat\/var-valsedel-2021\/#breadcrumb\"},\"inLanguage\":\"sv-SE\",\"potentialAction\":[{\"@type\":\"ReadAction\",\"target\":[\"https:\/\/www.posk.se\/goteborgs-domkyrkopastorat\/var-valsedel-2021\/\"]}]},{\"@type\":\"BreadcrumbList\",\"@id\":\"https:\/\/www.posk.se\/goteborgs-domkyrkopastorat\/var-valsedel-2021\/#breadcrumb\",\"itemListElement\":[{\"@type\":\"ListItem\",\"position\":1,\"name\":\"Hem\",\"item\":\"https:\/\/www.posk.se\/goteborgs-domkyrkopastorat\/\"},{\"@type\":\"ListItem\",\"position\":2,\"name\":\"V\u00e5r valsedel 2025\"}]},{\"@type\":\"WebSite\",\"@id\":\"https:\/\/www.posk.se\/goteborgs-domkyrkopastorat\/#website\",\"url\":\"https:\/\/www.posk.se\/goteborgs-domkyrkopastorat\/\",\"name\":\"G\u00f6teborgs domkyrkopastorat\",\"description\":\"POSK-grupp i G\u00f6teborgs stift\",\"potentialAction\":[{\"@type\":\"SearchAction\",\"target\":{\"@type\":\"EntryPoint\",\"urlTemplate\":\"https:\/\/www.posk.se\/goteborgs-domkyrkopastorat\/?s={search_term_string}\"},\"query-input\":{\"@type\":\"PropertyValueSpecification\",\"valueRequired\":true,\"valueName\":\"search_term_string\"}}],\"inLanguage\":\"sv-SE\"}]}<\/script>\n<!-- \/ Yoast SEO plugin. -->","yoast_head_json":{"title":"V\u00e5r valsedel 2025 - G\u00f6teborgs domkyrkopastorat","robots":{"index":"index","follow":"follow","max-snippet":"max-snippet:-1","max-image-preview":"max-image-preview:large","max-video-preview":"max-video-preview:-1"},"canonical":"https:\/\/www.posk.se\/goteborgs-domkyrkopastorat\/var-valsedel-2021\/","og_locale":"sv_SE","og_type":"article","og_title":"V\u00e5r valsedel 2025 - G\u00f6teborgs domkyrkopastorat","og_description":"H\u00e4r \u00e4r v\u00e5r valsedel f\u00f6r kyrkovalet \u00e5r 2025. Kandidaterna finns presenterade under egen rubrik. Valsedel_Domkyrkopastoratet_Domkyrkopastoratets_valkrets","og_url":"https:\/\/www.posk.se\/goteborgs-domkyrkopastorat\/var-valsedel-2021\/","og_site_name":"G\u00f6teborgs domkyrkopastorat","article_modified_time":"2025-08-05T22:31:37+00:00","twitter_card":"summary_large_image","twitter_misc":{"Ber\u00e4knad l\u00e4stid":"1 minut"},"schema":{"@context":"https:\/\/schema.org","@graph":[{"@type":"WebPage","@id":"https:\/\/www.posk.se\/goteborgs-domkyrkopastorat\/var-valsedel-2021\/","url":"https:\/\/www.posk.se\/goteborgs-domkyrkopastorat\/var-valsedel-2021\/","name":"V\u00e5r valsedel 2025 - G\u00f6teborgs domkyrkopastorat","isPartOf":{"@id":"https:\/\/www.posk.se\/goteborgs-domkyrkopastorat\/#website"},"datePublished":"2021-08-19T21:02:32+00:00","dateModified":"2025-08-05T22:31:37+00:00","breadcrumb":{"@id":"https:\/\/www.posk.se\/goteborgs-domkyrkopastorat\/var-valsedel-2021\/#breadcrumb"},"inLanguage":"sv-SE","potentialAction":[{"@type":"ReadAction","target":["https:\/\/www.posk.se\/goteborgs-domkyrkopastorat\/var-valsedel-2021\/"]}]},{"@type":"BreadcrumbList","@id":"https:\/\/www.posk.se\/goteborgs-domkyrkopastorat\/var-valsedel-2021\/#breadcrumb","itemListElement":[{"@type":"ListItem","position":1,"name":"Hem","item":"https:\/\/www.posk.se\/goteborgs-domkyrkopastorat\/"},{"@type":"ListItem","position":2,"name":"V\u00e5r valsedel 2025"}]},{"@type":"WebSite","@id":"https:\/\/www.posk.se\/goteborgs-domkyrkopastorat\/#website","url":"https:\/\/www.posk.se\/goteborgs-domkyrkopastorat\/","name":"G\u00f6teborgs domkyrkopastorat","description":"POSK-grupp i G\u00f6teborgs stift","potentialAction":[{"@type":"SearchAction","target":{"@type":"EntryPoint","urlTemplate":"https:\/\/www.posk.se\/goteborgs-domkyrkopastorat\/?s={search_term_string}"},"query-input":{"@type":"PropertyValueSpecification","valueRequired":true,"valueName":"search_term_string"}}],"inLanguage":"sv-SE"}]}},"_links":{"self":[{"href":"https:\/\/www.posk.se\/goteborgs-domkyrkopastorat\/wp-json\/wp\/v2\/pages\/275","targetHints":{"allow":["GET"]}}],"collection":[{"href":"https:\/\/www.posk.se\/goteborgs-domkyrkopastorat\/wp-json\/wp\/v2\/pages"}],"about":[{"href":"https:\/\/www.posk.se\/goteborgs-domkyrkopastorat\/wp-json\/wp\/v2\/types\/page"}],"author":[{"embeddable":true,"href":"https:\/\/www.posk.se\/goteborgs-domkyrkopastorat\/wp-json\/wp\/v2\/users\/662"}],"replies":[{"embeddable":true,"href":"https:\/\/www.posk.se\/goteborgs-domkyrkopastorat\/wp-json\/wp\/v2\/comments?post=275"}],"version-history":[{"count":18,"href":"https:\/\/www.posk.se\/goteborgs-domkyrkopastorat\/wp-json\/wp\/v2\/pages\/275\/revisions"}],"predecessor-version":[{"id":533,"href":"https:\/\/www.posk.se\/goteborgs-domkyrkopastorat\/wp-json\/wp\/v2\/pages\/275\/revisions\/533"}],"wp:attachment":[{"href":"https:\/\/www.posk.se\/goteborgs-domkyrkopastorat\/wp-json\/wp\/v2\/media?parent=275"}],"curies":[{"name":"wp","href":"https:\/\/api.w.org\/{rel}","templated":true}]}}