{"id":26,"date":"2016-07-15T17:53:34","date_gmt":"2016-07-15T15:53:34","guid":{"rendered":"https:\/\/www.posk.se\/gbg-kyrkliga-samfallighet\/?page_id=26"},"modified":"2025-07-30T12:05:40","modified_gmt":"2025-07-30T10:05:40","slug":"startsidan-2","status":"publish","type":"page","link":"https:\/\/www.posk.se\/goteborg\/","title":{"rendered":"Startsidan"},"content":{"rendered":"<p>POSK-grupper i G\u00f6teborg:<\/p>\n<p><a href=\"https:\/\/www.posk.se\/askim\/\">Askims f\u00f6rsamling<\/a><\/p>\n<p><a href=\"https:\/\/www.posk.se\/backa-pastorat\/\">Backa pastorat<\/a><\/p>\n<p style=\"padding-left: 40px\">Backa f\u00f6rsamling<br \/>\nTuve-S\u00e4ve f\u00f6rsamling<\/p>\n<p><a href=\"https:\/\/www.posk.se\/carl-johans-pastorat\/\">Carl Johans pastorat<\/a><\/p>\n<p style=\"padding-left: 40px\">Carl Johans f\u00f6rsamling<br \/>\nH\u00f6gsbo f\u00f6rsamling<br \/>\nMasthuggs f\u00f6rsamling<br \/>\nOscar Fredriks f\u00f6rsamling<\/p>\n<p><a href=\"https:\/\/www.posk.se\/goteborgs-domkyrkopastorat\/\">G\u00f6teborgs domkyrkopastorat<\/a><\/p>\n<p style=\"padding-left: 40px\">Annedals f\u00f6rsamling<br \/>\nDomkyrkof\u00f6rsamlingen<br \/>\nHaga f\u00f6rsamling<br \/>\nJohannebergs f\u00f6rsamling<br \/>\nVasa f\u00f6rsamling<br \/>\nTyska Christinae f\u00f6rsamling<\/p>\n<p><a href=\"https:\/\/www.posk.se\/lundby\/\">Lundby f\u00f6rsamling<\/a><\/p>\n<p><a href=\"https:\/\/www.posk.se\/nylose-pastorat\/\">Nyl\u00f6se pastorat<\/a><\/p>\n<p style=\"padding-left: 40px\">Angereds f\u00f6rsamling<br \/>\nBergsj\u00f6ns f\u00f6rsamling<br \/>\nKortedala f\u00f6rsamling<br \/>\nNyl\u00f6se f\u00f6rsamling<\/p>\n<p><a href=\"https:\/\/www.posk.se\/torslanda-bjorlanda\/\">Torslanda-Bj\u00f6rlanda f\u00f6rsamling<\/a><\/p>\n<p><a href=\"https:\/\/www.posk.se\/vastra-frolunda-pastorat\/\">V\u00e4stra Fr\u00f6lunda pastorat<\/a><\/p>\n<p style=\"padding-left: 40px\">N\u00e4sets f\u00f6rsamling<br \/>\nStyrs\u00f6 f\u00f6rsamling<br \/>\nTynnereds f\u00f6rsamling<br \/>\nV\u00e4stra Fr\u00f6lunda f\u00f6rsamling<br \/>\n\u00c4lvsborgs f\u00f6rsamling<\/p>\n<p>&nbsp;<\/p>\n<p><a href=\"https:\/\/www.posk.se\/orgryte-pastorat\/\">\u00d6rgryte pastorat<\/a><\/p>\n<p style=\"padding-left: 40px\">Bj\u00f6rkek\u00e4rrs f\u00f6rsamling<br \/>\nH\u00e4rlanda f\u00f6rsamling<br \/>\nSankt Pauli f\u00f6rsamling<br \/>\n\u00d6rgryte f\u00f6rsamling<\/p>\n<p>&nbsp;<\/p>\n","protected":false},"excerpt":{"rendered":"<p>POSK-grupper i G\u00f6teborg: Askims f\u00f6rsamling Backa pastorat Backa f\u00f6rsamling Tuve-S\u00e4ve f\u00f6rsamling Carl Johans pastorat Carl Johans f\u00f6rsamling H\u00f6gsbo f\u00f6rsamling Masthuggs f\u00f6rsamling Oscar Fredriks f\u00f6rsamling G\u00f6teborgs domkyrkopastorat Annedals f\u00f6rsamling Domkyrkof\u00f6rsamlingen Haga f\u00f6rsamling Johannebergs f\u00f6rsamling Vasa f\u00f6rsamling Tyska Christinae f\u00f6rsamling Lundby f\u00f6rsamling Nyl\u00f6se pastorat Angereds f\u00f6rsamling Bergsj\u00f6ns f\u00f6rsamling Kortedala f\u00f6rsamling Nyl\u00f6se f\u00f6rsamling Torslanda-Bj\u00f6rlanda f\u00f6rsamling V\u00e4stra Fr\u00f6lunda pastorat [&hellip;]<\/p>\n","protected":false},"author":54,"featured_media":58,"parent":0,"menu_order":0,"comment_status":"closed","ping_status":"closed","template":"page-templates\/page-sidebar-left.php","meta":{"_acf_changed":false,"footnotes":""},"class_list":["post-26","page","type-page","status-publish","has-post-thumbnail","hentry"],"acf":[],"yoast_head":"<!-- This site is optimized with the Yoast SEO plugin v24.9 - https:\/\/yoast.com\/wordpress\/plugins\/seo\/ -->\n<title>Startsidan - G\u00f6teborg<\/title>\n<meta name=\"robots\" content=\"index, follow, max-snippet:-1, max-image-preview:large, max-video-preview:-1\" \/>\n<link rel=\"canonical\" href=\"https:\/\/www.posk.se\/goteborg\/\" \/>\n<meta property=\"og:locale\" content=\"sv_SE\" \/>\n<meta property=\"og:type\" content=\"article\" \/>\n<meta property=\"og:title\" content=\"Startsidan - G\u00f6teborg\" \/>\n<meta property=\"og:description\" content=\"POSK-grupper i G\u00f6teborg: Askims f\u00f6rsamling Backa pastorat Backa f\u00f6rsamling Tuve-S\u00e4ve f\u00f6rsamling Carl Johans pastorat Carl Johans f\u00f6rsamling H\u00f6gsbo f\u00f6rsamling Masthuggs f\u00f6rsamling Oscar Fredriks f\u00f6rsamling G\u00f6teborgs domkyrkopastorat Annedals f\u00f6rsamling Domkyrkof\u00f6rsamlingen Haga f\u00f6rsamling Johannebergs f\u00f6rsamling Vasa f\u00f6rsamling Tyska Christinae f\u00f6rsamling Lundby f\u00f6rsamling Nyl\u00f6se pastorat Angereds f\u00f6rsamling Bergsj\u00f6ns f\u00f6rsamling Kortedala f\u00f6rsamling Nyl\u00f6se f\u00f6rsamling Torslanda-Bj\u00f6rlanda f\u00f6rsamling V\u00e4stra Fr\u00f6lunda pastorat [&hellip;]\" \/>\n<meta property=\"og:url\" content=\"https:\/\/www.posk.se\/goteborg\/\" \/>\n<meta property=\"og:site_name\" content=\"G\u00f6teborg\" \/>\n<meta property=\"article:modified_time\" content=\"2025-07-30T10:05:40+00:00\" \/>\n<meta property=\"og:image\" content=\"https:\/\/www.posk.se\/goteborg\/wp-content\/uploads\/sites\/22\/2017\/08\/img_1752-768x1024.jpg\" \/>\n\t<meta property=\"og:image:width\" content=\"768\" \/>\n\t<meta property=\"og:image:height\" content=\"1024\" \/>\n\t<meta property=\"og:image:type\" content=\"image\/jpeg\" \/>\n<meta name=\"twitter:card\" content=\"summary_large_image\" \/>\n<meta name=\"twitter:label1\" content=\"Ber\u00e4knad l\u00e4stid\" \/>\n\t<meta name=\"twitter:data1\" content=\"1 minut\" \/>\n<script type=\"application\/ld+json\" class=\"yoast-schema-graph\">{\"@context\":\"https:\/\/schema.org\",\"@graph\":[{\"@type\":\"WebPage\",\"@id\":\"https:\/\/www.posk.se\/goteborg\/\",\"url\":\"https:\/\/www.posk.se\/goteborg\/\",\"name\":\"Startsidan - G\u00f6teborg\",\"isPartOf\":{\"@id\":\"https:\/\/www.posk.se\/goteborg\/#website\"},\"primaryImageOfPage\":{\"@id\":\"https:\/\/www.posk.se\/goteborg\/#primaryimage\"},\"image\":{\"@id\":\"https:\/\/www.posk.se\/goteborg\/#primaryimage\"},\"thumbnailUrl\":\"https:\/\/www.posk.se\/goteborg\/wp-content\/uploads\/sites\/22\/2017\/08\/img_1752.jpg\",\"datePublished\":\"2016-07-15T15:53:34+00:00\",\"dateModified\":\"2025-07-30T10:05:40+00:00\",\"breadcrumb\":{\"@id\":\"https:\/\/www.posk.se\/goteborg\/#breadcrumb\"},\"inLanguage\":\"sv-SE\",\"potentialAction\":[{\"@type\":\"ReadAction\",\"target\":[\"https:\/\/www.posk.se\/goteborg\/\"]}]},{\"@type\":\"ImageObject\",\"inLanguage\":\"sv-SE\",\"@id\":\"https:\/\/www.posk.se\/goteborg\/#primaryimage\",\"url\":\"https:\/\/www.posk.se\/goteborg\/wp-content\/uploads\/sites\/22\/2017\/08\/img_1752.jpg\",\"contentUrl\":\"https:\/\/www.posk.se\/goteborg\/wp-content\/uploads\/sites\/22\/2017\/08\/img_1752.jpg\",\"width\":3024,\"height\":4032},{\"@type\":\"BreadcrumbList\",\"@id\":\"https:\/\/www.posk.se\/goteborg\/#breadcrumb\",\"itemListElement\":[{\"@type\":\"ListItem\",\"position\":1,\"name\":\"Hem\",\"item\":\"https:\/\/www.posk.se\/goteborg\/\"},{\"@type\":\"ListItem\",\"position\":2,\"name\":\"Startsidan\"}]},{\"@type\":\"WebSite\",\"@id\":\"https:\/\/www.posk.se\/goteborg\/#website\",\"url\":\"https:\/\/www.posk.se\/goteborg\/\",\"name\":\"G\u00f6teborg\",\"description\":\"POSK-grupp i G\u00f6teborgs stift\",\"potentialAction\":[{\"@type\":\"SearchAction\",\"target\":{\"@type\":\"EntryPoint\",\"urlTemplate\":\"https:\/\/www.posk.se\/goteborg\/?s={search_term_string}\"},\"query-input\":{\"@type\":\"PropertyValueSpecification\",\"valueRequired\":true,\"valueName\":\"search_term_string\"}}],\"inLanguage\":\"sv-SE\"}]}<\/script>\n<!-- \/ Yoast SEO plugin. -->","yoast_head_json":{"title":"Startsidan - G\u00f6teborg","robots":{"index":"index","follow":"follow","max-snippet":"max-snippet:-1","max-image-preview":"max-image-preview:large","max-video-preview":"max-video-preview:-1"},"canonical":"https:\/\/www.posk.se\/goteborg\/","og_locale":"sv_SE","og_type":"article","og_title":"Startsidan - G\u00f6teborg","og_description":"POSK-grupper i G\u00f6teborg: Askims f\u00f6rsamling Backa pastorat Backa f\u00f6rsamling Tuve-S\u00e4ve f\u00f6rsamling Carl Johans pastorat Carl Johans f\u00f6rsamling H\u00f6gsbo f\u00f6rsamling Masthuggs f\u00f6rsamling Oscar Fredriks f\u00f6rsamling G\u00f6teborgs domkyrkopastorat Annedals f\u00f6rsamling Domkyrkof\u00f6rsamlingen Haga f\u00f6rsamling Johannebergs f\u00f6rsamling Vasa f\u00f6rsamling Tyska Christinae f\u00f6rsamling Lundby f\u00f6rsamling Nyl\u00f6se pastorat Angereds f\u00f6rsamling Bergsj\u00f6ns f\u00f6rsamling Kortedala f\u00f6rsamling Nyl\u00f6se f\u00f6rsamling Torslanda-Bj\u00f6rlanda f\u00f6rsamling V\u00e4stra Fr\u00f6lunda pastorat [&hellip;]","og_url":"https:\/\/www.posk.se\/goteborg\/","og_site_name":"G\u00f6teborg","article_modified_time":"2025-07-30T10:05:40+00:00","og_image":[{"width":768,"height":1024,"url":"https:\/\/www.posk.se\/goteborg\/wp-content\/uploads\/sites\/22\/2017\/08\/img_1752-768x1024.jpg","type":"image\/jpeg"}],"twitter_card":"summary_large_image","twitter_misc":{"Ber\u00e4knad l\u00e4stid":"1 minut"},"schema":{"@context":"https:\/\/schema.org","@graph":[{"@type":"WebPage","@id":"https:\/\/www.posk.se\/goteborg\/","url":"https:\/\/www.posk.se\/goteborg\/","name":"Startsidan - G\u00f6teborg","isPartOf":{"@id":"https:\/\/www.posk.se\/goteborg\/#website"},"primaryImageOfPage":{"@id":"https:\/\/www.posk.se\/goteborg\/#primaryimage"},"image":{"@id":"https:\/\/www.posk.se\/goteborg\/#primaryimage"},"thumbnailUrl":"https:\/\/www.posk.se\/goteborg\/wp-content\/uploads\/sites\/22\/2017\/08\/img_1752.jpg","datePublished":"2016-07-15T15:53:34+00:00","dateModified":"2025-07-30T10:05:40+00:00","breadcrumb":{"@id":"https:\/\/www.posk.se\/goteborg\/#breadcrumb"},"inLanguage":"sv-SE","potentialAction":[{"@type":"ReadAction","target":["https:\/\/www.posk.se\/goteborg\/"]}]},{"@type":"ImageObject","inLanguage":"sv-SE","@id":"https:\/\/www.posk.se\/goteborg\/#primaryimage","url":"https:\/\/www.posk.se\/goteborg\/wp-content\/uploads\/sites\/22\/2017\/08\/img_1752.jpg","contentUrl":"https:\/\/www.posk.se\/goteborg\/wp-content\/uploads\/sites\/22\/2017\/08\/img_1752.jpg","width":3024,"height":4032},{"@type":"BreadcrumbList","@id":"https:\/\/www.posk.se\/goteborg\/#breadcrumb","itemListElement":[{"@type":"ListItem","position":1,"name":"Hem","item":"https:\/\/www.posk.se\/goteborg\/"},{"@type":"ListItem","position":2,"name":"Startsidan"}]},{"@type":"WebSite","@id":"https:\/\/www.posk.se\/goteborg\/#website","url":"https:\/\/www.posk.se\/goteborg\/","name":"G\u00f6teborg","description":"POSK-grupp i G\u00f6teborgs stift","potentialAction":[{"@type":"SearchAction","target":{"@type":"EntryPoint","urlTemplate":"https:\/\/www.posk.se\/goteborg\/?s={search_term_string}"},"query-input":{"@type":"PropertyValueSpecification","valueRequired":true,"valueName":"search_term_string"}}],"inLanguage":"sv-SE"}]}},"_links":{"self":[{"href":"https:\/\/www.posk.se\/goteborg\/wp-json\/wp\/v2\/pages\/26","targetHints":{"allow":["GET"]}}],"collection":[{"href":"https:\/\/www.posk.se\/goteborg\/wp-json\/wp\/v2\/pages"}],"about":[{"href":"https:\/\/www.posk.se\/goteborg\/wp-json\/wp\/v2\/types\/page"}],"author":[{"embeddable":true,"href":"https:\/\/www.posk.se\/goteborg\/wp-json\/wp\/v2\/users\/54"}],"replies":[{"embeddable":true,"href":"https:\/\/www.posk.se\/goteborg\/wp-json\/wp\/v2\/comments?post=26"}],"version-history":[{"count":35,"href":"https:\/\/www.posk.se\/goteborg\/wp-json\/wp\/v2\/pages\/26\/revisions"}],"predecessor-version":[{"id":78,"href":"https:\/\/www.posk.se\/goteborg\/wp-json\/wp\/v2\/pages\/26\/revisions\/78"}],"wp:featuredmedia":[{"embeddable":true,"href":"https:\/\/www.posk.se\/goteborg\/wp-json\/wp\/v2\/media\/58"}],"wp:attachment":[{"href":"https:\/\/www.posk.se\/goteborg\/wp-json\/wp\/v2\/media?parent=26"}],"curies":[{"name":"wp","href":"https:\/\/api.w.org\/{rel}","templated":true}]}}